{"id":35547,"date":"2021-09-26T16:55:43","date_gmt":"2021-09-26T14:55:43","guid":{"rendered":"https:\/\/www.uhl-menu.com\/visning-af-bord\/"},"modified":"2025-01-21T10:14:44","modified_gmt":"2025-01-21T09:14:44","slug":"visning-af-bord","status":"publish","type":"page","link":"https:\/\/www.uhl-menu.com\/da\/visning-af-bord\/","title":{"rendered":"Visning af bord"},"content":{"rendered":"","protected":false},"excerpt":{"rendered":"","protected":false},"author":1,"featured_media":35551,"parent":0,"menu_order":6,"comment_status":"closed","ping_status":"closed","template":"","meta":{"_acf_changed":false,"footnotes":""},"class_list":["post-35547","page","type-page","status-publish","has-post-thumbnail","hentry"],"acf":[],"yoast_head":"<!-- This site is optimized with the Yoast SEO plugin v26.0 - https:\/\/yoast.com\/wordpress\/plugins\/seo\/ -->\n<title>\u27a1\ufe0f \u1455\u2776\u1450 UHL-borddisplay V\u00e6r til stede med stil nu<\/title>\n<meta name=\"description\" content=\"\u276d\u276d\u276dBorddisplays i h\u00f8j kvalitet fra UHL \u27a1\ufe0f Skr\u00e6ddersyet \u2705 Pr\u00e6senter dine ekstra produkter p\u00e5 en charmerende m\u00e5de \u2705 Bestil en pr\u00f8ve NU\" \/>\n<meta name=\"robots\" content=\"index, follow, max-snippet:-1, max-image-preview:large, max-video-preview:-1\" \/>\n<link rel=\"canonical\" href=\"https:\/\/www.uhl-menu.com\/da\/visning-af-bord\/\" \/>\n<meta property=\"og:locale\" content=\"da_DK\" \/>\n<meta property=\"og:type\" content=\"article\" \/>\n<meta property=\"og:title\" content=\"\u27a1\ufe0f \u1455\u2776\u1450 UHL-borddisplay V\u00e6r til stede med stil nu\" \/>\n<meta property=\"og:description\" content=\"\u276d\u276d\u276dBorddisplays i h\u00f8j kvalitet fra UHL \u27a1\ufe0f Skr\u00e6ddersyet \u2705 Pr\u00e6senter dine ekstra produkter p\u00e5 en charmerende m\u00e5de \u2705 Bestil en pr\u00f8ve NU\" \/>\n<meta property=\"og:url\" content=\"https:\/\/www.uhl-menu.com\/da\/visning-af-bord\/\" \/>\n<meta property=\"og:site_name\" content=\"menu de Uhl\" \/>\n<meta property=\"article:publisher\" content=\"https:\/\/www.facebook.com\/uhlspeisekarten\" \/>\n<meta property=\"article:modified_time\" content=\"2025-01-21T09:14:44+00:00\" \/>\n<meta property=\"og:image\" content=\"https:\/\/www.uhl-menu.com\/wp-content\/uploads\/uebersicht-tischaufsteller.jpg\" \/>\n\t<meta property=\"og:image:width\" content=\"800\" \/>\n\t<meta property=\"og:image:height\" content=\"556\" \/>\n\t<meta property=\"og:image:type\" content=\"image\/jpeg\" \/>\n<meta name=\"twitter:card\" content=\"summary_large_image\" \/>\n<script type=\"application\/ld+json\" class=\"yoast-schema-graph\">{\"@context\":\"https:\/\/schema.org\",\"@graph\":[{\"@type\":\"WebPage\",\"@id\":\"https:\/\/www.uhl-menu.com\/da\/visning-af-bord\/\",\"url\":\"https:\/\/www.uhl-menu.com\/da\/visning-af-bord\/\",\"name\":\"\u27a1\ufe0f \u1455\u2776\u1450 UHL-borddisplay V\u00e6r til stede med stil nu\",\"isPartOf\":{\"@id\":\"https:\/\/www.uhl-menu.com\/da\/#website\"},\"primaryImageOfPage\":{\"@id\":\"https:\/\/www.uhl-menu.com\/da\/visning-af-bord\/#primaryimage\"},\"image\":{\"@id\":\"https:\/\/www.uhl-menu.com\/da\/visning-af-bord\/#primaryimage\"},\"thumbnailUrl\":\"https:\/\/www.uhl-menu.com\/wp-content\/uploads\/uebersicht-tischaufsteller.jpg\",\"datePublished\":\"2021-09-26T14:55:43+00:00\",\"dateModified\":\"2025-01-21T09:14:44+00:00\",\"description\":\"\u276d\u276d\u276dBorddisplays i h\u00f8j kvalitet fra UHL \u27a1\ufe0f Skr\u00e6ddersyet \u2705 Pr\u00e6senter dine ekstra produkter p\u00e5 en charmerende m\u00e5de \u2705 Bestil en pr\u00f8ve NU\",\"inLanguage\":\"da-DK\",\"potentialAction\":[{\"@type\":\"ReadAction\",\"target\":[\"https:\/\/www.uhl-menu.com\/da\/visning-af-bord\/\"]}]},{\"@type\":\"ImageObject\",\"inLanguage\":\"da-DK\",\"@id\":\"https:\/\/www.uhl-menu.com\/da\/visning-af-bord\/#primaryimage\",\"url\":\"https:\/\/www.uhl-menu.com\/wp-content\/uploads\/uebersicht-tischaufsteller.jpg\",\"contentUrl\":\"https:\/\/www.uhl-menu.com\/wp-content\/uploads\/uebersicht-tischaufsteller.jpg\",\"width\":800,\"height\":556},{\"@type\":\"WebSite\",\"@id\":\"https:\/\/www.uhl-menu.com\/da\/#website\",\"url\":\"https:\/\/www.uhl-menu.com\/da\/\",\"name\":\"menu de Uhl\",\"description\":\"e fabricant de menus UHL, fond\u00e9 en 1982, s&#039;est donn\u00e9 d\u00e8s ses d\u00e9buts pour mission de se sp\u00e9cialiser dans les menus et les cartes des vins.\",\"publisher\":{\"@id\":\"https:\/\/www.uhl-menu.com\/da\/#organization\"},\"potentialAction\":[{\"@type\":\"SearchAction\",\"target\":{\"@type\":\"EntryPoint\",\"urlTemplate\":\"https:\/\/www.uhl-menu.com\/da\/?s={search_term_string}\"},\"query-input\":{\"@type\":\"PropertyValueSpecification\",\"valueRequired\":true,\"valueName\":\"search_term_string\"}}],\"inLanguage\":\"da-DK\"},{\"@type\":\"Organization\",\"@id\":\"https:\/\/www.uhl-menu.com\/da\/#organization\",\"name\":\"menu de Uhl\",\"url\":\"https:\/\/www.uhl-menu.com\/da\/\",\"logo\":{\"@type\":\"ImageObject\",\"inLanguage\":\"da-DK\",\"@id\":\"https:\/\/www.uhl-menu.com\/da\/#\/schema\/logo\/image\/\",\"url\":\"https:\/\/www.uhl-menu.com\/wp-content\/uploads\/uhl-logo.png\",\"contentUrl\":\"https:\/\/www.uhl-menu.com\/wp-content\/uploads\/uhl-logo.png\",\"width\":66,\"height\":41,\"caption\":\"menu de Uhl\"},\"image\":{\"@id\":\"https:\/\/www.uhl-menu.com\/da\/#\/schema\/logo\/image\/\"},\"sameAs\":[\"https:\/\/www.facebook.com\/uhlspeisekarten\",\"https:\/\/www.youtube.com\/channel\/UCz6fCHDC_EvIaFfibirEF8A\/videos\"]}]}<\/script>\n<!-- \/ Yoast SEO plugin. -->","yoast_head_json":{"title":"\u27a1\ufe0f \u1455\u2776\u1450 UHL-borddisplay V\u00e6r til stede med stil nu","description":"\u276d\u276d\u276dBorddisplays i h\u00f8j kvalitet fra UHL \u27a1\ufe0f Skr\u00e6ddersyet \u2705 Pr\u00e6senter dine ekstra produkter p\u00e5 en charmerende m\u00e5de \u2705 Bestil en pr\u00f8ve NU","robots":{"index":"index","follow":"follow","max-snippet":"max-snippet:-1","max-image-preview":"max-image-preview:large","max-video-preview":"max-video-preview:-1"},"canonical":"https:\/\/www.uhl-menu.com\/da\/visning-af-bord\/","og_locale":"da_DK","og_type":"article","og_title":"\u27a1\ufe0f \u1455\u2776\u1450 UHL-borddisplay V\u00e6r til stede med stil nu","og_description":"\u276d\u276d\u276dBorddisplays i h\u00f8j kvalitet fra UHL \u27a1\ufe0f Skr\u00e6ddersyet \u2705 Pr\u00e6senter dine ekstra produkter p\u00e5 en charmerende m\u00e5de \u2705 Bestil en pr\u00f8ve NU","og_url":"https:\/\/www.uhl-menu.com\/da\/visning-af-bord\/","og_site_name":"menu de Uhl","article_publisher":"https:\/\/www.facebook.com\/uhlspeisekarten","article_modified_time":"2025-01-21T09:14:44+00:00","og_image":[{"width":800,"height":556,"url":"https:\/\/www.uhl-menu.com\/wp-content\/uploads\/uebersicht-tischaufsteller.jpg","type":"image\/jpeg"}],"twitter_card":"summary_large_image","schema":{"@context":"https:\/\/schema.org","@graph":[{"@type":"WebPage","@id":"https:\/\/www.uhl-menu.com\/da\/visning-af-bord\/","url":"https:\/\/www.uhl-menu.com\/da\/visning-af-bord\/","name":"\u27a1\ufe0f \u1455\u2776\u1450 UHL-borddisplay V\u00e6r til stede med stil nu","isPartOf":{"@id":"https:\/\/www.uhl-menu.com\/da\/#website"},"primaryImageOfPage":{"@id":"https:\/\/www.uhl-menu.com\/da\/visning-af-bord\/#primaryimage"},"image":{"@id":"https:\/\/www.uhl-menu.com\/da\/visning-af-bord\/#primaryimage"},"thumbnailUrl":"https:\/\/www.uhl-menu.com\/wp-content\/uploads\/uebersicht-tischaufsteller.jpg","datePublished":"2021-09-26T14:55:43+00:00","dateModified":"2025-01-21T09:14:44+00:00","description":"\u276d\u276d\u276dBorddisplays i h\u00f8j kvalitet fra UHL \u27a1\ufe0f Skr\u00e6ddersyet \u2705 Pr\u00e6senter dine ekstra produkter p\u00e5 en charmerende m\u00e5de \u2705 Bestil en pr\u00f8ve NU","inLanguage":"da-DK","potentialAction":[{"@type":"ReadAction","target":["https:\/\/www.uhl-menu.com\/da\/visning-af-bord\/"]}]},{"@type":"ImageObject","inLanguage":"da-DK","@id":"https:\/\/www.uhl-menu.com\/da\/visning-af-bord\/#primaryimage","url":"https:\/\/www.uhl-menu.com\/wp-content\/uploads\/uebersicht-tischaufsteller.jpg","contentUrl":"https:\/\/www.uhl-menu.com\/wp-content\/uploads\/uebersicht-tischaufsteller.jpg","width":800,"height":556},{"@type":"WebSite","@id":"https:\/\/www.uhl-menu.com\/da\/#website","url":"https:\/\/www.uhl-menu.com\/da\/","name":"menu de Uhl","description":"e fabricant de menus UHL, fond\u00e9 en 1982, s&#039;est donn\u00e9 d\u00e8s ses d\u00e9buts pour mission de se sp\u00e9cialiser dans les menus et les cartes des vins.","publisher":{"@id":"https:\/\/www.uhl-menu.com\/da\/#organization"},"potentialAction":[{"@type":"SearchAction","target":{"@type":"EntryPoint","urlTemplate":"https:\/\/www.uhl-menu.com\/da\/?s={search_term_string}"},"query-input":{"@type":"PropertyValueSpecification","valueRequired":true,"valueName":"search_term_string"}}],"inLanguage":"da-DK"},{"@type":"Organization","@id":"https:\/\/www.uhl-menu.com\/da\/#organization","name":"menu de Uhl","url":"https:\/\/www.uhl-menu.com\/da\/","logo":{"@type":"ImageObject","inLanguage":"da-DK","@id":"https:\/\/www.uhl-menu.com\/da\/#\/schema\/logo\/image\/","url":"https:\/\/www.uhl-menu.com\/wp-content\/uploads\/uhl-logo.png","contentUrl":"https:\/\/www.uhl-menu.com\/wp-content\/uploads\/uhl-logo.png","width":66,"height":41,"caption":"menu de Uhl"},"image":{"@id":"https:\/\/www.uhl-menu.com\/da\/#\/schema\/logo\/image\/"},"sameAs":["https:\/\/www.facebook.com\/uhlspeisekarten","https:\/\/www.youtube.com\/channel\/UCz6fCHDC_EvIaFfibirEF8A\/videos"]}]}},"_links":{"self":[{"href":"https:\/\/www.uhl-menu.com\/da\/wp-json\/wp\/v2\/pages\/35547","targetHints":{"allow":["GET"]}}],"collection":[{"href":"https:\/\/www.uhl-menu.com\/da\/wp-json\/wp\/v2\/pages"}],"about":[{"href":"https:\/\/www.uhl-menu.com\/da\/wp-json\/wp\/v2\/types\/page"}],"author":[{"embeddable":true,"href":"https:\/\/www.uhl-menu.com\/da\/wp-json\/wp\/v2\/users\/1"}],"replies":[{"embeddable":true,"href":"https:\/\/www.uhl-menu.com\/da\/wp-json\/wp\/v2\/comments?post=35547"}],"version-history":[{"count":1,"href":"https:\/\/www.uhl-menu.com\/da\/wp-json\/wp\/v2\/pages\/35547\/revisions"}],"predecessor-version":[{"id":35552,"href":"https:\/\/www.uhl-menu.com\/da\/wp-json\/wp\/v2\/pages\/35547\/revisions\/35552"}],"wp:featuredmedia":[{"embeddable":true,"href":"https:\/\/www.uhl-menu.com\/da\/wp-json\/wp\/v2\/media\/35551"}],"wp:attachment":[{"href":"https:\/\/www.uhl-menu.com\/da\/wp-json\/wp\/v2\/media?parent=35547"}],"curies":[{"name":"wp","href":"https:\/\/api.w.org\/{rel}","templated":true}]}}