{"id":35676,"date":"2021-11-25T11:29:24","date_gmt":"2021-11-25T10:29:24","guid":{"rendered":"https:\/\/www.uhl-menu.com\/produkt\/magi\/"},"modified":"2025-02-18T14:50:04","modified_gmt":"2025-02-18T13:50:04","slug":"magi","status":"publish","type":"product","link":"https:\/\/www.uhl-menu.com\/da\/produkt\/magi\/","title":{"rendered":"Magi"},"content":{"rendered":"<p>Den stilfulde systemudvikling fra UHL. Det s\u00e6rligt \u00e6stetiske Magic-udskiftningssystem i kombination med materialer af h\u00f8j kvalitet. To slidser i l\u00e6ngderetningen af h\u00f8jkvalitetslinned, som ogs\u00e5 fungerer som holder for lagenet og som gribezone. De enkelte indre dele er forbundet med rivefaste h\u00f8rh\u00e6ngsler. Kortets omslag er fremstillet af slidst\u00e6rke materialer af h\u00f8j kvalitet som f.eks. h\u00f8r, syntetisk l\u00e6der, kunstl\u00e6der eller \u00e6gte l\u00e6der og kan efter \u00f8nske forsynes med dekorative syninger i kanten.  <\/p>\n","protected":false},"excerpt":{"rendered":"<p>Den stilfulde systemudvikling fra UHL. Det s\u00e6rligt \u00e6stetiske Magic-udskiftningssystem i kombination med materialer af h\u00f8j kvalitet. To slidser i l\u00e6ngderetningen af h\u00f8jkvalitetslinned, som ogs\u00e5 fungerer som holder for lagenet og som gribezone. De enkelte indre dele er forbundet med rivefaste h\u00f8rh\u00e6ngsler. Kortets omslag er fremstillet af slidst\u00e6rke materialer af h\u00f8j kvalitet som f.eks. h\u00f8r, syntetisk [&hellip;]<\/p>\n","protected":false},"featured_media":35448,"template":"","meta":{"_acf_changed":false},"product_brand":[],"product_cat":[677,674,682,686,684,678,672,680,669,683,675,676,671],"product_tag":[],"class_list":{"0":"post-35676","1":"product","2":"type-product","3":"status-publish","4":"has-post-thumbnail","6":"product_cat-aegte-laeder","7":"product_cat-bloedt-omslag","8":"product_cat-bordstativ-af-pap","9":"product_cat-bundet","10":"product_cat-flere-sider","11":"product_cat-imiteret-laeder","12":"product_cat-indbundet","13":"product_cat-linned","14":"product_cat-menuer","15":"product_cat-synth-materiale","16":"product_cat-ufoelsom-over-for-fedt","17":"product_cat-vandafvisende","18":"product_cat-vinkort","19":"pa_format-oensket-format","20":"pa_format-til-a4-landskab","21":"pa_format-til-a4-portraet","22":"pa_format-til-a5-hoej","23":"pa_format-til-a5-landskab","24":"pa_format-til-a6-hoej","25":"pa_format-for-din-lang","26":"tm-has-options","28":"first","29":"instock","30":"taxable","31":"shipping-taxable","32":"purchasable","33":"product-type-variable"},"acf":[],"yoast_head":"<!-- This site is optimized with the Yoast SEO plugin v26.0 - https:\/\/yoast.com\/wordpress\/plugins\/seo\/ -->\n<title>Magi \u00bb Menu-mappe med Magic change-system - menu de Uhl<\/title>\n<meta name=\"robots\" content=\"index, follow, max-snippet:-1, max-image-preview:large, max-video-preview:-1\" \/>\n<link rel=\"canonical\" href=\"https:\/\/www.uhl-menu.com\/da\/produkt\/magi\/\" \/>\n<meta property=\"og:locale\" content=\"da_DK\" \/>\n<meta property=\"og:type\" content=\"article\" \/>\n<meta property=\"og:title\" content=\"Magi \u00bb Menu-mappe med Magic change-system - menu de Uhl\" \/>\n<meta property=\"og:description\" content=\"Den stilfulde systemudvikling fra UHL. Det s\u00e6rligt \u00e6stetiske Magic-udskiftningssystem i kombination med materialer af h\u00f8j kvalitet. To slidser i l\u00e6ngderetningen af h\u00f8jkvalitetslinned, som ogs\u00e5 fungerer som holder for lagenet og som gribezone. De enkelte indre dele er forbundet med rivefaste h\u00f8rh\u00e6ngsler. Kortets omslag er fremstillet af slidst\u00e6rke materialer af h\u00f8j kvalitet som f.eks. h\u00f8r, syntetisk [&hellip;]\" \/>\n<meta property=\"og:url\" content=\"https:\/\/www.uhl-menu.com\/da\/produkt\/magi\/\" \/>\n<meta property=\"og:site_name\" content=\"menu de Uhl\" \/>\n<meta property=\"article:publisher\" content=\"https:\/\/www.facebook.com\/uhlspeisekarten\" \/>\n<meta property=\"article:modified_time\" content=\"2025-02-18T13:50:04+00:00\" \/>\n<meta property=\"og:image\" content=\"https:\/\/www.uhl-menu.com\/wp-content\/uploads\/.\/magic-speisekarten-mappen-mit-wechselsystem.png\" \/>\n\t<meta property=\"og:image:width\" content=\"1600\" \/>\n\t<meta property=\"og:image:height\" content=\"1125\" \/>\n\t<meta property=\"og:image:type\" content=\"image\/png\" \/>\n<meta name=\"twitter:card\" content=\"summary_large_image\" \/>\n<script type=\"application\/ld+json\" class=\"yoast-schema-graph\">{\"@context\":\"https:\/\/schema.org\",\"@graph\":[{\"@type\":\"WebPage\",\"@id\":\"https:\/\/www.uhl-menu.com\/da\/produkt\/magi\/\",\"url\":\"https:\/\/www.uhl-menu.com\/da\/produkt\/magi\/\",\"name\":\"Magi \u00bb Menu-mappe med Magic change-system - menu de Uhl\",\"isPartOf\":{\"@id\":\"https:\/\/www.uhl-menu.com\/da\/#website\"},\"primaryImageOfPage\":{\"@id\":\"https:\/\/www.uhl-menu.com\/da\/produkt\/magi\/#primaryimage\"},\"image\":{\"@id\":\"https:\/\/www.uhl-menu.com\/da\/produkt\/magi\/#primaryimage\"},\"thumbnailUrl\":\"https:\/\/www.uhl-menu.com\/wp-content\/uploads\/.\/magic-speisekarten-mappen-mit-wechselsystem.png\",\"datePublished\":\"2021-11-25T10:29:24+00:00\",\"dateModified\":\"2025-02-18T13:50:04+00:00\",\"breadcrumb\":{\"@id\":\"https:\/\/www.uhl-menu.com\/da\/produkt\/magi\/#breadcrumb\"},\"inLanguage\":\"da-DK\",\"potentialAction\":[{\"@type\":\"ReadAction\",\"target\":[\"https:\/\/www.uhl-menu.com\/da\/produkt\/magi\/\"]}]},{\"@type\":\"ImageObject\",\"inLanguage\":\"da-DK\",\"@id\":\"https:\/\/www.uhl-menu.com\/da\/produkt\/magi\/#primaryimage\",\"url\":\"https:\/\/www.uhl-menu.com\/wp-content\/uploads\/.\/magic-speisekarten-mappen-mit-wechselsystem.png\",\"contentUrl\":\"https:\/\/www.uhl-menu.com\/wp-content\/uploads\/.\/magic-speisekarten-mappen-mit-wechselsystem.png\",\"width\":1600,\"height\":1125,\"caption\":\"Menumappe med praktisk udskiftningssystem\"},{\"@type\":\"BreadcrumbList\",\"@id\":\"https:\/\/www.uhl-menu.com\/da\/produkt\/magi\/#breadcrumb\",\"itemListElement\":[{\"@type\":\"ListItem\",\"position\":1,\"name\":\"Startseite\",\"item\":\"https:\/\/www.uhl-menu.com\/da\/butik\/\"},{\"@type\":\"ListItem\",\"position\":2,\"name\":\"Magi\"}]},{\"@type\":\"WebSite\",\"@id\":\"https:\/\/www.uhl-menu.com\/da\/#website\",\"url\":\"https:\/\/www.uhl-menu.com\/da\/\",\"name\":\"menu de Uhl\",\"description\":\"e fabricant de menus UHL, fond\u00e9 en 1982, s&#039;est donn\u00e9 d\u00e8s ses d\u00e9buts pour mission de se sp\u00e9cialiser dans les menus et les cartes des vins.\",\"publisher\":{\"@id\":\"https:\/\/www.uhl-menu.com\/da\/#organization\"},\"potentialAction\":[{\"@type\":\"SearchAction\",\"target\":{\"@type\":\"EntryPoint\",\"urlTemplate\":\"https:\/\/www.uhl-menu.com\/da\/?s={search_term_string}\"},\"query-input\":{\"@type\":\"PropertyValueSpecification\",\"valueRequired\":true,\"valueName\":\"search_term_string\"}}],\"inLanguage\":\"da-DK\"},{\"@type\":\"Organization\",\"@id\":\"https:\/\/www.uhl-menu.com\/da\/#organization\",\"name\":\"menu de Uhl\",\"url\":\"https:\/\/www.uhl-menu.com\/da\/\",\"logo\":{\"@type\":\"ImageObject\",\"inLanguage\":\"da-DK\",\"@id\":\"https:\/\/www.uhl-menu.com\/da\/#\/schema\/logo\/image\/\",\"url\":\"https:\/\/www.uhl-menu.com\/wp-content\/uploads\/uhl-logo.png\",\"contentUrl\":\"https:\/\/www.uhl-menu.com\/wp-content\/uploads\/uhl-logo.png\",\"width\":66,\"height\":41,\"caption\":\"menu de Uhl\"},\"image\":{\"@id\":\"https:\/\/www.uhl-menu.com\/da\/#\/schema\/logo\/image\/\"},\"sameAs\":[\"https:\/\/www.facebook.com\/uhlspeisekarten\",\"https:\/\/www.youtube.com\/channel\/UCz6fCHDC_EvIaFfibirEF8A\/videos\"]}]}<\/script>\n<!-- \/ Yoast SEO plugin. -->","yoast_head_json":{"title":"Magi \u00bb Menu-mappe med Magic change-system - menu de Uhl","robots":{"index":"index","follow":"follow","max-snippet":"max-snippet:-1","max-image-preview":"max-image-preview:large","max-video-preview":"max-video-preview:-1"},"canonical":"https:\/\/www.uhl-menu.com\/da\/produkt\/magi\/","og_locale":"da_DK","og_type":"article","og_title":"Magi \u00bb Menu-mappe med Magic change-system - menu de Uhl","og_description":"Den stilfulde systemudvikling fra UHL. Det s\u00e6rligt \u00e6stetiske Magic-udskiftningssystem i kombination med materialer af h\u00f8j kvalitet. To slidser i l\u00e6ngderetningen af h\u00f8jkvalitetslinned, som ogs\u00e5 fungerer som holder for lagenet og som gribezone. De enkelte indre dele er forbundet med rivefaste h\u00f8rh\u00e6ngsler. Kortets omslag er fremstillet af slidst\u00e6rke materialer af h\u00f8j kvalitet som f.eks. h\u00f8r, syntetisk [&hellip;]","og_url":"https:\/\/www.uhl-menu.com\/da\/produkt\/magi\/","og_site_name":"menu de Uhl","article_publisher":"https:\/\/www.facebook.com\/uhlspeisekarten","article_modified_time":"2025-02-18T13:50:04+00:00","og_image":[{"width":1600,"height":1125,"url":"https:\/\/www.uhl-menu.com\/wp-content\/uploads\/.\/magic-speisekarten-mappen-mit-wechselsystem.png","type":"image\/png"}],"twitter_card":"summary_large_image","schema":{"@context":"https:\/\/schema.org","@graph":[{"@type":"WebPage","@id":"https:\/\/www.uhl-menu.com\/da\/produkt\/magi\/","url":"https:\/\/www.uhl-menu.com\/da\/produkt\/magi\/","name":"Magi \u00bb Menu-mappe med Magic change-system - menu de Uhl","isPartOf":{"@id":"https:\/\/www.uhl-menu.com\/da\/#website"},"primaryImageOfPage":{"@id":"https:\/\/www.uhl-menu.com\/da\/produkt\/magi\/#primaryimage"},"image":{"@id":"https:\/\/www.uhl-menu.com\/da\/produkt\/magi\/#primaryimage"},"thumbnailUrl":"https:\/\/www.uhl-menu.com\/wp-content\/uploads\/.\/magic-speisekarten-mappen-mit-wechselsystem.png","datePublished":"2021-11-25T10:29:24+00:00","dateModified":"2025-02-18T13:50:04+00:00","breadcrumb":{"@id":"https:\/\/www.uhl-menu.com\/da\/produkt\/magi\/#breadcrumb"},"inLanguage":"da-DK","potentialAction":[{"@type":"ReadAction","target":["https:\/\/www.uhl-menu.com\/da\/produkt\/magi\/"]}]},{"@type":"ImageObject","inLanguage":"da-DK","@id":"https:\/\/www.uhl-menu.com\/da\/produkt\/magi\/#primaryimage","url":"https:\/\/www.uhl-menu.com\/wp-content\/uploads\/.\/magic-speisekarten-mappen-mit-wechselsystem.png","contentUrl":"https:\/\/www.uhl-menu.com\/wp-content\/uploads\/.\/magic-speisekarten-mappen-mit-wechselsystem.png","width":1600,"height":1125,"caption":"Menumappe med praktisk udskiftningssystem"},{"@type":"BreadcrumbList","@id":"https:\/\/www.uhl-menu.com\/da\/produkt\/magi\/#breadcrumb","itemListElement":[{"@type":"ListItem","position":1,"name":"Startseite","item":"https:\/\/www.uhl-menu.com\/da\/butik\/"},{"@type":"ListItem","position":2,"name":"Magi"}]},{"@type":"WebSite","@id":"https:\/\/www.uhl-menu.com\/da\/#website","url":"https:\/\/www.uhl-menu.com\/da\/","name":"menu de Uhl","description":"e fabricant de menus UHL, fond\u00e9 en 1982, s&#039;est donn\u00e9 d\u00e8s ses d\u00e9buts pour mission de se sp\u00e9cialiser dans les menus et les cartes des vins.","publisher":{"@id":"https:\/\/www.uhl-menu.com\/da\/#organization"},"potentialAction":[{"@type":"SearchAction","target":{"@type":"EntryPoint","urlTemplate":"https:\/\/www.uhl-menu.com\/da\/?s={search_term_string}"},"query-input":{"@type":"PropertyValueSpecification","valueRequired":true,"valueName":"search_term_string"}}],"inLanguage":"da-DK"},{"@type":"Organization","@id":"https:\/\/www.uhl-menu.com\/da\/#organization","name":"menu de Uhl","url":"https:\/\/www.uhl-menu.com\/da\/","logo":{"@type":"ImageObject","inLanguage":"da-DK","@id":"https:\/\/www.uhl-menu.com\/da\/#\/schema\/logo\/image\/","url":"https:\/\/www.uhl-menu.com\/wp-content\/uploads\/uhl-logo.png","contentUrl":"https:\/\/www.uhl-menu.com\/wp-content\/uploads\/uhl-logo.png","width":66,"height":41,"caption":"menu de Uhl"},"image":{"@id":"https:\/\/www.uhl-menu.com\/da\/#\/schema\/logo\/image\/"},"sameAs":["https:\/\/www.facebook.com\/uhlspeisekarten","https:\/\/www.youtube.com\/channel\/UCz6fCHDC_EvIaFfibirEF8A\/videos"]}]}},"_links":{"self":[{"href":"https:\/\/www.uhl-menu.com\/da\/wp-json\/wp\/v2\/product\/35676","targetHints":{"allow":["GET"]}}],"collection":[{"href":"https:\/\/www.uhl-menu.com\/da\/wp-json\/wp\/v2\/product"}],"about":[{"href":"https:\/\/www.uhl-menu.com\/da\/wp-json\/wp\/v2\/types\/product"}],"wp:featuredmedia":[{"embeddable":true,"href":"https:\/\/www.uhl-menu.com\/da\/wp-json\/wp\/v2\/media\/35448"}],"wp:attachment":[{"href":"https:\/\/www.uhl-menu.com\/da\/wp-json\/wp\/v2\/media?parent=35676"}],"wp:term":[{"taxonomy":"product_brand","embeddable":true,"href":"https:\/\/www.uhl-menu.com\/da\/wp-json\/wp\/v2\/product_brand?post=35676"},{"taxonomy":"product_cat","embeddable":true,"href":"https:\/\/www.uhl-menu.com\/da\/wp-json\/wp\/v2\/product_cat?post=35676"},{"taxonomy":"product_tag","embeddable":true,"href":"https:\/\/www.uhl-menu.com\/da\/wp-json\/wp\/v2\/product_tag?post=35676"}],"curies":[{"name":"wp","href":"https:\/\/api.w.org\/{rel}","templated":true}]}}