{"id":35677,"date":"2021-11-25T13:40:53","date_gmt":"2021-11-25T12:40:53","guid":{"rendered":"https:\/\/www.uhl-menu.com\/produkt\/snap-line\/"},"modified":"2025-02-18T14:05:44","modified_gmt":"2025-02-18T13:05:44","slug":"snap-line","status":"publish","type":"product","link":"https:\/\/www.uhl-menu.com\/da\/produkt\/snap-line\/","title":{"rendered":"Snap Line"},"content":{"rendered":"<p>Dette kort er absolut trendy: Det scorer point med sit minimalistiske, moderne look og praktiske kliksystem. Udvid og reducer dit sortiment hurtigt og individuelt. En flap af rivefast materiale af h\u00f8j kvalitet p\u00e5 indersiden af bagsiden af Snap-menukortet skjuler enten to eller fire trykknapper, som g\u00f8r det muligt at skifte de perforerede tilbudsark eller transparente folier s\u00e6rligt hurtigt. Den ekstra magnetstrimmel p\u00e5 indersiden af venstre side g\u00f8r det daglige arbejde i cateringbranchen lettere, s\u00e5 du kan g\u00f8re opm\u00e6rksom p\u00e5 specifikke dags-\/menuanbefalinger. Det plejevenlige Snap Line-kort er ekstremt robust og f\u00e5s i kvalitetsmaterialerne h\u00f8r, syntetisk, kunst- og \u00e6gte l\u00e6der. Syede pyntes\u00f8mme p\u00e5 ydersiden i en farve efter eget valg giver en attraktiv accent. Dette kort f\u00e5s til alle standard folieformater samt til ethvert \u00f8nsket papirformat.  <\/p>\n","protected":false},"excerpt":{"rendered":"<p>Dette kort er absolut trendy: Det scorer point med sit minimalistiske, moderne look og praktiske kliksystem. Udvid og reducer dit sortiment hurtigt og individuelt. En flap af rivefast materiale af h\u00f8j kvalitet p\u00e5 indersiden af bagsiden af Snap-menukortet skjuler enten to eller fire trykknapper, som g\u00f8r det muligt at skifte de perforerede tilbudsark eller transparente [&hellip;]<\/p>\n","protected":false},"featured_media":35682,"template":"","meta":{"_acf_changed":false},"product_brand":[],"product_cat":[677,673,688,681,684,678,672,680,685,669,670,683,687,675,676,671],"product_tag":[],"class_list":{"0":"post-35677","1":"product","2":"type-product","3":"status-publish","4":"has-post-thumbnail","6":"product_cat-aegte-laeder","7":"product_cat-bar-kort","8":"product_cat-fleksibel","9":"product_cat-fleksibelt-antal-sider","10":"product_cat-flere-sider","11":"product_cat-imiteret-laeder","12":"product_cat-indbundet","13":"product_cat-linned","14":"product_cat-lysbilleder","15":"product_cat-menuer","16":"product_cat-menuer-med-drikkevarer","17":"product_cat-synth-materiale","18":"product_cat-udendoers","19":"product_cat-ufoelsom-over-for-fedt","20":"product_cat-vandafvisende","21":"product_cat-vinkort","22":"pa_format-l-11x11x30-da","23":"pa_format-m-11x11x21-da","24":"pa_format-s-11x11x15-da","25":"tm-has-options","27":"first","28":"instock","29":"taxable","30":"shipping-taxable","31":"purchasable","32":"product-type-variable"},"acf":[],"yoast_head":"<!-- This site is optimized with the Yoast SEO plugin v26.0 - https:\/\/yoast.com\/wordpress\/plugins\/seo\/ -->\n<title>Snap Line \u00bb Praktisk menufolder med snap-system - menu de Uhl<\/title>\n<meta name=\"robots\" content=\"index, follow, max-snippet:-1, max-image-preview:large, max-video-preview:-1\" \/>\n<link rel=\"canonical\" href=\"https:\/\/www.uhl-menu.com\/da\/produkt\/snap-line\/\" \/>\n<meta property=\"og:locale\" content=\"da_DK\" \/>\n<meta property=\"og:type\" content=\"article\" \/>\n<meta property=\"og:title\" content=\"Snap Line \u00bb Praktisk menufolder med snap-system - menu de Uhl\" \/>\n<meta property=\"og:description\" content=\"Dette kort er absolut trendy: Det scorer point med sit minimalistiske, moderne look og praktiske kliksystem. Udvid og reducer dit sortiment hurtigt og individuelt. En flap af rivefast materiale af h\u00f8j kvalitet p\u00e5 indersiden af bagsiden af Snap-menukortet skjuler enten to eller fire trykknapper, som g\u00f8r det muligt at skifte de perforerede tilbudsark eller transparente [&hellip;]\" \/>\n<meta property=\"og:url\" content=\"https:\/\/www.uhl-menu.com\/da\/produkt\/snap-line\/\" \/>\n<meta property=\"og:site_name\" content=\"menu de Uhl\" \/>\n<meta property=\"article:publisher\" content=\"https:\/\/www.facebook.com\/uhlspeisekarten\" \/>\n<meta property=\"article:modified_time\" content=\"2025-02-18T13:05:44+00:00\" \/>\n<meta property=\"og:image\" content=\"https:\/\/www.uhl-menu.com\/wp-content\/uploads\/snap-line-praktische-speisekarten-mappe-mit-snap-system.png\" \/>\n\t<meta property=\"og:image:width\" content=\"1600\" \/>\n\t<meta property=\"og:image:height\" content=\"1125\" \/>\n\t<meta property=\"og:image:type\" content=\"image\/png\" \/>\n<meta name=\"twitter:card\" content=\"summary_large_image\" \/>\n<meta name=\"twitter:label1\" content=\"Estimeret l\u00e6setid\" \/>\n\t<meta name=\"twitter:data1\" content=\"1 minut\" \/>\n<script type=\"application\/ld+json\" class=\"yoast-schema-graph\">{\"@context\":\"https:\/\/schema.org\",\"@graph\":[{\"@type\":\"WebPage\",\"@id\":\"https:\/\/www.uhl-menu.com\/da\/produkt\/snap-line\/\",\"url\":\"https:\/\/www.uhl-menu.com\/da\/produkt\/snap-line\/\",\"name\":\"Snap Line \u00bb Praktisk menufolder med snap-system - menu de Uhl\",\"isPartOf\":{\"@id\":\"https:\/\/www.uhl-menu.com\/da\/#website\"},\"primaryImageOfPage\":{\"@id\":\"https:\/\/www.uhl-menu.com\/da\/produkt\/snap-line\/#primaryimage\"},\"image\":{\"@id\":\"https:\/\/www.uhl-menu.com\/da\/produkt\/snap-line\/#primaryimage\"},\"thumbnailUrl\":\"https:\/\/www.uhl-menu.com\/wp-content\/uploads\/snap-line-praktische-speisekarten-mappe-mit-snap-system.png\",\"datePublished\":\"2021-11-25T12:40:53+00:00\",\"dateModified\":\"2025-02-18T13:05:44+00:00\",\"breadcrumb\":{\"@id\":\"https:\/\/www.uhl-menu.com\/da\/produkt\/snap-line\/#breadcrumb\"},\"inLanguage\":\"da-DK\",\"potentialAction\":[{\"@type\":\"ReadAction\",\"target\":[\"https:\/\/www.uhl-menu.com\/da\/produkt\/snap-line\/\"]}]},{\"@type\":\"ImageObject\",\"inLanguage\":\"da-DK\",\"@id\":\"https:\/\/www.uhl-menu.com\/da\/produkt\/snap-line\/#primaryimage\",\"url\":\"https:\/\/www.uhl-menu.com\/wp-content\/uploads\/snap-line-praktische-speisekarten-mappe-mit-snap-system.png\",\"contentUrl\":\"https:\/\/www.uhl-menu.com\/wp-content\/uploads\/snap-line-praktische-speisekarten-mappe-mit-snap-system.png\",\"width\":1600,\"height\":1125},{\"@type\":\"BreadcrumbList\",\"@id\":\"https:\/\/www.uhl-menu.com\/da\/produkt\/snap-line\/#breadcrumb\",\"itemListElement\":[{\"@type\":\"ListItem\",\"position\":1,\"name\":\"Startseite\",\"item\":\"https:\/\/www.uhl-menu.com\/da\/butik\/\"},{\"@type\":\"ListItem\",\"position\":2,\"name\":\"Snap Line\"}]},{\"@type\":\"WebSite\",\"@id\":\"https:\/\/www.uhl-menu.com\/da\/#website\",\"url\":\"https:\/\/www.uhl-menu.com\/da\/\",\"name\":\"menu de Uhl\",\"description\":\"e fabricant de menus UHL, fond\u00e9 en 1982, s&#039;est donn\u00e9 d\u00e8s ses d\u00e9buts pour mission de se sp\u00e9cialiser dans les menus et les cartes des vins.\",\"publisher\":{\"@id\":\"https:\/\/www.uhl-menu.com\/da\/#organization\"},\"potentialAction\":[{\"@type\":\"SearchAction\",\"target\":{\"@type\":\"EntryPoint\",\"urlTemplate\":\"https:\/\/www.uhl-menu.com\/da\/?s={search_term_string}\"},\"query-input\":{\"@type\":\"PropertyValueSpecification\",\"valueRequired\":true,\"valueName\":\"search_term_string\"}}],\"inLanguage\":\"da-DK\"},{\"@type\":\"Organization\",\"@id\":\"https:\/\/www.uhl-menu.com\/da\/#organization\",\"name\":\"menu de Uhl\",\"url\":\"https:\/\/www.uhl-menu.com\/da\/\",\"logo\":{\"@type\":\"ImageObject\",\"inLanguage\":\"da-DK\",\"@id\":\"https:\/\/www.uhl-menu.com\/da\/#\/schema\/logo\/image\/\",\"url\":\"https:\/\/www.uhl-menu.com\/wp-content\/uploads\/uhl-logo.png\",\"contentUrl\":\"https:\/\/www.uhl-menu.com\/wp-content\/uploads\/uhl-logo.png\",\"width\":66,\"height\":41,\"caption\":\"menu de Uhl\"},\"image\":{\"@id\":\"https:\/\/www.uhl-menu.com\/da\/#\/schema\/logo\/image\/\"},\"sameAs\":[\"https:\/\/www.facebook.com\/uhlspeisekarten\",\"https:\/\/www.youtube.com\/channel\/UCz6fCHDC_EvIaFfibirEF8A\/videos\"]}]}<\/script>\n<!-- \/ Yoast SEO plugin. -->","yoast_head_json":{"title":"Snap Line \u00bb Praktisk menufolder med snap-system - menu de Uhl","robots":{"index":"index","follow":"follow","max-snippet":"max-snippet:-1","max-image-preview":"max-image-preview:large","max-video-preview":"max-video-preview:-1"},"canonical":"https:\/\/www.uhl-menu.com\/da\/produkt\/snap-line\/","og_locale":"da_DK","og_type":"article","og_title":"Snap Line \u00bb Praktisk menufolder med snap-system - menu de Uhl","og_description":"Dette kort er absolut trendy: Det scorer point med sit minimalistiske, moderne look og praktiske kliksystem. Udvid og reducer dit sortiment hurtigt og individuelt. En flap af rivefast materiale af h\u00f8j kvalitet p\u00e5 indersiden af bagsiden af Snap-menukortet skjuler enten to eller fire trykknapper, som g\u00f8r det muligt at skifte de perforerede tilbudsark eller transparente [&hellip;]","og_url":"https:\/\/www.uhl-menu.com\/da\/produkt\/snap-line\/","og_site_name":"menu de Uhl","article_publisher":"https:\/\/www.facebook.com\/uhlspeisekarten","article_modified_time":"2025-02-18T13:05:44+00:00","og_image":[{"width":1600,"height":1125,"url":"https:\/\/www.uhl-menu.com\/wp-content\/uploads\/snap-line-praktische-speisekarten-mappe-mit-snap-system.png","type":"image\/png"}],"twitter_card":"summary_large_image","twitter_misc":{"Estimeret l\u00e6setid":"1 minut"},"schema":{"@context":"https:\/\/schema.org","@graph":[{"@type":"WebPage","@id":"https:\/\/www.uhl-menu.com\/da\/produkt\/snap-line\/","url":"https:\/\/www.uhl-menu.com\/da\/produkt\/snap-line\/","name":"Snap Line \u00bb Praktisk menufolder med snap-system - menu de Uhl","isPartOf":{"@id":"https:\/\/www.uhl-menu.com\/da\/#website"},"primaryImageOfPage":{"@id":"https:\/\/www.uhl-menu.com\/da\/produkt\/snap-line\/#primaryimage"},"image":{"@id":"https:\/\/www.uhl-menu.com\/da\/produkt\/snap-line\/#primaryimage"},"thumbnailUrl":"https:\/\/www.uhl-menu.com\/wp-content\/uploads\/snap-line-praktische-speisekarten-mappe-mit-snap-system.png","datePublished":"2021-11-25T12:40:53+00:00","dateModified":"2025-02-18T13:05:44+00:00","breadcrumb":{"@id":"https:\/\/www.uhl-menu.com\/da\/produkt\/snap-line\/#breadcrumb"},"inLanguage":"da-DK","potentialAction":[{"@type":"ReadAction","target":["https:\/\/www.uhl-menu.com\/da\/produkt\/snap-line\/"]}]},{"@type":"ImageObject","inLanguage":"da-DK","@id":"https:\/\/www.uhl-menu.com\/da\/produkt\/snap-line\/#primaryimage","url":"https:\/\/www.uhl-menu.com\/wp-content\/uploads\/snap-line-praktische-speisekarten-mappe-mit-snap-system.png","contentUrl":"https:\/\/www.uhl-menu.com\/wp-content\/uploads\/snap-line-praktische-speisekarten-mappe-mit-snap-system.png","width":1600,"height":1125},{"@type":"BreadcrumbList","@id":"https:\/\/www.uhl-menu.com\/da\/produkt\/snap-line\/#breadcrumb","itemListElement":[{"@type":"ListItem","position":1,"name":"Startseite","item":"https:\/\/www.uhl-menu.com\/da\/butik\/"},{"@type":"ListItem","position":2,"name":"Snap Line"}]},{"@type":"WebSite","@id":"https:\/\/www.uhl-menu.com\/da\/#website","url":"https:\/\/www.uhl-menu.com\/da\/","name":"menu de Uhl","description":"e fabricant de menus UHL, fond\u00e9 en 1982, s&#039;est donn\u00e9 d\u00e8s ses d\u00e9buts pour mission de se sp\u00e9cialiser dans les menus et les cartes des vins.","publisher":{"@id":"https:\/\/www.uhl-menu.com\/da\/#organization"},"potentialAction":[{"@type":"SearchAction","target":{"@type":"EntryPoint","urlTemplate":"https:\/\/www.uhl-menu.com\/da\/?s={search_term_string}"},"query-input":{"@type":"PropertyValueSpecification","valueRequired":true,"valueName":"search_term_string"}}],"inLanguage":"da-DK"},{"@type":"Organization","@id":"https:\/\/www.uhl-menu.com\/da\/#organization","name":"menu de Uhl","url":"https:\/\/www.uhl-menu.com\/da\/","logo":{"@type":"ImageObject","inLanguage":"da-DK","@id":"https:\/\/www.uhl-menu.com\/da\/#\/schema\/logo\/image\/","url":"https:\/\/www.uhl-menu.com\/wp-content\/uploads\/uhl-logo.png","contentUrl":"https:\/\/www.uhl-menu.com\/wp-content\/uploads\/uhl-logo.png","width":66,"height":41,"caption":"menu de Uhl"},"image":{"@id":"https:\/\/www.uhl-menu.com\/da\/#\/schema\/logo\/image\/"},"sameAs":["https:\/\/www.facebook.com\/uhlspeisekarten","https:\/\/www.youtube.com\/channel\/UCz6fCHDC_EvIaFfibirEF8A\/videos"]}]}},"_links":{"self":[{"href":"https:\/\/www.uhl-menu.com\/da\/wp-json\/wp\/v2\/product\/35677","targetHints":{"allow":["GET"]}}],"collection":[{"href":"https:\/\/www.uhl-menu.com\/da\/wp-json\/wp\/v2\/product"}],"about":[{"href":"https:\/\/www.uhl-menu.com\/da\/wp-json\/wp\/v2\/types\/product"}],"wp:featuredmedia":[{"embeddable":true,"href":"https:\/\/www.uhl-menu.com\/da\/wp-json\/wp\/v2\/media\/35682"}],"wp:attachment":[{"href":"https:\/\/www.uhl-menu.com\/da\/wp-json\/wp\/v2\/media?parent=35677"}],"wp:term":[{"taxonomy":"product_brand","embeddable":true,"href":"https:\/\/www.uhl-menu.com\/da\/wp-json\/wp\/v2\/product_brand?post=35677"},{"taxonomy":"product_cat","embeddable":true,"href":"https:\/\/www.uhl-menu.com\/da\/wp-json\/wp\/v2\/product_cat?post=35677"},{"taxonomy":"product_tag","embeddable":true,"href":"https:\/\/www.uhl-menu.com\/da\/wp-json\/wp\/v2\/product_tag?post=35677"}],"curies":[{"name":"wp","href":"https:\/\/api.w.org\/{rel}","templated":true}]}}