{"id":36855,"date":"2021-11-25T12:28:12","date_gmt":"2021-11-25T11:28:12","guid":{"rendered":"https:\/\/www.uhl-menu.com\/produkt\/tabernakel\/"},"modified":"2025-02-18T14:36:39","modified_gmt":"2025-02-18T13:36:39","slug":"tabernakel","status":"publish","type":"product","link":"https:\/\/www.uhl-menu.com\/da\/produkt\/tabernakel\/","title":{"rendered":"Tabernakel"},"content":{"rendered":"<p>Det 3-delte indbundne Tabernakel-menu er s\u00e6rligt imponerende takket v\u00e6re det us\u00e6dvanlige design og den s\u00e6rlige m\u00e5de at pr\u00e6sentere mad og drikke p\u00e5. En A4-side i menuen er delt p\u00e5 langs, hvilket giver tre sektioner og tre praktiske inds\u00e6ttelsesmuligheder. Du kan f.eks. pr\u00e6sentere din hovedmenu p\u00e5 A4-siden i midten og bruge de smallere sider til h\u00f8jre og venstre til forretter og desserter, daglige anbefalinger eller drikkevarer. Menuen f\u00e5s ogs\u00e5 i alle omslagsmaterialer, hvilket giver dig maksimal frihed, n\u00e5r det g\u00e6lder tilpasning. Menuens hardcover-konstruktion er meget modstandsdygtig, fedt- og vandafvisende, kan t\u00f8rres af og har kr\u00f8lfaste og lukkede kanter.<\/p>\n","protected":false},"excerpt":{"rendered":"<p>Det 3-delte indbundne Tabernakel-menu er s\u00e6rligt imponerende takket v\u00e6re det us\u00e6dvanlige design og den s\u00e6rlige m\u00e5de at pr\u00e6sentere mad og drikke p\u00e5. En A4-side i menuen er delt p\u00e5 langs, hvilket giver tre sektioner og tre praktiske inds\u00e6ttelsesmuligheder. Du kan f.eks. pr\u00e6sentere din hovedmenu p\u00e5 A4-siden i midten og bruge de smallere sider til h\u00f8jre [&hellip;]<\/p>\n","protected":false},"featured_media":36921,"template":"","meta":{"_acf_changed":false},"product_brand":[],"product_cat":[703,677,686,678,672,680,669,696,683,675,676],"product_tag":[],"class_list":{"0":"post-36855","1":"product","2":"type-product","3":"status-publish","4":"has-post-thumbnail","6":"product_cat-3-sidet","7":"product_cat-aegte-laeder","8":"product_cat-bundet","9":"product_cat-imiteret-laeder","10":"product_cat-indbundet","11":"product_cat-linned","12":"product_cat-menuer","13":"product_cat-papkasse","14":"product_cat-synth-materiale","15":"product_cat-ufoelsom-over-for-fedt","16":"product_cat-vandafvisende","17":"pa_format-til-a4-portraet","18":"tm-has-options","20":"first","21":"instock","22":"taxable","23":"shipping-taxable","24":"purchasable","25":"product-type-variable","26":"has-default-attributes"},"acf":[],"yoast_head":"<!-- This site is optimized with the Yoast SEO plugin v26.0 - https:\/\/yoast.com\/wordpress\/plugins\/seo\/ -->\n<title>Tabernakel \u00bb 3-delt menu DIN A4 - menu de Uhl<\/title>\n<meta name=\"robots\" content=\"index, follow, max-snippet:-1, max-image-preview:large, max-video-preview:-1\" \/>\n<link rel=\"canonical\" href=\"https:\/\/www.uhl-menu.com\/da\/produkt\/tabernakel\/\" \/>\n<meta property=\"og:locale\" content=\"da_DK\" \/>\n<meta property=\"og:type\" content=\"article\" \/>\n<meta property=\"og:title\" content=\"Tabernakel \u00bb 3-delt menu DIN A4 - menu de Uhl\" \/>\n<meta property=\"og:description\" content=\"Det 3-delte indbundne Tabernakel-menu er s\u00e6rligt imponerende takket v\u00e6re det us\u00e6dvanlige design og den s\u00e6rlige m\u00e5de at pr\u00e6sentere mad og drikke p\u00e5. En A4-side i menuen er delt p\u00e5 langs, hvilket giver tre sektioner og tre praktiske inds\u00e6ttelsesmuligheder. Du kan f.eks. pr\u00e6sentere din hovedmenu p\u00e5 A4-siden i midten og bruge de smallere sider til h\u00f8jre [&hellip;]\" \/>\n<meta property=\"og:url\" content=\"https:\/\/www.uhl-menu.com\/da\/produkt\/tabernakel\/\" \/>\n<meta property=\"og:site_name\" content=\"menu de Uhl\" \/>\n<meta property=\"article:publisher\" content=\"https:\/\/www.facebook.com\/uhlspeisekarten\" \/>\n<meta property=\"article:modified_time\" content=\"2025-02-18T13:36:39+00:00\" \/>\n<meta property=\"og:image\" content=\"https:\/\/www.uhl-menu.com\/wp-content\/uploads\/tabernakel-3-teilige-speisekarte-din-a4.png\" \/>\n\t<meta property=\"og:image:width\" content=\"1600\" \/>\n\t<meta property=\"og:image:height\" content=\"1125\" \/>\n\t<meta property=\"og:image:type\" content=\"image\/png\" \/>\n<meta name=\"twitter:card\" content=\"summary_large_image\" \/>\n<meta name=\"twitter:label1\" content=\"Estimeret l\u00e6setid\" \/>\n\t<meta name=\"twitter:data1\" content=\"1 minut\" \/>\n<script type=\"application\/ld+json\" class=\"yoast-schema-graph\">{\"@context\":\"https:\/\/schema.org\",\"@graph\":[{\"@type\":\"WebPage\",\"@id\":\"https:\/\/www.uhl-menu.com\/da\/produkt\/tabernakel\/\",\"url\":\"https:\/\/www.uhl-menu.com\/da\/produkt\/tabernakel\/\",\"name\":\"Tabernakel \u00bb 3-delt menu DIN A4 - menu de Uhl\",\"isPartOf\":{\"@id\":\"https:\/\/www.uhl-menu.com\/da\/#website\"},\"primaryImageOfPage\":{\"@id\":\"https:\/\/www.uhl-menu.com\/da\/produkt\/tabernakel\/#primaryimage\"},\"image\":{\"@id\":\"https:\/\/www.uhl-menu.com\/da\/produkt\/tabernakel\/#primaryimage\"},\"thumbnailUrl\":\"https:\/\/www.uhl-menu.com\/wp-content\/uploads\/tabernakel-3-teilige-speisekarte-din-a4.png\",\"datePublished\":\"2021-11-25T11:28:12+00:00\",\"dateModified\":\"2025-02-18T13:36:39+00:00\",\"breadcrumb\":{\"@id\":\"https:\/\/www.uhl-menu.com\/da\/produkt\/tabernakel\/#breadcrumb\"},\"inLanguage\":\"da-DK\",\"potentialAction\":[{\"@type\":\"ReadAction\",\"target\":[\"https:\/\/www.uhl-menu.com\/da\/produkt\/tabernakel\/\"]}]},{\"@type\":\"ImageObject\",\"inLanguage\":\"da-DK\",\"@id\":\"https:\/\/www.uhl-menu.com\/da\/produkt\/tabernakel\/#primaryimage\",\"url\":\"https:\/\/www.uhl-menu.com\/wp-content\/uploads\/tabernakel-3-teilige-speisekarte-din-a4.png\",\"contentUrl\":\"https:\/\/www.uhl-menu.com\/wp-content\/uploads\/tabernakel-3-teilige-speisekarte-din-a4.png\",\"width\":1600,\"height\":1125},{\"@type\":\"BreadcrumbList\",\"@id\":\"https:\/\/www.uhl-menu.com\/da\/produkt\/tabernakel\/#breadcrumb\",\"itemListElement\":[{\"@type\":\"ListItem\",\"position\":1,\"name\":\"Startseite\",\"item\":\"https:\/\/www.uhl-menu.com\/da\/butik\/\"},{\"@type\":\"ListItem\",\"position\":2,\"name\":\"Tabernakel\"}]},{\"@type\":\"WebSite\",\"@id\":\"https:\/\/www.uhl-menu.com\/da\/#website\",\"url\":\"https:\/\/www.uhl-menu.com\/da\/\",\"name\":\"menu de Uhl\",\"description\":\"e fabricant de menus UHL, fond\u00e9 en 1982, s&#039;est donn\u00e9 d\u00e8s ses d\u00e9buts pour mission de se sp\u00e9cialiser dans les menus et les cartes des vins.\",\"publisher\":{\"@id\":\"https:\/\/www.uhl-menu.com\/da\/#organization\"},\"potentialAction\":[{\"@type\":\"SearchAction\",\"target\":{\"@type\":\"EntryPoint\",\"urlTemplate\":\"https:\/\/www.uhl-menu.com\/da\/?s={search_term_string}\"},\"query-input\":{\"@type\":\"PropertyValueSpecification\",\"valueRequired\":true,\"valueName\":\"search_term_string\"}}],\"inLanguage\":\"da-DK\"},{\"@type\":\"Organization\",\"@id\":\"https:\/\/www.uhl-menu.com\/da\/#organization\",\"name\":\"menu de Uhl\",\"url\":\"https:\/\/www.uhl-menu.com\/da\/\",\"logo\":{\"@type\":\"ImageObject\",\"inLanguage\":\"da-DK\",\"@id\":\"https:\/\/www.uhl-menu.com\/da\/#\/schema\/logo\/image\/\",\"url\":\"https:\/\/www.uhl-menu.com\/wp-content\/uploads\/uhl-logo.png\",\"contentUrl\":\"https:\/\/www.uhl-menu.com\/wp-content\/uploads\/uhl-logo.png\",\"width\":66,\"height\":41,\"caption\":\"menu de Uhl\"},\"image\":{\"@id\":\"https:\/\/www.uhl-menu.com\/da\/#\/schema\/logo\/image\/\"},\"sameAs\":[\"https:\/\/www.facebook.com\/uhlspeisekarten\",\"https:\/\/www.youtube.com\/channel\/UCz6fCHDC_EvIaFfibirEF8A\/videos\"]}]}<\/script>\n<!-- \/ Yoast SEO plugin. -->","yoast_head_json":{"title":"Tabernakel \u00bb 3-delt menu DIN A4 - menu de Uhl","robots":{"index":"index","follow":"follow","max-snippet":"max-snippet:-1","max-image-preview":"max-image-preview:large","max-video-preview":"max-video-preview:-1"},"canonical":"https:\/\/www.uhl-menu.com\/da\/produkt\/tabernakel\/","og_locale":"da_DK","og_type":"article","og_title":"Tabernakel \u00bb 3-delt menu DIN A4 - menu de Uhl","og_description":"Det 3-delte indbundne Tabernakel-menu er s\u00e6rligt imponerende takket v\u00e6re det us\u00e6dvanlige design og den s\u00e6rlige m\u00e5de at pr\u00e6sentere mad og drikke p\u00e5. En A4-side i menuen er delt p\u00e5 langs, hvilket giver tre sektioner og tre praktiske inds\u00e6ttelsesmuligheder. Du kan f.eks. pr\u00e6sentere din hovedmenu p\u00e5 A4-siden i midten og bruge de smallere sider til h\u00f8jre [&hellip;]","og_url":"https:\/\/www.uhl-menu.com\/da\/produkt\/tabernakel\/","og_site_name":"menu de Uhl","article_publisher":"https:\/\/www.facebook.com\/uhlspeisekarten","article_modified_time":"2025-02-18T13:36:39+00:00","og_image":[{"width":1600,"height":1125,"url":"https:\/\/www.uhl-menu.com\/wp-content\/uploads\/tabernakel-3-teilige-speisekarte-din-a4.png","type":"image\/png"}],"twitter_card":"summary_large_image","twitter_misc":{"Estimeret l\u00e6setid":"1 minut"},"schema":{"@context":"https:\/\/schema.org","@graph":[{"@type":"WebPage","@id":"https:\/\/www.uhl-menu.com\/da\/produkt\/tabernakel\/","url":"https:\/\/www.uhl-menu.com\/da\/produkt\/tabernakel\/","name":"Tabernakel \u00bb 3-delt menu DIN A4 - menu de Uhl","isPartOf":{"@id":"https:\/\/www.uhl-menu.com\/da\/#website"},"primaryImageOfPage":{"@id":"https:\/\/www.uhl-menu.com\/da\/produkt\/tabernakel\/#primaryimage"},"image":{"@id":"https:\/\/www.uhl-menu.com\/da\/produkt\/tabernakel\/#primaryimage"},"thumbnailUrl":"https:\/\/www.uhl-menu.com\/wp-content\/uploads\/tabernakel-3-teilige-speisekarte-din-a4.png","datePublished":"2021-11-25T11:28:12+00:00","dateModified":"2025-02-18T13:36:39+00:00","breadcrumb":{"@id":"https:\/\/www.uhl-menu.com\/da\/produkt\/tabernakel\/#breadcrumb"},"inLanguage":"da-DK","potentialAction":[{"@type":"ReadAction","target":["https:\/\/www.uhl-menu.com\/da\/produkt\/tabernakel\/"]}]},{"@type":"ImageObject","inLanguage":"da-DK","@id":"https:\/\/www.uhl-menu.com\/da\/produkt\/tabernakel\/#primaryimage","url":"https:\/\/www.uhl-menu.com\/wp-content\/uploads\/tabernakel-3-teilige-speisekarte-din-a4.png","contentUrl":"https:\/\/www.uhl-menu.com\/wp-content\/uploads\/tabernakel-3-teilige-speisekarte-din-a4.png","width":1600,"height":1125},{"@type":"BreadcrumbList","@id":"https:\/\/www.uhl-menu.com\/da\/produkt\/tabernakel\/#breadcrumb","itemListElement":[{"@type":"ListItem","position":1,"name":"Startseite","item":"https:\/\/www.uhl-menu.com\/da\/butik\/"},{"@type":"ListItem","position":2,"name":"Tabernakel"}]},{"@type":"WebSite","@id":"https:\/\/www.uhl-menu.com\/da\/#website","url":"https:\/\/www.uhl-menu.com\/da\/","name":"menu de Uhl","description":"e fabricant de menus UHL, fond\u00e9 en 1982, s&#039;est donn\u00e9 d\u00e8s ses d\u00e9buts pour mission de se sp\u00e9cialiser dans les menus et les cartes des vins.","publisher":{"@id":"https:\/\/www.uhl-menu.com\/da\/#organization"},"potentialAction":[{"@type":"SearchAction","target":{"@type":"EntryPoint","urlTemplate":"https:\/\/www.uhl-menu.com\/da\/?s={search_term_string}"},"query-input":{"@type":"PropertyValueSpecification","valueRequired":true,"valueName":"search_term_string"}}],"inLanguage":"da-DK"},{"@type":"Organization","@id":"https:\/\/www.uhl-menu.com\/da\/#organization","name":"menu de Uhl","url":"https:\/\/www.uhl-menu.com\/da\/","logo":{"@type":"ImageObject","inLanguage":"da-DK","@id":"https:\/\/www.uhl-menu.com\/da\/#\/schema\/logo\/image\/","url":"https:\/\/www.uhl-menu.com\/wp-content\/uploads\/uhl-logo.png","contentUrl":"https:\/\/www.uhl-menu.com\/wp-content\/uploads\/uhl-logo.png","width":66,"height":41,"caption":"menu de Uhl"},"image":{"@id":"https:\/\/www.uhl-menu.com\/da\/#\/schema\/logo\/image\/"},"sameAs":["https:\/\/www.facebook.com\/uhlspeisekarten","https:\/\/www.youtube.com\/channel\/UCz6fCHDC_EvIaFfibirEF8A\/videos"]}]}},"_links":{"self":[{"href":"https:\/\/www.uhl-menu.com\/da\/wp-json\/wp\/v2\/product\/36855","targetHints":{"allow":["GET"]}}],"collection":[{"href":"https:\/\/www.uhl-menu.com\/da\/wp-json\/wp\/v2\/product"}],"about":[{"href":"https:\/\/www.uhl-menu.com\/da\/wp-json\/wp\/v2\/types\/product"}],"wp:featuredmedia":[{"embeddable":true,"href":"https:\/\/www.uhl-menu.com\/da\/wp-json\/wp\/v2\/media\/36921"}],"wp:attachment":[{"href":"https:\/\/www.uhl-menu.com\/da\/wp-json\/wp\/v2\/media?parent=36855"}],"wp:term":[{"taxonomy":"product_brand","embeddable":true,"href":"https:\/\/www.uhl-menu.com\/da\/wp-json\/wp\/v2\/product_brand?post=36855"},{"taxonomy":"product_cat","embeddable":true,"href":"https:\/\/www.uhl-menu.com\/da\/wp-json\/wp\/v2\/product_cat?post=36855"},{"taxonomy":"product_tag","embeddable":true,"href":"https:\/\/www.uhl-menu.com\/da\/wp-json\/wp\/v2\/product_tag?post=36855"}],"curies":[{"name":"wp","href":"https:\/\/api.w.org\/{rel}","templated":true}]}}