{"id":37527,"date":"2021-11-25T12:35:01","date_gmt":"2021-11-25T11:35:01","guid":{"rendered":"https:\/\/www.uhl-menu.com\/produkt\/ledende-folie\/"},"modified":"2025-02-18T14:31:16","modified_gmt":"2025-02-18T13:31:16","slug":"ledende-folie","status":"publish","type":"product","link":"https:\/\/www.uhl-menu.com\/da\/produkt\/ledende-folie\/","title":{"rendered":"Ledende folie"},"content":{"rendered":"<p>Leading Foil-menuen eller vinkortet er et indbundet kort og kan produceres med et vilk\u00e5rligt antal sider. Som med Leading-modellen er alle kanter p\u00e5 b\u00e5de det forst\u00e6rkede omslag og det indvendige spejl lukket, dvs. der er ingen sk\u00e6rekanter, hvor snavs eller fugt kan tr\u00e6nge ind. Det indvendige spejl p\u00e5 dette kort er dog ogs\u00e5 d\u00e6kket af vores h\u00f8rstof af h\u00f8j kvalitet. Den indre del af kortet best\u00e5r af fast integrerede, stive folieelementer med farvet passepartout i vindueslook, som beskytter dine menusider perfekt hele vejen rundt. Kvalitetselementerne er forbundet med smalle, rivefaste h\u00f8rh\u00e6ngsler og har en farvet kant hele vejen rundt, som vi tilbyder i farverne kobber, s\u00f8lv og creme.  <\/p>\n","protected":false},"excerpt":{"rendered":"<p>Leading Foil-menuen eller vinkortet er et indbundet kort og kan produceres med et vilk\u00e5rligt antal sider. Som med Leading-modellen er alle kanter p\u00e5 b\u00e5de det forst\u00e6rkede omslag og det indvendige spejl lukket, dvs. der er ingen sk\u00e6rekanter, hvor snavs eller fugt kan tr\u00e6nge ind. Det indvendige spejl p\u00e5 dette kort er dog ogs\u00e5 d\u00e6kket af [&hellip;]<\/p>\n","protected":false},"featured_media":37528,"template":"","meta":{"_acf_changed":false},"product_brand":[],"product_cat":[677,673,686,684,678,672,680,669,717,683,687,675,676,671],"product_tag":[],"class_list":{"0":"post-37527","1":"product","2":"type-product","3":"status-publish","4":"has-post-thumbnail","6":"product_cat-aegte-laeder","7":"product_cat-bar-kort","8":"product_cat-bundet","9":"product_cat-flere-sider","10":"product_cat-imiteret-laeder","11":"product_cat-indbundet","12":"product_cat-linned","13":"product_cat-menuer","14":"product_cat-stive-film","15":"product_cat-synth-materiale","16":"product_cat-udendoers","17":"product_cat-ufoelsom-over-for-fedt","18":"product_cat-vandafvisende","19":"product_cat-vinkort","20":"pa_format-til-a4-portraet","21":"pa_format-til-a5-hoej","22":"tm-has-options","24":"first","25":"instock","26":"taxable","27":"shipping-taxable","28":"purchasable","29":"product-type-variable"},"acf":[],"yoast_head":"<!-- This site is optimized with the Yoast SEO plugin v26.0 - https:\/\/yoast.com\/wordpress\/plugins\/seo\/ -->\n<title>Ledende folie \u00bb Menukort med fast folie p\u00e5 indersiden - menu de Uhl<\/title>\n<meta name=\"robots\" content=\"index, follow, max-snippet:-1, max-image-preview:large, max-video-preview:-1\" \/>\n<link rel=\"canonical\" href=\"https:\/\/www.uhl-menu.com\/da\/produkt\/ledende-folie\/\" \/>\n<meta property=\"og:locale\" content=\"da_DK\" \/>\n<meta property=\"og:type\" content=\"article\" \/>\n<meta property=\"og:title\" content=\"Ledende folie \u00bb Menukort med fast folie p\u00e5 indersiden - menu de Uhl\" \/>\n<meta property=\"og:description\" content=\"Leading Foil-menuen eller vinkortet er et indbundet kort og kan produceres med et vilk\u00e5rligt antal sider. Som med Leading-modellen er alle kanter p\u00e5 b\u00e5de det forst\u00e6rkede omslag og det indvendige spejl lukket, dvs. der er ingen sk\u00e6rekanter, hvor snavs eller fugt kan tr\u00e6nge ind. Det indvendige spejl p\u00e5 dette kort er dog ogs\u00e5 d\u00e6kket af [&hellip;]\" \/>\n<meta property=\"og:url\" content=\"https:\/\/www.uhl-menu.com\/da\/produkt\/ledende-folie\/\" \/>\n<meta property=\"og:site_name\" content=\"menu de Uhl\" \/>\n<meta property=\"article:publisher\" content=\"https:\/\/www.facebook.com\/uhlspeisekarten\" \/>\n<meta property=\"article:modified_time\" content=\"2025-02-18T13:31:16+00:00\" \/>\n<meta property=\"og:image\" content=\"https:\/\/www.uhl-menu.com\/wp-content\/uploads\/leading-foil-speisekarte-mit-festem-folien-innenteil.png\" \/>\n\t<meta property=\"og:image:width\" content=\"1600\" \/>\n\t<meta property=\"og:image:height\" content=\"1125\" \/>\n\t<meta property=\"og:image:type\" content=\"image\/png\" \/>\n<meta name=\"twitter:card\" content=\"summary_large_image\" \/>\n<meta name=\"twitter:label1\" content=\"Estimeret l\u00e6setid\" \/>\n\t<meta name=\"twitter:data1\" content=\"1 minut\" \/>\n<script type=\"application\/ld+json\" class=\"yoast-schema-graph\">{\"@context\":\"https:\/\/schema.org\",\"@graph\":[{\"@type\":\"WebPage\",\"@id\":\"https:\/\/www.uhl-menu.com\/da\/produkt\/ledende-folie\/\",\"url\":\"https:\/\/www.uhl-menu.com\/da\/produkt\/ledende-folie\/\",\"name\":\"Ledende folie \u00bb Menukort med fast folie p\u00e5 indersiden - menu de Uhl\",\"isPartOf\":{\"@id\":\"https:\/\/www.uhl-menu.com\/da\/#website\"},\"primaryImageOfPage\":{\"@id\":\"https:\/\/www.uhl-menu.com\/da\/produkt\/ledende-folie\/#primaryimage\"},\"image\":{\"@id\":\"https:\/\/www.uhl-menu.com\/da\/produkt\/ledende-folie\/#primaryimage\"},\"thumbnailUrl\":\"https:\/\/www.uhl-menu.com\/wp-content\/uploads\/leading-foil-speisekarte-mit-festem-folien-innenteil.png\",\"datePublished\":\"2021-11-25T11:35:01+00:00\",\"dateModified\":\"2025-02-18T13:31:16+00:00\",\"breadcrumb\":{\"@id\":\"https:\/\/www.uhl-menu.com\/da\/produkt\/ledende-folie\/#breadcrumb\"},\"inLanguage\":\"da-DK\",\"potentialAction\":[{\"@type\":\"ReadAction\",\"target\":[\"https:\/\/www.uhl-menu.com\/da\/produkt\/ledende-folie\/\"]}]},{\"@type\":\"ImageObject\",\"inLanguage\":\"da-DK\",\"@id\":\"https:\/\/www.uhl-menu.com\/da\/produkt\/ledende-folie\/#primaryimage\",\"url\":\"https:\/\/www.uhl-menu.com\/wp-content\/uploads\/leading-foil-speisekarte-mit-festem-folien-innenteil.png\",\"contentUrl\":\"https:\/\/www.uhl-menu.com\/wp-content\/uploads\/leading-foil-speisekarte-mit-festem-folien-innenteil.png\",\"width\":1600,\"height\":1125},{\"@type\":\"BreadcrumbList\",\"@id\":\"https:\/\/www.uhl-menu.com\/da\/produkt\/ledende-folie\/#breadcrumb\",\"itemListElement\":[{\"@type\":\"ListItem\",\"position\":1,\"name\":\"Startseite\",\"item\":\"https:\/\/www.uhl-menu.com\/da\/butik\/\"},{\"@type\":\"ListItem\",\"position\":2,\"name\":\"Ledende folie\"}]},{\"@type\":\"WebSite\",\"@id\":\"https:\/\/www.uhl-menu.com\/da\/#website\",\"url\":\"https:\/\/www.uhl-menu.com\/da\/\",\"name\":\"menu de Uhl\",\"description\":\"e fabricant de menus UHL, fond\u00e9 en 1982, s&#039;est donn\u00e9 d\u00e8s ses d\u00e9buts pour mission de se sp\u00e9cialiser dans les menus et les cartes des vins.\",\"publisher\":{\"@id\":\"https:\/\/www.uhl-menu.com\/da\/#organization\"},\"potentialAction\":[{\"@type\":\"SearchAction\",\"target\":{\"@type\":\"EntryPoint\",\"urlTemplate\":\"https:\/\/www.uhl-menu.com\/da\/?s={search_term_string}\"},\"query-input\":{\"@type\":\"PropertyValueSpecification\",\"valueRequired\":true,\"valueName\":\"search_term_string\"}}],\"inLanguage\":\"da-DK\"},{\"@type\":\"Organization\",\"@id\":\"https:\/\/www.uhl-menu.com\/da\/#organization\",\"name\":\"menu de Uhl\",\"url\":\"https:\/\/www.uhl-menu.com\/da\/\",\"logo\":{\"@type\":\"ImageObject\",\"inLanguage\":\"da-DK\",\"@id\":\"https:\/\/www.uhl-menu.com\/da\/#\/schema\/logo\/image\/\",\"url\":\"https:\/\/www.uhl-menu.com\/wp-content\/uploads\/uhl-logo.png\",\"contentUrl\":\"https:\/\/www.uhl-menu.com\/wp-content\/uploads\/uhl-logo.png\",\"width\":66,\"height\":41,\"caption\":\"menu de Uhl\"},\"image\":{\"@id\":\"https:\/\/www.uhl-menu.com\/da\/#\/schema\/logo\/image\/\"},\"sameAs\":[\"https:\/\/www.facebook.com\/uhlspeisekarten\",\"https:\/\/www.youtube.com\/channel\/UCz6fCHDC_EvIaFfibirEF8A\/videos\"]}]}<\/script>\n<!-- \/ Yoast SEO plugin. -->","yoast_head_json":{"title":"Ledende folie \u00bb Menukort med fast folie p\u00e5 indersiden - menu de Uhl","robots":{"index":"index","follow":"follow","max-snippet":"max-snippet:-1","max-image-preview":"max-image-preview:large","max-video-preview":"max-video-preview:-1"},"canonical":"https:\/\/www.uhl-menu.com\/da\/produkt\/ledende-folie\/","og_locale":"da_DK","og_type":"article","og_title":"Ledende folie \u00bb Menukort med fast folie p\u00e5 indersiden - menu de Uhl","og_description":"Leading Foil-menuen eller vinkortet er et indbundet kort og kan produceres med et vilk\u00e5rligt antal sider. Som med Leading-modellen er alle kanter p\u00e5 b\u00e5de det forst\u00e6rkede omslag og det indvendige spejl lukket, dvs. der er ingen sk\u00e6rekanter, hvor snavs eller fugt kan tr\u00e6nge ind. Det indvendige spejl p\u00e5 dette kort er dog ogs\u00e5 d\u00e6kket af [&hellip;]","og_url":"https:\/\/www.uhl-menu.com\/da\/produkt\/ledende-folie\/","og_site_name":"menu de Uhl","article_publisher":"https:\/\/www.facebook.com\/uhlspeisekarten","article_modified_time":"2025-02-18T13:31:16+00:00","og_image":[{"width":1600,"height":1125,"url":"https:\/\/www.uhl-menu.com\/wp-content\/uploads\/leading-foil-speisekarte-mit-festem-folien-innenteil.png","type":"image\/png"}],"twitter_card":"summary_large_image","twitter_misc":{"Estimeret l\u00e6setid":"1 minut"},"schema":{"@context":"https:\/\/schema.org","@graph":[{"@type":"WebPage","@id":"https:\/\/www.uhl-menu.com\/da\/produkt\/ledende-folie\/","url":"https:\/\/www.uhl-menu.com\/da\/produkt\/ledende-folie\/","name":"Ledende folie \u00bb Menukort med fast folie p\u00e5 indersiden - menu de Uhl","isPartOf":{"@id":"https:\/\/www.uhl-menu.com\/da\/#website"},"primaryImageOfPage":{"@id":"https:\/\/www.uhl-menu.com\/da\/produkt\/ledende-folie\/#primaryimage"},"image":{"@id":"https:\/\/www.uhl-menu.com\/da\/produkt\/ledende-folie\/#primaryimage"},"thumbnailUrl":"https:\/\/www.uhl-menu.com\/wp-content\/uploads\/leading-foil-speisekarte-mit-festem-folien-innenteil.png","datePublished":"2021-11-25T11:35:01+00:00","dateModified":"2025-02-18T13:31:16+00:00","breadcrumb":{"@id":"https:\/\/www.uhl-menu.com\/da\/produkt\/ledende-folie\/#breadcrumb"},"inLanguage":"da-DK","potentialAction":[{"@type":"ReadAction","target":["https:\/\/www.uhl-menu.com\/da\/produkt\/ledende-folie\/"]}]},{"@type":"ImageObject","inLanguage":"da-DK","@id":"https:\/\/www.uhl-menu.com\/da\/produkt\/ledende-folie\/#primaryimage","url":"https:\/\/www.uhl-menu.com\/wp-content\/uploads\/leading-foil-speisekarte-mit-festem-folien-innenteil.png","contentUrl":"https:\/\/www.uhl-menu.com\/wp-content\/uploads\/leading-foil-speisekarte-mit-festem-folien-innenteil.png","width":1600,"height":1125},{"@type":"BreadcrumbList","@id":"https:\/\/www.uhl-menu.com\/da\/produkt\/ledende-folie\/#breadcrumb","itemListElement":[{"@type":"ListItem","position":1,"name":"Startseite","item":"https:\/\/www.uhl-menu.com\/da\/butik\/"},{"@type":"ListItem","position":2,"name":"Ledende folie"}]},{"@type":"WebSite","@id":"https:\/\/www.uhl-menu.com\/da\/#website","url":"https:\/\/www.uhl-menu.com\/da\/","name":"menu de Uhl","description":"e fabricant de menus UHL, fond\u00e9 en 1982, s&#039;est donn\u00e9 d\u00e8s ses d\u00e9buts pour mission de se sp\u00e9cialiser dans les menus et les cartes des vins.","publisher":{"@id":"https:\/\/www.uhl-menu.com\/da\/#organization"},"potentialAction":[{"@type":"SearchAction","target":{"@type":"EntryPoint","urlTemplate":"https:\/\/www.uhl-menu.com\/da\/?s={search_term_string}"},"query-input":{"@type":"PropertyValueSpecification","valueRequired":true,"valueName":"search_term_string"}}],"inLanguage":"da-DK"},{"@type":"Organization","@id":"https:\/\/www.uhl-menu.com\/da\/#organization","name":"menu de Uhl","url":"https:\/\/www.uhl-menu.com\/da\/","logo":{"@type":"ImageObject","inLanguage":"da-DK","@id":"https:\/\/www.uhl-menu.com\/da\/#\/schema\/logo\/image\/","url":"https:\/\/www.uhl-menu.com\/wp-content\/uploads\/uhl-logo.png","contentUrl":"https:\/\/www.uhl-menu.com\/wp-content\/uploads\/uhl-logo.png","width":66,"height":41,"caption":"menu de Uhl"},"image":{"@id":"https:\/\/www.uhl-menu.com\/da\/#\/schema\/logo\/image\/"},"sameAs":["https:\/\/www.facebook.com\/uhlspeisekarten","https:\/\/www.youtube.com\/channel\/UCz6fCHDC_EvIaFfibirEF8A\/videos"]}]}},"_links":{"self":[{"href":"https:\/\/www.uhl-menu.com\/da\/wp-json\/wp\/v2\/product\/37527","targetHints":{"allow":["GET"]}}],"collection":[{"href":"https:\/\/www.uhl-menu.com\/da\/wp-json\/wp\/v2\/product"}],"about":[{"href":"https:\/\/www.uhl-menu.com\/da\/wp-json\/wp\/v2\/types\/product"}],"wp:featuredmedia":[{"embeddable":true,"href":"https:\/\/www.uhl-menu.com\/da\/wp-json\/wp\/v2\/media\/37528"}],"wp:attachment":[{"href":"https:\/\/www.uhl-menu.com\/da\/wp-json\/wp\/v2\/media?parent=37527"}],"wp:term":[{"taxonomy":"product_brand","embeddable":true,"href":"https:\/\/www.uhl-menu.com\/da\/wp-json\/wp\/v2\/product_brand?post=37527"},{"taxonomy":"product_cat","embeddable":true,"href":"https:\/\/www.uhl-menu.com\/da\/wp-json\/wp\/v2\/product_cat?post=37527"},{"taxonomy":"product_tag","embeddable":true,"href":"https:\/\/www.uhl-menu.com\/da\/wp-json\/wp\/v2\/product_tag?post=37527"}],"curies":[{"name":"wp","href":"https:\/\/api.w.org\/{rel}","templated":true}]}}