{"id":37604,"date":"2021-11-25T12:39:20","date_gmt":"2021-11-25T11:39:20","guid":{"rendered":"https:\/\/www.uhl-menu.com\/produkt\/ledende\/"},"modified":"2025-02-18T14:26:58","modified_gmt":"2025-02-18T13:26:58","slug":"ledende","status":"publish","type":"product","link":"https:\/\/www.uhl-menu.com\/da\/produkt\/ledende\/","title":{"rendered":"Ledende"},"content":{"rendered":"<p>Leading-menukortet er et mesterv\u00e6rk fra UHL-manufakturen: Det kombinerer den h\u00f8jeste pr\u00e6cision i forarbejdningen med den st\u00f8rst mulige modstandsdygtighed for at skabe et tiltalende design. Det betyder, at menukortet opfylder de mest eksklusive krav til b\u00e5de funktionalitet og udseende! Leading-menukortet er et indbundet kort med en fast indre sektion og kan produceres med et vilk\u00e5rligt antal elementer. Hvert indre element kan rumme to sider med tilbud, og du angiver antallet af elementer, n\u00e5r du bestiller. Alle kantomr\u00e5der p\u00e5 b\u00e5de det forst\u00e6rkede omslag og den indvendige del er lukkede, og de enkelte sideelementer er forbundet med en rivefast stofstrimmel. Alle overflader er robuste og lette at reng\u00f8re. Leading tilbyder et vilk\u00e5rligt antal indstiksmuligheder og f\u00e5s ogs\u00e5 i et tilpasset format efter anmodning. <\/p>\n","protected":false},"excerpt":{"rendered":"<p>Leading-menukortet er et mesterv\u00e6rk fra UHL-manufakturen: Det kombinerer den h\u00f8jeste pr\u00e6cision i forarbejdningen med den st\u00f8rst mulige modstandsdygtighed for at skabe et tiltalende design. Det betyder, at menukortet opfylder de mest eksklusive krav til b\u00e5de funktionalitet og udseende! Leading-menukortet er et indbundet kort med en fast indre sektion og kan produceres med et vilk\u00e5rligt antal [&hellip;]<\/p>\n","protected":false},"featured_media":37605,"template":"","meta":{"_acf_changed":false},"product_brand":[],"product_cat":[677,673,686,684,678,672,680,669,683,675,676,671],"product_tag":[],"class_list":{"0":"post-37604","1":"product","2":"type-product","3":"status-publish","4":"has-post-thumbnail","6":"product_cat-aegte-laeder","7":"product_cat-bar-kort","8":"product_cat-bundet","9":"product_cat-flere-sider","10":"product_cat-imiteret-laeder","11":"product_cat-indbundet","12":"product_cat-linned","13":"product_cat-menuer","14":"product_cat-synth-materiale","15":"product_cat-ufoelsom-over-for-fedt","16":"product_cat-vandafvisende","17":"product_cat-vinkort","18":"pa_format-oensket-format","19":"pa_format-til-a3-hoej","20":"pa_format-til-a4-portraet","21":"pa_format-til-a5-hoej","22":"pa_format-til-a6-hoej","23":"pa_format-for-din-lang","24":"tm-has-options","26":"first","27":"instock","28":"taxable","29":"shipping-taxable","30":"purchasable","31":"product-type-variable"},"acf":[],"yoast_head":"<!-- This site is optimized with the Yoast SEO plugin v26.0 - https:\/\/yoast.com\/wordpress\/plugins\/seo\/ -->\n<title>Ledende \u00bb Premium menufolder i h\u00f8j kvalitet - menu de Uhl<\/title>\n<meta name=\"robots\" content=\"index, follow, max-snippet:-1, max-image-preview:large, max-video-preview:-1\" \/>\n<link rel=\"canonical\" href=\"https:\/\/www.uhl-menu.com\/da\/produkt\/ledende\/\" \/>\n<meta property=\"og:locale\" content=\"da_DK\" \/>\n<meta property=\"og:type\" content=\"article\" \/>\n<meta property=\"og:title\" content=\"Ledende \u00bb Premium menufolder i h\u00f8j kvalitet - menu de Uhl\" \/>\n<meta property=\"og:description\" content=\"Leading-menukortet er et mesterv\u00e6rk fra UHL-manufakturen: Det kombinerer den h\u00f8jeste pr\u00e6cision i forarbejdningen med den st\u00f8rst mulige modstandsdygtighed for at skabe et tiltalende design. Det betyder, at menukortet opfylder de mest eksklusive krav til b\u00e5de funktionalitet og udseende! Leading-menukortet er et indbundet kort med en fast indre sektion og kan produceres med et vilk\u00e5rligt antal [&hellip;]\" \/>\n<meta property=\"og:url\" content=\"https:\/\/www.uhl-menu.com\/da\/produkt\/ledende\/\" \/>\n<meta property=\"og:site_name\" content=\"menu de Uhl\" \/>\n<meta property=\"article:publisher\" content=\"https:\/\/www.facebook.com\/uhlspeisekarten\" \/>\n<meta property=\"article:modified_time\" content=\"2025-02-18T13:26:58+00:00\" \/>\n<meta property=\"og:image\" content=\"https:\/\/www.uhl-menu.com\/wp-content\/uploads\/leading-hochwertige-premium-speisekarten-mappe.png\" \/>\n\t<meta property=\"og:image:width\" content=\"1600\" \/>\n\t<meta property=\"og:image:height\" content=\"1125\" \/>\n\t<meta property=\"og:image:type\" content=\"image\/png\" \/>\n<meta name=\"twitter:card\" content=\"summary_large_image\" \/>\n<meta name=\"twitter:label1\" content=\"Estimeret l\u00e6setid\" \/>\n\t<meta name=\"twitter:data1\" content=\"1 minut\" \/>\n<script type=\"application\/ld+json\" class=\"yoast-schema-graph\">{\"@context\":\"https:\/\/schema.org\",\"@graph\":[{\"@type\":\"WebPage\",\"@id\":\"https:\/\/www.uhl-menu.com\/da\/produkt\/ledende\/\",\"url\":\"https:\/\/www.uhl-menu.com\/da\/produkt\/ledende\/\",\"name\":\"Ledende \u00bb Premium menufolder i h\u00f8j kvalitet - menu de Uhl\",\"isPartOf\":{\"@id\":\"https:\/\/www.uhl-menu.com\/da\/#website\"},\"primaryImageOfPage\":{\"@id\":\"https:\/\/www.uhl-menu.com\/da\/produkt\/ledende\/#primaryimage\"},\"image\":{\"@id\":\"https:\/\/www.uhl-menu.com\/da\/produkt\/ledende\/#primaryimage\"},\"thumbnailUrl\":\"https:\/\/www.uhl-menu.com\/wp-content\/uploads\/leading-hochwertige-premium-speisekarten-mappe.png\",\"datePublished\":\"2021-11-25T11:39:20+00:00\",\"dateModified\":\"2025-02-18T13:26:58+00:00\",\"breadcrumb\":{\"@id\":\"https:\/\/www.uhl-menu.com\/da\/produkt\/ledende\/#breadcrumb\"},\"inLanguage\":\"da-DK\",\"potentialAction\":[{\"@type\":\"ReadAction\",\"target\":[\"https:\/\/www.uhl-menu.com\/da\/produkt\/ledende\/\"]}]},{\"@type\":\"ImageObject\",\"inLanguage\":\"da-DK\",\"@id\":\"https:\/\/www.uhl-menu.com\/da\/produkt\/ledende\/#primaryimage\",\"url\":\"https:\/\/www.uhl-menu.com\/wp-content\/uploads\/leading-hochwertige-premium-speisekarten-mappe.png\",\"contentUrl\":\"https:\/\/www.uhl-menu.com\/wp-content\/uploads\/leading-hochwertige-premium-speisekarten-mappe.png\",\"width\":1600,\"height\":1125},{\"@type\":\"BreadcrumbList\",\"@id\":\"https:\/\/www.uhl-menu.com\/da\/produkt\/ledende\/#breadcrumb\",\"itemListElement\":[{\"@type\":\"ListItem\",\"position\":1,\"name\":\"Startseite\",\"item\":\"https:\/\/www.uhl-menu.com\/da\/butik\/\"},{\"@type\":\"ListItem\",\"position\":2,\"name\":\"Ledende\"}]},{\"@type\":\"WebSite\",\"@id\":\"https:\/\/www.uhl-menu.com\/da\/#website\",\"url\":\"https:\/\/www.uhl-menu.com\/da\/\",\"name\":\"menu de Uhl\",\"description\":\"e fabricant de menus UHL, fond\u00e9 en 1982, s&#039;est donn\u00e9 d\u00e8s ses d\u00e9buts pour mission de se sp\u00e9cialiser dans les menus et les cartes des vins.\",\"publisher\":{\"@id\":\"https:\/\/www.uhl-menu.com\/da\/#organization\"},\"potentialAction\":[{\"@type\":\"SearchAction\",\"target\":{\"@type\":\"EntryPoint\",\"urlTemplate\":\"https:\/\/www.uhl-menu.com\/da\/?s={search_term_string}\"},\"query-input\":{\"@type\":\"PropertyValueSpecification\",\"valueRequired\":true,\"valueName\":\"search_term_string\"}}],\"inLanguage\":\"da-DK\"},{\"@type\":\"Organization\",\"@id\":\"https:\/\/www.uhl-menu.com\/da\/#organization\",\"name\":\"menu de Uhl\",\"url\":\"https:\/\/www.uhl-menu.com\/da\/\",\"logo\":{\"@type\":\"ImageObject\",\"inLanguage\":\"da-DK\",\"@id\":\"https:\/\/www.uhl-menu.com\/da\/#\/schema\/logo\/image\/\",\"url\":\"https:\/\/www.uhl-menu.com\/wp-content\/uploads\/uhl-logo.png\",\"contentUrl\":\"https:\/\/www.uhl-menu.com\/wp-content\/uploads\/uhl-logo.png\",\"width\":66,\"height\":41,\"caption\":\"menu de Uhl\"},\"image\":{\"@id\":\"https:\/\/www.uhl-menu.com\/da\/#\/schema\/logo\/image\/\"},\"sameAs\":[\"https:\/\/www.facebook.com\/uhlspeisekarten\",\"https:\/\/www.youtube.com\/channel\/UCz6fCHDC_EvIaFfibirEF8A\/videos\"]}]}<\/script>\n<!-- \/ Yoast SEO plugin. -->","yoast_head_json":{"title":"Ledende \u00bb Premium menufolder i h\u00f8j kvalitet - menu de Uhl","robots":{"index":"index","follow":"follow","max-snippet":"max-snippet:-1","max-image-preview":"max-image-preview:large","max-video-preview":"max-video-preview:-1"},"canonical":"https:\/\/www.uhl-menu.com\/da\/produkt\/ledende\/","og_locale":"da_DK","og_type":"article","og_title":"Ledende \u00bb Premium menufolder i h\u00f8j kvalitet - menu de Uhl","og_description":"Leading-menukortet er et mesterv\u00e6rk fra UHL-manufakturen: Det kombinerer den h\u00f8jeste pr\u00e6cision i forarbejdningen med den st\u00f8rst mulige modstandsdygtighed for at skabe et tiltalende design. Det betyder, at menukortet opfylder de mest eksklusive krav til b\u00e5de funktionalitet og udseende! Leading-menukortet er et indbundet kort med en fast indre sektion og kan produceres med et vilk\u00e5rligt antal [&hellip;]","og_url":"https:\/\/www.uhl-menu.com\/da\/produkt\/ledende\/","og_site_name":"menu de Uhl","article_publisher":"https:\/\/www.facebook.com\/uhlspeisekarten","article_modified_time":"2025-02-18T13:26:58+00:00","og_image":[{"width":1600,"height":1125,"url":"https:\/\/www.uhl-menu.com\/wp-content\/uploads\/leading-hochwertige-premium-speisekarten-mappe.png","type":"image\/png"}],"twitter_card":"summary_large_image","twitter_misc":{"Estimeret l\u00e6setid":"1 minut"},"schema":{"@context":"https:\/\/schema.org","@graph":[{"@type":"WebPage","@id":"https:\/\/www.uhl-menu.com\/da\/produkt\/ledende\/","url":"https:\/\/www.uhl-menu.com\/da\/produkt\/ledende\/","name":"Ledende \u00bb Premium menufolder i h\u00f8j kvalitet - menu de Uhl","isPartOf":{"@id":"https:\/\/www.uhl-menu.com\/da\/#website"},"primaryImageOfPage":{"@id":"https:\/\/www.uhl-menu.com\/da\/produkt\/ledende\/#primaryimage"},"image":{"@id":"https:\/\/www.uhl-menu.com\/da\/produkt\/ledende\/#primaryimage"},"thumbnailUrl":"https:\/\/www.uhl-menu.com\/wp-content\/uploads\/leading-hochwertige-premium-speisekarten-mappe.png","datePublished":"2021-11-25T11:39:20+00:00","dateModified":"2025-02-18T13:26:58+00:00","breadcrumb":{"@id":"https:\/\/www.uhl-menu.com\/da\/produkt\/ledende\/#breadcrumb"},"inLanguage":"da-DK","potentialAction":[{"@type":"ReadAction","target":["https:\/\/www.uhl-menu.com\/da\/produkt\/ledende\/"]}]},{"@type":"ImageObject","inLanguage":"da-DK","@id":"https:\/\/www.uhl-menu.com\/da\/produkt\/ledende\/#primaryimage","url":"https:\/\/www.uhl-menu.com\/wp-content\/uploads\/leading-hochwertige-premium-speisekarten-mappe.png","contentUrl":"https:\/\/www.uhl-menu.com\/wp-content\/uploads\/leading-hochwertige-premium-speisekarten-mappe.png","width":1600,"height":1125},{"@type":"BreadcrumbList","@id":"https:\/\/www.uhl-menu.com\/da\/produkt\/ledende\/#breadcrumb","itemListElement":[{"@type":"ListItem","position":1,"name":"Startseite","item":"https:\/\/www.uhl-menu.com\/da\/butik\/"},{"@type":"ListItem","position":2,"name":"Ledende"}]},{"@type":"WebSite","@id":"https:\/\/www.uhl-menu.com\/da\/#website","url":"https:\/\/www.uhl-menu.com\/da\/","name":"menu de Uhl","description":"e fabricant de menus UHL, fond\u00e9 en 1982, s&#039;est donn\u00e9 d\u00e8s ses d\u00e9buts pour mission de se sp\u00e9cialiser dans les menus et les cartes des vins.","publisher":{"@id":"https:\/\/www.uhl-menu.com\/da\/#organization"},"potentialAction":[{"@type":"SearchAction","target":{"@type":"EntryPoint","urlTemplate":"https:\/\/www.uhl-menu.com\/da\/?s={search_term_string}"},"query-input":{"@type":"PropertyValueSpecification","valueRequired":true,"valueName":"search_term_string"}}],"inLanguage":"da-DK"},{"@type":"Organization","@id":"https:\/\/www.uhl-menu.com\/da\/#organization","name":"menu de Uhl","url":"https:\/\/www.uhl-menu.com\/da\/","logo":{"@type":"ImageObject","inLanguage":"da-DK","@id":"https:\/\/www.uhl-menu.com\/da\/#\/schema\/logo\/image\/","url":"https:\/\/www.uhl-menu.com\/wp-content\/uploads\/uhl-logo.png","contentUrl":"https:\/\/www.uhl-menu.com\/wp-content\/uploads\/uhl-logo.png","width":66,"height":41,"caption":"menu de Uhl"},"image":{"@id":"https:\/\/www.uhl-menu.com\/da\/#\/schema\/logo\/image\/"},"sameAs":["https:\/\/www.facebook.com\/uhlspeisekarten","https:\/\/www.youtube.com\/channel\/UCz6fCHDC_EvIaFfibirEF8A\/videos"]}]}},"_links":{"self":[{"href":"https:\/\/www.uhl-menu.com\/da\/wp-json\/wp\/v2\/product\/37604","targetHints":{"allow":["GET"]}}],"collection":[{"href":"https:\/\/www.uhl-menu.com\/da\/wp-json\/wp\/v2\/product"}],"about":[{"href":"https:\/\/www.uhl-menu.com\/da\/wp-json\/wp\/v2\/types\/product"}],"wp:featuredmedia":[{"embeddable":true,"href":"https:\/\/www.uhl-menu.com\/da\/wp-json\/wp\/v2\/media\/37605"}],"wp:attachment":[{"href":"https:\/\/www.uhl-menu.com\/da\/wp-json\/wp\/v2\/media?parent=37604"}],"wp:term":[{"taxonomy":"product_brand","embeddable":true,"href":"https:\/\/www.uhl-menu.com\/da\/wp-json\/wp\/v2\/product_brand?post=37604"},{"taxonomy":"product_cat","embeddable":true,"href":"https:\/\/www.uhl-menu.com\/da\/wp-json\/wp\/v2\/product_cat?post=37604"},{"taxonomy":"product_tag","embeddable":true,"href":"https:\/\/www.uhl-menu.com\/da\/wp-json\/wp\/v2\/product_tag?post=37604"}],"curies":[{"name":"wp","href":"https:\/\/api.w.org\/{rel}","templated":true}]}}