{"id":33550,"date":"2022-10-13T13:46:05","date_gmt":"2022-10-13T11:46:05","guid":{"rendered":"https:\/\/www.uhl-menu.com\/produkt\/flexible-ii\/"},"modified":"2024-05-31T15:05:55","modified_gmt":"2024-05-31T13:05:55","slug":"flexible-ii","status":"publish","type":"product","link":"https:\/\/www.uhl-menu.com\/en\/produkt\/flexible-ii\/","title":{"rendered":"Flexible II"},"content":{"rendered":"<p>This menu not only impresses with its attractive shape, but also with its maximum practicality: the Flexibel II menu is equipped with an internal screw system so that you can expand or reduce your range at any time. The book screws are concealed inside the center of the bar by an elegant flap.<\/p>\n<p>The corresponding Flexibel II inner elements from the cardboard series are available in both standard and leading quality and have tear-resistant linen tapes (perforated 2 or 4 times depending on the card format).<\/p>\n<p>The easy-care Flexibel II menu scores points with a hardcover design and high-quality cover materials such as linen, synthetic or imitation leather, which are stitched with decorative stitching on the edge and have an optional edge protection in gold or silver.<\/p>\n","protected":false},"excerpt":{"rendered":"<p>This menu not only impresses with its attractive shape, but also with its maximum practicality: the Flexibel II menu is equipped with an internal screw system so that you can expand or reduce your range at any time. The book screws are concealed inside the center of the bar by an elegant flap. The corresponding [&hellip;]<\/p>\n","protected":false},"featured_media":30978,"template":"","meta":{"_acf_changed":false},"product_brand":[],"product_cat":[454,461,460,459,456,457,458,455],"product_tag":[],"class_list":{"0":"post-33550","1":"product","2":"type-product","3":"status-publish","4":"has-post-thumbnail","6":"product_cat-drinks-menus","7":"product_cat-flexible","8":"product_cat-flexible-number-of-pages","9":"product_cat-genuine-leather","10":"product_cat-hardcover-en","11":"product_cat-insensitive-to-grease","12":"product_cat-water-repellent","13":"product_cat-wine-lists","14":"pa_format-l-11x11x30-en","15":"pa_format-m-11x11x21-en","16":"pa_format-s-11x11x15-en","17":"tm-has-options","19":"first","20":"instock","21":"taxable","22":"shipping-taxable","23":"purchasable","24":"product-type-variable"},"acf":[],"yoast_head":"<!-- This site is optimized with the Yoast SEO plugin v26.0 - https:\/\/yoast.com\/wordpress\/plugins\/seo\/ -->\n<title>Flexible II \u00bb Flexible food and drinks menu - menu de Uhl<\/title>\n<meta name=\"robots\" content=\"index, follow, max-snippet:-1, max-image-preview:large, max-video-preview:-1\" \/>\n<link rel=\"canonical\" href=\"https:\/\/www.uhl-menu.com\/en\/produkt\/flexible-ii\/\" \/>\n<meta property=\"og:locale\" content=\"en_US\" \/>\n<meta property=\"og:type\" content=\"article\" \/>\n<meta property=\"og:title\" content=\"Flexible II \u00bb Flexible food and drinks menu - menu de Uhl\" \/>\n<meta property=\"og:description\" content=\"This menu not only impresses with its attractive shape, but also with its maximum practicality: the Flexibel II menu is equipped with an internal screw system so that you can expand or reduce your range at any time. The book screws are concealed inside the center of the bar by an elegant flap. The corresponding [&hellip;]\" \/>\n<meta property=\"og:url\" content=\"https:\/\/www.uhl-menu.com\/en\/produkt\/flexible-ii\/\" \/>\n<meta property=\"og:site_name\" content=\"menu de Uhl\" \/>\n<meta property=\"article:publisher\" content=\"https:\/\/www.facebook.com\/uhlspeisekarten\" \/>\n<meta property=\"article:modified_time\" content=\"2024-05-31T13:05:55+00:00\" \/>\n<meta property=\"og:image\" content=\"https:\/\/www.uhl-menu.com\/wp-content\/uploads\/Flexibel-Produkt_front-1024x720.png\" \/>\n\t<meta property=\"og:image:width\" content=\"1024\" \/>\n\t<meta property=\"og:image:height\" content=\"720\" \/>\n\t<meta property=\"og:image:type\" content=\"image\/png\" \/>\n<meta name=\"twitter:card\" content=\"summary_large_image\" \/>\n<meta name=\"twitter:label1\" content=\"Est. reading time\" \/>\n\t<meta name=\"twitter:data1\" content=\"1 minute\" \/>\n<script type=\"application\/ld+json\" class=\"yoast-schema-graph\">{\"@context\":\"https:\/\/schema.org\",\"@graph\":[{\"@type\":\"WebPage\",\"@id\":\"https:\/\/www.uhl-menu.com\/en\/produkt\/flexible-ii\/\",\"url\":\"https:\/\/www.uhl-menu.com\/en\/produkt\/flexible-ii\/\",\"name\":\"Flexible II \u00bb Flexible food and drinks menu - menu de Uhl\",\"isPartOf\":{\"@id\":\"https:\/\/www.uhl-menu.com\/en\/#website\"},\"primaryImageOfPage\":{\"@id\":\"https:\/\/www.uhl-menu.com\/en\/produkt\/flexible-ii\/#primaryimage\"},\"image\":{\"@id\":\"https:\/\/www.uhl-menu.com\/en\/produkt\/flexible-ii\/#primaryimage\"},\"thumbnailUrl\":\"https:\/\/www.uhl-menu.com\/wp-content\/uploads\/Flexibel-Produkt_front.png\",\"datePublished\":\"2022-10-13T11:46:05+00:00\",\"dateModified\":\"2024-05-31T13:05:55+00:00\",\"breadcrumb\":{\"@id\":\"https:\/\/www.uhl-menu.com\/en\/produkt\/flexible-ii\/#breadcrumb\"},\"inLanguage\":\"en-US\",\"potentialAction\":[{\"@type\":\"ReadAction\",\"target\":[\"https:\/\/www.uhl-menu.com\/en\/produkt\/flexible-ii\/\"]}]},{\"@type\":\"ImageObject\",\"inLanguage\":\"en-US\",\"@id\":\"https:\/\/www.uhl-menu.com\/en\/produkt\/flexible-ii\/#primaryimage\",\"url\":\"https:\/\/www.uhl-menu.com\/wp-content\/uploads\/Flexibel-Produkt_front.png\",\"contentUrl\":\"https:\/\/www.uhl-menu.com\/wp-content\/uploads\/Flexibel-Produkt_front.png\",\"width\":3542,\"height\":2490},{\"@type\":\"BreadcrumbList\",\"@id\":\"https:\/\/www.uhl-menu.com\/en\/produkt\/flexible-ii\/#breadcrumb\",\"itemListElement\":[{\"@type\":\"ListItem\",\"position\":1,\"name\":\"Startseite\",\"item\":\"https:\/\/www.uhl-menu.com\/en\/\"},{\"@type\":\"ListItem\",\"position\":2,\"name\":\"Store\",\"item\":\"https:\/\/www.uhl-menu.com\/en\/shop\/\"},{\"@type\":\"ListItem\",\"position\":3,\"name\":\"Flexible II\"}]},{\"@type\":\"WebSite\",\"@id\":\"https:\/\/www.uhl-menu.com\/en\/#website\",\"url\":\"https:\/\/www.uhl-menu.com\/en\/\",\"name\":\"menu de Uhl\",\"description\":\"e fabricant de menus UHL, fond\u00e9 en 1982, s&#039;est donn\u00e9 d\u00e8s ses d\u00e9buts pour mission de se sp\u00e9cialiser dans les menus et les cartes des vins.\",\"publisher\":{\"@id\":\"https:\/\/www.uhl-menu.com\/en\/#organization\"},\"potentialAction\":[{\"@type\":\"SearchAction\",\"target\":{\"@type\":\"EntryPoint\",\"urlTemplate\":\"https:\/\/www.uhl-menu.com\/en\/?s={search_term_string}\"},\"query-input\":{\"@type\":\"PropertyValueSpecification\",\"valueRequired\":true,\"valueName\":\"search_term_string\"}}],\"inLanguage\":\"en-US\"},{\"@type\":\"Organization\",\"@id\":\"https:\/\/www.uhl-menu.com\/en\/#organization\",\"name\":\"menu de Uhl\",\"url\":\"https:\/\/www.uhl-menu.com\/en\/\",\"logo\":{\"@type\":\"ImageObject\",\"inLanguage\":\"en-US\",\"@id\":\"https:\/\/www.uhl-menu.com\/en\/#\/schema\/logo\/image\/\",\"url\":\"https:\/\/www.uhl-menu.com\/wp-content\/uploads\/uhl-logo.png\",\"contentUrl\":\"https:\/\/www.uhl-menu.com\/wp-content\/uploads\/uhl-logo.png\",\"width\":66,\"height\":41,\"caption\":\"menu de Uhl\"},\"image\":{\"@id\":\"https:\/\/www.uhl-menu.com\/en\/#\/schema\/logo\/image\/\"},\"sameAs\":[\"https:\/\/www.facebook.com\/uhlspeisekarten\",\"https:\/\/www.youtube.com\/channel\/UCz6fCHDC_EvIaFfibirEF8A\/videos\"]}]}<\/script>\n<!-- \/ Yoast SEO plugin. -->","yoast_head_json":{"title":"Flexible II \u00bb Flexible food and drinks menu - menu de Uhl","robots":{"index":"index","follow":"follow","max-snippet":"max-snippet:-1","max-image-preview":"max-image-preview:large","max-video-preview":"max-video-preview:-1"},"canonical":"https:\/\/www.uhl-menu.com\/en\/produkt\/flexible-ii\/","og_locale":"en_US","og_type":"article","og_title":"Flexible II \u00bb Flexible food and drinks menu - menu de Uhl","og_description":"This menu not only impresses with its attractive shape, but also with its maximum practicality: the Flexibel II menu is equipped with an internal screw system so that you can expand or reduce your range at any time. The book screws are concealed inside the center of the bar by an elegant flap. The corresponding [&hellip;]","og_url":"https:\/\/www.uhl-menu.com\/en\/produkt\/flexible-ii\/","og_site_name":"menu de Uhl","article_publisher":"https:\/\/www.facebook.com\/uhlspeisekarten","article_modified_time":"2024-05-31T13:05:55+00:00","og_image":[{"width":1024,"height":720,"url":"https:\/\/www.uhl-menu.com\/wp-content\/uploads\/Flexibel-Produkt_front-1024x720.png","type":"image\/png"}],"twitter_card":"summary_large_image","twitter_misc":{"Est. reading time":"1 minute"},"schema":{"@context":"https:\/\/schema.org","@graph":[{"@type":"WebPage","@id":"https:\/\/www.uhl-menu.com\/en\/produkt\/flexible-ii\/","url":"https:\/\/www.uhl-menu.com\/en\/produkt\/flexible-ii\/","name":"Flexible II \u00bb Flexible food and drinks menu - menu de Uhl","isPartOf":{"@id":"https:\/\/www.uhl-menu.com\/en\/#website"},"primaryImageOfPage":{"@id":"https:\/\/www.uhl-menu.com\/en\/produkt\/flexible-ii\/#primaryimage"},"image":{"@id":"https:\/\/www.uhl-menu.com\/en\/produkt\/flexible-ii\/#primaryimage"},"thumbnailUrl":"https:\/\/www.uhl-menu.com\/wp-content\/uploads\/Flexibel-Produkt_front.png","datePublished":"2022-10-13T11:46:05+00:00","dateModified":"2024-05-31T13:05:55+00:00","breadcrumb":{"@id":"https:\/\/www.uhl-menu.com\/en\/produkt\/flexible-ii\/#breadcrumb"},"inLanguage":"en-US","potentialAction":[{"@type":"ReadAction","target":["https:\/\/www.uhl-menu.com\/en\/produkt\/flexible-ii\/"]}]},{"@type":"ImageObject","inLanguage":"en-US","@id":"https:\/\/www.uhl-menu.com\/en\/produkt\/flexible-ii\/#primaryimage","url":"https:\/\/www.uhl-menu.com\/wp-content\/uploads\/Flexibel-Produkt_front.png","contentUrl":"https:\/\/www.uhl-menu.com\/wp-content\/uploads\/Flexibel-Produkt_front.png","width":3542,"height":2490},{"@type":"BreadcrumbList","@id":"https:\/\/www.uhl-menu.com\/en\/produkt\/flexible-ii\/#breadcrumb","itemListElement":[{"@type":"ListItem","position":1,"name":"Startseite","item":"https:\/\/www.uhl-menu.com\/en\/"},{"@type":"ListItem","position":2,"name":"Store","item":"https:\/\/www.uhl-menu.com\/en\/shop\/"},{"@type":"ListItem","position":3,"name":"Flexible II"}]},{"@type":"WebSite","@id":"https:\/\/www.uhl-menu.com\/en\/#website","url":"https:\/\/www.uhl-menu.com\/en\/","name":"menu de Uhl","description":"e fabricant de menus UHL, fond\u00e9 en 1982, s&#039;est donn\u00e9 d\u00e8s ses d\u00e9buts pour mission de se sp\u00e9cialiser dans les menus et les cartes des vins.","publisher":{"@id":"https:\/\/www.uhl-menu.com\/en\/#organization"},"potentialAction":[{"@type":"SearchAction","target":{"@type":"EntryPoint","urlTemplate":"https:\/\/www.uhl-menu.com\/en\/?s={search_term_string}"},"query-input":{"@type":"PropertyValueSpecification","valueRequired":true,"valueName":"search_term_string"}}],"inLanguage":"en-US"},{"@type":"Organization","@id":"https:\/\/www.uhl-menu.com\/en\/#organization","name":"menu de Uhl","url":"https:\/\/www.uhl-menu.com\/en\/","logo":{"@type":"ImageObject","inLanguage":"en-US","@id":"https:\/\/www.uhl-menu.com\/en\/#\/schema\/logo\/image\/","url":"https:\/\/www.uhl-menu.com\/wp-content\/uploads\/uhl-logo.png","contentUrl":"https:\/\/www.uhl-menu.com\/wp-content\/uploads\/uhl-logo.png","width":66,"height":41,"caption":"menu de Uhl"},"image":{"@id":"https:\/\/www.uhl-menu.com\/en\/#\/schema\/logo\/image\/"},"sameAs":["https:\/\/www.facebook.com\/uhlspeisekarten","https:\/\/www.youtube.com\/channel\/UCz6fCHDC_EvIaFfibirEF8A\/videos"]}]}},"_links":{"self":[{"href":"https:\/\/www.uhl-menu.com\/en\/wp-json\/wp\/v2\/product\/33550","targetHints":{"allow":["GET"]}}],"collection":[{"href":"https:\/\/www.uhl-menu.com\/en\/wp-json\/wp\/v2\/product"}],"about":[{"href":"https:\/\/www.uhl-menu.com\/en\/wp-json\/wp\/v2\/types\/product"}],"wp:featuredmedia":[{"embeddable":true,"href":"https:\/\/www.uhl-menu.com\/en\/wp-json\/wp\/v2\/media\/30978"}],"wp:attachment":[{"href":"https:\/\/www.uhl-menu.com\/en\/wp-json\/wp\/v2\/media?parent=33550"}],"wp:term":[{"taxonomy":"product_brand","embeddable":true,"href":"https:\/\/www.uhl-menu.com\/en\/wp-json\/wp\/v2\/product_brand?post=33550"},{"taxonomy":"product_cat","embeddable":true,"href":"https:\/\/www.uhl-menu.com\/en\/wp-json\/wp\/v2\/product_cat?post=33550"},{"taxonomy":"product_tag","embeddable":true,"href":"https:\/\/www.uhl-menu.com\/en\/wp-json\/wp\/v2\/product_tag?post=33550"}],"curies":[{"name":"wp","href":"https:\/\/api.w.org\/{rel}","templated":true}]}}