{"id":33559,"date":"2021-11-25T14:24:33","date_gmt":"2021-11-25T13:24:33","guid":{"rendered":"https:\/\/www.uhl-menu.com\/produkt\/wood-back\/"},"modified":"2024-05-31T15:09:50","modified_gmt":"2024-05-31T13:09:50","slug":"wood-back","status":"publish","type":"product","link":"https:\/\/www.uhl-menu.com\/en\/produkt\/wood-back\/","title":{"rendered":"Wood Back"},"content":{"rendered":"<p>The cover of our Wood Back card stands out with two wooden strips on the left-hand side. The combination of wood, the book screws and high-quality cover material guarantees a successful presentation of your offer, which is very suitable for rustic pubs.<\/p>\n<p>The external book screws on the back of the Wood Back menu make it easy and uncomplicated to change the food and drinks on offer. The card model allows you to flexibly design the page size and exchange individual sheets as well as transparent foils and\/or inner elements. The outer format of the card is adapted to the selected content. On request, the cards can be fitted with foils or inner elements according to your specifications.<\/p>\n<p>Closed edges on the cover, crease-resistant edge and the high-quality materials ensure durability. Like all our cards, the Wood Back is robust and particularly easy to care for.<\/p>\n","protected":false},"excerpt":{"rendered":"<p>The cover of our Wood Back card stands out with two wooden strips on the left-hand side. The combination of wood, the book screws and high-quality cover material guarantees a successful presentation of your offer, which is very suitable for rustic pubs. The external book screws on the back of the Wood Back menu make [&hellip;]<\/p>\n","protected":false},"featured_media":24218,"template":"","meta":{"_acf_changed":false},"product_brand":[],"product_cat":[507,461,460,459,456,472,457,480,500,521,518,484,458,455],"product_tag":[],"class_list":{"0":"post-33559","1":"product","2":"type-product","3":"status-publish","4":"has-post-thumbnail","6":"product_cat-cardboard-box","7":"product_cat-flexible","8":"product_cat-flexible-number-of-pages","9":"product_cat-genuine-leather","10":"product_cat-hardcover-en","11":"product_cat-imitation-leather","12":"product_cat-insensitive-to-grease","13":"product_cat-linen","14":"product_cat-menus","15":"product_cat-outdoor-en","16":"product_cat-slides","17":"product_cat-synth-material","18":"product_cat-water-repellent","19":"product_cat-wine-lists","20":"pa_format-l-11x11x30-en","21":"pa_format-m-11x11x21-en","22":"pa_format-s-11x11x15-en","23":"tm-has-options","25":"first","26":"instock","27":"taxable","28":"shipping-taxable","29":"purchasable","30":"product-type-variable"},"acf":[],"yoast_head":"<!-- This site is optimized with the Yoast SEO plugin v26.0 - https:\/\/yoast.com\/wordpress\/plugins\/seo\/ -->\n<title>Wood Back \u00bb Menu with wooden slats and book screws - menu de Uhl<\/title>\n<meta name=\"robots\" content=\"index, follow, max-snippet:-1, max-image-preview:large, max-video-preview:-1\" \/>\n<link rel=\"canonical\" href=\"https:\/\/www.uhl-menu.com\/en\/produkt\/wood-back\/\" \/>\n<meta property=\"og:locale\" content=\"en_US\" \/>\n<meta property=\"og:type\" content=\"article\" \/>\n<meta property=\"og:title\" content=\"Wood Back \u00bb Menu with wooden slats and book screws - menu de Uhl\" \/>\n<meta property=\"og:description\" content=\"The cover of our Wood Back card stands out with two wooden strips on the left-hand side. The combination of wood, the book screws and high-quality cover material guarantees a successful presentation of your offer, which is very suitable for rustic pubs. The external book screws on the back of the Wood Back menu make [&hellip;]\" \/>\n<meta property=\"og:url\" content=\"https:\/\/www.uhl-menu.com\/en\/produkt\/wood-back\/\" \/>\n<meta property=\"og:site_name\" content=\"menu de Uhl\" \/>\n<meta property=\"article:publisher\" content=\"https:\/\/www.facebook.com\/uhlspeisekarten\" \/>\n<meta property=\"article:modified_time\" content=\"2024-05-31T13:09:50+00:00\" \/>\n<meta property=\"og:image\" content=\"https:\/\/www.uhl-menu.com\/wp-content\/uploads\/wood-back-speisekarte-mit-holzleisten-und-buchschrauben.png\" \/>\n\t<meta property=\"og:image:width\" content=\"1600\" \/>\n\t<meta property=\"og:image:height\" content=\"1125\" \/>\n\t<meta property=\"og:image:type\" content=\"image\/png\" \/>\n<meta name=\"twitter:card\" content=\"summary_large_image\" \/>\n<meta name=\"twitter:label1\" content=\"Est. reading time\" \/>\n\t<meta name=\"twitter:data1\" content=\"2 minutes\" \/>\n<script type=\"application\/ld+json\" class=\"yoast-schema-graph\">{\"@context\":\"https:\/\/schema.org\",\"@graph\":[{\"@type\":\"WebPage\",\"@id\":\"https:\/\/www.uhl-menu.com\/en\/produkt\/wood-back\/\",\"url\":\"https:\/\/www.uhl-menu.com\/en\/produkt\/wood-back\/\",\"name\":\"Wood Back \u00bb Menu with wooden slats and book screws - menu de Uhl\",\"isPartOf\":{\"@id\":\"https:\/\/www.uhl-menu.com\/en\/#website\"},\"primaryImageOfPage\":{\"@id\":\"https:\/\/www.uhl-menu.com\/en\/produkt\/wood-back\/#primaryimage\"},\"image\":{\"@id\":\"https:\/\/www.uhl-menu.com\/en\/produkt\/wood-back\/#primaryimage\"},\"thumbnailUrl\":\"https:\/\/www.uhl-menu.com\/wp-content\/uploads\/wood-back-speisekarte-mit-holzleisten-und-buchschrauben.png\",\"datePublished\":\"2021-11-25T13:24:33+00:00\",\"dateModified\":\"2024-05-31T13:09:50+00:00\",\"breadcrumb\":{\"@id\":\"https:\/\/www.uhl-menu.com\/en\/produkt\/wood-back\/#breadcrumb\"},\"inLanguage\":\"en-US\",\"potentialAction\":[{\"@type\":\"ReadAction\",\"target\":[\"https:\/\/www.uhl-menu.com\/en\/produkt\/wood-back\/\"]}]},{\"@type\":\"ImageObject\",\"inLanguage\":\"en-US\",\"@id\":\"https:\/\/www.uhl-menu.com\/en\/produkt\/wood-back\/#primaryimage\",\"url\":\"https:\/\/www.uhl-menu.com\/wp-content\/uploads\/wood-back-speisekarte-mit-holzleisten-und-buchschrauben.png\",\"contentUrl\":\"https:\/\/www.uhl-menu.com\/wp-content\/uploads\/wood-back-speisekarte-mit-holzleisten-und-buchschrauben.png\",\"width\":1600,\"height\":1125,\"caption\":\"Rustic menu with cover material of your choice, cover with wooden slats and book screws: Wood Back model\"},{\"@type\":\"BreadcrumbList\",\"@id\":\"https:\/\/www.uhl-menu.com\/en\/produkt\/wood-back\/#breadcrumb\",\"itemListElement\":[{\"@type\":\"ListItem\",\"position\":1,\"name\":\"Startseite\",\"item\":\"https:\/\/www.uhl-menu.com\/en\/\"},{\"@type\":\"ListItem\",\"position\":2,\"name\":\"Store\",\"item\":\"https:\/\/www.uhl-menu.com\/en\/shop\/\"},{\"@type\":\"ListItem\",\"position\":3,\"name\":\"Wood Back\"}]},{\"@type\":\"WebSite\",\"@id\":\"https:\/\/www.uhl-menu.com\/en\/#website\",\"url\":\"https:\/\/www.uhl-menu.com\/en\/\",\"name\":\"menu de Uhl\",\"description\":\"e fabricant de menus UHL, fond\u00e9 en 1982, s&#039;est donn\u00e9 d\u00e8s ses d\u00e9buts pour mission de se sp\u00e9cialiser dans les menus et les cartes des vins.\",\"publisher\":{\"@id\":\"https:\/\/www.uhl-menu.com\/en\/#organization\"},\"potentialAction\":[{\"@type\":\"SearchAction\",\"target\":{\"@type\":\"EntryPoint\",\"urlTemplate\":\"https:\/\/www.uhl-menu.com\/en\/?s={search_term_string}\"},\"query-input\":{\"@type\":\"PropertyValueSpecification\",\"valueRequired\":true,\"valueName\":\"search_term_string\"}}],\"inLanguage\":\"en-US\"},{\"@type\":\"Organization\",\"@id\":\"https:\/\/www.uhl-menu.com\/en\/#organization\",\"name\":\"menu de Uhl\",\"url\":\"https:\/\/www.uhl-menu.com\/en\/\",\"logo\":{\"@type\":\"ImageObject\",\"inLanguage\":\"en-US\",\"@id\":\"https:\/\/www.uhl-menu.com\/en\/#\/schema\/logo\/image\/\",\"url\":\"https:\/\/www.uhl-menu.com\/wp-content\/uploads\/uhl-logo.png\",\"contentUrl\":\"https:\/\/www.uhl-menu.com\/wp-content\/uploads\/uhl-logo.png\",\"width\":66,\"height\":41,\"caption\":\"menu de Uhl\"},\"image\":{\"@id\":\"https:\/\/www.uhl-menu.com\/en\/#\/schema\/logo\/image\/\"},\"sameAs\":[\"https:\/\/www.facebook.com\/uhlspeisekarten\",\"https:\/\/www.youtube.com\/channel\/UCz6fCHDC_EvIaFfibirEF8A\/videos\"]}]}<\/script>\n<!-- \/ Yoast SEO plugin. -->","yoast_head_json":{"title":"Wood Back \u00bb Menu with wooden slats and book screws - menu de Uhl","robots":{"index":"index","follow":"follow","max-snippet":"max-snippet:-1","max-image-preview":"max-image-preview:large","max-video-preview":"max-video-preview:-1"},"canonical":"https:\/\/www.uhl-menu.com\/en\/produkt\/wood-back\/","og_locale":"en_US","og_type":"article","og_title":"Wood Back \u00bb Menu with wooden slats and book screws - menu de Uhl","og_description":"The cover of our Wood Back card stands out with two wooden strips on the left-hand side. The combination of wood, the book screws and high-quality cover material guarantees a successful presentation of your offer, which is very suitable for rustic pubs. The external book screws on the back of the Wood Back menu make [&hellip;]","og_url":"https:\/\/www.uhl-menu.com\/en\/produkt\/wood-back\/","og_site_name":"menu de Uhl","article_publisher":"https:\/\/www.facebook.com\/uhlspeisekarten","article_modified_time":"2024-05-31T13:09:50+00:00","og_image":[{"width":1600,"height":1125,"url":"https:\/\/www.uhl-menu.com\/wp-content\/uploads\/wood-back-speisekarte-mit-holzleisten-und-buchschrauben.png","type":"image\/png"}],"twitter_card":"summary_large_image","twitter_misc":{"Est. reading time":"2 minutes"},"schema":{"@context":"https:\/\/schema.org","@graph":[{"@type":"WebPage","@id":"https:\/\/www.uhl-menu.com\/en\/produkt\/wood-back\/","url":"https:\/\/www.uhl-menu.com\/en\/produkt\/wood-back\/","name":"Wood Back \u00bb Menu with wooden slats and book screws - menu de Uhl","isPartOf":{"@id":"https:\/\/www.uhl-menu.com\/en\/#website"},"primaryImageOfPage":{"@id":"https:\/\/www.uhl-menu.com\/en\/produkt\/wood-back\/#primaryimage"},"image":{"@id":"https:\/\/www.uhl-menu.com\/en\/produkt\/wood-back\/#primaryimage"},"thumbnailUrl":"https:\/\/www.uhl-menu.com\/wp-content\/uploads\/wood-back-speisekarte-mit-holzleisten-und-buchschrauben.png","datePublished":"2021-11-25T13:24:33+00:00","dateModified":"2024-05-31T13:09:50+00:00","breadcrumb":{"@id":"https:\/\/www.uhl-menu.com\/en\/produkt\/wood-back\/#breadcrumb"},"inLanguage":"en-US","potentialAction":[{"@type":"ReadAction","target":["https:\/\/www.uhl-menu.com\/en\/produkt\/wood-back\/"]}]},{"@type":"ImageObject","inLanguage":"en-US","@id":"https:\/\/www.uhl-menu.com\/en\/produkt\/wood-back\/#primaryimage","url":"https:\/\/www.uhl-menu.com\/wp-content\/uploads\/wood-back-speisekarte-mit-holzleisten-und-buchschrauben.png","contentUrl":"https:\/\/www.uhl-menu.com\/wp-content\/uploads\/wood-back-speisekarte-mit-holzleisten-und-buchschrauben.png","width":1600,"height":1125,"caption":"Rustic menu with cover material of your choice, cover with wooden slats and book screws: Wood Back model"},{"@type":"BreadcrumbList","@id":"https:\/\/www.uhl-menu.com\/en\/produkt\/wood-back\/#breadcrumb","itemListElement":[{"@type":"ListItem","position":1,"name":"Startseite","item":"https:\/\/www.uhl-menu.com\/en\/"},{"@type":"ListItem","position":2,"name":"Store","item":"https:\/\/www.uhl-menu.com\/en\/shop\/"},{"@type":"ListItem","position":3,"name":"Wood Back"}]},{"@type":"WebSite","@id":"https:\/\/www.uhl-menu.com\/en\/#website","url":"https:\/\/www.uhl-menu.com\/en\/","name":"menu de Uhl","description":"e fabricant de menus UHL, fond\u00e9 en 1982, s&#039;est donn\u00e9 d\u00e8s ses d\u00e9buts pour mission de se sp\u00e9cialiser dans les menus et les cartes des vins.","publisher":{"@id":"https:\/\/www.uhl-menu.com\/en\/#organization"},"potentialAction":[{"@type":"SearchAction","target":{"@type":"EntryPoint","urlTemplate":"https:\/\/www.uhl-menu.com\/en\/?s={search_term_string}"},"query-input":{"@type":"PropertyValueSpecification","valueRequired":true,"valueName":"search_term_string"}}],"inLanguage":"en-US"},{"@type":"Organization","@id":"https:\/\/www.uhl-menu.com\/en\/#organization","name":"menu de Uhl","url":"https:\/\/www.uhl-menu.com\/en\/","logo":{"@type":"ImageObject","inLanguage":"en-US","@id":"https:\/\/www.uhl-menu.com\/en\/#\/schema\/logo\/image\/","url":"https:\/\/www.uhl-menu.com\/wp-content\/uploads\/uhl-logo.png","contentUrl":"https:\/\/www.uhl-menu.com\/wp-content\/uploads\/uhl-logo.png","width":66,"height":41,"caption":"menu de Uhl"},"image":{"@id":"https:\/\/www.uhl-menu.com\/en\/#\/schema\/logo\/image\/"},"sameAs":["https:\/\/www.facebook.com\/uhlspeisekarten","https:\/\/www.youtube.com\/channel\/UCz6fCHDC_EvIaFfibirEF8A\/videos"]}]}},"_links":{"self":[{"href":"https:\/\/www.uhl-menu.com\/en\/wp-json\/wp\/v2\/product\/33559","targetHints":{"allow":["GET"]}}],"collection":[{"href":"https:\/\/www.uhl-menu.com\/en\/wp-json\/wp\/v2\/product"}],"about":[{"href":"https:\/\/www.uhl-menu.com\/en\/wp-json\/wp\/v2\/types\/product"}],"wp:featuredmedia":[{"embeddable":true,"href":"https:\/\/www.uhl-menu.com\/en\/wp-json\/wp\/v2\/media\/24218"}],"wp:attachment":[{"href":"https:\/\/www.uhl-menu.com\/en\/wp-json\/wp\/v2\/media?parent=33559"}],"wp:term":[{"taxonomy":"product_brand","embeddable":true,"href":"https:\/\/www.uhl-menu.com\/en\/wp-json\/wp\/v2\/product_brand?post=33559"},{"taxonomy":"product_cat","embeddable":true,"href":"https:\/\/www.uhl-menu.com\/en\/wp-json\/wp\/v2\/product_cat?post=33559"},{"taxonomy":"product_tag","embeddable":true,"href":"https:\/\/www.uhl-menu.com\/en\/wp-json\/wp\/v2\/product_tag?post=33559"}],"curies":[{"name":"wp","href":"https:\/\/api.w.org\/{rel}","templated":true}]}}