{"id":33572,"date":"2021-11-25T16:36:29","date_gmt":"2021-11-25T15:36:29","guid":{"rendered":"https:\/\/www.uhl-menu.com\/produkt\/reserved-sign\/"},"modified":"2024-05-31T15:06:21","modified_gmt":"2024-05-31T13:06:21","slug":"reserved-sign","status":"publish","type":"product","link":"https:\/\/www.uhl-menu.com\/en\/produkt\/reserved-sign\/","title":{"rendered":"Reserved sign"},"content":{"rendered":"<p>The elegant reserved sign from UHL scores with elegance and functionality. The robust hard cover, the crease-resistant edges and closed edges as well as the easy-care surface ensure that the small display stand is extremely durable.<\/p>\n<p>A sturdy folding stand attached to the back ensures a secure stand. A practical magnetic strip is used to attach a sheet, e.g. with the name of the guests for whom the reservation has been made.<\/p>\n<p>Of course, it is not only possible to order the material\/color combination shown in the illustration, but also any combination.<\/p>\n","protected":false},"excerpt":{"rendered":"<p>The elegant reserved sign from UHL scores with elegance and functionality. The robust hard cover, the crease-resistant edges and closed edges as well as the easy-care surface ensure that the small display stand is extremely durable. A sturdy folding stand attached to the back ensures a secure stand. A practical magnetic strip is used to [&hellip;]<\/p>\n","protected":false},"featured_media":24158,"template":"","meta":{"_acf_changed":false},"product_brand":[],"product_cat":[532,530,456,457,480,491,533,534,531,458],"product_tag":[],"class_list":{"0":"post-33572","1":"product","2":"type-product","3":"status-publish","4":"has-post-thumbnail","6":"product_cat-1-sided","7":"product_cat-accessories","8":"product_cat-hardcover-en","9":"product_cat-insensitive-to-grease","10":"product_cat-linen","11":"product_cat-remaining-models","12":"product_cat-reserved-signs","13":"product_cat-table-display","14":"product_cat-table-setter","15":"product_cat-water-repellent","16":"pa_format-l-11x11x30-en","17":"pa_format-m-11x11x21-en","18":"pa_format-s-11x11x15-en","19":"tm-has-options","21":"first","22":"instock","23":"taxable","24":"shipping-taxable","25":"purchasable","26":"product-type-variable"},"acf":[],"yoast_head":"<!-- This site is optimized with the Yoast SEO plugin v26.0 - https:\/\/yoast.com\/wordpress\/plugins\/seo\/ -->\n<title>Reserved sign \u00bb Sign for reservations with folding stand - menu de Uhl<\/title>\n<meta name=\"robots\" content=\"index, follow, max-snippet:-1, max-image-preview:large, max-video-preview:-1\" \/>\n<link rel=\"canonical\" href=\"https:\/\/www.uhl-menu.com\/en\/produkt\/reserved-sign\/\" \/>\n<meta property=\"og:locale\" content=\"en_US\" \/>\n<meta property=\"og:type\" content=\"article\" \/>\n<meta property=\"og:title\" content=\"Reserved sign \u00bb Sign for reservations with folding stand - menu de Uhl\" \/>\n<meta property=\"og:description\" content=\"The elegant reserved sign from UHL scores with elegance and functionality. The robust hard cover, the crease-resistant edges and closed edges as well as the easy-care surface ensure that the small display stand is extremely durable. A sturdy folding stand attached to the back ensures a secure stand. A practical magnetic strip is used to [&hellip;]\" \/>\n<meta property=\"og:url\" content=\"https:\/\/www.uhl-menu.com\/en\/produkt\/reserved-sign\/\" \/>\n<meta property=\"og:site_name\" content=\"menu de Uhl\" \/>\n<meta property=\"article:publisher\" content=\"https:\/\/www.facebook.com\/uhlspeisekarten\" \/>\n<meta property=\"article:modified_time\" content=\"2024-05-31T13:06:21+00:00\" \/>\n<meta property=\"og:image\" content=\"https:\/\/www.uhl-menu.com\/wp-content\/uploads\/reserviert-schild-schild-fuer-reservierungen-mit-klappstaender.png\" \/>\n\t<meta property=\"og:image:width\" content=\"1600\" \/>\n\t<meta property=\"og:image:height\" content=\"1125\" \/>\n\t<meta property=\"og:image:type\" content=\"image\/png\" \/>\n<meta name=\"twitter:card\" content=\"summary_large_image\" \/>\n<meta name=\"twitter:label1\" content=\"Est. reading time\" \/>\n\t<meta name=\"twitter:data1\" content=\"1 minute\" \/>\n<script type=\"application\/ld+json\" class=\"yoast-schema-graph\">{\"@context\":\"https:\/\/schema.org\",\"@graph\":[{\"@type\":\"WebPage\",\"@id\":\"https:\/\/www.uhl-menu.com\/en\/produkt\/reserved-sign\/\",\"url\":\"https:\/\/www.uhl-menu.com\/en\/produkt\/reserved-sign\/\",\"name\":\"Reserved sign \u00bb Sign for reservations with folding stand - menu de Uhl\",\"isPartOf\":{\"@id\":\"https:\/\/www.uhl-menu.com\/en\/#website\"},\"primaryImageOfPage\":{\"@id\":\"https:\/\/www.uhl-menu.com\/en\/produkt\/reserved-sign\/#primaryimage\"},\"image\":{\"@id\":\"https:\/\/www.uhl-menu.com\/en\/produkt\/reserved-sign\/#primaryimage\"},\"thumbnailUrl\":\"https:\/\/www.uhl-menu.com\/wp-content\/uploads\/reserviert-schild-schild-fuer-reservierungen-mit-klappstaender.png\",\"datePublished\":\"2021-11-25T15:36:29+00:00\",\"dateModified\":\"2024-05-31T13:06:21+00:00\",\"breadcrumb\":{\"@id\":\"https:\/\/www.uhl-menu.com\/en\/produkt\/reserved-sign\/#breadcrumb\"},\"inLanguage\":\"en-US\",\"potentialAction\":[{\"@type\":\"ReadAction\",\"target\":[\"https:\/\/www.uhl-menu.com\/en\/produkt\/reserved-sign\/\"]}]},{\"@type\":\"ImageObject\",\"inLanguage\":\"en-US\",\"@id\":\"https:\/\/www.uhl-menu.com\/en\/produkt\/reserved-sign\/#primaryimage\",\"url\":\"https:\/\/www.uhl-menu.com\/wp-content\/uploads\/reserviert-schild-schild-fuer-reservierungen-mit-klappstaender.png\",\"contentUrl\":\"https:\/\/www.uhl-menu.com\/wp-content\/uploads\/reserviert-schild-schild-fuer-reservierungen-mit-klappstaender.png\",\"width\":1600,\"height\":1125,\"caption\":\"Reserved sign: Sign for reservations, with folding stand - Table stand by UHL Menu\"},{\"@type\":\"BreadcrumbList\",\"@id\":\"https:\/\/www.uhl-menu.com\/en\/produkt\/reserved-sign\/#breadcrumb\",\"itemListElement\":[{\"@type\":\"ListItem\",\"position\":1,\"name\":\"Startseite\",\"item\":\"https:\/\/www.uhl-menu.com\/en\/\"},{\"@type\":\"ListItem\",\"position\":2,\"name\":\"Store\",\"item\":\"https:\/\/www.uhl-menu.com\/en\/shop\/\"},{\"@type\":\"ListItem\",\"position\":3,\"name\":\"Reserved sign\"}]},{\"@type\":\"WebSite\",\"@id\":\"https:\/\/www.uhl-menu.com\/en\/#website\",\"url\":\"https:\/\/www.uhl-menu.com\/en\/\",\"name\":\"menu de Uhl\",\"description\":\"e fabricant de menus UHL, fond\u00e9 en 1982, s&#039;est donn\u00e9 d\u00e8s ses d\u00e9buts pour mission de se sp\u00e9cialiser dans les menus et les cartes des vins.\",\"publisher\":{\"@id\":\"https:\/\/www.uhl-menu.com\/en\/#organization\"},\"potentialAction\":[{\"@type\":\"SearchAction\",\"target\":{\"@type\":\"EntryPoint\",\"urlTemplate\":\"https:\/\/www.uhl-menu.com\/en\/?s={search_term_string}\"},\"query-input\":{\"@type\":\"PropertyValueSpecification\",\"valueRequired\":true,\"valueName\":\"search_term_string\"}}],\"inLanguage\":\"en-US\"},{\"@type\":\"Organization\",\"@id\":\"https:\/\/www.uhl-menu.com\/en\/#organization\",\"name\":\"menu de Uhl\",\"url\":\"https:\/\/www.uhl-menu.com\/en\/\",\"logo\":{\"@type\":\"ImageObject\",\"inLanguage\":\"en-US\",\"@id\":\"https:\/\/www.uhl-menu.com\/en\/#\/schema\/logo\/image\/\",\"url\":\"https:\/\/www.uhl-menu.com\/wp-content\/uploads\/uhl-logo.png\",\"contentUrl\":\"https:\/\/www.uhl-menu.com\/wp-content\/uploads\/uhl-logo.png\",\"width\":66,\"height\":41,\"caption\":\"menu de Uhl\"},\"image\":{\"@id\":\"https:\/\/www.uhl-menu.com\/en\/#\/schema\/logo\/image\/\"},\"sameAs\":[\"https:\/\/www.facebook.com\/uhlspeisekarten\",\"https:\/\/www.youtube.com\/channel\/UCz6fCHDC_EvIaFfibirEF8A\/videos\"]}]}<\/script>\n<!-- \/ Yoast SEO plugin. -->","yoast_head_json":{"title":"Reserved sign \u00bb Sign for reservations with folding stand - menu de Uhl","robots":{"index":"index","follow":"follow","max-snippet":"max-snippet:-1","max-image-preview":"max-image-preview:large","max-video-preview":"max-video-preview:-1"},"canonical":"https:\/\/www.uhl-menu.com\/en\/produkt\/reserved-sign\/","og_locale":"en_US","og_type":"article","og_title":"Reserved sign \u00bb Sign for reservations with folding stand - menu de Uhl","og_description":"The elegant reserved sign from UHL scores with elegance and functionality. The robust hard cover, the crease-resistant edges and closed edges as well as the easy-care surface ensure that the small display stand is extremely durable. A sturdy folding stand attached to the back ensures a secure stand. A practical magnetic strip is used to [&hellip;]","og_url":"https:\/\/www.uhl-menu.com\/en\/produkt\/reserved-sign\/","og_site_name":"menu de Uhl","article_publisher":"https:\/\/www.facebook.com\/uhlspeisekarten","article_modified_time":"2024-05-31T13:06:21+00:00","og_image":[{"width":1600,"height":1125,"url":"https:\/\/www.uhl-menu.com\/wp-content\/uploads\/reserviert-schild-schild-fuer-reservierungen-mit-klappstaender.png","type":"image\/png"}],"twitter_card":"summary_large_image","twitter_misc":{"Est. reading time":"1 minute"},"schema":{"@context":"https:\/\/schema.org","@graph":[{"@type":"WebPage","@id":"https:\/\/www.uhl-menu.com\/en\/produkt\/reserved-sign\/","url":"https:\/\/www.uhl-menu.com\/en\/produkt\/reserved-sign\/","name":"Reserved sign \u00bb Sign for reservations with folding stand - menu de Uhl","isPartOf":{"@id":"https:\/\/www.uhl-menu.com\/en\/#website"},"primaryImageOfPage":{"@id":"https:\/\/www.uhl-menu.com\/en\/produkt\/reserved-sign\/#primaryimage"},"image":{"@id":"https:\/\/www.uhl-menu.com\/en\/produkt\/reserved-sign\/#primaryimage"},"thumbnailUrl":"https:\/\/www.uhl-menu.com\/wp-content\/uploads\/reserviert-schild-schild-fuer-reservierungen-mit-klappstaender.png","datePublished":"2021-11-25T15:36:29+00:00","dateModified":"2024-05-31T13:06:21+00:00","breadcrumb":{"@id":"https:\/\/www.uhl-menu.com\/en\/produkt\/reserved-sign\/#breadcrumb"},"inLanguage":"en-US","potentialAction":[{"@type":"ReadAction","target":["https:\/\/www.uhl-menu.com\/en\/produkt\/reserved-sign\/"]}]},{"@type":"ImageObject","inLanguage":"en-US","@id":"https:\/\/www.uhl-menu.com\/en\/produkt\/reserved-sign\/#primaryimage","url":"https:\/\/www.uhl-menu.com\/wp-content\/uploads\/reserviert-schild-schild-fuer-reservierungen-mit-klappstaender.png","contentUrl":"https:\/\/www.uhl-menu.com\/wp-content\/uploads\/reserviert-schild-schild-fuer-reservierungen-mit-klappstaender.png","width":1600,"height":1125,"caption":"Reserved sign: Sign for reservations, with folding stand - Table stand by UHL Menu"},{"@type":"BreadcrumbList","@id":"https:\/\/www.uhl-menu.com\/en\/produkt\/reserved-sign\/#breadcrumb","itemListElement":[{"@type":"ListItem","position":1,"name":"Startseite","item":"https:\/\/www.uhl-menu.com\/en\/"},{"@type":"ListItem","position":2,"name":"Store","item":"https:\/\/www.uhl-menu.com\/en\/shop\/"},{"@type":"ListItem","position":3,"name":"Reserved sign"}]},{"@type":"WebSite","@id":"https:\/\/www.uhl-menu.com\/en\/#website","url":"https:\/\/www.uhl-menu.com\/en\/","name":"menu de Uhl","description":"e fabricant de menus UHL, fond\u00e9 en 1982, s&#039;est donn\u00e9 d\u00e8s ses d\u00e9buts pour mission de se sp\u00e9cialiser dans les menus et les cartes des vins.","publisher":{"@id":"https:\/\/www.uhl-menu.com\/en\/#organization"},"potentialAction":[{"@type":"SearchAction","target":{"@type":"EntryPoint","urlTemplate":"https:\/\/www.uhl-menu.com\/en\/?s={search_term_string}"},"query-input":{"@type":"PropertyValueSpecification","valueRequired":true,"valueName":"search_term_string"}}],"inLanguage":"en-US"},{"@type":"Organization","@id":"https:\/\/www.uhl-menu.com\/en\/#organization","name":"menu de Uhl","url":"https:\/\/www.uhl-menu.com\/en\/","logo":{"@type":"ImageObject","inLanguage":"en-US","@id":"https:\/\/www.uhl-menu.com\/en\/#\/schema\/logo\/image\/","url":"https:\/\/www.uhl-menu.com\/wp-content\/uploads\/uhl-logo.png","contentUrl":"https:\/\/www.uhl-menu.com\/wp-content\/uploads\/uhl-logo.png","width":66,"height":41,"caption":"menu de Uhl"},"image":{"@id":"https:\/\/www.uhl-menu.com\/en\/#\/schema\/logo\/image\/"},"sameAs":["https:\/\/www.facebook.com\/uhlspeisekarten","https:\/\/www.youtube.com\/channel\/UCz6fCHDC_EvIaFfibirEF8A\/videos"]}]}},"_links":{"self":[{"href":"https:\/\/www.uhl-menu.com\/en\/wp-json\/wp\/v2\/product\/33572","targetHints":{"allow":["GET"]}}],"collection":[{"href":"https:\/\/www.uhl-menu.com\/en\/wp-json\/wp\/v2\/product"}],"about":[{"href":"https:\/\/www.uhl-menu.com\/en\/wp-json\/wp\/v2\/types\/product"}],"wp:featuredmedia":[{"embeddable":true,"href":"https:\/\/www.uhl-menu.com\/en\/wp-json\/wp\/v2\/media\/24158"}],"wp:attachment":[{"href":"https:\/\/www.uhl-menu.com\/en\/wp-json\/wp\/v2\/media?parent=33572"}],"wp:term":[{"taxonomy":"product_brand","embeddable":true,"href":"https:\/\/www.uhl-menu.com\/en\/wp-json\/wp\/v2\/product_brand?post=33572"},{"taxonomy":"product_cat","embeddable":true,"href":"https:\/\/www.uhl-menu.com\/en\/wp-json\/wp\/v2\/product_cat?post=33572"},{"taxonomy":"product_tag","embeddable":true,"href":"https:\/\/www.uhl-menu.com\/en\/wp-json\/wp\/v2\/product_tag?post=33572"}],"curies":[{"name":"wp","href":"https:\/\/api.w.org\/{rel}","templated":true}]}}