{"id":33583,"date":"2021-11-25T16:25:16","date_gmt":"2021-11-25T15:25:16","guid":{"rendered":"https:\/\/www.uhl-menu.com\/produkt\/standard-invoice-folder\/"},"modified":"2024-05-31T15:07:48","modified_gmt":"2024-05-31T13:07:48","slug":"standard-invoice-folder","status":"publish","type":"product","link":"https:\/\/www.uhl-menu.com\/en\/produkt\/standard-invoice-folder\/","title":{"rendered":"Standard invoice folder"},"content":{"rendered":"<p>Our invoice folder is the most elegant way to present an invoice. The noticeably high-quality feel and the simple design represent you one last time and leave guests with a pleasant feeling.<\/p>\n<p>All our UHL invoice folders are produced by our experienced employees. They are particularly resistant to external influences. Our folders have this feature thanks to the hardcover in a sturdy design with a reinforced spine, the closed edges and the use of only high-quality materials. Inside, they are equipped with practical pockets for credit cards, for example, and pockets made of black linen. This gives you hard-wearing, water and grease-resistant invoice folders.<\/p>\n","protected":false},"excerpt":{"rendered":"<p>Our invoice folder is the most elegant way to present an invoice. The noticeably high-quality feel and the simple design represent you one last time and leave guests with a pleasant feeling. All our UHL invoice folders are produced by our experienced employees. They are particularly resistant to external influences. Our folders have this feature [&hellip;]<\/p>\n","protected":false},"featured_media":23919,"template":"","meta":{"_acf_changed":false},"product_brand":[],"product_cat":[456,457,536,491,484,458],"product_tag":[],"class_list":{"0":"post-33583","1":"product","2":"type-product","3":"status-publish","4":"has-post-thumbnail","6":"product_cat-hardcover-en","7":"product_cat-insensitive-to-grease","8":"product_cat-invoice-folders","9":"product_cat-remaining-models","10":"product_cat-synth-material","11":"product_cat-water-repellent","12":"pa_format-l-11x11x30-en","13":"pa_format-m-11x11x21-en","14":"pa_format-s-11x11x15-en","15":"tm-has-options","17":"first","18":"instock","19":"taxable","20":"shipping-taxable","21":"purchasable","22":"product-type-variable"},"acf":[],"yoast_head":"<!-- This site is optimized with the Yoast SEO plugin v26.0 - https:\/\/yoast.com\/wordpress\/plugins\/seo\/ -->\n<title>Standard invoice folder \u00bb Inexpensive folder for invoices - menu de Uhl<\/title>\n<meta name=\"robots\" content=\"index, follow, max-snippet:-1, max-image-preview:large, max-video-preview:-1\" \/>\n<link rel=\"canonical\" href=\"https:\/\/www.uhl-menu.com\/en\/produkt\/standard-invoice-folder\/\" \/>\n<meta property=\"og:locale\" content=\"en_US\" \/>\n<meta property=\"og:type\" content=\"article\" \/>\n<meta property=\"og:title\" content=\"Standard invoice folder \u00bb Inexpensive folder for invoices - menu de Uhl\" \/>\n<meta property=\"og:description\" content=\"Our invoice folder is the most elegant way to present an invoice. The noticeably high-quality feel and the simple design represent you one last time and leave guests with a pleasant feeling. All our UHL invoice folders are produced by our experienced employees. They are particularly resistant to external influences. Our folders have this feature [&hellip;]\" \/>\n<meta property=\"og:url\" content=\"https:\/\/www.uhl-menu.com\/en\/produkt\/standard-invoice-folder\/\" \/>\n<meta property=\"og:site_name\" content=\"menu de Uhl\" \/>\n<meta property=\"article:publisher\" content=\"https:\/\/www.facebook.com\/uhlspeisekarten\" \/>\n<meta property=\"article:modified_time\" content=\"2024-05-31T13:07:48+00:00\" \/>\n<meta property=\"og:image\" content=\"https:\/\/www.uhl-menu.com\/wp-content\/uploads\/rechnungsmappe-standard-guenstige-mappe-fuer-rechnungen.png\" \/>\n\t<meta property=\"og:image:width\" content=\"1600\" \/>\n\t<meta property=\"og:image:height\" content=\"1125\" \/>\n\t<meta property=\"og:image:type\" content=\"image\/png\" \/>\n<meta name=\"twitter:card\" content=\"summary_large_image\" \/>\n<meta name=\"twitter:label1\" content=\"Est. reading time\" \/>\n\t<meta name=\"twitter:data1\" content=\"1 minute\" \/>\n<script type=\"application\/ld+json\" class=\"yoast-schema-graph\">{\"@context\":\"https:\/\/schema.org\",\"@graph\":[{\"@type\":\"WebPage\",\"@id\":\"https:\/\/www.uhl-menu.com\/en\/produkt\/standard-invoice-folder\/\",\"url\":\"https:\/\/www.uhl-menu.com\/en\/produkt\/standard-invoice-folder\/\",\"name\":\"Standard invoice folder \u00bb Inexpensive folder for invoices - menu de Uhl\",\"isPartOf\":{\"@id\":\"https:\/\/www.uhl-menu.com\/en\/#website\"},\"primaryImageOfPage\":{\"@id\":\"https:\/\/www.uhl-menu.com\/en\/produkt\/standard-invoice-folder\/#primaryimage\"},\"image\":{\"@id\":\"https:\/\/www.uhl-menu.com\/en\/produkt\/standard-invoice-folder\/#primaryimage\"},\"thumbnailUrl\":\"https:\/\/www.uhl-menu.com\/wp-content\/uploads\/rechnungsmappe-standard-guenstige-mappe-fuer-rechnungen.png\",\"datePublished\":\"2021-11-25T15:25:16+00:00\",\"dateModified\":\"2024-05-31T13:07:48+00:00\",\"breadcrumb\":{\"@id\":\"https:\/\/www.uhl-menu.com\/en\/produkt\/standard-invoice-folder\/#breadcrumb\"},\"inLanguage\":\"en-US\",\"potentialAction\":[{\"@type\":\"ReadAction\",\"target\":[\"https:\/\/www.uhl-menu.com\/en\/produkt\/standard-invoice-folder\/\"]}]},{\"@type\":\"ImageObject\",\"inLanguage\":\"en-US\",\"@id\":\"https:\/\/www.uhl-menu.com\/en\/produkt\/standard-invoice-folder\/#primaryimage\",\"url\":\"https:\/\/www.uhl-menu.com\/wp-content\/uploads\/rechnungsmappe-standard-guenstige-mappe-fuer-rechnungen.png\",\"contentUrl\":\"https:\/\/www.uhl-menu.com\/wp-content\/uploads\/rechnungsmappe-standard-guenstige-mappe-fuer-rechnungen.png\",\"width\":1600,\"height\":1125,\"caption\":\"Inexpensive invoice folders: Standard invoice folder model from Uhl Menu\"},{\"@type\":\"BreadcrumbList\",\"@id\":\"https:\/\/www.uhl-menu.com\/en\/produkt\/standard-invoice-folder\/#breadcrumb\",\"itemListElement\":[{\"@type\":\"ListItem\",\"position\":1,\"name\":\"Startseite\",\"item\":\"https:\/\/www.uhl-menu.com\/en\/\"},{\"@type\":\"ListItem\",\"position\":2,\"name\":\"Store\",\"item\":\"https:\/\/www.uhl-menu.com\/en\/shop\/\"},{\"@type\":\"ListItem\",\"position\":3,\"name\":\"Standard invoice folder\"}]},{\"@type\":\"WebSite\",\"@id\":\"https:\/\/www.uhl-menu.com\/en\/#website\",\"url\":\"https:\/\/www.uhl-menu.com\/en\/\",\"name\":\"menu de Uhl\",\"description\":\"e fabricant de menus UHL, fond\u00e9 en 1982, s&#039;est donn\u00e9 d\u00e8s ses d\u00e9buts pour mission de se sp\u00e9cialiser dans les menus et les cartes des vins.\",\"publisher\":{\"@id\":\"https:\/\/www.uhl-menu.com\/en\/#organization\"},\"potentialAction\":[{\"@type\":\"SearchAction\",\"target\":{\"@type\":\"EntryPoint\",\"urlTemplate\":\"https:\/\/www.uhl-menu.com\/en\/?s={search_term_string}\"},\"query-input\":{\"@type\":\"PropertyValueSpecification\",\"valueRequired\":true,\"valueName\":\"search_term_string\"}}],\"inLanguage\":\"en-US\"},{\"@type\":\"Organization\",\"@id\":\"https:\/\/www.uhl-menu.com\/en\/#organization\",\"name\":\"menu de Uhl\",\"url\":\"https:\/\/www.uhl-menu.com\/en\/\",\"logo\":{\"@type\":\"ImageObject\",\"inLanguage\":\"en-US\",\"@id\":\"https:\/\/www.uhl-menu.com\/en\/#\/schema\/logo\/image\/\",\"url\":\"https:\/\/www.uhl-menu.com\/wp-content\/uploads\/uhl-logo.png\",\"contentUrl\":\"https:\/\/www.uhl-menu.com\/wp-content\/uploads\/uhl-logo.png\",\"width\":66,\"height\":41,\"caption\":\"menu de Uhl\"},\"image\":{\"@id\":\"https:\/\/www.uhl-menu.com\/en\/#\/schema\/logo\/image\/\"},\"sameAs\":[\"https:\/\/www.facebook.com\/uhlspeisekarten\",\"https:\/\/www.youtube.com\/channel\/UCz6fCHDC_EvIaFfibirEF8A\/videos\"]}]}<\/script>\n<!-- \/ Yoast SEO plugin. -->","yoast_head_json":{"title":"Standard invoice folder \u00bb Inexpensive folder for invoices - menu de Uhl","robots":{"index":"index","follow":"follow","max-snippet":"max-snippet:-1","max-image-preview":"max-image-preview:large","max-video-preview":"max-video-preview:-1"},"canonical":"https:\/\/www.uhl-menu.com\/en\/produkt\/standard-invoice-folder\/","og_locale":"en_US","og_type":"article","og_title":"Standard invoice folder \u00bb Inexpensive folder for invoices - menu de Uhl","og_description":"Our invoice folder is the most elegant way to present an invoice. The noticeably high-quality feel and the simple design represent you one last time and leave guests with a pleasant feeling. All our UHL invoice folders are produced by our experienced employees. They are particularly resistant to external influences. Our folders have this feature [&hellip;]","og_url":"https:\/\/www.uhl-menu.com\/en\/produkt\/standard-invoice-folder\/","og_site_name":"menu de Uhl","article_publisher":"https:\/\/www.facebook.com\/uhlspeisekarten","article_modified_time":"2024-05-31T13:07:48+00:00","og_image":[{"width":1600,"height":1125,"url":"https:\/\/www.uhl-menu.com\/wp-content\/uploads\/rechnungsmappe-standard-guenstige-mappe-fuer-rechnungen.png","type":"image\/png"}],"twitter_card":"summary_large_image","twitter_misc":{"Est. reading time":"1 minute"},"schema":{"@context":"https:\/\/schema.org","@graph":[{"@type":"WebPage","@id":"https:\/\/www.uhl-menu.com\/en\/produkt\/standard-invoice-folder\/","url":"https:\/\/www.uhl-menu.com\/en\/produkt\/standard-invoice-folder\/","name":"Standard invoice folder \u00bb Inexpensive folder for invoices - menu de Uhl","isPartOf":{"@id":"https:\/\/www.uhl-menu.com\/en\/#website"},"primaryImageOfPage":{"@id":"https:\/\/www.uhl-menu.com\/en\/produkt\/standard-invoice-folder\/#primaryimage"},"image":{"@id":"https:\/\/www.uhl-menu.com\/en\/produkt\/standard-invoice-folder\/#primaryimage"},"thumbnailUrl":"https:\/\/www.uhl-menu.com\/wp-content\/uploads\/rechnungsmappe-standard-guenstige-mappe-fuer-rechnungen.png","datePublished":"2021-11-25T15:25:16+00:00","dateModified":"2024-05-31T13:07:48+00:00","breadcrumb":{"@id":"https:\/\/www.uhl-menu.com\/en\/produkt\/standard-invoice-folder\/#breadcrumb"},"inLanguage":"en-US","potentialAction":[{"@type":"ReadAction","target":["https:\/\/www.uhl-menu.com\/en\/produkt\/standard-invoice-folder\/"]}]},{"@type":"ImageObject","inLanguage":"en-US","@id":"https:\/\/www.uhl-menu.com\/en\/produkt\/standard-invoice-folder\/#primaryimage","url":"https:\/\/www.uhl-menu.com\/wp-content\/uploads\/rechnungsmappe-standard-guenstige-mappe-fuer-rechnungen.png","contentUrl":"https:\/\/www.uhl-menu.com\/wp-content\/uploads\/rechnungsmappe-standard-guenstige-mappe-fuer-rechnungen.png","width":1600,"height":1125,"caption":"Inexpensive invoice folders: Standard invoice folder model from Uhl Menu"},{"@type":"BreadcrumbList","@id":"https:\/\/www.uhl-menu.com\/en\/produkt\/standard-invoice-folder\/#breadcrumb","itemListElement":[{"@type":"ListItem","position":1,"name":"Startseite","item":"https:\/\/www.uhl-menu.com\/en\/"},{"@type":"ListItem","position":2,"name":"Store","item":"https:\/\/www.uhl-menu.com\/en\/shop\/"},{"@type":"ListItem","position":3,"name":"Standard invoice folder"}]},{"@type":"WebSite","@id":"https:\/\/www.uhl-menu.com\/en\/#website","url":"https:\/\/www.uhl-menu.com\/en\/","name":"menu de Uhl","description":"e fabricant de menus UHL, fond\u00e9 en 1982, s&#039;est donn\u00e9 d\u00e8s ses d\u00e9buts pour mission de se sp\u00e9cialiser dans les menus et les cartes des vins.","publisher":{"@id":"https:\/\/www.uhl-menu.com\/en\/#organization"},"potentialAction":[{"@type":"SearchAction","target":{"@type":"EntryPoint","urlTemplate":"https:\/\/www.uhl-menu.com\/en\/?s={search_term_string}"},"query-input":{"@type":"PropertyValueSpecification","valueRequired":true,"valueName":"search_term_string"}}],"inLanguage":"en-US"},{"@type":"Organization","@id":"https:\/\/www.uhl-menu.com\/en\/#organization","name":"menu de Uhl","url":"https:\/\/www.uhl-menu.com\/en\/","logo":{"@type":"ImageObject","inLanguage":"en-US","@id":"https:\/\/www.uhl-menu.com\/en\/#\/schema\/logo\/image\/","url":"https:\/\/www.uhl-menu.com\/wp-content\/uploads\/uhl-logo.png","contentUrl":"https:\/\/www.uhl-menu.com\/wp-content\/uploads\/uhl-logo.png","width":66,"height":41,"caption":"menu de Uhl"},"image":{"@id":"https:\/\/www.uhl-menu.com\/en\/#\/schema\/logo\/image\/"},"sameAs":["https:\/\/www.facebook.com\/uhlspeisekarten","https:\/\/www.youtube.com\/channel\/UCz6fCHDC_EvIaFfibirEF8A\/videos"]}]}},"_links":{"self":[{"href":"https:\/\/www.uhl-menu.com\/en\/wp-json\/wp\/v2\/product\/33583","targetHints":{"allow":["GET"]}}],"collection":[{"href":"https:\/\/www.uhl-menu.com\/en\/wp-json\/wp\/v2\/product"}],"about":[{"href":"https:\/\/www.uhl-menu.com\/en\/wp-json\/wp\/v2\/types\/product"}],"wp:featuredmedia":[{"embeddable":true,"href":"https:\/\/www.uhl-menu.com\/en\/wp-json\/wp\/v2\/media\/23919"}],"wp:attachment":[{"href":"https:\/\/www.uhl-menu.com\/en\/wp-json\/wp\/v2\/media?parent=33583"}],"wp:term":[{"taxonomy":"product_brand","embeddable":true,"href":"https:\/\/www.uhl-menu.com\/en\/wp-json\/wp\/v2\/product_brand?post=33583"},{"taxonomy":"product_cat","embeddable":true,"href":"https:\/\/www.uhl-menu.com\/en\/wp-json\/wp\/v2\/product_cat?post=33583"},{"taxonomy":"product_tag","embeddable":true,"href":"https:\/\/www.uhl-menu.com\/en\/wp-json\/wp\/v2\/product_tag?post=33583"}],"curies":[{"name":"wp","href":"https:\/\/api.w.org\/{rel}","templated":true}]}}