{"id":33641,"date":"2021-11-25T14:39:14","date_gmt":"2021-11-25T13:39:14","guid":{"rendered":"https:\/\/www.uhl-menu.com\/produkt\/genuine-leather-flexible\/"},"modified":"2024-05-31T15:09:32","modified_gmt":"2024-05-31T13:09:32","slug":"genuine-leather-flexible","status":"publish","type":"product","link":"https:\/\/www.uhl-menu.com\/en\/produkt\/genuine-leather-flexible\/","title":{"rendered":"Genuine leather Flexible"},"content":{"rendered":"<p>With the flexible version of our genuine leather cards, you can change and expand your range at any time. The leather binding is made from a single piece, which not only requires the highest level of craftsmanship, but also ensures a uniform and attractive appearance. The cover can be padded on request. The two inner sides are also covered with leather. The book screws concealed by an elegant leather flap in the center of the inner bar make it easy to change the inner elements. The genuine cowhide leather cover and the cellophane-wrapped inner elements make the menu particularly durable and easy to clean. The cover can be padded on request. For a more elegant appearance, we recommend dispensing with the corner protection, as the edge areas are already reinforced by the decorative stitching.<\/p>\n<p>The elements themselves have tear-resistant canvas straps (2 or 4 perforations) and are available in the Leading or Standard version and, as usual, with a slide-in system of your choice.<\/p>\n","protected":false},"excerpt":{"rendered":"<p>With the flexible version of our genuine leather cards, you can change and expand your range at any time. The leather binding is made from a single piece, which not only requires the highest level of craftsmanship, but also ensures a uniform and attractive appearance. The cover can be padded on request. The two inner [&hellip;]<\/p>\n","protected":false},"featured_media":24125,"template":"","meta":{"_acf_changed":false},"product_brand":[],"product_cat":[454,461,460,459,456,457,458,455],"product_tag":[],"class_list":{"0":"post-33641","1":"product","2":"type-product","3":"status-publish","4":"has-post-thumbnail","6":"product_cat-drinks-menus","7":"product_cat-flexible","8":"product_cat-flexible-number-of-pages","9":"product_cat-genuine-leather","10":"product_cat-hardcover-en","11":"product_cat-insensitive-to-grease","12":"product_cat-water-repellent","13":"product_cat-wine-lists","14":"pa_format-l-11x11x30-en","15":"pa_format-m-11x11x21-en","16":"pa_format-s-11x11x15-en","17":"tm-has-options","19":"first","20":"instock","21":"taxable","22":"shipping-taxable","23":"purchasable","24":"product-type-variable"},"acf":[],"yoast_head":"<!-- This site is optimized with the Yoast SEO plugin v26.0 - https:\/\/yoast.com\/wordpress\/plugins\/seo\/ -->\n<title>Genuine leather Flexible \u00bb Flexible leather menu - menu de Uhl<\/title>\n<meta name=\"robots\" content=\"index, follow, max-snippet:-1, max-image-preview:large, max-video-preview:-1\" \/>\n<link rel=\"canonical\" href=\"https:\/\/www.uhl-menu.com\/en\/produkt\/genuine-leather-flexible\/\" \/>\n<meta property=\"og:locale\" content=\"en_US\" \/>\n<meta property=\"og:type\" content=\"article\" \/>\n<meta property=\"og:title\" content=\"Genuine leather Flexible \u00bb Flexible leather menu - menu de Uhl\" \/>\n<meta property=\"og:description\" content=\"With the flexible version of our genuine leather cards, you can change and expand your range at any time. The leather binding is made from a single piece, which not only requires the highest level of craftsmanship, but also ensures a uniform and attractive appearance. The cover can be padded on request. The two inner [&hellip;]\" \/>\n<meta property=\"og:url\" content=\"https:\/\/www.uhl-menu.com\/en\/produkt\/genuine-leather-flexible\/\" \/>\n<meta property=\"og:site_name\" content=\"menu de Uhl\" \/>\n<meta property=\"article:publisher\" content=\"https:\/\/www.facebook.com\/uhlspeisekarten\" \/>\n<meta property=\"article:modified_time\" content=\"2024-05-31T13:09:32+00:00\" \/>\n<meta property=\"og:image\" content=\"https:\/\/www.uhl-menu.com\/wp-content\/uploads\/.\/flexi-ii-flexible-speise-und-getraenkekarte.png\" \/>\n\t<meta property=\"og:image:width\" content=\"1600\" \/>\n\t<meta property=\"og:image:height\" content=\"1125\" \/>\n\t<meta property=\"og:image:type\" content=\"image\/png\" \/>\n<meta name=\"twitter:card\" content=\"summary_large_image\" \/>\n<meta name=\"twitter:label1\" content=\"Est. reading time\" \/>\n\t<meta name=\"twitter:data1\" content=\"2 minutes\" \/>\n<script type=\"application\/ld+json\" class=\"yoast-schema-graph\">{\"@context\":\"https:\/\/schema.org\",\"@graph\":[{\"@type\":\"WebPage\",\"@id\":\"https:\/\/www.uhl-menu.com\/en\/produkt\/genuine-leather-flexible\/\",\"url\":\"https:\/\/www.uhl-menu.com\/en\/produkt\/genuine-leather-flexible\/\",\"name\":\"Genuine leather Flexible \u00bb Flexible leather menu - menu de Uhl\",\"isPartOf\":{\"@id\":\"https:\/\/www.uhl-menu.com\/en\/#website\"},\"primaryImageOfPage\":{\"@id\":\"https:\/\/www.uhl-menu.com\/en\/produkt\/genuine-leather-flexible\/#primaryimage\"},\"image\":{\"@id\":\"https:\/\/www.uhl-menu.com\/en\/produkt\/genuine-leather-flexible\/#primaryimage\"},\"thumbnailUrl\":\"https:\/\/www.uhl-menu.com\/wp-content\/uploads\/.\/flexi-ii-flexible-speise-und-getraenkekarte.png\",\"datePublished\":\"2021-11-25T13:39:14+00:00\",\"dateModified\":\"2024-05-31T13:09:32+00:00\",\"breadcrumb\":{\"@id\":\"https:\/\/www.uhl-menu.com\/en\/produkt\/genuine-leather-flexible\/#breadcrumb\"},\"inLanguage\":\"en-US\",\"potentialAction\":[{\"@type\":\"ReadAction\",\"target\":[\"https:\/\/www.uhl-menu.com\/en\/produkt\/genuine-leather-flexible\/\"]}]},{\"@type\":\"ImageObject\",\"inLanguage\":\"en-US\",\"@id\":\"https:\/\/www.uhl-menu.com\/en\/produkt\/genuine-leather-flexible\/#primaryimage\",\"url\":\"https:\/\/www.uhl-menu.com\/wp-content\/uploads\/.\/flexi-ii-flexible-speise-und-getraenkekarte.png\",\"contentUrl\":\"https:\/\/www.uhl-menu.com\/wp-content\/uploads\/.\/flexi-ii-flexible-speise-und-getraenkekarte.png\",\"width\":1600,\"height\":1125,\"caption\":\"Flexible food and wine menu: Flexi II from UHL Menu\"},{\"@type\":\"BreadcrumbList\",\"@id\":\"https:\/\/www.uhl-menu.com\/en\/produkt\/genuine-leather-flexible\/#breadcrumb\",\"itemListElement\":[{\"@type\":\"ListItem\",\"position\":1,\"name\":\"Startseite\",\"item\":\"https:\/\/www.uhl-menu.com\/en\/\"},{\"@type\":\"ListItem\",\"position\":2,\"name\":\"Store\",\"item\":\"https:\/\/www.uhl-menu.com\/en\/shop\/\"},{\"@type\":\"ListItem\",\"position\":3,\"name\":\"Genuine leather Flexible\"}]},{\"@type\":\"WebSite\",\"@id\":\"https:\/\/www.uhl-menu.com\/en\/#website\",\"url\":\"https:\/\/www.uhl-menu.com\/en\/\",\"name\":\"menu de Uhl\",\"description\":\"e fabricant de menus UHL, fond\u00e9 en 1982, s&#039;est donn\u00e9 d\u00e8s ses d\u00e9buts pour mission de se sp\u00e9cialiser dans les menus et les cartes des vins.\",\"publisher\":{\"@id\":\"https:\/\/www.uhl-menu.com\/en\/#organization\"},\"potentialAction\":[{\"@type\":\"SearchAction\",\"target\":{\"@type\":\"EntryPoint\",\"urlTemplate\":\"https:\/\/www.uhl-menu.com\/en\/?s={search_term_string}\"},\"query-input\":{\"@type\":\"PropertyValueSpecification\",\"valueRequired\":true,\"valueName\":\"search_term_string\"}}],\"inLanguage\":\"en-US\"},{\"@type\":\"Organization\",\"@id\":\"https:\/\/www.uhl-menu.com\/en\/#organization\",\"name\":\"menu de Uhl\",\"url\":\"https:\/\/www.uhl-menu.com\/en\/\",\"logo\":{\"@type\":\"ImageObject\",\"inLanguage\":\"en-US\",\"@id\":\"https:\/\/www.uhl-menu.com\/en\/#\/schema\/logo\/image\/\",\"url\":\"https:\/\/www.uhl-menu.com\/wp-content\/uploads\/uhl-logo.png\",\"contentUrl\":\"https:\/\/www.uhl-menu.com\/wp-content\/uploads\/uhl-logo.png\",\"width\":66,\"height\":41,\"caption\":\"menu de Uhl\"},\"image\":{\"@id\":\"https:\/\/www.uhl-menu.com\/en\/#\/schema\/logo\/image\/\"},\"sameAs\":[\"https:\/\/www.facebook.com\/uhlspeisekarten\",\"https:\/\/www.youtube.com\/channel\/UCz6fCHDC_EvIaFfibirEF8A\/videos\"]}]}<\/script>\n<!-- \/ Yoast SEO plugin. -->","yoast_head_json":{"title":"Genuine leather Flexible \u00bb Flexible leather menu - menu de Uhl","robots":{"index":"index","follow":"follow","max-snippet":"max-snippet:-1","max-image-preview":"max-image-preview:large","max-video-preview":"max-video-preview:-1"},"canonical":"https:\/\/www.uhl-menu.com\/en\/produkt\/genuine-leather-flexible\/","og_locale":"en_US","og_type":"article","og_title":"Genuine leather Flexible \u00bb Flexible leather menu - menu de Uhl","og_description":"With the flexible version of our genuine leather cards, you can change and expand your range at any time. The leather binding is made from a single piece, which not only requires the highest level of craftsmanship, but also ensures a uniform and attractive appearance. The cover can be padded on request. The two inner [&hellip;]","og_url":"https:\/\/www.uhl-menu.com\/en\/produkt\/genuine-leather-flexible\/","og_site_name":"menu de Uhl","article_publisher":"https:\/\/www.facebook.com\/uhlspeisekarten","article_modified_time":"2024-05-31T13:09:32+00:00","og_image":[{"width":1600,"height":1125,"url":"https:\/\/www.uhl-menu.com\/wp-content\/uploads\/.\/flexi-ii-flexible-speise-und-getraenkekarte.png","type":"image\/png"}],"twitter_card":"summary_large_image","twitter_misc":{"Est. reading time":"2 minutes"},"schema":{"@context":"https:\/\/schema.org","@graph":[{"@type":"WebPage","@id":"https:\/\/www.uhl-menu.com\/en\/produkt\/genuine-leather-flexible\/","url":"https:\/\/www.uhl-menu.com\/en\/produkt\/genuine-leather-flexible\/","name":"Genuine leather Flexible \u00bb Flexible leather menu - menu de Uhl","isPartOf":{"@id":"https:\/\/www.uhl-menu.com\/en\/#website"},"primaryImageOfPage":{"@id":"https:\/\/www.uhl-menu.com\/en\/produkt\/genuine-leather-flexible\/#primaryimage"},"image":{"@id":"https:\/\/www.uhl-menu.com\/en\/produkt\/genuine-leather-flexible\/#primaryimage"},"thumbnailUrl":"https:\/\/www.uhl-menu.com\/wp-content\/uploads\/.\/flexi-ii-flexible-speise-und-getraenkekarte.png","datePublished":"2021-11-25T13:39:14+00:00","dateModified":"2024-05-31T13:09:32+00:00","breadcrumb":{"@id":"https:\/\/www.uhl-menu.com\/en\/produkt\/genuine-leather-flexible\/#breadcrumb"},"inLanguage":"en-US","potentialAction":[{"@type":"ReadAction","target":["https:\/\/www.uhl-menu.com\/en\/produkt\/genuine-leather-flexible\/"]}]},{"@type":"ImageObject","inLanguage":"en-US","@id":"https:\/\/www.uhl-menu.com\/en\/produkt\/genuine-leather-flexible\/#primaryimage","url":"https:\/\/www.uhl-menu.com\/wp-content\/uploads\/.\/flexi-ii-flexible-speise-und-getraenkekarte.png","contentUrl":"https:\/\/www.uhl-menu.com\/wp-content\/uploads\/.\/flexi-ii-flexible-speise-und-getraenkekarte.png","width":1600,"height":1125,"caption":"Flexible food and wine menu: Flexi II from UHL Menu"},{"@type":"BreadcrumbList","@id":"https:\/\/www.uhl-menu.com\/en\/produkt\/genuine-leather-flexible\/#breadcrumb","itemListElement":[{"@type":"ListItem","position":1,"name":"Startseite","item":"https:\/\/www.uhl-menu.com\/en\/"},{"@type":"ListItem","position":2,"name":"Store","item":"https:\/\/www.uhl-menu.com\/en\/shop\/"},{"@type":"ListItem","position":3,"name":"Genuine leather Flexible"}]},{"@type":"WebSite","@id":"https:\/\/www.uhl-menu.com\/en\/#website","url":"https:\/\/www.uhl-menu.com\/en\/","name":"menu de Uhl","description":"e fabricant de menus UHL, fond\u00e9 en 1982, s&#039;est donn\u00e9 d\u00e8s ses d\u00e9buts pour mission de se sp\u00e9cialiser dans les menus et les cartes des vins.","publisher":{"@id":"https:\/\/www.uhl-menu.com\/en\/#organization"},"potentialAction":[{"@type":"SearchAction","target":{"@type":"EntryPoint","urlTemplate":"https:\/\/www.uhl-menu.com\/en\/?s={search_term_string}"},"query-input":{"@type":"PropertyValueSpecification","valueRequired":true,"valueName":"search_term_string"}}],"inLanguage":"en-US"},{"@type":"Organization","@id":"https:\/\/www.uhl-menu.com\/en\/#organization","name":"menu de Uhl","url":"https:\/\/www.uhl-menu.com\/en\/","logo":{"@type":"ImageObject","inLanguage":"en-US","@id":"https:\/\/www.uhl-menu.com\/en\/#\/schema\/logo\/image\/","url":"https:\/\/www.uhl-menu.com\/wp-content\/uploads\/uhl-logo.png","contentUrl":"https:\/\/www.uhl-menu.com\/wp-content\/uploads\/uhl-logo.png","width":66,"height":41,"caption":"menu de Uhl"},"image":{"@id":"https:\/\/www.uhl-menu.com\/en\/#\/schema\/logo\/image\/"},"sameAs":["https:\/\/www.facebook.com\/uhlspeisekarten","https:\/\/www.youtube.com\/channel\/UCz6fCHDC_EvIaFfibirEF8A\/videos"]}]}},"_links":{"self":[{"href":"https:\/\/www.uhl-menu.com\/en\/wp-json\/wp\/v2\/product\/33641","targetHints":{"allow":["GET"]}}],"collection":[{"href":"https:\/\/www.uhl-menu.com\/en\/wp-json\/wp\/v2\/product"}],"about":[{"href":"https:\/\/www.uhl-menu.com\/en\/wp-json\/wp\/v2\/types\/product"}],"wp:featuredmedia":[{"embeddable":true,"href":"https:\/\/www.uhl-menu.com\/en\/wp-json\/wp\/v2\/media\/24125"}],"wp:attachment":[{"href":"https:\/\/www.uhl-menu.com\/en\/wp-json\/wp\/v2\/media?parent=33641"}],"wp:term":[{"taxonomy":"product_brand","embeddable":true,"href":"https:\/\/www.uhl-menu.com\/en\/wp-json\/wp\/v2\/product_brand?post=33641"},{"taxonomy":"product_cat","embeddable":true,"href":"https:\/\/www.uhl-menu.com\/en\/wp-json\/wp\/v2\/product_cat?post=33641"},{"taxonomy":"product_tag","embeddable":true,"href":"https:\/\/www.uhl-menu.com\/en\/wp-json\/wp\/v2\/product_tag?post=33641"}],"curies":[{"name":"wp","href":"https:\/\/api.w.org\/{rel}","templated":true}]}}