{"id":33644,"date":"2021-11-25T12:35:01","date_gmt":"2021-11-25T11:35:01","guid":{"rendered":"https:\/\/www.uhl-menu.com\/produkt\/leading-foil\/"},"modified":"2024-05-31T15:24:59","modified_gmt":"2024-05-31T13:24:59","slug":"leading-foil","status":"publish","type":"product","link":"https:\/\/www.uhl-menu.com\/en\/produkt\/leading-foil\/","title":{"rendered":"Leading Foil"},"content":{"rendered":"<p>The Leading Foil menu or wine list is a bound card and can be produced with any number of pages. As with the Leading model, all edges of both the reinforced cover and the inside mirror are closed, i.e. there are no cut edges where dirt or moisture could penetrate. However, the inner mirror of this card is also covered with our high-quality linen fabric.<\/p>\n<p>The inner part of the card consists of firmly integrated hard foil elements with a colored passe-partout in a window look that perfectly protects your menu pages all around. The high-quality elements are connected with narrow, tear-resistant linen hinge straps and have a colored edge all around, which we offer in copper, silver and cream.<\/p>\n","protected":false},"excerpt":{"rendered":"<p>The Leading Foil menu or wine list is a bound card and can be produced with any number of pages. As with the Leading model, all edges of both the reinforced cover and the inside mirror are closed, i.e. there are no cut edges where dirt or moisture could penetrate. However, the inner mirror of [&hellip;]<\/p>\n","protected":false},"featured_media":24060,"template":"","meta":{"_acf_changed":false},"product_brand":[],"product_cat":[528,515,459,456,472,457,480,500,468,521,568,484,458,455],"product_tag":[],"class_list":{"0":"post-33644","1":"product","2":"type-product","3":"status-publish","4":"has-post-thumbnail","6":"product_cat-bar-cards","7":"product_cat-bound","8":"product_cat-genuine-leather","9":"product_cat-hardcover-en","10":"product_cat-imitation-leather","11":"product_cat-insensitive-to-grease","12":"product_cat-linen","13":"product_cat-menus","14":"product_cat-multipage","15":"product_cat-outdoor-en","16":"product_cat-rigid-films","17":"product_cat-synth-material","18":"product_cat-water-repellent","19":"product_cat-wine-lists","20":"pa_format-for-a4-portrait","21":"pa_format-for-a5-high","22":"tm-has-options","24":"first","25":"instock","26":"taxable","27":"shipping-taxable","28":"purchasable","29":"product-type-variable"},"acf":[],"yoast_head":"<!-- This site is optimized with the Yoast SEO plugin v26.0 - https:\/\/yoast.com\/wordpress\/plugins\/seo\/ -->\n<title>Leading Foil \u00bb Menu card with fixed foil interior - menu de Uhl<\/title>\n<meta name=\"robots\" content=\"index, follow, max-snippet:-1, max-image-preview:large, max-video-preview:-1\" \/>\n<link rel=\"canonical\" href=\"https:\/\/www.uhl-menu.com\/en\/produkt\/leading-foil\/\" \/>\n<meta property=\"og:locale\" content=\"en_US\" \/>\n<meta property=\"og:type\" content=\"article\" \/>\n<meta property=\"og:title\" content=\"Leading Foil \u00bb Menu card with fixed foil interior - menu de Uhl\" \/>\n<meta property=\"og:description\" content=\"The Leading Foil menu or wine list is a bound card and can be produced with any number of pages. As with the Leading model, all edges of both the reinforced cover and the inside mirror are closed, i.e. there are no cut edges where dirt or moisture could penetrate. However, the inner mirror of [&hellip;]\" \/>\n<meta property=\"og:url\" content=\"https:\/\/www.uhl-menu.com\/en\/produkt\/leading-foil\/\" \/>\n<meta property=\"og:site_name\" content=\"menu de Uhl\" \/>\n<meta property=\"article:publisher\" content=\"https:\/\/www.facebook.com\/uhlspeisekarten\" \/>\n<meta property=\"article:modified_time\" content=\"2024-05-31T13:24:59+00:00\" \/>\n<meta property=\"og:image\" content=\"https:\/\/www.uhl-menu.com\/wp-content\/uploads\/leading-foil-speisekarte-mit-festem-folien-innenteil.png\" \/>\n\t<meta property=\"og:image:width\" content=\"1600\" \/>\n\t<meta property=\"og:image:height\" content=\"1125\" \/>\n\t<meta property=\"og:image:type\" content=\"image\/png\" \/>\n<meta name=\"twitter:card\" content=\"summary_large_image\" \/>\n<meta name=\"twitter:label1\" content=\"Est. reading time\" \/>\n\t<meta name=\"twitter:data1\" content=\"1 minute\" \/>\n<script type=\"application\/ld+json\" class=\"yoast-schema-graph\">{\"@context\":\"https:\/\/schema.org\",\"@graph\":[{\"@type\":\"WebPage\",\"@id\":\"https:\/\/www.uhl-menu.com\/en\/produkt\/leading-foil\/\",\"url\":\"https:\/\/www.uhl-menu.com\/en\/produkt\/leading-foil\/\",\"name\":\"Leading Foil \u00bb Menu card with fixed foil interior - menu de Uhl\",\"isPartOf\":{\"@id\":\"https:\/\/www.uhl-menu.com\/en\/#website\"},\"primaryImageOfPage\":{\"@id\":\"https:\/\/www.uhl-menu.com\/en\/produkt\/leading-foil\/#primaryimage\"},\"image\":{\"@id\":\"https:\/\/www.uhl-menu.com\/en\/produkt\/leading-foil\/#primaryimage\"},\"thumbnailUrl\":\"https:\/\/www.uhl-menu.com\/wp-content\/uploads\/leading-foil-speisekarte-mit-festem-folien-innenteil.png\",\"datePublished\":\"2021-11-25T11:35:01+00:00\",\"dateModified\":\"2024-05-31T13:24:59+00:00\",\"breadcrumb\":{\"@id\":\"https:\/\/www.uhl-menu.com\/en\/produkt\/leading-foil\/#breadcrumb\"},\"inLanguage\":\"en-US\",\"potentialAction\":[{\"@type\":\"ReadAction\",\"target\":[\"https:\/\/www.uhl-menu.com\/en\/produkt\/leading-foil\/\"]}]},{\"@type\":\"ImageObject\",\"inLanguage\":\"en-US\",\"@id\":\"https:\/\/www.uhl-menu.com\/en\/produkt\/leading-foil\/#primaryimage\",\"url\":\"https:\/\/www.uhl-menu.com\/wp-content\/uploads\/leading-foil-speisekarte-mit-festem-folien-innenteil.png\",\"contentUrl\":\"https:\/\/www.uhl-menu.com\/wp-content\/uploads\/leading-foil-speisekarte-mit-festem-folien-innenteil.png\",\"width\":1600,\"height\":1125,\"caption\":\"Bound menu folder with fixed foil interior: Leading Foil model\"},{\"@type\":\"BreadcrumbList\",\"@id\":\"https:\/\/www.uhl-menu.com\/en\/produkt\/leading-foil\/#breadcrumb\",\"itemListElement\":[{\"@type\":\"ListItem\",\"position\":1,\"name\":\"Startseite\",\"item\":\"https:\/\/www.uhl-menu.com\/en\/\"},{\"@type\":\"ListItem\",\"position\":2,\"name\":\"Store\",\"item\":\"https:\/\/www.uhl-menu.com\/en\/shop\/\"},{\"@type\":\"ListItem\",\"position\":3,\"name\":\"Leading Foil\"}]},{\"@type\":\"WebSite\",\"@id\":\"https:\/\/www.uhl-menu.com\/en\/#website\",\"url\":\"https:\/\/www.uhl-menu.com\/en\/\",\"name\":\"menu de Uhl\",\"description\":\"e fabricant de menus UHL, fond\u00e9 en 1982, s&#039;est donn\u00e9 d\u00e8s ses d\u00e9buts pour mission de se sp\u00e9cialiser dans les menus et les cartes des vins.\",\"publisher\":{\"@id\":\"https:\/\/www.uhl-menu.com\/en\/#organization\"},\"potentialAction\":[{\"@type\":\"SearchAction\",\"target\":{\"@type\":\"EntryPoint\",\"urlTemplate\":\"https:\/\/www.uhl-menu.com\/en\/?s={search_term_string}\"},\"query-input\":{\"@type\":\"PropertyValueSpecification\",\"valueRequired\":true,\"valueName\":\"search_term_string\"}}],\"inLanguage\":\"en-US\"},{\"@type\":\"Organization\",\"@id\":\"https:\/\/www.uhl-menu.com\/en\/#organization\",\"name\":\"menu de Uhl\",\"url\":\"https:\/\/www.uhl-menu.com\/en\/\",\"logo\":{\"@type\":\"ImageObject\",\"inLanguage\":\"en-US\",\"@id\":\"https:\/\/www.uhl-menu.com\/en\/#\/schema\/logo\/image\/\",\"url\":\"https:\/\/www.uhl-menu.com\/wp-content\/uploads\/uhl-logo.png\",\"contentUrl\":\"https:\/\/www.uhl-menu.com\/wp-content\/uploads\/uhl-logo.png\",\"width\":66,\"height\":41,\"caption\":\"menu de Uhl\"},\"image\":{\"@id\":\"https:\/\/www.uhl-menu.com\/en\/#\/schema\/logo\/image\/\"},\"sameAs\":[\"https:\/\/www.facebook.com\/uhlspeisekarten\",\"https:\/\/www.youtube.com\/channel\/UCz6fCHDC_EvIaFfibirEF8A\/videos\"]}]}<\/script>\n<!-- \/ Yoast SEO plugin. -->","yoast_head_json":{"title":"Leading Foil \u00bb Menu card with fixed foil interior - menu de Uhl","robots":{"index":"index","follow":"follow","max-snippet":"max-snippet:-1","max-image-preview":"max-image-preview:large","max-video-preview":"max-video-preview:-1"},"canonical":"https:\/\/www.uhl-menu.com\/en\/produkt\/leading-foil\/","og_locale":"en_US","og_type":"article","og_title":"Leading Foil \u00bb Menu card with fixed foil interior - menu de Uhl","og_description":"The Leading Foil menu or wine list is a bound card and can be produced with any number of pages. As with the Leading model, all edges of both the reinforced cover and the inside mirror are closed, i.e. there are no cut edges where dirt or moisture could penetrate. However, the inner mirror of [&hellip;]","og_url":"https:\/\/www.uhl-menu.com\/en\/produkt\/leading-foil\/","og_site_name":"menu de Uhl","article_publisher":"https:\/\/www.facebook.com\/uhlspeisekarten","article_modified_time":"2024-05-31T13:24:59+00:00","og_image":[{"width":1600,"height":1125,"url":"https:\/\/www.uhl-menu.com\/wp-content\/uploads\/leading-foil-speisekarte-mit-festem-folien-innenteil.png","type":"image\/png"}],"twitter_card":"summary_large_image","twitter_misc":{"Est. reading time":"1 minute"},"schema":{"@context":"https:\/\/schema.org","@graph":[{"@type":"WebPage","@id":"https:\/\/www.uhl-menu.com\/en\/produkt\/leading-foil\/","url":"https:\/\/www.uhl-menu.com\/en\/produkt\/leading-foil\/","name":"Leading Foil \u00bb Menu card with fixed foil interior - menu de Uhl","isPartOf":{"@id":"https:\/\/www.uhl-menu.com\/en\/#website"},"primaryImageOfPage":{"@id":"https:\/\/www.uhl-menu.com\/en\/produkt\/leading-foil\/#primaryimage"},"image":{"@id":"https:\/\/www.uhl-menu.com\/en\/produkt\/leading-foil\/#primaryimage"},"thumbnailUrl":"https:\/\/www.uhl-menu.com\/wp-content\/uploads\/leading-foil-speisekarte-mit-festem-folien-innenteil.png","datePublished":"2021-11-25T11:35:01+00:00","dateModified":"2024-05-31T13:24:59+00:00","breadcrumb":{"@id":"https:\/\/www.uhl-menu.com\/en\/produkt\/leading-foil\/#breadcrumb"},"inLanguage":"en-US","potentialAction":[{"@type":"ReadAction","target":["https:\/\/www.uhl-menu.com\/en\/produkt\/leading-foil\/"]}]},{"@type":"ImageObject","inLanguage":"en-US","@id":"https:\/\/www.uhl-menu.com\/en\/produkt\/leading-foil\/#primaryimage","url":"https:\/\/www.uhl-menu.com\/wp-content\/uploads\/leading-foil-speisekarte-mit-festem-folien-innenteil.png","contentUrl":"https:\/\/www.uhl-menu.com\/wp-content\/uploads\/leading-foil-speisekarte-mit-festem-folien-innenteil.png","width":1600,"height":1125,"caption":"Bound menu folder with fixed foil interior: Leading Foil model"},{"@type":"BreadcrumbList","@id":"https:\/\/www.uhl-menu.com\/en\/produkt\/leading-foil\/#breadcrumb","itemListElement":[{"@type":"ListItem","position":1,"name":"Startseite","item":"https:\/\/www.uhl-menu.com\/en\/"},{"@type":"ListItem","position":2,"name":"Store","item":"https:\/\/www.uhl-menu.com\/en\/shop\/"},{"@type":"ListItem","position":3,"name":"Leading Foil"}]},{"@type":"WebSite","@id":"https:\/\/www.uhl-menu.com\/en\/#website","url":"https:\/\/www.uhl-menu.com\/en\/","name":"menu de Uhl","description":"e fabricant de menus UHL, fond\u00e9 en 1982, s&#039;est donn\u00e9 d\u00e8s ses d\u00e9buts pour mission de se sp\u00e9cialiser dans les menus et les cartes des vins.","publisher":{"@id":"https:\/\/www.uhl-menu.com\/en\/#organization"},"potentialAction":[{"@type":"SearchAction","target":{"@type":"EntryPoint","urlTemplate":"https:\/\/www.uhl-menu.com\/en\/?s={search_term_string}"},"query-input":{"@type":"PropertyValueSpecification","valueRequired":true,"valueName":"search_term_string"}}],"inLanguage":"en-US"},{"@type":"Organization","@id":"https:\/\/www.uhl-menu.com\/en\/#organization","name":"menu de Uhl","url":"https:\/\/www.uhl-menu.com\/en\/","logo":{"@type":"ImageObject","inLanguage":"en-US","@id":"https:\/\/www.uhl-menu.com\/en\/#\/schema\/logo\/image\/","url":"https:\/\/www.uhl-menu.com\/wp-content\/uploads\/uhl-logo.png","contentUrl":"https:\/\/www.uhl-menu.com\/wp-content\/uploads\/uhl-logo.png","width":66,"height":41,"caption":"menu de Uhl"},"image":{"@id":"https:\/\/www.uhl-menu.com\/en\/#\/schema\/logo\/image\/"},"sameAs":["https:\/\/www.facebook.com\/uhlspeisekarten","https:\/\/www.youtube.com\/channel\/UCz6fCHDC_EvIaFfibirEF8A\/videos"]}]}},"_links":{"self":[{"href":"https:\/\/www.uhl-menu.com\/en\/wp-json\/wp\/v2\/product\/33644","targetHints":{"allow":["GET"]}}],"collection":[{"href":"https:\/\/www.uhl-menu.com\/en\/wp-json\/wp\/v2\/product"}],"about":[{"href":"https:\/\/www.uhl-menu.com\/en\/wp-json\/wp\/v2\/types\/product"}],"wp:featuredmedia":[{"embeddable":true,"href":"https:\/\/www.uhl-menu.com\/en\/wp-json\/wp\/v2\/media\/24060"}],"wp:attachment":[{"href":"https:\/\/www.uhl-menu.com\/en\/wp-json\/wp\/v2\/media?parent=33644"}],"wp:term":[{"taxonomy":"product_brand","embeddable":true,"href":"https:\/\/www.uhl-menu.com\/en\/wp-json\/wp\/v2\/product_brand?post=33644"},{"taxonomy":"product_cat","embeddable":true,"href":"https:\/\/www.uhl-menu.com\/en\/wp-json\/wp\/v2\/product_cat?post=33644"},{"taxonomy":"product_tag","embeddable":true,"href":"https:\/\/www.uhl-menu.com\/en\/wp-json\/wp\/v2\/product_tag?post=33644"}],"curies":[{"name":"wp","href":"https:\/\/api.w.org\/{rel}","templated":true}]}}