{"id":33676,"date":"2021-11-25T12:30:33","date_gmt":"2021-11-25T11:30:33","guid":{"rendered":"https:\/\/www.uhl-menu.com\/produkt\/leading-light\/"},"modified":"2024-05-26T11:58:44","modified_gmt":"2024-05-26T09:58:44","slug":"leading-light","status":"publish","type":"product","link":"https:\/\/www.uhl-menu.com\/en\/produkt\/leading-light\/","title":{"rendered":"Leading Light"},"content":{"rendered":"<p>The Leading Light combines the strengths of the classic Leading version with the low-cost inner part of the standard version. In addition to a robust back construction made of a highly resilient material that can withstand even very heavy loads, it has kink-resistant edges and closed edges on the outside of the cover as well as a slim inner section with cut grip edges.<\/p>\n<p>The Leading Light menu belongs to the group of bound menus, i.e. this menu has a fixed inner section consisting of the individual pages of the offer. Each inner element can accommodate 2 offer pages, which in turn can be made with any change systems. You specify the number of pages when placing the order. Two to 40 insertion options allow for any number of pages &#8211; to suit your product range.<\/p>\n","protected":false},"excerpt":{"rendered":"<p>The Leading Light combines the strengths of the classic Leading version with the low-cost inner part of the standard version. In addition to a robust back construction made of a highly resilient material that can withstand even very heavy loads, it has kink-resistant edges and closed edges on the outside of the cover as well [&hellip;]<\/p>\n","protected":false},"featured_media":24138,"template":"","meta":{"_acf_changed":false},"product_brand":[],"product_cat":[515,454,459,456,457,480,500,468,484,458,455],"product_tag":[],"class_list":{"0":"post-33676","1":"product","2":"type-product","3":"status-publish","4":"has-post-thumbnail","6":"product_cat-bound","7":"product_cat-drinks-menus","8":"product_cat-genuine-leather","9":"product_cat-hardcover-en","10":"product_cat-insensitive-to-grease","11":"product_cat-linen","12":"product_cat-menus","13":"product_cat-multipage","14":"product_cat-synth-material","15":"product_cat-water-repellent","16":"product_cat-wine-lists","17":"pa_format-l-11x11x30-en","18":"pa_format-m-11x11x21-en","19":"pa_format-s-11x11x15-en","20":"tm-has-options","22":"first","23":"instock","24":"taxable","25":"shipping-taxable","26":"purchasable","27":"product-type-variable"},"acf":[],"yoast_head":"<!-- This site is optimized with the Yoast SEO plugin v26.0 - https:\/\/yoast.com\/wordpress\/plugins\/seo\/ -->\n<title>Leading Light \u00bb Inexpensive menu with any number of pages - menu de Uhl<\/title>\n<meta name=\"robots\" content=\"index, follow, max-snippet:-1, max-image-preview:large, max-video-preview:-1\" \/>\n<link rel=\"canonical\" href=\"https:\/\/www.uhl-menu.com\/en\/produkt\/leading-light\/\" \/>\n<meta property=\"og:locale\" content=\"en_US\" \/>\n<meta property=\"og:type\" content=\"article\" \/>\n<meta property=\"og:title\" content=\"Leading Light \u00bb Inexpensive menu with any number of pages - menu de Uhl\" \/>\n<meta property=\"og:description\" content=\"The Leading Light combines the strengths of the classic Leading version with the low-cost inner part of the standard version. In addition to a robust back construction made of a highly resilient material that can withstand even very heavy loads, it has kink-resistant edges and closed edges on the outside of the cover as well [&hellip;]\" \/>\n<meta property=\"og:url\" content=\"https:\/\/www.uhl-menu.com\/en\/produkt\/leading-light\/\" \/>\n<meta property=\"og:site_name\" content=\"menu de Uhl\" \/>\n<meta property=\"article:publisher\" content=\"https:\/\/www.facebook.com\/uhlspeisekarten\" \/>\n<meta property=\"article:modified_time\" content=\"2024-05-26T09:58:44+00:00\" \/>\n<meta property=\"og:image\" content=\"https:\/\/www.uhl-menu.com\/wp-content\/uploads\/leading-light-guenstige-speisekarte-mit-beliebigem-seitenumfang.png\" \/>\n\t<meta property=\"og:image:width\" content=\"1600\" \/>\n\t<meta property=\"og:image:height\" content=\"1125\" \/>\n\t<meta property=\"og:image:type\" content=\"image\/png\" \/>\n<meta name=\"twitter:card\" content=\"summary_large_image\" \/>\n<meta name=\"twitter:label1\" content=\"Est. reading time\" \/>\n\t<meta name=\"twitter:data1\" content=\"1 minute\" \/>\n<script type=\"application\/ld+json\" class=\"yoast-schema-graph\">{\"@context\":\"https:\/\/schema.org\",\"@graph\":[{\"@type\":\"WebPage\",\"@id\":\"https:\/\/www.uhl-menu.com\/en\/produkt\/leading-light\/\",\"url\":\"https:\/\/www.uhl-menu.com\/en\/produkt\/leading-light\/\",\"name\":\"Leading Light \u00bb Inexpensive menu with any number of pages - menu de Uhl\",\"isPartOf\":{\"@id\":\"https:\/\/www.uhl-menu.com\/en\/#website\"},\"primaryImageOfPage\":{\"@id\":\"https:\/\/www.uhl-menu.com\/en\/produkt\/leading-light\/#primaryimage\"},\"image\":{\"@id\":\"https:\/\/www.uhl-menu.com\/en\/produkt\/leading-light\/#primaryimage\"},\"thumbnailUrl\":\"https:\/\/www.uhl-menu.com\/wp-content\/uploads\/leading-light-guenstige-speisekarte-mit-beliebigem-seitenumfang.png\",\"datePublished\":\"2021-11-25T11:30:33+00:00\",\"dateModified\":\"2024-05-26T09:58:44+00:00\",\"breadcrumb\":{\"@id\":\"https:\/\/www.uhl-menu.com\/en\/produkt\/leading-light\/#breadcrumb\"},\"inLanguage\":\"en-US\",\"potentialAction\":[{\"@type\":\"ReadAction\",\"target\":[\"https:\/\/www.uhl-menu.com\/en\/produkt\/leading-light\/\"]}]},{\"@type\":\"ImageObject\",\"inLanguage\":\"en-US\",\"@id\":\"https:\/\/www.uhl-menu.com\/en\/produkt\/leading-light\/#primaryimage\",\"url\":\"https:\/\/www.uhl-menu.com\/wp-content\/uploads\/leading-light-guenstige-speisekarte-mit-beliebigem-seitenumfang.png\",\"contentUrl\":\"https:\/\/www.uhl-menu.com\/wp-content\/uploads\/leading-light-guenstige-speisekarte-mit-beliebigem-seitenumfang.png\",\"width\":1600,\"height\":1125,\"caption\":\"Inexpensive menu and wine list with any number of pages: Leading Light model from Uhl Menu\"},{\"@type\":\"BreadcrumbList\",\"@id\":\"https:\/\/www.uhl-menu.com\/en\/produkt\/leading-light\/#breadcrumb\",\"itemListElement\":[{\"@type\":\"ListItem\",\"position\":1,\"name\":\"Startseite\",\"item\":\"https:\/\/www.uhl-menu.com\/en\/\"},{\"@type\":\"ListItem\",\"position\":2,\"name\":\"Store\",\"item\":\"https:\/\/www.uhl-menu.com\/en\/shop\/\"},{\"@type\":\"ListItem\",\"position\":3,\"name\":\"Leading Light\"}]},{\"@type\":\"WebSite\",\"@id\":\"https:\/\/www.uhl-menu.com\/en\/#website\",\"url\":\"https:\/\/www.uhl-menu.com\/en\/\",\"name\":\"menu de Uhl\",\"description\":\"e fabricant de menus UHL, fond\u00e9 en 1982, s&#039;est donn\u00e9 d\u00e8s ses d\u00e9buts pour mission de se sp\u00e9cialiser dans les menus et les cartes des vins.\",\"publisher\":{\"@id\":\"https:\/\/www.uhl-menu.com\/en\/#organization\"},\"potentialAction\":[{\"@type\":\"SearchAction\",\"target\":{\"@type\":\"EntryPoint\",\"urlTemplate\":\"https:\/\/www.uhl-menu.com\/en\/?s={search_term_string}\"},\"query-input\":{\"@type\":\"PropertyValueSpecification\",\"valueRequired\":true,\"valueName\":\"search_term_string\"}}],\"inLanguage\":\"en-US\"},{\"@type\":\"Organization\",\"@id\":\"https:\/\/www.uhl-menu.com\/en\/#organization\",\"name\":\"menu de Uhl\",\"url\":\"https:\/\/www.uhl-menu.com\/en\/\",\"logo\":{\"@type\":\"ImageObject\",\"inLanguage\":\"en-US\",\"@id\":\"https:\/\/www.uhl-menu.com\/en\/#\/schema\/logo\/image\/\",\"url\":\"https:\/\/www.uhl-menu.com\/wp-content\/uploads\/uhl-logo.png\",\"contentUrl\":\"https:\/\/www.uhl-menu.com\/wp-content\/uploads\/uhl-logo.png\",\"width\":66,\"height\":41,\"caption\":\"menu de Uhl\"},\"image\":{\"@id\":\"https:\/\/www.uhl-menu.com\/en\/#\/schema\/logo\/image\/\"},\"sameAs\":[\"https:\/\/www.facebook.com\/uhlspeisekarten\",\"https:\/\/www.youtube.com\/channel\/UCz6fCHDC_EvIaFfibirEF8A\/videos\"]}]}<\/script>\n<!-- \/ Yoast SEO plugin. -->","yoast_head_json":{"title":"Leading Light \u00bb Inexpensive menu with any number of pages - menu de Uhl","robots":{"index":"index","follow":"follow","max-snippet":"max-snippet:-1","max-image-preview":"max-image-preview:large","max-video-preview":"max-video-preview:-1"},"canonical":"https:\/\/www.uhl-menu.com\/en\/produkt\/leading-light\/","og_locale":"en_US","og_type":"article","og_title":"Leading Light \u00bb Inexpensive menu with any number of pages - menu de Uhl","og_description":"The Leading Light combines the strengths of the classic Leading version with the low-cost inner part of the standard version. In addition to a robust back construction made of a highly resilient material that can withstand even very heavy loads, it has kink-resistant edges and closed edges on the outside of the cover as well [&hellip;]","og_url":"https:\/\/www.uhl-menu.com\/en\/produkt\/leading-light\/","og_site_name":"menu de Uhl","article_publisher":"https:\/\/www.facebook.com\/uhlspeisekarten","article_modified_time":"2024-05-26T09:58:44+00:00","og_image":[{"width":1600,"height":1125,"url":"https:\/\/www.uhl-menu.com\/wp-content\/uploads\/leading-light-guenstige-speisekarte-mit-beliebigem-seitenumfang.png","type":"image\/png"}],"twitter_card":"summary_large_image","twitter_misc":{"Est. reading time":"1 minute"},"schema":{"@context":"https:\/\/schema.org","@graph":[{"@type":"WebPage","@id":"https:\/\/www.uhl-menu.com\/en\/produkt\/leading-light\/","url":"https:\/\/www.uhl-menu.com\/en\/produkt\/leading-light\/","name":"Leading Light \u00bb Inexpensive menu with any number of pages - menu de Uhl","isPartOf":{"@id":"https:\/\/www.uhl-menu.com\/en\/#website"},"primaryImageOfPage":{"@id":"https:\/\/www.uhl-menu.com\/en\/produkt\/leading-light\/#primaryimage"},"image":{"@id":"https:\/\/www.uhl-menu.com\/en\/produkt\/leading-light\/#primaryimage"},"thumbnailUrl":"https:\/\/www.uhl-menu.com\/wp-content\/uploads\/leading-light-guenstige-speisekarte-mit-beliebigem-seitenumfang.png","datePublished":"2021-11-25T11:30:33+00:00","dateModified":"2024-05-26T09:58:44+00:00","breadcrumb":{"@id":"https:\/\/www.uhl-menu.com\/en\/produkt\/leading-light\/#breadcrumb"},"inLanguage":"en-US","potentialAction":[{"@type":"ReadAction","target":["https:\/\/www.uhl-menu.com\/en\/produkt\/leading-light\/"]}]},{"@type":"ImageObject","inLanguage":"en-US","@id":"https:\/\/www.uhl-menu.com\/en\/produkt\/leading-light\/#primaryimage","url":"https:\/\/www.uhl-menu.com\/wp-content\/uploads\/leading-light-guenstige-speisekarte-mit-beliebigem-seitenumfang.png","contentUrl":"https:\/\/www.uhl-menu.com\/wp-content\/uploads\/leading-light-guenstige-speisekarte-mit-beliebigem-seitenumfang.png","width":1600,"height":1125,"caption":"Inexpensive menu and wine list with any number of pages: Leading Light model from Uhl Menu"},{"@type":"BreadcrumbList","@id":"https:\/\/www.uhl-menu.com\/en\/produkt\/leading-light\/#breadcrumb","itemListElement":[{"@type":"ListItem","position":1,"name":"Startseite","item":"https:\/\/www.uhl-menu.com\/en\/"},{"@type":"ListItem","position":2,"name":"Store","item":"https:\/\/www.uhl-menu.com\/en\/shop\/"},{"@type":"ListItem","position":3,"name":"Leading Light"}]},{"@type":"WebSite","@id":"https:\/\/www.uhl-menu.com\/en\/#website","url":"https:\/\/www.uhl-menu.com\/en\/","name":"menu de Uhl","description":"e fabricant de menus UHL, fond\u00e9 en 1982, s&#039;est donn\u00e9 d\u00e8s ses d\u00e9buts pour mission de se sp\u00e9cialiser dans les menus et les cartes des vins.","publisher":{"@id":"https:\/\/www.uhl-menu.com\/en\/#organization"},"potentialAction":[{"@type":"SearchAction","target":{"@type":"EntryPoint","urlTemplate":"https:\/\/www.uhl-menu.com\/en\/?s={search_term_string}"},"query-input":{"@type":"PropertyValueSpecification","valueRequired":true,"valueName":"search_term_string"}}],"inLanguage":"en-US"},{"@type":"Organization","@id":"https:\/\/www.uhl-menu.com\/en\/#organization","name":"menu de Uhl","url":"https:\/\/www.uhl-menu.com\/en\/","logo":{"@type":"ImageObject","inLanguage":"en-US","@id":"https:\/\/www.uhl-menu.com\/en\/#\/schema\/logo\/image\/","url":"https:\/\/www.uhl-menu.com\/wp-content\/uploads\/uhl-logo.png","contentUrl":"https:\/\/www.uhl-menu.com\/wp-content\/uploads\/uhl-logo.png","width":66,"height":41,"caption":"menu de Uhl"},"image":{"@id":"https:\/\/www.uhl-menu.com\/en\/#\/schema\/logo\/image\/"},"sameAs":["https:\/\/www.facebook.com\/uhlspeisekarten","https:\/\/www.youtube.com\/channel\/UCz6fCHDC_EvIaFfibirEF8A\/videos"]}]}},"_links":{"self":[{"href":"https:\/\/www.uhl-menu.com\/en\/wp-json\/wp\/v2\/product\/33676","targetHints":{"allow":["GET"]}}],"collection":[{"href":"https:\/\/www.uhl-menu.com\/en\/wp-json\/wp\/v2\/product"}],"about":[{"href":"https:\/\/www.uhl-menu.com\/en\/wp-json\/wp\/v2\/types\/product"}],"wp:featuredmedia":[{"embeddable":true,"href":"https:\/\/www.uhl-menu.com\/en\/wp-json\/wp\/v2\/media\/24138"}],"wp:attachment":[{"href":"https:\/\/www.uhl-menu.com\/en\/wp-json\/wp\/v2\/media?parent=33676"}],"wp:term":[{"taxonomy":"product_brand","embeddable":true,"href":"https:\/\/www.uhl-menu.com\/en\/wp-json\/wp\/v2\/product_brand?post=33676"},{"taxonomy":"product_cat","embeddable":true,"href":"https:\/\/www.uhl-menu.com\/en\/wp-json\/wp\/v2\/product_cat?post=33676"},{"taxonomy":"product_tag","embeddable":true,"href":"https:\/\/www.uhl-menu.com\/en\/wp-json\/wp\/v2\/product_tag?post=33676"}],"curies":[{"name":"wp","href":"https:\/\/api.w.org\/{rel}","templated":true}]}}