{"id":33701,"date":"2021-11-25T13:40:53","date_gmt":"2021-11-25T12:40:53","guid":{"rendered":"https:\/\/www.uhl-menu.com\/produkt\/snap-line\/"},"modified":"2024-05-31T15:23:51","modified_gmt":"2024-05-31T13:23:51","slug":"snap-line","status":"publish","type":"product","link":"https:\/\/www.uhl-menu.com\/en\/produkt\/snap-line\/","title":{"rendered":"Snap Line"},"content":{"rendered":"<p>This card is absolutely on trend: it scores points with its minimalist, modern look and practical snap system. Expand and reduce your range quickly and individually. A flap made of high-quality, tear-resistant material on the inside of the card spine of the Snap menu conceals either two or four press studs, which enable the perforated offer sheets or transparent foils to be changed particularly quickly.<\/p>\n<p>The additional magnetic strip on the inside left-hand side makes it easier to draw attention to daily \/ menu recommendations in everyday catering work. The easy-care Snap Line card is extremely robust and available in the quality materials linen, synthetic, artificial and genuine leather. An attractive accent is provided by stitched decorative seams on the outside, the color of which you choose yourself.<\/p>\n<p>This card is available for all standard foil formats as well as for any desired paper format.<\/p>\n","protected":false},"excerpt":{"rendered":"<p>This card is absolutely on trend: it scores points with its minimalist, modern look and practical snap system. Expand and reduce your range quickly and individually. A flap made of high-quality, tear-resistant material on the inside of the card spine of the Snap menu conceals either two or four press studs, which enable the perforated [&hellip;]<\/p>\n","protected":false},"featured_media":24121,"template":"","meta":{"_acf_changed":false},"product_brand":[],"product_cat":[528,454,461,460,459,456,472,457,480,500,468,521,518,484,458,455],"product_tag":[],"class_list":{"0":"post-33701","1":"product","2":"type-product","3":"status-publish","4":"has-post-thumbnail","6":"product_cat-bar-cards","7":"product_cat-drinks-menus","8":"product_cat-flexible","9":"product_cat-flexible-number-of-pages","10":"product_cat-genuine-leather","11":"product_cat-hardcover-en","12":"product_cat-imitation-leather","13":"product_cat-insensitive-to-grease","14":"product_cat-linen","15":"product_cat-menus","16":"product_cat-multipage","17":"product_cat-outdoor-en","18":"product_cat-slides","19":"product_cat-synth-material","20":"product_cat-water-repellent","21":"product_cat-wine-lists","22":"pa_format-l-11x11x30-en","23":"pa_format-m-11x11x21-en","24":"pa_format-s-11x11x15-en","25":"tm-has-options","27":"first","28":"instock","29":"taxable","30":"shipping-taxable","31":"purchasable","32":"product-type-variable"},"acf":[],"yoast_head":"<!-- This site is optimized with the Yoast SEO plugin v26.0 - https:\/\/yoast.com\/wordpress\/plugins\/seo\/ -->\n<title>Snap Line \u00bb Practical menu folder with snap system - menu de Uhl<\/title>\n<meta name=\"robots\" content=\"index, follow, max-snippet:-1, max-image-preview:large, max-video-preview:-1\" \/>\n<link rel=\"canonical\" href=\"https:\/\/www.uhl-menu.com\/en\/produkt\/snap-line\/\" \/>\n<meta property=\"og:locale\" content=\"en_US\" \/>\n<meta property=\"og:type\" content=\"article\" \/>\n<meta property=\"og:title\" content=\"Snap Line \u00bb Practical menu folder with snap system - menu de Uhl\" \/>\n<meta property=\"og:description\" content=\"This card is absolutely on trend: it scores points with its minimalist, modern look and practical snap system. Expand and reduce your range quickly and individually. A flap made of high-quality, tear-resistant material on the inside of the card spine of the Snap menu conceals either two or four press studs, which enable the perforated [&hellip;]\" \/>\n<meta property=\"og:url\" content=\"https:\/\/www.uhl-menu.com\/en\/produkt\/snap-line\/\" \/>\n<meta property=\"og:site_name\" content=\"menu de Uhl\" \/>\n<meta property=\"article:publisher\" content=\"https:\/\/www.facebook.com\/uhlspeisekarten\" \/>\n<meta property=\"article:modified_time\" content=\"2024-05-31T13:23:51+00:00\" \/>\n<meta property=\"og:image\" content=\"https:\/\/www.uhl-menu.com\/wp-content\/uploads\/snap-line-praktische-speisekarten-mappe-mit-snap-system.png\" \/>\n\t<meta property=\"og:image:width\" content=\"1600\" \/>\n\t<meta property=\"og:image:height\" content=\"1125\" \/>\n\t<meta property=\"og:image:type\" content=\"image\/png\" \/>\n<meta name=\"twitter:card\" content=\"summary_large_image\" \/>\n<meta name=\"twitter:label1\" content=\"Est. reading time\" \/>\n\t<meta name=\"twitter:data1\" content=\"2 minutes\" \/>\n<script type=\"application\/ld+json\" class=\"yoast-schema-graph\">{\"@context\":\"https:\/\/schema.org\",\"@graph\":[{\"@type\":\"WebPage\",\"@id\":\"https:\/\/www.uhl-menu.com\/en\/produkt\/snap-line\/\",\"url\":\"https:\/\/www.uhl-menu.com\/en\/produkt\/snap-line\/\",\"name\":\"Snap Line \u00bb Practical menu folder with snap system - menu de Uhl\",\"isPartOf\":{\"@id\":\"https:\/\/www.uhl-menu.com\/en\/#website\"},\"primaryImageOfPage\":{\"@id\":\"https:\/\/www.uhl-menu.com\/en\/produkt\/snap-line\/#primaryimage\"},\"image\":{\"@id\":\"https:\/\/www.uhl-menu.com\/en\/produkt\/snap-line\/#primaryimage\"},\"thumbnailUrl\":\"https:\/\/www.uhl-menu.com\/wp-content\/uploads\/snap-line-praktische-speisekarten-mappe-mit-snap-system.png\",\"datePublished\":\"2021-11-25T12:40:53+00:00\",\"dateModified\":\"2024-05-31T13:23:51+00:00\",\"breadcrumb\":{\"@id\":\"https:\/\/www.uhl-menu.com\/en\/produkt\/snap-line\/#breadcrumb\"},\"inLanguage\":\"en-US\",\"potentialAction\":[{\"@type\":\"ReadAction\",\"target\":[\"https:\/\/www.uhl-menu.com\/en\/produkt\/snap-line\/\"]}]},{\"@type\":\"ImageObject\",\"inLanguage\":\"en-US\",\"@id\":\"https:\/\/www.uhl-menu.com\/en\/produkt\/snap-line\/#primaryimage\",\"url\":\"https:\/\/www.uhl-menu.com\/wp-content\/uploads\/snap-line-praktische-speisekarten-mappe-mit-snap-system.png\",\"contentUrl\":\"https:\/\/www.uhl-menu.com\/wp-content\/uploads\/snap-line-praktische-speisekarten-mappe-mit-snap-system.png\",\"width\":1600,\"height\":1125,\"caption\":\"Practical food and wine list with Snap System: Snap Line model from Uhl Menu\"},{\"@type\":\"BreadcrumbList\",\"@id\":\"https:\/\/www.uhl-menu.com\/en\/produkt\/snap-line\/#breadcrumb\",\"itemListElement\":[{\"@type\":\"ListItem\",\"position\":1,\"name\":\"Startseite\",\"item\":\"https:\/\/www.uhl-menu.com\/en\/\"},{\"@type\":\"ListItem\",\"position\":2,\"name\":\"Store\",\"item\":\"https:\/\/www.uhl-menu.com\/en\/shop\/\"},{\"@type\":\"ListItem\",\"position\":3,\"name\":\"Snap Line\"}]},{\"@type\":\"WebSite\",\"@id\":\"https:\/\/www.uhl-menu.com\/en\/#website\",\"url\":\"https:\/\/www.uhl-menu.com\/en\/\",\"name\":\"menu de Uhl\",\"description\":\"e fabricant de menus UHL, fond\u00e9 en 1982, s&#039;est donn\u00e9 d\u00e8s ses d\u00e9buts pour mission de se sp\u00e9cialiser dans les menus et les cartes des vins.\",\"publisher\":{\"@id\":\"https:\/\/www.uhl-menu.com\/en\/#organization\"},\"potentialAction\":[{\"@type\":\"SearchAction\",\"target\":{\"@type\":\"EntryPoint\",\"urlTemplate\":\"https:\/\/www.uhl-menu.com\/en\/?s={search_term_string}\"},\"query-input\":{\"@type\":\"PropertyValueSpecification\",\"valueRequired\":true,\"valueName\":\"search_term_string\"}}],\"inLanguage\":\"en-US\"},{\"@type\":\"Organization\",\"@id\":\"https:\/\/www.uhl-menu.com\/en\/#organization\",\"name\":\"menu de Uhl\",\"url\":\"https:\/\/www.uhl-menu.com\/en\/\",\"logo\":{\"@type\":\"ImageObject\",\"inLanguage\":\"en-US\",\"@id\":\"https:\/\/www.uhl-menu.com\/en\/#\/schema\/logo\/image\/\",\"url\":\"https:\/\/www.uhl-menu.com\/wp-content\/uploads\/uhl-logo.png\",\"contentUrl\":\"https:\/\/www.uhl-menu.com\/wp-content\/uploads\/uhl-logo.png\",\"width\":66,\"height\":41,\"caption\":\"menu de Uhl\"},\"image\":{\"@id\":\"https:\/\/www.uhl-menu.com\/en\/#\/schema\/logo\/image\/\"},\"sameAs\":[\"https:\/\/www.facebook.com\/uhlspeisekarten\",\"https:\/\/www.youtube.com\/channel\/UCz6fCHDC_EvIaFfibirEF8A\/videos\"]}]}<\/script>\n<!-- \/ Yoast SEO plugin. -->","yoast_head_json":{"title":"Snap Line \u00bb Practical menu folder with snap system - menu de Uhl","robots":{"index":"index","follow":"follow","max-snippet":"max-snippet:-1","max-image-preview":"max-image-preview:large","max-video-preview":"max-video-preview:-1"},"canonical":"https:\/\/www.uhl-menu.com\/en\/produkt\/snap-line\/","og_locale":"en_US","og_type":"article","og_title":"Snap Line \u00bb Practical menu folder with snap system - menu de Uhl","og_description":"This card is absolutely on trend: it scores points with its minimalist, modern look and practical snap system. Expand and reduce your range quickly and individually. A flap made of high-quality, tear-resistant material on the inside of the card spine of the Snap menu conceals either two or four press studs, which enable the perforated [&hellip;]","og_url":"https:\/\/www.uhl-menu.com\/en\/produkt\/snap-line\/","og_site_name":"menu de Uhl","article_publisher":"https:\/\/www.facebook.com\/uhlspeisekarten","article_modified_time":"2024-05-31T13:23:51+00:00","og_image":[{"width":1600,"height":1125,"url":"https:\/\/www.uhl-menu.com\/wp-content\/uploads\/snap-line-praktische-speisekarten-mappe-mit-snap-system.png","type":"image\/png"}],"twitter_card":"summary_large_image","twitter_misc":{"Est. reading time":"2 minutes"},"schema":{"@context":"https:\/\/schema.org","@graph":[{"@type":"WebPage","@id":"https:\/\/www.uhl-menu.com\/en\/produkt\/snap-line\/","url":"https:\/\/www.uhl-menu.com\/en\/produkt\/snap-line\/","name":"Snap Line \u00bb Practical menu folder with snap system - menu de Uhl","isPartOf":{"@id":"https:\/\/www.uhl-menu.com\/en\/#website"},"primaryImageOfPage":{"@id":"https:\/\/www.uhl-menu.com\/en\/produkt\/snap-line\/#primaryimage"},"image":{"@id":"https:\/\/www.uhl-menu.com\/en\/produkt\/snap-line\/#primaryimage"},"thumbnailUrl":"https:\/\/www.uhl-menu.com\/wp-content\/uploads\/snap-line-praktische-speisekarten-mappe-mit-snap-system.png","datePublished":"2021-11-25T12:40:53+00:00","dateModified":"2024-05-31T13:23:51+00:00","breadcrumb":{"@id":"https:\/\/www.uhl-menu.com\/en\/produkt\/snap-line\/#breadcrumb"},"inLanguage":"en-US","potentialAction":[{"@type":"ReadAction","target":["https:\/\/www.uhl-menu.com\/en\/produkt\/snap-line\/"]}]},{"@type":"ImageObject","inLanguage":"en-US","@id":"https:\/\/www.uhl-menu.com\/en\/produkt\/snap-line\/#primaryimage","url":"https:\/\/www.uhl-menu.com\/wp-content\/uploads\/snap-line-praktische-speisekarten-mappe-mit-snap-system.png","contentUrl":"https:\/\/www.uhl-menu.com\/wp-content\/uploads\/snap-line-praktische-speisekarten-mappe-mit-snap-system.png","width":1600,"height":1125,"caption":"Practical food and wine list with Snap System: Snap Line model from Uhl Menu"},{"@type":"BreadcrumbList","@id":"https:\/\/www.uhl-menu.com\/en\/produkt\/snap-line\/#breadcrumb","itemListElement":[{"@type":"ListItem","position":1,"name":"Startseite","item":"https:\/\/www.uhl-menu.com\/en\/"},{"@type":"ListItem","position":2,"name":"Store","item":"https:\/\/www.uhl-menu.com\/en\/shop\/"},{"@type":"ListItem","position":3,"name":"Snap Line"}]},{"@type":"WebSite","@id":"https:\/\/www.uhl-menu.com\/en\/#website","url":"https:\/\/www.uhl-menu.com\/en\/","name":"menu de Uhl","description":"e fabricant de menus UHL, fond\u00e9 en 1982, s&#039;est donn\u00e9 d\u00e8s ses d\u00e9buts pour mission de se sp\u00e9cialiser dans les menus et les cartes des vins.","publisher":{"@id":"https:\/\/www.uhl-menu.com\/en\/#organization"},"potentialAction":[{"@type":"SearchAction","target":{"@type":"EntryPoint","urlTemplate":"https:\/\/www.uhl-menu.com\/en\/?s={search_term_string}"},"query-input":{"@type":"PropertyValueSpecification","valueRequired":true,"valueName":"search_term_string"}}],"inLanguage":"en-US"},{"@type":"Organization","@id":"https:\/\/www.uhl-menu.com\/en\/#organization","name":"menu de Uhl","url":"https:\/\/www.uhl-menu.com\/en\/","logo":{"@type":"ImageObject","inLanguage":"en-US","@id":"https:\/\/www.uhl-menu.com\/en\/#\/schema\/logo\/image\/","url":"https:\/\/www.uhl-menu.com\/wp-content\/uploads\/uhl-logo.png","contentUrl":"https:\/\/www.uhl-menu.com\/wp-content\/uploads\/uhl-logo.png","width":66,"height":41,"caption":"menu de Uhl"},"image":{"@id":"https:\/\/www.uhl-menu.com\/en\/#\/schema\/logo\/image\/"},"sameAs":["https:\/\/www.facebook.com\/uhlspeisekarten","https:\/\/www.youtube.com\/channel\/UCz6fCHDC_EvIaFfibirEF8A\/videos"]}]}},"_links":{"self":[{"href":"https:\/\/www.uhl-menu.com\/en\/wp-json\/wp\/v2\/product\/33701","targetHints":{"allow":["GET"]}}],"collection":[{"href":"https:\/\/www.uhl-menu.com\/en\/wp-json\/wp\/v2\/product"}],"about":[{"href":"https:\/\/www.uhl-menu.com\/en\/wp-json\/wp\/v2\/types\/product"}],"wp:featuredmedia":[{"embeddable":true,"href":"https:\/\/www.uhl-menu.com\/en\/wp-json\/wp\/v2\/media\/24121"}],"wp:attachment":[{"href":"https:\/\/www.uhl-menu.com\/en\/wp-json\/wp\/v2\/media?parent=33701"}],"wp:term":[{"taxonomy":"product_brand","embeddable":true,"href":"https:\/\/www.uhl-menu.com\/en\/wp-json\/wp\/v2\/product_brand?post=33701"},{"taxonomy":"product_cat","embeddable":true,"href":"https:\/\/www.uhl-menu.com\/en\/wp-json\/wp\/v2\/product_cat?post=33701"},{"taxonomy":"product_tag","embeddable":true,"href":"https:\/\/www.uhl-menu.com\/en\/wp-json\/wp\/v2\/product_tag?post=33701"}],"curies":[{"name":"wp","href":"https:\/\/api.w.org\/{rel}","templated":true}]}}