{"id":38161,"date":"2025-01-29T08:19:14","date_gmt":"2025-01-29T07:19:14","guid":{"rendered":"https:\/\/www.uhl-menu.com\/?post_type=product&#038;p=38161"},"modified":"2025-11-28T17:24:44","modified_gmt":"2025-11-28T16:24:44","slug":"magnetic-card-3-part-kopie","status":"publish","type":"product","link":"https:\/\/www.uhl-menu.com\/en\/produkt\/magnetic-card-3-part-2\/","title":{"rendered":"Magnetic card 3-part"},"content":{"rendered":"<p>Similar to our Tabernacle model, our three-part magnetic card presents your offer in a particularly attractive way. One of the two A4 sides of this card model is divided lengthwise. This results in a middle section in A4 and two side sections with A4 paper cut in half lengthways, which are ideal for starters, desserts or daily recommendations. Of course, this card can also be produced for 1 sheet A5 or 1 sheet A3 centered.<\/p>\n<p>The vertical magnetic strips on the inside make it particularly easy to exchange the individual papers. The two wings on the outer edge each have a narrow, vertical magnetic rail to hold the sheets in place. The sheet in the middle is held in place by a narrow, vertical magnetic rail on the right and left. This makes our 3-sided magnetic card particularly flexible and the sheets very easy to replace.<\/p>\n<p>The hardcover cover has a sturdy design with closed edges and is covered with high-quality material on the inside and outside. The dirt-repellent and easy-care surfaces and the tear-resistant materials with which the three individual parts are joined together ensure excellent durability.<\/p>\n","protected":false},"excerpt":{"rendered":"<p>Similar to our Tabernacle model, our three-part magnetic card presents your offer in a particularly attractive way. One of the two A4 sides of this card model is divided lengthwise. This results in a middle section in A4 and two side sections with A4 paper cut in half lengthways, which are ideal for starters, desserts [&hellip;]<\/p>\n","protected":false},"featured_media":38273,"template":"","meta":{"_acf_changed":false},"product_brand":[],"product_cat":[511,515,459,456,472,457,480,500,484,458],"product_tag":[],"class_list":{"0":"post-38161","1":"product","2":"type-product","3":"status-publish","4":"has-post-thumbnail","6":"product_cat-3-sided","7":"product_cat-bound","8":"product_cat-genuine-leather","9":"product_cat-hardcover-en","10":"product_cat-imitation-leather","11":"product_cat-insensitive-to-grease","12":"product_cat-linen","13":"product_cat-menus","14":"product_cat-synth-material","15":"product_cat-water-repellent","16":"tm-has-options","18":"first","19":"instock","20":"taxable","21":"shipping-taxable","22":"purchasable","23":"product-type-variable"},"acf":[],"yoast_head":"<!-- This site is optimized with the Yoast SEO plugin v26.0 - https:\/\/yoast.com\/wordpress\/plugins\/seo\/ -->\n<title>Magnetic card 3-part \u00bb Menu folder with magnetic strip - menu de Uhl<\/title>\n<meta name=\"robots\" content=\"index, follow, max-snippet:-1, max-image-preview:large, max-video-preview:-1\" \/>\n<link rel=\"canonical\" href=\"https:\/\/www.uhl-menu.com\/en\/produkt\/magnetic-card-3-part-2\/\" \/>\n<meta property=\"og:locale\" content=\"en_US\" \/>\n<meta property=\"og:type\" content=\"article\" \/>\n<meta property=\"og:title\" content=\"Magnetic card 3-part \u00bb Menu folder with magnetic strip - menu de Uhl\" \/>\n<meta property=\"og:description\" content=\"Similar to our Tabernacle model, our three-part magnetic card presents your offer in a particularly attractive way. One of the two A4 sides of this card model is divided lengthwise. This results in a middle section in A4 and two side sections with A4 paper cut in half lengthways, which are ideal for starters, desserts [&hellip;]\" \/>\n<meta property=\"og:url\" content=\"https:\/\/www.uhl-menu.com\/en\/produkt\/magnetic-card-3-part-2\/\" \/>\n<meta property=\"og:site_name\" content=\"menu de Uhl\" \/>\n<meta property=\"article:publisher\" content=\"https:\/\/www.facebook.com\/uhlspeisekarten\" \/>\n<meta property=\"article:modified_time\" content=\"2025-11-28T16:24:44+00:00\" \/>\n<meta property=\"og:image\" content=\"https:\/\/www.uhl-menu.com\/wp-content\/uploads\/Magnetkarte-mit-Magic-Element_Produkt_front-3-Mittel.jpg\" \/>\n\t<meta property=\"og:image:width\" content=\"1092\" \/>\n\t<meta property=\"og:image:height\" content=\"768\" \/>\n\t<meta property=\"og:image:type\" content=\"image\/jpeg\" \/>\n<meta name=\"twitter:card\" content=\"summary_large_image\" \/>\n<meta name=\"twitter:label1\" content=\"Est. reading time\" \/>\n\t<meta name=\"twitter:data1\" content=\"2 minutes\" \/>\n<script type=\"application\/ld+json\" class=\"yoast-schema-graph\">{\"@context\":\"https:\/\/schema.org\",\"@graph\":[{\"@type\":\"WebPage\",\"@id\":\"https:\/\/www.uhl-menu.com\/en\/produkt\/magnetic-card-3-part-2\/\",\"url\":\"https:\/\/www.uhl-menu.com\/en\/produkt\/magnetic-card-3-part-2\/\",\"name\":\"Magnetic card 3-part \u00bb Menu folder with magnetic strip - menu de Uhl\",\"isPartOf\":{\"@id\":\"https:\/\/www.uhl-menu.com\/en\/#website\"},\"primaryImageOfPage\":{\"@id\":\"https:\/\/www.uhl-menu.com\/en\/produkt\/magnetic-card-3-part-2\/#primaryimage\"},\"image\":{\"@id\":\"https:\/\/www.uhl-menu.com\/en\/produkt\/magnetic-card-3-part-2\/#primaryimage\"},\"thumbnailUrl\":\"https:\/\/www.uhl-menu.com\/wp-content\/uploads\/Magnetkarte-mit-Magic-Element_Produkt_front-3-Mittel.jpg\",\"datePublished\":\"2025-01-29T07:19:14+00:00\",\"dateModified\":\"2025-11-28T16:24:44+00:00\",\"breadcrumb\":{\"@id\":\"https:\/\/www.uhl-menu.com\/en\/produkt\/magnetic-card-3-part-2\/#breadcrumb\"},\"inLanguage\":\"en-US\",\"potentialAction\":[{\"@type\":\"ReadAction\",\"target\":[\"https:\/\/www.uhl-menu.com\/en\/produkt\/magnetic-card-3-part-2\/\"]}]},{\"@type\":\"ImageObject\",\"inLanguage\":\"en-US\",\"@id\":\"https:\/\/www.uhl-menu.com\/en\/produkt\/magnetic-card-3-part-2\/#primaryimage\",\"url\":\"https:\/\/www.uhl-menu.com\/wp-content\/uploads\/Magnetkarte-mit-Magic-Element_Produkt_front-3-Mittel.jpg\",\"contentUrl\":\"https:\/\/www.uhl-menu.com\/wp-content\/uploads\/Magnetkarte-mit-Magic-Element_Produkt_front-3-Mittel.jpg\",\"width\":1092,\"height\":768,\"caption\":\"Magnetkarte mit Magic Element\"},{\"@type\":\"BreadcrumbList\",\"@id\":\"https:\/\/www.uhl-menu.com\/en\/produkt\/magnetic-card-3-part-2\/#breadcrumb\",\"itemListElement\":[{\"@type\":\"ListItem\",\"position\":1,\"name\":\"Startseite\",\"item\":\"https:\/\/www.uhl-menu.com\/en\/\"},{\"@type\":\"ListItem\",\"position\":2,\"name\":\"Store\",\"item\":\"https:\/\/www.uhl-menu.com\/en\/shop\/\"},{\"@type\":\"ListItem\",\"position\":3,\"name\":\"Magnetic card 3-part\"}]},{\"@type\":\"WebSite\",\"@id\":\"https:\/\/www.uhl-menu.com\/en\/#website\",\"url\":\"https:\/\/www.uhl-menu.com\/en\/\",\"name\":\"menu de Uhl\",\"description\":\"e fabricant de menus UHL, fond\u00e9 en 1982, s&#039;est donn\u00e9 d\u00e8s ses d\u00e9buts pour mission de se sp\u00e9cialiser dans les menus et les cartes des vins.\",\"publisher\":{\"@id\":\"https:\/\/www.uhl-menu.com\/en\/#organization\"},\"potentialAction\":[{\"@type\":\"SearchAction\",\"target\":{\"@type\":\"EntryPoint\",\"urlTemplate\":\"https:\/\/www.uhl-menu.com\/en\/?s={search_term_string}\"},\"query-input\":{\"@type\":\"PropertyValueSpecification\",\"valueRequired\":true,\"valueName\":\"search_term_string\"}}],\"inLanguage\":\"en-US\"},{\"@type\":\"Organization\",\"@id\":\"https:\/\/www.uhl-menu.com\/en\/#organization\",\"name\":\"menu de Uhl\",\"url\":\"https:\/\/www.uhl-menu.com\/en\/\",\"logo\":{\"@type\":\"ImageObject\",\"inLanguage\":\"en-US\",\"@id\":\"https:\/\/www.uhl-menu.com\/en\/#\/schema\/logo\/image\/\",\"url\":\"https:\/\/www.uhl-menu.com\/wp-content\/uploads\/uhl-logo.png\",\"contentUrl\":\"https:\/\/www.uhl-menu.com\/wp-content\/uploads\/uhl-logo.png\",\"width\":66,\"height\":41,\"caption\":\"menu de Uhl\"},\"image\":{\"@id\":\"https:\/\/www.uhl-menu.com\/en\/#\/schema\/logo\/image\/\"},\"sameAs\":[\"https:\/\/www.facebook.com\/uhlspeisekarten\",\"https:\/\/www.youtube.com\/channel\/UCz6fCHDC_EvIaFfibirEF8A\/videos\"]}]}<\/script>\n<!-- \/ Yoast SEO plugin. -->","yoast_head_json":{"title":"Magnetic card 3-part \u00bb Menu folder with magnetic strip - menu de Uhl","robots":{"index":"index","follow":"follow","max-snippet":"max-snippet:-1","max-image-preview":"max-image-preview:large","max-video-preview":"max-video-preview:-1"},"canonical":"https:\/\/www.uhl-menu.com\/en\/produkt\/magnetic-card-3-part-2\/","og_locale":"en_US","og_type":"article","og_title":"Magnetic card 3-part \u00bb Menu folder with magnetic strip - menu de Uhl","og_description":"Similar to our Tabernacle model, our three-part magnetic card presents your offer in a particularly attractive way. One of the two A4 sides of this card model is divided lengthwise. This results in a middle section in A4 and two side sections with A4 paper cut in half lengthways, which are ideal for starters, desserts [&hellip;]","og_url":"https:\/\/www.uhl-menu.com\/en\/produkt\/magnetic-card-3-part-2\/","og_site_name":"menu de Uhl","article_publisher":"https:\/\/www.facebook.com\/uhlspeisekarten","article_modified_time":"2025-11-28T16:24:44+00:00","og_image":[{"width":1092,"height":768,"url":"https:\/\/www.uhl-menu.com\/wp-content\/uploads\/Magnetkarte-mit-Magic-Element_Produkt_front-3-Mittel.jpg","type":"image\/jpeg"}],"twitter_card":"summary_large_image","twitter_misc":{"Est. reading time":"2 minutes"},"schema":{"@context":"https:\/\/schema.org","@graph":[{"@type":"WebPage","@id":"https:\/\/www.uhl-menu.com\/en\/produkt\/magnetic-card-3-part-2\/","url":"https:\/\/www.uhl-menu.com\/en\/produkt\/magnetic-card-3-part-2\/","name":"Magnetic card 3-part \u00bb Menu folder with magnetic strip - menu de Uhl","isPartOf":{"@id":"https:\/\/www.uhl-menu.com\/en\/#website"},"primaryImageOfPage":{"@id":"https:\/\/www.uhl-menu.com\/en\/produkt\/magnetic-card-3-part-2\/#primaryimage"},"image":{"@id":"https:\/\/www.uhl-menu.com\/en\/produkt\/magnetic-card-3-part-2\/#primaryimage"},"thumbnailUrl":"https:\/\/www.uhl-menu.com\/wp-content\/uploads\/Magnetkarte-mit-Magic-Element_Produkt_front-3-Mittel.jpg","datePublished":"2025-01-29T07:19:14+00:00","dateModified":"2025-11-28T16:24:44+00:00","breadcrumb":{"@id":"https:\/\/www.uhl-menu.com\/en\/produkt\/magnetic-card-3-part-2\/#breadcrumb"},"inLanguage":"en-US","potentialAction":[{"@type":"ReadAction","target":["https:\/\/www.uhl-menu.com\/en\/produkt\/magnetic-card-3-part-2\/"]}]},{"@type":"ImageObject","inLanguage":"en-US","@id":"https:\/\/www.uhl-menu.com\/en\/produkt\/magnetic-card-3-part-2\/#primaryimage","url":"https:\/\/www.uhl-menu.com\/wp-content\/uploads\/Magnetkarte-mit-Magic-Element_Produkt_front-3-Mittel.jpg","contentUrl":"https:\/\/www.uhl-menu.com\/wp-content\/uploads\/Magnetkarte-mit-Magic-Element_Produkt_front-3-Mittel.jpg","width":1092,"height":768,"caption":"Magnetkarte mit Magic Element"},{"@type":"BreadcrumbList","@id":"https:\/\/www.uhl-menu.com\/en\/produkt\/magnetic-card-3-part-2\/#breadcrumb","itemListElement":[{"@type":"ListItem","position":1,"name":"Startseite","item":"https:\/\/www.uhl-menu.com\/en\/"},{"@type":"ListItem","position":2,"name":"Store","item":"https:\/\/www.uhl-menu.com\/en\/shop\/"},{"@type":"ListItem","position":3,"name":"Magnetic card 3-part"}]},{"@type":"WebSite","@id":"https:\/\/www.uhl-menu.com\/en\/#website","url":"https:\/\/www.uhl-menu.com\/en\/","name":"menu de Uhl","description":"e fabricant de menus UHL, fond\u00e9 en 1982, s&#039;est donn\u00e9 d\u00e8s ses d\u00e9buts pour mission de se sp\u00e9cialiser dans les menus et les cartes des vins.","publisher":{"@id":"https:\/\/www.uhl-menu.com\/en\/#organization"},"potentialAction":[{"@type":"SearchAction","target":{"@type":"EntryPoint","urlTemplate":"https:\/\/www.uhl-menu.com\/en\/?s={search_term_string}"},"query-input":{"@type":"PropertyValueSpecification","valueRequired":true,"valueName":"search_term_string"}}],"inLanguage":"en-US"},{"@type":"Organization","@id":"https:\/\/www.uhl-menu.com\/en\/#organization","name":"menu de Uhl","url":"https:\/\/www.uhl-menu.com\/en\/","logo":{"@type":"ImageObject","inLanguage":"en-US","@id":"https:\/\/www.uhl-menu.com\/en\/#\/schema\/logo\/image\/","url":"https:\/\/www.uhl-menu.com\/wp-content\/uploads\/uhl-logo.png","contentUrl":"https:\/\/www.uhl-menu.com\/wp-content\/uploads\/uhl-logo.png","width":66,"height":41,"caption":"menu de Uhl"},"image":{"@id":"https:\/\/www.uhl-menu.com\/en\/#\/schema\/logo\/image\/"},"sameAs":["https:\/\/www.facebook.com\/uhlspeisekarten","https:\/\/www.youtube.com\/channel\/UCz6fCHDC_EvIaFfibirEF8A\/videos"]}]}},"_links":{"self":[{"href":"https:\/\/www.uhl-menu.com\/en\/wp-json\/wp\/v2\/product\/38161","targetHints":{"allow":["GET"]}}],"collection":[{"href":"https:\/\/www.uhl-menu.com\/en\/wp-json\/wp\/v2\/product"}],"about":[{"href":"https:\/\/www.uhl-menu.com\/en\/wp-json\/wp\/v2\/types\/product"}],"wp:featuredmedia":[{"embeddable":true,"href":"https:\/\/www.uhl-menu.com\/en\/wp-json\/wp\/v2\/media\/38273"}],"wp:attachment":[{"href":"https:\/\/www.uhl-menu.com\/en\/wp-json\/wp\/v2\/media?parent=38161"}],"wp:term":[{"taxonomy":"product_brand","embeddable":true,"href":"https:\/\/www.uhl-menu.com\/en\/wp-json\/wp\/v2\/product_brand?post=38161"},{"taxonomy":"product_cat","embeddable":true,"href":"https:\/\/www.uhl-menu.com\/en\/wp-json\/wp\/v2\/product_cat?post=38161"},{"taxonomy":"product_tag","embeddable":true,"href":"https:\/\/www.uhl-menu.com\/en\/wp-json\/wp\/v2\/product_tag?post=38161"}],"curies":[{"name":"wp","href":"https:\/\/api.w.org\/{rel}","templated":true}]}}