{"id":62306,"date":"2022-10-11T15:09:49","date_gmt":"2022-10-11T13:09:49","guid":{"rendered":"https:\/\/www.uhl-menu.com\/aplicaciones\/"},"modified":"2025-03-19T13:53:15","modified_gmt":"2025-03-19T12:53:15","slug":"aplicaciones","status":"publish","type":"page","link":"https:\/\/www.uhl-menu.com\/es\/aplicaciones\/","title":{"rendered":"Aplicaciones"},"content":{"rendered":"","protected":false},"excerpt":{"rendered":"","protected":false},"author":1,"featured_media":0,"parent":0,"menu_order":3,"comment_status":"closed","ping_status":"closed","template":"","meta":{"_acf_changed":false,"footnotes":""},"class_list":["post-62306","page","type-page","status-publish","hentry"],"acf":[],"yoast_head":"<!-- This site is optimized with the Yoast SEO plugin v26.0 - https:\/\/yoast.com\/wordpress\/plugins\/seo\/ -->\n<title>\u1455\u2776\u1450 Aplicaciones - \u27a1\ufe0f menu de Uhl<\/title>\n<meta name=\"description\" content=\"Uhl Menu ofrece una amplia selecci\u00f3n de men\u00fas de comida y bebida para todos los \u00e1mbitos de aplicaci\u00f3n. Ya sea para restaurantes, bares, cafeter\u00edas u hoteles, tenemos el men\u00fa adecuado para ti.\" \/>\n<meta name=\"robots\" content=\"index, follow, max-snippet:-1, max-image-preview:large, max-video-preview:-1\" \/>\n<link rel=\"canonical\" href=\"https:\/\/www.uhl-menu.com\/es\/aplicaciones\/\" \/>\n<meta property=\"og:locale\" content=\"es_ES\" \/>\n<meta property=\"og:type\" content=\"article\" \/>\n<meta property=\"og:title\" content=\"\u1455\u2776\u1450 Aplicaciones - \u27a1\ufe0f menu de Uhl\" \/>\n<meta property=\"og:description\" content=\"Uhl Menu ofrece una amplia selecci\u00f3n de men\u00fas de comida y bebida para todos los \u00e1mbitos de aplicaci\u00f3n. Ya sea para restaurantes, bares, cafeter\u00edas u hoteles, tenemos el men\u00fa adecuado para ti.\" \/>\n<meta property=\"og:url\" content=\"https:\/\/www.uhl-menu.com\/es\/aplicaciones\/\" \/>\n<meta property=\"og:site_name\" content=\"menu de Uhl\" \/>\n<meta property=\"article:publisher\" content=\"https:\/\/www.facebook.com\/uhlspeisekarten\" \/>\n<meta property=\"article:modified_time\" content=\"2025-03-19T12:53:15+00:00\" \/>\n<meta name=\"twitter:card\" content=\"summary_large_image\" \/>\n<script type=\"application\/ld+json\" class=\"yoast-schema-graph\">{\"@context\":\"https:\/\/schema.org\",\"@graph\":[{\"@type\":\"WebPage\",\"@id\":\"https:\/\/www.uhl-menu.com\/es\/aplicaciones\/\",\"url\":\"https:\/\/www.uhl-menu.com\/es\/aplicaciones\/\",\"name\":\"\u1455\u2776\u1450 Aplicaciones - \u27a1\ufe0f menu de Uhl\",\"isPartOf\":{\"@id\":\"https:\/\/www.uhl-menu.com\/es\/#website\"},\"datePublished\":\"2022-10-11T13:09:49+00:00\",\"dateModified\":\"2025-03-19T12:53:15+00:00\",\"description\":\"Uhl Menu ofrece una amplia selecci\u00f3n de men\u00fas de comida y bebida para todos los \u00e1mbitos de aplicaci\u00f3n. Ya sea para restaurantes, bares, cafeter\u00edas u hoteles, tenemos el men\u00fa adecuado para ti.\",\"breadcrumb\":{\"@id\":\"https:\/\/www.uhl-menu.com\/es\/aplicaciones\/#breadcrumb\"},\"inLanguage\":\"es\",\"potentialAction\":[{\"@type\":\"ReadAction\",\"target\":[\"https:\/\/www.uhl-menu.com\/es\/aplicaciones\/\"]}]},{\"@type\":\"BreadcrumbList\",\"@id\":\"https:\/\/www.uhl-menu.com\/es\/aplicaciones\/#breadcrumb\",\"itemListElement\":[{\"@type\":\"ListItem\",\"position\":1,\"name\":\"Startseite\",\"item\":\"https:\/\/www.uhl-menu.com\/es\/\"},{\"@type\":\"ListItem\",\"position\":2,\"name\":\"Aplicaciones\"}]},{\"@type\":\"WebSite\",\"@id\":\"https:\/\/www.uhl-menu.com\/es\/#website\",\"url\":\"https:\/\/www.uhl-menu.com\/es\/\",\"name\":\"menu de Uhl\",\"description\":\"e fabricant de menus UHL, fond\u00e9 en 1982, s&#039;est donn\u00e9 d\u00e8s ses d\u00e9buts pour mission de se sp\u00e9cialiser dans les menus et les cartes des vins.\",\"publisher\":{\"@id\":\"https:\/\/www.uhl-menu.com\/es\/#organization\"},\"potentialAction\":[{\"@type\":\"SearchAction\",\"target\":{\"@type\":\"EntryPoint\",\"urlTemplate\":\"https:\/\/www.uhl-menu.com\/es\/?s={search_term_string}\"},\"query-input\":{\"@type\":\"PropertyValueSpecification\",\"valueRequired\":true,\"valueName\":\"search_term_string\"}}],\"inLanguage\":\"es\"},{\"@type\":\"Organization\",\"@id\":\"https:\/\/www.uhl-menu.com\/es\/#organization\",\"name\":\"menu de Uhl\",\"url\":\"https:\/\/www.uhl-menu.com\/es\/\",\"logo\":{\"@type\":\"ImageObject\",\"inLanguage\":\"es\",\"@id\":\"https:\/\/www.uhl-menu.com\/es\/#\/schema\/logo\/image\/\",\"url\":\"https:\/\/www.uhl-menu.com\/wp-content\/uploads\/uhl-logo.png\",\"contentUrl\":\"https:\/\/www.uhl-menu.com\/wp-content\/uploads\/uhl-logo.png\",\"width\":66,\"height\":41,\"caption\":\"menu de Uhl\"},\"image\":{\"@id\":\"https:\/\/www.uhl-menu.com\/es\/#\/schema\/logo\/image\/\"},\"sameAs\":[\"https:\/\/www.facebook.com\/uhlspeisekarten\",\"https:\/\/www.youtube.com\/channel\/UCz6fCHDC_EvIaFfibirEF8A\/videos\"]}]}<\/script>\n<!-- \/ Yoast SEO plugin. -->","yoast_head_json":{"title":"\u1455\u2776\u1450 Aplicaciones - \u27a1\ufe0f menu de Uhl","description":"Uhl Menu ofrece una amplia selecci\u00f3n de men\u00fas de comida y bebida para todos los \u00e1mbitos de aplicaci\u00f3n. Ya sea para restaurantes, bares, cafeter\u00edas u hoteles, tenemos el men\u00fa adecuado para ti.","robots":{"index":"index","follow":"follow","max-snippet":"max-snippet:-1","max-image-preview":"max-image-preview:large","max-video-preview":"max-video-preview:-1"},"canonical":"https:\/\/www.uhl-menu.com\/es\/aplicaciones\/","og_locale":"es_ES","og_type":"article","og_title":"\u1455\u2776\u1450 Aplicaciones - \u27a1\ufe0f menu de Uhl","og_description":"Uhl Menu ofrece una amplia selecci\u00f3n de men\u00fas de comida y bebida para todos los \u00e1mbitos de aplicaci\u00f3n. Ya sea para restaurantes, bares, cafeter\u00edas u hoteles, tenemos el men\u00fa adecuado para ti.","og_url":"https:\/\/www.uhl-menu.com\/es\/aplicaciones\/","og_site_name":"menu de Uhl","article_publisher":"https:\/\/www.facebook.com\/uhlspeisekarten","article_modified_time":"2025-03-19T12:53:15+00:00","twitter_card":"summary_large_image","schema":{"@context":"https:\/\/schema.org","@graph":[{"@type":"WebPage","@id":"https:\/\/www.uhl-menu.com\/es\/aplicaciones\/","url":"https:\/\/www.uhl-menu.com\/es\/aplicaciones\/","name":"\u1455\u2776\u1450 Aplicaciones - \u27a1\ufe0f menu de Uhl","isPartOf":{"@id":"https:\/\/www.uhl-menu.com\/es\/#website"},"datePublished":"2022-10-11T13:09:49+00:00","dateModified":"2025-03-19T12:53:15+00:00","description":"Uhl Menu ofrece una amplia selecci\u00f3n de men\u00fas de comida y bebida para todos los \u00e1mbitos de aplicaci\u00f3n. Ya sea para restaurantes, bares, cafeter\u00edas u hoteles, tenemos el men\u00fa adecuado para ti.","breadcrumb":{"@id":"https:\/\/www.uhl-menu.com\/es\/aplicaciones\/#breadcrumb"},"inLanguage":"es","potentialAction":[{"@type":"ReadAction","target":["https:\/\/www.uhl-menu.com\/es\/aplicaciones\/"]}]},{"@type":"BreadcrumbList","@id":"https:\/\/www.uhl-menu.com\/es\/aplicaciones\/#breadcrumb","itemListElement":[{"@type":"ListItem","position":1,"name":"Startseite","item":"https:\/\/www.uhl-menu.com\/es\/"},{"@type":"ListItem","position":2,"name":"Aplicaciones"}]},{"@type":"WebSite","@id":"https:\/\/www.uhl-menu.com\/es\/#website","url":"https:\/\/www.uhl-menu.com\/es\/","name":"menu de Uhl","description":"e fabricant de menus UHL, fond\u00e9 en 1982, s&#039;est donn\u00e9 d\u00e8s ses d\u00e9buts pour mission de se sp\u00e9cialiser dans les menus et les cartes des vins.","publisher":{"@id":"https:\/\/www.uhl-menu.com\/es\/#organization"},"potentialAction":[{"@type":"SearchAction","target":{"@type":"EntryPoint","urlTemplate":"https:\/\/www.uhl-menu.com\/es\/?s={search_term_string}"},"query-input":{"@type":"PropertyValueSpecification","valueRequired":true,"valueName":"search_term_string"}}],"inLanguage":"es"},{"@type":"Organization","@id":"https:\/\/www.uhl-menu.com\/es\/#organization","name":"menu de Uhl","url":"https:\/\/www.uhl-menu.com\/es\/","logo":{"@type":"ImageObject","inLanguage":"es","@id":"https:\/\/www.uhl-menu.com\/es\/#\/schema\/logo\/image\/","url":"https:\/\/www.uhl-menu.com\/wp-content\/uploads\/uhl-logo.png","contentUrl":"https:\/\/www.uhl-menu.com\/wp-content\/uploads\/uhl-logo.png","width":66,"height":41,"caption":"menu de Uhl"},"image":{"@id":"https:\/\/www.uhl-menu.com\/es\/#\/schema\/logo\/image\/"},"sameAs":["https:\/\/www.facebook.com\/uhlspeisekarten","https:\/\/www.youtube.com\/channel\/UCz6fCHDC_EvIaFfibirEF8A\/videos"]}]}},"_links":{"self":[{"href":"https:\/\/www.uhl-menu.com\/es\/wp-json\/wp\/v2\/pages\/62306","targetHints":{"allow":["GET"]}}],"collection":[{"href":"https:\/\/www.uhl-menu.com\/es\/wp-json\/wp\/v2\/pages"}],"about":[{"href":"https:\/\/www.uhl-menu.com\/es\/wp-json\/wp\/v2\/types\/page"}],"author":[{"embeddable":true,"href":"https:\/\/www.uhl-menu.com\/es\/wp-json\/wp\/v2\/users\/1"}],"replies":[{"embeddable":true,"href":"https:\/\/www.uhl-menu.com\/es\/wp-json\/wp\/v2\/comments?post=62306"}],"version-history":[{"count":1,"href":"https:\/\/www.uhl-menu.com\/es\/wp-json\/wp\/v2\/pages\/62306\/revisions"}],"predecessor-version":[{"id":62352,"href":"https:\/\/www.uhl-menu.com\/es\/wp-json\/wp\/v2\/pages\/62306\/revisions\/62352"}],"wp:attachment":[{"href":"https:\/\/www.uhl-menu.com\/es\/wp-json\/wp\/v2\/media?parent=62306"}],"curies":[{"name":"wp","href":"https:\/\/api.w.org\/{rel}","templated":true}]}}