{"id":56641,"date":"2021-11-25T11:29:24","date_gmt":"2021-11-25T10:29:24","guid":{"rendered":"https:\/\/www.uhl-menu.com\/produkt\/magia\/"},"modified":"2025-03-27T14:49:21","modified_gmt":"2025-03-27T13:49:21","slug":"magia","status":"publish","type":"product","link":"https:\/\/www.uhl-menu.com\/es\/produkt\/magia\/","title":{"rendered":"Magia"},"content":{"rendered":"<p>El elegante desarrollo de sistemas de UHL. El sistema intercambiable Magic, especialmente est\u00e9tico, en combinaci\u00f3n con materiales de alta calidad. Dos ranuras de lino de alta calidad dispuestas longitudinalmente, que tambi\u00e9n act\u00faan como soporte para la cuchilla y como zona de agarre.  <\/p>\n<p>Las partes interiores individuales est\u00e1n unidas por bisagras de lino resistentes al desgarro. La cubierta de la tarjeta est\u00e1 fabricada con materiales duraderos de alta calidad, como lino, sint\u00e9tico, piel artificial o piel aut\u00e9ntica, y puede coserse con pespuntes decorativos en el borde si se desea. <\/p>\n","protected":false},"excerpt":{"rendered":"<p>El elegante desarrollo de sistemas de UHL. El sistema intercambiable Magic, especialmente est\u00e9tico, en combinaci\u00f3n con materiales de alta calidad. Dos ranuras de lino de alta calidad dispuestas longitudinalmente, que tambi\u00e9n act\u00faan como soporte para la cuchilla y como zona de agarre. Las partes interiores individuales est\u00e1n unidas por bisagras de lino resistentes al desgarro. [&hellip;]<\/p>\n","protected":false},"featured_media":56688,"template":"","meta":{"_acf_changed":false},"product_brand":[],"product_cat":[1223,1219,1216,1220,1231,1222,1239,1256,1218,1217,1255,1254,1215],"product_tag":[],"class_list":{"0":"post-56641","1":"product","2":"type-product","3":"status-publish","4":"has-post-thumbnail","6":"product_cat-encuadernado","7":"product_cat-imitacion-de-cuero","8":"product_cat-insensible-a-la-grasa","9":"product_cat-lino-es","10":"product_cat-listas-de-vinos","11":"product_cat-material-sinte","12":"product_cat-menus-es","13":"product_cat-multipagina-es","14":"product_cat-piel-autentica","15":"product_cat-repele-el-agua","16":"product_cat-soporte-de-mesa-de-carton","17":"product_cat-tapa-blanda","18":"product_cat-tapa-dura","19":"pa_format-formato-deseado","20":"pa_format-para-a4-horizontal","21":"pa_format-para-a4-retrato","22":"pa_format-para-a5-alto","23":"pa_format-para-a5-horizontal","24":"pa_format-para-a6-alto","25":"pa_format-para-din-largo","26":"tm-has-options","28":"first","29":"instock","30":"taxable","31":"shipping-taxable","32":"purchasable","33":"product-type-variable"},"acf":[],"yoast_head":"<!-- This site is optimized with the Yoast SEO plugin v26.0 - https:\/\/yoast.com\/wordpress\/plugins\/seo\/ -->\n<title>Magia \u00bb Carpeta de men\u00fas con sistema de cambio Magic - menu de Uhl<\/title>\n<meta name=\"robots\" content=\"index, follow, max-snippet:-1, max-image-preview:large, max-video-preview:-1\" \/>\n<link rel=\"canonical\" href=\"https:\/\/www.uhl-menu.com\/es\/produkt\/magia\/\" \/>\n<meta property=\"og:locale\" content=\"es_ES\" \/>\n<meta property=\"og:type\" content=\"article\" \/>\n<meta property=\"og:title\" content=\"Magia \u00bb Carpeta de men\u00fas con sistema de cambio Magic - menu de Uhl\" \/>\n<meta property=\"og:description\" content=\"El elegante desarrollo de sistemas de UHL. El sistema intercambiable Magic, especialmente est\u00e9tico, en combinaci\u00f3n con materiales de alta calidad. Dos ranuras de lino de alta calidad dispuestas longitudinalmente, que tambi\u00e9n act\u00faan como soporte para la cuchilla y como zona de agarre. Las partes interiores individuales est\u00e1n unidas por bisagras de lino resistentes al desgarro. [&hellip;]\" \/>\n<meta property=\"og:url\" content=\"https:\/\/www.uhl-menu.com\/es\/produkt\/magia\/\" \/>\n<meta property=\"og:site_name\" content=\"menu de Uhl\" \/>\n<meta property=\"article:publisher\" content=\"https:\/\/www.facebook.com\/uhlspeisekarten\" \/>\n<meta property=\"article:modified_time\" content=\"2025-03-27T13:49:21+00:00\" \/>\n<meta property=\"og:image\" content=\"https:\/\/www.uhl-menu.com\/wp-content\/uploads\/.\/magic-speisekarten-mappen-mit-wechselsystem.png\" \/>\n\t<meta property=\"og:image:width\" content=\"1600\" \/>\n\t<meta property=\"og:image:height\" content=\"1125\" \/>\n\t<meta property=\"og:image:type\" content=\"image\/png\" \/>\n<meta name=\"twitter:card\" content=\"summary_large_image\" \/>\n<meta name=\"twitter:label1\" content=\"Tiempo de lectura\" \/>\n\t<meta name=\"twitter:data1\" content=\"1 minuto\" \/>\n<script type=\"application\/ld+json\" class=\"yoast-schema-graph\">{\"@context\":\"https:\/\/schema.org\",\"@graph\":[{\"@type\":\"WebPage\",\"@id\":\"https:\/\/www.uhl-menu.com\/es\/produkt\/magia\/\",\"url\":\"https:\/\/www.uhl-menu.com\/es\/produkt\/magia\/\",\"name\":\"Magia \u00bb Carpeta de men\u00fas con sistema de cambio Magic - menu de Uhl\",\"isPartOf\":{\"@id\":\"https:\/\/www.uhl-menu.com\/es\/#website\"},\"primaryImageOfPage\":{\"@id\":\"https:\/\/www.uhl-menu.com\/es\/produkt\/magia\/#primaryimage\"},\"image\":{\"@id\":\"https:\/\/www.uhl-menu.com\/es\/produkt\/magia\/#primaryimage\"},\"thumbnailUrl\":\"https:\/\/www.uhl-menu.com\/wp-content\/uploads\/.\/magic-speisekarten-mappen-mit-wechselsystem.png\",\"datePublished\":\"2021-11-25T10:29:24+00:00\",\"dateModified\":\"2025-03-27T13:49:21+00:00\",\"breadcrumb\":{\"@id\":\"https:\/\/www.uhl-menu.com\/es\/produkt\/magia\/#breadcrumb\"},\"inLanguage\":\"es\",\"potentialAction\":[{\"@type\":\"ReadAction\",\"target\":[\"https:\/\/www.uhl-menu.com\/es\/produkt\/magia\/\"]}]},{\"@type\":\"ImageObject\",\"inLanguage\":\"es\",\"@id\":\"https:\/\/www.uhl-menu.com\/es\/produkt\/magia\/#primaryimage\",\"url\":\"https:\/\/www.uhl-menu.com\/wp-content\/uploads\/.\/magic-speisekarten-mappen-mit-wechselsystem.png\",\"contentUrl\":\"https:\/\/www.uhl-menu.com\/wp-content\/uploads\/.\/magic-speisekarten-mappen-mit-wechselsystem.png\",\"width\":1600,\"height\":1125},{\"@type\":\"BreadcrumbList\",\"@id\":\"https:\/\/www.uhl-menu.com\/es\/produkt\/magia\/#breadcrumb\",\"itemListElement\":[{\"@type\":\"ListItem\",\"position\":1,\"name\":\"Startseite\",\"item\":\"https:\/\/www.uhl-menu.com\/es\/\"},{\"@type\":\"ListItem\",\"position\":2,\"name\":\"Tienda\",\"item\":\"https:\/\/www.uhl-menu.com\/es\/tienda\/\"},{\"@type\":\"ListItem\",\"position\":3,\"name\":\"Magia\"}]},{\"@type\":\"WebSite\",\"@id\":\"https:\/\/www.uhl-menu.com\/es\/#website\",\"url\":\"https:\/\/www.uhl-menu.com\/es\/\",\"name\":\"menu de Uhl\",\"description\":\"e fabricant de menus UHL, fond\u00e9 en 1982, s&#039;est donn\u00e9 d\u00e8s ses d\u00e9buts pour mission de se sp\u00e9cialiser dans les menus et les cartes des vins.\",\"publisher\":{\"@id\":\"https:\/\/www.uhl-menu.com\/es\/#organization\"},\"potentialAction\":[{\"@type\":\"SearchAction\",\"target\":{\"@type\":\"EntryPoint\",\"urlTemplate\":\"https:\/\/www.uhl-menu.com\/es\/?s={search_term_string}\"},\"query-input\":{\"@type\":\"PropertyValueSpecification\",\"valueRequired\":true,\"valueName\":\"search_term_string\"}}],\"inLanguage\":\"es\"},{\"@type\":\"Organization\",\"@id\":\"https:\/\/www.uhl-menu.com\/es\/#organization\",\"name\":\"menu de Uhl\",\"url\":\"https:\/\/www.uhl-menu.com\/es\/\",\"logo\":{\"@type\":\"ImageObject\",\"inLanguage\":\"es\",\"@id\":\"https:\/\/www.uhl-menu.com\/es\/#\/schema\/logo\/image\/\",\"url\":\"https:\/\/www.uhl-menu.com\/wp-content\/uploads\/uhl-logo.png\",\"contentUrl\":\"https:\/\/www.uhl-menu.com\/wp-content\/uploads\/uhl-logo.png\",\"width\":66,\"height\":41,\"caption\":\"menu de Uhl\"},\"image\":{\"@id\":\"https:\/\/www.uhl-menu.com\/es\/#\/schema\/logo\/image\/\"},\"sameAs\":[\"https:\/\/www.facebook.com\/uhlspeisekarten\",\"https:\/\/www.youtube.com\/channel\/UCz6fCHDC_EvIaFfibirEF8A\/videos\"]}]}<\/script>\n<!-- \/ Yoast SEO plugin. -->","yoast_head_json":{"title":"Magia \u00bb Carpeta de men\u00fas con sistema de cambio Magic - menu de Uhl","robots":{"index":"index","follow":"follow","max-snippet":"max-snippet:-1","max-image-preview":"max-image-preview:large","max-video-preview":"max-video-preview:-1"},"canonical":"https:\/\/www.uhl-menu.com\/es\/produkt\/magia\/","og_locale":"es_ES","og_type":"article","og_title":"Magia \u00bb Carpeta de men\u00fas con sistema de cambio Magic - menu de Uhl","og_description":"El elegante desarrollo de sistemas de UHL. El sistema intercambiable Magic, especialmente est\u00e9tico, en combinaci\u00f3n con materiales de alta calidad. Dos ranuras de lino de alta calidad dispuestas longitudinalmente, que tambi\u00e9n act\u00faan como soporte para la cuchilla y como zona de agarre. Las partes interiores individuales est\u00e1n unidas por bisagras de lino resistentes al desgarro. [&hellip;]","og_url":"https:\/\/www.uhl-menu.com\/es\/produkt\/magia\/","og_site_name":"menu de Uhl","article_publisher":"https:\/\/www.facebook.com\/uhlspeisekarten","article_modified_time":"2025-03-27T13:49:21+00:00","og_image":[{"width":1600,"height":1125,"url":"https:\/\/www.uhl-menu.com\/wp-content\/uploads\/.\/magic-speisekarten-mappen-mit-wechselsystem.png","type":"image\/png"}],"twitter_card":"summary_large_image","twitter_misc":{"Tiempo de lectura":"1 minuto"},"schema":{"@context":"https:\/\/schema.org","@graph":[{"@type":"WebPage","@id":"https:\/\/www.uhl-menu.com\/es\/produkt\/magia\/","url":"https:\/\/www.uhl-menu.com\/es\/produkt\/magia\/","name":"Magia \u00bb Carpeta de men\u00fas con sistema de cambio Magic - menu de Uhl","isPartOf":{"@id":"https:\/\/www.uhl-menu.com\/es\/#website"},"primaryImageOfPage":{"@id":"https:\/\/www.uhl-menu.com\/es\/produkt\/magia\/#primaryimage"},"image":{"@id":"https:\/\/www.uhl-menu.com\/es\/produkt\/magia\/#primaryimage"},"thumbnailUrl":"https:\/\/www.uhl-menu.com\/wp-content\/uploads\/.\/magic-speisekarten-mappen-mit-wechselsystem.png","datePublished":"2021-11-25T10:29:24+00:00","dateModified":"2025-03-27T13:49:21+00:00","breadcrumb":{"@id":"https:\/\/www.uhl-menu.com\/es\/produkt\/magia\/#breadcrumb"},"inLanguage":"es","potentialAction":[{"@type":"ReadAction","target":["https:\/\/www.uhl-menu.com\/es\/produkt\/magia\/"]}]},{"@type":"ImageObject","inLanguage":"es","@id":"https:\/\/www.uhl-menu.com\/es\/produkt\/magia\/#primaryimage","url":"https:\/\/www.uhl-menu.com\/wp-content\/uploads\/.\/magic-speisekarten-mappen-mit-wechselsystem.png","contentUrl":"https:\/\/www.uhl-menu.com\/wp-content\/uploads\/.\/magic-speisekarten-mappen-mit-wechselsystem.png","width":1600,"height":1125},{"@type":"BreadcrumbList","@id":"https:\/\/www.uhl-menu.com\/es\/produkt\/magia\/#breadcrumb","itemListElement":[{"@type":"ListItem","position":1,"name":"Startseite","item":"https:\/\/www.uhl-menu.com\/es\/"},{"@type":"ListItem","position":2,"name":"Tienda","item":"https:\/\/www.uhl-menu.com\/es\/tienda\/"},{"@type":"ListItem","position":3,"name":"Magia"}]},{"@type":"WebSite","@id":"https:\/\/www.uhl-menu.com\/es\/#website","url":"https:\/\/www.uhl-menu.com\/es\/","name":"menu de Uhl","description":"e fabricant de menus UHL, fond\u00e9 en 1982, s&#039;est donn\u00e9 d\u00e8s ses d\u00e9buts pour mission de se sp\u00e9cialiser dans les menus et les cartes des vins.","publisher":{"@id":"https:\/\/www.uhl-menu.com\/es\/#organization"},"potentialAction":[{"@type":"SearchAction","target":{"@type":"EntryPoint","urlTemplate":"https:\/\/www.uhl-menu.com\/es\/?s={search_term_string}"},"query-input":{"@type":"PropertyValueSpecification","valueRequired":true,"valueName":"search_term_string"}}],"inLanguage":"es"},{"@type":"Organization","@id":"https:\/\/www.uhl-menu.com\/es\/#organization","name":"menu de Uhl","url":"https:\/\/www.uhl-menu.com\/es\/","logo":{"@type":"ImageObject","inLanguage":"es","@id":"https:\/\/www.uhl-menu.com\/es\/#\/schema\/logo\/image\/","url":"https:\/\/www.uhl-menu.com\/wp-content\/uploads\/uhl-logo.png","contentUrl":"https:\/\/www.uhl-menu.com\/wp-content\/uploads\/uhl-logo.png","width":66,"height":41,"caption":"menu de Uhl"},"image":{"@id":"https:\/\/www.uhl-menu.com\/es\/#\/schema\/logo\/image\/"},"sameAs":["https:\/\/www.facebook.com\/uhlspeisekarten","https:\/\/www.youtube.com\/channel\/UCz6fCHDC_EvIaFfibirEF8A\/videos"]}]}},"_links":{"self":[{"href":"https:\/\/www.uhl-menu.com\/es\/wp-json\/wp\/v2\/product\/56641","targetHints":{"allow":["GET"]}}],"collection":[{"href":"https:\/\/www.uhl-menu.com\/es\/wp-json\/wp\/v2\/product"}],"about":[{"href":"https:\/\/www.uhl-menu.com\/es\/wp-json\/wp\/v2\/types\/product"}],"wp:featuredmedia":[{"embeddable":true,"href":"https:\/\/www.uhl-menu.com\/es\/wp-json\/wp\/v2\/media\/56688"}],"wp:attachment":[{"href":"https:\/\/www.uhl-menu.com\/es\/wp-json\/wp\/v2\/media?parent=56641"}],"wp:term":[{"taxonomy":"product_brand","embeddable":true,"href":"https:\/\/www.uhl-menu.com\/es\/wp-json\/wp\/v2\/product_brand?post=56641"},{"taxonomy":"product_cat","embeddable":true,"href":"https:\/\/www.uhl-menu.com\/es\/wp-json\/wp\/v2\/product_cat?post=56641"},{"taxonomy":"product_tag","embeddable":true,"href":"https:\/\/www.uhl-menu.com\/es\/wp-json\/wp\/v2\/product_tag?post=56641"}],"curies":[{"name":"wp","href":"https:\/\/api.w.org\/{rel}","templated":true}]}}