{"id":57356,"date":"2021-11-25T12:39:20","date_gmt":"2021-11-25T11:39:20","guid":{"rendered":"https:\/\/www.uhl-menu.com\/produkt\/liderando\/"},"modified":"2025-03-19T13:54:52","modified_gmt":"2025-03-19T12:54:52","slug":"liderando","status":"publish","type":"product","link":"https:\/\/www.uhl-menu.com\/es\/produkt\/liderando\/","title":{"rendered":"Liderando"},"content":{"rendered":"<p>La tarjeta de men\u00fa Leading es la obra maestra de la f\u00e1brica UHL: combina la m\u00e1xima precisi\u00f3n en el procesamiento con la mayor resistencia posible para crear un dise\u00f1o atractivo. Esto significa que el men\u00fa cumple los requisitos m\u00e1s exclusivos tanto en funcionalidad como en apariencia. <\/p>\n<p>La tarjeta de men\u00fa principal es una tarjeta encuadernada con una secci\u00f3n interior fija y puede fabricarse con cualquier n\u00famero de elementos. Cada elemento interior puede contener dos p\u00e1ginas de ofertas, por lo que debes especificar el n\u00famero de elementos al hacer el pedido. Todos los bordes de la cubierta reforzada y de la secci\u00f3n interior est\u00e1n cerrados, y los elementos laterales individuales est\u00e1n unidos con una tira de tela resistente al desgarro. Todas las superficies son robustas y f\u00e1ciles de limpiar.   <\/p>\n<p>Leading ofrece cualquier n\u00famero de opciones de inserci\u00f3n y tambi\u00e9n est\u00e1 disponible en formato personalizado bajo pedido.<\/p>\n","protected":false},"excerpt":{"rendered":"<p>La tarjeta de men\u00fa Leading es la obra maestra de la f\u00e1brica UHL: combina la m\u00e1xima precisi\u00f3n en el procesamiento con la mayor resistencia posible para crear un dise\u00f1o atractivo. Esto significa que el men\u00fa cumple los requisitos m\u00e1s exclusivos tanto en funcionalidad como en apariencia. La tarjeta de men\u00fa principal es una tarjeta encuadernada [&hellip;]<\/p>\n","protected":false},"featured_media":57358,"template":"","meta":{"_acf_changed":false},"product_brand":[],"product_cat":[1223,1219,1216,1220,1231,1222,1239,1256,1218,1217,1215,1269],"product_tag":[],"class_list":{"0":"post-57356","1":"product","2":"type-product","3":"status-publish","4":"has-post-thumbnail","6":"product_cat-encuadernado","7":"product_cat-imitacion-de-cuero","8":"product_cat-insensible-a-la-grasa","9":"product_cat-lino-es","10":"product_cat-listas-de-vinos","11":"product_cat-material-sinte","12":"product_cat-menus-es","13":"product_cat-multipagina-es","14":"product_cat-piel-autentica","15":"product_cat-repele-el-agua","16":"product_cat-tapa-dura","17":"product_cat-tarjetas-de-bar","18":"pa_format-formato-deseado","19":"pa_format-para-a3-alto","20":"pa_format-para-a4-retrato","21":"pa_format-para-a5-alto","22":"pa_format-para-a6-alto","23":"pa_format-para-din-largo","24":"tm-has-options","26":"first","27":"instock","28":"taxable","29":"shipping-taxable","30":"purchasable","31":"product-type-variable"},"acf":[],"yoast_head":"<!-- This site is optimized with the Yoast SEO plugin v26.0 - https:\/\/yoast.com\/wordpress\/plugins\/seo\/ -->\n<title>Liderando \u00bb Carpeta de men\u00fas premium de alta calidad - menu de Uhl<\/title>\n<meta name=\"robots\" content=\"index, follow, max-snippet:-1, max-image-preview:large, max-video-preview:-1\" \/>\n<link rel=\"canonical\" href=\"https:\/\/www.uhl-menu.com\/es\/produkt\/liderando\/\" \/>\n<meta property=\"og:locale\" content=\"es_ES\" \/>\n<meta property=\"og:type\" content=\"article\" \/>\n<meta property=\"og:title\" content=\"Liderando \u00bb Carpeta de men\u00fas premium de alta calidad - menu de Uhl\" \/>\n<meta property=\"og:description\" content=\"La tarjeta de men\u00fa Leading es la obra maestra de la f\u00e1brica UHL: combina la m\u00e1xima precisi\u00f3n en el procesamiento con la mayor resistencia posible para crear un dise\u00f1o atractivo. Esto significa que el men\u00fa cumple los requisitos m\u00e1s exclusivos tanto en funcionalidad como en apariencia. La tarjeta de men\u00fa principal es una tarjeta encuadernada [&hellip;]\" \/>\n<meta property=\"og:url\" content=\"https:\/\/www.uhl-menu.com\/es\/produkt\/liderando\/\" \/>\n<meta property=\"og:site_name\" content=\"menu de Uhl\" \/>\n<meta property=\"article:publisher\" content=\"https:\/\/www.facebook.com\/uhlspeisekarten\" \/>\n<meta property=\"article:modified_time\" content=\"2025-03-19T12:54:52+00:00\" \/>\n<meta property=\"og:image\" content=\"https:\/\/www.uhl-menu.com\/wp-content\/uploads\/leading-hochwertige-premium-speisekarten-mappe.png\" \/>\n\t<meta property=\"og:image:width\" content=\"1600\" \/>\n\t<meta property=\"og:image:height\" content=\"1125\" \/>\n\t<meta property=\"og:image:type\" content=\"image\/png\" \/>\n<meta name=\"twitter:card\" content=\"summary_large_image\" \/>\n<meta name=\"twitter:label1\" content=\"Tiempo de lectura\" \/>\n\t<meta name=\"twitter:data1\" content=\"1 minuto\" \/>\n<script type=\"application\/ld+json\" class=\"yoast-schema-graph\">{\"@context\":\"https:\/\/schema.org\",\"@graph\":[{\"@type\":\"WebPage\",\"@id\":\"https:\/\/www.uhl-menu.com\/es\/produkt\/liderando\/\",\"url\":\"https:\/\/www.uhl-menu.com\/es\/produkt\/liderando\/\",\"name\":\"Liderando \u00bb Carpeta de men\u00fas premium de alta calidad - menu de Uhl\",\"isPartOf\":{\"@id\":\"https:\/\/www.uhl-menu.com\/es\/#website\"},\"primaryImageOfPage\":{\"@id\":\"https:\/\/www.uhl-menu.com\/es\/produkt\/liderando\/#primaryimage\"},\"image\":{\"@id\":\"https:\/\/www.uhl-menu.com\/es\/produkt\/liderando\/#primaryimage\"},\"thumbnailUrl\":\"https:\/\/www.uhl-menu.com\/wp-content\/uploads\/leading-hochwertige-premium-speisekarten-mappe.png\",\"datePublished\":\"2021-11-25T11:39:20+00:00\",\"dateModified\":\"2025-03-19T12:54:52+00:00\",\"breadcrumb\":{\"@id\":\"https:\/\/www.uhl-menu.com\/es\/produkt\/liderando\/#breadcrumb\"},\"inLanguage\":\"es\",\"potentialAction\":[{\"@type\":\"ReadAction\",\"target\":[\"https:\/\/www.uhl-menu.com\/es\/produkt\/liderando\/\"]}]},{\"@type\":\"ImageObject\",\"inLanguage\":\"es\",\"@id\":\"https:\/\/www.uhl-menu.com\/es\/produkt\/liderando\/#primaryimage\",\"url\":\"https:\/\/www.uhl-menu.com\/wp-content\/uploads\/leading-hochwertige-premium-speisekarten-mappe.png\",\"contentUrl\":\"https:\/\/www.uhl-menu.com\/wp-content\/uploads\/leading-hochwertige-premium-speisekarten-mappe.png\",\"width\":1600,\"height\":1125},{\"@type\":\"BreadcrumbList\",\"@id\":\"https:\/\/www.uhl-menu.com\/es\/produkt\/liderando\/#breadcrumb\",\"itemListElement\":[{\"@type\":\"ListItem\",\"position\":1,\"name\":\"Startseite\",\"item\":\"https:\/\/www.uhl-menu.com\/es\/\"},{\"@type\":\"ListItem\",\"position\":2,\"name\":\"Tienda\",\"item\":\"https:\/\/www.uhl-menu.com\/es\/tienda\/\"},{\"@type\":\"ListItem\",\"position\":3,\"name\":\"Liderando\"}]},{\"@type\":\"WebSite\",\"@id\":\"https:\/\/www.uhl-menu.com\/es\/#website\",\"url\":\"https:\/\/www.uhl-menu.com\/es\/\",\"name\":\"menu de Uhl\",\"description\":\"e fabricant de menus UHL, fond\u00e9 en 1982, s&#039;est donn\u00e9 d\u00e8s ses d\u00e9buts pour mission de se sp\u00e9cialiser dans les menus et les cartes des vins.\",\"publisher\":{\"@id\":\"https:\/\/www.uhl-menu.com\/es\/#organization\"},\"potentialAction\":[{\"@type\":\"SearchAction\",\"target\":{\"@type\":\"EntryPoint\",\"urlTemplate\":\"https:\/\/www.uhl-menu.com\/es\/?s={search_term_string}\"},\"query-input\":{\"@type\":\"PropertyValueSpecification\",\"valueRequired\":true,\"valueName\":\"search_term_string\"}}],\"inLanguage\":\"es\"},{\"@type\":\"Organization\",\"@id\":\"https:\/\/www.uhl-menu.com\/es\/#organization\",\"name\":\"menu de Uhl\",\"url\":\"https:\/\/www.uhl-menu.com\/es\/\",\"logo\":{\"@type\":\"ImageObject\",\"inLanguage\":\"es\",\"@id\":\"https:\/\/www.uhl-menu.com\/es\/#\/schema\/logo\/image\/\",\"url\":\"https:\/\/www.uhl-menu.com\/wp-content\/uploads\/uhl-logo.png\",\"contentUrl\":\"https:\/\/www.uhl-menu.com\/wp-content\/uploads\/uhl-logo.png\",\"width\":66,\"height\":41,\"caption\":\"menu de Uhl\"},\"image\":{\"@id\":\"https:\/\/www.uhl-menu.com\/es\/#\/schema\/logo\/image\/\"},\"sameAs\":[\"https:\/\/www.facebook.com\/uhlspeisekarten\",\"https:\/\/www.youtube.com\/channel\/UCz6fCHDC_EvIaFfibirEF8A\/videos\"]}]}<\/script>\n<!-- \/ Yoast SEO plugin. -->","yoast_head_json":{"title":"Liderando \u00bb Carpeta de men\u00fas premium de alta calidad - menu de Uhl","robots":{"index":"index","follow":"follow","max-snippet":"max-snippet:-1","max-image-preview":"max-image-preview:large","max-video-preview":"max-video-preview:-1"},"canonical":"https:\/\/www.uhl-menu.com\/es\/produkt\/liderando\/","og_locale":"es_ES","og_type":"article","og_title":"Liderando \u00bb Carpeta de men\u00fas premium de alta calidad - menu de Uhl","og_description":"La tarjeta de men\u00fa Leading es la obra maestra de la f\u00e1brica UHL: combina la m\u00e1xima precisi\u00f3n en el procesamiento con la mayor resistencia posible para crear un dise\u00f1o atractivo. Esto significa que el men\u00fa cumple los requisitos m\u00e1s exclusivos tanto en funcionalidad como en apariencia. La tarjeta de men\u00fa principal es una tarjeta encuadernada [&hellip;]","og_url":"https:\/\/www.uhl-menu.com\/es\/produkt\/liderando\/","og_site_name":"menu de Uhl","article_publisher":"https:\/\/www.facebook.com\/uhlspeisekarten","article_modified_time":"2025-03-19T12:54:52+00:00","og_image":[{"width":1600,"height":1125,"url":"https:\/\/www.uhl-menu.com\/wp-content\/uploads\/leading-hochwertige-premium-speisekarten-mappe.png","type":"image\/png"}],"twitter_card":"summary_large_image","twitter_misc":{"Tiempo de lectura":"1 minuto"},"schema":{"@context":"https:\/\/schema.org","@graph":[{"@type":"WebPage","@id":"https:\/\/www.uhl-menu.com\/es\/produkt\/liderando\/","url":"https:\/\/www.uhl-menu.com\/es\/produkt\/liderando\/","name":"Liderando \u00bb Carpeta de men\u00fas premium de alta calidad - menu de Uhl","isPartOf":{"@id":"https:\/\/www.uhl-menu.com\/es\/#website"},"primaryImageOfPage":{"@id":"https:\/\/www.uhl-menu.com\/es\/produkt\/liderando\/#primaryimage"},"image":{"@id":"https:\/\/www.uhl-menu.com\/es\/produkt\/liderando\/#primaryimage"},"thumbnailUrl":"https:\/\/www.uhl-menu.com\/wp-content\/uploads\/leading-hochwertige-premium-speisekarten-mappe.png","datePublished":"2021-11-25T11:39:20+00:00","dateModified":"2025-03-19T12:54:52+00:00","breadcrumb":{"@id":"https:\/\/www.uhl-menu.com\/es\/produkt\/liderando\/#breadcrumb"},"inLanguage":"es","potentialAction":[{"@type":"ReadAction","target":["https:\/\/www.uhl-menu.com\/es\/produkt\/liderando\/"]}]},{"@type":"ImageObject","inLanguage":"es","@id":"https:\/\/www.uhl-menu.com\/es\/produkt\/liderando\/#primaryimage","url":"https:\/\/www.uhl-menu.com\/wp-content\/uploads\/leading-hochwertige-premium-speisekarten-mappe.png","contentUrl":"https:\/\/www.uhl-menu.com\/wp-content\/uploads\/leading-hochwertige-premium-speisekarten-mappe.png","width":1600,"height":1125},{"@type":"BreadcrumbList","@id":"https:\/\/www.uhl-menu.com\/es\/produkt\/liderando\/#breadcrumb","itemListElement":[{"@type":"ListItem","position":1,"name":"Startseite","item":"https:\/\/www.uhl-menu.com\/es\/"},{"@type":"ListItem","position":2,"name":"Tienda","item":"https:\/\/www.uhl-menu.com\/es\/tienda\/"},{"@type":"ListItem","position":3,"name":"Liderando"}]},{"@type":"WebSite","@id":"https:\/\/www.uhl-menu.com\/es\/#website","url":"https:\/\/www.uhl-menu.com\/es\/","name":"menu de Uhl","description":"e fabricant de menus UHL, fond\u00e9 en 1982, s&#039;est donn\u00e9 d\u00e8s ses d\u00e9buts pour mission de se sp\u00e9cialiser dans les menus et les cartes des vins.","publisher":{"@id":"https:\/\/www.uhl-menu.com\/es\/#organization"},"potentialAction":[{"@type":"SearchAction","target":{"@type":"EntryPoint","urlTemplate":"https:\/\/www.uhl-menu.com\/es\/?s={search_term_string}"},"query-input":{"@type":"PropertyValueSpecification","valueRequired":true,"valueName":"search_term_string"}}],"inLanguage":"es"},{"@type":"Organization","@id":"https:\/\/www.uhl-menu.com\/es\/#organization","name":"menu de Uhl","url":"https:\/\/www.uhl-menu.com\/es\/","logo":{"@type":"ImageObject","inLanguage":"es","@id":"https:\/\/www.uhl-menu.com\/es\/#\/schema\/logo\/image\/","url":"https:\/\/www.uhl-menu.com\/wp-content\/uploads\/uhl-logo.png","contentUrl":"https:\/\/www.uhl-menu.com\/wp-content\/uploads\/uhl-logo.png","width":66,"height":41,"caption":"menu de Uhl"},"image":{"@id":"https:\/\/www.uhl-menu.com\/es\/#\/schema\/logo\/image\/"},"sameAs":["https:\/\/www.facebook.com\/uhlspeisekarten","https:\/\/www.youtube.com\/channel\/UCz6fCHDC_EvIaFfibirEF8A\/videos"]}]}},"_links":{"self":[{"href":"https:\/\/www.uhl-menu.com\/es\/wp-json\/wp\/v2\/product\/57356","targetHints":{"allow":["GET"]}}],"collection":[{"href":"https:\/\/www.uhl-menu.com\/es\/wp-json\/wp\/v2\/product"}],"about":[{"href":"https:\/\/www.uhl-menu.com\/es\/wp-json\/wp\/v2\/types\/product"}],"wp:featuredmedia":[{"embeddable":true,"href":"https:\/\/www.uhl-menu.com\/es\/wp-json\/wp\/v2\/media\/57358"}],"wp:attachment":[{"href":"https:\/\/www.uhl-menu.com\/es\/wp-json\/wp\/v2\/media?parent=57356"}],"wp:term":[{"taxonomy":"product_brand","embeddable":true,"href":"https:\/\/www.uhl-menu.com\/es\/wp-json\/wp\/v2\/product_brand?post=57356"},{"taxonomy":"product_cat","embeddable":true,"href":"https:\/\/www.uhl-menu.com\/es\/wp-json\/wp\/v2\/product_cat?post=57356"},{"taxonomy":"product_tag","embeddable":true,"href":"https:\/\/www.uhl-menu.com\/es\/wp-json\/wp\/v2\/product_tag?post=57356"}],"curies":[{"name":"wp","href":"https:\/\/api.w.org\/{rel}","templated":true}]}}