{"id":59029,"date":"2021-11-25T12:30:33","date_gmt":"2021-11-25T11:30:33","guid":{"rendered":"https:\/\/www.uhl-menu.com\/produkt\/luz-de-guia\/"},"modified":"2025-03-19T13:54:54","modified_gmt":"2025-03-19T12:54:54","slug":"luz-de-guia","status":"publish","type":"product","link":"https:\/\/www.uhl-menu.com\/es\/produkt\/luz-de-guia\/","title":{"rendered":"Luz de gu\u00eda"},"content":{"rendered":"<p>La Leading Light combina los puntos fuertes de la versi\u00f3n cl\u00e1sica Leading con la secci\u00f3n interior econ\u00f3mica de la versi\u00f3n est\u00e1ndar. Adem\u00e1s de una robusta construcci\u00f3n del respaldo de un material muy resistente que soporta incluso cargas muy pesadas, tiene bordes resistentes a la torsi\u00f3n y bordes cerrados en el exterior de la cubierta, as\u00ed como una delgada secci\u00f3n interior con bordes de agarre cortados. <\/p>\n<p>La tarjeta de men\u00fa Leading Light pertenece al grupo de tarjetas encuadernadas, es decir, esta tarjeta tiene una secci\u00f3n interior fija formada por las p\u00e1ginas de oferta individuales. Cada elemento interior puede contener 2 p\u00e1ginas de oferta, que a su vez pueden realizarse con cualquier sistema de cambio. Especifica el n\u00famero de p\u00e1ginas al hacer el pedido. Las opciones de inserci\u00f3n de 2 a 40 permiten cualquier n\u00famero de p\u00e1ginas, para adaptarse a tu oferta.   <\/p>\n","protected":false},"excerpt":{"rendered":"<p>La Leading Light combina los puntos fuertes de la versi\u00f3n cl\u00e1sica Leading con la secci\u00f3n interior econ\u00f3mica de la versi\u00f3n est\u00e1ndar. Adem\u00e1s de una robusta construcci\u00f3n del respaldo de un material muy resistente que soporta incluso cargas muy pesadas, tiene bordes resistentes a la torsi\u00f3n y bordes cerrados en el exterior de la cubierta, as\u00ed [&hellip;]<\/p>\n","protected":false},"featured_media":59063,"template":"","meta":{"_acf_changed":false},"product_brand":[],"product_cat":[1223,1216,1220,1231,1222,1239,1299,1256,1218,1217,1215],"product_tag":[],"class_list":{"0":"post-59029","1":"product","2":"type-product","3":"status-publish","4":"has-post-thumbnail","6":"product_cat-encuadernado","7":"product_cat-insensible-a-la-grasa","8":"product_cat-lino-es","9":"product_cat-listas-de-vinos","10":"product_cat-material-sinte","11":"product_cat-menus-es","12":"product_cat-menus-de-bebidas","13":"product_cat-multipagina-es","14":"product_cat-piel-autentica","15":"product_cat-repele-el-agua","16":"product_cat-tapa-dura","17":"pa_format-l-11x11x30-es","18":"pa_format-m-11x11x21-es","19":"pa_format-s-11x11x15-es","20":"tm-has-options","22":"first","23":"instock","24":"taxable","25":"shipping-taxable","26":"purchasable","27":"product-type-variable"},"acf":[],"yoast_head":"<!-- This site is optimized with the Yoast SEO plugin v26.0 - https:\/\/yoast.com\/wordpress\/plugins\/seo\/ -->\n<title>Luz de gu\u00eda \u00bb Men\u00fa econ\u00f3mico con cualquier n\u00famero de p\u00e1ginas - menu de Uhl<\/title>\n<meta name=\"robots\" content=\"index, follow, max-snippet:-1, max-image-preview:large, max-video-preview:-1\" \/>\n<link rel=\"canonical\" href=\"https:\/\/www.uhl-menu.com\/es\/produkt\/luz-de-guia\/\" \/>\n<meta property=\"og:locale\" content=\"es_ES\" \/>\n<meta property=\"og:type\" content=\"article\" \/>\n<meta property=\"og:title\" content=\"Luz de gu\u00eda \u00bb Men\u00fa econ\u00f3mico con cualquier n\u00famero de p\u00e1ginas - menu de Uhl\" \/>\n<meta property=\"og:description\" content=\"La Leading Light combina los puntos fuertes de la versi\u00f3n cl\u00e1sica Leading con la secci\u00f3n interior econ\u00f3mica de la versi\u00f3n est\u00e1ndar. Adem\u00e1s de una robusta construcci\u00f3n del respaldo de un material muy resistente que soporta incluso cargas muy pesadas, tiene bordes resistentes a la torsi\u00f3n y bordes cerrados en el exterior de la cubierta, as\u00ed [&hellip;]\" \/>\n<meta property=\"og:url\" content=\"https:\/\/www.uhl-menu.com\/es\/produkt\/luz-de-guia\/\" \/>\n<meta property=\"og:site_name\" content=\"menu de Uhl\" \/>\n<meta property=\"article:publisher\" content=\"https:\/\/www.facebook.com\/uhlspeisekarten\" \/>\n<meta property=\"article:modified_time\" content=\"2025-03-19T12:54:54+00:00\" \/>\n<meta property=\"og:image\" content=\"https:\/\/www.uhl-menu.com\/wp-content\/uploads\/leading-light-guenstige-speisekarte-mit-beliebigem-seitenumfang.png\" \/>\n\t<meta property=\"og:image:width\" content=\"1600\" \/>\n\t<meta property=\"og:image:height\" content=\"1125\" \/>\n\t<meta property=\"og:image:type\" content=\"image\/png\" \/>\n<meta name=\"twitter:card\" content=\"summary_large_image\" \/>\n<meta name=\"twitter:label1\" content=\"Tiempo de lectura\" \/>\n\t<meta name=\"twitter:data1\" content=\"1 minuto\" \/>\n<script type=\"application\/ld+json\" class=\"yoast-schema-graph\">{\"@context\":\"https:\/\/schema.org\",\"@graph\":[{\"@type\":\"WebPage\",\"@id\":\"https:\/\/www.uhl-menu.com\/es\/produkt\/luz-de-guia\/\",\"url\":\"https:\/\/www.uhl-menu.com\/es\/produkt\/luz-de-guia\/\",\"name\":\"Luz de gu\u00eda \u00bb Men\u00fa econ\u00f3mico con cualquier n\u00famero de p\u00e1ginas - menu de Uhl\",\"isPartOf\":{\"@id\":\"https:\/\/www.uhl-menu.com\/es\/#website\"},\"primaryImageOfPage\":{\"@id\":\"https:\/\/www.uhl-menu.com\/es\/produkt\/luz-de-guia\/#primaryimage\"},\"image\":{\"@id\":\"https:\/\/www.uhl-menu.com\/es\/produkt\/luz-de-guia\/#primaryimage\"},\"thumbnailUrl\":\"https:\/\/www.uhl-menu.com\/wp-content\/uploads\/leading-light-guenstige-speisekarte-mit-beliebigem-seitenumfang.png\",\"datePublished\":\"2021-11-25T11:30:33+00:00\",\"dateModified\":\"2025-03-19T12:54:54+00:00\",\"breadcrumb\":{\"@id\":\"https:\/\/www.uhl-menu.com\/es\/produkt\/luz-de-guia\/#breadcrumb\"},\"inLanguage\":\"es\",\"potentialAction\":[{\"@type\":\"ReadAction\",\"target\":[\"https:\/\/www.uhl-menu.com\/es\/produkt\/luz-de-guia\/\"]}]},{\"@type\":\"ImageObject\",\"inLanguage\":\"es\",\"@id\":\"https:\/\/www.uhl-menu.com\/es\/produkt\/luz-de-guia\/#primaryimage\",\"url\":\"https:\/\/www.uhl-menu.com\/wp-content\/uploads\/leading-light-guenstige-speisekarte-mit-beliebigem-seitenumfang.png\",\"contentUrl\":\"https:\/\/www.uhl-menu.com\/wp-content\/uploads\/leading-light-guenstige-speisekarte-mit-beliebigem-seitenumfang.png\",\"width\":1600,\"height\":1125},{\"@type\":\"BreadcrumbList\",\"@id\":\"https:\/\/www.uhl-menu.com\/es\/produkt\/luz-de-guia\/#breadcrumb\",\"itemListElement\":[{\"@type\":\"ListItem\",\"position\":1,\"name\":\"Startseite\",\"item\":\"https:\/\/www.uhl-menu.com\/es\/\"},{\"@type\":\"ListItem\",\"position\":2,\"name\":\"Tienda\",\"item\":\"https:\/\/www.uhl-menu.com\/es\/tienda\/\"},{\"@type\":\"ListItem\",\"position\":3,\"name\":\"Luz de gu\u00eda\"}]},{\"@type\":\"WebSite\",\"@id\":\"https:\/\/www.uhl-menu.com\/es\/#website\",\"url\":\"https:\/\/www.uhl-menu.com\/es\/\",\"name\":\"menu de Uhl\",\"description\":\"e fabricant de menus UHL, fond\u00e9 en 1982, s&#039;est donn\u00e9 d\u00e8s ses d\u00e9buts pour mission de se sp\u00e9cialiser dans les menus et les cartes des vins.\",\"publisher\":{\"@id\":\"https:\/\/www.uhl-menu.com\/es\/#organization\"},\"potentialAction\":[{\"@type\":\"SearchAction\",\"target\":{\"@type\":\"EntryPoint\",\"urlTemplate\":\"https:\/\/www.uhl-menu.com\/es\/?s={search_term_string}\"},\"query-input\":{\"@type\":\"PropertyValueSpecification\",\"valueRequired\":true,\"valueName\":\"search_term_string\"}}],\"inLanguage\":\"es\"},{\"@type\":\"Organization\",\"@id\":\"https:\/\/www.uhl-menu.com\/es\/#organization\",\"name\":\"menu de Uhl\",\"url\":\"https:\/\/www.uhl-menu.com\/es\/\",\"logo\":{\"@type\":\"ImageObject\",\"inLanguage\":\"es\",\"@id\":\"https:\/\/www.uhl-menu.com\/es\/#\/schema\/logo\/image\/\",\"url\":\"https:\/\/www.uhl-menu.com\/wp-content\/uploads\/uhl-logo.png\",\"contentUrl\":\"https:\/\/www.uhl-menu.com\/wp-content\/uploads\/uhl-logo.png\",\"width\":66,\"height\":41,\"caption\":\"menu de Uhl\"},\"image\":{\"@id\":\"https:\/\/www.uhl-menu.com\/es\/#\/schema\/logo\/image\/\"},\"sameAs\":[\"https:\/\/www.facebook.com\/uhlspeisekarten\",\"https:\/\/www.youtube.com\/channel\/UCz6fCHDC_EvIaFfibirEF8A\/videos\"]}]}<\/script>\n<!-- \/ Yoast SEO plugin. -->","yoast_head_json":{"title":"Luz de gu\u00eda \u00bb Men\u00fa econ\u00f3mico con cualquier n\u00famero de p\u00e1ginas - menu de Uhl","robots":{"index":"index","follow":"follow","max-snippet":"max-snippet:-1","max-image-preview":"max-image-preview:large","max-video-preview":"max-video-preview:-1"},"canonical":"https:\/\/www.uhl-menu.com\/es\/produkt\/luz-de-guia\/","og_locale":"es_ES","og_type":"article","og_title":"Luz de gu\u00eda \u00bb Men\u00fa econ\u00f3mico con cualquier n\u00famero de p\u00e1ginas - menu de Uhl","og_description":"La Leading Light combina los puntos fuertes de la versi\u00f3n cl\u00e1sica Leading con la secci\u00f3n interior econ\u00f3mica de la versi\u00f3n est\u00e1ndar. Adem\u00e1s de una robusta construcci\u00f3n del respaldo de un material muy resistente que soporta incluso cargas muy pesadas, tiene bordes resistentes a la torsi\u00f3n y bordes cerrados en el exterior de la cubierta, as\u00ed [&hellip;]","og_url":"https:\/\/www.uhl-menu.com\/es\/produkt\/luz-de-guia\/","og_site_name":"menu de Uhl","article_publisher":"https:\/\/www.facebook.com\/uhlspeisekarten","article_modified_time":"2025-03-19T12:54:54+00:00","og_image":[{"width":1600,"height":1125,"url":"https:\/\/www.uhl-menu.com\/wp-content\/uploads\/leading-light-guenstige-speisekarte-mit-beliebigem-seitenumfang.png","type":"image\/png"}],"twitter_card":"summary_large_image","twitter_misc":{"Tiempo de lectura":"1 minuto"},"schema":{"@context":"https:\/\/schema.org","@graph":[{"@type":"WebPage","@id":"https:\/\/www.uhl-menu.com\/es\/produkt\/luz-de-guia\/","url":"https:\/\/www.uhl-menu.com\/es\/produkt\/luz-de-guia\/","name":"Luz de gu\u00eda \u00bb Men\u00fa econ\u00f3mico con cualquier n\u00famero de p\u00e1ginas - menu de Uhl","isPartOf":{"@id":"https:\/\/www.uhl-menu.com\/es\/#website"},"primaryImageOfPage":{"@id":"https:\/\/www.uhl-menu.com\/es\/produkt\/luz-de-guia\/#primaryimage"},"image":{"@id":"https:\/\/www.uhl-menu.com\/es\/produkt\/luz-de-guia\/#primaryimage"},"thumbnailUrl":"https:\/\/www.uhl-menu.com\/wp-content\/uploads\/leading-light-guenstige-speisekarte-mit-beliebigem-seitenumfang.png","datePublished":"2021-11-25T11:30:33+00:00","dateModified":"2025-03-19T12:54:54+00:00","breadcrumb":{"@id":"https:\/\/www.uhl-menu.com\/es\/produkt\/luz-de-guia\/#breadcrumb"},"inLanguage":"es","potentialAction":[{"@type":"ReadAction","target":["https:\/\/www.uhl-menu.com\/es\/produkt\/luz-de-guia\/"]}]},{"@type":"ImageObject","inLanguage":"es","@id":"https:\/\/www.uhl-menu.com\/es\/produkt\/luz-de-guia\/#primaryimage","url":"https:\/\/www.uhl-menu.com\/wp-content\/uploads\/leading-light-guenstige-speisekarte-mit-beliebigem-seitenumfang.png","contentUrl":"https:\/\/www.uhl-menu.com\/wp-content\/uploads\/leading-light-guenstige-speisekarte-mit-beliebigem-seitenumfang.png","width":1600,"height":1125},{"@type":"BreadcrumbList","@id":"https:\/\/www.uhl-menu.com\/es\/produkt\/luz-de-guia\/#breadcrumb","itemListElement":[{"@type":"ListItem","position":1,"name":"Startseite","item":"https:\/\/www.uhl-menu.com\/es\/"},{"@type":"ListItem","position":2,"name":"Tienda","item":"https:\/\/www.uhl-menu.com\/es\/tienda\/"},{"@type":"ListItem","position":3,"name":"Luz de gu\u00eda"}]},{"@type":"WebSite","@id":"https:\/\/www.uhl-menu.com\/es\/#website","url":"https:\/\/www.uhl-menu.com\/es\/","name":"menu de Uhl","description":"e fabricant de menus UHL, fond\u00e9 en 1982, s&#039;est donn\u00e9 d\u00e8s ses d\u00e9buts pour mission de se sp\u00e9cialiser dans les menus et les cartes des vins.","publisher":{"@id":"https:\/\/www.uhl-menu.com\/es\/#organization"},"potentialAction":[{"@type":"SearchAction","target":{"@type":"EntryPoint","urlTemplate":"https:\/\/www.uhl-menu.com\/es\/?s={search_term_string}"},"query-input":{"@type":"PropertyValueSpecification","valueRequired":true,"valueName":"search_term_string"}}],"inLanguage":"es"},{"@type":"Organization","@id":"https:\/\/www.uhl-menu.com\/es\/#organization","name":"menu de Uhl","url":"https:\/\/www.uhl-menu.com\/es\/","logo":{"@type":"ImageObject","inLanguage":"es","@id":"https:\/\/www.uhl-menu.com\/es\/#\/schema\/logo\/image\/","url":"https:\/\/www.uhl-menu.com\/wp-content\/uploads\/uhl-logo.png","contentUrl":"https:\/\/www.uhl-menu.com\/wp-content\/uploads\/uhl-logo.png","width":66,"height":41,"caption":"menu de Uhl"},"image":{"@id":"https:\/\/www.uhl-menu.com\/es\/#\/schema\/logo\/image\/"},"sameAs":["https:\/\/www.facebook.com\/uhlspeisekarten","https:\/\/www.youtube.com\/channel\/UCz6fCHDC_EvIaFfibirEF8A\/videos"]}]}},"_links":{"self":[{"href":"https:\/\/www.uhl-menu.com\/es\/wp-json\/wp\/v2\/product\/59029","targetHints":{"allow":["GET"]}}],"collection":[{"href":"https:\/\/www.uhl-menu.com\/es\/wp-json\/wp\/v2\/product"}],"about":[{"href":"https:\/\/www.uhl-menu.com\/es\/wp-json\/wp\/v2\/types\/product"}],"wp:featuredmedia":[{"embeddable":true,"href":"https:\/\/www.uhl-menu.com\/es\/wp-json\/wp\/v2\/media\/59063"}],"wp:attachment":[{"href":"https:\/\/www.uhl-menu.com\/es\/wp-json\/wp\/v2\/media?parent=59029"}],"wp:term":[{"taxonomy":"product_brand","embeddable":true,"href":"https:\/\/www.uhl-menu.com\/es\/wp-json\/wp\/v2\/product_brand?post=59029"},{"taxonomy":"product_cat","embeddable":true,"href":"https:\/\/www.uhl-menu.com\/es\/wp-json\/wp\/v2\/product_cat?post=59029"},{"taxonomy":"product_tag","embeddable":true,"href":"https:\/\/www.uhl-menu.com\/es\/wp-json\/wp\/v2\/product_tag?post=59029"}],"curies":[{"name":"wp","href":"https:\/\/api.w.org\/{rel}","templated":true}]}}