{"id":59278,"date":"2021-11-25T12:35:01","date_gmt":"2021-11-25T11:35:01","guid":{"rendered":"https:\/\/www.uhl-menu.com\/produkt\/papel-de-aluminio\/"},"modified":"2025-03-19T13:54:53","modified_gmt":"2025-03-19T12:54:53","slug":"papel-de-aluminio","status":"publish","type":"product","link":"https:\/\/www.uhl-menu.com\/es\/produkt\/papel-de-aluminio\/","title":{"rendered":"Papel de aluminio"},"content":{"rendered":"<p>El men\u00fa o carta de vinos Leading Foil es una tarjeta encuadernada y puede fabricarse con cualquier n\u00famero de p\u00e1ginas. Como en el modelo Leading, todos los bordes tanto de la cubierta reforzada como del espejo interior est\u00e1n cerrados, es decir, no hay bordes cortados por donde pueda penetrar la suciedad o la humedad. Sin embargo, el espejo interior de esta tarjeta tambi\u00e9n est\u00e1 cubierto con nuestro tejido de lino de alta calidad.  <\/p>\n<p>La parte interior de la tarjeta consta de elementos de l\u00e1mina dura firmemente integrados con un paspart\u00fa de color con aspecto de ventana, que protegen perfectamente tus p\u00e1ginas de men\u00fa en todo su contorno. Los elementos de alta calidad est\u00e1n unidos con bisagras estrechas de lino resistentes al desgarro y tienen un borde coloreado alrededor, que ofrecemos en los colores cobre, plata y crema. <\/p>\n","protected":false},"excerpt":{"rendered":"<p>El men\u00fa o carta de vinos Leading Foil es una tarjeta encuadernada y puede fabricarse con cualquier n\u00famero de p\u00e1ginas. Como en el modelo Leading, todos los bordes tanto de la cubierta reforzada como del espejo interior est\u00e1n cerrados, es decir, no hay bordes cortados por donde pueda penetrar la suciedad o la humedad. Sin [&hellip;]<\/p>\n","protected":false},"featured_media":59306,"template":"","meta":{"_acf_changed":false},"product_brand":[],"product_cat":[1285,1223,1219,1216,1301,1220,1231,1222,1239,1256,1218,1217,1215,1269],"product_tag":[],"class_list":{"0":"post-59278","1":"product","2":"type-product","3":"status-publish","4":"has-post-thumbnail","6":"product_cat-al-aire-libre","7":"product_cat-encuadernado","8":"product_cat-imitacion-de-cuero","9":"product_cat-insensible-a-la-grasa","10":"product_cat-laminas-rigidas","11":"product_cat-lino-es","12":"product_cat-listas-de-vinos","13":"product_cat-material-sinte","14":"product_cat-menus-es","15":"product_cat-multipagina-es","16":"product_cat-piel-autentica","17":"product_cat-repele-el-agua","18":"product_cat-tapa-dura","19":"product_cat-tarjetas-de-bar","20":"pa_format-para-a4-retrato","21":"pa_format-para-a5-alto","22":"tm-has-options","24":"first","25":"instock","26":"taxable","27":"shipping-taxable","28":"purchasable","29":"product-type-variable"},"acf":[],"yoast_head":"<!-- This site is optimized with the Yoast SEO plugin v26.0 - https:\/\/yoast.com\/wordpress\/plugins\/seo\/ -->\n<title>Papel de aluminio \u00bb Tarjeta de men\u00fa con interior de l\u00e1mina fija - menu de Uhl<\/title>\n<meta name=\"robots\" content=\"index, follow, max-snippet:-1, max-image-preview:large, max-video-preview:-1\" \/>\n<link rel=\"canonical\" href=\"https:\/\/www.uhl-menu.com\/es\/produkt\/papel-de-aluminio\/\" \/>\n<meta property=\"og:locale\" content=\"es_ES\" \/>\n<meta property=\"og:type\" content=\"article\" \/>\n<meta property=\"og:title\" content=\"Papel de aluminio \u00bb Tarjeta de men\u00fa con interior de l\u00e1mina fija - menu de Uhl\" \/>\n<meta property=\"og:description\" content=\"El men\u00fa o carta de vinos Leading Foil es una tarjeta encuadernada y puede fabricarse con cualquier n\u00famero de p\u00e1ginas. Como en el modelo Leading, todos los bordes tanto de la cubierta reforzada como del espejo interior est\u00e1n cerrados, es decir, no hay bordes cortados por donde pueda penetrar la suciedad o la humedad. Sin [&hellip;]\" \/>\n<meta property=\"og:url\" content=\"https:\/\/www.uhl-menu.com\/es\/produkt\/papel-de-aluminio\/\" \/>\n<meta property=\"og:site_name\" content=\"menu de Uhl\" \/>\n<meta property=\"article:publisher\" content=\"https:\/\/www.facebook.com\/uhlspeisekarten\" \/>\n<meta property=\"article:modified_time\" content=\"2025-03-19T12:54:53+00:00\" \/>\n<meta property=\"og:image\" content=\"https:\/\/www.uhl-menu.com\/wp-content\/uploads\/leading-foil-speisekarte-mit-festem-folien-innenteil.png\" \/>\n\t<meta property=\"og:image:width\" content=\"1600\" \/>\n\t<meta property=\"og:image:height\" content=\"1125\" \/>\n\t<meta property=\"og:image:type\" content=\"image\/png\" \/>\n<meta name=\"twitter:card\" content=\"summary_large_image\" \/>\n<meta name=\"twitter:label1\" content=\"Tiempo de lectura\" \/>\n\t<meta name=\"twitter:data1\" content=\"1 minuto\" \/>\n<script type=\"application\/ld+json\" class=\"yoast-schema-graph\">{\"@context\":\"https:\/\/schema.org\",\"@graph\":[{\"@type\":\"WebPage\",\"@id\":\"https:\/\/www.uhl-menu.com\/es\/produkt\/papel-de-aluminio\/\",\"url\":\"https:\/\/www.uhl-menu.com\/es\/produkt\/papel-de-aluminio\/\",\"name\":\"Papel de aluminio \u00bb Tarjeta de men\u00fa con interior de l\u00e1mina fija - menu de Uhl\",\"isPartOf\":{\"@id\":\"https:\/\/www.uhl-menu.com\/es\/#website\"},\"primaryImageOfPage\":{\"@id\":\"https:\/\/www.uhl-menu.com\/es\/produkt\/papel-de-aluminio\/#primaryimage\"},\"image\":{\"@id\":\"https:\/\/www.uhl-menu.com\/es\/produkt\/papel-de-aluminio\/#primaryimage\"},\"thumbnailUrl\":\"https:\/\/www.uhl-menu.com\/wp-content\/uploads\/leading-foil-speisekarte-mit-festem-folien-innenteil.png\",\"datePublished\":\"2021-11-25T11:35:01+00:00\",\"dateModified\":\"2025-03-19T12:54:53+00:00\",\"breadcrumb\":{\"@id\":\"https:\/\/www.uhl-menu.com\/es\/produkt\/papel-de-aluminio\/#breadcrumb\"},\"inLanguage\":\"es\",\"potentialAction\":[{\"@type\":\"ReadAction\",\"target\":[\"https:\/\/www.uhl-menu.com\/es\/produkt\/papel-de-aluminio\/\"]}]},{\"@type\":\"ImageObject\",\"inLanguage\":\"es\",\"@id\":\"https:\/\/www.uhl-menu.com\/es\/produkt\/papel-de-aluminio\/#primaryimage\",\"url\":\"https:\/\/www.uhl-menu.com\/wp-content\/uploads\/leading-foil-speisekarte-mit-festem-folien-innenteil.png\",\"contentUrl\":\"https:\/\/www.uhl-menu.com\/wp-content\/uploads\/leading-foil-speisekarte-mit-festem-folien-innenteil.png\",\"width\":1600,\"height\":1125},{\"@type\":\"BreadcrumbList\",\"@id\":\"https:\/\/www.uhl-menu.com\/es\/produkt\/papel-de-aluminio\/#breadcrumb\",\"itemListElement\":[{\"@type\":\"ListItem\",\"position\":1,\"name\":\"Startseite\",\"item\":\"https:\/\/www.uhl-menu.com\/es\/\"},{\"@type\":\"ListItem\",\"position\":2,\"name\":\"Tienda\",\"item\":\"https:\/\/www.uhl-menu.com\/es\/tienda\/\"},{\"@type\":\"ListItem\",\"position\":3,\"name\":\"Papel de aluminio\"}]},{\"@type\":\"WebSite\",\"@id\":\"https:\/\/www.uhl-menu.com\/es\/#website\",\"url\":\"https:\/\/www.uhl-menu.com\/es\/\",\"name\":\"menu de Uhl\",\"description\":\"e fabricant de menus UHL, fond\u00e9 en 1982, s&#039;est donn\u00e9 d\u00e8s ses d\u00e9buts pour mission de se sp\u00e9cialiser dans les menus et les cartes des vins.\",\"publisher\":{\"@id\":\"https:\/\/www.uhl-menu.com\/es\/#organization\"},\"potentialAction\":[{\"@type\":\"SearchAction\",\"target\":{\"@type\":\"EntryPoint\",\"urlTemplate\":\"https:\/\/www.uhl-menu.com\/es\/?s={search_term_string}\"},\"query-input\":{\"@type\":\"PropertyValueSpecification\",\"valueRequired\":true,\"valueName\":\"search_term_string\"}}],\"inLanguage\":\"es\"},{\"@type\":\"Organization\",\"@id\":\"https:\/\/www.uhl-menu.com\/es\/#organization\",\"name\":\"menu de Uhl\",\"url\":\"https:\/\/www.uhl-menu.com\/es\/\",\"logo\":{\"@type\":\"ImageObject\",\"inLanguage\":\"es\",\"@id\":\"https:\/\/www.uhl-menu.com\/es\/#\/schema\/logo\/image\/\",\"url\":\"https:\/\/www.uhl-menu.com\/wp-content\/uploads\/uhl-logo.png\",\"contentUrl\":\"https:\/\/www.uhl-menu.com\/wp-content\/uploads\/uhl-logo.png\",\"width\":66,\"height\":41,\"caption\":\"menu de Uhl\"},\"image\":{\"@id\":\"https:\/\/www.uhl-menu.com\/es\/#\/schema\/logo\/image\/\"},\"sameAs\":[\"https:\/\/www.facebook.com\/uhlspeisekarten\",\"https:\/\/www.youtube.com\/channel\/UCz6fCHDC_EvIaFfibirEF8A\/videos\"]}]}<\/script>\n<!-- \/ Yoast SEO plugin. -->","yoast_head_json":{"title":"Papel de aluminio \u00bb Tarjeta de men\u00fa con interior de l\u00e1mina fija - menu de Uhl","robots":{"index":"index","follow":"follow","max-snippet":"max-snippet:-1","max-image-preview":"max-image-preview:large","max-video-preview":"max-video-preview:-1"},"canonical":"https:\/\/www.uhl-menu.com\/es\/produkt\/papel-de-aluminio\/","og_locale":"es_ES","og_type":"article","og_title":"Papel de aluminio \u00bb Tarjeta de men\u00fa con interior de l\u00e1mina fija - menu de Uhl","og_description":"El men\u00fa o carta de vinos Leading Foil es una tarjeta encuadernada y puede fabricarse con cualquier n\u00famero de p\u00e1ginas. Como en el modelo Leading, todos los bordes tanto de la cubierta reforzada como del espejo interior est\u00e1n cerrados, es decir, no hay bordes cortados por donde pueda penetrar la suciedad o la humedad. Sin [&hellip;]","og_url":"https:\/\/www.uhl-menu.com\/es\/produkt\/papel-de-aluminio\/","og_site_name":"menu de Uhl","article_publisher":"https:\/\/www.facebook.com\/uhlspeisekarten","article_modified_time":"2025-03-19T12:54:53+00:00","og_image":[{"width":1600,"height":1125,"url":"https:\/\/www.uhl-menu.com\/wp-content\/uploads\/leading-foil-speisekarte-mit-festem-folien-innenteil.png","type":"image\/png"}],"twitter_card":"summary_large_image","twitter_misc":{"Tiempo de lectura":"1 minuto"},"schema":{"@context":"https:\/\/schema.org","@graph":[{"@type":"WebPage","@id":"https:\/\/www.uhl-menu.com\/es\/produkt\/papel-de-aluminio\/","url":"https:\/\/www.uhl-menu.com\/es\/produkt\/papel-de-aluminio\/","name":"Papel de aluminio \u00bb Tarjeta de men\u00fa con interior de l\u00e1mina fija - menu de Uhl","isPartOf":{"@id":"https:\/\/www.uhl-menu.com\/es\/#website"},"primaryImageOfPage":{"@id":"https:\/\/www.uhl-menu.com\/es\/produkt\/papel-de-aluminio\/#primaryimage"},"image":{"@id":"https:\/\/www.uhl-menu.com\/es\/produkt\/papel-de-aluminio\/#primaryimage"},"thumbnailUrl":"https:\/\/www.uhl-menu.com\/wp-content\/uploads\/leading-foil-speisekarte-mit-festem-folien-innenteil.png","datePublished":"2021-11-25T11:35:01+00:00","dateModified":"2025-03-19T12:54:53+00:00","breadcrumb":{"@id":"https:\/\/www.uhl-menu.com\/es\/produkt\/papel-de-aluminio\/#breadcrumb"},"inLanguage":"es","potentialAction":[{"@type":"ReadAction","target":["https:\/\/www.uhl-menu.com\/es\/produkt\/papel-de-aluminio\/"]}]},{"@type":"ImageObject","inLanguage":"es","@id":"https:\/\/www.uhl-menu.com\/es\/produkt\/papel-de-aluminio\/#primaryimage","url":"https:\/\/www.uhl-menu.com\/wp-content\/uploads\/leading-foil-speisekarte-mit-festem-folien-innenteil.png","contentUrl":"https:\/\/www.uhl-menu.com\/wp-content\/uploads\/leading-foil-speisekarte-mit-festem-folien-innenteil.png","width":1600,"height":1125},{"@type":"BreadcrumbList","@id":"https:\/\/www.uhl-menu.com\/es\/produkt\/papel-de-aluminio\/#breadcrumb","itemListElement":[{"@type":"ListItem","position":1,"name":"Startseite","item":"https:\/\/www.uhl-menu.com\/es\/"},{"@type":"ListItem","position":2,"name":"Tienda","item":"https:\/\/www.uhl-menu.com\/es\/tienda\/"},{"@type":"ListItem","position":3,"name":"Papel de aluminio"}]},{"@type":"WebSite","@id":"https:\/\/www.uhl-menu.com\/es\/#website","url":"https:\/\/www.uhl-menu.com\/es\/","name":"menu de Uhl","description":"e fabricant de menus UHL, fond\u00e9 en 1982, s&#039;est donn\u00e9 d\u00e8s ses d\u00e9buts pour mission de se sp\u00e9cialiser dans les menus et les cartes des vins.","publisher":{"@id":"https:\/\/www.uhl-menu.com\/es\/#organization"},"potentialAction":[{"@type":"SearchAction","target":{"@type":"EntryPoint","urlTemplate":"https:\/\/www.uhl-menu.com\/es\/?s={search_term_string}"},"query-input":{"@type":"PropertyValueSpecification","valueRequired":true,"valueName":"search_term_string"}}],"inLanguage":"es"},{"@type":"Organization","@id":"https:\/\/www.uhl-menu.com\/es\/#organization","name":"menu de Uhl","url":"https:\/\/www.uhl-menu.com\/es\/","logo":{"@type":"ImageObject","inLanguage":"es","@id":"https:\/\/www.uhl-menu.com\/es\/#\/schema\/logo\/image\/","url":"https:\/\/www.uhl-menu.com\/wp-content\/uploads\/uhl-logo.png","contentUrl":"https:\/\/www.uhl-menu.com\/wp-content\/uploads\/uhl-logo.png","width":66,"height":41,"caption":"menu de Uhl"},"image":{"@id":"https:\/\/www.uhl-menu.com\/es\/#\/schema\/logo\/image\/"},"sameAs":["https:\/\/www.facebook.com\/uhlspeisekarten","https:\/\/www.youtube.com\/channel\/UCz6fCHDC_EvIaFfibirEF8A\/videos"]}]}},"_links":{"self":[{"href":"https:\/\/www.uhl-menu.com\/es\/wp-json\/wp\/v2\/product\/59278","targetHints":{"allow":["GET"]}}],"collection":[{"href":"https:\/\/www.uhl-menu.com\/es\/wp-json\/wp\/v2\/product"}],"about":[{"href":"https:\/\/www.uhl-menu.com\/es\/wp-json\/wp\/v2\/types\/product"}],"wp:featuredmedia":[{"embeddable":true,"href":"https:\/\/www.uhl-menu.com\/es\/wp-json\/wp\/v2\/media\/59306"}],"wp:attachment":[{"href":"https:\/\/www.uhl-menu.com\/es\/wp-json\/wp\/v2\/media?parent=59278"}],"wp:term":[{"taxonomy":"product_brand","embeddable":true,"href":"https:\/\/www.uhl-menu.com\/es\/wp-json\/wp\/v2\/product_brand?post=59278"},{"taxonomy":"product_cat","embeddable":true,"href":"https:\/\/www.uhl-menu.com\/es\/wp-json\/wp\/v2\/product_cat?post=59278"},{"taxonomy":"product_tag","embeddable":true,"href":"https:\/\/www.uhl-menu.com\/es\/wp-json\/wp\/v2\/product_tag?post=59278"}],"curies":[{"name":"wp","href":"https:\/\/api.w.org\/{rel}","templated":true}]}}