{"id":59641,"date":"2021-11-25T13:48:27","date_gmt":"2021-11-25T12:48:27","guid":{"rendered":"https:\/\/www.uhl-menu.com\/produkt\/clip-card-premium\/"},"modified":"2025-03-28T14:37:47","modified_gmt":"2025-03-28T13:37:47","slug":"clip-card-premium","status":"publish","type":"product","link":"https:\/\/www.uhl-menu.com\/es\/produkt\/clip-card-premium\/","title":{"rendered":"Clip card Premium"},"content":{"rendered":"<p>La versi\u00f3n premium de la tarjeta con pinza se caracteriza por los materiales de alta calidad utilizados para la cubierta y la secci\u00f3n interior. En esta versi\u00f3n de la tarjeta de men\u00fa cl\u00e1sica, las p\u00e1ginas del men\u00fa tambi\u00e9n se sujetan mediante un ra\u00edl de pl\u00e1stico independiente en el lomo de la pinza. Esto garantiza una sujeci\u00f3n perfecta y te permite reducir o ampliar el surtido de forma flexible e individual en cualquier momento.<\/p>\n<p>El sobre y el interior de la tarjeta clip se caracterizan por sus bordes cerrados y resistentes a las arrugas. Bajo pedido, se puede a\u00f1adir una banda magn\u00e9tica en el interior para presentar una p\u00e1gina de recomendaciones. La protecci\u00f3n de las esquinas est\u00e1 disponible opcionalmente en dorado o plateado.<\/p>\n","protected":false},"excerpt":{"rendered":"<p>La versi\u00f3n premium de la tarjeta con pinza se caracteriza por los materiales de alta calidad utilizados para la cubierta y la secci\u00f3n interior. En esta versi\u00f3n de la tarjeta de men\u00fa cl\u00e1sica, las p\u00e1ginas del men\u00fa tambi\u00e9n se sujetan mediante un ra\u00edl de pl\u00e1stico independiente en el lomo de la pinza. Esto garantiza una [&hellip;]<\/p>\n","protected":false},"featured_media":87375,"template":"","meta":{"_acf_changed":false},"product_brand":[],"product_cat":[1274,1282,1219,1216,1220,1231,1222,1239,1299,1247,1218,1217,1215],"product_tag":[],"class_list":{"0":"post-59641","1":"product","2":"type-product","3":"status-publish","4":"has-post-thumbnail","6":"product_cat-caja-de-carton","7":"product_cat-flexible-es","8":"product_cat-imitacion-de-cuero","9":"product_cat-insensible-a-la-grasa","10":"product_cat-lino-es","11":"product_cat-listas-de-vinos","12":"product_cat-material-sinte","13":"product_cat-menus-es","14":"product_cat-menus-de-bebidas","15":"product_cat-numero-flexible-de-paginas","16":"product_cat-piel-autentica","17":"product_cat-repele-el-agua","18":"product_cat-tapa-dura","19":"pa_format-l-11x11x30-es","20":"pa_format-m-11x11x21-es","21":"pa_format-s-11x11x15-es","22":"tm-has-options","24":"first","25":"instock","26":"taxable","27":"shipping-taxable","28":"purchasable","29":"product-type-variable"},"acf":[],"yoast_head":"<!-- This site is optimized with the Yoast SEO plugin v26.0 - https:\/\/yoast.com\/wordpress\/plugins\/seo\/ -->\n<title>Clip card Premium \u00bb Men\u00fa Premium con respaldo de pinza - menu de Uhl<\/title>\n<meta name=\"robots\" content=\"index, follow, max-snippet:-1, max-image-preview:large, max-video-preview:-1\" \/>\n<link rel=\"canonical\" href=\"https:\/\/www.uhl-menu.com\/es\/produkt\/clip-card-premium\/\" \/>\n<meta property=\"og:locale\" content=\"es_ES\" \/>\n<meta property=\"og:type\" content=\"article\" \/>\n<meta property=\"og:title\" content=\"Clip card Premium \u00bb Men\u00fa Premium con respaldo de pinza - menu de Uhl\" \/>\n<meta property=\"og:description\" content=\"La versi\u00f3n premium de la tarjeta con pinza se caracteriza por los materiales de alta calidad utilizados para la cubierta y la secci\u00f3n interior. En esta versi\u00f3n de la tarjeta de men\u00fa cl\u00e1sica, las p\u00e1ginas del men\u00fa tambi\u00e9n se sujetan mediante un ra\u00edl de pl\u00e1stico independiente en el lomo de la pinza. Esto garantiza una [&hellip;]\" \/>\n<meta property=\"og:url\" content=\"https:\/\/www.uhl-menu.com\/es\/produkt\/clip-card-premium\/\" \/>\n<meta property=\"og:site_name\" content=\"menu de Uhl\" \/>\n<meta property=\"article:publisher\" content=\"https:\/\/www.facebook.com\/uhlspeisekarten\" \/>\n<meta property=\"article:modified_time\" content=\"2025-03-28T13:37:47+00:00\" \/>\n<meta property=\"og:image\" content=\"https:\/\/www.uhl-menu.com\/wp-content\/uploads\/klemmkarte2_Produkt_front-scaled.jpg\" \/>\n\t<meta property=\"og:image:width\" content=\"2560\" \/>\n\t<meta property=\"og:image:height\" content=\"1800\" \/>\n\t<meta property=\"og:image:type\" content=\"image\/jpeg\" \/>\n<meta name=\"twitter:card\" content=\"summary_large_image\" \/>\n<meta name=\"twitter:label1\" content=\"Tiempo de lectura\" \/>\n\t<meta name=\"twitter:data1\" content=\"1 minuto\" \/>\n<script type=\"application\/ld+json\" class=\"yoast-schema-graph\">{\"@context\":\"https:\/\/schema.org\",\"@graph\":[{\"@type\":\"WebPage\",\"@id\":\"https:\/\/www.uhl-menu.com\/es\/produkt\/clip-card-premium\/\",\"url\":\"https:\/\/www.uhl-menu.com\/es\/produkt\/clip-card-premium\/\",\"name\":\"Clip card Premium \u00bb Men\u00fa Premium con respaldo de pinza - menu de Uhl\",\"isPartOf\":{\"@id\":\"https:\/\/www.uhl-menu.com\/es\/#website\"},\"primaryImageOfPage\":{\"@id\":\"https:\/\/www.uhl-menu.com\/es\/produkt\/clip-card-premium\/#primaryimage\"},\"image\":{\"@id\":\"https:\/\/www.uhl-menu.com\/es\/produkt\/clip-card-premium\/#primaryimage\"},\"thumbnailUrl\":\"https:\/\/www.uhl-menu.com\/wp-content\/uploads\/klemmkarte2_Produkt_front-scaled.jpg\",\"datePublished\":\"2021-11-25T12:48:27+00:00\",\"dateModified\":\"2025-03-28T13:37:47+00:00\",\"breadcrumb\":{\"@id\":\"https:\/\/www.uhl-menu.com\/es\/produkt\/clip-card-premium\/#breadcrumb\"},\"inLanguage\":\"es\",\"potentialAction\":[{\"@type\":\"ReadAction\",\"target\":[\"https:\/\/www.uhl-menu.com\/es\/produkt\/clip-card-premium\/\"]}]},{\"@type\":\"ImageObject\",\"inLanguage\":\"es\",\"@id\":\"https:\/\/www.uhl-menu.com\/es\/produkt\/clip-card-premium\/#primaryimage\",\"url\":\"https:\/\/www.uhl-menu.com\/wp-content\/uploads\/klemmkarte2_Produkt_front-scaled.jpg\",\"contentUrl\":\"https:\/\/www.uhl-menu.com\/wp-content\/uploads\/klemmkarte2_Produkt_front-scaled.jpg\",\"width\":2560,\"height\":1800},{\"@type\":\"BreadcrumbList\",\"@id\":\"https:\/\/www.uhl-menu.com\/es\/produkt\/clip-card-premium\/#breadcrumb\",\"itemListElement\":[{\"@type\":\"ListItem\",\"position\":1,\"name\":\"Startseite\",\"item\":\"https:\/\/www.uhl-menu.com\/es\/\"},{\"@type\":\"ListItem\",\"position\":2,\"name\":\"Tienda\",\"item\":\"https:\/\/www.uhl-menu.com\/es\/tienda\/\"},{\"@type\":\"ListItem\",\"position\":3,\"name\":\"Clip card Premium\"}]},{\"@type\":\"WebSite\",\"@id\":\"https:\/\/www.uhl-menu.com\/es\/#website\",\"url\":\"https:\/\/www.uhl-menu.com\/es\/\",\"name\":\"menu de Uhl\",\"description\":\"e fabricant de menus UHL, fond\u00e9 en 1982, s&#039;est donn\u00e9 d\u00e8s ses d\u00e9buts pour mission de se sp\u00e9cialiser dans les menus et les cartes des vins.\",\"publisher\":{\"@id\":\"https:\/\/www.uhl-menu.com\/es\/#organization\"},\"potentialAction\":[{\"@type\":\"SearchAction\",\"target\":{\"@type\":\"EntryPoint\",\"urlTemplate\":\"https:\/\/www.uhl-menu.com\/es\/?s={search_term_string}\"},\"query-input\":{\"@type\":\"PropertyValueSpecification\",\"valueRequired\":true,\"valueName\":\"search_term_string\"}}],\"inLanguage\":\"es\"},{\"@type\":\"Organization\",\"@id\":\"https:\/\/www.uhl-menu.com\/es\/#organization\",\"name\":\"menu de Uhl\",\"url\":\"https:\/\/www.uhl-menu.com\/es\/\",\"logo\":{\"@type\":\"ImageObject\",\"inLanguage\":\"es\",\"@id\":\"https:\/\/www.uhl-menu.com\/es\/#\/schema\/logo\/image\/\",\"url\":\"https:\/\/www.uhl-menu.com\/wp-content\/uploads\/uhl-logo.png\",\"contentUrl\":\"https:\/\/www.uhl-menu.com\/wp-content\/uploads\/uhl-logo.png\",\"width\":66,\"height\":41,\"caption\":\"menu de Uhl\"},\"image\":{\"@id\":\"https:\/\/www.uhl-menu.com\/es\/#\/schema\/logo\/image\/\"},\"sameAs\":[\"https:\/\/www.facebook.com\/uhlspeisekarten\",\"https:\/\/www.youtube.com\/channel\/UCz6fCHDC_EvIaFfibirEF8A\/videos\"]}]}<\/script>\n<!-- \/ Yoast SEO plugin. -->","yoast_head_json":{"title":"Clip card Premium \u00bb Men\u00fa Premium con respaldo de pinza - menu de Uhl","robots":{"index":"index","follow":"follow","max-snippet":"max-snippet:-1","max-image-preview":"max-image-preview:large","max-video-preview":"max-video-preview:-1"},"canonical":"https:\/\/www.uhl-menu.com\/es\/produkt\/clip-card-premium\/","og_locale":"es_ES","og_type":"article","og_title":"Clip card Premium \u00bb Men\u00fa Premium con respaldo de pinza - menu de Uhl","og_description":"La versi\u00f3n premium de la tarjeta con pinza se caracteriza por los materiales de alta calidad utilizados para la cubierta y la secci\u00f3n interior. En esta versi\u00f3n de la tarjeta de men\u00fa cl\u00e1sica, las p\u00e1ginas del men\u00fa tambi\u00e9n se sujetan mediante un ra\u00edl de pl\u00e1stico independiente en el lomo de la pinza. Esto garantiza una [&hellip;]","og_url":"https:\/\/www.uhl-menu.com\/es\/produkt\/clip-card-premium\/","og_site_name":"menu de Uhl","article_publisher":"https:\/\/www.facebook.com\/uhlspeisekarten","article_modified_time":"2025-03-28T13:37:47+00:00","og_image":[{"width":2560,"height":1800,"url":"https:\/\/www.uhl-menu.com\/wp-content\/uploads\/klemmkarte2_Produkt_front-scaled.jpg","type":"image\/jpeg"}],"twitter_card":"summary_large_image","twitter_misc":{"Tiempo de lectura":"1 minuto"},"schema":{"@context":"https:\/\/schema.org","@graph":[{"@type":"WebPage","@id":"https:\/\/www.uhl-menu.com\/es\/produkt\/clip-card-premium\/","url":"https:\/\/www.uhl-menu.com\/es\/produkt\/clip-card-premium\/","name":"Clip card Premium \u00bb Men\u00fa Premium con respaldo de pinza - menu de Uhl","isPartOf":{"@id":"https:\/\/www.uhl-menu.com\/es\/#website"},"primaryImageOfPage":{"@id":"https:\/\/www.uhl-menu.com\/es\/produkt\/clip-card-premium\/#primaryimage"},"image":{"@id":"https:\/\/www.uhl-menu.com\/es\/produkt\/clip-card-premium\/#primaryimage"},"thumbnailUrl":"https:\/\/www.uhl-menu.com\/wp-content\/uploads\/klemmkarte2_Produkt_front-scaled.jpg","datePublished":"2021-11-25T12:48:27+00:00","dateModified":"2025-03-28T13:37:47+00:00","breadcrumb":{"@id":"https:\/\/www.uhl-menu.com\/es\/produkt\/clip-card-premium\/#breadcrumb"},"inLanguage":"es","potentialAction":[{"@type":"ReadAction","target":["https:\/\/www.uhl-menu.com\/es\/produkt\/clip-card-premium\/"]}]},{"@type":"ImageObject","inLanguage":"es","@id":"https:\/\/www.uhl-menu.com\/es\/produkt\/clip-card-premium\/#primaryimage","url":"https:\/\/www.uhl-menu.com\/wp-content\/uploads\/klemmkarte2_Produkt_front-scaled.jpg","contentUrl":"https:\/\/www.uhl-menu.com\/wp-content\/uploads\/klemmkarte2_Produkt_front-scaled.jpg","width":2560,"height":1800},{"@type":"BreadcrumbList","@id":"https:\/\/www.uhl-menu.com\/es\/produkt\/clip-card-premium\/#breadcrumb","itemListElement":[{"@type":"ListItem","position":1,"name":"Startseite","item":"https:\/\/www.uhl-menu.com\/es\/"},{"@type":"ListItem","position":2,"name":"Tienda","item":"https:\/\/www.uhl-menu.com\/es\/tienda\/"},{"@type":"ListItem","position":3,"name":"Clip card Premium"}]},{"@type":"WebSite","@id":"https:\/\/www.uhl-menu.com\/es\/#website","url":"https:\/\/www.uhl-menu.com\/es\/","name":"menu de Uhl","description":"e fabricant de menus UHL, fond\u00e9 en 1982, s&#039;est donn\u00e9 d\u00e8s ses d\u00e9buts pour mission de se sp\u00e9cialiser dans les menus et les cartes des vins.","publisher":{"@id":"https:\/\/www.uhl-menu.com\/es\/#organization"},"potentialAction":[{"@type":"SearchAction","target":{"@type":"EntryPoint","urlTemplate":"https:\/\/www.uhl-menu.com\/es\/?s={search_term_string}"},"query-input":{"@type":"PropertyValueSpecification","valueRequired":true,"valueName":"search_term_string"}}],"inLanguage":"es"},{"@type":"Organization","@id":"https:\/\/www.uhl-menu.com\/es\/#organization","name":"menu de Uhl","url":"https:\/\/www.uhl-menu.com\/es\/","logo":{"@type":"ImageObject","inLanguage":"es","@id":"https:\/\/www.uhl-menu.com\/es\/#\/schema\/logo\/image\/","url":"https:\/\/www.uhl-menu.com\/wp-content\/uploads\/uhl-logo.png","contentUrl":"https:\/\/www.uhl-menu.com\/wp-content\/uploads\/uhl-logo.png","width":66,"height":41,"caption":"menu de Uhl"},"image":{"@id":"https:\/\/www.uhl-menu.com\/es\/#\/schema\/logo\/image\/"},"sameAs":["https:\/\/www.facebook.com\/uhlspeisekarten","https:\/\/www.youtube.com\/channel\/UCz6fCHDC_EvIaFfibirEF8A\/videos"]}]}},"_links":{"self":[{"href":"https:\/\/www.uhl-menu.com\/es\/wp-json\/wp\/v2\/product\/59641","targetHints":{"allow":["GET"]}}],"collection":[{"href":"https:\/\/www.uhl-menu.com\/es\/wp-json\/wp\/v2\/product"}],"about":[{"href":"https:\/\/www.uhl-menu.com\/es\/wp-json\/wp\/v2\/types\/product"}],"wp:featuredmedia":[{"embeddable":true,"href":"https:\/\/www.uhl-menu.com\/es\/wp-json\/wp\/v2\/media\/87375"}],"wp:attachment":[{"href":"https:\/\/www.uhl-menu.com\/es\/wp-json\/wp\/v2\/media?parent=59641"}],"wp:term":[{"taxonomy":"product_brand","embeddable":true,"href":"https:\/\/www.uhl-menu.com\/es\/wp-json\/wp\/v2\/product_brand?post=59641"},{"taxonomy":"product_cat","embeddable":true,"href":"https:\/\/www.uhl-menu.com\/es\/wp-json\/wp\/v2\/product_cat?post=59641"},{"taxonomy":"product_tag","embeddable":true,"href":"https:\/\/www.uhl-menu.com\/es\/wp-json\/wp\/v2\/product_tag?post=59641"}],"curies":[{"name":"wp","href":"https:\/\/api.w.org\/{rel}","templated":true}]}}