{"id":47628,"date":"2021-09-26T21:22:12","date_gmt":"2021-09-26T19:22:12","guid":{"rendered":"https:\/\/www.uhl-menu.com\/dossiers-de-facturation\/"},"modified":"2026-01-30T08:42:14","modified_gmt":"2026-01-30T07:42:14","slug":"dossiers-de-facturation","status":"publish","type":"page","link":"https:\/\/www.uhl-menu.com\/fr\/dossiers-de-facturation\/","title":{"rendered":"Chemises de facture"},"content":{"rendered":"","protected":false},"excerpt":{"rendered":"","protected":false},"author":1,"featured_media":47630,"parent":0,"menu_order":7,"comment_status":"closed","ping_status":"closed","template":"","meta":{"_acf_changed":false,"footnotes":""},"class_list":["post-47628","page","type-page","status-publish","has-post-thumbnail","hentry"],"acf":[],"yoast_head":"<!-- This site is optimized with the Yoast SEO plugin v26.0 - https:\/\/yoast.com\/wordpress\/plugins\/seo\/ -->\n<title>\u1455\u2776\u1450 Chemises de facture UHL \u27a1\ufe0f Faites \u00e0 la main!<\/title>\n<meta name=\"description\" content=\"\u276d\u276d\u276dChemises de facture UHL haut de gamme \u27a1\ufe0f Qualit\u00e9 sup\u00e9rieure faite \u00e0 la main\u2705 Valoriser votre marque \u2705 Demander un \u00e9chantillon MAINTENANT\" \/>\n<meta name=\"robots\" content=\"index, follow, max-snippet:-1, max-image-preview:large, max-video-preview:-1\" \/>\n<link rel=\"canonical\" href=\"https:\/\/www.uhl-menu.com\/fr\/dossiers-de-facturation\/\" \/>\n<meta property=\"og:locale\" content=\"fr_FR\" \/>\n<meta property=\"og:type\" content=\"article\" \/>\n<meta property=\"og:title\" content=\"\u1455\u2776\u1450 Chemises de facture UHL \u27a1\ufe0f Faites \u00e0 la main!\" \/>\n<meta property=\"og:description\" content=\"\u276d\u276d\u276dChemises de facture UHL haut de gamme \u27a1\ufe0f Qualit\u00e9 sup\u00e9rieure faite \u00e0 la main\u2705 Valoriser votre marque \u2705 Demander un \u00e9chantillon MAINTENANT\" \/>\n<meta property=\"og:url\" content=\"https:\/\/www.uhl-menu.com\/fr\/dossiers-de-facturation\/\" \/>\n<meta property=\"og:site_name\" content=\"menu de Uhl\" \/>\n<meta property=\"article:publisher\" content=\"https:\/\/www.facebook.com\/uhlspeisekarten\" \/>\n<meta property=\"article:modified_time\" content=\"2026-01-30T07:42:14+00:00\" \/>\n<meta property=\"og:image\" content=\"https:\/\/www.uhl-menu.com\/wp-content\/uploads\/rechnungsmappen-gastronomie-restaurants-hotels.jpg\" \/>\n\t<meta property=\"og:image:width\" content=\"2500\" \/>\n\t<meta property=\"og:image:height\" content=\"1674\" \/>\n\t<meta property=\"og:image:type\" content=\"image\/jpeg\" \/>\n<meta name=\"twitter:card\" content=\"summary_large_image\" \/>\n<script type=\"application\/ld+json\" class=\"yoast-schema-graph\">{\"@context\":\"https:\/\/schema.org\",\"@graph\":[{\"@type\":\"WebPage\",\"@id\":\"https:\/\/www.uhl-menu.com\/fr\/dossiers-de-facturation\/\",\"url\":\"https:\/\/www.uhl-menu.com\/fr\/dossiers-de-facturation\/\",\"name\":\"\u1455\u2776\u1450 Chemises de facture UHL \u27a1\ufe0f Faites \u00e0 la main!\",\"isPartOf\":{\"@id\":\"https:\/\/www.uhl-menu.com\/fr\/#website\"},\"primaryImageOfPage\":{\"@id\":\"https:\/\/www.uhl-menu.com\/fr\/dossiers-de-facturation\/#primaryimage\"},\"image\":{\"@id\":\"https:\/\/www.uhl-menu.com\/fr\/dossiers-de-facturation\/#primaryimage\"},\"thumbnailUrl\":\"https:\/\/www.uhl-menu.com\/wp-content\/uploads\/rechnungsmappen-gastronomie-restaurants-hotels.jpg\",\"datePublished\":\"2021-09-26T19:22:12+00:00\",\"dateModified\":\"2026-01-30T07:42:14+00:00\",\"description\":\"\u276d\u276d\u276dChemises de facture UHL haut de gamme \u27a1\ufe0f Qualit\u00e9 sup\u00e9rieure faite \u00e0 la main\u2705 Valoriser votre marque \u2705 Demander un \u00e9chantillon MAINTENANT\",\"breadcrumb\":{\"@id\":\"https:\/\/www.uhl-menu.com\/fr\/dossiers-de-facturation\/#breadcrumb\"},\"inLanguage\":\"fr-FR\",\"potentialAction\":[{\"@type\":\"ReadAction\",\"target\":[\"https:\/\/www.uhl-menu.com\/fr\/dossiers-de-facturation\/\"]}]},{\"@type\":\"ImageObject\",\"inLanguage\":\"fr-FR\",\"@id\":\"https:\/\/www.uhl-menu.com\/fr\/dossiers-de-facturation\/#primaryimage\",\"url\":\"https:\/\/www.uhl-menu.com\/wp-content\/uploads\/rechnungsmappen-gastronomie-restaurants-hotels.jpg\",\"contentUrl\":\"https:\/\/www.uhl-menu.com\/wp-content\/uploads\/rechnungsmappen-gastronomie-restaurants-hotels.jpg\",\"width\":2500,\"height\":1674},{\"@type\":\"BreadcrumbList\",\"@id\":\"https:\/\/www.uhl-menu.com\/fr\/dossiers-de-facturation\/#breadcrumb\",\"itemListElement\":[{\"@type\":\"ListItem\",\"position\":1,\"name\":\"Startseite\",\"item\":\"https:\/\/www.uhl-menu.com\/fr\/\"},{\"@type\":\"ListItem\",\"position\":2,\"name\":\"Chemises de facture\"}]},{\"@type\":\"WebSite\",\"@id\":\"https:\/\/www.uhl-menu.com\/fr\/#website\",\"url\":\"https:\/\/www.uhl-menu.com\/fr\/\",\"name\":\"menu de Uhl\",\"description\":\"e fabricant de menus UHL, fond\u00e9 en 1982, s&#039;est donn\u00e9 d\u00e8s ses d\u00e9buts pour mission de se sp\u00e9cialiser dans les menus et les cartes des vins.\",\"publisher\":{\"@id\":\"https:\/\/www.uhl-menu.com\/fr\/#organization\"},\"potentialAction\":[{\"@type\":\"SearchAction\",\"target\":{\"@type\":\"EntryPoint\",\"urlTemplate\":\"https:\/\/www.uhl-menu.com\/fr\/?s={search_term_string}\"},\"query-input\":{\"@type\":\"PropertyValueSpecification\",\"valueRequired\":true,\"valueName\":\"search_term_string\"}}],\"inLanguage\":\"fr-FR\"},{\"@type\":\"Organization\",\"@id\":\"https:\/\/www.uhl-menu.com\/fr\/#organization\",\"name\":\"menu de Uhl\",\"url\":\"https:\/\/www.uhl-menu.com\/fr\/\",\"logo\":{\"@type\":\"ImageObject\",\"inLanguage\":\"fr-FR\",\"@id\":\"https:\/\/www.uhl-menu.com\/fr\/#\/schema\/logo\/image\/\",\"url\":\"https:\/\/www.uhl-menu.com\/wp-content\/uploads\/uhl-logo.png\",\"contentUrl\":\"https:\/\/www.uhl-menu.com\/wp-content\/uploads\/uhl-logo.png\",\"width\":66,\"height\":41,\"caption\":\"menu de Uhl\"},\"image\":{\"@id\":\"https:\/\/www.uhl-menu.com\/fr\/#\/schema\/logo\/image\/\"},\"sameAs\":[\"https:\/\/www.facebook.com\/uhlspeisekarten\",\"https:\/\/www.youtube.com\/channel\/UCz6fCHDC_EvIaFfibirEF8A\/videos\"]}]}<\/script>\n<!-- \/ Yoast SEO plugin. -->","yoast_head_json":{"title":"\u1455\u2776\u1450 Chemises de facture UHL \u27a1\ufe0f Faites \u00e0 la main!","description":"\u276d\u276d\u276dChemises de facture UHL haut de gamme \u27a1\ufe0f Qualit\u00e9 sup\u00e9rieure faite \u00e0 la main\u2705 Valoriser votre marque \u2705 Demander un \u00e9chantillon MAINTENANT","robots":{"index":"index","follow":"follow","max-snippet":"max-snippet:-1","max-image-preview":"max-image-preview:large","max-video-preview":"max-video-preview:-1"},"canonical":"https:\/\/www.uhl-menu.com\/fr\/dossiers-de-facturation\/","og_locale":"fr_FR","og_type":"article","og_title":"\u1455\u2776\u1450 Chemises de facture UHL \u27a1\ufe0f Faites \u00e0 la main!","og_description":"\u276d\u276d\u276dChemises de facture UHL haut de gamme \u27a1\ufe0f Qualit\u00e9 sup\u00e9rieure faite \u00e0 la main\u2705 Valoriser votre marque \u2705 Demander un \u00e9chantillon MAINTENANT","og_url":"https:\/\/www.uhl-menu.com\/fr\/dossiers-de-facturation\/","og_site_name":"menu de Uhl","article_publisher":"https:\/\/www.facebook.com\/uhlspeisekarten","article_modified_time":"2026-01-30T07:42:14+00:00","og_image":[{"width":2500,"height":1674,"url":"https:\/\/www.uhl-menu.com\/wp-content\/uploads\/rechnungsmappen-gastronomie-restaurants-hotels.jpg","type":"image\/jpeg"}],"twitter_card":"summary_large_image","schema":{"@context":"https:\/\/schema.org","@graph":[{"@type":"WebPage","@id":"https:\/\/www.uhl-menu.com\/fr\/dossiers-de-facturation\/","url":"https:\/\/www.uhl-menu.com\/fr\/dossiers-de-facturation\/","name":"\u1455\u2776\u1450 Chemises de facture UHL \u27a1\ufe0f Faites \u00e0 la main!","isPartOf":{"@id":"https:\/\/www.uhl-menu.com\/fr\/#website"},"primaryImageOfPage":{"@id":"https:\/\/www.uhl-menu.com\/fr\/dossiers-de-facturation\/#primaryimage"},"image":{"@id":"https:\/\/www.uhl-menu.com\/fr\/dossiers-de-facturation\/#primaryimage"},"thumbnailUrl":"https:\/\/www.uhl-menu.com\/wp-content\/uploads\/rechnungsmappen-gastronomie-restaurants-hotels.jpg","datePublished":"2021-09-26T19:22:12+00:00","dateModified":"2026-01-30T07:42:14+00:00","description":"\u276d\u276d\u276dChemises de facture UHL haut de gamme \u27a1\ufe0f Qualit\u00e9 sup\u00e9rieure faite \u00e0 la main\u2705 Valoriser votre marque \u2705 Demander un \u00e9chantillon MAINTENANT","breadcrumb":{"@id":"https:\/\/www.uhl-menu.com\/fr\/dossiers-de-facturation\/#breadcrumb"},"inLanguage":"fr-FR","potentialAction":[{"@type":"ReadAction","target":["https:\/\/www.uhl-menu.com\/fr\/dossiers-de-facturation\/"]}]},{"@type":"ImageObject","inLanguage":"fr-FR","@id":"https:\/\/www.uhl-menu.com\/fr\/dossiers-de-facturation\/#primaryimage","url":"https:\/\/www.uhl-menu.com\/wp-content\/uploads\/rechnungsmappen-gastronomie-restaurants-hotels.jpg","contentUrl":"https:\/\/www.uhl-menu.com\/wp-content\/uploads\/rechnungsmappen-gastronomie-restaurants-hotels.jpg","width":2500,"height":1674},{"@type":"BreadcrumbList","@id":"https:\/\/www.uhl-menu.com\/fr\/dossiers-de-facturation\/#breadcrumb","itemListElement":[{"@type":"ListItem","position":1,"name":"Startseite","item":"https:\/\/www.uhl-menu.com\/fr\/"},{"@type":"ListItem","position":2,"name":"Chemises de facture"}]},{"@type":"WebSite","@id":"https:\/\/www.uhl-menu.com\/fr\/#website","url":"https:\/\/www.uhl-menu.com\/fr\/","name":"menu de Uhl","description":"e fabricant de menus UHL, fond\u00e9 en 1982, s&#039;est donn\u00e9 d\u00e8s ses d\u00e9buts pour mission de se sp\u00e9cialiser dans les menus et les cartes des vins.","publisher":{"@id":"https:\/\/www.uhl-menu.com\/fr\/#organization"},"potentialAction":[{"@type":"SearchAction","target":{"@type":"EntryPoint","urlTemplate":"https:\/\/www.uhl-menu.com\/fr\/?s={search_term_string}"},"query-input":{"@type":"PropertyValueSpecification","valueRequired":true,"valueName":"search_term_string"}}],"inLanguage":"fr-FR"},{"@type":"Organization","@id":"https:\/\/www.uhl-menu.com\/fr\/#organization","name":"menu de Uhl","url":"https:\/\/www.uhl-menu.com\/fr\/","logo":{"@type":"ImageObject","inLanguage":"fr-FR","@id":"https:\/\/www.uhl-menu.com\/fr\/#\/schema\/logo\/image\/","url":"https:\/\/www.uhl-menu.com\/wp-content\/uploads\/uhl-logo.png","contentUrl":"https:\/\/www.uhl-menu.com\/wp-content\/uploads\/uhl-logo.png","width":66,"height":41,"caption":"menu de Uhl"},"image":{"@id":"https:\/\/www.uhl-menu.com\/fr\/#\/schema\/logo\/image\/"},"sameAs":["https:\/\/www.facebook.com\/uhlspeisekarten","https:\/\/www.youtube.com\/channel\/UCz6fCHDC_EvIaFfibirEF8A\/videos"]}]}},"_links":{"self":[{"href":"https:\/\/www.uhl-menu.com\/fr\/wp-json\/wp\/v2\/pages\/47628","targetHints":{"allow":["GET"]}}],"collection":[{"href":"https:\/\/www.uhl-menu.com\/fr\/wp-json\/wp\/v2\/pages"}],"about":[{"href":"https:\/\/www.uhl-menu.com\/fr\/wp-json\/wp\/v2\/types\/page"}],"author":[{"embeddable":true,"href":"https:\/\/www.uhl-menu.com\/fr\/wp-json\/wp\/v2\/users\/1"}],"replies":[{"embeddable":true,"href":"https:\/\/www.uhl-menu.com\/fr\/wp-json\/wp\/v2\/comments?post=47628"}],"version-history":[{"count":4,"href":"https:\/\/www.uhl-menu.com\/fr\/wp-json\/wp\/v2\/pages\/47628\/revisions"}],"predecessor-version":[{"id":77802,"href":"https:\/\/www.uhl-menu.com\/fr\/wp-json\/wp\/v2\/pages\/47628\/revisions\/77802"}],"wp:featuredmedia":[{"embeddable":true,"href":"https:\/\/www.uhl-menu.com\/fr\/wp-json\/wp\/v2\/media\/47630"}],"wp:attachment":[{"href":"https:\/\/www.uhl-menu.com\/fr\/wp-json\/wp\/v2\/media?parent=47628"}],"curies":[{"name":"wp","href":"https:\/\/api.w.org\/{rel}","templated":true}]}}