{"id":55762,"date":"2022-10-11T15:09:49","date_gmt":"2022-10-11T13:09:49","guid":{"rendered":"https:\/\/www.uhl-menu.com\/applications-2\/"},"modified":"2025-03-19T09:44:17","modified_gmt":"2025-03-19T08:44:17","slug":"applications-2","status":"publish","type":"page","link":"https:\/\/www.uhl-menu.com\/fr\/applications-2\/","title":{"rendered":"Applications"},"content":{"rendered":"","protected":false},"excerpt":{"rendered":"","protected":false},"author":1,"featured_media":0,"parent":0,"menu_order":3,"comment_status":"closed","ping_status":"closed","template":"","meta":{"_acf_changed":false,"footnotes":""},"class_list":["post-55762","page","type-page","status-publish","hentry"],"acf":[],"yoast_head":"<!-- This site is optimized with the Yoast SEO plugin v26.0 - https:\/\/yoast.com\/wordpress\/plugins\/seo\/ -->\n<title>\u1455\u2776\u1450 Applications - \u27a1\ufe0f menu de Uhl<\/title>\n<meta name=\"description\" content=\"Uhl Menu offre un large choix de menus de nourriture et de boissons pour tous les domaines d&#039;application. Que ce soit pour les restaurants, les bars, les caf\u00e9s ou les h\u00f4tels, nous avons le menu qu&#039;il vous faut.\" \/>\n<meta name=\"robots\" content=\"index, follow, max-snippet:-1, max-image-preview:large, max-video-preview:-1\" \/>\n<link rel=\"canonical\" href=\"https:\/\/www.uhl-menu.com\/fr\/applications-2\/\" \/>\n<meta property=\"og:locale\" content=\"fr_FR\" \/>\n<meta property=\"og:type\" content=\"article\" \/>\n<meta property=\"og:title\" content=\"\u1455\u2776\u1450 Applications - \u27a1\ufe0f menu de Uhl\" \/>\n<meta property=\"og:description\" content=\"Uhl Menu offre un large choix de menus de nourriture et de boissons pour tous les domaines d&#039;application. Que ce soit pour les restaurants, les bars, les caf\u00e9s ou les h\u00f4tels, nous avons le menu qu&#039;il vous faut.\" \/>\n<meta property=\"og:url\" content=\"https:\/\/www.uhl-menu.com\/fr\/applications-2\/\" \/>\n<meta property=\"og:site_name\" content=\"menu de Uhl\" \/>\n<meta property=\"article:publisher\" content=\"https:\/\/www.facebook.com\/uhlspeisekarten\" \/>\n<meta property=\"article:modified_time\" content=\"2025-03-19T08:44:17+00:00\" \/>\n<meta name=\"twitter:card\" content=\"summary_large_image\" \/>\n<script type=\"application\/ld+json\" class=\"yoast-schema-graph\">{\"@context\":\"https:\/\/schema.org\",\"@graph\":[{\"@type\":\"WebPage\",\"@id\":\"https:\/\/www.uhl-menu.com\/fr\/applications-2\/\",\"url\":\"https:\/\/www.uhl-menu.com\/fr\/applications-2\/\",\"name\":\"\u1455\u2776\u1450 Applications - \u27a1\ufe0f menu de Uhl\",\"isPartOf\":{\"@id\":\"https:\/\/www.uhl-menu.com\/fr\/#website\"},\"datePublished\":\"2022-10-11T13:09:49+00:00\",\"dateModified\":\"2025-03-19T08:44:17+00:00\",\"description\":\"Uhl Menu offre un large choix de menus de nourriture et de boissons pour tous les domaines d'application. Que ce soit pour les restaurants, les bars, les caf\u00e9s ou les h\u00f4tels, nous avons le menu qu'il vous faut.\",\"breadcrumb\":{\"@id\":\"https:\/\/www.uhl-menu.com\/fr\/applications-2\/#breadcrumb\"},\"inLanguage\":\"fr-FR\",\"potentialAction\":[{\"@type\":\"ReadAction\",\"target\":[\"https:\/\/www.uhl-menu.com\/fr\/applications-2\/\"]}]},{\"@type\":\"BreadcrumbList\",\"@id\":\"https:\/\/www.uhl-menu.com\/fr\/applications-2\/#breadcrumb\",\"itemListElement\":[{\"@type\":\"ListItem\",\"position\":1,\"name\":\"Startseite\",\"item\":\"https:\/\/www.uhl-menu.com\/fr\/\"},{\"@type\":\"ListItem\",\"position\":2,\"name\":\"Applications\"}]},{\"@type\":\"WebSite\",\"@id\":\"https:\/\/www.uhl-menu.com\/fr\/#website\",\"url\":\"https:\/\/www.uhl-menu.com\/fr\/\",\"name\":\"menu de Uhl\",\"description\":\"e fabricant de menus UHL, fond\u00e9 en 1982, s&#039;est donn\u00e9 d\u00e8s ses d\u00e9buts pour mission de se sp\u00e9cialiser dans les menus et les cartes des vins.\",\"publisher\":{\"@id\":\"https:\/\/www.uhl-menu.com\/fr\/#organization\"},\"potentialAction\":[{\"@type\":\"SearchAction\",\"target\":{\"@type\":\"EntryPoint\",\"urlTemplate\":\"https:\/\/www.uhl-menu.com\/fr\/?s={search_term_string}\"},\"query-input\":{\"@type\":\"PropertyValueSpecification\",\"valueRequired\":true,\"valueName\":\"search_term_string\"}}],\"inLanguage\":\"fr-FR\"},{\"@type\":\"Organization\",\"@id\":\"https:\/\/www.uhl-menu.com\/fr\/#organization\",\"name\":\"menu de Uhl\",\"url\":\"https:\/\/www.uhl-menu.com\/fr\/\",\"logo\":{\"@type\":\"ImageObject\",\"inLanguage\":\"fr-FR\",\"@id\":\"https:\/\/www.uhl-menu.com\/fr\/#\/schema\/logo\/image\/\",\"url\":\"https:\/\/www.uhl-menu.com\/wp-content\/uploads\/uhl-logo.png\",\"contentUrl\":\"https:\/\/www.uhl-menu.com\/wp-content\/uploads\/uhl-logo.png\",\"width\":66,\"height\":41,\"caption\":\"menu de Uhl\"},\"image\":{\"@id\":\"https:\/\/www.uhl-menu.com\/fr\/#\/schema\/logo\/image\/\"},\"sameAs\":[\"https:\/\/www.facebook.com\/uhlspeisekarten\",\"https:\/\/www.youtube.com\/channel\/UCz6fCHDC_EvIaFfibirEF8A\/videos\"]}]}<\/script>\n<!-- \/ Yoast SEO plugin. -->","yoast_head_json":{"title":"\u1455\u2776\u1450 Applications - \u27a1\ufe0f menu de Uhl","description":"Uhl Menu offre un large choix de menus de nourriture et de boissons pour tous les domaines d'application. Que ce soit pour les restaurants, les bars, les caf\u00e9s ou les h\u00f4tels, nous avons le menu qu'il vous faut.","robots":{"index":"index","follow":"follow","max-snippet":"max-snippet:-1","max-image-preview":"max-image-preview:large","max-video-preview":"max-video-preview:-1"},"canonical":"https:\/\/www.uhl-menu.com\/fr\/applications-2\/","og_locale":"fr_FR","og_type":"article","og_title":"\u1455\u2776\u1450 Applications - \u27a1\ufe0f menu de Uhl","og_description":"Uhl Menu offre un large choix de menus de nourriture et de boissons pour tous les domaines d'application. Que ce soit pour les restaurants, les bars, les caf\u00e9s ou les h\u00f4tels, nous avons le menu qu'il vous faut.","og_url":"https:\/\/www.uhl-menu.com\/fr\/applications-2\/","og_site_name":"menu de Uhl","article_publisher":"https:\/\/www.facebook.com\/uhlspeisekarten","article_modified_time":"2025-03-19T08:44:17+00:00","twitter_card":"summary_large_image","schema":{"@context":"https:\/\/schema.org","@graph":[{"@type":"WebPage","@id":"https:\/\/www.uhl-menu.com\/fr\/applications-2\/","url":"https:\/\/www.uhl-menu.com\/fr\/applications-2\/","name":"\u1455\u2776\u1450 Applications - \u27a1\ufe0f menu de Uhl","isPartOf":{"@id":"https:\/\/www.uhl-menu.com\/fr\/#website"},"datePublished":"2022-10-11T13:09:49+00:00","dateModified":"2025-03-19T08:44:17+00:00","description":"Uhl Menu offre un large choix de menus de nourriture et de boissons pour tous les domaines d'application. Que ce soit pour les restaurants, les bars, les caf\u00e9s ou les h\u00f4tels, nous avons le menu qu'il vous faut.","breadcrumb":{"@id":"https:\/\/www.uhl-menu.com\/fr\/applications-2\/#breadcrumb"},"inLanguage":"fr-FR","potentialAction":[{"@type":"ReadAction","target":["https:\/\/www.uhl-menu.com\/fr\/applications-2\/"]}]},{"@type":"BreadcrumbList","@id":"https:\/\/www.uhl-menu.com\/fr\/applications-2\/#breadcrumb","itemListElement":[{"@type":"ListItem","position":1,"name":"Startseite","item":"https:\/\/www.uhl-menu.com\/fr\/"},{"@type":"ListItem","position":2,"name":"Applications"}]},{"@type":"WebSite","@id":"https:\/\/www.uhl-menu.com\/fr\/#website","url":"https:\/\/www.uhl-menu.com\/fr\/","name":"menu de Uhl","description":"e fabricant de menus UHL, fond\u00e9 en 1982, s&#039;est donn\u00e9 d\u00e8s ses d\u00e9buts pour mission de se sp\u00e9cialiser dans les menus et les cartes des vins.","publisher":{"@id":"https:\/\/www.uhl-menu.com\/fr\/#organization"},"potentialAction":[{"@type":"SearchAction","target":{"@type":"EntryPoint","urlTemplate":"https:\/\/www.uhl-menu.com\/fr\/?s={search_term_string}"},"query-input":{"@type":"PropertyValueSpecification","valueRequired":true,"valueName":"search_term_string"}}],"inLanguage":"fr-FR"},{"@type":"Organization","@id":"https:\/\/www.uhl-menu.com\/fr\/#organization","name":"menu de Uhl","url":"https:\/\/www.uhl-menu.com\/fr\/","logo":{"@type":"ImageObject","inLanguage":"fr-FR","@id":"https:\/\/www.uhl-menu.com\/fr\/#\/schema\/logo\/image\/","url":"https:\/\/www.uhl-menu.com\/wp-content\/uploads\/uhl-logo.png","contentUrl":"https:\/\/www.uhl-menu.com\/wp-content\/uploads\/uhl-logo.png","width":66,"height":41,"caption":"menu de Uhl"},"image":{"@id":"https:\/\/www.uhl-menu.com\/fr\/#\/schema\/logo\/image\/"},"sameAs":["https:\/\/www.facebook.com\/uhlspeisekarten","https:\/\/www.youtube.com\/channel\/UCz6fCHDC_EvIaFfibirEF8A\/videos"]}]}},"_links":{"self":[{"href":"https:\/\/www.uhl-menu.com\/fr\/wp-json\/wp\/v2\/pages\/55762","targetHints":{"allow":["GET"]}}],"collection":[{"href":"https:\/\/www.uhl-menu.com\/fr\/wp-json\/wp\/v2\/pages"}],"about":[{"href":"https:\/\/www.uhl-menu.com\/fr\/wp-json\/wp\/v2\/types\/page"}],"author":[{"embeddable":true,"href":"https:\/\/www.uhl-menu.com\/fr\/wp-json\/wp\/v2\/users\/1"}],"replies":[{"embeddable":true,"href":"https:\/\/www.uhl-menu.com\/fr\/wp-json\/wp\/v2\/comments?post=55762"}],"version-history":[{"count":1,"href":"https:\/\/www.uhl-menu.com\/fr\/wp-json\/wp\/v2\/pages\/55762\/revisions"}],"predecessor-version":[{"id":55768,"href":"https:\/\/www.uhl-menu.com\/fr\/wp-json\/wp\/v2\/pages\/55762\/revisions\/55768"}],"wp:attachment":[{"href":"https:\/\/www.uhl-menu.com\/fr\/wp-json\/wp\/v2\/media?parent=55762"}],"curies":[{"name":"wp","href":"https:\/\/api.w.org\/{rel}","templated":true}]}}