{"id":48122,"date":"2021-11-25T11:29:24","date_gmt":"2021-11-25T10:29:24","guid":{"rendered":"https:\/\/www.uhl-menu.com\/produkt\/magic\/"},"modified":"2025-03-19T09:45:52","modified_gmt":"2025-03-19T08:45:52","slug":"magic","status":"publish","type":"product","link":"https:\/\/www.uhl-menu.com\/fr\/produkt\/magic\/","title":{"rendered":"Magic"},"content":{"rendered":"<p>Le d\u00e9veloppement de syst\u00e8mes \u00e9l\u00e9gants de la maison UHL. Le syst\u00e8me interchangeable Magic, particuli\u00e8rement esth\u00e9tique, est associ\u00e9 \u00e0 des mat\u00e9riaux de haute qualit\u00e9. Deux slots longitudinaux en lin de haute qualit\u00e9, qui servent \u00e0 la fois de support pour la feuille et de zone de pr\u00e9hension.  <\/p>\n<p>Les diff\u00e9rentes parties int\u00e9rieures sont reli\u00e9es par des charni\u00e8res en lin ind\u00e9chirables. La couverture de la carte est fabriqu\u00e9e \u00e0 partir de mat\u00e9riaux r\u00e9sistants de haute qualit\u00e9 tels que le lin, le synth\u00e9tique, le similicuir ou le cuir v\u00e9ritable, et est surpiqu\u00e9e sur le bord avec une couture d\u00e9corative si vous le souhaitez. <\/p>\n","protected":false},"excerpt":{"rendered":"<p>Le d\u00e9veloppement de syst\u00e8mes \u00e9l\u00e9gants de la maison UHL. Le syst\u00e8me interchangeable Magic, particuli\u00e8rement esth\u00e9tique, est associ\u00e9 \u00e0 des mat\u00e9riaux de haute qualit\u00e9. Deux slots longitudinaux en lin de haute qualit\u00e9, qui servent \u00e0 la fois de support pour la feuille et de zone de pr\u00e9hension. Les diff\u00e9rentes parties int\u00e9rieures sont reli\u00e9es par des charni\u00e8res [&hellip;]<\/p>\n","protected":false},"featured_media":47602,"template":"","meta":{"_acf_changed":false},"product_brand":[],"product_cat":[1009,960,1044,964,963,962,961,965,967,959,1046,1045,968],"product_tag":[],"class_list":{"0":"post-48122","1":"product","2":"type-product","3":"status-publish","4":"has-post-thumbnail","6":"product_cat-cartes-des-vins","7":"product_cat-couverture-rigide","8":"product_cat-couverture-souple","9":"product_cat-cuir-synthetique","10":"product_cat-cuir-veritable","11":"product_cat-hydrophobe","12":"product_cat-insensible-aux-graisses","13":"product_cat-lin","14":"product_cat-materiau-synthetique","15":"product_cat-menus-fr","16":"product_cat-multi-facettes","17":"product_cat-presentoir-de-table-en-carton","18":"product_cat-relie","19":"pa_format-format-souhaite","20":"pa_format-pour-a4-paysage","21":"pa_format-pour-a4-portrait","22":"pa_format-pour-a5-paysage","23":"pa_format-pour-a5-vertical","24":"pa_format-pour-a6-vertical","25":"pa_format-pour-din-long","26":"tm-has-options","28":"first","29":"instock","30":"taxable","31":"shipping-taxable","32":"purchasable","33":"product-type-variable"},"acf":[],"yoast_head":"<!-- This site is optimized with the Yoast SEO plugin v26.0 - https:\/\/yoast.com\/wordpress\/plugins\/seo\/ -->\n<title>Magic \u00bb Porte-menus avec syst\u00e8me interchangeable Magic - menu de Uhl<\/title>\n<meta name=\"robots\" content=\"index, follow, max-snippet:-1, max-image-preview:large, max-video-preview:-1\" \/>\n<link rel=\"canonical\" href=\"https:\/\/www.uhl-menu.com\/fr\/produkt\/magic\/\" \/>\n<meta property=\"og:locale\" content=\"fr_FR\" \/>\n<meta property=\"og:type\" content=\"article\" \/>\n<meta property=\"og:title\" content=\"Magic \u00bb Porte-menus avec syst\u00e8me interchangeable Magic - menu de Uhl\" \/>\n<meta property=\"og:description\" content=\"Le d\u00e9veloppement de syst\u00e8mes \u00e9l\u00e9gants de la maison UHL. Le syst\u00e8me interchangeable Magic, particuli\u00e8rement esth\u00e9tique, est associ\u00e9 \u00e0 des mat\u00e9riaux de haute qualit\u00e9. Deux slots longitudinaux en lin de haute qualit\u00e9, qui servent \u00e0 la fois de support pour la feuille et de zone de pr\u00e9hension. Les diff\u00e9rentes parties int\u00e9rieures sont reli\u00e9es par des charni\u00e8res [&hellip;]\" \/>\n<meta property=\"og:url\" content=\"https:\/\/www.uhl-menu.com\/fr\/produkt\/magic\/\" \/>\n<meta property=\"og:site_name\" content=\"menu de Uhl\" \/>\n<meta property=\"article:publisher\" content=\"https:\/\/www.facebook.com\/uhlspeisekarten\" \/>\n<meta property=\"article:modified_time\" content=\"2025-03-19T08:45:52+00:00\" \/>\n<meta property=\"og:image\" content=\"https:\/\/www.uhl-menu.com\/wp-content\/uploads\/.\/magic-speisekarten-mappen-mit-wechselsystem.png\" \/>\n\t<meta property=\"og:image:width\" content=\"1600\" \/>\n\t<meta property=\"og:image:height\" content=\"1125\" \/>\n\t<meta property=\"og:image:type\" content=\"image\/png\" \/>\n<meta name=\"twitter:card\" content=\"summary_large_image\" \/>\n<meta name=\"twitter:label1\" content=\"Dur\u00e9e de lecture estim\u00e9e\" \/>\n\t<meta name=\"twitter:data1\" content=\"1 minute\" \/>\n<script type=\"application\/ld+json\" class=\"yoast-schema-graph\">{\"@context\":\"https:\/\/schema.org\",\"@graph\":[{\"@type\":\"WebPage\",\"@id\":\"https:\/\/www.uhl-menu.com\/fr\/produkt\/magic\/\",\"url\":\"https:\/\/www.uhl-menu.com\/fr\/produkt\/magic\/\",\"name\":\"Magic \u00bb Porte-menus avec syst\u00e8me interchangeable Magic - menu de Uhl\",\"isPartOf\":{\"@id\":\"https:\/\/www.uhl-menu.com\/fr\/#website\"},\"primaryImageOfPage\":{\"@id\":\"https:\/\/www.uhl-menu.com\/fr\/produkt\/magic\/#primaryimage\"},\"image\":{\"@id\":\"https:\/\/www.uhl-menu.com\/fr\/produkt\/magic\/#primaryimage\"},\"thumbnailUrl\":\"https:\/\/www.uhl-menu.com\/wp-content\/uploads\/.\/magic-speisekarten-mappen-mit-wechselsystem.png\",\"datePublished\":\"2021-11-25T10:29:24+00:00\",\"dateModified\":\"2025-03-19T08:45:52+00:00\",\"breadcrumb\":{\"@id\":\"https:\/\/www.uhl-menu.com\/fr\/produkt\/magic\/#breadcrumb\"},\"inLanguage\":\"fr-FR\",\"potentialAction\":[{\"@type\":\"ReadAction\",\"target\":[\"https:\/\/www.uhl-menu.com\/fr\/produkt\/magic\/\"]}]},{\"@type\":\"ImageObject\",\"inLanguage\":\"fr-FR\",\"@id\":\"https:\/\/www.uhl-menu.com\/fr\/produkt\/magic\/#primaryimage\",\"url\":\"https:\/\/www.uhl-menu.com\/wp-content\/uploads\/.\/magic-speisekarten-mappen-mit-wechselsystem.png\",\"contentUrl\":\"https:\/\/www.uhl-menu.com\/wp-content\/uploads\/.\/magic-speisekarten-mappen-mit-wechselsystem.png\",\"width\":1600,\"height\":1125,\"caption\":\"Chemise pour menus avec syst\u00e8me interchangeable pratique\"},{\"@type\":\"BreadcrumbList\",\"@id\":\"https:\/\/www.uhl-menu.com\/fr\/produkt\/magic\/#breadcrumb\",\"itemListElement\":[{\"@type\":\"ListItem\",\"position\":1,\"name\":\"Startseite\",\"item\":\"https:\/\/www.uhl-menu.com\/fr\/\"},{\"@type\":\"ListItem\",\"position\":2,\"name\":\"Boutique\",\"item\":\"https:\/\/www.uhl-menu.com\/fr\/boutique\/\"},{\"@type\":\"ListItem\",\"position\":3,\"name\":\"Magic\"}]},{\"@type\":\"WebSite\",\"@id\":\"https:\/\/www.uhl-menu.com\/fr\/#website\",\"url\":\"https:\/\/www.uhl-menu.com\/fr\/\",\"name\":\"menu de Uhl\",\"description\":\"e fabricant de menus UHL, fond\u00e9 en 1982, s&#039;est donn\u00e9 d\u00e8s ses d\u00e9buts pour mission de se sp\u00e9cialiser dans les menus et les cartes des vins.\",\"publisher\":{\"@id\":\"https:\/\/www.uhl-menu.com\/fr\/#organization\"},\"potentialAction\":[{\"@type\":\"SearchAction\",\"target\":{\"@type\":\"EntryPoint\",\"urlTemplate\":\"https:\/\/www.uhl-menu.com\/fr\/?s={search_term_string}\"},\"query-input\":{\"@type\":\"PropertyValueSpecification\",\"valueRequired\":true,\"valueName\":\"search_term_string\"}}],\"inLanguage\":\"fr-FR\"},{\"@type\":\"Organization\",\"@id\":\"https:\/\/www.uhl-menu.com\/fr\/#organization\",\"name\":\"menu de Uhl\",\"url\":\"https:\/\/www.uhl-menu.com\/fr\/\",\"logo\":{\"@type\":\"ImageObject\",\"inLanguage\":\"fr-FR\",\"@id\":\"https:\/\/www.uhl-menu.com\/fr\/#\/schema\/logo\/image\/\",\"url\":\"https:\/\/www.uhl-menu.com\/wp-content\/uploads\/uhl-logo.png\",\"contentUrl\":\"https:\/\/www.uhl-menu.com\/wp-content\/uploads\/uhl-logo.png\",\"width\":66,\"height\":41,\"caption\":\"menu de Uhl\"},\"image\":{\"@id\":\"https:\/\/www.uhl-menu.com\/fr\/#\/schema\/logo\/image\/\"},\"sameAs\":[\"https:\/\/www.facebook.com\/uhlspeisekarten\",\"https:\/\/www.youtube.com\/channel\/UCz6fCHDC_EvIaFfibirEF8A\/videos\"]}]}<\/script>\n<!-- \/ Yoast SEO plugin. -->","yoast_head_json":{"title":"Magic \u00bb Porte-menus avec syst\u00e8me interchangeable Magic - menu de Uhl","robots":{"index":"index","follow":"follow","max-snippet":"max-snippet:-1","max-image-preview":"max-image-preview:large","max-video-preview":"max-video-preview:-1"},"canonical":"https:\/\/www.uhl-menu.com\/fr\/produkt\/magic\/","og_locale":"fr_FR","og_type":"article","og_title":"Magic \u00bb Porte-menus avec syst\u00e8me interchangeable Magic - menu de Uhl","og_description":"Le d\u00e9veloppement de syst\u00e8mes \u00e9l\u00e9gants de la maison UHL. Le syst\u00e8me interchangeable Magic, particuli\u00e8rement esth\u00e9tique, est associ\u00e9 \u00e0 des mat\u00e9riaux de haute qualit\u00e9. Deux slots longitudinaux en lin de haute qualit\u00e9, qui servent \u00e0 la fois de support pour la feuille et de zone de pr\u00e9hension. Les diff\u00e9rentes parties int\u00e9rieures sont reli\u00e9es par des charni\u00e8res [&hellip;]","og_url":"https:\/\/www.uhl-menu.com\/fr\/produkt\/magic\/","og_site_name":"menu de Uhl","article_publisher":"https:\/\/www.facebook.com\/uhlspeisekarten","article_modified_time":"2025-03-19T08:45:52+00:00","og_image":[{"width":1600,"height":1125,"url":"https:\/\/www.uhl-menu.com\/wp-content\/uploads\/.\/magic-speisekarten-mappen-mit-wechselsystem.png","type":"image\/png"}],"twitter_card":"summary_large_image","twitter_misc":{"Dur\u00e9e de lecture estim\u00e9e":"1 minute"},"schema":{"@context":"https:\/\/schema.org","@graph":[{"@type":"WebPage","@id":"https:\/\/www.uhl-menu.com\/fr\/produkt\/magic\/","url":"https:\/\/www.uhl-menu.com\/fr\/produkt\/magic\/","name":"Magic \u00bb Porte-menus avec syst\u00e8me interchangeable Magic - menu de Uhl","isPartOf":{"@id":"https:\/\/www.uhl-menu.com\/fr\/#website"},"primaryImageOfPage":{"@id":"https:\/\/www.uhl-menu.com\/fr\/produkt\/magic\/#primaryimage"},"image":{"@id":"https:\/\/www.uhl-menu.com\/fr\/produkt\/magic\/#primaryimage"},"thumbnailUrl":"https:\/\/www.uhl-menu.com\/wp-content\/uploads\/.\/magic-speisekarten-mappen-mit-wechselsystem.png","datePublished":"2021-11-25T10:29:24+00:00","dateModified":"2025-03-19T08:45:52+00:00","breadcrumb":{"@id":"https:\/\/www.uhl-menu.com\/fr\/produkt\/magic\/#breadcrumb"},"inLanguage":"fr-FR","potentialAction":[{"@type":"ReadAction","target":["https:\/\/www.uhl-menu.com\/fr\/produkt\/magic\/"]}]},{"@type":"ImageObject","inLanguage":"fr-FR","@id":"https:\/\/www.uhl-menu.com\/fr\/produkt\/magic\/#primaryimage","url":"https:\/\/www.uhl-menu.com\/wp-content\/uploads\/.\/magic-speisekarten-mappen-mit-wechselsystem.png","contentUrl":"https:\/\/www.uhl-menu.com\/wp-content\/uploads\/.\/magic-speisekarten-mappen-mit-wechselsystem.png","width":1600,"height":1125,"caption":"Chemise pour menus avec syst\u00e8me interchangeable pratique"},{"@type":"BreadcrumbList","@id":"https:\/\/www.uhl-menu.com\/fr\/produkt\/magic\/#breadcrumb","itemListElement":[{"@type":"ListItem","position":1,"name":"Startseite","item":"https:\/\/www.uhl-menu.com\/fr\/"},{"@type":"ListItem","position":2,"name":"Boutique","item":"https:\/\/www.uhl-menu.com\/fr\/boutique\/"},{"@type":"ListItem","position":3,"name":"Magic"}]},{"@type":"WebSite","@id":"https:\/\/www.uhl-menu.com\/fr\/#website","url":"https:\/\/www.uhl-menu.com\/fr\/","name":"menu de Uhl","description":"e fabricant de menus UHL, fond\u00e9 en 1982, s&#039;est donn\u00e9 d\u00e8s ses d\u00e9buts pour mission de se sp\u00e9cialiser dans les menus et les cartes des vins.","publisher":{"@id":"https:\/\/www.uhl-menu.com\/fr\/#organization"},"potentialAction":[{"@type":"SearchAction","target":{"@type":"EntryPoint","urlTemplate":"https:\/\/www.uhl-menu.com\/fr\/?s={search_term_string}"},"query-input":{"@type":"PropertyValueSpecification","valueRequired":true,"valueName":"search_term_string"}}],"inLanguage":"fr-FR"},{"@type":"Organization","@id":"https:\/\/www.uhl-menu.com\/fr\/#organization","name":"menu de Uhl","url":"https:\/\/www.uhl-menu.com\/fr\/","logo":{"@type":"ImageObject","inLanguage":"fr-FR","@id":"https:\/\/www.uhl-menu.com\/fr\/#\/schema\/logo\/image\/","url":"https:\/\/www.uhl-menu.com\/wp-content\/uploads\/uhl-logo.png","contentUrl":"https:\/\/www.uhl-menu.com\/wp-content\/uploads\/uhl-logo.png","width":66,"height":41,"caption":"menu de Uhl"},"image":{"@id":"https:\/\/www.uhl-menu.com\/fr\/#\/schema\/logo\/image\/"},"sameAs":["https:\/\/www.facebook.com\/uhlspeisekarten","https:\/\/www.youtube.com\/channel\/UCz6fCHDC_EvIaFfibirEF8A\/videos"]}]}},"_links":{"self":[{"href":"https:\/\/www.uhl-menu.com\/fr\/wp-json\/wp\/v2\/product\/48122","targetHints":{"allow":["GET"]}}],"collection":[{"href":"https:\/\/www.uhl-menu.com\/fr\/wp-json\/wp\/v2\/product"}],"about":[{"href":"https:\/\/www.uhl-menu.com\/fr\/wp-json\/wp\/v2\/types\/product"}],"wp:featuredmedia":[{"embeddable":true,"href":"https:\/\/www.uhl-menu.com\/fr\/wp-json\/wp\/v2\/media\/47602"}],"wp:attachment":[{"href":"https:\/\/www.uhl-menu.com\/fr\/wp-json\/wp\/v2\/media?parent=48122"}],"wp:term":[{"taxonomy":"product_brand","embeddable":true,"href":"https:\/\/www.uhl-menu.com\/fr\/wp-json\/wp\/v2\/product_brand?post=48122"},{"taxonomy":"product_cat","embeddable":true,"href":"https:\/\/www.uhl-menu.com\/fr\/wp-json\/wp\/v2\/product_cat?post=48122"},{"taxonomy":"product_tag","embeddable":true,"href":"https:\/\/www.uhl-menu.com\/fr\/wp-json\/wp\/v2\/product_tag?post=48122"}],"curies":[{"name":"wp","href":"https:\/\/api.w.org\/{rel}","templated":true}]}}