{"id":48734,"date":"2021-11-25T12:35:01","date_gmt":"2021-11-25T11:35:01","guid":{"rendered":"https:\/\/www.uhl-menu.com\/produkt\/leading-foil\/"},"modified":"2025-03-19T09:45:48","modified_gmt":"2025-03-19T08:45:48","slug":"leading-foil","status":"publish","type":"product","link":"https:\/\/www.uhl-menu.com\/fr\/produkt\/leading-foil\/","title":{"rendered":"Leading Foil"},"content":{"rendered":"<p>La carte de menu ou la carte des vins Leading Foil fait partie des cartes reli\u00e9es et peut \u00eatre fabriqu\u00e9e avec autant de pages que souhait\u00e9. Comme pour le mod\u00e8le Leading, tous les bords de la couverture renforc\u00e9e et du miroir int\u00e9rieur sont ferm\u00e9s, ce qui signifie qu&#8217;il n&#8217;y a pas de bords coup\u00e9s o\u00f9 la salet\u00e9 ou l&#8217;humidit\u00e9 pourrait s&#8217;infiltrer. Toutefois, le miroir int\u00e9rieur de cette carte est \u00e9galement recouvert de notre tissu de lin de haute qualit\u00e9.  <\/p>\n<p>L&#8217;int\u00e9rieur de la carte est compos\u00e9 d&#8217;\u00e9l\u00e9ments en film rigide avec un passe-partout color\u00e9 en forme de fen\u00eatre, qui prot\u00e8gent parfaitement vos feuilles de menu. Les \u00e9l\u00e9ments de haute qualit\u00e9 sont reli\u00e9s par des charni\u00e8res en lin \u00e9troites et r\u00e9sistantes \u00e0 la d\u00e9chirure et ont un bord color\u00e9 tout autour, que nous proposons dans les couleurs cuivre, argent et cr\u00e8me. <\/p>\n","protected":false},"excerpt":{"rendered":"<p>La carte de menu ou la carte des vins Leading Foil fait partie des cartes reli\u00e9es et peut \u00eatre fabriqu\u00e9e avec autant de pages que souhait\u00e9. Comme pour le mod\u00e8le Leading, tous les bords de la couverture renforc\u00e9e et du miroir int\u00e9rieur sont ferm\u00e9s, ce qui signifie qu&#8217;il n&#8217;y a pas de bords coup\u00e9s o\u00f9 [&hellip;]<\/p>\n","protected":false},"featured_media":48736,"template":"","meta":{"_acf_changed":false},"product_brand":[],"product_cat":[1048,1009,960,964,963,1051,1049,962,961,965,967,959,1046,968],"product_tag":[],"class_list":{"0":"post-48734","1":"product","2":"type-product","3":"status-publish","4":"has-post-thumbnail","6":"product_cat-cartes-de-bar","7":"product_cat-cartes-des-vins","8":"product_cat-couverture-rigide","9":"product_cat-cuir-synthetique","10":"product_cat-cuir-veritable","11":"product_cat-exterieur","12":"product_cat-films-durs","13":"product_cat-hydrophobe","14":"product_cat-insensible-aux-graisses","15":"product_cat-lin","16":"product_cat-materiau-synthetique","17":"product_cat-menus-fr","18":"product_cat-multi-facettes","19":"product_cat-relie","20":"pa_format-pour-a4-portrait","21":"pa_format-pour-a5-vertical","22":"tm-has-options","24":"first","25":"instock","26":"taxable","27":"shipping-taxable","28":"purchasable","29":"product-type-variable"},"acf":[],"yoast_head":"<!-- This site is optimized with the Yoast SEO plugin v26.0 - https:\/\/yoast.com\/wordpress\/plugins\/seo\/ -->\n<title>Leading Foil \u00bb Carte de menu avec int\u00e9rieur en film rigide - menu de Uhl<\/title>\n<meta name=\"robots\" content=\"index, follow, max-snippet:-1, max-image-preview:large, max-video-preview:-1\" \/>\n<link rel=\"canonical\" href=\"https:\/\/www.uhl-menu.com\/fr\/produkt\/leading-foil\/\" \/>\n<meta property=\"og:locale\" content=\"fr_FR\" \/>\n<meta property=\"og:type\" content=\"article\" \/>\n<meta property=\"og:title\" content=\"Leading Foil \u00bb Carte de menu avec int\u00e9rieur en film rigide - menu de Uhl\" \/>\n<meta property=\"og:description\" content=\"La carte de menu ou la carte des vins Leading Foil fait partie des cartes reli\u00e9es et peut \u00eatre fabriqu\u00e9e avec autant de pages que souhait\u00e9. Comme pour le mod\u00e8le Leading, tous les bords de la couverture renforc\u00e9e et du miroir int\u00e9rieur sont ferm\u00e9s, ce qui signifie qu&#8217;il n&#8217;y a pas de bords coup\u00e9s o\u00f9 [&hellip;]\" \/>\n<meta property=\"og:url\" content=\"https:\/\/www.uhl-menu.com\/fr\/produkt\/leading-foil\/\" \/>\n<meta property=\"og:site_name\" content=\"menu de Uhl\" \/>\n<meta property=\"article:publisher\" content=\"https:\/\/www.facebook.com\/uhlspeisekarten\" \/>\n<meta property=\"article:modified_time\" content=\"2025-03-19T08:45:48+00:00\" \/>\n<meta property=\"og:image\" content=\"https:\/\/www.uhl-menu.com\/wp-content\/uploads\/leading-foil-speisekarte-mit-festem-folien-innenteil.png\" \/>\n\t<meta property=\"og:image:width\" content=\"1600\" \/>\n\t<meta property=\"og:image:height\" content=\"1125\" \/>\n\t<meta property=\"og:image:type\" content=\"image\/png\" \/>\n<meta name=\"twitter:card\" content=\"summary_large_image\" \/>\n<meta name=\"twitter:label1\" content=\"Dur\u00e9e de lecture estim\u00e9e\" \/>\n\t<meta name=\"twitter:data1\" content=\"1 minute\" \/>\n<script type=\"application\/ld+json\" class=\"yoast-schema-graph\">{\"@context\":\"https:\/\/schema.org\",\"@graph\":[{\"@type\":\"WebPage\",\"@id\":\"https:\/\/www.uhl-menu.com\/fr\/produkt\/leading-foil\/\",\"url\":\"https:\/\/www.uhl-menu.com\/fr\/produkt\/leading-foil\/\",\"name\":\"Leading Foil \u00bb Carte de menu avec int\u00e9rieur en film rigide - menu de Uhl\",\"isPartOf\":{\"@id\":\"https:\/\/www.uhl-menu.com\/fr\/#website\"},\"primaryImageOfPage\":{\"@id\":\"https:\/\/www.uhl-menu.com\/fr\/produkt\/leading-foil\/#primaryimage\"},\"image\":{\"@id\":\"https:\/\/www.uhl-menu.com\/fr\/produkt\/leading-foil\/#primaryimage\"},\"thumbnailUrl\":\"https:\/\/www.uhl-menu.com\/wp-content\/uploads\/leading-foil-speisekarte-mit-festem-folien-innenteil.png\",\"datePublished\":\"2021-11-25T11:35:01+00:00\",\"dateModified\":\"2025-03-19T08:45:48+00:00\",\"breadcrumb\":{\"@id\":\"https:\/\/www.uhl-menu.com\/fr\/produkt\/leading-foil\/#breadcrumb\"},\"inLanguage\":\"fr-FR\",\"potentialAction\":[{\"@type\":\"ReadAction\",\"target\":[\"https:\/\/www.uhl-menu.com\/fr\/produkt\/leading-foil\/\"]}]},{\"@type\":\"ImageObject\",\"inLanguage\":\"fr-FR\",\"@id\":\"https:\/\/www.uhl-menu.com\/fr\/produkt\/leading-foil\/#primaryimage\",\"url\":\"https:\/\/www.uhl-menu.com\/wp-content\/uploads\/leading-foil-speisekarte-mit-festem-folien-innenteil.png\",\"contentUrl\":\"https:\/\/www.uhl-menu.com\/wp-content\/uploads\/leading-foil-speisekarte-mit-festem-folien-innenteil.png\",\"width\":1600,\"height\":1125},{\"@type\":\"BreadcrumbList\",\"@id\":\"https:\/\/www.uhl-menu.com\/fr\/produkt\/leading-foil\/#breadcrumb\",\"itemListElement\":[{\"@type\":\"ListItem\",\"position\":1,\"name\":\"Startseite\",\"item\":\"https:\/\/www.uhl-menu.com\/fr\/\"},{\"@type\":\"ListItem\",\"position\":2,\"name\":\"Boutique\",\"item\":\"https:\/\/www.uhl-menu.com\/fr\/boutique\/\"},{\"@type\":\"ListItem\",\"position\":3,\"name\":\"Leading Foil\"}]},{\"@type\":\"WebSite\",\"@id\":\"https:\/\/www.uhl-menu.com\/fr\/#website\",\"url\":\"https:\/\/www.uhl-menu.com\/fr\/\",\"name\":\"menu de Uhl\",\"description\":\"e fabricant de menus UHL, fond\u00e9 en 1982, s&#039;est donn\u00e9 d\u00e8s ses d\u00e9buts pour mission de se sp\u00e9cialiser dans les menus et les cartes des vins.\",\"publisher\":{\"@id\":\"https:\/\/www.uhl-menu.com\/fr\/#organization\"},\"potentialAction\":[{\"@type\":\"SearchAction\",\"target\":{\"@type\":\"EntryPoint\",\"urlTemplate\":\"https:\/\/www.uhl-menu.com\/fr\/?s={search_term_string}\"},\"query-input\":{\"@type\":\"PropertyValueSpecification\",\"valueRequired\":true,\"valueName\":\"search_term_string\"}}],\"inLanguage\":\"fr-FR\"},{\"@type\":\"Organization\",\"@id\":\"https:\/\/www.uhl-menu.com\/fr\/#organization\",\"name\":\"menu de Uhl\",\"url\":\"https:\/\/www.uhl-menu.com\/fr\/\",\"logo\":{\"@type\":\"ImageObject\",\"inLanguage\":\"fr-FR\",\"@id\":\"https:\/\/www.uhl-menu.com\/fr\/#\/schema\/logo\/image\/\",\"url\":\"https:\/\/www.uhl-menu.com\/wp-content\/uploads\/uhl-logo.png\",\"contentUrl\":\"https:\/\/www.uhl-menu.com\/wp-content\/uploads\/uhl-logo.png\",\"width\":66,\"height\":41,\"caption\":\"menu de Uhl\"},\"image\":{\"@id\":\"https:\/\/www.uhl-menu.com\/fr\/#\/schema\/logo\/image\/\"},\"sameAs\":[\"https:\/\/www.facebook.com\/uhlspeisekarten\",\"https:\/\/www.youtube.com\/channel\/UCz6fCHDC_EvIaFfibirEF8A\/videos\"]}]}<\/script>\n<!-- \/ Yoast SEO plugin. -->","yoast_head_json":{"title":"Leading Foil \u00bb Carte de menu avec int\u00e9rieur en film rigide - menu de Uhl","robots":{"index":"index","follow":"follow","max-snippet":"max-snippet:-1","max-image-preview":"max-image-preview:large","max-video-preview":"max-video-preview:-1"},"canonical":"https:\/\/www.uhl-menu.com\/fr\/produkt\/leading-foil\/","og_locale":"fr_FR","og_type":"article","og_title":"Leading Foil \u00bb Carte de menu avec int\u00e9rieur en film rigide - menu de Uhl","og_description":"La carte de menu ou la carte des vins Leading Foil fait partie des cartes reli\u00e9es et peut \u00eatre fabriqu\u00e9e avec autant de pages que souhait\u00e9. Comme pour le mod\u00e8le Leading, tous les bords de la couverture renforc\u00e9e et du miroir int\u00e9rieur sont ferm\u00e9s, ce qui signifie qu&#8217;il n&#8217;y a pas de bords coup\u00e9s o\u00f9 [&hellip;]","og_url":"https:\/\/www.uhl-menu.com\/fr\/produkt\/leading-foil\/","og_site_name":"menu de Uhl","article_publisher":"https:\/\/www.facebook.com\/uhlspeisekarten","article_modified_time":"2025-03-19T08:45:48+00:00","og_image":[{"width":1600,"height":1125,"url":"https:\/\/www.uhl-menu.com\/wp-content\/uploads\/leading-foil-speisekarte-mit-festem-folien-innenteil.png","type":"image\/png"}],"twitter_card":"summary_large_image","twitter_misc":{"Dur\u00e9e de lecture estim\u00e9e":"1 minute"},"schema":{"@context":"https:\/\/schema.org","@graph":[{"@type":"WebPage","@id":"https:\/\/www.uhl-menu.com\/fr\/produkt\/leading-foil\/","url":"https:\/\/www.uhl-menu.com\/fr\/produkt\/leading-foil\/","name":"Leading Foil \u00bb Carte de menu avec int\u00e9rieur en film rigide - menu de Uhl","isPartOf":{"@id":"https:\/\/www.uhl-menu.com\/fr\/#website"},"primaryImageOfPage":{"@id":"https:\/\/www.uhl-menu.com\/fr\/produkt\/leading-foil\/#primaryimage"},"image":{"@id":"https:\/\/www.uhl-menu.com\/fr\/produkt\/leading-foil\/#primaryimage"},"thumbnailUrl":"https:\/\/www.uhl-menu.com\/wp-content\/uploads\/leading-foil-speisekarte-mit-festem-folien-innenteil.png","datePublished":"2021-11-25T11:35:01+00:00","dateModified":"2025-03-19T08:45:48+00:00","breadcrumb":{"@id":"https:\/\/www.uhl-menu.com\/fr\/produkt\/leading-foil\/#breadcrumb"},"inLanguage":"fr-FR","potentialAction":[{"@type":"ReadAction","target":["https:\/\/www.uhl-menu.com\/fr\/produkt\/leading-foil\/"]}]},{"@type":"ImageObject","inLanguage":"fr-FR","@id":"https:\/\/www.uhl-menu.com\/fr\/produkt\/leading-foil\/#primaryimage","url":"https:\/\/www.uhl-menu.com\/wp-content\/uploads\/leading-foil-speisekarte-mit-festem-folien-innenteil.png","contentUrl":"https:\/\/www.uhl-menu.com\/wp-content\/uploads\/leading-foil-speisekarte-mit-festem-folien-innenteil.png","width":1600,"height":1125},{"@type":"BreadcrumbList","@id":"https:\/\/www.uhl-menu.com\/fr\/produkt\/leading-foil\/#breadcrumb","itemListElement":[{"@type":"ListItem","position":1,"name":"Startseite","item":"https:\/\/www.uhl-menu.com\/fr\/"},{"@type":"ListItem","position":2,"name":"Boutique","item":"https:\/\/www.uhl-menu.com\/fr\/boutique\/"},{"@type":"ListItem","position":3,"name":"Leading Foil"}]},{"@type":"WebSite","@id":"https:\/\/www.uhl-menu.com\/fr\/#website","url":"https:\/\/www.uhl-menu.com\/fr\/","name":"menu de Uhl","description":"e fabricant de menus UHL, fond\u00e9 en 1982, s&#039;est donn\u00e9 d\u00e8s ses d\u00e9buts pour mission de se sp\u00e9cialiser dans les menus et les cartes des vins.","publisher":{"@id":"https:\/\/www.uhl-menu.com\/fr\/#organization"},"potentialAction":[{"@type":"SearchAction","target":{"@type":"EntryPoint","urlTemplate":"https:\/\/www.uhl-menu.com\/fr\/?s={search_term_string}"},"query-input":{"@type":"PropertyValueSpecification","valueRequired":true,"valueName":"search_term_string"}}],"inLanguage":"fr-FR"},{"@type":"Organization","@id":"https:\/\/www.uhl-menu.com\/fr\/#organization","name":"menu de Uhl","url":"https:\/\/www.uhl-menu.com\/fr\/","logo":{"@type":"ImageObject","inLanguage":"fr-FR","@id":"https:\/\/www.uhl-menu.com\/fr\/#\/schema\/logo\/image\/","url":"https:\/\/www.uhl-menu.com\/wp-content\/uploads\/uhl-logo.png","contentUrl":"https:\/\/www.uhl-menu.com\/wp-content\/uploads\/uhl-logo.png","width":66,"height":41,"caption":"menu de Uhl"},"image":{"@id":"https:\/\/www.uhl-menu.com\/fr\/#\/schema\/logo\/image\/"},"sameAs":["https:\/\/www.facebook.com\/uhlspeisekarten","https:\/\/www.youtube.com\/channel\/UCz6fCHDC_EvIaFfibirEF8A\/videos"]}]}},"_links":{"self":[{"href":"https:\/\/www.uhl-menu.com\/fr\/wp-json\/wp\/v2\/product\/48734","targetHints":{"allow":["GET"]}}],"collection":[{"href":"https:\/\/www.uhl-menu.com\/fr\/wp-json\/wp\/v2\/product"}],"about":[{"href":"https:\/\/www.uhl-menu.com\/fr\/wp-json\/wp\/v2\/types\/product"}],"wp:featuredmedia":[{"embeddable":true,"href":"https:\/\/www.uhl-menu.com\/fr\/wp-json\/wp\/v2\/media\/48736"}],"wp:attachment":[{"href":"https:\/\/www.uhl-menu.com\/fr\/wp-json\/wp\/v2\/media?parent=48734"}],"wp:term":[{"taxonomy":"product_brand","embeddable":true,"href":"https:\/\/www.uhl-menu.com\/fr\/wp-json\/wp\/v2\/product_brand?post=48734"},{"taxonomy":"product_cat","embeddable":true,"href":"https:\/\/www.uhl-menu.com\/fr\/wp-json\/wp\/v2\/product_cat?post=48734"},{"taxonomy":"product_tag","embeddable":true,"href":"https:\/\/www.uhl-menu.com\/fr\/wp-json\/wp\/v2\/product_tag?post=48734"}],"curies":[{"name":"wp","href":"https:\/\/api.w.org\/{rel}","templated":true}]}}