{"id":49032,"date":"2021-11-25T12:39:20","date_gmt":"2021-11-25T11:39:20","guid":{"rendered":"https:\/\/www.uhl-menu.com\/produkt\/leading\/"},"modified":"2025-03-19T09:45:47","modified_gmt":"2025-03-19T08:45:47","slug":"leading","status":"publish","type":"product","link":"https:\/\/www.uhl-menu.com\/fr\/produkt\/leading\/","title":{"rendered":"Leading"},"content":{"rendered":"<p>La carte de menu Leading est le chef-d&#8217;\u0153uvre de la manufacture UHL : elle allie la plus grande pr\u00e9cision de fabrication \u00e0 la plus grande r\u00e9sistance possible pour un design s\u00e9duisant. La carte r\u00e9pond ainsi aux exigences les plus strictes, tant en termes de fonctionnalit\u00e9 que d&#8217;esth\u00e9tique ! <\/p>\n<p>Le menu Leading fait partie des cartes reli\u00e9es avec un \u00e9l\u00e9ment int\u00e9rieur fixe et est fabriqu\u00e9 avec autant d&#8217;\u00e9l\u00e9ments que vous le souhaitez. Chaque \u00e9l\u00e9ment int\u00e9rieur peut contenir deux pages d&#8217;offre, le nombre d&#8217;\u00e9l\u00e9ments \u00e9tant d\u00e9termin\u00e9 par vos soins lors de la commande. Tous les bords de la couverture renforc\u00e9e et du miroir int\u00e9rieur sont ferm\u00e9s et les \u00e9l\u00e9ments lat\u00e9raux sont reli\u00e9s par une bande de tissu ind\u00e9chirable. Toutes les surfaces sont robustes et faciles \u00e0 entretenir.   <\/p>\n<p>Leading offre un nombre illimit\u00e9 de possibilit\u00e9s d&#8217;insertion et est \u00e9galement disponible dans un format personnalis\u00e9 sur demande.<\/p>\n","protected":false},"excerpt":{"rendered":"<p>La carte de menu Leading est le chef-d&#8217;\u0153uvre de la manufacture UHL : elle allie la plus grande pr\u00e9cision de fabrication \u00e0 la plus grande r\u00e9sistance possible pour un design s\u00e9duisant. La carte r\u00e9pond ainsi aux exigences les plus strictes, tant en termes de fonctionnalit\u00e9 que d&#8217;esth\u00e9tique ! Le menu Leading fait partie des cartes [&hellip;]<\/p>\n","protected":false},"featured_media":49084,"template":"","meta":{"_acf_changed":false},"product_brand":[],"product_cat":[1048,1009,960,964,963,962,961,965,967,959,1046,968],"product_tag":[],"class_list":{"0":"post-49032","1":"product","2":"type-product","3":"status-publish","4":"has-post-thumbnail","6":"product_cat-cartes-de-bar","7":"product_cat-cartes-des-vins","8":"product_cat-couverture-rigide","9":"product_cat-cuir-synthetique","10":"product_cat-cuir-veritable","11":"product_cat-hydrophobe","12":"product_cat-insensible-aux-graisses","13":"product_cat-lin","14":"product_cat-materiau-synthetique","15":"product_cat-menus-fr","16":"product_cat-multi-facettes","17":"product_cat-relie","18":"pa_format-format-souhaite","19":"pa_format-pour-a3-vertical","20":"pa_format-pour-a4-portrait","21":"pa_format-pour-a5-vertical","22":"pa_format-pour-a6-vertical","23":"pa_format-pour-din-long","24":"tm-has-options","26":"first","27":"instock","28":"taxable","29":"shipping-taxable","30":"purchasable","31":"product-type-variable"},"acf":[],"yoast_head":"<!-- This site is optimized with the Yoast SEO plugin v26.0 - https:\/\/yoast.com\/wordpress\/plugins\/seo\/ -->\n<title>Leading \u00bb Portefeuille de menus premium de haute qualit\u00e9 - menu de Uhl<\/title>\n<meta name=\"robots\" content=\"index, follow, max-snippet:-1, max-image-preview:large, max-video-preview:-1\" \/>\n<link rel=\"canonical\" href=\"https:\/\/www.uhl-menu.com\/fr\/produkt\/leading\/\" \/>\n<meta property=\"og:locale\" content=\"fr_FR\" \/>\n<meta property=\"og:type\" content=\"article\" \/>\n<meta property=\"og:title\" content=\"Leading \u00bb Portefeuille de menus premium de haute qualit\u00e9 - menu de Uhl\" \/>\n<meta property=\"og:description\" content=\"La carte de menu Leading est le chef-d&#8217;\u0153uvre de la manufacture UHL : elle allie la plus grande pr\u00e9cision de fabrication \u00e0 la plus grande r\u00e9sistance possible pour un design s\u00e9duisant. La carte r\u00e9pond ainsi aux exigences les plus strictes, tant en termes de fonctionnalit\u00e9 que d&#8217;esth\u00e9tique ! Le menu Leading fait partie des cartes [&hellip;]\" \/>\n<meta property=\"og:url\" content=\"https:\/\/www.uhl-menu.com\/fr\/produkt\/leading\/\" \/>\n<meta property=\"og:site_name\" content=\"menu de Uhl\" \/>\n<meta property=\"article:publisher\" content=\"https:\/\/www.facebook.com\/uhlspeisekarten\" \/>\n<meta property=\"article:modified_time\" content=\"2025-03-19T08:45:47+00:00\" \/>\n<meta property=\"og:image\" content=\"https:\/\/www.uhl-menu.com\/wp-content\/uploads\/leading-hochwertige-premium-speisekarten-mappe.png\" \/>\n\t<meta property=\"og:image:width\" content=\"1600\" \/>\n\t<meta property=\"og:image:height\" content=\"1125\" \/>\n\t<meta property=\"og:image:type\" content=\"image\/png\" \/>\n<meta name=\"twitter:card\" content=\"summary_large_image\" \/>\n<meta name=\"twitter:label1\" content=\"Dur\u00e9e de lecture estim\u00e9e\" \/>\n\t<meta name=\"twitter:data1\" content=\"1 minute\" \/>\n<script type=\"application\/ld+json\" class=\"yoast-schema-graph\">{\"@context\":\"https:\/\/schema.org\",\"@graph\":[{\"@type\":\"WebPage\",\"@id\":\"https:\/\/www.uhl-menu.com\/fr\/produkt\/leading\/\",\"url\":\"https:\/\/www.uhl-menu.com\/fr\/produkt\/leading\/\",\"name\":\"Leading \u00bb Portefeuille de menus premium de haute qualit\u00e9 - menu de Uhl\",\"isPartOf\":{\"@id\":\"https:\/\/www.uhl-menu.com\/fr\/#website\"},\"primaryImageOfPage\":{\"@id\":\"https:\/\/www.uhl-menu.com\/fr\/produkt\/leading\/#primaryimage\"},\"image\":{\"@id\":\"https:\/\/www.uhl-menu.com\/fr\/produkt\/leading\/#primaryimage\"},\"thumbnailUrl\":\"https:\/\/www.uhl-menu.com\/wp-content\/uploads\/leading-hochwertige-premium-speisekarten-mappe.png\",\"datePublished\":\"2021-11-25T11:39:20+00:00\",\"dateModified\":\"2025-03-19T08:45:47+00:00\",\"breadcrumb\":{\"@id\":\"https:\/\/www.uhl-menu.com\/fr\/produkt\/leading\/#breadcrumb\"},\"inLanguage\":\"fr-FR\",\"potentialAction\":[{\"@type\":\"ReadAction\",\"target\":[\"https:\/\/www.uhl-menu.com\/fr\/produkt\/leading\/\"]}]},{\"@type\":\"ImageObject\",\"inLanguage\":\"fr-FR\",\"@id\":\"https:\/\/www.uhl-menu.com\/fr\/produkt\/leading\/#primaryimage\",\"url\":\"https:\/\/www.uhl-menu.com\/wp-content\/uploads\/leading-hochwertige-premium-speisekarten-mappe.png\",\"contentUrl\":\"https:\/\/www.uhl-menu.com\/wp-content\/uploads\/leading-hochwertige-premium-speisekarten-mappe.png\",\"width\":1600,\"height\":1125},{\"@type\":\"BreadcrumbList\",\"@id\":\"https:\/\/www.uhl-menu.com\/fr\/produkt\/leading\/#breadcrumb\",\"itemListElement\":[{\"@type\":\"ListItem\",\"position\":1,\"name\":\"Startseite\",\"item\":\"https:\/\/www.uhl-menu.com\/fr\/\"},{\"@type\":\"ListItem\",\"position\":2,\"name\":\"Boutique\",\"item\":\"https:\/\/www.uhl-menu.com\/fr\/boutique\/\"},{\"@type\":\"ListItem\",\"position\":3,\"name\":\"Leading\"}]},{\"@type\":\"WebSite\",\"@id\":\"https:\/\/www.uhl-menu.com\/fr\/#website\",\"url\":\"https:\/\/www.uhl-menu.com\/fr\/\",\"name\":\"menu de Uhl\",\"description\":\"e fabricant de menus UHL, fond\u00e9 en 1982, s&#039;est donn\u00e9 d\u00e8s ses d\u00e9buts pour mission de se sp\u00e9cialiser dans les menus et les cartes des vins.\",\"publisher\":{\"@id\":\"https:\/\/www.uhl-menu.com\/fr\/#organization\"},\"potentialAction\":[{\"@type\":\"SearchAction\",\"target\":{\"@type\":\"EntryPoint\",\"urlTemplate\":\"https:\/\/www.uhl-menu.com\/fr\/?s={search_term_string}\"},\"query-input\":{\"@type\":\"PropertyValueSpecification\",\"valueRequired\":true,\"valueName\":\"search_term_string\"}}],\"inLanguage\":\"fr-FR\"},{\"@type\":\"Organization\",\"@id\":\"https:\/\/www.uhl-menu.com\/fr\/#organization\",\"name\":\"menu de Uhl\",\"url\":\"https:\/\/www.uhl-menu.com\/fr\/\",\"logo\":{\"@type\":\"ImageObject\",\"inLanguage\":\"fr-FR\",\"@id\":\"https:\/\/www.uhl-menu.com\/fr\/#\/schema\/logo\/image\/\",\"url\":\"https:\/\/www.uhl-menu.com\/wp-content\/uploads\/uhl-logo.png\",\"contentUrl\":\"https:\/\/www.uhl-menu.com\/wp-content\/uploads\/uhl-logo.png\",\"width\":66,\"height\":41,\"caption\":\"menu de Uhl\"},\"image\":{\"@id\":\"https:\/\/www.uhl-menu.com\/fr\/#\/schema\/logo\/image\/\"},\"sameAs\":[\"https:\/\/www.facebook.com\/uhlspeisekarten\",\"https:\/\/www.youtube.com\/channel\/UCz6fCHDC_EvIaFfibirEF8A\/videos\"]}]}<\/script>\n<!-- \/ Yoast SEO plugin. -->","yoast_head_json":{"title":"Leading \u00bb Portefeuille de menus premium de haute qualit\u00e9 - menu de Uhl","robots":{"index":"index","follow":"follow","max-snippet":"max-snippet:-1","max-image-preview":"max-image-preview:large","max-video-preview":"max-video-preview:-1"},"canonical":"https:\/\/www.uhl-menu.com\/fr\/produkt\/leading\/","og_locale":"fr_FR","og_type":"article","og_title":"Leading \u00bb Portefeuille de menus premium de haute qualit\u00e9 - menu de Uhl","og_description":"La carte de menu Leading est le chef-d&#8217;\u0153uvre de la manufacture UHL : elle allie la plus grande pr\u00e9cision de fabrication \u00e0 la plus grande r\u00e9sistance possible pour un design s\u00e9duisant. La carte r\u00e9pond ainsi aux exigences les plus strictes, tant en termes de fonctionnalit\u00e9 que d&#8217;esth\u00e9tique ! Le menu Leading fait partie des cartes [&hellip;]","og_url":"https:\/\/www.uhl-menu.com\/fr\/produkt\/leading\/","og_site_name":"menu de Uhl","article_publisher":"https:\/\/www.facebook.com\/uhlspeisekarten","article_modified_time":"2025-03-19T08:45:47+00:00","og_image":[{"width":1600,"height":1125,"url":"https:\/\/www.uhl-menu.com\/wp-content\/uploads\/leading-hochwertige-premium-speisekarten-mappe.png","type":"image\/png"}],"twitter_card":"summary_large_image","twitter_misc":{"Dur\u00e9e de lecture estim\u00e9e":"1 minute"},"schema":{"@context":"https:\/\/schema.org","@graph":[{"@type":"WebPage","@id":"https:\/\/www.uhl-menu.com\/fr\/produkt\/leading\/","url":"https:\/\/www.uhl-menu.com\/fr\/produkt\/leading\/","name":"Leading \u00bb Portefeuille de menus premium de haute qualit\u00e9 - menu de Uhl","isPartOf":{"@id":"https:\/\/www.uhl-menu.com\/fr\/#website"},"primaryImageOfPage":{"@id":"https:\/\/www.uhl-menu.com\/fr\/produkt\/leading\/#primaryimage"},"image":{"@id":"https:\/\/www.uhl-menu.com\/fr\/produkt\/leading\/#primaryimage"},"thumbnailUrl":"https:\/\/www.uhl-menu.com\/wp-content\/uploads\/leading-hochwertige-premium-speisekarten-mappe.png","datePublished":"2021-11-25T11:39:20+00:00","dateModified":"2025-03-19T08:45:47+00:00","breadcrumb":{"@id":"https:\/\/www.uhl-menu.com\/fr\/produkt\/leading\/#breadcrumb"},"inLanguage":"fr-FR","potentialAction":[{"@type":"ReadAction","target":["https:\/\/www.uhl-menu.com\/fr\/produkt\/leading\/"]}]},{"@type":"ImageObject","inLanguage":"fr-FR","@id":"https:\/\/www.uhl-menu.com\/fr\/produkt\/leading\/#primaryimage","url":"https:\/\/www.uhl-menu.com\/wp-content\/uploads\/leading-hochwertige-premium-speisekarten-mappe.png","contentUrl":"https:\/\/www.uhl-menu.com\/wp-content\/uploads\/leading-hochwertige-premium-speisekarten-mappe.png","width":1600,"height":1125},{"@type":"BreadcrumbList","@id":"https:\/\/www.uhl-menu.com\/fr\/produkt\/leading\/#breadcrumb","itemListElement":[{"@type":"ListItem","position":1,"name":"Startseite","item":"https:\/\/www.uhl-menu.com\/fr\/"},{"@type":"ListItem","position":2,"name":"Boutique","item":"https:\/\/www.uhl-menu.com\/fr\/boutique\/"},{"@type":"ListItem","position":3,"name":"Leading"}]},{"@type":"WebSite","@id":"https:\/\/www.uhl-menu.com\/fr\/#website","url":"https:\/\/www.uhl-menu.com\/fr\/","name":"menu de Uhl","description":"e fabricant de menus UHL, fond\u00e9 en 1982, s&#039;est donn\u00e9 d\u00e8s ses d\u00e9buts pour mission de se sp\u00e9cialiser dans les menus et les cartes des vins.","publisher":{"@id":"https:\/\/www.uhl-menu.com\/fr\/#organization"},"potentialAction":[{"@type":"SearchAction","target":{"@type":"EntryPoint","urlTemplate":"https:\/\/www.uhl-menu.com\/fr\/?s={search_term_string}"},"query-input":{"@type":"PropertyValueSpecification","valueRequired":true,"valueName":"search_term_string"}}],"inLanguage":"fr-FR"},{"@type":"Organization","@id":"https:\/\/www.uhl-menu.com\/fr\/#organization","name":"menu de Uhl","url":"https:\/\/www.uhl-menu.com\/fr\/","logo":{"@type":"ImageObject","inLanguage":"fr-FR","@id":"https:\/\/www.uhl-menu.com\/fr\/#\/schema\/logo\/image\/","url":"https:\/\/www.uhl-menu.com\/wp-content\/uploads\/uhl-logo.png","contentUrl":"https:\/\/www.uhl-menu.com\/wp-content\/uploads\/uhl-logo.png","width":66,"height":41,"caption":"menu de Uhl"},"image":{"@id":"https:\/\/www.uhl-menu.com\/fr\/#\/schema\/logo\/image\/"},"sameAs":["https:\/\/www.facebook.com\/uhlspeisekarten","https:\/\/www.youtube.com\/channel\/UCz6fCHDC_EvIaFfibirEF8A\/videos"]}]}},"_links":{"self":[{"href":"https:\/\/www.uhl-menu.com\/fr\/wp-json\/wp\/v2\/product\/49032","targetHints":{"allow":["GET"]}}],"collection":[{"href":"https:\/\/www.uhl-menu.com\/fr\/wp-json\/wp\/v2\/product"}],"about":[{"href":"https:\/\/www.uhl-menu.com\/fr\/wp-json\/wp\/v2\/types\/product"}],"wp:featuredmedia":[{"embeddable":true,"href":"https:\/\/www.uhl-menu.com\/fr\/wp-json\/wp\/v2\/media\/49084"}],"wp:attachment":[{"href":"https:\/\/www.uhl-menu.com\/fr\/wp-json\/wp\/v2\/media?parent=49032"}],"wp:term":[{"taxonomy":"product_brand","embeddable":true,"href":"https:\/\/www.uhl-menu.com\/fr\/wp-json\/wp\/v2\/product_brand?post=49032"},{"taxonomy":"product_cat","embeddable":true,"href":"https:\/\/www.uhl-menu.com\/fr\/wp-json\/wp\/v2\/product_cat?post=49032"},{"taxonomy":"product_tag","embeddable":true,"href":"https:\/\/www.uhl-menu.com\/fr\/wp-json\/wp\/v2\/product_tag?post=49032"}],"curies":[{"name":"wp","href":"https:\/\/api.w.org\/{rel}","templated":true}]}}