{"id":50383,"date":"2021-11-25T12:28:12","date_gmt":"2021-11-25T11:28:12","guid":{"rendered":"https:\/\/www.uhl-menu.com\/produkt\/tabernacle\/"},"modified":"2025-03-28T15:44:42","modified_gmt":"2025-03-28T14:44:42","slug":"tabernacle","status":"publish","type":"product","link":"https:\/\/www.uhl-menu.com\/fr\/produkt\/tabernacle\/","title":{"rendered":"Tabernacle"},"content":{"rendered":"<p>Le menu Tabernacle \u00e0 3 volets en version cartonn\u00e9e se distingue particuli\u00e8rement par son design exceptionnel et sa mani\u00e8re particuli\u00e8re de pr\u00e9senter les aliments et les boissons.<\/p>\n<p>Une page A4 de la carte est divis\u00e9e dans le sens de la longueur, ce qui permet une division en trois parties et trois possibilit\u00e9s d&#8217;insertion pratiques. Vous pouvez par exemple pr\u00e9senter votre offre principale au centre de la page A4 et utiliser les pages plus \u00e9troites \u00e0 droite et \u00e0 gauche pour les entr\u00e9es et les desserts, les recommandations du jour ou les boissons.<\/p>\n<p>Le menu est \u00e9galement disponible dans tous les mat\u00e9riaux de couverture, ce qui vous donne une grande libert\u00e9 en termes de personnalisation. La couverture rigide de la carte est tr\u00e8s r\u00e9sistante, imperm\u00e9able \u00e0 la graisse et \u00e0 l&#8217;eau, effa\u00e7able et dispose de bords ferm\u00e9s et r\u00e9sistants aux plis.<\/p>\n","protected":false},"excerpt":{"rendered":"<p>Le menu Tabernacle \u00e0 3 volets en version cartonn\u00e9e se distingue particuli\u00e8rement par son design exceptionnel et sa mani\u00e8re particuli\u00e8re de pr\u00e9senter les aliments et les boissons. Une page A4 de la carte est divis\u00e9e dans le sens de la longueur, ce qui permet une division en trois parties et trois possibilit\u00e9s d&#8217;insertion pratiques. Vous [&hellip;]<\/p>\n","protected":false},"featured_media":50453,"template":"","meta":{"_acf_changed":false},"product_brand":[],"product_cat":[966,1067,960,964,963,962,961,965,967,959,968],"product_tag":[],"class_list":{"0":"post-50383","1":"product","2":"type-product","3":"status-publish","4":"has-post-thumbnail","6":"product_cat-3-pages","7":"product_cat-carton","8":"product_cat-couverture-rigide","9":"product_cat-cuir-synthetique","10":"product_cat-cuir-veritable","11":"product_cat-hydrophobe","12":"product_cat-insensible-aux-graisses","13":"product_cat-lin","14":"product_cat-materiau-synthetique","15":"product_cat-menus-fr","16":"product_cat-relie","17":"pa_format-pour-a4-portrait","18":"tm-has-options","20":"first","21":"instock","22":"taxable","23":"shipping-taxable","24":"purchasable","25":"product-type-variable","26":"has-default-attributes"},"acf":[],"yoast_head":"<!-- This site is optimized with the Yoast SEO plugin v26.0 - https:\/\/yoast.com\/wordpress\/plugins\/seo\/ -->\n<title>Tabernacle \u00bb Menu en 3 parties DIN A4 - menu de Uhl<\/title>\n<meta name=\"robots\" content=\"index, follow, max-snippet:-1, max-image-preview:large, max-video-preview:-1\" \/>\n<link rel=\"canonical\" href=\"https:\/\/www.uhl-menu.com\/fr\/produkt\/tabernacle\/\" \/>\n<meta property=\"og:locale\" content=\"fr_FR\" \/>\n<meta property=\"og:type\" content=\"article\" \/>\n<meta property=\"og:title\" content=\"Tabernacle \u00bb Menu en 3 parties DIN A4 - menu de Uhl\" \/>\n<meta property=\"og:description\" content=\"Le menu Tabernacle \u00e0 3 volets en version cartonn\u00e9e se distingue particuli\u00e8rement par son design exceptionnel et sa mani\u00e8re particuli\u00e8re de pr\u00e9senter les aliments et les boissons. Une page A4 de la carte est divis\u00e9e dans le sens de la longueur, ce qui permet une division en trois parties et trois possibilit\u00e9s d&#8217;insertion pratiques. Vous [&hellip;]\" \/>\n<meta property=\"og:url\" content=\"https:\/\/www.uhl-menu.com\/fr\/produkt\/tabernacle\/\" \/>\n<meta property=\"og:site_name\" content=\"menu de Uhl\" \/>\n<meta property=\"article:publisher\" content=\"https:\/\/www.facebook.com\/uhlspeisekarten\" \/>\n<meta property=\"article:modified_time\" content=\"2025-03-28T14:44:42+00:00\" \/>\n<meta property=\"og:image\" content=\"https:\/\/www.uhl-menu.com\/wp-content\/uploads\/tabernakel-3-teilige-speisekarte-din-a4.png\" \/>\n\t<meta property=\"og:image:width\" content=\"1600\" \/>\n\t<meta property=\"og:image:height\" content=\"1125\" \/>\n\t<meta property=\"og:image:type\" content=\"image\/png\" \/>\n<meta name=\"twitter:card\" content=\"summary_large_image\" \/>\n<meta name=\"twitter:label1\" content=\"Dur\u00e9e de lecture estim\u00e9e\" \/>\n\t<meta name=\"twitter:data1\" content=\"1 minute\" \/>\n<script type=\"application\/ld+json\" class=\"yoast-schema-graph\">{\"@context\":\"https:\/\/schema.org\",\"@graph\":[{\"@type\":\"WebPage\",\"@id\":\"https:\/\/www.uhl-menu.com\/fr\/produkt\/tabernacle\/\",\"url\":\"https:\/\/www.uhl-menu.com\/fr\/produkt\/tabernacle\/\",\"name\":\"Tabernacle \u00bb Menu en 3 parties DIN A4 - menu de Uhl\",\"isPartOf\":{\"@id\":\"https:\/\/www.uhl-menu.com\/fr\/#website\"},\"primaryImageOfPage\":{\"@id\":\"https:\/\/www.uhl-menu.com\/fr\/produkt\/tabernacle\/#primaryimage\"},\"image\":{\"@id\":\"https:\/\/www.uhl-menu.com\/fr\/produkt\/tabernacle\/#primaryimage\"},\"thumbnailUrl\":\"https:\/\/www.uhl-menu.com\/wp-content\/uploads\/tabernakel-3-teilige-speisekarte-din-a4.png\",\"datePublished\":\"2021-11-25T11:28:12+00:00\",\"dateModified\":\"2025-03-28T14:44:42+00:00\",\"breadcrumb\":{\"@id\":\"https:\/\/www.uhl-menu.com\/fr\/produkt\/tabernacle\/#breadcrumb\"},\"inLanguage\":\"fr-FR\",\"potentialAction\":[{\"@type\":\"ReadAction\",\"target\":[\"https:\/\/www.uhl-menu.com\/fr\/produkt\/tabernacle\/\"]}]},{\"@type\":\"ImageObject\",\"inLanguage\":\"fr-FR\",\"@id\":\"https:\/\/www.uhl-menu.com\/fr\/produkt\/tabernacle\/#primaryimage\",\"url\":\"https:\/\/www.uhl-menu.com\/wp-content\/uploads\/tabernakel-3-teilige-speisekarte-din-a4.png\",\"contentUrl\":\"https:\/\/www.uhl-menu.com\/wp-content\/uploads\/tabernakel-3-teilige-speisekarte-din-a4.png\",\"width\":1600,\"height\":1125},{\"@type\":\"BreadcrumbList\",\"@id\":\"https:\/\/www.uhl-menu.com\/fr\/produkt\/tabernacle\/#breadcrumb\",\"itemListElement\":[{\"@type\":\"ListItem\",\"position\":1,\"name\":\"Startseite\",\"item\":\"https:\/\/www.uhl-menu.com\/fr\/\"},{\"@type\":\"ListItem\",\"position\":2,\"name\":\"Boutique\",\"item\":\"https:\/\/www.uhl-menu.com\/fr\/boutique\/\"},{\"@type\":\"ListItem\",\"position\":3,\"name\":\"Tabernacle\"}]},{\"@type\":\"WebSite\",\"@id\":\"https:\/\/www.uhl-menu.com\/fr\/#website\",\"url\":\"https:\/\/www.uhl-menu.com\/fr\/\",\"name\":\"menu de Uhl\",\"description\":\"e fabricant de menus UHL, fond\u00e9 en 1982, s&#039;est donn\u00e9 d\u00e8s ses d\u00e9buts pour mission de se sp\u00e9cialiser dans les menus et les cartes des vins.\",\"publisher\":{\"@id\":\"https:\/\/www.uhl-menu.com\/fr\/#organization\"},\"potentialAction\":[{\"@type\":\"SearchAction\",\"target\":{\"@type\":\"EntryPoint\",\"urlTemplate\":\"https:\/\/www.uhl-menu.com\/fr\/?s={search_term_string}\"},\"query-input\":{\"@type\":\"PropertyValueSpecification\",\"valueRequired\":true,\"valueName\":\"search_term_string\"}}],\"inLanguage\":\"fr-FR\"},{\"@type\":\"Organization\",\"@id\":\"https:\/\/www.uhl-menu.com\/fr\/#organization\",\"name\":\"menu de Uhl\",\"url\":\"https:\/\/www.uhl-menu.com\/fr\/\",\"logo\":{\"@type\":\"ImageObject\",\"inLanguage\":\"fr-FR\",\"@id\":\"https:\/\/www.uhl-menu.com\/fr\/#\/schema\/logo\/image\/\",\"url\":\"https:\/\/www.uhl-menu.com\/wp-content\/uploads\/uhl-logo.png\",\"contentUrl\":\"https:\/\/www.uhl-menu.com\/wp-content\/uploads\/uhl-logo.png\",\"width\":66,\"height\":41,\"caption\":\"menu de Uhl\"},\"image\":{\"@id\":\"https:\/\/www.uhl-menu.com\/fr\/#\/schema\/logo\/image\/\"},\"sameAs\":[\"https:\/\/www.facebook.com\/uhlspeisekarten\",\"https:\/\/www.youtube.com\/channel\/UCz6fCHDC_EvIaFfibirEF8A\/videos\"]}]}<\/script>\n<!-- \/ Yoast SEO plugin. -->","yoast_head_json":{"title":"Tabernacle \u00bb Menu en 3 parties DIN A4 - menu de Uhl","robots":{"index":"index","follow":"follow","max-snippet":"max-snippet:-1","max-image-preview":"max-image-preview:large","max-video-preview":"max-video-preview:-1"},"canonical":"https:\/\/www.uhl-menu.com\/fr\/produkt\/tabernacle\/","og_locale":"fr_FR","og_type":"article","og_title":"Tabernacle \u00bb Menu en 3 parties DIN A4 - menu de Uhl","og_description":"Le menu Tabernacle \u00e0 3 volets en version cartonn\u00e9e se distingue particuli\u00e8rement par son design exceptionnel et sa mani\u00e8re particuli\u00e8re de pr\u00e9senter les aliments et les boissons. Une page A4 de la carte est divis\u00e9e dans le sens de la longueur, ce qui permet une division en trois parties et trois possibilit\u00e9s d&#8217;insertion pratiques. Vous [&hellip;]","og_url":"https:\/\/www.uhl-menu.com\/fr\/produkt\/tabernacle\/","og_site_name":"menu de Uhl","article_publisher":"https:\/\/www.facebook.com\/uhlspeisekarten","article_modified_time":"2025-03-28T14:44:42+00:00","og_image":[{"width":1600,"height":1125,"url":"https:\/\/www.uhl-menu.com\/wp-content\/uploads\/tabernakel-3-teilige-speisekarte-din-a4.png","type":"image\/png"}],"twitter_card":"summary_large_image","twitter_misc":{"Dur\u00e9e de lecture estim\u00e9e":"1 minute"},"schema":{"@context":"https:\/\/schema.org","@graph":[{"@type":"WebPage","@id":"https:\/\/www.uhl-menu.com\/fr\/produkt\/tabernacle\/","url":"https:\/\/www.uhl-menu.com\/fr\/produkt\/tabernacle\/","name":"Tabernacle \u00bb Menu en 3 parties DIN A4 - menu de Uhl","isPartOf":{"@id":"https:\/\/www.uhl-menu.com\/fr\/#website"},"primaryImageOfPage":{"@id":"https:\/\/www.uhl-menu.com\/fr\/produkt\/tabernacle\/#primaryimage"},"image":{"@id":"https:\/\/www.uhl-menu.com\/fr\/produkt\/tabernacle\/#primaryimage"},"thumbnailUrl":"https:\/\/www.uhl-menu.com\/wp-content\/uploads\/tabernakel-3-teilige-speisekarte-din-a4.png","datePublished":"2021-11-25T11:28:12+00:00","dateModified":"2025-03-28T14:44:42+00:00","breadcrumb":{"@id":"https:\/\/www.uhl-menu.com\/fr\/produkt\/tabernacle\/#breadcrumb"},"inLanguage":"fr-FR","potentialAction":[{"@type":"ReadAction","target":["https:\/\/www.uhl-menu.com\/fr\/produkt\/tabernacle\/"]}]},{"@type":"ImageObject","inLanguage":"fr-FR","@id":"https:\/\/www.uhl-menu.com\/fr\/produkt\/tabernacle\/#primaryimage","url":"https:\/\/www.uhl-menu.com\/wp-content\/uploads\/tabernakel-3-teilige-speisekarte-din-a4.png","contentUrl":"https:\/\/www.uhl-menu.com\/wp-content\/uploads\/tabernakel-3-teilige-speisekarte-din-a4.png","width":1600,"height":1125},{"@type":"BreadcrumbList","@id":"https:\/\/www.uhl-menu.com\/fr\/produkt\/tabernacle\/#breadcrumb","itemListElement":[{"@type":"ListItem","position":1,"name":"Startseite","item":"https:\/\/www.uhl-menu.com\/fr\/"},{"@type":"ListItem","position":2,"name":"Boutique","item":"https:\/\/www.uhl-menu.com\/fr\/boutique\/"},{"@type":"ListItem","position":3,"name":"Tabernacle"}]},{"@type":"WebSite","@id":"https:\/\/www.uhl-menu.com\/fr\/#website","url":"https:\/\/www.uhl-menu.com\/fr\/","name":"menu de Uhl","description":"e fabricant de menus UHL, fond\u00e9 en 1982, s&#039;est donn\u00e9 d\u00e8s ses d\u00e9buts pour mission de se sp\u00e9cialiser dans les menus et les cartes des vins.","publisher":{"@id":"https:\/\/www.uhl-menu.com\/fr\/#organization"},"potentialAction":[{"@type":"SearchAction","target":{"@type":"EntryPoint","urlTemplate":"https:\/\/www.uhl-menu.com\/fr\/?s={search_term_string}"},"query-input":{"@type":"PropertyValueSpecification","valueRequired":true,"valueName":"search_term_string"}}],"inLanguage":"fr-FR"},{"@type":"Organization","@id":"https:\/\/www.uhl-menu.com\/fr\/#organization","name":"menu de Uhl","url":"https:\/\/www.uhl-menu.com\/fr\/","logo":{"@type":"ImageObject","inLanguage":"fr-FR","@id":"https:\/\/www.uhl-menu.com\/fr\/#\/schema\/logo\/image\/","url":"https:\/\/www.uhl-menu.com\/wp-content\/uploads\/uhl-logo.png","contentUrl":"https:\/\/www.uhl-menu.com\/wp-content\/uploads\/uhl-logo.png","width":66,"height":41,"caption":"menu de Uhl"},"image":{"@id":"https:\/\/www.uhl-menu.com\/fr\/#\/schema\/logo\/image\/"},"sameAs":["https:\/\/www.facebook.com\/uhlspeisekarten","https:\/\/www.youtube.com\/channel\/UCz6fCHDC_EvIaFfibirEF8A\/videos"]}]}},"_links":{"self":[{"href":"https:\/\/www.uhl-menu.com\/fr\/wp-json\/wp\/v2\/product\/50383","targetHints":{"allow":["GET"]}}],"collection":[{"href":"https:\/\/www.uhl-menu.com\/fr\/wp-json\/wp\/v2\/product"}],"about":[{"href":"https:\/\/www.uhl-menu.com\/fr\/wp-json\/wp\/v2\/types\/product"}],"wp:featuredmedia":[{"embeddable":true,"href":"https:\/\/www.uhl-menu.com\/fr\/wp-json\/wp\/v2\/media\/50453"}],"wp:attachment":[{"href":"https:\/\/www.uhl-menu.com\/fr\/wp-json\/wp\/v2\/media?parent=50383"}],"wp:term":[{"taxonomy":"product_brand","embeddable":true,"href":"https:\/\/www.uhl-menu.com\/fr\/wp-json\/wp\/v2\/product_brand?post=50383"},{"taxonomy":"product_cat","embeddable":true,"href":"https:\/\/www.uhl-menu.com\/fr\/wp-json\/wp\/v2\/product_cat?post=50383"},{"taxonomy":"product_tag","embeddable":true,"href":"https:\/\/www.uhl-menu.com\/fr\/wp-json\/wp\/v2\/product_tag?post=50383"}],"curies":[{"name":"wp","href":"https:\/\/api.w.org\/{rel}","templated":true}]}}