{"id":50637,"date":"2021-11-25T12:30:33","date_gmt":"2021-11-25T11:30:33","guid":{"rendered":"https:\/\/www.uhl-menu.com\/produkt\/leading-light\/"},"modified":"2025-03-28T15:41:12","modified_gmt":"2025-03-28T14:41:12","slug":"leading-light","status":"publish","type":"product","link":"https:\/\/www.uhl-menu.com\/fr\/produkt\/leading-light\/","title":{"rendered":"Leading Light"},"content":{"rendered":"<p>Le Leading Light combine les points forts de la version Leading classique avec la partie int\u00e9rieure \u00e9conomique de la version standard. En plus d&#8217;une construction de dos robuste dans un mat\u00e9riau tr\u00e8s r\u00e9sistant qui r\u00e9siste \u00e0 de tr\u00e8s fortes sollicitations, elle dispose sur l&#8217;ext\u00e9rieur de la couverture de zones de bordure r\u00e9sistantes aux pliures et de bords ferm\u00e9s, ainsi que d&#8217;une partie int\u00e9rieure mince avec des bords de pr\u00e9hension coup\u00e9s.<\/p>\n<p>Le menu Leading Light appartient au groupe des cartes reli\u00e9es, c&#8217;est-\u00e0-dire que cette carte poss\u00e8de un \u00e9l\u00e9ment int\u00e9rieur fixe qui se compose des diff\u00e9rentes pages d&#8217;offre. Chaque \u00e9l\u00e9ment int\u00e9rieur peut contenir 2 pages d&#8217;offre, qui peuvent \u00e0 leur tour \u00eatre chang\u00e9es par n&#8217;importe quel syst\u00e8me de changement. Lors de la commande, vous indiquez le nombre de pages. De deux \u00e0 40 possibilit\u00e9s d&#8217;insertion permettent d&#8217;obtenir le nombre de pages que vous souhaitez, en fonction de votre offre.<\/p>\n","protected":false},"excerpt":{"rendered":"<p>Le Leading Light combine les points forts de la version Leading classique avec la partie int\u00e9rieure \u00e9conomique de la version standard. En plus d&#8217;une construction de dos robuste dans un mat\u00e9riau tr\u00e8s r\u00e9sistant qui r\u00e9siste \u00e0 de tr\u00e8s fortes sollicitations, elle dispose sur l&#8217;ext\u00e9rieur de la couverture de zones de bordure r\u00e9sistantes aux pliures et [&hellip;]<\/p>\n","protected":false},"featured_media":50648,"template":"","meta":{"_acf_changed":false},"product_brand":[],"product_cat":[1008,1009,960,963,962,961,965,967,959,1046,968],"product_tag":[],"class_list":{"0":"post-50637","1":"product","2":"type-product","3":"status-publish","4":"has-post-thumbnail","6":"product_cat-cartes-des-boissons","7":"product_cat-cartes-des-vins","8":"product_cat-couverture-rigide","9":"product_cat-cuir-veritable","10":"product_cat-hydrophobe","11":"product_cat-insensible-aux-graisses","12":"product_cat-lin","13":"product_cat-materiau-synthetique","14":"product_cat-menus-fr","15":"product_cat-multi-facettes","16":"product_cat-relie","17":"pa_format-l-11x11x30-fr","18":"pa_format-m-11x11x21-fr","19":"pa_format-s-11x11x15-fr","20":"tm-has-options","22":"first","23":"instock","24":"taxable","25":"shipping-taxable","26":"purchasable","27":"product-type-variable"},"acf":[],"yoast_head":"<!-- This site is optimized with the Yoast SEO plugin v26.0 - https:\/\/yoast.com\/wordpress\/plugins\/seo\/ -->\n<title>Leading Light \u00bb Menu bon march\u00e9 de n&#039;importe quelle taille de page - menu de Uhl<\/title>\n<meta name=\"robots\" content=\"index, follow, max-snippet:-1, max-image-preview:large, max-video-preview:-1\" \/>\n<link rel=\"canonical\" href=\"https:\/\/www.uhl-menu.com\/fr\/produkt\/leading-light\/\" \/>\n<meta property=\"og:locale\" content=\"fr_FR\" \/>\n<meta property=\"og:type\" content=\"article\" \/>\n<meta property=\"og:title\" content=\"Leading Light \u00bb Menu bon march\u00e9 de n&#039;importe quelle taille de page - menu de Uhl\" \/>\n<meta property=\"og:description\" content=\"Le Leading Light combine les points forts de la version Leading classique avec la partie int\u00e9rieure \u00e9conomique de la version standard. En plus d&#8217;une construction de dos robuste dans un mat\u00e9riau tr\u00e8s r\u00e9sistant qui r\u00e9siste \u00e0 de tr\u00e8s fortes sollicitations, elle dispose sur l&#8217;ext\u00e9rieur de la couverture de zones de bordure r\u00e9sistantes aux pliures et [&hellip;]\" \/>\n<meta property=\"og:url\" content=\"https:\/\/www.uhl-menu.com\/fr\/produkt\/leading-light\/\" \/>\n<meta property=\"og:site_name\" content=\"menu de Uhl\" \/>\n<meta property=\"article:publisher\" content=\"https:\/\/www.facebook.com\/uhlspeisekarten\" \/>\n<meta property=\"article:modified_time\" content=\"2025-03-28T14:41:12+00:00\" \/>\n<meta property=\"og:image\" content=\"https:\/\/www.uhl-menu.com\/wp-content\/uploads\/leading-light-guenstige-speisekarte-mit-beliebigem-seitenumfang.png\" \/>\n\t<meta property=\"og:image:width\" content=\"1600\" \/>\n\t<meta property=\"og:image:height\" content=\"1125\" \/>\n\t<meta property=\"og:image:type\" content=\"image\/png\" \/>\n<meta name=\"twitter:card\" content=\"summary_large_image\" \/>\n<meta name=\"twitter:label1\" content=\"Dur\u00e9e de lecture estim\u00e9e\" \/>\n\t<meta name=\"twitter:data1\" content=\"2 minutes\" \/>\n<script type=\"application\/ld+json\" class=\"yoast-schema-graph\">{\"@context\":\"https:\/\/schema.org\",\"@graph\":[{\"@type\":\"WebPage\",\"@id\":\"https:\/\/www.uhl-menu.com\/fr\/produkt\/leading-light\/\",\"url\":\"https:\/\/www.uhl-menu.com\/fr\/produkt\/leading-light\/\",\"name\":\"Leading Light \u00bb Menu bon march\u00e9 de n'importe quelle taille de page - menu de Uhl\",\"isPartOf\":{\"@id\":\"https:\/\/www.uhl-menu.com\/fr\/#website\"},\"primaryImageOfPage\":{\"@id\":\"https:\/\/www.uhl-menu.com\/fr\/produkt\/leading-light\/#primaryimage\"},\"image\":{\"@id\":\"https:\/\/www.uhl-menu.com\/fr\/produkt\/leading-light\/#primaryimage\"},\"thumbnailUrl\":\"https:\/\/www.uhl-menu.com\/wp-content\/uploads\/leading-light-guenstige-speisekarte-mit-beliebigem-seitenumfang.png\",\"datePublished\":\"2021-11-25T11:30:33+00:00\",\"dateModified\":\"2025-03-28T14:41:12+00:00\",\"breadcrumb\":{\"@id\":\"https:\/\/www.uhl-menu.com\/fr\/produkt\/leading-light\/#breadcrumb\"},\"inLanguage\":\"fr-FR\",\"potentialAction\":[{\"@type\":\"ReadAction\",\"target\":[\"https:\/\/www.uhl-menu.com\/fr\/produkt\/leading-light\/\"]}]},{\"@type\":\"ImageObject\",\"inLanguage\":\"fr-FR\",\"@id\":\"https:\/\/www.uhl-menu.com\/fr\/produkt\/leading-light\/#primaryimage\",\"url\":\"https:\/\/www.uhl-menu.com\/wp-content\/uploads\/leading-light-guenstige-speisekarte-mit-beliebigem-seitenumfang.png\",\"contentUrl\":\"https:\/\/www.uhl-menu.com\/wp-content\/uploads\/leading-light-guenstige-speisekarte-mit-beliebigem-seitenumfang.png\",\"width\":1600,\"height\":1125},{\"@type\":\"BreadcrumbList\",\"@id\":\"https:\/\/www.uhl-menu.com\/fr\/produkt\/leading-light\/#breadcrumb\",\"itemListElement\":[{\"@type\":\"ListItem\",\"position\":1,\"name\":\"Startseite\",\"item\":\"https:\/\/www.uhl-menu.com\/fr\/\"},{\"@type\":\"ListItem\",\"position\":2,\"name\":\"Boutique\",\"item\":\"https:\/\/www.uhl-menu.com\/fr\/boutique\/\"},{\"@type\":\"ListItem\",\"position\":3,\"name\":\"Leading Light\"}]},{\"@type\":\"WebSite\",\"@id\":\"https:\/\/www.uhl-menu.com\/fr\/#website\",\"url\":\"https:\/\/www.uhl-menu.com\/fr\/\",\"name\":\"menu de Uhl\",\"description\":\"e fabricant de menus UHL, fond\u00e9 en 1982, s&#039;est donn\u00e9 d\u00e8s ses d\u00e9buts pour mission de se sp\u00e9cialiser dans les menus et les cartes des vins.\",\"publisher\":{\"@id\":\"https:\/\/www.uhl-menu.com\/fr\/#organization\"},\"potentialAction\":[{\"@type\":\"SearchAction\",\"target\":{\"@type\":\"EntryPoint\",\"urlTemplate\":\"https:\/\/www.uhl-menu.com\/fr\/?s={search_term_string}\"},\"query-input\":{\"@type\":\"PropertyValueSpecification\",\"valueRequired\":true,\"valueName\":\"search_term_string\"}}],\"inLanguage\":\"fr-FR\"},{\"@type\":\"Organization\",\"@id\":\"https:\/\/www.uhl-menu.com\/fr\/#organization\",\"name\":\"menu de Uhl\",\"url\":\"https:\/\/www.uhl-menu.com\/fr\/\",\"logo\":{\"@type\":\"ImageObject\",\"inLanguage\":\"fr-FR\",\"@id\":\"https:\/\/www.uhl-menu.com\/fr\/#\/schema\/logo\/image\/\",\"url\":\"https:\/\/www.uhl-menu.com\/wp-content\/uploads\/uhl-logo.png\",\"contentUrl\":\"https:\/\/www.uhl-menu.com\/wp-content\/uploads\/uhl-logo.png\",\"width\":66,\"height\":41,\"caption\":\"menu de Uhl\"},\"image\":{\"@id\":\"https:\/\/www.uhl-menu.com\/fr\/#\/schema\/logo\/image\/\"},\"sameAs\":[\"https:\/\/www.facebook.com\/uhlspeisekarten\",\"https:\/\/www.youtube.com\/channel\/UCz6fCHDC_EvIaFfibirEF8A\/videos\"]}]}<\/script>\n<!-- \/ Yoast SEO plugin. -->","yoast_head_json":{"title":"Leading Light \u00bb Menu bon march\u00e9 de n'importe quelle taille de page - menu de Uhl","robots":{"index":"index","follow":"follow","max-snippet":"max-snippet:-1","max-image-preview":"max-image-preview:large","max-video-preview":"max-video-preview:-1"},"canonical":"https:\/\/www.uhl-menu.com\/fr\/produkt\/leading-light\/","og_locale":"fr_FR","og_type":"article","og_title":"Leading Light \u00bb Menu bon march\u00e9 de n'importe quelle taille de page - menu de Uhl","og_description":"Le Leading Light combine les points forts de la version Leading classique avec la partie int\u00e9rieure \u00e9conomique de la version standard. En plus d&#8217;une construction de dos robuste dans un mat\u00e9riau tr\u00e8s r\u00e9sistant qui r\u00e9siste \u00e0 de tr\u00e8s fortes sollicitations, elle dispose sur l&#8217;ext\u00e9rieur de la couverture de zones de bordure r\u00e9sistantes aux pliures et [&hellip;]","og_url":"https:\/\/www.uhl-menu.com\/fr\/produkt\/leading-light\/","og_site_name":"menu de Uhl","article_publisher":"https:\/\/www.facebook.com\/uhlspeisekarten","article_modified_time":"2025-03-28T14:41:12+00:00","og_image":[{"width":1600,"height":1125,"url":"https:\/\/www.uhl-menu.com\/wp-content\/uploads\/leading-light-guenstige-speisekarte-mit-beliebigem-seitenumfang.png","type":"image\/png"}],"twitter_card":"summary_large_image","twitter_misc":{"Dur\u00e9e de lecture estim\u00e9e":"2 minutes"},"schema":{"@context":"https:\/\/schema.org","@graph":[{"@type":"WebPage","@id":"https:\/\/www.uhl-menu.com\/fr\/produkt\/leading-light\/","url":"https:\/\/www.uhl-menu.com\/fr\/produkt\/leading-light\/","name":"Leading Light \u00bb Menu bon march\u00e9 de n'importe quelle taille de page - menu de Uhl","isPartOf":{"@id":"https:\/\/www.uhl-menu.com\/fr\/#website"},"primaryImageOfPage":{"@id":"https:\/\/www.uhl-menu.com\/fr\/produkt\/leading-light\/#primaryimage"},"image":{"@id":"https:\/\/www.uhl-menu.com\/fr\/produkt\/leading-light\/#primaryimage"},"thumbnailUrl":"https:\/\/www.uhl-menu.com\/wp-content\/uploads\/leading-light-guenstige-speisekarte-mit-beliebigem-seitenumfang.png","datePublished":"2021-11-25T11:30:33+00:00","dateModified":"2025-03-28T14:41:12+00:00","breadcrumb":{"@id":"https:\/\/www.uhl-menu.com\/fr\/produkt\/leading-light\/#breadcrumb"},"inLanguage":"fr-FR","potentialAction":[{"@type":"ReadAction","target":["https:\/\/www.uhl-menu.com\/fr\/produkt\/leading-light\/"]}]},{"@type":"ImageObject","inLanguage":"fr-FR","@id":"https:\/\/www.uhl-menu.com\/fr\/produkt\/leading-light\/#primaryimage","url":"https:\/\/www.uhl-menu.com\/wp-content\/uploads\/leading-light-guenstige-speisekarte-mit-beliebigem-seitenumfang.png","contentUrl":"https:\/\/www.uhl-menu.com\/wp-content\/uploads\/leading-light-guenstige-speisekarte-mit-beliebigem-seitenumfang.png","width":1600,"height":1125},{"@type":"BreadcrumbList","@id":"https:\/\/www.uhl-menu.com\/fr\/produkt\/leading-light\/#breadcrumb","itemListElement":[{"@type":"ListItem","position":1,"name":"Startseite","item":"https:\/\/www.uhl-menu.com\/fr\/"},{"@type":"ListItem","position":2,"name":"Boutique","item":"https:\/\/www.uhl-menu.com\/fr\/boutique\/"},{"@type":"ListItem","position":3,"name":"Leading Light"}]},{"@type":"WebSite","@id":"https:\/\/www.uhl-menu.com\/fr\/#website","url":"https:\/\/www.uhl-menu.com\/fr\/","name":"menu de Uhl","description":"e fabricant de menus UHL, fond\u00e9 en 1982, s&#039;est donn\u00e9 d\u00e8s ses d\u00e9buts pour mission de se sp\u00e9cialiser dans les menus et les cartes des vins.","publisher":{"@id":"https:\/\/www.uhl-menu.com\/fr\/#organization"},"potentialAction":[{"@type":"SearchAction","target":{"@type":"EntryPoint","urlTemplate":"https:\/\/www.uhl-menu.com\/fr\/?s={search_term_string}"},"query-input":{"@type":"PropertyValueSpecification","valueRequired":true,"valueName":"search_term_string"}}],"inLanguage":"fr-FR"},{"@type":"Organization","@id":"https:\/\/www.uhl-menu.com\/fr\/#organization","name":"menu de Uhl","url":"https:\/\/www.uhl-menu.com\/fr\/","logo":{"@type":"ImageObject","inLanguage":"fr-FR","@id":"https:\/\/www.uhl-menu.com\/fr\/#\/schema\/logo\/image\/","url":"https:\/\/www.uhl-menu.com\/wp-content\/uploads\/uhl-logo.png","contentUrl":"https:\/\/www.uhl-menu.com\/wp-content\/uploads\/uhl-logo.png","width":66,"height":41,"caption":"menu de Uhl"},"image":{"@id":"https:\/\/www.uhl-menu.com\/fr\/#\/schema\/logo\/image\/"},"sameAs":["https:\/\/www.facebook.com\/uhlspeisekarten","https:\/\/www.youtube.com\/channel\/UCz6fCHDC_EvIaFfibirEF8A\/videos"]}]}},"_links":{"self":[{"href":"https:\/\/www.uhl-menu.com\/fr\/wp-json\/wp\/v2\/product\/50637","targetHints":{"allow":["GET"]}}],"collection":[{"href":"https:\/\/www.uhl-menu.com\/fr\/wp-json\/wp\/v2\/product"}],"about":[{"href":"https:\/\/www.uhl-menu.com\/fr\/wp-json\/wp\/v2\/types\/product"}],"wp:featuredmedia":[{"embeddable":true,"href":"https:\/\/www.uhl-menu.com\/fr\/wp-json\/wp\/v2\/media\/50648"}],"wp:attachment":[{"href":"https:\/\/www.uhl-menu.com\/fr\/wp-json\/wp\/v2\/media?parent=50637"}],"wp:term":[{"taxonomy":"product_brand","embeddable":true,"href":"https:\/\/www.uhl-menu.com\/fr\/wp-json\/wp\/v2\/product_brand?post=50637"},{"taxonomy":"product_cat","embeddable":true,"href":"https:\/\/www.uhl-menu.com\/fr\/wp-json\/wp\/v2\/product_cat?post=50637"},{"taxonomy":"product_tag","embeddable":true,"href":"https:\/\/www.uhl-menu.com\/fr\/wp-json\/wp\/v2\/product_tag?post=50637"}],"curies":[{"name":"wp","href":"https:\/\/api.w.org\/{rel}","templated":true}]}}