{"id":52528,"date":"2021-11-25T13:40:53","date_gmt":"2021-11-25T12:40:53","guid":{"rendered":"https:\/\/www.uhl-menu.com\/produkt\/ligne-snap\/"},"modified":"2025-03-19T09:45:42","modified_gmt":"2025-03-19T08:45:42","slug":"ligne-snap","status":"publish","type":"product","link":"https:\/\/www.uhl-menu.com\/fr\/produkt\/ligne-snap\/","title":{"rendered":"Ligne Snap"},"content":{"rendered":"<p>Cette carte est tout \u00e0 fait tendance : elle marque des points avec son aspect r\u00e9duit et moderne et en m\u00eame temps aussi avec le syst\u00e8me pratique Snap. D\u00e9veloppez et r\u00e9duisez votre offre rapidement et individuellement. Une languette en mat\u00e9riau ind\u00e9chirable de haute qualit\u00e9 \u00e0 l&#8217;int\u00e9rieur du dos de la carte de menu Snap dissimule au choix deux ou quatre boutons-pression qui permettent de changer tr\u00e8s rapidement les feuilles d&#8217;offre perfor\u00e9es ou les films transparents.  <\/p>\n<p>La barre magn\u00e9tique suppl\u00e9mentaire sur le c\u00f4t\u00e9 int\u00e9rieur gauche facilite le travail quotidien dans le secteur de la restauration, pour indiquer de mani\u00e8re cibl\u00e9e les recommandations du jour \/ du menu. Facile \u00e0 entretenir, la carte Snap Line est extr\u00eamement robuste et disponible dans des mat\u00e9riaux de qualit\u00e9 tels que le lin, le synth\u00e9tique, le similicuir et le cuir v\u00e9ritable. Les surpiq\u00fbres ext\u00e9rieures, dont vous pouvez choisir la couleur, apportent une touche d&#8217;\u00e9l\u00e9gance.  <\/p>\n<p>Cette carte est disponible pour tous les formats de film courants ainsi que pour tout format de papier souhait\u00e9.<\/p>\n","protected":false},"excerpt":{"rendered":"<p>Cette carte est tout \u00e0 fait tendance : elle marque des points avec son aspect r\u00e9duit et moderne et en m\u00eame temps aussi avec le syst\u00e8me pratique Snap. D\u00e9veloppez et r\u00e9duisez votre offre rapidement et individuellement. Une languette en mat\u00e9riau ind\u00e9chirable de haute qualit\u00e9 \u00e0 l&#8217;int\u00e9rieur du dos de la carte de menu Snap dissimule [&hellip;]<\/p>\n","protected":false},"featured_media":52531,"template":"","meta":{"_acf_changed":false},"product_brand":[],"product_cat":[1048,1008,1009,960,964,963,1065,1051,1011,962,961,965,967,959,1046,1010],"product_tag":[],"class_list":{"0":"post-52528","1":"product","2":"type-product","3":"status-publish","4":"has-post-thumbnail","6":"product_cat-cartes-de-bar","7":"product_cat-cartes-des-boissons","8":"product_cat-cartes-des-vins","9":"product_cat-couverture-rigide","10":"product_cat-cuir-synthetique","11":"product_cat-cuir-veritable","12":"product_cat-diapositives","13":"product_cat-exterieur","14":"product_cat-flexible-fr","15":"product_cat-hydrophobe","16":"product_cat-insensible-aux-graisses","17":"product_cat-lin","18":"product_cat-materiau-synthetique","19":"product_cat-menus-fr","20":"product_cat-multi-facettes","21":"product_cat-nombre-de-pages-flexible","22":"pa_format-l-11x11x30-fr","23":"pa_format-m-11x11x21-fr","24":"pa_format-s-11x11x15-fr","25":"tm-has-options","27":"first","28":"instock","29":"taxable","30":"shipping-taxable","31":"purchasable","32":"product-type-variable"},"acf":[],"yoast_head":"<!-- This site is optimized with the Yoast SEO plugin v26.0 - https:\/\/yoast.com\/wordpress\/plugins\/seo\/ -->\n<title>Ligne Snap \u00bb Chemise pratique pour les menus avec syst\u00e8me d&#039;accroche - menu de Uhl<\/title>\n<meta name=\"robots\" content=\"index, follow, max-snippet:-1, max-image-preview:large, max-video-preview:-1\" \/>\n<link rel=\"canonical\" href=\"https:\/\/www.uhl-menu.com\/fr\/produkt\/ligne-snap\/\" \/>\n<meta property=\"og:locale\" content=\"fr_FR\" \/>\n<meta property=\"og:type\" content=\"article\" \/>\n<meta property=\"og:title\" content=\"Ligne Snap \u00bb Chemise pratique pour les menus avec syst\u00e8me d&#039;accroche - menu de Uhl\" \/>\n<meta property=\"og:description\" content=\"Cette carte est tout \u00e0 fait tendance : elle marque des points avec son aspect r\u00e9duit et moderne et en m\u00eame temps aussi avec le syst\u00e8me pratique Snap. D\u00e9veloppez et r\u00e9duisez votre offre rapidement et individuellement. Une languette en mat\u00e9riau ind\u00e9chirable de haute qualit\u00e9 \u00e0 l&#8217;int\u00e9rieur du dos de la carte de menu Snap dissimule [&hellip;]\" \/>\n<meta property=\"og:url\" content=\"https:\/\/www.uhl-menu.com\/fr\/produkt\/ligne-snap\/\" \/>\n<meta property=\"og:site_name\" content=\"menu de Uhl\" \/>\n<meta property=\"article:publisher\" content=\"https:\/\/www.facebook.com\/uhlspeisekarten\" \/>\n<meta property=\"article:modified_time\" content=\"2025-03-19T08:45:42+00:00\" \/>\n<meta property=\"og:image\" content=\"https:\/\/www.uhl-menu.com\/wp-content\/uploads\/snap-line-praktische-speisekarten-mappe-mit-snap-system.png\" \/>\n\t<meta property=\"og:image:width\" content=\"1600\" \/>\n\t<meta property=\"og:image:height\" content=\"1125\" \/>\n\t<meta property=\"og:image:type\" content=\"image\/png\" \/>\n<meta name=\"twitter:card\" content=\"summary_large_image\" \/>\n<meta name=\"twitter:label1\" content=\"Dur\u00e9e de lecture estim\u00e9e\" \/>\n\t<meta name=\"twitter:data1\" content=\"1 minute\" \/>\n<script type=\"application\/ld+json\" class=\"yoast-schema-graph\">{\"@context\":\"https:\/\/schema.org\",\"@graph\":[{\"@type\":\"WebPage\",\"@id\":\"https:\/\/www.uhl-menu.com\/fr\/produkt\/ligne-snap\/\",\"url\":\"https:\/\/www.uhl-menu.com\/fr\/produkt\/ligne-snap\/\",\"name\":\"Ligne Snap \u00bb Chemise pratique pour les menus avec syst\u00e8me d'accroche - menu de Uhl\",\"isPartOf\":{\"@id\":\"https:\/\/www.uhl-menu.com\/fr\/#website\"},\"primaryImageOfPage\":{\"@id\":\"https:\/\/www.uhl-menu.com\/fr\/produkt\/ligne-snap\/#primaryimage\"},\"image\":{\"@id\":\"https:\/\/www.uhl-menu.com\/fr\/produkt\/ligne-snap\/#primaryimage\"},\"thumbnailUrl\":\"https:\/\/www.uhl-menu.com\/wp-content\/uploads\/snap-line-praktische-speisekarten-mappe-mit-snap-system.png\",\"datePublished\":\"2021-11-25T12:40:53+00:00\",\"dateModified\":\"2025-03-19T08:45:42+00:00\",\"breadcrumb\":{\"@id\":\"https:\/\/www.uhl-menu.com\/fr\/produkt\/ligne-snap\/#breadcrumb\"},\"inLanguage\":\"fr-FR\",\"potentialAction\":[{\"@type\":\"ReadAction\",\"target\":[\"https:\/\/www.uhl-menu.com\/fr\/produkt\/ligne-snap\/\"]}]},{\"@type\":\"ImageObject\",\"inLanguage\":\"fr-FR\",\"@id\":\"https:\/\/www.uhl-menu.com\/fr\/produkt\/ligne-snap\/#primaryimage\",\"url\":\"https:\/\/www.uhl-menu.com\/wp-content\/uploads\/snap-line-praktische-speisekarten-mappe-mit-snap-system.png\",\"contentUrl\":\"https:\/\/www.uhl-menu.com\/wp-content\/uploads\/snap-line-praktische-speisekarten-mappe-mit-snap-system.png\",\"width\":1600,\"height\":1125},{\"@type\":\"BreadcrumbList\",\"@id\":\"https:\/\/www.uhl-menu.com\/fr\/produkt\/ligne-snap\/#breadcrumb\",\"itemListElement\":[{\"@type\":\"ListItem\",\"position\":1,\"name\":\"Startseite\",\"item\":\"https:\/\/www.uhl-menu.com\/fr\/\"},{\"@type\":\"ListItem\",\"position\":2,\"name\":\"Boutique\",\"item\":\"https:\/\/www.uhl-menu.com\/fr\/boutique\/\"},{\"@type\":\"ListItem\",\"position\":3,\"name\":\"Ligne Snap\"}]},{\"@type\":\"WebSite\",\"@id\":\"https:\/\/www.uhl-menu.com\/fr\/#website\",\"url\":\"https:\/\/www.uhl-menu.com\/fr\/\",\"name\":\"menu de Uhl\",\"description\":\"e fabricant de menus UHL, fond\u00e9 en 1982, s&#039;est donn\u00e9 d\u00e8s ses d\u00e9buts pour mission de se sp\u00e9cialiser dans les menus et les cartes des vins.\",\"publisher\":{\"@id\":\"https:\/\/www.uhl-menu.com\/fr\/#organization\"},\"potentialAction\":[{\"@type\":\"SearchAction\",\"target\":{\"@type\":\"EntryPoint\",\"urlTemplate\":\"https:\/\/www.uhl-menu.com\/fr\/?s={search_term_string}\"},\"query-input\":{\"@type\":\"PropertyValueSpecification\",\"valueRequired\":true,\"valueName\":\"search_term_string\"}}],\"inLanguage\":\"fr-FR\"},{\"@type\":\"Organization\",\"@id\":\"https:\/\/www.uhl-menu.com\/fr\/#organization\",\"name\":\"menu de Uhl\",\"url\":\"https:\/\/www.uhl-menu.com\/fr\/\",\"logo\":{\"@type\":\"ImageObject\",\"inLanguage\":\"fr-FR\",\"@id\":\"https:\/\/www.uhl-menu.com\/fr\/#\/schema\/logo\/image\/\",\"url\":\"https:\/\/www.uhl-menu.com\/wp-content\/uploads\/uhl-logo.png\",\"contentUrl\":\"https:\/\/www.uhl-menu.com\/wp-content\/uploads\/uhl-logo.png\",\"width\":66,\"height\":41,\"caption\":\"menu de Uhl\"},\"image\":{\"@id\":\"https:\/\/www.uhl-menu.com\/fr\/#\/schema\/logo\/image\/\"},\"sameAs\":[\"https:\/\/www.facebook.com\/uhlspeisekarten\",\"https:\/\/www.youtube.com\/channel\/UCz6fCHDC_EvIaFfibirEF8A\/videos\"]}]}<\/script>\n<!-- \/ Yoast SEO plugin. -->","yoast_head_json":{"title":"Ligne Snap \u00bb Chemise pratique pour les menus avec syst\u00e8me d'accroche - menu de Uhl","robots":{"index":"index","follow":"follow","max-snippet":"max-snippet:-1","max-image-preview":"max-image-preview:large","max-video-preview":"max-video-preview:-1"},"canonical":"https:\/\/www.uhl-menu.com\/fr\/produkt\/ligne-snap\/","og_locale":"fr_FR","og_type":"article","og_title":"Ligne Snap \u00bb Chemise pratique pour les menus avec syst\u00e8me d'accroche - menu de Uhl","og_description":"Cette carte est tout \u00e0 fait tendance : elle marque des points avec son aspect r\u00e9duit et moderne et en m\u00eame temps aussi avec le syst\u00e8me pratique Snap. D\u00e9veloppez et r\u00e9duisez votre offre rapidement et individuellement. Une languette en mat\u00e9riau ind\u00e9chirable de haute qualit\u00e9 \u00e0 l&#8217;int\u00e9rieur du dos de la carte de menu Snap dissimule [&hellip;]","og_url":"https:\/\/www.uhl-menu.com\/fr\/produkt\/ligne-snap\/","og_site_name":"menu de Uhl","article_publisher":"https:\/\/www.facebook.com\/uhlspeisekarten","article_modified_time":"2025-03-19T08:45:42+00:00","og_image":[{"width":1600,"height":1125,"url":"https:\/\/www.uhl-menu.com\/wp-content\/uploads\/snap-line-praktische-speisekarten-mappe-mit-snap-system.png","type":"image\/png"}],"twitter_card":"summary_large_image","twitter_misc":{"Dur\u00e9e de lecture estim\u00e9e":"1 minute"},"schema":{"@context":"https:\/\/schema.org","@graph":[{"@type":"WebPage","@id":"https:\/\/www.uhl-menu.com\/fr\/produkt\/ligne-snap\/","url":"https:\/\/www.uhl-menu.com\/fr\/produkt\/ligne-snap\/","name":"Ligne Snap \u00bb Chemise pratique pour les menus avec syst\u00e8me d'accroche - menu de Uhl","isPartOf":{"@id":"https:\/\/www.uhl-menu.com\/fr\/#website"},"primaryImageOfPage":{"@id":"https:\/\/www.uhl-menu.com\/fr\/produkt\/ligne-snap\/#primaryimage"},"image":{"@id":"https:\/\/www.uhl-menu.com\/fr\/produkt\/ligne-snap\/#primaryimage"},"thumbnailUrl":"https:\/\/www.uhl-menu.com\/wp-content\/uploads\/snap-line-praktische-speisekarten-mappe-mit-snap-system.png","datePublished":"2021-11-25T12:40:53+00:00","dateModified":"2025-03-19T08:45:42+00:00","breadcrumb":{"@id":"https:\/\/www.uhl-menu.com\/fr\/produkt\/ligne-snap\/#breadcrumb"},"inLanguage":"fr-FR","potentialAction":[{"@type":"ReadAction","target":["https:\/\/www.uhl-menu.com\/fr\/produkt\/ligne-snap\/"]}]},{"@type":"ImageObject","inLanguage":"fr-FR","@id":"https:\/\/www.uhl-menu.com\/fr\/produkt\/ligne-snap\/#primaryimage","url":"https:\/\/www.uhl-menu.com\/wp-content\/uploads\/snap-line-praktische-speisekarten-mappe-mit-snap-system.png","contentUrl":"https:\/\/www.uhl-menu.com\/wp-content\/uploads\/snap-line-praktische-speisekarten-mappe-mit-snap-system.png","width":1600,"height":1125},{"@type":"BreadcrumbList","@id":"https:\/\/www.uhl-menu.com\/fr\/produkt\/ligne-snap\/#breadcrumb","itemListElement":[{"@type":"ListItem","position":1,"name":"Startseite","item":"https:\/\/www.uhl-menu.com\/fr\/"},{"@type":"ListItem","position":2,"name":"Boutique","item":"https:\/\/www.uhl-menu.com\/fr\/boutique\/"},{"@type":"ListItem","position":3,"name":"Ligne Snap"}]},{"@type":"WebSite","@id":"https:\/\/www.uhl-menu.com\/fr\/#website","url":"https:\/\/www.uhl-menu.com\/fr\/","name":"menu de Uhl","description":"e fabricant de menus UHL, fond\u00e9 en 1982, s&#039;est donn\u00e9 d\u00e8s ses d\u00e9buts pour mission de se sp\u00e9cialiser dans les menus et les cartes des vins.","publisher":{"@id":"https:\/\/www.uhl-menu.com\/fr\/#organization"},"potentialAction":[{"@type":"SearchAction","target":{"@type":"EntryPoint","urlTemplate":"https:\/\/www.uhl-menu.com\/fr\/?s={search_term_string}"},"query-input":{"@type":"PropertyValueSpecification","valueRequired":true,"valueName":"search_term_string"}}],"inLanguage":"fr-FR"},{"@type":"Organization","@id":"https:\/\/www.uhl-menu.com\/fr\/#organization","name":"menu de Uhl","url":"https:\/\/www.uhl-menu.com\/fr\/","logo":{"@type":"ImageObject","inLanguage":"fr-FR","@id":"https:\/\/www.uhl-menu.com\/fr\/#\/schema\/logo\/image\/","url":"https:\/\/www.uhl-menu.com\/wp-content\/uploads\/uhl-logo.png","contentUrl":"https:\/\/www.uhl-menu.com\/wp-content\/uploads\/uhl-logo.png","width":66,"height":41,"caption":"menu de Uhl"},"image":{"@id":"https:\/\/www.uhl-menu.com\/fr\/#\/schema\/logo\/image\/"},"sameAs":["https:\/\/www.facebook.com\/uhlspeisekarten","https:\/\/www.youtube.com\/channel\/UCz6fCHDC_EvIaFfibirEF8A\/videos"]}]}},"_links":{"self":[{"href":"https:\/\/www.uhl-menu.com\/fr\/wp-json\/wp\/v2\/product\/52528","targetHints":{"allow":["GET"]}}],"collection":[{"href":"https:\/\/www.uhl-menu.com\/fr\/wp-json\/wp\/v2\/product"}],"about":[{"href":"https:\/\/www.uhl-menu.com\/fr\/wp-json\/wp\/v2\/types\/product"}],"wp:featuredmedia":[{"embeddable":true,"href":"https:\/\/www.uhl-menu.com\/fr\/wp-json\/wp\/v2\/media\/52531"}],"wp:attachment":[{"href":"https:\/\/www.uhl-menu.com\/fr\/wp-json\/wp\/v2\/media?parent=52528"}],"wp:term":[{"taxonomy":"product_brand","embeddable":true,"href":"https:\/\/www.uhl-menu.com\/fr\/wp-json\/wp\/v2\/product_brand?post=52528"},{"taxonomy":"product_cat","embeddable":true,"href":"https:\/\/www.uhl-menu.com\/fr\/wp-json\/wp\/v2\/product_cat?post=52528"},{"taxonomy":"product_tag","embeddable":true,"href":"https:\/\/www.uhl-menu.com\/fr\/wp-json\/wp\/v2\/product_tag?post=52528"}],"curies":[{"name":"wp","href":"https:\/\/api.w.org\/{rel}","templated":true}]}}