{"id":64802,"date":"2025-04-16T12:35:48","date_gmt":"2025-04-16T10:35:48","guid":{"rendered":"https:\/\/www.uhl-menu.com\/?page_id=64802"},"modified":"2025-04-16T12:36:59","modified_gmt":"2025-04-16T10:36:59","slug":"unser-sortiment","status":"publish","type":"page","link":"https:\/\/www.uhl-menu.com\/unser-sortiment\/","title":{"rendered":"Unser Sortiment"},"content":{"rendered":"","protected":false},"excerpt":{"rendered":"","protected":false},"author":1,"featured_media":20674,"parent":0,"menu_order":4,"comment_status":"closed","ping_status":"closed","template":"","meta":{"_acf_changed":false,"footnotes":""},"class_list":["post-64802","page","type-page","status-publish","has-post-thumbnail","hentry"],"acf":[],"yoast_head":"<!-- This site is optimized with the Yoast SEO plugin v26.0 - https:\/\/yoast.com\/wordpress\/plugins\/seo\/ -->\n<title>\u1455\u2776\u1450 Das Sortiment von UHL \u27a1\ufe0f Handgefertigte Spitzenqualit\u00e4t<\/title>\n<meta name=\"description\" content=\"\u276d\u276d\u276d Hochwertige Karten von UHL \u27a1\ufe0f Handgefertigte Spitzenqualti\u00e4t \u2705 Veredeln Sie Ihre Marke\" \/>\n<meta name=\"robots\" content=\"index, follow, max-snippet:-1, max-image-preview:large, max-video-preview:-1\" \/>\n<link rel=\"canonical\" href=\"https:\/\/www.uhl-menu.com\/hr\/unser-sortiment\/\" \/>\n<meta property=\"og:locale\" content=\"hr_HR\" \/>\n<meta property=\"og:type\" content=\"article\" \/>\n<meta property=\"og:title\" content=\"\u1455\u2776\u1450 Das Sortiment von UHL \u27a1\ufe0f Handgefertigte Spitzenqualit\u00e4t\" \/>\n<meta property=\"og:description\" content=\"\u276d\u276d\u276d Hochwertige Karten von UHL \u27a1\ufe0f Handgefertigte Spitzenqualti\u00e4t \u2705 Veredeln Sie Ihre Marke\" \/>\n<meta property=\"og:url\" content=\"https:\/\/www.uhl-menu.com\/unser-sortiment\/\" \/>\n<meta property=\"og:site_name\" content=\"menu de Uhl\" \/>\n<meta property=\"article:publisher\" content=\"https:\/\/www.facebook.com\/uhlspeisekarten\" \/>\n<meta property=\"article:modified_time\" content=\"2025-04-16T10:36:59+00:00\" \/>\n<meta property=\"og:image\" content=\"https:\/\/www.uhl-menu.com\/wp-content\/uploads\/speisekarten-gastronomie-restaurants-4.jpg\" \/>\n\t<meta property=\"og:image:width\" content=\"2500\" \/>\n\t<meta property=\"og:image:height\" content=\"1715\" \/>\n\t<meta property=\"og:image:type\" content=\"image\/jpeg\" \/>\n<meta name=\"twitter:card\" content=\"summary_large_image\" \/>\n<meta name=\"twitter:label1\" content=\"Procijenjeno vrijeme \u010ditanja\" \/>\n\t<meta name=\"twitter:data1\" content=\"1 minuta\" \/>\n<script type=\"application\/ld+json\" class=\"yoast-schema-graph\">{\"@context\":\"https:\/\/schema.org\",\"@graph\":[{\"@type\":\"WebPage\",\"@id\":\"https:\/\/www.uhl-menu.com\/unser-sortiment\/\",\"url\":\"https:\/\/www.uhl-menu.com\/unser-sortiment\/\",\"name\":\"\u1455\u2776\u1450 Das Sortiment von UHL \u27a1\ufe0f Handgefertigte Spitzenqualit\u00e4t\",\"isPartOf\":{\"@id\":\"https:\/\/www.uhl-menu.com\/hr\/#website\"},\"primaryImageOfPage\":{\"@id\":\"https:\/\/www.uhl-menu.com\/unser-sortiment\/#primaryimage\"},\"image\":{\"@id\":\"https:\/\/www.uhl-menu.com\/unser-sortiment\/#primaryimage\"},\"thumbnailUrl\":\"https:\/\/www.uhl-menu.com\/wp-content\/uploads\/speisekarten-gastronomie-restaurants-4.jpg\",\"datePublished\":\"2025-04-16T10:35:48+00:00\",\"dateModified\":\"2025-04-16T10:36:59+00:00\",\"description\":\"\u276d\u276d\u276d Hochwertige Karten von UHL \u27a1\ufe0f Handgefertigte Spitzenqualti\u00e4t \u2705 Veredeln Sie Ihre Marke\",\"breadcrumb\":{\"@id\":\"https:\/\/www.uhl-menu.com\/unser-sortiment\/#breadcrumb\"},\"inLanguage\":\"hr\",\"potentialAction\":[{\"@type\":\"ReadAction\",\"target\":[\"https:\/\/www.uhl-menu.com\/unser-sortiment\/\"]}]},{\"@type\":\"ImageObject\",\"inLanguage\":\"hr\",\"@id\":\"https:\/\/www.uhl-menu.com\/unser-sortiment\/#primaryimage\",\"url\":\"https:\/\/www.uhl-menu.com\/wp-content\/uploads\/speisekarten-gastronomie-restaurants-4.jpg\",\"contentUrl\":\"https:\/\/www.uhl-menu.com\/wp-content\/uploads\/speisekarten-gastronomie-restaurants-4.jpg\",\"width\":2500,\"height\":1715},{\"@type\":\"BreadcrumbList\",\"@id\":\"https:\/\/www.uhl-menu.com\/unser-sortiment\/#breadcrumb\",\"itemListElement\":[{\"@type\":\"ListItem\",\"position\":1,\"name\":\"Startseite\",\"item\":\"https:\/\/www.uhl-menu.com\/hr\/\"},{\"@type\":\"ListItem\",\"position\":2,\"name\":\"Unser Sortiment\"}]},{\"@type\":\"WebSite\",\"@id\":\"https:\/\/www.uhl-menu.com\/hr\/#website\",\"url\":\"https:\/\/www.uhl-menu.com\/hr\/\",\"name\":\"menu de Uhl\",\"description\":\"e fabricant de menus UHL, fond\u00e9 en 1982, s&#039;est donn\u00e9 d\u00e8s ses d\u00e9buts pour mission de se sp\u00e9cialiser dans les menus et les cartes des vins.\",\"publisher\":{\"@id\":\"https:\/\/www.uhl-menu.com\/hr\/#organization\"},\"potentialAction\":[{\"@type\":\"SearchAction\",\"target\":{\"@type\":\"EntryPoint\",\"urlTemplate\":\"https:\/\/www.uhl-menu.com\/hr\/?s={search_term_string}\"},\"query-input\":{\"@type\":\"PropertyValueSpecification\",\"valueRequired\":true,\"valueName\":\"search_term_string\"}}],\"inLanguage\":\"hr\"},{\"@type\":\"Organization\",\"@id\":\"https:\/\/www.uhl-menu.com\/hr\/#organization\",\"name\":\"menu de Uhl\",\"url\":\"https:\/\/www.uhl-menu.com\/hr\/\",\"logo\":{\"@type\":\"ImageObject\",\"inLanguage\":\"hr\",\"@id\":\"https:\/\/www.uhl-menu.com\/hr\/#\/schema\/logo\/image\/\",\"url\":\"https:\/\/www.uhl-menu.com\/wp-content\/uploads\/uhl-logo.png\",\"contentUrl\":\"https:\/\/www.uhl-menu.com\/wp-content\/uploads\/uhl-logo.png\",\"width\":66,\"height\":41,\"caption\":\"menu de Uhl\"},\"image\":{\"@id\":\"https:\/\/www.uhl-menu.com\/hr\/#\/schema\/logo\/image\/\"},\"sameAs\":[\"https:\/\/www.facebook.com\/uhlspeisekarten\",\"https:\/\/www.youtube.com\/channel\/UCz6fCHDC_EvIaFfibirEF8A\/videos\"]}]}<\/script>\n<!-- \/ Yoast SEO plugin. -->","yoast_head_json":{"title":"\u1455\u2776\u1450 Das Sortiment von UHL \u27a1\ufe0f Handgefertigte Spitzenqualit\u00e4t","description":"\u276d\u276d\u276d Hochwertige Karten von UHL \u27a1\ufe0f Handgefertigte Spitzenqualti\u00e4t \u2705 Veredeln Sie Ihre Marke","robots":{"index":"index","follow":"follow","max-snippet":"max-snippet:-1","max-image-preview":"max-image-preview:large","max-video-preview":"max-video-preview:-1"},"canonical":"https:\/\/www.uhl-menu.com\/hr\/unser-sortiment\/","og_locale":"hr_HR","og_type":"article","og_title":"\u1455\u2776\u1450 Das Sortiment von UHL \u27a1\ufe0f Handgefertigte Spitzenqualit\u00e4t","og_description":"\u276d\u276d\u276d Hochwertige Karten von UHL \u27a1\ufe0f Handgefertigte Spitzenqualti\u00e4t \u2705 Veredeln Sie Ihre Marke","og_url":"https:\/\/www.uhl-menu.com\/unser-sortiment\/","og_site_name":"menu de Uhl","article_publisher":"https:\/\/www.facebook.com\/uhlspeisekarten","article_modified_time":"2025-04-16T10:36:59+00:00","og_image":[{"width":2500,"height":1715,"url":"https:\/\/www.uhl-menu.com\/wp-content\/uploads\/speisekarten-gastronomie-restaurants-4.jpg","type":"image\/jpeg"}],"twitter_card":"summary_large_image","twitter_misc":{"Procijenjeno vrijeme \u010ditanja":"1 minuta"},"schema":{"@context":"https:\/\/schema.org","@graph":[{"@type":"WebPage","@id":"https:\/\/www.uhl-menu.com\/unser-sortiment\/","url":"https:\/\/www.uhl-menu.com\/unser-sortiment\/","name":"\u1455\u2776\u1450 Das Sortiment von UHL \u27a1\ufe0f Handgefertigte Spitzenqualit\u00e4t","isPartOf":{"@id":"https:\/\/www.uhl-menu.com\/hr\/#website"},"primaryImageOfPage":{"@id":"https:\/\/www.uhl-menu.com\/unser-sortiment\/#primaryimage"},"image":{"@id":"https:\/\/www.uhl-menu.com\/unser-sortiment\/#primaryimage"},"thumbnailUrl":"https:\/\/www.uhl-menu.com\/wp-content\/uploads\/speisekarten-gastronomie-restaurants-4.jpg","datePublished":"2025-04-16T10:35:48+00:00","dateModified":"2025-04-16T10:36:59+00:00","description":"\u276d\u276d\u276d Hochwertige Karten von UHL \u27a1\ufe0f Handgefertigte Spitzenqualti\u00e4t \u2705 Veredeln Sie Ihre Marke","breadcrumb":{"@id":"https:\/\/www.uhl-menu.com\/unser-sortiment\/#breadcrumb"},"inLanguage":"hr","potentialAction":[{"@type":"ReadAction","target":["https:\/\/www.uhl-menu.com\/unser-sortiment\/"]}]},{"@type":"ImageObject","inLanguage":"hr","@id":"https:\/\/www.uhl-menu.com\/unser-sortiment\/#primaryimage","url":"https:\/\/www.uhl-menu.com\/wp-content\/uploads\/speisekarten-gastronomie-restaurants-4.jpg","contentUrl":"https:\/\/www.uhl-menu.com\/wp-content\/uploads\/speisekarten-gastronomie-restaurants-4.jpg","width":2500,"height":1715},{"@type":"BreadcrumbList","@id":"https:\/\/www.uhl-menu.com\/unser-sortiment\/#breadcrumb","itemListElement":[{"@type":"ListItem","position":1,"name":"Startseite","item":"https:\/\/www.uhl-menu.com\/hr\/"},{"@type":"ListItem","position":2,"name":"Unser Sortiment"}]},{"@type":"WebSite","@id":"https:\/\/www.uhl-menu.com\/hr\/#website","url":"https:\/\/www.uhl-menu.com\/hr\/","name":"menu de Uhl","description":"e fabricant de menus UHL, fond\u00e9 en 1982, s&#039;est donn\u00e9 d\u00e8s ses d\u00e9buts pour mission de se sp\u00e9cialiser dans les menus et les cartes des vins.","publisher":{"@id":"https:\/\/www.uhl-menu.com\/hr\/#organization"},"potentialAction":[{"@type":"SearchAction","target":{"@type":"EntryPoint","urlTemplate":"https:\/\/www.uhl-menu.com\/hr\/?s={search_term_string}"},"query-input":{"@type":"PropertyValueSpecification","valueRequired":true,"valueName":"search_term_string"}}],"inLanguage":"hr"},{"@type":"Organization","@id":"https:\/\/www.uhl-menu.com\/hr\/#organization","name":"menu de Uhl","url":"https:\/\/www.uhl-menu.com\/hr\/","logo":{"@type":"ImageObject","inLanguage":"hr","@id":"https:\/\/www.uhl-menu.com\/hr\/#\/schema\/logo\/image\/","url":"https:\/\/www.uhl-menu.com\/wp-content\/uploads\/uhl-logo.png","contentUrl":"https:\/\/www.uhl-menu.com\/wp-content\/uploads\/uhl-logo.png","width":66,"height":41,"caption":"menu de Uhl"},"image":{"@id":"https:\/\/www.uhl-menu.com\/hr\/#\/schema\/logo\/image\/"},"sameAs":["https:\/\/www.facebook.com\/uhlspeisekarten","https:\/\/www.youtube.com\/channel\/UCz6fCHDC_EvIaFfibirEF8A\/videos"]}]}},"_links":{"self":[{"href":"https:\/\/www.uhl-menu.com\/hr\/wp-json\/wp\/v2\/pages\/64802","targetHints":{"allow":["GET"]}}],"collection":[{"href":"https:\/\/www.uhl-menu.com\/hr\/wp-json\/wp\/v2\/pages"}],"about":[{"href":"https:\/\/www.uhl-menu.com\/hr\/wp-json\/wp\/v2\/types\/page"}],"author":[{"embeddable":true,"href":"https:\/\/www.uhl-menu.com\/hr\/wp-json\/wp\/v2\/users\/1"}],"replies":[{"embeddable":true,"href":"https:\/\/www.uhl-menu.com\/hr\/wp-json\/wp\/v2\/comments?post=64802"}],"version-history":[{"count":3,"href":"https:\/\/www.uhl-menu.com\/hr\/wp-json\/wp\/v2\/pages\/64802\/revisions"}],"predecessor-version":[{"id":64805,"href":"https:\/\/www.uhl-menu.com\/hr\/wp-json\/wp\/v2\/pages\/64802\/revisions\/64805"}],"wp:featuredmedia":[{"embeddable":true,"href":"https:\/\/www.uhl-menu.com\/hr\/wp-json\/wp\/v2\/media\/20674"}],"wp:attachment":[{"href":"https:\/\/www.uhl-menu.com\/hr\/wp-json\/wp\/v2\/media?parent=64802"}],"curies":[{"name":"wp","href":"https:\/\/api.w.org\/{rel}","templated":true}]}}