{"id":65026,"date":"2021-10-18T18:43:42","date_gmt":"2021-10-18T16:43:42","guid":{"rendered":"https:\/\/www.uhl-menu.com\/prica\/"},"modified":"2021-10-18T18:43:42","modified_gmt":"2021-10-18T16:43:42","slug":"prica","status":"publish","type":"page","link":"https:\/\/www.uhl-menu.com\/hr\/prica\/","title":{"rendered":"Pri\u010da"},"content":{"rendered":"","protected":false},"excerpt":{"rendered":"","protected":false},"author":1,"featured_media":0,"parent":0,"menu_order":16,"comment_status":"closed","ping_status":"closed","template":"","meta":{"_acf_changed":false,"footnotes":""},"class_list":["post-65026","page","type-page","status-publish","hentry"],"acf":[],"yoast_head":"<!-- This site is optimized with the Yoast SEO plugin v26.0 - https:\/\/yoast.com\/wordpress\/plugins\/seo\/ -->\n<title>\u1455\u2776\u1450 Pri\u010da - \u27a1\ufe0f menu de Uhl<\/title>\n<meta name=\"description\" content=\"\u276d\u276d\u276d Hochwertige Speisekarten und Getr\u00e4nkekarten von UHL \u27a1\ufe0f Handgefertigte Spitzenqualti\u00e4t \u2705 Veredeln Sie Ihre Marke \u2705\" \/>\n<meta name=\"robots\" content=\"index, follow, max-snippet:-1, max-image-preview:large, max-video-preview:-1\" \/>\n<link rel=\"canonical\" href=\"https:\/\/www.uhl-menu.com\/hr\/prica\/\" \/>\n<meta property=\"og:locale\" content=\"hr_HR\" \/>\n<meta property=\"og:type\" content=\"article\" \/>\n<meta property=\"og:title\" content=\"\u1455\u2776\u1450 Pri\u010da - \u27a1\ufe0f menu de Uhl\" \/>\n<meta property=\"og:description\" content=\"\u276d\u276d\u276d Hochwertige Speisekarten und Getr\u00e4nkekarten von UHL \u27a1\ufe0f Handgefertigte Spitzenqualti\u00e4t \u2705 Veredeln Sie Ihre Marke \u2705\" \/>\n<meta property=\"og:url\" content=\"https:\/\/www.uhl-menu.com\/hr\/prica\/\" \/>\n<meta property=\"og:site_name\" content=\"menu de Uhl\" \/>\n<meta property=\"article:publisher\" content=\"https:\/\/www.facebook.com\/uhlspeisekarten\" \/>\n<meta name=\"twitter:card\" content=\"summary_large_image\" \/>\n<script type=\"application\/ld+json\" class=\"yoast-schema-graph\">{\"@context\":\"https:\/\/schema.org\",\"@graph\":[{\"@type\":\"WebPage\",\"@id\":\"https:\/\/www.uhl-menu.com\/hr\/prica\/\",\"url\":\"https:\/\/www.uhl-menu.com\/hr\/prica\/\",\"name\":\"\u1455\u2776\u1450 Pri\u010da - \u27a1\ufe0f menu de Uhl\",\"isPartOf\":{\"@id\":\"https:\/\/www.uhl-menu.com\/hr\/#website\"},\"datePublished\":\"2021-10-18T16:43:42+00:00\",\"description\":\"\u276d\u276d\u276d Hochwertige Speisekarten und Getr\u00e4nkekarten von UHL \u27a1\ufe0f Handgefertigte Spitzenqualti\u00e4t \u2705 Veredeln Sie Ihre Marke \u2705\",\"breadcrumb\":{\"@id\":\"https:\/\/www.uhl-menu.com\/hr\/prica\/#breadcrumb\"},\"inLanguage\":\"hr\",\"potentialAction\":[{\"@type\":\"ReadAction\",\"target\":[\"https:\/\/www.uhl-menu.com\/hr\/prica\/\"]}]},{\"@type\":\"BreadcrumbList\",\"@id\":\"https:\/\/www.uhl-menu.com\/hr\/prica\/#breadcrumb\",\"itemListElement\":[{\"@type\":\"ListItem\",\"position\":1,\"name\":\"Startseite\",\"item\":\"https:\/\/www.uhl-menu.com\/hr\/\"},{\"@type\":\"ListItem\",\"position\":2,\"name\":\"Pri\u010da\"}]},{\"@type\":\"WebSite\",\"@id\":\"https:\/\/www.uhl-menu.com\/hr\/#website\",\"url\":\"https:\/\/www.uhl-menu.com\/hr\/\",\"name\":\"menu de Uhl\",\"description\":\"e fabricant de menus UHL, fond\u00e9 en 1982, s&#039;est donn\u00e9 d\u00e8s ses d\u00e9buts pour mission de se sp\u00e9cialiser dans les menus et les cartes des vins.\",\"publisher\":{\"@id\":\"https:\/\/www.uhl-menu.com\/hr\/#organization\"},\"potentialAction\":[{\"@type\":\"SearchAction\",\"target\":{\"@type\":\"EntryPoint\",\"urlTemplate\":\"https:\/\/www.uhl-menu.com\/hr\/?s={search_term_string}\"},\"query-input\":{\"@type\":\"PropertyValueSpecification\",\"valueRequired\":true,\"valueName\":\"search_term_string\"}}],\"inLanguage\":\"hr\"},{\"@type\":\"Organization\",\"@id\":\"https:\/\/www.uhl-menu.com\/hr\/#organization\",\"name\":\"menu de Uhl\",\"url\":\"https:\/\/www.uhl-menu.com\/hr\/\",\"logo\":{\"@type\":\"ImageObject\",\"inLanguage\":\"hr\",\"@id\":\"https:\/\/www.uhl-menu.com\/hr\/#\/schema\/logo\/image\/\",\"url\":\"https:\/\/www.uhl-menu.com\/wp-content\/uploads\/uhl-logo.png\",\"contentUrl\":\"https:\/\/www.uhl-menu.com\/wp-content\/uploads\/uhl-logo.png\",\"width\":66,\"height\":41,\"caption\":\"menu de Uhl\"},\"image\":{\"@id\":\"https:\/\/www.uhl-menu.com\/hr\/#\/schema\/logo\/image\/\"},\"sameAs\":[\"https:\/\/www.facebook.com\/uhlspeisekarten\",\"https:\/\/www.youtube.com\/channel\/UCz6fCHDC_EvIaFfibirEF8A\/videos\"]}]}<\/script>\n<!-- \/ Yoast SEO plugin. -->","yoast_head_json":{"title":"\u1455\u2776\u1450 Pri\u010da - \u27a1\ufe0f menu de Uhl","description":"\u276d\u276d\u276d Hochwertige Speisekarten und Getr\u00e4nkekarten von UHL \u27a1\ufe0f Handgefertigte Spitzenqualti\u00e4t \u2705 Veredeln Sie Ihre Marke \u2705","robots":{"index":"index","follow":"follow","max-snippet":"max-snippet:-1","max-image-preview":"max-image-preview:large","max-video-preview":"max-video-preview:-1"},"canonical":"https:\/\/www.uhl-menu.com\/hr\/prica\/","og_locale":"hr_HR","og_type":"article","og_title":"\u1455\u2776\u1450 Pri\u010da - \u27a1\ufe0f menu de Uhl","og_description":"\u276d\u276d\u276d Hochwertige Speisekarten und Getr\u00e4nkekarten von UHL \u27a1\ufe0f Handgefertigte Spitzenqualti\u00e4t \u2705 Veredeln Sie Ihre Marke \u2705","og_url":"https:\/\/www.uhl-menu.com\/hr\/prica\/","og_site_name":"menu de Uhl","article_publisher":"https:\/\/www.facebook.com\/uhlspeisekarten","twitter_card":"summary_large_image","schema":{"@context":"https:\/\/schema.org","@graph":[{"@type":"WebPage","@id":"https:\/\/www.uhl-menu.com\/hr\/prica\/","url":"https:\/\/www.uhl-menu.com\/hr\/prica\/","name":"\u1455\u2776\u1450 Pri\u010da - \u27a1\ufe0f menu de Uhl","isPartOf":{"@id":"https:\/\/www.uhl-menu.com\/hr\/#website"},"datePublished":"2021-10-18T16:43:42+00:00","description":"\u276d\u276d\u276d Hochwertige Speisekarten und Getr\u00e4nkekarten von UHL \u27a1\ufe0f Handgefertigte Spitzenqualti\u00e4t \u2705 Veredeln Sie Ihre Marke \u2705","breadcrumb":{"@id":"https:\/\/www.uhl-menu.com\/hr\/prica\/#breadcrumb"},"inLanguage":"hr","potentialAction":[{"@type":"ReadAction","target":["https:\/\/www.uhl-menu.com\/hr\/prica\/"]}]},{"@type":"BreadcrumbList","@id":"https:\/\/www.uhl-menu.com\/hr\/prica\/#breadcrumb","itemListElement":[{"@type":"ListItem","position":1,"name":"Startseite","item":"https:\/\/www.uhl-menu.com\/hr\/"},{"@type":"ListItem","position":2,"name":"Pri\u010da"}]},{"@type":"WebSite","@id":"https:\/\/www.uhl-menu.com\/hr\/#website","url":"https:\/\/www.uhl-menu.com\/hr\/","name":"menu de Uhl","description":"e fabricant de menus UHL, fond\u00e9 en 1982, s&#039;est donn\u00e9 d\u00e8s ses d\u00e9buts pour mission de se sp\u00e9cialiser dans les menus et les cartes des vins.","publisher":{"@id":"https:\/\/www.uhl-menu.com\/hr\/#organization"},"potentialAction":[{"@type":"SearchAction","target":{"@type":"EntryPoint","urlTemplate":"https:\/\/www.uhl-menu.com\/hr\/?s={search_term_string}"},"query-input":{"@type":"PropertyValueSpecification","valueRequired":true,"valueName":"search_term_string"}}],"inLanguage":"hr"},{"@type":"Organization","@id":"https:\/\/www.uhl-menu.com\/hr\/#organization","name":"menu de Uhl","url":"https:\/\/www.uhl-menu.com\/hr\/","logo":{"@type":"ImageObject","inLanguage":"hr","@id":"https:\/\/www.uhl-menu.com\/hr\/#\/schema\/logo\/image\/","url":"https:\/\/www.uhl-menu.com\/wp-content\/uploads\/uhl-logo.png","contentUrl":"https:\/\/www.uhl-menu.com\/wp-content\/uploads\/uhl-logo.png","width":66,"height":41,"caption":"menu de Uhl"},"image":{"@id":"https:\/\/www.uhl-menu.com\/hr\/#\/schema\/logo\/image\/"},"sameAs":["https:\/\/www.facebook.com\/uhlspeisekarten","https:\/\/www.youtube.com\/channel\/UCz6fCHDC_EvIaFfibirEF8A\/videos"]}]}},"_links":{"self":[{"href":"https:\/\/www.uhl-menu.com\/hr\/wp-json\/wp\/v2\/pages\/65026","targetHints":{"allow":["GET"]}}],"collection":[{"href":"https:\/\/www.uhl-menu.com\/hr\/wp-json\/wp\/v2\/pages"}],"about":[{"href":"https:\/\/www.uhl-menu.com\/hr\/wp-json\/wp\/v2\/types\/page"}],"author":[{"embeddable":true,"href":"https:\/\/www.uhl-menu.com\/hr\/wp-json\/wp\/v2\/users\/1"}],"replies":[{"embeddable":true,"href":"https:\/\/www.uhl-menu.com\/hr\/wp-json\/wp\/v2\/comments?post=65026"}],"version-history":[{"count":0,"href":"https:\/\/www.uhl-menu.com\/hr\/wp-json\/wp\/v2\/pages\/65026\/revisions"}],"wp:attachment":[{"href":"https:\/\/www.uhl-menu.com\/hr\/wp-json\/wp\/v2\/media?parent=65026"}],"curies":[{"name":"wp","href":"https:\/\/api.w.org\/{rel}","templated":true}]}}