{"id":67465,"date":"2021-09-24T15:01:10","date_gmt":"2021-09-24T13:01:10","guid":{"rendered":"https:\/\/www.uhl-menu.com\/dom\/"},"modified":"2025-05-06T13:44:05","modified_gmt":"2025-05-06T11:44:05","slug":"dom","status":"publish","type":"page","link":"https:\/\/www.uhl-menu.com\/hr\/","title":{"rendered":"Dom"},"content":{"rendered":"\r\n<p>Ovo je primjer stranice. Razlikuje se od objava jer uvijek ostaje na istom mjestu i (u ve\u0107ini tema) prikazuje se u navigaciji web stranice. Ve\u0107ina zapo\u010dinje s impresumom, pravilima o privatnosti ili stranicom \u201eO nama\u201c kako bi se predstavili potencijalnim posjetiteljima web stranice. Na primjer, moglo bi se re\u0107i:<\/p>\r\n\r\n\r\n\r\n<blockquote class=\"wp-block-quote is-layout-flow wp-block-quote-is-layout-flow\">\r\n<p>Zdravo! Danju radim kao kurir na biciklima, no\u0107u sam ambiciozni glumac, a ovo je moja web stranica. \u017divim u Berlinu, imam velikog psa po imenu Jack, volim pi\u00f1a colade, ali manje volim biti ostavljen vani na ki\u0161i (bez ki\u0161obrana).<\/p>\r\n<\/blockquote>\r\n\r\n\r\n\r\n<p>&#8230;ili ne\u0161to ovako:<\/p>\r\n\r\n\r\n\r\n<blockquote class=\"wp-block-quote is-layout-flow wp-block-quote-is-layout-flow\">\r\n<p>Tvrtka XYZ osnovana je 1971. godine i od tada javnosti pru\u017ea visokokvalitetne proizvode. Na svojoj lokaciji u malom gradu, tvrtka zapo\u0161ljava preko 2000 ljudi i na mnogo na\u010dina podr\u017eava stanovnike grada.<\/p>\r\n<\/blockquote>\r\n\r\n\r\n\r\n<p>Kao novi korisnik WordPressa, trebali biste oti\u0107i na <a href=\"https:\/\/www.uhl-menu.com\/wp-admin\/\">svoju nadzornu plo\u010du<\/a> kako biste izbrisali ovu stranicu i stvorili nove stranice i objave za svoju web-lokaciju. Zabavite se!<\/p>\r\n","protected":false},"excerpt":{"rendered":"<p>Ovo je primjer stranice. Razlikuje se od objava jer uvijek ostaje na istom mjestu i (u ve\u0107ini tema) prikazuje se u navigaciji web stranice. Ve\u0107ina zapo\u010dinje s impresumom, pravilima o privatnosti ili stranicom \u201eO nama\u201c kako bi se predstavili potencijalnim posjetiteljima web stranice. Na primjer, moglo bi se re\u0107i: Zdravo! Danju radim kao kurir na [&hellip;]<\/p>\n","protected":false},"author":1,"featured_media":0,"parent":0,"menu_order":1,"comment_status":"closed","ping_status":"closed","template":"","meta":{"_acf_changed":false,"footnotes":""},"class_list":["post-67465","page","type-page","status-publish","hentry"],"acf":[],"yoast_head":"<!-- This site is optimized with the Yoast SEO plugin v26.0 - https:\/\/yoast.com\/wordpress\/plugins\/seo\/ -->\n<title>\u1455\u2776\u1450 Jelovnici i karte pi\u0107a \u27a1\ufe0f Ru\u010dno izra\u0111eno!<\/title>\n<meta name=\"description\" content=\"\u276d\u276d\u276d Visokokvalitetni jelovnici i karte pi\u0107a iz UHL-a \u27a1\ufe0f Ru\u010dna izrada vrhunske kvalitete \u2705 Usavr\u0161ite svoj brend \u2705\" \/>\n<meta name=\"robots\" content=\"index, follow, max-snippet:-1, max-image-preview:large, max-video-preview:-1\" \/>\n<link rel=\"canonical\" href=\"https:\/\/www.uhl-menu.com\/hr\/\" \/>\n<meta property=\"og:locale\" content=\"hr_HR\" \/>\n<meta property=\"og:type\" content=\"article\" \/>\n<meta property=\"og:title\" content=\"\u1455\u2776\u1450 Jelovnici i karte pi\u0107a \u27a1\ufe0f Ru\u010dno izra\u0111eno!\" \/>\n<meta property=\"og:description\" content=\"\u276d\u276d\u276d Visokokvalitetni jelovnici i karte pi\u0107a iz UHL-a \u27a1\ufe0f Ru\u010dna izrada vrhunske kvalitete \u2705 Usavr\u0161ite svoj brend \u2705\" \/>\n<meta property=\"og:url\" content=\"https:\/\/www.uhl-menu.com\/hr\/\" \/>\n<meta property=\"og:site_name\" content=\"menu de Uhl\" \/>\n<meta property=\"article:publisher\" content=\"https:\/\/www.facebook.com\/uhlspeisekarten\" \/>\n<meta property=\"article:modified_time\" content=\"2025-05-06T11:44:05+00:00\" \/>\n<meta name=\"twitter:card\" content=\"summary_large_image\" \/>\n<meta name=\"twitter:label1\" content=\"Procijenjeno vrijeme \u010ditanja\" \/>\n\t<meta name=\"twitter:data1\" content=\"1 minuta\" \/>\n<script type=\"application\/ld+json\" class=\"yoast-schema-graph\">{\"@context\":\"https:\/\/schema.org\",\"@graph\":[{\"@type\":\"WebPage\",\"@id\":\"https:\/\/www.uhl-menu.com\/hr\/\",\"url\":\"https:\/\/www.uhl-menu.com\/hr\/\",\"name\":\"\u1455\u2776\u1450 Jelovnici i karte pi\u0107a \u27a1\ufe0f Ru\u010dno izra\u0111eno!\",\"isPartOf\":{\"@id\":\"https:\/\/www.uhl-menu.com\/hr\/#website\"},\"datePublished\":\"2021-09-24T13:01:10+00:00\",\"dateModified\":\"2025-05-06T11:44:05+00:00\",\"description\":\"\u276d\u276d\u276d Visokokvalitetni jelovnici i karte pi\u0107a iz UHL-a \u27a1\ufe0f Ru\u010dna izrada vrhunske kvalitete \u2705 Usavr\u0161ite svoj brend \u2705\",\"breadcrumb\":{\"@id\":\"https:\/\/www.uhl-menu.com\/hr\/#breadcrumb\"},\"inLanguage\":\"hr\",\"potentialAction\":[{\"@type\":\"ReadAction\",\"target\":[\"https:\/\/www.uhl-menu.com\/hr\/\"]}]},{\"@type\":\"BreadcrumbList\",\"@id\":\"https:\/\/www.uhl-menu.com\/hr\/#breadcrumb\",\"itemListElement\":[{\"@type\":\"ListItem\",\"position\":1,\"name\":\"Startseite\",\"item\":\"https:\/\/www.uhl-menu.com\/hr\/\"},{\"@type\":\"ListItem\",\"position\":2,\"name\":\"Dom\"}]},{\"@type\":\"WebSite\",\"@id\":\"https:\/\/www.uhl-menu.com\/hr\/#website\",\"url\":\"https:\/\/www.uhl-menu.com\/hr\/\",\"name\":\"menu de Uhl\",\"description\":\"e fabricant de menus UHL, fond\u00e9 en 1982, s&#039;est donn\u00e9 d\u00e8s ses d\u00e9buts pour mission de se sp\u00e9cialiser dans les menus et les cartes des vins.\",\"publisher\":{\"@id\":\"https:\/\/www.uhl-menu.com\/hr\/#organization\"},\"potentialAction\":[{\"@type\":\"SearchAction\",\"target\":{\"@type\":\"EntryPoint\",\"urlTemplate\":\"https:\/\/www.uhl-menu.com\/hr\/?s={search_term_string}\"},\"query-input\":{\"@type\":\"PropertyValueSpecification\",\"valueRequired\":true,\"valueName\":\"search_term_string\"}}],\"inLanguage\":\"hr\"},{\"@type\":\"Organization\",\"@id\":\"https:\/\/www.uhl-menu.com\/hr\/#organization\",\"name\":\"menu de Uhl\",\"url\":\"https:\/\/www.uhl-menu.com\/hr\/\",\"logo\":{\"@type\":\"ImageObject\",\"inLanguage\":\"hr\",\"@id\":\"https:\/\/www.uhl-menu.com\/hr\/#\/schema\/logo\/image\/\",\"url\":\"https:\/\/www.uhl-menu.com\/wp-content\/uploads\/uhl-logo.png\",\"contentUrl\":\"https:\/\/www.uhl-menu.com\/wp-content\/uploads\/uhl-logo.png\",\"width\":66,\"height\":41,\"caption\":\"menu de Uhl\"},\"image\":{\"@id\":\"https:\/\/www.uhl-menu.com\/hr\/#\/schema\/logo\/image\/\"},\"sameAs\":[\"https:\/\/www.facebook.com\/uhlspeisekarten\",\"https:\/\/www.youtube.com\/channel\/UCz6fCHDC_EvIaFfibirEF8A\/videos\"]}]}<\/script>\n<!-- \/ Yoast SEO plugin. -->","yoast_head_json":{"title":"\u1455\u2776\u1450 Jelovnici i karte pi\u0107a \u27a1\ufe0f Ru\u010dno izra\u0111eno!","description":"\u276d\u276d\u276d Visokokvalitetni jelovnici i karte pi\u0107a iz UHL-a \u27a1\ufe0f Ru\u010dna izrada vrhunske kvalitete \u2705 Usavr\u0161ite svoj brend \u2705","robots":{"index":"index","follow":"follow","max-snippet":"max-snippet:-1","max-image-preview":"max-image-preview:large","max-video-preview":"max-video-preview:-1"},"canonical":"https:\/\/www.uhl-menu.com\/hr\/","og_locale":"hr_HR","og_type":"article","og_title":"\u1455\u2776\u1450 Jelovnici i karte pi\u0107a \u27a1\ufe0f Ru\u010dno izra\u0111eno!","og_description":"\u276d\u276d\u276d Visokokvalitetni jelovnici i karte pi\u0107a iz UHL-a \u27a1\ufe0f Ru\u010dna izrada vrhunske kvalitete \u2705 Usavr\u0161ite svoj brend \u2705","og_url":"https:\/\/www.uhl-menu.com\/hr\/","og_site_name":"menu de Uhl","article_publisher":"https:\/\/www.facebook.com\/uhlspeisekarten","article_modified_time":"2025-05-06T11:44:05+00:00","twitter_card":"summary_large_image","twitter_misc":{"Procijenjeno vrijeme \u010ditanja":"1 minuta"},"schema":{"@context":"https:\/\/schema.org","@graph":[{"@type":"WebPage","@id":"https:\/\/www.uhl-menu.com\/hr\/","url":"https:\/\/www.uhl-menu.com\/hr\/","name":"\u1455\u2776\u1450 Jelovnici i karte pi\u0107a \u27a1\ufe0f Ru\u010dno izra\u0111eno!","isPartOf":{"@id":"https:\/\/www.uhl-menu.com\/hr\/#website"},"datePublished":"2021-09-24T13:01:10+00:00","dateModified":"2025-05-06T11:44:05+00:00","description":"\u276d\u276d\u276d Visokokvalitetni jelovnici i karte pi\u0107a iz UHL-a \u27a1\ufe0f Ru\u010dna izrada vrhunske kvalitete \u2705 Usavr\u0161ite svoj brend \u2705","breadcrumb":{"@id":"https:\/\/www.uhl-menu.com\/hr\/#breadcrumb"},"inLanguage":"hr","potentialAction":[{"@type":"ReadAction","target":["https:\/\/www.uhl-menu.com\/hr\/"]}]},{"@type":"BreadcrumbList","@id":"https:\/\/www.uhl-menu.com\/hr\/#breadcrumb","itemListElement":[{"@type":"ListItem","position":1,"name":"Startseite","item":"https:\/\/www.uhl-menu.com\/hr\/"},{"@type":"ListItem","position":2,"name":"Dom"}]},{"@type":"WebSite","@id":"https:\/\/www.uhl-menu.com\/hr\/#website","url":"https:\/\/www.uhl-menu.com\/hr\/","name":"menu de Uhl","description":"e fabricant de menus UHL, fond\u00e9 en 1982, s&#039;est donn\u00e9 d\u00e8s ses d\u00e9buts pour mission de se sp\u00e9cialiser dans les menus et les cartes des vins.","publisher":{"@id":"https:\/\/www.uhl-menu.com\/hr\/#organization"},"potentialAction":[{"@type":"SearchAction","target":{"@type":"EntryPoint","urlTemplate":"https:\/\/www.uhl-menu.com\/hr\/?s={search_term_string}"},"query-input":{"@type":"PropertyValueSpecification","valueRequired":true,"valueName":"search_term_string"}}],"inLanguage":"hr"},{"@type":"Organization","@id":"https:\/\/www.uhl-menu.com\/hr\/#organization","name":"menu de Uhl","url":"https:\/\/www.uhl-menu.com\/hr\/","logo":{"@type":"ImageObject","inLanguage":"hr","@id":"https:\/\/www.uhl-menu.com\/hr\/#\/schema\/logo\/image\/","url":"https:\/\/www.uhl-menu.com\/wp-content\/uploads\/uhl-logo.png","contentUrl":"https:\/\/www.uhl-menu.com\/wp-content\/uploads\/uhl-logo.png","width":66,"height":41,"caption":"menu de Uhl"},"image":{"@id":"https:\/\/www.uhl-menu.com\/hr\/#\/schema\/logo\/image\/"},"sameAs":["https:\/\/www.facebook.com\/uhlspeisekarten","https:\/\/www.youtube.com\/channel\/UCz6fCHDC_EvIaFfibirEF8A\/videos"]}]}},"_links":{"self":[{"href":"https:\/\/www.uhl-menu.com\/hr\/wp-json\/wp\/v2\/pages\/67465","targetHints":{"allow":["GET"]}}],"collection":[{"href":"https:\/\/www.uhl-menu.com\/hr\/wp-json\/wp\/v2\/pages"}],"about":[{"href":"https:\/\/www.uhl-menu.com\/hr\/wp-json\/wp\/v2\/types\/page"}],"author":[{"embeddable":true,"href":"https:\/\/www.uhl-menu.com\/hr\/wp-json\/wp\/v2\/users\/1"}],"replies":[{"embeddable":true,"href":"https:\/\/www.uhl-menu.com\/hr\/wp-json\/wp\/v2\/comments?post=67465"}],"version-history":[{"count":4,"href":"https:\/\/www.uhl-menu.com\/hr\/wp-json\/wp\/v2\/pages\/67465\/revisions"}],"predecessor-version":[{"id":67646,"href":"https:\/\/www.uhl-menu.com\/hr\/wp-json\/wp\/v2\/pages\/67465\/revisions\/67646"}],"wp:attachment":[{"href":"https:\/\/www.uhl-menu.com\/hr\/wp-json\/wp\/v2\/media?parent=67465"}],"curies":[{"name":"wp","href":"https:\/\/api.w.org\/{rel}","templated":true}]}}