{"id":67515,"date":"2021-09-26T16:30:34","date_gmt":"2021-09-26T14:30:34","guid":{"rendered":"https:\/\/www.uhl-menu.com\/jelovnici\/"},"modified":"2021-09-26T16:30:34","modified_gmt":"2021-09-26T14:30:34","slug":"jelovnici","status":"publish","type":"page","link":"https:\/\/www.uhl-menu.com\/hr\/jelovnici\/","title":{"rendered":"Jelovnici"},"content":{"rendered":"","protected":false},"excerpt":{"rendered":"","protected":false},"author":1,"featured_media":67490,"parent":0,"menu_order":4,"comment_status":"closed","ping_status":"closed","template":"","meta":{"_acf_changed":false,"footnotes":""},"class_list":["post-67515","page","type-page","status-publish","has-post-thumbnail","hentry"],"acf":[],"yoast_head":"<!-- This site is optimized with the Yoast SEO plugin v26.0 - https:\/\/yoast.com\/wordpress\/plugins\/seo\/ -->\n<title>\u1455\u2776\u1450 Jelovnici iz UHL-a \u27a1\ufe0f Ru\u010dna izrada vrhunske kvalitete<\/title>\n<meta name=\"description\" content=\"\u276d\u276d\u276d Visokokvalitetni jelovnici tvrtke UHL \u27a1\ufe0f Ru\u010dna izrada vrhunske kvalitete \u2705 Usavr\u0161ite svoj brend \u2705 Zatra\u017eite uzorke ODMAH\" \/>\n<meta name=\"robots\" content=\"index, follow, max-snippet:-1, max-image-preview:large, max-video-preview:-1\" \/>\n<link rel=\"canonical\" href=\"https:\/\/www.uhl-menu.com\/hr\/jelovnici\/\" \/>\n<meta property=\"og:locale\" content=\"hr_HR\" \/>\n<meta property=\"og:type\" content=\"article\" \/>\n<meta property=\"og:title\" content=\"\u1455\u2776\u1450 Jelovnici iz UHL-a \u27a1\ufe0f Ru\u010dna izrada vrhunske kvalitete\" \/>\n<meta property=\"og:description\" content=\"\u276d\u276d\u276d Visokokvalitetni jelovnici tvrtke UHL \u27a1\ufe0f Ru\u010dna izrada vrhunske kvalitete \u2705 Usavr\u0161ite svoj brend \u2705 Zatra\u017eite uzorke ODMAH\" \/>\n<meta property=\"og:url\" content=\"https:\/\/www.uhl-menu.com\/hr\/jelovnici\/\" \/>\n<meta property=\"og:site_name\" content=\"menu de Uhl\" \/>\n<meta property=\"article:publisher\" content=\"https:\/\/www.facebook.com\/uhlspeisekarten\" \/>\n<meta property=\"og:image\" content=\"https:\/\/www.uhl-menu.com\/wp-content\/uploads\/speisekarten-gastronomie-restaurants-4.jpg\" \/>\n\t<meta property=\"og:image:width\" content=\"2500\" \/>\n\t<meta property=\"og:image:height\" content=\"1715\" \/>\n\t<meta property=\"og:image:type\" content=\"image\/jpeg\" \/>\n<meta name=\"twitter:card\" content=\"summary_large_image\" \/>\n<script type=\"application\/ld+json\" class=\"yoast-schema-graph\">{\"@context\":\"https:\/\/schema.org\",\"@graph\":[{\"@type\":\"WebPage\",\"@id\":\"https:\/\/www.uhl-menu.com\/hr\/jelovnici\/\",\"url\":\"https:\/\/www.uhl-menu.com\/hr\/jelovnici\/\",\"name\":\"\u1455\u2776\u1450 Jelovnici iz UHL-a \u27a1\ufe0f Ru\u010dna izrada vrhunske kvalitete\",\"isPartOf\":{\"@id\":\"https:\/\/www.uhl-menu.com\/hr\/#website\"},\"primaryImageOfPage\":{\"@id\":\"https:\/\/www.uhl-menu.com\/hr\/jelovnici\/#primaryimage\"},\"image\":{\"@id\":\"https:\/\/www.uhl-menu.com\/hr\/jelovnici\/#primaryimage\"},\"thumbnailUrl\":\"https:\/\/www.uhl-menu.com\/wp-content\/uploads\/speisekarten-gastronomie-restaurants-4.jpg\",\"datePublished\":\"2021-09-26T14:30:34+00:00\",\"description\":\"\u276d\u276d\u276d Visokokvalitetni jelovnici tvrtke UHL \u27a1\ufe0f Ru\u010dna izrada vrhunske kvalitete \u2705 Usavr\u0161ite svoj brend \u2705 Zatra\u017eite uzorke ODMAH\",\"breadcrumb\":{\"@id\":\"https:\/\/www.uhl-menu.com\/hr\/jelovnici\/#breadcrumb\"},\"inLanguage\":\"hr\",\"potentialAction\":[{\"@type\":\"ReadAction\",\"target\":[\"https:\/\/www.uhl-menu.com\/hr\/jelovnici\/\"]}]},{\"@type\":\"ImageObject\",\"inLanguage\":\"hr\",\"@id\":\"https:\/\/www.uhl-menu.com\/hr\/jelovnici\/#primaryimage\",\"url\":\"https:\/\/www.uhl-menu.com\/wp-content\/uploads\/speisekarten-gastronomie-restaurants-4.jpg\",\"contentUrl\":\"https:\/\/www.uhl-menu.com\/wp-content\/uploads\/speisekarten-gastronomie-restaurants-4.jpg\",\"width\":2500,\"height\":1715},{\"@type\":\"BreadcrumbList\",\"@id\":\"https:\/\/www.uhl-menu.com\/hr\/jelovnici\/#breadcrumb\",\"itemListElement\":[{\"@type\":\"ListItem\",\"position\":1,\"name\":\"Startseite\",\"item\":\"https:\/\/www.uhl-menu.com\/hr\/\"},{\"@type\":\"ListItem\",\"position\":2,\"name\":\"Jelovnici\"}]},{\"@type\":\"WebSite\",\"@id\":\"https:\/\/www.uhl-menu.com\/hr\/#website\",\"url\":\"https:\/\/www.uhl-menu.com\/hr\/\",\"name\":\"menu de Uhl\",\"description\":\"e fabricant de menus UHL, fond\u00e9 en 1982, s&#039;est donn\u00e9 d\u00e8s ses d\u00e9buts pour mission de se sp\u00e9cialiser dans les menus et les cartes des vins.\",\"publisher\":{\"@id\":\"https:\/\/www.uhl-menu.com\/hr\/#organization\"},\"potentialAction\":[{\"@type\":\"SearchAction\",\"target\":{\"@type\":\"EntryPoint\",\"urlTemplate\":\"https:\/\/www.uhl-menu.com\/hr\/?s={search_term_string}\"},\"query-input\":{\"@type\":\"PropertyValueSpecification\",\"valueRequired\":true,\"valueName\":\"search_term_string\"}}],\"inLanguage\":\"hr\"},{\"@type\":\"Organization\",\"@id\":\"https:\/\/www.uhl-menu.com\/hr\/#organization\",\"name\":\"menu de Uhl\",\"url\":\"https:\/\/www.uhl-menu.com\/hr\/\",\"logo\":{\"@type\":\"ImageObject\",\"inLanguage\":\"hr\",\"@id\":\"https:\/\/www.uhl-menu.com\/hr\/#\/schema\/logo\/image\/\",\"url\":\"https:\/\/www.uhl-menu.com\/wp-content\/uploads\/uhl-logo.png\",\"contentUrl\":\"https:\/\/www.uhl-menu.com\/wp-content\/uploads\/uhl-logo.png\",\"width\":66,\"height\":41,\"caption\":\"menu de Uhl\"},\"image\":{\"@id\":\"https:\/\/www.uhl-menu.com\/hr\/#\/schema\/logo\/image\/\"},\"sameAs\":[\"https:\/\/www.facebook.com\/uhlspeisekarten\",\"https:\/\/www.youtube.com\/channel\/UCz6fCHDC_EvIaFfibirEF8A\/videos\"]}]}<\/script>\n<!-- \/ Yoast SEO plugin. -->","yoast_head_json":{"title":"\u1455\u2776\u1450 Jelovnici iz UHL-a \u27a1\ufe0f Ru\u010dna izrada vrhunske kvalitete","description":"\u276d\u276d\u276d Visokokvalitetni jelovnici tvrtke UHL \u27a1\ufe0f Ru\u010dna izrada vrhunske kvalitete \u2705 Usavr\u0161ite svoj brend \u2705 Zatra\u017eite uzorke ODMAH","robots":{"index":"index","follow":"follow","max-snippet":"max-snippet:-1","max-image-preview":"max-image-preview:large","max-video-preview":"max-video-preview:-1"},"canonical":"https:\/\/www.uhl-menu.com\/hr\/jelovnici\/","og_locale":"hr_HR","og_type":"article","og_title":"\u1455\u2776\u1450 Jelovnici iz UHL-a \u27a1\ufe0f Ru\u010dna izrada vrhunske kvalitete","og_description":"\u276d\u276d\u276d Visokokvalitetni jelovnici tvrtke UHL \u27a1\ufe0f Ru\u010dna izrada vrhunske kvalitete \u2705 Usavr\u0161ite svoj brend \u2705 Zatra\u017eite uzorke ODMAH","og_url":"https:\/\/www.uhl-menu.com\/hr\/jelovnici\/","og_site_name":"menu de Uhl","article_publisher":"https:\/\/www.facebook.com\/uhlspeisekarten","og_image":[{"width":2500,"height":1715,"url":"https:\/\/www.uhl-menu.com\/wp-content\/uploads\/speisekarten-gastronomie-restaurants-4.jpg","type":"image\/jpeg"}],"twitter_card":"summary_large_image","schema":{"@context":"https:\/\/schema.org","@graph":[{"@type":"WebPage","@id":"https:\/\/www.uhl-menu.com\/hr\/jelovnici\/","url":"https:\/\/www.uhl-menu.com\/hr\/jelovnici\/","name":"\u1455\u2776\u1450 Jelovnici iz UHL-a \u27a1\ufe0f Ru\u010dna izrada vrhunske kvalitete","isPartOf":{"@id":"https:\/\/www.uhl-menu.com\/hr\/#website"},"primaryImageOfPage":{"@id":"https:\/\/www.uhl-menu.com\/hr\/jelovnici\/#primaryimage"},"image":{"@id":"https:\/\/www.uhl-menu.com\/hr\/jelovnici\/#primaryimage"},"thumbnailUrl":"https:\/\/www.uhl-menu.com\/wp-content\/uploads\/speisekarten-gastronomie-restaurants-4.jpg","datePublished":"2021-09-26T14:30:34+00:00","description":"\u276d\u276d\u276d Visokokvalitetni jelovnici tvrtke UHL \u27a1\ufe0f Ru\u010dna izrada vrhunske kvalitete \u2705 Usavr\u0161ite svoj brend \u2705 Zatra\u017eite uzorke ODMAH","breadcrumb":{"@id":"https:\/\/www.uhl-menu.com\/hr\/jelovnici\/#breadcrumb"},"inLanguage":"hr","potentialAction":[{"@type":"ReadAction","target":["https:\/\/www.uhl-menu.com\/hr\/jelovnici\/"]}]},{"@type":"ImageObject","inLanguage":"hr","@id":"https:\/\/www.uhl-menu.com\/hr\/jelovnici\/#primaryimage","url":"https:\/\/www.uhl-menu.com\/wp-content\/uploads\/speisekarten-gastronomie-restaurants-4.jpg","contentUrl":"https:\/\/www.uhl-menu.com\/wp-content\/uploads\/speisekarten-gastronomie-restaurants-4.jpg","width":2500,"height":1715},{"@type":"BreadcrumbList","@id":"https:\/\/www.uhl-menu.com\/hr\/jelovnici\/#breadcrumb","itemListElement":[{"@type":"ListItem","position":1,"name":"Startseite","item":"https:\/\/www.uhl-menu.com\/hr\/"},{"@type":"ListItem","position":2,"name":"Jelovnici"}]},{"@type":"WebSite","@id":"https:\/\/www.uhl-menu.com\/hr\/#website","url":"https:\/\/www.uhl-menu.com\/hr\/","name":"menu de Uhl","description":"e fabricant de menus UHL, fond\u00e9 en 1982, s&#039;est donn\u00e9 d\u00e8s ses d\u00e9buts pour mission de se sp\u00e9cialiser dans les menus et les cartes des vins.","publisher":{"@id":"https:\/\/www.uhl-menu.com\/hr\/#organization"},"potentialAction":[{"@type":"SearchAction","target":{"@type":"EntryPoint","urlTemplate":"https:\/\/www.uhl-menu.com\/hr\/?s={search_term_string}"},"query-input":{"@type":"PropertyValueSpecification","valueRequired":true,"valueName":"search_term_string"}}],"inLanguage":"hr"},{"@type":"Organization","@id":"https:\/\/www.uhl-menu.com\/hr\/#organization","name":"menu de Uhl","url":"https:\/\/www.uhl-menu.com\/hr\/","logo":{"@type":"ImageObject","inLanguage":"hr","@id":"https:\/\/www.uhl-menu.com\/hr\/#\/schema\/logo\/image\/","url":"https:\/\/www.uhl-menu.com\/wp-content\/uploads\/uhl-logo.png","contentUrl":"https:\/\/www.uhl-menu.com\/wp-content\/uploads\/uhl-logo.png","width":66,"height":41,"caption":"menu de Uhl"},"image":{"@id":"https:\/\/www.uhl-menu.com\/hr\/#\/schema\/logo\/image\/"},"sameAs":["https:\/\/www.facebook.com\/uhlspeisekarten","https:\/\/www.youtube.com\/channel\/UCz6fCHDC_EvIaFfibirEF8A\/videos"]}]}},"_links":{"self":[{"href":"https:\/\/www.uhl-menu.com\/hr\/wp-json\/wp\/v2\/pages\/67515","targetHints":{"allow":["GET"]}}],"collection":[{"href":"https:\/\/www.uhl-menu.com\/hr\/wp-json\/wp\/v2\/pages"}],"about":[{"href":"https:\/\/www.uhl-menu.com\/hr\/wp-json\/wp\/v2\/types\/page"}],"author":[{"embeddable":true,"href":"https:\/\/www.uhl-menu.com\/hr\/wp-json\/wp\/v2\/users\/1"}],"replies":[{"embeddable":true,"href":"https:\/\/www.uhl-menu.com\/hr\/wp-json\/wp\/v2\/comments?post=67515"}],"version-history":[{"count":0,"href":"https:\/\/www.uhl-menu.com\/hr\/wp-json\/wp\/v2\/pages\/67515\/revisions"}],"wp:featuredmedia":[{"embeddable":true,"href":"https:\/\/www.uhl-menu.com\/hr\/wp-json\/wp\/v2\/media\/67490"}],"wp:attachment":[{"href":"https:\/\/www.uhl-menu.com\/hr\/wp-json\/wp\/v2\/media?parent=67515"}],"curies":[{"name":"wp","href":"https:\/\/api.w.org\/{rel}","templated":true}]}}