{"id":67523,"date":"2021-09-26T16:55:43","date_gmt":"2021-09-26T14:55:43","guid":{"rendered":"https:\/\/www.uhl-menu.com\/stalak-za-stol\/"},"modified":"2021-09-26T16:55:43","modified_gmt":"2021-09-26T14:55:43","slug":"stalak-za-stol","status":"publish","type":"page","link":"https:\/\/www.uhl-menu.com\/hr\/stalak-za-stol\/","title":{"rendered":"Stalak za stol"},"content":{"rendered":"","protected":false},"excerpt":{"rendered":"","protected":false},"author":1,"featured_media":67528,"parent":0,"menu_order":6,"comment_status":"closed","ping_status":"closed","template":"","meta":{"_acf_changed":false,"footnotes":""},"class_list":["post-67523","page","type-page","status-publish","has-post-thumbnail","hentry"],"acf":[],"yoast_head":"<!-- This site is optimized with the Yoast SEO plugin v26.0 - https:\/\/yoast.com\/wordpress\/plugins\/seo\/ -->\n<title>\u1455\u2776\u1450 UHL stolni prikaz \u27a1\ufe0f Prezentirajte sa stilom sada<\/title>\n<meta name=\"description\" content=\"\u276d\u276d\u276d Visokokvalitetni stolni stalci tvrtke UHL \u27a1\ufe0f Individualno izra\u0111eni \u2705 \u0160armantno predstavite svoje dodatne proizvode \u2705 Naru\u010dite uzorke ODMAH\" \/>\n<meta name=\"robots\" content=\"index, follow, max-snippet:-1, max-image-preview:large, max-video-preview:-1\" \/>\n<link rel=\"canonical\" href=\"https:\/\/www.uhl-menu.com\/hr\/stalak-za-stol\/\" \/>\n<meta property=\"og:locale\" content=\"hr_HR\" \/>\n<meta property=\"og:type\" content=\"article\" \/>\n<meta property=\"og:title\" content=\"\u1455\u2776\u1450 UHL stolni prikaz \u27a1\ufe0f Prezentirajte sa stilom sada\" \/>\n<meta property=\"og:description\" content=\"\u276d\u276d\u276d Visokokvalitetni stolni stalci tvrtke UHL \u27a1\ufe0f Individualno izra\u0111eni \u2705 \u0160armantno predstavite svoje dodatne proizvode \u2705 Naru\u010dite uzorke ODMAH\" \/>\n<meta property=\"og:url\" content=\"https:\/\/www.uhl-menu.com\/hr\/stalak-za-stol\/\" \/>\n<meta property=\"og:site_name\" content=\"menu de Uhl\" \/>\n<meta property=\"article:publisher\" content=\"https:\/\/www.facebook.com\/uhlspeisekarten\" \/>\n<meta property=\"og:image\" content=\"https:\/\/www.uhl-menu.com\/wp-content\/uploads\/uebersicht-tischaufsteller.jpg\" \/>\n\t<meta property=\"og:image:width\" content=\"800\" \/>\n\t<meta property=\"og:image:height\" content=\"556\" \/>\n\t<meta property=\"og:image:type\" content=\"image\/jpeg\" \/>\n<meta name=\"twitter:card\" content=\"summary_large_image\" \/>\n<script type=\"application\/ld+json\" class=\"yoast-schema-graph\">{\"@context\":\"https:\/\/schema.org\",\"@graph\":[{\"@type\":\"WebPage\",\"@id\":\"https:\/\/www.uhl-menu.com\/hr\/stalak-za-stol\/\",\"url\":\"https:\/\/www.uhl-menu.com\/hr\/stalak-za-stol\/\",\"name\":\"\u1455\u2776\u1450 UHL stolni prikaz \u27a1\ufe0f Prezentirajte sa stilom sada\",\"isPartOf\":{\"@id\":\"https:\/\/www.uhl-menu.com\/hr\/#website\"},\"primaryImageOfPage\":{\"@id\":\"https:\/\/www.uhl-menu.com\/hr\/stalak-za-stol\/#primaryimage\"},\"image\":{\"@id\":\"https:\/\/www.uhl-menu.com\/hr\/stalak-za-stol\/#primaryimage\"},\"thumbnailUrl\":\"https:\/\/www.uhl-menu.com\/wp-content\/uploads\/uebersicht-tischaufsteller.jpg\",\"datePublished\":\"2021-09-26T14:55:43+00:00\",\"description\":\"\u276d\u276d\u276d Visokokvalitetni stolni stalci tvrtke UHL \u27a1\ufe0f Individualno izra\u0111eni \u2705 \u0160armantno predstavite svoje dodatne proizvode \u2705 Naru\u010dite uzorke ODMAH\",\"breadcrumb\":{\"@id\":\"https:\/\/www.uhl-menu.com\/hr\/stalak-za-stol\/#breadcrumb\"},\"inLanguage\":\"hr\",\"potentialAction\":[{\"@type\":\"ReadAction\",\"target\":[\"https:\/\/www.uhl-menu.com\/hr\/stalak-za-stol\/\"]}]},{\"@type\":\"ImageObject\",\"inLanguage\":\"hr\",\"@id\":\"https:\/\/www.uhl-menu.com\/hr\/stalak-za-stol\/#primaryimage\",\"url\":\"https:\/\/www.uhl-menu.com\/wp-content\/uploads\/uebersicht-tischaufsteller.jpg\",\"contentUrl\":\"https:\/\/www.uhl-menu.com\/wp-content\/uploads\/uebersicht-tischaufsteller.jpg\",\"width\":800,\"height\":556},{\"@type\":\"BreadcrumbList\",\"@id\":\"https:\/\/www.uhl-menu.com\/hr\/stalak-za-stol\/#breadcrumb\",\"itemListElement\":[{\"@type\":\"ListItem\",\"position\":1,\"name\":\"Startseite\",\"item\":\"https:\/\/www.uhl-menu.com\/hr\/\"},{\"@type\":\"ListItem\",\"position\":2,\"name\":\"Stalak za stol\"}]},{\"@type\":\"WebSite\",\"@id\":\"https:\/\/www.uhl-menu.com\/hr\/#website\",\"url\":\"https:\/\/www.uhl-menu.com\/hr\/\",\"name\":\"menu de Uhl\",\"description\":\"e fabricant de menus UHL, fond\u00e9 en 1982, s&#039;est donn\u00e9 d\u00e8s ses d\u00e9buts pour mission de se sp\u00e9cialiser dans les menus et les cartes des vins.\",\"publisher\":{\"@id\":\"https:\/\/www.uhl-menu.com\/hr\/#organization\"},\"potentialAction\":[{\"@type\":\"SearchAction\",\"target\":{\"@type\":\"EntryPoint\",\"urlTemplate\":\"https:\/\/www.uhl-menu.com\/hr\/?s={search_term_string}\"},\"query-input\":{\"@type\":\"PropertyValueSpecification\",\"valueRequired\":true,\"valueName\":\"search_term_string\"}}],\"inLanguage\":\"hr\"},{\"@type\":\"Organization\",\"@id\":\"https:\/\/www.uhl-menu.com\/hr\/#organization\",\"name\":\"menu de Uhl\",\"url\":\"https:\/\/www.uhl-menu.com\/hr\/\",\"logo\":{\"@type\":\"ImageObject\",\"inLanguage\":\"hr\",\"@id\":\"https:\/\/www.uhl-menu.com\/hr\/#\/schema\/logo\/image\/\",\"url\":\"https:\/\/www.uhl-menu.com\/wp-content\/uploads\/uhl-logo.png\",\"contentUrl\":\"https:\/\/www.uhl-menu.com\/wp-content\/uploads\/uhl-logo.png\",\"width\":66,\"height\":41,\"caption\":\"menu de Uhl\"},\"image\":{\"@id\":\"https:\/\/www.uhl-menu.com\/hr\/#\/schema\/logo\/image\/\"},\"sameAs\":[\"https:\/\/www.facebook.com\/uhlspeisekarten\",\"https:\/\/www.youtube.com\/channel\/UCz6fCHDC_EvIaFfibirEF8A\/videos\"]}]}<\/script>\n<!-- \/ Yoast SEO plugin. -->","yoast_head_json":{"title":"\u1455\u2776\u1450 UHL stolni prikaz \u27a1\ufe0f Prezentirajte sa stilom sada","description":"\u276d\u276d\u276d Visokokvalitetni stolni stalci tvrtke UHL \u27a1\ufe0f Individualno izra\u0111eni \u2705 \u0160armantno predstavite svoje dodatne proizvode \u2705 Naru\u010dite uzorke ODMAH","robots":{"index":"index","follow":"follow","max-snippet":"max-snippet:-1","max-image-preview":"max-image-preview:large","max-video-preview":"max-video-preview:-1"},"canonical":"https:\/\/www.uhl-menu.com\/hr\/stalak-za-stol\/","og_locale":"hr_HR","og_type":"article","og_title":"\u1455\u2776\u1450 UHL stolni prikaz \u27a1\ufe0f Prezentirajte sa stilom sada","og_description":"\u276d\u276d\u276d Visokokvalitetni stolni stalci tvrtke UHL \u27a1\ufe0f Individualno izra\u0111eni \u2705 \u0160armantno predstavite svoje dodatne proizvode \u2705 Naru\u010dite uzorke ODMAH","og_url":"https:\/\/www.uhl-menu.com\/hr\/stalak-za-stol\/","og_site_name":"menu de Uhl","article_publisher":"https:\/\/www.facebook.com\/uhlspeisekarten","og_image":[{"width":800,"height":556,"url":"https:\/\/www.uhl-menu.com\/wp-content\/uploads\/uebersicht-tischaufsteller.jpg","type":"image\/jpeg"}],"twitter_card":"summary_large_image","schema":{"@context":"https:\/\/schema.org","@graph":[{"@type":"WebPage","@id":"https:\/\/www.uhl-menu.com\/hr\/stalak-za-stol\/","url":"https:\/\/www.uhl-menu.com\/hr\/stalak-za-stol\/","name":"\u1455\u2776\u1450 UHL stolni prikaz \u27a1\ufe0f Prezentirajte sa stilom sada","isPartOf":{"@id":"https:\/\/www.uhl-menu.com\/hr\/#website"},"primaryImageOfPage":{"@id":"https:\/\/www.uhl-menu.com\/hr\/stalak-za-stol\/#primaryimage"},"image":{"@id":"https:\/\/www.uhl-menu.com\/hr\/stalak-za-stol\/#primaryimage"},"thumbnailUrl":"https:\/\/www.uhl-menu.com\/wp-content\/uploads\/uebersicht-tischaufsteller.jpg","datePublished":"2021-09-26T14:55:43+00:00","description":"\u276d\u276d\u276d Visokokvalitetni stolni stalci tvrtke UHL \u27a1\ufe0f Individualno izra\u0111eni \u2705 \u0160armantno predstavite svoje dodatne proizvode \u2705 Naru\u010dite uzorke ODMAH","breadcrumb":{"@id":"https:\/\/www.uhl-menu.com\/hr\/stalak-za-stol\/#breadcrumb"},"inLanguage":"hr","potentialAction":[{"@type":"ReadAction","target":["https:\/\/www.uhl-menu.com\/hr\/stalak-za-stol\/"]}]},{"@type":"ImageObject","inLanguage":"hr","@id":"https:\/\/www.uhl-menu.com\/hr\/stalak-za-stol\/#primaryimage","url":"https:\/\/www.uhl-menu.com\/wp-content\/uploads\/uebersicht-tischaufsteller.jpg","contentUrl":"https:\/\/www.uhl-menu.com\/wp-content\/uploads\/uebersicht-tischaufsteller.jpg","width":800,"height":556},{"@type":"BreadcrumbList","@id":"https:\/\/www.uhl-menu.com\/hr\/stalak-za-stol\/#breadcrumb","itemListElement":[{"@type":"ListItem","position":1,"name":"Startseite","item":"https:\/\/www.uhl-menu.com\/hr\/"},{"@type":"ListItem","position":2,"name":"Stalak za stol"}]},{"@type":"WebSite","@id":"https:\/\/www.uhl-menu.com\/hr\/#website","url":"https:\/\/www.uhl-menu.com\/hr\/","name":"menu de Uhl","description":"e fabricant de menus UHL, fond\u00e9 en 1982, s&#039;est donn\u00e9 d\u00e8s ses d\u00e9buts pour mission de se sp\u00e9cialiser dans les menus et les cartes des vins.","publisher":{"@id":"https:\/\/www.uhl-menu.com\/hr\/#organization"},"potentialAction":[{"@type":"SearchAction","target":{"@type":"EntryPoint","urlTemplate":"https:\/\/www.uhl-menu.com\/hr\/?s={search_term_string}"},"query-input":{"@type":"PropertyValueSpecification","valueRequired":true,"valueName":"search_term_string"}}],"inLanguage":"hr"},{"@type":"Organization","@id":"https:\/\/www.uhl-menu.com\/hr\/#organization","name":"menu de Uhl","url":"https:\/\/www.uhl-menu.com\/hr\/","logo":{"@type":"ImageObject","inLanguage":"hr","@id":"https:\/\/www.uhl-menu.com\/hr\/#\/schema\/logo\/image\/","url":"https:\/\/www.uhl-menu.com\/wp-content\/uploads\/uhl-logo.png","contentUrl":"https:\/\/www.uhl-menu.com\/wp-content\/uploads\/uhl-logo.png","width":66,"height":41,"caption":"menu de Uhl"},"image":{"@id":"https:\/\/www.uhl-menu.com\/hr\/#\/schema\/logo\/image\/"},"sameAs":["https:\/\/www.facebook.com\/uhlspeisekarten","https:\/\/www.youtube.com\/channel\/UCz6fCHDC_EvIaFfibirEF8A\/videos"]}]}},"_links":{"self":[{"href":"https:\/\/www.uhl-menu.com\/hr\/wp-json\/wp\/v2\/pages\/67523","targetHints":{"allow":["GET"]}}],"collection":[{"href":"https:\/\/www.uhl-menu.com\/hr\/wp-json\/wp\/v2\/pages"}],"about":[{"href":"https:\/\/www.uhl-menu.com\/hr\/wp-json\/wp\/v2\/types\/page"}],"author":[{"embeddable":true,"href":"https:\/\/www.uhl-menu.com\/hr\/wp-json\/wp\/v2\/users\/1"}],"replies":[{"embeddable":true,"href":"https:\/\/www.uhl-menu.com\/hr\/wp-json\/wp\/v2\/comments?post=67523"}],"version-history":[{"count":0,"href":"https:\/\/www.uhl-menu.com\/hr\/wp-json\/wp\/v2\/pages\/67523\/revisions"}],"wp:featuredmedia":[{"embeddable":true,"href":"https:\/\/www.uhl-menu.com\/hr\/wp-json\/wp\/v2\/media\/67528"}],"wp:attachment":[{"href":"https:\/\/www.uhl-menu.com\/hr\/wp-json\/wp\/v2\/media?parent=67523"}],"curies":[{"name":"wp","href":"https:\/\/api.w.org\/{rel}","templated":true}]}}