{"id":65070,"date":"2021-11-25T12:35:01","date_gmt":"2021-11-25T11:35:01","guid":{"rendered":"https:\/\/www.uhl-menu.com\/produkt\/vodeca-folija\/"},"modified":"2021-11-25T12:35:01","modified_gmt":"2021-11-25T11:35:01","slug":"vodeca-folija","status":"publish","type":"product","link":"https:\/\/www.uhl-menu.com\/hr\/produkt\/vodeca-folija\/","title":{"rendered":"Vode\u0107a folija"},"content":{"rendered":"<p>Jelovnik ili vinska karta tvrtke Leading Foil je uvezana kartica i mo\u017ee se izraditi s neograni\u010denim brojem stranica. Kao i kod modela Leading, svi rubovi oja\u010danog poklopca i unutarnjeg retrovizora su zatvoreni, \u0161to zna\u010di da nema odrezanih rubova kroz koje bi mogla prodrijeti prljav\u0161tina ili vlaga. Me\u0111utim, s ovom karticom, unutarnje ogledalo je tako\u0111er prekriveno na\u0161om visokokvalitetnom lanenom tkaninom.  <\/p>\n<p>Unutra\u0161njost kartice sastoji se od \u010dvrsto integriranih elemenata od tvrde folije s obojenim paspartuom u izgledu prozora, koji savr\u0161eno \u0161titi va\u0161e listove jelovnika sa svih strana. Visokokvalitetni elementi spojeni su uskim, otpornim lanenim \u0161arkama i imaju obojeni obrub sa svih strana, koji nudimo u bakrenoj, srebrnoj i krem \u200b\u200bboji. <\/p>\n","protected":false},"excerpt":{"rendered":"<p>Jelovnik ili vinska karta tvrtke Leading Foil je uvezana kartica i mo\u017ee se izraditi s neograni\u010denim brojem stranica. Kao i kod modela Leading, svi rubovi oja\u010danog poklopca i unutarnjeg retrovizora su zatvoreni, \u0161to zna\u010di da nema odrezanih rubova kroz koje bi mogla prodrijeti prljav\u0161tina ili vlaga. Me\u0111utim, s ovom karticom, unutarnje ogledalo je tako\u0111er prekriveno [&hellip;]<\/p>\n","protected":false},"featured_media":65083,"template":"","meta":{"_acf_changed":false},"product_brand":[],"product_cat":[1437,1416,1425,1435,1429,1440,1446,1423,1432,1447,1443,1422,1442,1427],"product_tag":[],"class_list":{"0":"post-65070","1":"product","2":"type-product","3":"status-publish","4":"has-post-thumbnail","6":"product_cat-barski-jelovnici","7":"product_cat-jelovnici","8":"product_cat-neosjetljiv-na-masnocu","9":"product_cat-posteljina","10":"product_cat-prava-koza","11":"product_cat-sinteticki-materijal","12":"product_cat-tvrdi-filmovi","13":"product_cat-tvrdi-uvez","14":"product_cat-umjetna-koza","15":"product_cat-vanjski","16":"product_cat-vezan","17":"product_cat-vinske-karte","18":"product_cat-visestranicni","19":"product_cat-vodoodbojno","20":"pa_format-za-a4-portret","21":"pa_format-za-a5-portret","22":"tm-has-options","24":"first","25":"instock","26":"taxable","27":"shipping-taxable","28":"purchasable","29":"product-type-variable"},"acf":[],"yoast_head":"<!-- This site is optimized with the Yoast SEO plugin v26.0 - https:\/\/yoast.com\/wordpress\/plugins\/seo\/ -->\n<title>Vode\u0107a folija \u00bb Jelovnik s fiksnim unutarnjim dijelom od folije - menu de Uhl<\/title>\n<meta name=\"robots\" content=\"index, follow, max-snippet:-1, max-image-preview:large, max-video-preview:-1\" \/>\n<link rel=\"canonical\" href=\"https:\/\/www.uhl-menu.com\/hr\/produkt\/vodeca-folija\/\" \/>\n<meta property=\"og:locale\" content=\"hr_HR\" \/>\n<meta property=\"og:type\" content=\"article\" \/>\n<meta property=\"og:title\" content=\"Vode\u0107a folija \u00bb Jelovnik s fiksnim unutarnjim dijelom od folije - menu de Uhl\" \/>\n<meta property=\"og:description\" content=\"Jelovnik ili vinska karta tvrtke Leading Foil je uvezana kartica i mo\u017ee se izraditi s neograni\u010denim brojem stranica. Kao i kod modela Leading, svi rubovi oja\u010danog poklopca i unutarnjeg retrovizora su zatvoreni, \u0161to zna\u010di da nema odrezanih rubova kroz koje bi mogla prodrijeti prljav\u0161tina ili vlaga. Me\u0111utim, s ovom karticom, unutarnje ogledalo je tako\u0111er prekriveno [&hellip;]\" \/>\n<meta property=\"og:url\" content=\"https:\/\/www.uhl-menu.com\/hr\/produkt\/vodeca-folija\/\" \/>\n<meta property=\"og:site_name\" content=\"menu de Uhl\" \/>\n<meta property=\"article:publisher\" content=\"https:\/\/www.facebook.com\/uhlspeisekarten\" \/>\n<meta property=\"og:image\" content=\"https:\/\/www.uhl-menu.com\/wp-content\/uploads\/leading-foil-speisekarte-mit-festem-folien-innenteil.png\" \/>\n\t<meta property=\"og:image:width\" content=\"1600\" \/>\n\t<meta property=\"og:image:height\" content=\"1125\" \/>\n\t<meta property=\"og:image:type\" content=\"image\/png\" \/>\n<meta name=\"twitter:card\" content=\"summary_large_image\" \/>\n<meta name=\"twitter:label1\" content=\"Procijenjeno vrijeme \u010ditanja\" \/>\n\t<meta name=\"twitter:data1\" content=\"1 minuta\" \/>\n<script type=\"application\/ld+json\" class=\"yoast-schema-graph\">{\"@context\":\"https:\/\/schema.org\",\"@graph\":[{\"@type\":\"WebPage\",\"@id\":\"https:\/\/www.uhl-menu.com\/hr\/produkt\/vodeca-folija\/\",\"url\":\"https:\/\/www.uhl-menu.com\/hr\/produkt\/vodeca-folija\/\",\"name\":\"Vode\u0107a folija \u00bb Jelovnik s fiksnim unutarnjim dijelom od folije - menu de Uhl\",\"isPartOf\":{\"@id\":\"https:\/\/www.uhl-menu.com\/hr\/#website\"},\"primaryImageOfPage\":{\"@id\":\"https:\/\/www.uhl-menu.com\/hr\/produkt\/vodeca-folija\/#primaryimage\"},\"image\":{\"@id\":\"https:\/\/www.uhl-menu.com\/hr\/produkt\/vodeca-folija\/#primaryimage\"},\"thumbnailUrl\":\"https:\/\/www.uhl-menu.com\/wp-content\/uploads\/leading-foil-speisekarte-mit-festem-folien-innenteil.png\",\"datePublished\":\"2021-11-25T11:35:01+00:00\",\"breadcrumb\":{\"@id\":\"https:\/\/www.uhl-menu.com\/hr\/produkt\/vodeca-folija\/#breadcrumb\"},\"inLanguage\":\"hr\",\"potentialAction\":[{\"@type\":\"ReadAction\",\"target\":[\"https:\/\/www.uhl-menu.com\/hr\/produkt\/vodeca-folija\/\"]}]},{\"@type\":\"ImageObject\",\"inLanguage\":\"hr\",\"@id\":\"https:\/\/www.uhl-menu.com\/hr\/produkt\/vodeca-folija\/#primaryimage\",\"url\":\"https:\/\/www.uhl-menu.com\/wp-content\/uploads\/leading-foil-speisekarte-mit-festem-folien-innenteil.png\",\"contentUrl\":\"https:\/\/www.uhl-menu.com\/wp-content\/uploads\/leading-foil-speisekarte-mit-festem-folien-innenteil.png\",\"width\":1600,\"height\":1125},{\"@type\":\"BreadcrumbList\",\"@id\":\"https:\/\/www.uhl-menu.com\/hr\/produkt\/vodeca-folija\/#breadcrumb\",\"itemListElement\":[{\"@type\":\"ListItem\",\"position\":1,\"name\":\"Startseite\",\"item\":\"https:\/\/www.uhl-menu.com\/hr\/\"},{\"@type\":\"ListItem\",\"position\":2,\"name\":\"Du\u0107an\",\"item\":\"https:\/\/www.uhl-menu.com\/hr\/ducan\/\"},{\"@type\":\"ListItem\",\"position\":3,\"name\":\"Vode\u0107a folija\"}]},{\"@type\":\"WebSite\",\"@id\":\"https:\/\/www.uhl-menu.com\/hr\/#website\",\"url\":\"https:\/\/www.uhl-menu.com\/hr\/\",\"name\":\"menu de Uhl\",\"description\":\"e fabricant de menus UHL, fond\u00e9 en 1982, s&#039;est donn\u00e9 d\u00e8s ses d\u00e9buts pour mission de se sp\u00e9cialiser dans les menus et les cartes des vins.\",\"publisher\":{\"@id\":\"https:\/\/www.uhl-menu.com\/hr\/#organization\"},\"potentialAction\":[{\"@type\":\"SearchAction\",\"target\":{\"@type\":\"EntryPoint\",\"urlTemplate\":\"https:\/\/www.uhl-menu.com\/hr\/?s={search_term_string}\"},\"query-input\":{\"@type\":\"PropertyValueSpecification\",\"valueRequired\":true,\"valueName\":\"search_term_string\"}}],\"inLanguage\":\"hr\"},{\"@type\":\"Organization\",\"@id\":\"https:\/\/www.uhl-menu.com\/hr\/#organization\",\"name\":\"menu de Uhl\",\"url\":\"https:\/\/www.uhl-menu.com\/hr\/\",\"logo\":{\"@type\":\"ImageObject\",\"inLanguage\":\"hr\",\"@id\":\"https:\/\/www.uhl-menu.com\/hr\/#\/schema\/logo\/image\/\",\"url\":\"https:\/\/www.uhl-menu.com\/wp-content\/uploads\/uhl-logo.png\",\"contentUrl\":\"https:\/\/www.uhl-menu.com\/wp-content\/uploads\/uhl-logo.png\",\"width\":66,\"height\":41,\"caption\":\"menu de Uhl\"},\"image\":{\"@id\":\"https:\/\/www.uhl-menu.com\/hr\/#\/schema\/logo\/image\/\"},\"sameAs\":[\"https:\/\/www.facebook.com\/uhlspeisekarten\",\"https:\/\/www.youtube.com\/channel\/UCz6fCHDC_EvIaFfibirEF8A\/videos\"]}]}<\/script>\n<!-- \/ Yoast SEO plugin. -->","yoast_head_json":{"title":"Vode\u0107a folija \u00bb Jelovnik s fiksnim unutarnjim dijelom od folije - menu de Uhl","robots":{"index":"index","follow":"follow","max-snippet":"max-snippet:-1","max-image-preview":"max-image-preview:large","max-video-preview":"max-video-preview:-1"},"canonical":"https:\/\/www.uhl-menu.com\/hr\/produkt\/vodeca-folija\/","og_locale":"hr_HR","og_type":"article","og_title":"Vode\u0107a folija \u00bb Jelovnik s fiksnim unutarnjim dijelom od folije - menu de Uhl","og_description":"Jelovnik ili vinska karta tvrtke Leading Foil je uvezana kartica i mo\u017ee se izraditi s neograni\u010denim brojem stranica. Kao i kod modela Leading, svi rubovi oja\u010danog poklopca i unutarnjeg retrovizora su zatvoreni, \u0161to zna\u010di da nema odrezanih rubova kroz koje bi mogla prodrijeti prljav\u0161tina ili vlaga. Me\u0111utim, s ovom karticom, unutarnje ogledalo je tako\u0111er prekriveno [&hellip;]","og_url":"https:\/\/www.uhl-menu.com\/hr\/produkt\/vodeca-folija\/","og_site_name":"menu de Uhl","article_publisher":"https:\/\/www.facebook.com\/uhlspeisekarten","og_image":[{"width":1600,"height":1125,"url":"https:\/\/www.uhl-menu.com\/wp-content\/uploads\/leading-foil-speisekarte-mit-festem-folien-innenteil.png","type":"image\/png"}],"twitter_card":"summary_large_image","twitter_misc":{"Procijenjeno vrijeme \u010ditanja":"1 minuta"},"schema":{"@context":"https:\/\/schema.org","@graph":[{"@type":"WebPage","@id":"https:\/\/www.uhl-menu.com\/hr\/produkt\/vodeca-folija\/","url":"https:\/\/www.uhl-menu.com\/hr\/produkt\/vodeca-folija\/","name":"Vode\u0107a folija \u00bb Jelovnik s fiksnim unutarnjim dijelom od folije - menu de Uhl","isPartOf":{"@id":"https:\/\/www.uhl-menu.com\/hr\/#website"},"primaryImageOfPage":{"@id":"https:\/\/www.uhl-menu.com\/hr\/produkt\/vodeca-folija\/#primaryimage"},"image":{"@id":"https:\/\/www.uhl-menu.com\/hr\/produkt\/vodeca-folija\/#primaryimage"},"thumbnailUrl":"https:\/\/www.uhl-menu.com\/wp-content\/uploads\/leading-foil-speisekarte-mit-festem-folien-innenteil.png","datePublished":"2021-11-25T11:35:01+00:00","breadcrumb":{"@id":"https:\/\/www.uhl-menu.com\/hr\/produkt\/vodeca-folija\/#breadcrumb"},"inLanguage":"hr","potentialAction":[{"@type":"ReadAction","target":["https:\/\/www.uhl-menu.com\/hr\/produkt\/vodeca-folija\/"]}]},{"@type":"ImageObject","inLanguage":"hr","@id":"https:\/\/www.uhl-menu.com\/hr\/produkt\/vodeca-folija\/#primaryimage","url":"https:\/\/www.uhl-menu.com\/wp-content\/uploads\/leading-foil-speisekarte-mit-festem-folien-innenteil.png","contentUrl":"https:\/\/www.uhl-menu.com\/wp-content\/uploads\/leading-foil-speisekarte-mit-festem-folien-innenteil.png","width":1600,"height":1125},{"@type":"BreadcrumbList","@id":"https:\/\/www.uhl-menu.com\/hr\/produkt\/vodeca-folija\/#breadcrumb","itemListElement":[{"@type":"ListItem","position":1,"name":"Startseite","item":"https:\/\/www.uhl-menu.com\/hr\/"},{"@type":"ListItem","position":2,"name":"Du\u0107an","item":"https:\/\/www.uhl-menu.com\/hr\/ducan\/"},{"@type":"ListItem","position":3,"name":"Vode\u0107a folija"}]},{"@type":"WebSite","@id":"https:\/\/www.uhl-menu.com\/hr\/#website","url":"https:\/\/www.uhl-menu.com\/hr\/","name":"menu de Uhl","description":"e fabricant de menus UHL, fond\u00e9 en 1982, s&#039;est donn\u00e9 d\u00e8s ses d\u00e9buts pour mission de se sp\u00e9cialiser dans les menus et les cartes des vins.","publisher":{"@id":"https:\/\/www.uhl-menu.com\/hr\/#organization"},"potentialAction":[{"@type":"SearchAction","target":{"@type":"EntryPoint","urlTemplate":"https:\/\/www.uhl-menu.com\/hr\/?s={search_term_string}"},"query-input":{"@type":"PropertyValueSpecification","valueRequired":true,"valueName":"search_term_string"}}],"inLanguage":"hr"},{"@type":"Organization","@id":"https:\/\/www.uhl-menu.com\/hr\/#organization","name":"menu de Uhl","url":"https:\/\/www.uhl-menu.com\/hr\/","logo":{"@type":"ImageObject","inLanguage":"hr","@id":"https:\/\/www.uhl-menu.com\/hr\/#\/schema\/logo\/image\/","url":"https:\/\/www.uhl-menu.com\/wp-content\/uploads\/uhl-logo.png","contentUrl":"https:\/\/www.uhl-menu.com\/wp-content\/uploads\/uhl-logo.png","width":66,"height":41,"caption":"menu de Uhl"},"image":{"@id":"https:\/\/www.uhl-menu.com\/hr\/#\/schema\/logo\/image\/"},"sameAs":["https:\/\/www.facebook.com\/uhlspeisekarten","https:\/\/www.youtube.com\/channel\/UCz6fCHDC_EvIaFfibirEF8A\/videos"]}]}},"_links":{"self":[{"href":"https:\/\/www.uhl-menu.com\/hr\/wp-json\/wp\/v2\/product\/65070","targetHints":{"allow":["GET"]}}],"collection":[{"href":"https:\/\/www.uhl-menu.com\/hr\/wp-json\/wp\/v2\/product"}],"about":[{"href":"https:\/\/www.uhl-menu.com\/hr\/wp-json\/wp\/v2\/types\/product"}],"wp:featuredmedia":[{"embeddable":true,"href":"https:\/\/www.uhl-menu.com\/hr\/wp-json\/wp\/v2\/media\/65083"}],"wp:attachment":[{"href":"https:\/\/www.uhl-menu.com\/hr\/wp-json\/wp\/v2\/media?parent=65070"}],"wp:term":[{"taxonomy":"product_brand","embeddable":true,"href":"https:\/\/www.uhl-menu.com\/hr\/wp-json\/wp\/v2\/product_brand?post=65070"},{"taxonomy":"product_cat","embeddable":true,"href":"https:\/\/www.uhl-menu.com\/hr\/wp-json\/wp\/v2\/product_cat?post=65070"},{"taxonomy":"product_tag","embeddable":true,"href":"https:\/\/www.uhl-menu.com\/hr\/wp-json\/wp\/v2\/product_tag?post=65070"}],"curies":[{"name":"wp","href":"https:\/\/api.w.org\/{rel}","templated":true}]}}