{"id":66818,"date":"2021-11-25T11:29:24","date_gmt":"2021-11-25T10:29:24","guid":{"rendered":"https:\/\/www.uhl-menu.com\/produkt\/magija\/"},"modified":"2021-11-25T11:29:24","modified_gmt":"2021-11-25T10:29:24","slug":"magija","status":"publish","type":"product","link":"https:\/\/www.uhl-menu.com\/hr\/produkt\/magija\/","title":{"rendered":"Magija"},"content":{"rendered":"<p>Elegantni razvoj sustava tvrtke UHL. Posebno estetski ugodan sustav za presvla\u010denje Magic u kombinaciji s visokokvalitetnim materijalima. Dva utora raspore\u0111ena po du\u017eini izra\u0111ena od visokokvalitetnog lana, koji istovremeno slu\u017ee kao dr\u017ea\u010d za o\u0161tricu i kao podru\u010dje hvata.  <\/p>\n<p>Pojedina\u010dni unutarnji dijelovi povezani su lanenim \u0161arkama otpornim na kidanje. Korice kartice izra\u0111ene su od visokokvalitetnih, izdr\u017eljivih materijala poput lana, sintetike, imitacije ko\u017ee ili prave ko\u017ee, a po \u017eelji se mogu pro\u0161iti ukrasnim \u0161avovima po rubu. <\/p>\n","protected":false},"excerpt":{"rendered":"<p>Elegantni razvoj sustava tvrtke UHL. Posebno estetski ugodan sustav za presvla\u010denje Magic u kombinaciji s visokokvalitetnim materijalima. Dva utora raspore\u0111ena po du\u017eini izra\u0111ena od visokokvalitetnog lana, koji istovremeno slu\u017ee kao dr\u017ea\u010d za o\u0161tricu i kao podru\u010dje hvata. Pojedina\u010dni unutarnji dijelovi povezani su lanenim \u0161arkama otpornim na kidanje. Korice kartice izra\u0111ene su od visokokvalitetnih, izdr\u017eljivih materijala [&hellip;]<\/p>\n","protected":false},"featured_media":65042,"template":"","meta":{"_acf_changed":false},"product_brand":[],"product_cat":[1416,1457,1456,1425,1435,1429,1440,1423,1432,1443,1422,1442,1427],"product_tag":[],"class_list":{"0":"post-66818","1":"product","2":"type-product","3":"status-publish","4":"has-post-thumbnail","6":"product_cat-jelovnici","7":"product_cat-kartonski-stalak-za-stol","8":"product_cat-meki-uvez","9":"product_cat-neosjetljiv-na-masnocu","10":"product_cat-posteljina","11":"product_cat-prava-koza","12":"product_cat-sinteticki-materijal","13":"product_cat-tvrdi-uvez","14":"product_cat-umjetna-koza","15":"product_cat-vezan","16":"product_cat-vinske-karte","17":"product_cat-visestranicni","18":"product_cat-vodoodbojno","19":"pa_format-za-a4-pejzazni-format","20":"pa_format-za-a4-portret","21":"pa_format-za-a5-pejzazni-format","22":"pa_format-za-a5-portret","23":"pa_format-za-a6-visoku-velicinu","24":"pa_format-za-din-dugu","25":"pa_format-zeljeni-format","26":"tm-has-options","28":"first","29":"instock","30":"taxable","31":"shipping-taxable","32":"purchasable","33":"product-type-variable"},"acf":[],"yoast_head":"<!-- This site is optimized with the Yoast SEO plugin v26.0 - https:\/\/yoast.com\/wordpress\/plugins\/seo\/ -->\n<title>Magija \u00bb Mapa izbornika s Magic sustavom zamjene - menu de Uhl<\/title>\n<meta name=\"robots\" content=\"index, follow, max-snippet:-1, max-image-preview:large, max-video-preview:-1\" \/>\n<link rel=\"canonical\" href=\"https:\/\/www.uhl-menu.com\/hr\/produkt\/magija\/\" \/>\n<meta property=\"og:locale\" content=\"hr_HR\" \/>\n<meta property=\"og:type\" content=\"article\" \/>\n<meta property=\"og:title\" content=\"Magija \u00bb Mapa izbornika s Magic sustavom zamjene - menu de Uhl\" \/>\n<meta property=\"og:description\" content=\"Elegantni razvoj sustava tvrtke UHL. Posebno estetski ugodan sustav za presvla\u010denje Magic u kombinaciji s visokokvalitetnim materijalima. Dva utora raspore\u0111ena po du\u017eini izra\u0111ena od visokokvalitetnog lana, koji istovremeno slu\u017ee kao dr\u017ea\u010d za o\u0161tricu i kao podru\u010dje hvata. Pojedina\u010dni unutarnji dijelovi povezani su lanenim \u0161arkama otpornim na kidanje. Korice kartice izra\u0111ene su od visokokvalitetnih, izdr\u017eljivih materijala [&hellip;]\" \/>\n<meta property=\"og:url\" content=\"https:\/\/www.uhl-menu.com\/hr\/produkt\/magija\/\" \/>\n<meta property=\"og:site_name\" content=\"menu de Uhl\" \/>\n<meta property=\"article:publisher\" content=\"https:\/\/www.facebook.com\/uhlspeisekarten\" \/>\n<meta property=\"og:image\" content=\"https:\/\/www.uhl-menu.com\/wp-content\/uploads\/.\/magic-speisekarten-mappen-mit-wechselsystem.png\" \/>\n\t<meta property=\"og:image:width\" content=\"1600\" \/>\n\t<meta property=\"og:image:height\" content=\"1125\" \/>\n\t<meta property=\"og:image:type\" content=\"image\/png\" \/>\n<meta name=\"twitter:card\" content=\"summary_large_image\" \/>\n<script type=\"application\/ld+json\" class=\"yoast-schema-graph\">{\"@context\":\"https:\/\/schema.org\",\"@graph\":[{\"@type\":\"WebPage\",\"@id\":\"https:\/\/www.uhl-menu.com\/hr\/produkt\/magija\/\",\"url\":\"https:\/\/www.uhl-menu.com\/hr\/produkt\/magija\/\",\"name\":\"Magija \u00bb Mapa izbornika s Magic sustavom zamjene - menu de Uhl\",\"isPartOf\":{\"@id\":\"https:\/\/www.uhl-menu.com\/hr\/#website\"},\"primaryImageOfPage\":{\"@id\":\"https:\/\/www.uhl-menu.com\/hr\/produkt\/magija\/#primaryimage\"},\"image\":{\"@id\":\"https:\/\/www.uhl-menu.com\/hr\/produkt\/magija\/#primaryimage\"},\"thumbnailUrl\":\"https:\/\/www.uhl-menu.com\/wp-content\/uploads\/.\/magic-speisekarten-mappen-mit-wechselsystem.png\",\"datePublished\":\"2021-11-25T10:29:24+00:00\",\"breadcrumb\":{\"@id\":\"https:\/\/www.uhl-menu.com\/hr\/produkt\/magija\/#breadcrumb\"},\"inLanguage\":\"hr\",\"potentialAction\":[{\"@type\":\"ReadAction\",\"target\":[\"https:\/\/www.uhl-menu.com\/hr\/produkt\/magija\/\"]}]},{\"@type\":\"ImageObject\",\"inLanguage\":\"hr\",\"@id\":\"https:\/\/www.uhl-menu.com\/hr\/produkt\/magija\/#primaryimage\",\"url\":\"https:\/\/www.uhl-menu.com\/wp-content\/uploads\/.\/magic-speisekarten-mappen-mit-wechselsystem.png\",\"contentUrl\":\"https:\/\/www.uhl-menu.com\/wp-content\/uploads\/.\/magic-speisekarten-mappen-mit-wechselsystem.png\",\"width\":1600,\"height\":1125,\"caption\":\"Mapa s jelovnikom i prakti\u010dnim sustavom za presvla\u010denje\"},{\"@type\":\"BreadcrumbList\",\"@id\":\"https:\/\/www.uhl-menu.com\/hr\/produkt\/magija\/#breadcrumb\",\"itemListElement\":[{\"@type\":\"ListItem\",\"position\":1,\"name\":\"Startseite\",\"item\":\"https:\/\/www.uhl-menu.com\/hr\/\"},{\"@type\":\"ListItem\",\"position\":2,\"name\":\"Du\u0107an\",\"item\":\"https:\/\/www.uhl-menu.com\/hr\/ducan\/\"},{\"@type\":\"ListItem\",\"position\":3,\"name\":\"Magija\"}]},{\"@type\":\"WebSite\",\"@id\":\"https:\/\/www.uhl-menu.com\/hr\/#website\",\"url\":\"https:\/\/www.uhl-menu.com\/hr\/\",\"name\":\"menu de Uhl\",\"description\":\"e fabricant de menus UHL, fond\u00e9 en 1982, s&#039;est donn\u00e9 d\u00e8s ses d\u00e9buts pour mission de se sp\u00e9cialiser dans les menus et les cartes des vins.\",\"publisher\":{\"@id\":\"https:\/\/www.uhl-menu.com\/hr\/#organization\"},\"potentialAction\":[{\"@type\":\"SearchAction\",\"target\":{\"@type\":\"EntryPoint\",\"urlTemplate\":\"https:\/\/www.uhl-menu.com\/hr\/?s={search_term_string}\"},\"query-input\":{\"@type\":\"PropertyValueSpecification\",\"valueRequired\":true,\"valueName\":\"search_term_string\"}}],\"inLanguage\":\"hr\"},{\"@type\":\"Organization\",\"@id\":\"https:\/\/www.uhl-menu.com\/hr\/#organization\",\"name\":\"menu de Uhl\",\"url\":\"https:\/\/www.uhl-menu.com\/hr\/\",\"logo\":{\"@type\":\"ImageObject\",\"inLanguage\":\"hr\",\"@id\":\"https:\/\/www.uhl-menu.com\/hr\/#\/schema\/logo\/image\/\",\"url\":\"https:\/\/www.uhl-menu.com\/wp-content\/uploads\/uhl-logo.png\",\"contentUrl\":\"https:\/\/www.uhl-menu.com\/wp-content\/uploads\/uhl-logo.png\",\"width\":66,\"height\":41,\"caption\":\"menu de Uhl\"},\"image\":{\"@id\":\"https:\/\/www.uhl-menu.com\/hr\/#\/schema\/logo\/image\/\"},\"sameAs\":[\"https:\/\/www.facebook.com\/uhlspeisekarten\",\"https:\/\/www.youtube.com\/channel\/UCz6fCHDC_EvIaFfibirEF8A\/videos\"]}]}<\/script>\n<!-- \/ Yoast SEO plugin. -->","yoast_head_json":{"title":"Magija \u00bb Mapa izbornika s Magic sustavom zamjene - menu de Uhl","robots":{"index":"index","follow":"follow","max-snippet":"max-snippet:-1","max-image-preview":"max-image-preview:large","max-video-preview":"max-video-preview:-1"},"canonical":"https:\/\/www.uhl-menu.com\/hr\/produkt\/magija\/","og_locale":"hr_HR","og_type":"article","og_title":"Magija \u00bb Mapa izbornika s Magic sustavom zamjene - menu de Uhl","og_description":"Elegantni razvoj sustava tvrtke UHL. Posebno estetski ugodan sustav za presvla\u010denje Magic u kombinaciji s visokokvalitetnim materijalima. Dva utora raspore\u0111ena po du\u017eini izra\u0111ena od visokokvalitetnog lana, koji istovremeno slu\u017ee kao dr\u017ea\u010d za o\u0161tricu i kao podru\u010dje hvata. Pojedina\u010dni unutarnji dijelovi povezani su lanenim \u0161arkama otpornim na kidanje. Korice kartice izra\u0111ene su od visokokvalitetnih, izdr\u017eljivih materijala [&hellip;]","og_url":"https:\/\/www.uhl-menu.com\/hr\/produkt\/magija\/","og_site_name":"menu de Uhl","article_publisher":"https:\/\/www.facebook.com\/uhlspeisekarten","og_image":[{"width":1600,"height":1125,"url":"https:\/\/www.uhl-menu.com\/wp-content\/uploads\/.\/magic-speisekarten-mappen-mit-wechselsystem.png","type":"image\/png"}],"twitter_card":"summary_large_image","schema":{"@context":"https:\/\/schema.org","@graph":[{"@type":"WebPage","@id":"https:\/\/www.uhl-menu.com\/hr\/produkt\/magija\/","url":"https:\/\/www.uhl-menu.com\/hr\/produkt\/magija\/","name":"Magija \u00bb Mapa izbornika s Magic sustavom zamjene - menu de Uhl","isPartOf":{"@id":"https:\/\/www.uhl-menu.com\/hr\/#website"},"primaryImageOfPage":{"@id":"https:\/\/www.uhl-menu.com\/hr\/produkt\/magija\/#primaryimage"},"image":{"@id":"https:\/\/www.uhl-menu.com\/hr\/produkt\/magija\/#primaryimage"},"thumbnailUrl":"https:\/\/www.uhl-menu.com\/wp-content\/uploads\/.\/magic-speisekarten-mappen-mit-wechselsystem.png","datePublished":"2021-11-25T10:29:24+00:00","breadcrumb":{"@id":"https:\/\/www.uhl-menu.com\/hr\/produkt\/magija\/#breadcrumb"},"inLanguage":"hr","potentialAction":[{"@type":"ReadAction","target":["https:\/\/www.uhl-menu.com\/hr\/produkt\/magija\/"]}]},{"@type":"ImageObject","inLanguage":"hr","@id":"https:\/\/www.uhl-menu.com\/hr\/produkt\/magija\/#primaryimage","url":"https:\/\/www.uhl-menu.com\/wp-content\/uploads\/.\/magic-speisekarten-mappen-mit-wechselsystem.png","contentUrl":"https:\/\/www.uhl-menu.com\/wp-content\/uploads\/.\/magic-speisekarten-mappen-mit-wechselsystem.png","width":1600,"height":1125,"caption":"Mapa s jelovnikom i prakti\u010dnim sustavom za presvla\u010denje"},{"@type":"BreadcrumbList","@id":"https:\/\/www.uhl-menu.com\/hr\/produkt\/magija\/#breadcrumb","itemListElement":[{"@type":"ListItem","position":1,"name":"Startseite","item":"https:\/\/www.uhl-menu.com\/hr\/"},{"@type":"ListItem","position":2,"name":"Du\u0107an","item":"https:\/\/www.uhl-menu.com\/hr\/ducan\/"},{"@type":"ListItem","position":3,"name":"Magija"}]},{"@type":"WebSite","@id":"https:\/\/www.uhl-menu.com\/hr\/#website","url":"https:\/\/www.uhl-menu.com\/hr\/","name":"menu de Uhl","description":"e fabricant de menus UHL, fond\u00e9 en 1982, s&#039;est donn\u00e9 d\u00e8s ses d\u00e9buts pour mission de se sp\u00e9cialiser dans les menus et les cartes des vins.","publisher":{"@id":"https:\/\/www.uhl-menu.com\/hr\/#organization"},"potentialAction":[{"@type":"SearchAction","target":{"@type":"EntryPoint","urlTemplate":"https:\/\/www.uhl-menu.com\/hr\/?s={search_term_string}"},"query-input":{"@type":"PropertyValueSpecification","valueRequired":true,"valueName":"search_term_string"}}],"inLanguage":"hr"},{"@type":"Organization","@id":"https:\/\/www.uhl-menu.com\/hr\/#organization","name":"menu de Uhl","url":"https:\/\/www.uhl-menu.com\/hr\/","logo":{"@type":"ImageObject","inLanguage":"hr","@id":"https:\/\/www.uhl-menu.com\/hr\/#\/schema\/logo\/image\/","url":"https:\/\/www.uhl-menu.com\/wp-content\/uploads\/uhl-logo.png","contentUrl":"https:\/\/www.uhl-menu.com\/wp-content\/uploads\/uhl-logo.png","width":66,"height":41,"caption":"menu de Uhl"},"image":{"@id":"https:\/\/www.uhl-menu.com\/hr\/#\/schema\/logo\/image\/"},"sameAs":["https:\/\/www.facebook.com\/uhlspeisekarten","https:\/\/www.youtube.com\/channel\/UCz6fCHDC_EvIaFfibirEF8A\/videos"]}]}},"_links":{"self":[{"href":"https:\/\/www.uhl-menu.com\/hr\/wp-json\/wp\/v2\/product\/66818","targetHints":{"allow":["GET"]}}],"collection":[{"href":"https:\/\/www.uhl-menu.com\/hr\/wp-json\/wp\/v2\/product"}],"about":[{"href":"https:\/\/www.uhl-menu.com\/hr\/wp-json\/wp\/v2\/types\/product"}],"wp:featuredmedia":[{"embeddable":true,"href":"https:\/\/www.uhl-menu.com\/hr\/wp-json\/wp\/v2\/media\/65042"}],"wp:attachment":[{"href":"https:\/\/www.uhl-menu.com\/hr\/wp-json\/wp\/v2\/media?parent=66818"}],"wp:term":[{"taxonomy":"product_brand","embeddable":true,"href":"https:\/\/www.uhl-menu.com\/hr\/wp-json\/wp\/v2\/product_brand?post=66818"},{"taxonomy":"product_cat","embeddable":true,"href":"https:\/\/www.uhl-menu.com\/hr\/wp-json\/wp\/v2\/product_cat?post=66818"},{"taxonomy":"product_tag","embeddable":true,"href":"https:\/\/www.uhl-menu.com\/hr\/wp-json\/wp\/v2\/product_tag?post=66818"}],"curies":[{"name":"wp","href":"https:\/\/api.w.org\/{rel}","templated":true}]}}