{"id":68893,"date":"2021-10-12T16:47:07","date_gmt":"2021-10-12T14:47:07","guid":{"rendered":"https:\/\/www.uhl-menu.com\/videohivasos-tanacsadas\/"},"modified":"2025-10-16T11:01:45","modified_gmt":"2025-10-16T09:01:45","slug":"videohivasos-tanacsadas","status":"publish","type":"page","link":"https:\/\/www.uhl-menu.com\/hu\/info-szolgaltatas-2\/videohivasos-tanacsadas\/","title":{"rendered":"Videoh\u00edv\u00e1sos tan\u00e1csad\u00e1s"},"content":{"rendered":"","protected":false},"excerpt":{"rendered":"","protected":false},"author":1,"featured_media":0,"parent":75399,"menu_order":1,"comment_status":"closed","ping_status":"closed","template":"","meta":{"_acf_changed":false,"footnotes":""},"class_list":["post-68893","page","type-page","status-publish","hentry"],"acf":[],"yoast_head":"<!-- This site is optimized with the Yoast SEO plugin v26.0 - https:\/\/yoast.com\/wordpress\/plugins\/seo\/ -->\n<title>\u1455\u2776\u1450 Videoh\u00edv\u00e1sos tan\u00e1csad\u00e1s - \u27a1\ufe0f menu de Uhl<\/title>\n<meta name=\"description\" content=\"\u276d\u276d\u276d Hochwertige Speisekarten und Getr\u00e4nkekarten von UHL \u27a1\ufe0f Handgefertigte Spitzenqualti\u00e4t \u2705 Veredeln Sie Ihre Marke \u2705\" \/>\n<meta name=\"robots\" content=\"index, follow, max-snippet:-1, max-image-preview:large, max-video-preview:-1\" \/>\n<link rel=\"canonical\" href=\"https:\/\/www.uhl-menu.com\/hu\/info-szolgaltatas-2\/videohivasos-tanacsadas\/\" \/>\n<meta property=\"og:locale\" content=\"hu_HU\" \/>\n<meta property=\"og:type\" content=\"article\" \/>\n<meta property=\"og:title\" content=\"\u1455\u2776\u1450 Videoh\u00edv\u00e1sos tan\u00e1csad\u00e1s - \u27a1\ufe0f menu de Uhl\" \/>\n<meta property=\"og:description\" content=\"\u276d\u276d\u276d Hochwertige Speisekarten und Getr\u00e4nkekarten von UHL \u27a1\ufe0f Handgefertigte Spitzenqualti\u00e4t \u2705 Veredeln Sie Ihre Marke \u2705\" \/>\n<meta property=\"og:url\" content=\"https:\/\/www.uhl-menu.com\/hu\/info-szolgaltatas-2\/videohivasos-tanacsadas\/\" \/>\n<meta property=\"og:site_name\" content=\"menu de Uhl\" \/>\n<meta property=\"article:publisher\" content=\"https:\/\/www.facebook.com\/uhlspeisekarten\" \/>\n<meta property=\"article:modified_time\" content=\"2025-10-16T09:01:45+00:00\" \/>\n<meta name=\"twitter:card\" content=\"summary_large_image\" \/>\n<script type=\"application\/ld+json\" class=\"yoast-schema-graph\">{\"@context\":\"https:\/\/schema.org\",\"@graph\":[{\"@type\":\"WebPage\",\"@id\":\"https:\/\/www.uhl-menu.com\/hu\/info-szolgaltatas-2\/videohivasos-tanacsadas\/\",\"url\":\"https:\/\/www.uhl-menu.com\/hu\/info-szolgaltatas-2\/videohivasos-tanacsadas\/\",\"name\":\"\u1455\u2776\u1450 Videoh\u00edv\u00e1sos tan\u00e1csad\u00e1s - \u27a1\ufe0f menu de Uhl\",\"isPartOf\":{\"@id\":\"https:\/\/www.uhl-menu.com\/hu\/#website\"},\"datePublished\":\"2021-10-12T14:47:07+00:00\",\"dateModified\":\"2025-10-16T09:01:45+00:00\",\"description\":\"\u276d\u276d\u276d Hochwertige Speisekarten und Getr\u00e4nkekarten von UHL \u27a1\ufe0f Handgefertigte Spitzenqualti\u00e4t \u2705 Veredeln Sie Ihre Marke \u2705\",\"breadcrumb\":{\"@id\":\"https:\/\/www.uhl-menu.com\/hu\/info-szolgaltatas-2\/videohivasos-tanacsadas\/#breadcrumb\"},\"inLanguage\":\"hu\",\"potentialAction\":[{\"@type\":\"ReadAction\",\"target\":[\"https:\/\/www.uhl-menu.com\/hu\/info-szolgaltatas-2\/videohivasos-tanacsadas\/\"]}]},{\"@type\":\"BreadcrumbList\",\"@id\":\"https:\/\/www.uhl-menu.com\/hu\/info-szolgaltatas-2\/videohivasos-tanacsadas\/#breadcrumb\",\"itemListElement\":[{\"@type\":\"ListItem\",\"position\":1,\"name\":\"Startseite\",\"item\":\"https:\/\/www.uhl-menu.com\/hu\/\"},{\"@type\":\"ListItem\",\"position\":2,\"name\":\"Info &amp; szolg\u00e1ltat\u00e1s\",\"item\":\"https:\/\/www.uhl-menu.com\/hu\/info-szolgaltatas-2\/\"},{\"@type\":\"ListItem\",\"position\":3,\"name\":\"Videoh\u00edv\u00e1sos tan\u00e1csad\u00e1s\"}]},{\"@type\":\"WebSite\",\"@id\":\"https:\/\/www.uhl-menu.com\/hu\/#website\",\"url\":\"https:\/\/www.uhl-menu.com\/hu\/\",\"name\":\"menu de Uhl\",\"description\":\"e fabricant de menus UHL, fond\u00e9 en 1982, s&#039;est donn\u00e9 d\u00e8s ses d\u00e9buts pour mission de se sp\u00e9cialiser dans les menus et les cartes des vins.\",\"publisher\":{\"@id\":\"https:\/\/www.uhl-menu.com\/hu\/#organization\"},\"potentialAction\":[{\"@type\":\"SearchAction\",\"target\":{\"@type\":\"EntryPoint\",\"urlTemplate\":\"https:\/\/www.uhl-menu.com\/hu\/?s={search_term_string}\"},\"query-input\":{\"@type\":\"PropertyValueSpecification\",\"valueRequired\":true,\"valueName\":\"search_term_string\"}}],\"inLanguage\":\"hu\"},{\"@type\":\"Organization\",\"@id\":\"https:\/\/www.uhl-menu.com\/hu\/#organization\",\"name\":\"menu de Uhl\",\"url\":\"https:\/\/www.uhl-menu.com\/hu\/\",\"logo\":{\"@type\":\"ImageObject\",\"inLanguage\":\"hu\",\"@id\":\"https:\/\/www.uhl-menu.com\/hu\/#\/schema\/logo\/image\/\",\"url\":\"https:\/\/www.uhl-menu.com\/wp-content\/uploads\/uhl-logo.png\",\"contentUrl\":\"https:\/\/www.uhl-menu.com\/wp-content\/uploads\/uhl-logo.png\",\"width\":66,\"height\":41,\"caption\":\"menu de Uhl\"},\"image\":{\"@id\":\"https:\/\/www.uhl-menu.com\/hu\/#\/schema\/logo\/image\/\"},\"sameAs\":[\"https:\/\/www.facebook.com\/uhlspeisekarten\",\"https:\/\/www.youtube.com\/channel\/UCz6fCHDC_EvIaFfibirEF8A\/videos\"]}]}<\/script>\n<!-- \/ Yoast SEO plugin. -->","yoast_head_json":{"title":"\u1455\u2776\u1450 Videoh\u00edv\u00e1sos tan\u00e1csad\u00e1s - \u27a1\ufe0f menu de Uhl","description":"\u276d\u276d\u276d Hochwertige Speisekarten und Getr\u00e4nkekarten von UHL \u27a1\ufe0f Handgefertigte Spitzenqualti\u00e4t \u2705 Veredeln Sie Ihre Marke \u2705","robots":{"index":"index","follow":"follow","max-snippet":"max-snippet:-1","max-image-preview":"max-image-preview:large","max-video-preview":"max-video-preview:-1"},"canonical":"https:\/\/www.uhl-menu.com\/hu\/info-szolgaltatas-2\/videohivasos-tanacsadas\/","og_locale":"hu_HU","og_type":"article","og_title":"\u1455\u2776\u1450 Videoh\u00edv\u00e1sos tan\u00e1csad\u00e1s - \u27a1\ufe0f menu de Uhl","og_description":"\u276d\u276d\u276d Hochwertige Speisekarten und Getr\u00e4nkekarten von UHL \u27a1\ufe0f Handgefertigte Spitzenqualti\u00e4t \u2705 Veredeln Sie Ihre Marke \u2705","og_url":"https:\/\/www.uhl-menu.com\/hu\/info-szolgaltatas-2\/videohivasos-tanacsadas\/","og_site_name":"menu de Uhl","article_publisher":"https:\/\/www.facebook.com\/uhlspeisekarten","article_modified_time":"2025-10-16T09:01:45+00:00","twitter_card":"summary_large_image","schema":{"@context":"https:\/\/schema.org","@graph":[{"@type":"WebPage","@id":"https:\/\/www.uhl-menu.com\/hu\/info-szolgaltatas-2\/videohivasos-tanacsadas\/","url":"https:\/\/www.uhl-menu.com\/hu\/info-szolgaltatas-2\/videohivasos-tanacsadas\/","name":"\u1455\u2776\u1450 Videoh\u00edv\u00e1sos tan\u00e1csad\u00e1s - \u27a1\ufe0f menu de Uhl","isPartOf":{"@id":"https:\/\/www.uhl-menu.com\/hu\/#website"},"datePublished":"2021-10-12T14:47:07+00:00","dateModified":"2025-10-16T09:01:45+00:00","description":"\u276d\u276d\u276d Hochwertige Speisekarten und Getr\u00e4nkekarten von UHL \u27a1\ufe0f Handgefertigte Spitzenqualti\u00e4t \u2705 Veredeln Sie Ihre Marke \u2705","breadcrumb":{"@id":"https:\/\/www.uhl-menu.com\/hu\/info-szolgaltatas-2\/videohivasos-tanacsadas\/#breadcrumb"},"inLanguage":"hu","potentialAction":[{"@type":"ReadAction","target":["https:\/\/www.uhl-menu.com\/hu\/info-szolgaltatas-2\/videohivasos-tanacsadas\/"]}]},{"@type":"BreadcrumbList","@id":"https:\/\/www.uhl-menu.com\/hu\/info-szolgaltatas-2\/videohivasos-tanacsadas\/#breadcrumb","itemListElement":[{"@type":"ListItem","position":1,"name":"Startseite","item":"https:\/\/www.uhl-menu.com\/hu\/"},{"@type":"ListItem","position":2,"name":"Info &amp; szolg\u00e1ltat\u00e1s","item":"https:\/\/www.uhl-menu.com\/hu\/info-szolgaltatas-2\/"},{"@type":"ListItem","position":3,"name":"Videoh\u00edv\u00e1sos tan\u00e1csad\u00e1s"}]},{"@type":"WebSite","@id":"https:\/\/www.uhl-menu.com\/hu\/#website","url":"https:\/\/www.uhl-menu.com\/hu\/","name":"menu de Uhl","description":"e fabricant de menus UHL, fond\u00e9 en 1982, s&#039;est donn\u00e9 d\u00e8s ses d\u00e9buts pour mission de se sp\u00e9cialiser dans les menus et les cartes des vins.","publisher":{"@id":"https:\/\/www.uhl-menu.com\/hu\/#organization"},"potentialAction":[{"@type":"SearchAction","target":{"@type":"EntryPoint","urlTemplate":"https:\/\/www.uhl-menu.com\/hu\/?s={search_term_string}"},"query-input":{"@type":"PropertyValueSpecification","valueRequired":true,"valueName":"search_term_string"}}],"inLanguage":"hu"},{"@type":"Organization","@id":"https:\/\/www.uhl-menu.com\/hu\/#organization","name":"menu de Uhl","url":"https:\/\/www.uhl-menu.com\/hu\/","logo":{"@type":"ImageObject","inLanguage":"hu","@id":"https:\/\/www.uhl-menu.com\/hu\/#\/schema\/logo\/image\/","url":"https:\/\/www.uhl-menu.com\/wp-content\/uploads\/uhl-logo.png","contentUrl":"https:\/\/www.uhl-menu.com\/wp-content\/uploads\/uhl-logo.png","width":66,"height":41,"caption":"menu de Uhl"},"image":{"@id":"https:\/\/www.uhl-menu.com\/hu\/#\/schema\/logo\/image\/"},"sameAs":["https:\/\/www.facebook.com\/uhlspeisekarten","https:\/\/www.youtube.com\/channel\/UCz6fCHDC_EvIaFfibirEF8A\/videos"]}]}},"_links":{"self":[{"href":"https:\/\/www.uhl-menu.com\/hu\/wp-json\/wp\/v2\/pages\/68893","targetHints":{"allow":["GET"]}}],"collection":[{"href":"https:\/\/www.uhl-menu.com\/hu\/wp-json\/wp\/v2\/pages"}],"about":[{"href":"https:\/\/www.uhl-menu.com\/hu\/wp-json\/wp\/v2\/types\/page"}],"author":[{"embeddable":true,"href":"https:\/\/www.uhl-menu.com\/hu\/wp-json\/wp\/v2\/users\/1"}],"replies":[{"embeddable":true,"href":"https:\/\/www.uhl-menu.com\/hu\/wp-json\/wp\/v2\/comments?post=68893"}],"version-history":[{"count":1,"href":"https:\/\/www.uhl-menu.com\/hu\/wp-json\/wp\/v2\/pages\/68893\/revisions"}],"predecessor-version":[{"id":75398,"href":"https:\/\/www.uhl-menu.com\/hu\/wp-json\/wp\/v2\/pages\/68893\/revisions\/75398"}],"up":[{"embeddable":true,"href":"https:\/\/www.uhl-menu.com\/hu\/wp-json\/wp\/v2\/pages\/75399"}],"wp:attachment":[{"href":"https:\/\/www.uhl-menu.com\/hu\/wp-json\/wp\/v2\/media?parent=68893"}],"curies":[{"name":"wp","href":"https:\/\/api.w.org\/{rel}","templated":true}]}}