{"id":68899,"date":"2021-09-26T21:22:12","date_gmt":"2021-09-26T19:22:12","guid":{"rendered":"https:\/\/www.uhl-menu.com\/szamlak-mappai\/"},"modified":"2025-10-16T09:25:59","modified_gmt":"2025-10-16T07:25:59","slug":"szamlak-mappai","status":"publish","type":"page","link":"https:\/\/www.uhl-menu.com\/hu\/szamlak-mappai\/","title":{"rendered":"Sz\u00e1ml\u00e1k mapp\u00e1i"},"content":{"rendered":"","protected":false},"excerpt":{"rendered":"","protected":false},"author":1,"featured_media":68900,"parent":0,"menu_order":7,"comment_status":"closed","ping_status":"closed","template":"","meta":{"_acf_changed":false,"footnotes":""},"class_list":["post-68899","page","type-page","status-publish","has-post-thumbnail","hentry"],"acf":[],"yoast_head":"<!-- This site is optimized with the Yoast SEO plugin v26.0 - https:\/\/yoast.com\/wordpress\/plugins\/seo\/ -->\n<title>\u1455\u2776\u1450 Sz\u00e1mlamapp\u00e1k az UHL-t\u0151l \u27a1\ufe0f Handmade!<\/title>\n<meta name=\"description\" content=\"\u276d\u276d\u276d\u276dKiv\u00e1l\u00f3 min\u0151s\u00e9g\u0171 sz\u00e1mlamapp\u00e1k az UHL-t\u0151l \u27a1\ufe0f K\u00e9zzel k\u00e9sz\u00edtett cs\u00facsmin\u0151s\u00e9g \u2705 N\u00f6velje m\u00e1rk\u00e1j\u00e1t \u2705 K\u00e9rjen mint\u00e1t most!\" \/>\n<meta name=\"robots\" content=\"index, follow, max-snippet:-1, max-image-preview:large, max-video-preview:-1\" \/>\n<link rel=\"canonical\" href=\"https:\/\/www.uhl-menu.com\/hu\/szamlak-mappai\/\" \/>\n<meta property=\"og:locale\" content=\"hu_HU\" \/>\n<meta property=\"og:type\" content=\"article\" \/>\n<meta property=\"og:title\" content=\"\u1455\u2776\u1450 Sz\u00e1mlamapp\u00e1k az UHL-t\u0151l \u27a1\ufe0f Handmade!\" \/>\n<meta property=\"og:description\" content=\"\u276d\u276d\u276d\u276dKiv\u00e1l\u00f3 min\u0151s\u00e9g\u0171 sz\u00e1mlamapp\u00e1k az UHL-t\u0151l \u27a1\ufe0f K\u00e9zzel k\u00e9sz\u00edtett cs\u00facsmin\u0151s\u00e9g \u2705 N\u00f6velje m\u00e1rk\u00e1j\u00e1t \u2705 K\u00e9rjen mint\u00e1t most!\" \/>\n<meta property=\"og:url\" content=\"https:\/\/www.uhl-menu.com\/hu\/szamlak-mappai\/\" \/>\n<meta property=\"og:site_name\" content=\"menu de Uhl\" \/>\n<meta property=\"article:publisher\" content=\"https:\/\/www.facebook.com\/uhlspeisekarten\" \/>\n<meta property=\"article:modified_time\" content=\"2025-10-16T07:25:59+00:00\" \/>\n<meta property=\"og:image\" content=\"https:\/\/www.uhl-menu.com\/wp-content\/uploads\/rechnungsmappen-gastronomie-restaurants-hotels.jpg\" \/>\n\t<meta property=\"og:image:width\" content=\"2500\" \/>\n\t<meta property=\"og:image:height\" content=\"1674\" \/>\n\t<meta property=\"og:image:type\" content=\"image\/jpeg\" \/>\n<meta name=\"twitter:card\" content=\"summary_large_image\" \/>\n<script type=\"application\/ld+json\" class=\"yoast-schema-graph\">{\"@context\":\"https:\/\/schema.org\",\"@graph\":[{\"@type\":\"WebPage\",\"@id\":\"https:\/\/www.uhl-menu.com\/hu\/szamlak-mappai\/\",\"url\":\"https:\/\/www.uhl-menu.com\/hu\/szamlak-mappai\/\",\"name\":\"\u1455\u2776\u1450 Sz\u00e1mlamapp\u00e1k az UHL-t\u0151l \u27a1\ufe0f Handmade!\",\"isPartOf\":{\"@id\":\"https:\/\/www.uhl-menu.com\/hu\/#website\"},\"primaryImageOfPage\":{\"@id\":\"https:\/\/www.uhl-menu.com\/hu\/szamlak-mappai\/#primaryimage\"},\"image\":{\"@id\":\"https:\/\/www.uhl-menu.com\/hu\/szamlak-mappai\/#primaryimage\"},\"thumbnailUrl\":\"https:\/\/www.uhl-menu.com\/wp-content\/uploads\/rechnungsmappen-gastronomie-restaurants-hotels.jpg\",\"datePublished\":\"2021-09-26T19:22:12+00:00\",\"dateModified\":\"2025-10-16T07:25:59+00:00\",\"description\":\"\u276d\u276d\u276d\u276dKiv\u00e1l\u00f3 min\u0151s\u00e9g\u0171 sz\u00e1mlamapp\u00e1k az UHL-t\u0151l \u27a1\ufe0f K\u00e9zzel k\u00e9sz\u00edtett cs\u00facsmin\u0151s\u00e9g \u2705 N\u00f6velje m\u00e1rk\u00e1j\u00e1t \u2705 K\u00e9rjen mint\u00e1t most!\",\"breadcrumb\":{\"@id\":\"https:\/\/www.uhl-menu.com\/hu\/szamlak-mappai\/#breadcrumb\"},\"inLanguage\":\"hu\",\"potentialAction\":[{\"@type\":\"ReadAction\",\"target\":[\"https:\/\/www.uhl-menu.com\/hu\/szamlak-mappai\/\"]}]},{\"@type\":\"ImageObject\",\"inLanguage\":\"hu\",\"@id\":\"https:\/\/www.uhl-menu.com\/hu\/szamlak-mappai\/#primaryimage\",\"url\":\"https:\/\/www.uhl-menu.com\/wp-content\/uploads\/rechnungsmappen-gastronomie-restaurants-hotels.jpg\",\"contentUrl\":\"https:\/\/www.uhl-menu.com\/wp-content\/uploads\/rechnungsmappen-gastronomie-restaurants-hotels.jpg\",\"width\":2500,\"height\":1674,\"caption\":\"Rechnungsmappen \u00dcbersicht\"},{\"@type\":\"BreadcrumbList\",\"@id\":\"https:\/\/www.uhl-menu.com\/hu\/szamlak-mappai\/#breadcrumb\",\"itemListElement\":[{\"@type\":\"ListItem\",\"position\":1,\"name\":\"Startseite\",\"item\":\"https:\/\/www.uhl-menu.com\/hu\/\"},{\"@type\":\"ListItem\",\"position\":2,\"name\":\"Sz\u00e1ml\u00e1k mapp\u00e1i\"}]},{\"@type\":\"WebSite\",\"@id\":\"https:\/\/www.uhl-menu.com\/hu\/#website\",\"url\":\"https:\/\/www.uhl-menu.com\/hu\/\",\"name\":\"menu de Uhl\",\"description\":\"e fabricant de menus UHL, fond\u00e9 en 1982, s&#039;est donn\u00e9 d\u00e8s ses d\u00e9buts pour mission de se sp\u00e9cialiser dans les menus et les cartes des vins.\",\"publisher\":{\"@id\":\"https:\/\/www.uhl-menu.com\/hu\/#organization\"},\"potentialAction\":[{\"@type\":\"SearchAction\",\"target\":{\"@type\":\"EntryPoint\",\"urlTemplate\":\"https:\/\/www.uhl-menu.com\/hu\/?s={search_term_string}\"},\"query-input\":{\"@type\":\"PropertyValueSpecification\",\"valueRequired\":true,\"valueName\":\"search_term_string\"}}],\"inLanguage\":\"hu\"},{\"@type\":\"Organization\",\"@id\":\"https:\/\/www.uhl-menu.com\/hu\/#organization\",\"name\":\"menu de Uhl\",\"url\":\"https:\/\/www.uhl-menu.com\/hu\/\",\"logo\":{\"@type\":\"ImageObject\",\"inLanguage\":\"hu\",\"@id\":\"https:\/\/www.uhl-menu.com\/hu\/#\/schema\/logo\/image\/\",\"url\":\"https:\/\/www.uhl-menu.com\/wp-content\/uploads\/uhl-logo.png\",\"contentUrl\":\"https:\/\/www.uhl-menu.com\/wp-content\/uploads\/uhl-logo.png\",\"width\":66,\"height\":41,\"caption\":\"menu de Uhl\"},\"image\":{\"@id\":\"https:\/\/www.uhl-menu.com\/hu\/#\/schema\/logo\/image\/\"},\"sameAs\":[\"https:\/\/www.facebook.com\/uhlspeisekarten\",\"https:\/\/www.youtube.com\/channel\/UCz6fCHDC_EvIaFfibirEF8A\/videos\"]}]}<\/script>\n<!-- \/ Yoast SEO plugin. -->","yoast_head_json":{"title":"\u1455\u2776\u1450 Sz\u00e1mlamapp\u00e1k az UHL-t\u0151l \u27a1\ufe0f Handmade!","description":"\u276d\u276d\u276d\u276dKiv\u00e1l\u00f3 min\u0151s\u00e9g\u0171 sz\u00e1mlamapp\u00e1k az UHL-t\u0151l \u27a1\ufe0f K\u00e9zzel k\u00e9sz\u00edtett cs\u00facsmin\u0151s\u00e9g \u2705 N\u00f6velje m\u00e1rk\u00e1j\u00e1t \u2705 K\u00e9rjen mint\u00e1t most!","robots":{"index":"index","follow":"follow","max-snippet":"max-snippet:-1","max-image-preview":"max-image-preview:large","max-video-preview":"max-video-preview:-1"},"canonical":"https:\/\/www.uhl-menu.com\/hu\/szamlak-mappai\/","og_locale":"hu_HU","og_type":"article","og_title":"\u1455\u2776\u1450 Sz\u00e1mlamapp\u00e1k az UHL-t\u0151l \u27a1\ufe0f Handmade!","og_description":"\u276d\u276d\u276d\u276dKiv\u00e1l\u00f3 min\u0151s\u00e9g\u0171 sz\u00e1mlamapp\u00e1k az UHL-t\u0151l \u27a1\ufe0f K\u00e9zzel k\u00e9sz\u00edtett cs\u00facsmin\u0151s\u00e9g \u2705 N\u00f6velje m\u00e1rk\u00e1j\u00e1t \u2705 K\u00e9rjen mint\u00e1t most!","og_url":"https:\/\/www.uhl-menu.com\/hu\/szamlak-mappai\/","og_site_name":"menu de Uhl","article_publisher":"https:\/\/www.facebook.com\/uhlspeisekarten","article_modified_time":"2025-10-16T07:25:59+00:00","og_image":[{"width":2500,"height":1674,"url":"https:\/\/www.uhl-menu.com\/wp-content\/uploads\/rechnungsmappen-gastronomie-restaurants-hotels.jpg","type":"image\/jpeg"}],"twitter_card":"summary_large_image","schema":{"@context":"https:\/\/schema.org","@graph":[{"@type":"WebPage","@id":"https:\/\/www.uhl-menu.com\/hu\/szamlak-mappai\/","url":"https:\/\/www.uhl-menu.com\/hu\/szamlak-mappai\/","name":"\u1455\u2776\u1450 Sz\u00e1mlamapp\u00e1k az UHL-t\u0151l \u27a1\ufe0f Handmade!","isPartOf":{"@id":"https:\/\/www.uhl-menu.com\/hu\/#website"},"primaryImageOfPage":{"@id":"https:\/\/www.uhl-menu.com\/hu\/szamlak-mappai\/#primaryimage"},"image":{"@id":"https:\/\/www.uhl-menu.com\/hu\/szamlak-mappai\/#primaryimage"},"thumbnailUrl":"https:\/\/www.uhl-menu.com\/wp-content\/uploads\/rechnungsmappen-gastronomie-restaurants-hotels.jpg","datePublished":"2021-09-26T19:22:12+00:00","dateModified":"2025-10-16T07:25:59+00:00","description":"\u276d\u276d\u276d\u276dKiv\u00e1l\u00f3 min\u0151s\u00e9g\u0171 sz\u00e1mlamapp\u00e1k az UHL-t\u0151l \u27a1\ufe0f K\u00e9zzel k\u00e9sz\u00edtett cs\u00facsmin\u0151s\u00e9g \u2705 N\u00f6velje m\u00e1rk\u00e1j\u00e1t \u2705 K\u00e9rjen mint\u00e1t most!","breadcrumb":{"@id":"https:\/\/www.uhl-menu.com\/hu\/szamlak-mappai\/#breadcrumb"},"inLanguage":"hu","potentialAction":[{"@type":"ReadAction","target":["https:\/\/www.uhl-menu.com\/hu\/szamlak-mappai\/"]}]},{"@type":"ImageObject","inLanguage":"hu","@id":"https:\/\/www.uhl-menu.com\/hu\/szamlak-mappai\/#primaryimage","url":"https:\/\/www.uhl-menu.com\/wp-content\/uploads\/rechnungsmappen-gastronomie-restaurants-hotels.jpg","contentUrl":"https:\/\/www.uhl-menu.com\/wp-content\/uploads\/rechnungsmappen-gastronomie-restaurants-hotels.jpg","width":2500,"height":1674,"caption":"Rechnungsmappen \u00dcbersicht"},{"@type":"BreadcrumbList","@id":"https:\/\/www.uhl-menu.com\/hu\/szamlak-mappai\/#breadcrumb","itemListElement":[{"@type":"ListItem","position":1,"name":"Startseite","item":"https:\/\/www.uhl-menu.com\/hu\/"},{"@type":"ListItem","position":2,"name":"Sz\u00e1ml\u00e1k mapp\u00e1i"}]},{"@type":"WebSite","@id":"https:\/\/www.uhl-menu.com\/hu\/#website","url":"https:\/\/www.uhl-menu.com\/hu\/","name":"menu de Uhl","description":"e fabricant de menus UHL, fond\u00e9 en 1982, s&#039;est donn\u00e9 d\u00e8s ses d\u00e9buts pour mission de se sp\u00e9cialiser dans les menus et les cartes des vins.","publisher":{"@id":"https:\/\/www.uhl-menu.com\/hu\/#organization"},"potentialAction":[{"@type":"SearchAction","target":{"@type":"EntryPoint","urlTemplate":"https:\/\/www.uhl-menu.com\/hu\/?s={search_term_string}"},"query-input":{"@type":"PropertyValueSpecification","valueRequired":true,"valueName":"search_term_string"}}],"inLanguage":"hu"},{"@type":"Organization","@id":"https:\/\/www.uhl-menu.com\/hu\/#organization","name":"menu de Uhl","url":"https:\/\/www.uhl-menu.com\/hu\/","logo":{"@type":"ImageObject","inLanguage":"hu","@id":"https:\/\/www.uhl-menu.com\/hu\/#\/schema\/logo\/image\/","url":"https:\/\/www.uhl-menu.com\/wp-content\/uploads\/uhl-logo.png","contentUrl":"https:\/\/www.uhl-menu.com\/wp-content\/uploads\/uhl-logo.png","width":66,"height":41,"caption":"menu de Uhl"},"image":{"@id":"https:\/\/www.uhl-menu.com\/hu\/#\/schema\/logo\/image\/"},"sameAs":["https:\/\/www.facebook.com\/uhlspeisekarten","https:\/\/www.youtube.com\/channel\/UCz6fCHDC_EvIaFfibirEF8A\/videos"]}]}},"_links":{"self":[{"href":"https:\/\/www.uhl-menu.com\/hu\/wp-json\/wp\/v2\/pages\/68899","targetHints":{"allow":["GET"]}}],"collection":[{"href":"https:\/\/www.uhl-menu.com\/hu\/wp-json\/wp\/v2\/pages"}],"about":[{"href":"https:\/\/www.uhl-menu.com\/hu\/wp-json\/wp\/v2\/types\/page"}],"author":[{"embeddable":true,"href":"https:\/\/www.uhl-menu.com\/hu\/wp-json\/wp\/v2\/users\/1"}],"replies":[{"embeddable":true,"href":"https:\/\/www.uhl-menu.com\/hu\/wp-json\/wp\/v2\/comments?post=68899"}],"version-history":[{"count":1,"href":"https:\/\/www.uhl-menu.com\/hu\/wp-json\/wp\/v2\/pages\/68899\/revisions"}],"predecessor-version":[{"id":68903,"href":"https:\/\/www.uhl-menu.com\/hu\/wp-json\/wp\/v2\/pages\/68899\/revisions\/68903"}],"wp:featuredmedia":[{"embeddable":true,"href":"https:\/\/www.uhl-menu.com\/hu\/wp-json\/wp\/v2\/media\/68900"}],"wp:attachment":[{"href":"https:\/\/www.uhl-menu.com\/hu\/wp-json\/wp\/v2\/media?parent=68899"}],"curies":[{"name":"wp","href":"https:\/\/api.w.org\/{rel}","templated":true}]}}