{"id":68961,"date":"2022-10-11T15:09:49","date_gmt":"2022-10-11T13:09:49","guid":{"rendered":"https:\/\/www.uhl-menu.com\/alkalmazasok\/"},"modified":"2025-11-12T13:44:14","modified_gmt":"2025-11-12T12:44:14","slug":"alkalmazasok","status":"publish","type":"page","link":"https:\/\/www.uhl-menu.com\/hu\/alkalmazasok\/","title":{"rendered":"Term\u00e9keink"},"content":{"rendered":"","protected":false},"excerpt":{"rendered":"","protected":false},"author":1,"featured_media":0,"parent":0,"menu_order":3,"comment_status":"closed","ping_status":"closed","template":"","meta":{"_acf_changed":false,"footnotes":""},"class_list":["post-68961","page","type-page","status-publish","hentry"],"acf":[],"yoast_head":"<!-- This site is optimized with the Yoast SEO plugin v26.0 - https:\/\/yoast.com\/wordpress\/plugins\/seo\/ -->\n<title>\u1455\u2776\u1450 Term\u00e9keink - \u27a1\ufe0f menu de Uhl<\/title>\n<meta name=\"description\" content=\"Az Uhl Menu \u00e9tlapok \u00e9s itallapok sz\u00e9les v\u00e1laszt\u00e9k\u00e1t k\u00edn\u00e1lja minden alkalmaz\u00e1si ter\u00fcletre. Legyen sz\u00f3 \u00e9ttermekr\u0151l, b\u00e1rokr\u00f3l, k\u00e1v\u00e9z\u00f3kr\u00f3l vagy sz\u00e1llod\u00e1kr\u00f3l - n\u00e1lunk megtal\u00e1lja a megfelel\u0151 \u00e9tlapot.\" \/>\n<meta name=\"robots\" content=\"index, follow, max-snippet:-1, max-image-preview:large, max-video-preview:-1\" \/>\n<link rel=\"canonical\" href=\"https:\/\/www.uhl-menu.com\/hu\/alkalmazasok\/\" \/>\n<meta property=\"og:locale\" content=\"hu_HU\" \/>\n<meta property=\"og:type\" content=\"article\" \/>\n<meta property=\"og:title\" content=\"\u1455\u2776\u1450 Term\u00e9keink - \u27a1\ufe0f menu de Uhl\" \/>\n<meta property=\"og:description\" content=\"Az Uhl Menu \u00e9tlapok \u00e9s itallapok sz\u00e9les v\u00e1laszt\u00e9k\u00e1t k\u00edn\u00e1lja minden alkalmaz\u00e1si ter\u00fcletre. Legyen sz\u00f3 \u00e9ttermekr\u0151l, b\u00e1rokr\u00f3l, k\u00e1v\u00e9z\u00f3kr\u00f3l vagy sz\u00e1llod\u00e1kr\u00f3l - n\u00e1lunk megtal\u00e1lja a megfelel\u0151 \u00e9tlapot.\" \/>\n<meta property=\"og:url\" content=\"https:\/\/www.uhl-menu.com\/hu\/alkalmazasok\/\" \/>\n<meta property=\"og:site_name\" content=\"menu de Uhl\" \/>\n<meta property=\"article:publisher\" content=\"https:\/\/www.facebook.com\/uhlspeisekarten\" \/>\n<meta property=\"article:modified_time\" content=\"2025-11-12T12:44:14+00:00\" \/>\n<meta name=\"twitter:card\" content=\"summary_large_image\" \/>\n<script type=\"application\/ld+json\" class=\"yoast-schema-graph\">{\"@context\":\"https:\/\/schema.org\",\"@graph\":[{\"@type\":\"WebPage\",\"@id\":\"https:\/\/www.uhl-menu.com\/hu\/alkalmazasok\/\",\"url\":\"https:\/\/www.uhl-menu.com\/hu\/alkalmazasok\/\",\"name\":\"\u1455\u2776\u1450 Term\u00e9keink - \u27a1\ufe0f menu de Uhl\",\"isPartOf\":{\"@id\":\"https:\/\/www.uhl-menu.com\/hu\/#website\"},\"datePublished\":\"2022-10-11T13:09:49+00:00\",\"dateModified\":\"2025-11-12T12:44:14+00:00\",\"description\":\"Az Uhl Menu \u00e9tlapok \u00e9s itallapok sz\u00e9les v\u00e1laszt\u00e9k\u00e1t k\u00edn\u00e1lja minden alkalmaz\u00e1si ter\u00fcletre. Legyen sz\u00f3 \u00e9ttermekr\u0151l, b\u00e1rokr\u00f3l, k\u00e1v\u00e9z\u00f3kr\u00f3l vagy sz\u00e1llod\u00e1kr\u00f3l - n\u00e1lunk megtal\u00e1lja a megfelel\u0151 \u00e9tlapot.\",\"breadcrumb\":{\"@id\":\"https:\/\/www.uhl-menu.com\/hu\/alkalmazasok\/#breadcrumb\"},\"inLanguage\":\"hu\",\"potentialAction\":[{\"@type\":\"ReadAction\",\"target\":[\"https:\/\/www.uhl-menu.com\/hu\/alkalmazasok\/\"]}]},{\"@type\":\"BreadcrumbList\",\"@id\":\"https:\/\/www.uhl-menu.com\/hu\/alkalmazasok\/#breadcrumb\",\"itemListElement\":[{\"@type\":\"ListItem\",\"position\":1,\"name\":\"Startseite\",\"item\":\"https:\/\/www.uhl-menu.com\/hu\/\"},{\"@type\":\"ListItem\",\"position\":2,\"name\":\"Term\u00e9keink\"}]},{\"@type\":\"WebSite\",\"@id\":\"https:\/\/www.uhl-menu.com\/hu\/#website\",\"url\":\"https:\/\/www.uhl-menu.com\/hu\/\",\"name\":\"menu de Uhl\",\"description\":\"e fabricant de menus UHL, fond\u00e9 en 1982, s&#039;est donn\u00e9 d\u00e8s ses d\u00e9buts pour mission de se sp\u00e9cialiser dans les menus et les cartes des vins.\",\"publisher\":{\"@id\":\"https:\/\/www.uhl-menu.com\/hu\/#organization\"},\"potentialAction\":[{\"@type\":\"SearchAction\",\"target\":{\"@type\":\"EntryPoint\",\"urlTemplate\":\"https:\/\/www.uhl-menu.com\/hu\/?s={search_term_string}\"},\"query-input\":{\"@type\":\"PropertyValueSpecification\",\"valueRequired\":true,\"valueName\":\"search_term_string\"}}],\"inLanguage\":\"hu\"},{\"@type\":\"Organization\",\"@id\":\"https:\/\/www.uhl-menu.com\/hu\/#organization\",\"name\":\"menu de Uhl\",\"url\":\"https:\/\/www.uhl-menu.com\/hu\/\",\"logo\":{\"@type\":\"ImageObject\",\"inLanguage\":\"hu\",\"@id\":\"https:\/\/www.uhl-menu.com\/hu\/#\/schema\/logo\/image\/\",\"url\":\"https:\/\/www.uhl-menu.com\/wp-content\/uploads\/uhl-logo.png\",\"contentUrl\":\"https:\/\/www.uhl-menu.com\/wp-content\/uploads\/uhl-logo.png\",\"width\":66,\"height\":41,\"caption\":\"menu de Uhl\"},\"image\":{\"@id\":\"https:\/\/www.uhl-menu.com\/hu\/#\/schema\/logo\/image\/\"},\"sameAs\":[\"https:\/\/www.facebook.com\/uhlspeisekarten\",\"https:\/\/www.youtube.com\/channel\/UCz6fCHDC_EvIaFfibirEF8A\/videos\"]}]}<\/script>\n<!-- \/ Yoast SEO plugin. -->","yoast_head_json":{"title":"\u1455\u2776\u1450 Term\u00e9keink - \u27a1\ufe0f menu de Uhl","description":"Az Uhl Menu \u00e9tlapok \u00e9s itallapok sz\u00e9les v\u00e1laszt\u00e9k\u00e1t k\u00edn\u00e1lja minden alkalmaz\u00e1si ter\u00fcletre. Legyen sz\u00f3 \u00e9ttermekr\u0151l, b\u00e1rokr\u00f3l, k\u00e1v\u00e9z\u00f3kr\u00f3l vagy sz\u00e1llod\u00e1kr\u00f3l - n\u00e1lunk megtal\u00e1lja a megfelel\u0151 \u00e9tlapot.","robots":{"index":"index","follow":"follow","max-snippet":"max-snippet:-1","max-image-preview":"max-image-preview:large","max-video-preview":"max-video-preview:-1"},"canonical":"https:\/\/www.uhl-menu.com\/hu\/alkalmazasok\/","og_locale":"hu_HU","og_type":"article","og_title":"\u1455\u2776\u1450 Term\u00e9keink - \u27a1\ufe0f menu de Uhl","og_description":"Az Uhl Menu \u00e9tlapok \u00e9s itallapok sz\u00e9les v\u00e1laszt\u00e9k\u00e1t k\u00edn\u00e1lja minden alkalmaz\u00e1si ter\u00fcletre. Legyen sz\u00f3 \u00e9ttermekr\u0151l, b\u00e1rokr\u00f3l, k\u00e1v\u00e9z\u00f3kr\u00f3l vagy sz\u00e1llod\u00e1kr\u00f3l - n\u00e1lunk megtal\u00e1lja a megfelel\u0151 \u00e9tlapot.","og_url":"https:\/\/www.uhl-menu.com\/hu\/alkalmazasok\/","og_site_name":"menu de Uhl","article_publisher":"https:\/\/www.facebook.com\/uhlspeisekarten","article_modified_time":"2025-11-12T12:44:14+00:00","twitter_card":"summary_large_image","schema":{"@context":"https:\/\/schema.org","@graph":[{"@type":"WebPage","@id":"https:\/\/www.uhl-menu.com\/hu\/alkalmazasok\/","url":"https:\/\/www.uhl-menu.com\/hu\/alkalmazasok\/","name":"\u1455\u2776\u1450 Term\u00e9keink - \u27a1\ufe0f menu de Uhl","isPartOf":{"@id":"https:\/\/www.uhl-menu.com\/hu\/#website"},"datePublished":"2022-10-11T13:09:49+00:00","dateModified":"2025-11-12T12:44:14+00:00","description":"Az Uhl Menu \u00e9tlapok \u00e9s itallapok sz\u00e9les v\u00e1laszt\u00e9k\u00e1t k\u00edn\u00e1lja minden alkalmaz\u00e1si ter\u00fcletre. Legyen sz\u00f3 \u00e9ttermekr\u0151l, b\u00e1rokr\u00f3l, k\u00e1v\u00e9z\u00f3kr\u00f3l vagy sz\u00e1llod\u00e1kr\u00f3l - n\u00e1lunk megtal\u00e1lja a megfelel\u0151 \u00e9tlapot.","breadcrumb":{"@id":"https:\/\/www.uhl-menu.com\/hu\/alkalmazasok\/#breadcrumb"},"inLanguage":"hu","potentialAction":[{"@type":"ReadAction","target":["https:\/\/www.uhl-menu.com\/hu\/alkalmazasok\/"]}]},{"@type":"BreadcrumbList","@id":"https:\/\/www.uhl-menu.com\/hu\/alkalmazasok\/#breadcrumb","itemListElement":[{"@type":"ListItem","position":1,"name":"Startseite","item":"https:\/\/www.uhl-menu.com\/hu\/"},{"@type":"ListItem","position":2,"name":"Term\u00e9keink"}]},{"@type":"WebSite","@id":"https:\/\/www.uhl-menu.com\/hu\/#website","url":"https:\/\/www.uhl-menu.com\/hu\/","name":"menu de Uhl","description":"e fabricant de menus UHL, fond\u00e9 en 1982, s&#039;est donn\u00e9 d\u00e8s ses d\u00e9buts pour mission de se sp\u00e9cialiser dans les menus et les cartes des vins.","publisher":{"@id":"https:\/\/www.uhl-menu.com\/hu\/#organization"},"potentialAction":[{"@type":"SearchAction","target":{"@type":"EntryPoint","urlTemplate":"https:\/\/www.uhl-menu.com\/hu\/?s={search_term_string}"},"query-input":{"@type":"PropertyValueSpecification","valueRequired":true,"valueName":"search_term_string"}}],"inLanguage":"hu"},{"@type":"Organization","@id":"https:\/\/www.uhl-menu.com\/hu\/#organization","name":"menu de Uhl","url":"https:\/\/www.uhl-menu.com\/hu\/","logo":{"@type":"ImageObject","inLanguage":"hu","@id":"https:\/\/www.uhl-menu.com\/hu\/#\/schema\/logo\/image\/","url":"https:\/\/www.uhl-menu.com\/wp-content\/uploads\/uhl-logo.png","contentUrl":"https:\/\/www.uhl-menu.com\/wp-content\/uploads\/uhl-logo.png","width":66,"height":41,"caption":"menu de Uhl"},"image":{"@id":"https:\/\/www.uhl-menu.com\/hu\/#\/schema\/logo\/image\/"},"sameAs":["https:\/\/www.facebook.com\/uhlspeisekarten","https:\/\/www.youtube.com\/channel\/UCz6fCHDC_EvIaFfibirEF8A\/videos"]}]}},"_links":{"self":[{"href":"https:\/\/www.uhl-menu.com\/hu\/wp-json\/wp\/v2\/pages\/68961","targetHints":{"allow":["GET"]}}],"collection":[{"href":"https:\/\/www.uhl-menu.com\/hu\/wp-json\/wp\/v2\/pages"}],"about":[{"href":"https:\/\/www.uhl-menu.com\/hu\/wp-json\/wp\/v2\/types\/page"}],"author":[{"embeddable":true,"href":"https:\/\/www.uhl-menu.com\/hu\/wp-json\/wp\/v2\/users\/1"}],"replies":[{"embeddable":true,"href":"https:\/\/www.uhl-menu.com\/hu\/wp-json\/wp\/v2\/comments?post=68961"}],"version-history":[{"count":5,"href":"https:\/\/www.uhl-menu.com\/hu\/wp-json\/wp\/v2\/pages\/68961\/revisions"}],"predecessor-version":[{"id":77353,"href":"https:\/\/www.uhl-menu.com\/hu\/wp-json\/wp\/v2\/pages\/68961\/revisions\/77353"}],"wp:attachment":[{"href":"https:\/\/www.uhl-menu.com\/hu\/wp-json\/wp\/v2\/media?parent=68961"}],"curies":[{"name":"wp","href":"https:\/\/api.w.org\/{rel}","templated":true}]}}