{"id":68986,"date":"2021-11-25T14:22:54","date_gmt":"2021-11-25T13:22:54","guid":{"rendered":"https:\/\/www.uhl-menu.com\/produkt\/zsinor-kartya\/"},"modified":"2021-11-25T14:22:54","modified_gmt":"2021-11-25T13:22:54","slug":"zsinor-kartya","status":"publish","type":"product","link":"https:\/\/www.uhl-menu.com\/hu\/produkt\/zsinor-kartya\/","title":{"rendered":"Zsin\u00f3r k\u00e1rtya"},"content":{"rendered":"<p>A gyorsan v\u00e1ltoz\u00f3 specialit\u00e1sokhoz, szezon\u00e1lis aj\u00e1nlatokhoz \u00e9s \u00fcnnepi asztalokhoz kiv\u00e1l\u00f3an alkalmas zsin\u00f3rk\u00e1rtya nemcsak nagyfok\u00fa rugalmass\u00e1g\u00e1val, hanem exkluz\u00edv megjelen\u00e9s\u00e9vel \u00e9s kiemelked\u0151 robusztuss\u00e1g\u00e1val is leny\u0171g\u00f6z. A k\u00e1rtya bizony\u00edtottan Leading min\u0151s\u00e9gben kaphat\u00f3, ami azt jelenti, hogy minden sz\u00e9le v\u00e9dett a szennyez\u0151d\u00e9s vagy a nedvess\u00e9g bejut\u00e1sa ellen. <\/p>\n<p>Minden fel\u00fclet szennyez\u0151d\u00e9s- \u00e9s v\u00edztasz\u00edt\u00f3, k\u00f6nnyen tiszt\u00edthat\u00f3. A men\u00fc zsin\u00f3rja arany, ez\u00fcst, fekete \u00e9s k\u00fcl\u00f6nleges sz\u00ednekben rendelhet\u0151. <\/p>\n","protected":false},"excerpt":{"rendered":"<p>A gyorsan v\u00e1ltoz\u00f3 specialit\u00e1sokhoz, szezon\u00e1lis aj\u00e1nlatokhoz \u00e9s \u00fcnnepi asztalokhoz kiv\u00e1l\u00f3an alkalmas zsin\u00f3rk\u00e1rtya nemcsak nagyfok\u00fa rugalmass\u00e1g\u00e1val, hanem exkluz\u00edv megjelen\u00e9s\u00e9vel \u00e9s kiemelked\u0151 robusztuss\u00e1g\u00e1val is leny\u0171g\u00f6z. A k\u00e1rtya bizony\u00edtottan Leading min\u0151s\u00e9gben kaphat\u00f3, ami azt jelenti, hogy minden sz\u00e9le v\u00e9dett a szennyez\u0151d\u00e9s vagy a nedvess\u00e9g bejut\u00e1sa ellen. Minden fel\u00fclet szennyez\u0151d\u00e9s- \u00e9s v\u00edztasz\u00edt\u00f3, k\u00f6nnyen tiszt\u00edthat\u00f3. A men\u00fc zsin\u00f3rja arany, ez\u00fcst, [&hellip;]<\/p>\n","protected":false},"featured_media":69004,"template":"","meta":{"_acf_changed":false},"product_brand":[],"product_cat":[1514,1515,1511,1517,1518,1509,1512,1520,1519,1516,1513,1501,1500],"product_tag":[],"class_list":{"0":"post-68986","1":"product","2":"type-product","3":"status-publish","4":"has-post-thumbnail","6":"product_cat-borutanzat","7":"product_cat-desszert-menuek","8":"product_cat-erzeketlen-a-zsirra","9":"product_cat-italok-menueje","10":"product_cat-karton-doboz","11":"product_cat-kemenyfedeles","12":"product_cat-menuek","13":"product_cat-rugalmas","14":"product_cat-rugalmas-oldalszam","15":"product_cat-szintetizator-anyag","16":"product_cat-valodi-bor","17":"product_cat-vaszon","18":"product_cat-vizlepergeto","19":"pa_format-l-11x11x30-hu","20":"pa_format-m-11x11x21-hu","21":"pa_format-s-11x11x15-hu","22":"tm-has-options","24":"first","25":"instock","26":"taxable","27":"shipping-taxable","28":"purchasable","29":"product-type-variable"},"acf":[],"yoast_head":"<!-- This site is optimized with the Yoast SEO plugin v26.0 - https:\/\/yoast.com\/wordpress\/plugins\/seo\/ -->\n<title>Zsin\u00f3r k\u00e1rtya \u00bb Men\u00fc sz\u00ednes gumik\u00f6t\u00e9llel - menu de Uhl<\/title>\n<meta name=\"robots\" content=\"index, follow, max-snippet:-1, max-image-preview:large, max-video-preview:-1\" \/>\n<link rel=\"canonical\" href=\"https:\/\/www.uhl-menu.com\/hu\/produkt\/zsinor-kartya\/\" \/>\n<meta property=\"og:locale\" content=\"hu_HU\" \/>\n<meta property=\"og:type\" content=\"article\" \/>\n<meta property=\"og:title\" content=\"Zsin\u00f3r k\u00e1rtya \u00bb Men\u00fc sz\u00ednes gumik\u00f6t\u00e9llel - menu de Uhl\" \/>\n<meta property=\"og:description\" content=\"A gyorsan v\u00e1ltoz\u00f3 specialit\u00e1sokhoz, szezon\u00e1lis aj\u00e1nlatokhoz \u00e9s \u00fcnnepi asztalokhoz kiv\u00e1l\u00f3an alkalmas zsin\u00f3rk\u00e1rtya nemcsak nagyfok\u00fa rugalmass\u00e1g\u00e1val, hanem exkluz\u00edv megjelen\u00e9s\u00e9vel \u00e9s kiemelked\u0151 robusztuss\u00e1g\u00e1val is leny\u0171g\u00f6z. A k\u00e1rtya bizony\u00edtottan Leading min\u0151s\u00e9gben kaphat\u00f3, ami azt jelenti, hogy minden sz\u00e9le v\u00e9dett a szennyez\u0151d\u00e9s vagy a nedvess\u00e9g bejut\u00e1sa ellen. Minden fel\u00fclet szennyez\u0151d\u00e9s- \u00e9s v\u00edztasz\u00edt\u00f3, k\u00f6nnyen tiszt\u00edthat\u00f3. A men\u00fc zsin\u00f3rja arany, ez\u00fcst, [&hellip;]\" \/>\n<meta property=\"og:url\" content=\"https:\/\/www.uhl-menu.com\/hu\/produkt\/zsinor-kartya\/\" \/>\n<meta property=\"og:site_name\" content=\"menu de Uhl\" \/>\n<meta property=\"article:publisher\" content=\"https:\/\/www.facebook.com\/uhlspeisekarten\" \/>\n<meta property=\"og:image\" content=\"https:\/\/www.uhl-menu.com\/wp-content\/uploads\/kordelkarte-speisekarte-mit-farbiger-gummikordel.png\" \/>\n\t<meta property=\"og:image:width\" content=\"1600\" \/>\n\t<meta property=\"og:image:height\" content=\"1125\" \/>\n\t<meta property=\"og:image:type\" content=\"image\/png\" \/>\n<meta name=\"twitter:card\" content=\"summary_large_image\" \/>\n<script type=\"application\/ld+json\" class=\"yoast-schema-graph\">{\"@context\":\"https:\/\/schema.org\",\"@graph\":[{\"@type\":\"WebPage\",\"@id\":\"https:\/\/www.uhl-menu.com\/hu\/produkt\/zsinor-kartya\/\",\"url\":\"https:\/\/www.uhl-menu.com\/hu\/produkt\/zsinor-kartya\/\",\"name\":\"Zsin\u00f3r k\u00e1rtya \u00bb Men\u00fc sz\u00ednes gumik\u00f6t\u00e9llel - menu de Uhl\",\"isPartOf\":{\"@id\":\"https:\/\/www.uhl-menu.com\/hu\/#website\"},\"primaryImageOfPage\":{\"@id\":\"https:\/\/www.uhl-menu.com\/hu\/produkt\/zsinor-kartya\/#primaryimage\"},\"image\":{\"@id\":\"https:\/\/www.uhl-menu.com\/hu\/produkt\/zsinor-kartya\/#primaryimage\"},\"thumbnailUrl\":\"https:\/\/www.uhl-menu.com\/wp-content\/uploads\/kordelkarte-speisekarte-mit-farbiger-gummikordel.png\",\"datePublished\":\"2021-11-25T13:22:54+00:00\",\"breadcrumb\":{\"@id\":\"https:\/\/www.uhl-menu.com\/hu\/produkt\/zsinor-kartya\/#breadcrumb\"},\"inLanguage\":\"hu\",\"potentialAction\":[{\"@type\":\"ReadAction\",\"target\":[\"https:\/\/www.uhl-menu.com\/hu\/produkt\/zsinor-kartya\/\"]}]},{\"@type\":\"ImageObject\",\"inLanguage\":\"hu\",\"@id\":\"https:\/\/www.uhl-menu.com\/hu\/produkt\/zsinor-kartya\/#primaryimage\",\"url\":\"https:\/\/www.uhl-menu.com\/wp-content\/uploads\/kordelkarte-speisekarte-mit-farbiger-gummikordel.png\",\"contentUrl\":\"https:\/\/www.uhl-menu.com\/wp-content\/uploads\/kordelkarte-speisekarte-mit-farbiger-gummikordel.png\",\"width\":1600,\"height\":1125,\"caption\":\"Speise- und Weinkarte mit Kordel: Modell Kordelkarte von Uhl Menu\"},{\"@type\":\"BreadcrumbList\",\"@id\":\"https:\/\/www.uhl-menu.com\/hu\/produkt\/zsinor-kartya\/#breadcrumb\",\"itemListElement\":[{\"@type\":\"ListItem\",\"position\":1,\"name\":\"Startseite\",\"item\":\"https:\/\/www.uhl-menu.com\/hu\/\"},{\"@type\":\"ListItem\",\"position\":2,\"name\":\"Bolt\",\"item\":\"https:\/\/www.uhl-menu.com\/hu\/bolt\/\"},{\"@type\":\"ListItem\",\"position\":3,\"name\":\"Zsin\u00f3r k\u00e1rtya\"}]},{\"@type\":\"WebSite\",\"@id\":\"https:\/\/www.uhl-menu.com\/hu\/#website\",\"url\":\"https:\/\/www.uhl-menu.com\/hu\/\",\"name\":\"menu de Uhl\",\"description\":\"e fabricant de menus UHL, fond\u00e9 en 1982, s&#039;est donn\u00e9 d\u00e8s ses d\u00e9buts pour mission de se sp\u00e9cialiser dans les menus et les cartes des vins.\",\"publisher\":{\"@id\":\"https:\/\/www.uhl-menu.com\/hu\/#organization\"},\"potentialAction\":[{\"@type\":\"SearchAction\",\"target\":{\"@type\":\"EntryPoint\",\"urlTemplate\":\"https:\/\/www.uhl-menu.com\/hu\/?s={search_term_string}\"},\"query-input\":{\"@type\":\"PropertyValueSpecification\",\"valueRequired\":true,\"valueName\":\"search_term_string\"}}],\"inLanguage\":\"hu\"},{\"@type\":\"Organization\",\"@id\":\"https:\/\/www.uhl-menu.com\/hu\/#organization\",\"name\":\"menu de Uhl\",\"url\":\"https:\/\/www.uhl-menu.com\/hu\/\",\"logo\":{\"@type\":\"ImageObject\",\"inLanguage\":\"hu\",\"@id\":\"https:\/\/www.uhl-menu.com\/hu\/#\/schema\/logo\/image\/\",\"url\":\"https:\/\/www.uhl-menu.com\/wp-content\/uploads\/uhl-logo.png\",\"contentUrl\":\"https:\/\/www.uhl-menu.com\/wp-content\/uploads\/uhl-logo.png\",\"width\":66,\"height\":41,\"caption\":\"menu de Uhl\"},\"image\":{\"@id\":\"https:\/\/www.uhl-menu.com\/hu\/#\/schema\/logo\/image\/\"},\"sameAs\":[\"https:\/\/www.facebook.com\/uhlspeisekarten\",\"https:\/\/www.youtube.com\/channel\/UCz6fCHDC_EvIaFfibirEF8A\/videos\"]}]}<\/script>\n<!-- \/ Yoast SEO plugin. -->","yoast_head_json":{"title":"Zsin\u00f3r k\u00e1rtya \u00bb Men\u00fc sz\u00ednes gumik\u00f6t\u00e9llel - menu de Uhl","robots":{"index":"index","follow":"follow","max-snippet":"max-snippet:-1","max-image-preview":"max-image-preview:large","max-video-preview":"max-video-preview:-1"},"canonical":"https:\/\/www.uhl-menu.com\/hu\/produkt\/zsinor-kartya\/","og_locale":"hu_HU","og_type":"article","og_title":"Zsin\u00f3r k\u00e1rtya \u00bb Men\u00fc sz\u00ednes gumik\u00f6t\u00e9llel - menu de Uhl","og_description":"A gyorsan v\u00e1ltoz\u00f3 specialit\u00e1sokhoz, szezon\u00e1lis aj\u00e1nlatokhoz \u00e9s \u00fcnnepi asztalokhoz kiv\u00e1l\u00f3an alkalmas zsin\u00f3rk\u00e1rtya nemcsak nagyfok\u00fa rugalmass\u00e1g\u00e1val, hanem exkluz\u00edv megjelen\u00e9s\u00e9vel \u00e9s kiemelked\u0151 robusztuss\u00e1g\u00e1val is leny\u0171g\u00f6z. A k\u00e1rtya bizony\u00edtottan Leading min\u0151s\u00e9gben kaphat\u00f3, ami azt jelenti, hogy minden sz\u00e9le v\u00e9dett a szennyez\u0151d\u00e9s vagy a nedvess\u00e9g bejut\u00e1sa ellen. Minden fel\u00fclet szennyez\u0151d\u00e9s- \u00e9s v\u00edztasz\u00edt\u00f3, k\u00f6nnyen tiszt\u00edthat\u00f3. A men\u00fc zsin\u00f3rja arany, ez\u00fcst, [&hellip;]","og_url":"https:\/\/www.uhl-menu.com\/hu\/produkt\/zsinor-kartya\/","og_site_name":"menu de Uhl","article_publisher":"https:\/\/www.facebook.com\/uhlspeisekarten","og_image":[{"width":1600,"height":1125,"url":"https:\/\/www.uhl-menu.com\/wp-content\/uploads\/kordelkarte-speisekarte-mit-farbiger-gummikordel.png","type":"image\/png"}],"twitter_card":"summary_large_image","schema":{"@context":"https:\/\/schema.org","@graph":[{"@type":"WebPage","@id":"https:\/\/www.uhl-menu.com\/hu\/produkt\/zsinor-kartya\/","url":"https:\/\/www.uhl-menu.com\/hu\/produkt\/zsinor-kartya\/","name":"Zsin\u00f3r k\u00e1rtya \u00bb Men\u00fc sz\u00ednes gumik\u00f6t\u00e9llel - menu de Uhl","isPartOf":{"@id":"https:\/\/www.uhl-menu.com\/hu\/#website"},"primaryImageOfPage":{"@id":"https:\/\/www.uhl-menu.com\/hu\/produkt\/zsinor-kartya\/#primaryimage"},"image":{"@id":"https:\/\/www.uhl-menu.com\/hu\/produkt\/zsinor-kartya\/#primaryimage"},"thumbnailUrl":"https:\/\/www.uhl-menu.com\/wp-content\/uploads\/kordelkarte-speisekarte-mit-farbiger-gummikordel.png","datePublished":"2021-11-25T13:22:54+00:00","breadcrumb":{"@id":"https:\/\/www.uhl-menu.com\/hu\/produkt\/zsinor-kartya\/#breadcrumb"},"inLanguage":"hu","potentialAction":[{"@type":"ReadAction","target":["https:\/\/www.uhl-menu.com\/hu\/produkt\/zsinor-kartya\/"]}]},{"@type":"ImageObject","inLanguage":"hu","@id":"https:\/\/www.uhl-menu.com\/hu\/produkt\/zsinor-kartya\/#primaryimage","url":"https:\/\/www.uhl-menu.com\/wp-content\/uploads\/kordelkarte-speisekarte-mit-farbiger-gummikordel.png","contentUrl":"https:\/\/www.uhl-menu.com\/wp-content\/uploads\/kordelkarte-speisekarte-mit-farbiger-gummikordel.png","width":1600,"height":1125,"caption":"Speise- und Weinkarte mit Kordel: Modell Kordelkarte von Uhl Menu"},{"@type":"BreadcrumbList","@id":"https:\/\/www.uhl-menu.com\/hu\/produkt\/zsinor-kartya\/#breadcrumb","itemListElement":[{"@type":"ListItem","position":1,"name":"Startseite","item":"https:\/\/www.uhl-menu.com\/hu\/"},{"@type":"ListItem","position":2,"name":"Bolt","item":"https:\/\/www.uhl-menu.com\/hu\/bolt\/"},{"@type":"ListItem","position":3,"name":"Zsin\u00f3r k\u00e1rtya"}]},{"@type":"WebSite","@id":"https:\/\/www.uhl-menu.com\/hu\/#website","url":"https:\/\/www.uhl-menu.com\/hu\/","name":"menu de Uhl","description":"e fabricant de menus UHL, fond\u00e9 en 1982, s&#039;est donn\u00e9 d\u00e8s ses d\u00e9buts pour mission de se sp\u00e9cialiser dans les menus et les cartes des vins.","publisher":{"@id":"https:\/\/www.uhl-menu.com\/hu\/#organization"},"potentialAction":[{"@type":"SearchAction","target":{"@type":"EntryPoint","urlTemplate":"https:\/\/www.uhl-menu.com\/hu\/?s={search_term_string}"},"query-input":{"@type":"PropertyValueSpecification","valueRequired":true,"valueName":"search_term_string"}}],"inLanguage":"hu"},{"@type":"Organization","@id":"https:\/\/www.uhl-menu.com\/hu\/#organization","name":"menu de Uhl","url":"https:\/\/www.uhl-menu.com\/hu\/","logo":{"@type":"ImageObject","inLanguage":"hu","@id":"https:\/\/www.uhl-menu.com\/hu\/#\/schema\/logo\/image\/","url":"https:\/\/www.uhl-menu.com\/wp-content\/uploads\/uhl-logo.png","contentUrl":"https:\/\/www.uhl-menu.com\/wp-content\/uploads\/uhl-logo.png","width":66,"height":41,"caption":"menu de Uhl"},"image":{"@id":"https:\/\/www.uhl-menu.com\/hu\/#\/schema\/logo\/image\/"},"sameAs":["https:\/\/www.facebook.com\/uhlspeisekarten","https:\/\/www.youtube.com\/channel\/UCz6fCHDC_EvIaFfibirEF8A\/videos"]}]}},"_links":{"self":[{"href":"https:\/\/www.uhl-menu.com\/hu\/wp-json\/wp\/v2\/product\/68986","targetHints":{"allow":["GET"]}}],"collection":[{"href":"https:\/\/www.uhl-menu.com\/hu\/wp-json\/wp\/v2\/product"}],"about":[{"href":"https:\/\/www.uhl-menu.com\/hu\/wp-json\/wp\/v2\/types\/product"}],"wp:featuredmedia":[{"embeddable":true,"href":"https:\/\/www.uhl-menu.com\/hu\/wp-json\/wp\/v2\/media\/69004"}],"wp:attachment":[{"href":"https:\/\/www.uhl-menu.com\/hu\/wp-json\/wp\/v2\/media?parent=68986"}],"wp:term":[{"taxonomy":"product_brand","embeddable":true,"href":"https:\/\/www.uhl-menu.com\/hu\/wp-json\/wp\/v2\/product_brand?post=68986"},{"taxonomy":"product_cat","embeddable":true,"href":"https:\/\/www.uhl-menu.com\/hu\/wp-json\/wp\/v2\/product_cat?post=68986"},{"taxonomy":"product_tag","embeddable":true,"href":"https:\/\/www.uhl-menu.com\/hu\/wp-json\/wp\/v2\/product_tag?post=68986"}],"curies":[{"name":"wp","href":"https:\/\/api.w.org\/{rel}","templated":true}]}}