{"id":69502,"date":"2021-11-25T15:11:13","date_gmt":"2021-11-25T14:11:13","guid":{"rendered":"https:\/\/www.uhl-menu.com\/produkt\/new-line-szamlamappa\/"},"modified":"2021-11-25T15:11:13","modified_gmt":"2021-11-25T14:11:13","slug":"new-line-szamlamappa","status":"publish","type":"product","link":"https:\/\/www.uhl-menu.com\/hu\/produkt\/new-line-szamlamappa\/","title":{"rendered":"New Line sz\u00e1mlamappa"},"content":{"rendered":"<p>Ez a sz\u00e1mlamappa megfelel a New Line sorozat men\u00fcinek: Kiv\u00e1l\u00f3 min\u0151s\u00e9g\u0171 anyagb\u00f3l k\u00e9sz\u00fclt, k\u00fcls\u0151 sz\u00e9l\u00e9n d\u00edszvarr\u00e1ssal, \u00e9s minden oldal bels\u0151 oldal\u00e1n egy U-alak\u00fa kerettel.<\/p>\n<p>A vend\u00e9gcsekkek \u00e9s\/vagy hitelk\u00e1rty\u00e1k r\u00f6gz\u00edt\u00e9s\u00e9hez a bal als\u00f3 bels\u0151 oldalon tal\u00e1lhat\u00f3 egy sarokp\u00e1nt, a jobb bels\u0151 oldalon pedig egy keskeny, f\u00fcgg\u0151leges m\u00e1gneses cs\u00edk. Az anyagot szok\u00e1s szerint a v\u00e1szon, a szintetikus, a m\u0171- vagy a val\u00f3di b\u0151r sz\u00e9les v\u00e1laszt\u00e9k\u00e1b\u00f3l v\u00e1laszthatja ki. <\/p>\n","protected":false},"excerpt":{"rendered":"<p>Ez a sz\u00e1mlamappa megfelel a New Line sorozat men\u00fcinek: Kiv\u00e1l\u00f3 min\u0151s\u00e9g\u0171 anyagb\u00f3l k\u00e9sz\u00fclt, k\u00fcls\u0151 sz\u00e9l\u00e9n d\u00edszvarr\u00e1ssal, \u00e9s minden oldal bels\u0151 oldal\u00e1n egy U-alak\u00fa kerettel. A vend\u00e9gcsekkek \u00e9s\/vagy hitelk\u00e1rty\u00e1k r\u00f6gz\u00edt\u00e9s\u00e9hez a bal als\u00f3 bels\u0151 oldalon tal\u00e1lhat\u00f3 egy sarokp\u00e1nt, a jobb bels\u0151 oldalon pedig egy keskeny, f\u00fcgg\u0151leges m\u00e1gneses cs\u00edk. Az anyagot szok\u00e1s szerint a v\u00e1szon, a szintetikus, [&hellip;]<\/p>\n","protected":false},"featured_media":69504,"template":"","meta":{"_acf_changed":false},"product_brand":[],"product_cat":[1514,1511,1509,1503,1520,1527,1516,1513,1501,1500],"product_tag":[],"class_list":{"0":"post-69502","1":"product","2":"type-product","3":"status-publish","4":"has-post-thumbnail","6":"product_cat-borutanzat","7":"product_cat-erzeketlen-a-zsirra","8":"product_cat-kemenyfedeles","9":"product_cat-megmarado-modellek","10":"product_cat-rugalmas","11":"product_cat-szamlak-mappai","12":"product_cat-szintetizator-anyag","13":"product_cat-valodi-bor","14":"product_cat-vaszon","15":"product_cat-vizlepergeto","16":"pa_format-l-11x11x30-hu","17":"pa_format-m-11x11x21-hu","18":"pa_format-s-11x11x15-hu","19":"tm-has-options","21":"first","22":"instock","23":"taxable","24":"shipping-taxable","25":"purchasable","26":"product-type-variable"},"acf":[],"yoast_head":"<!-- This site is optimized with the Yoast SEO plugin v26.0 - https:\/\/yoast.com\/wordpress\/plugins\/seo\/ -->\n<title>New Line sz\u00e1mlamappa \u00bb New Line sorozathoz alkalmas mappa - menu de Uhl<\/title>\n<meta name=\"robots\" content=\"index, follow, max-snippet:-1, max-image-preview:large, max-video-preview:-1\" \/>\n<link rel=\"canonical\" href=\"https:\/\/www.uhl-menu.com\/hu\/produkt\/new-line-szamlamappa\/\" \/>\n<meta property=\"og:locale\" content=\"hu_HU\" \/>\n<meta property=\"og:type\" content=\"article\" \/>\n<meta property=\"og:title\" content=\"New Line sz\u00e1mlamappa \u00bb New Line sorozathoz alkalmas mappa - menu de Uhl\" \/>\n<meta property=\"og:description\" content=\"Ez a sz\u00e1mlamappa megfelel a New Line sorozat men\u00fcinek: Kiv\u00e1l\u00f3 min\u0151s\u00e9g\u0171 anyagb\u00f3l k\u00e9sz\u00fclt, k\u00fcls\u0151 sz\u00e9l\u00e9n d\u00edszvarr\u00e1ssal, \u00e9s minden oldal bels\u0151 oldal\u00e1n egy U-alak\u00fa kerettel. A vend\u00e9gcsekkek \u00e9s\/vagy hitelk\u00e1rty\u00e1k r\u00f6gz\u00edt\u00e9s\u00e9hez a bal als\u00f3 bels\u0151 oldalon tal\u00e1lhat\u00f3 egy sarokp\u00e1nt, a jobb bels\u0151 oldalon pedig egy keskeny, f\u00fcgg\u0151leges m\u00e1gneses cs\u00edk. Az anyagot szok\u00e1s szerint a v\u00e1szon, a szintetikus, [&hellip;]\" \/>\n<meta property=\"og:url\" content=\"https:\/\/www.uhl-menu.com\/hu\/produkt\/new-line-szamlamappa\/\" \/>\n<meta property=\"og:site_name\" content=\"menu de Uhl\" \/>\n<meta property=\"article:publisher\" content=\"https:\/\/www.facebook.com\/uhlspeisekarten\" \/>\n<meta property=\"og:image\" content=\"https:\/\/www.uhl-menu.com\/wp-content\/uploads\/rechnungsmappe-new-line-mappe-passend-zu-new-line-serie.png\" \/>\n\t<meta property=\"og:image:width\" content=\"1600\" \/>\n\t<meta property=\"og:image:height\" content=\"1125\" \/>\n\t<meta property=\"og:image:type\" content=\"image\/png\" \/>\n<meta name=\"twitter:card\" content=\"summary_large_image\" \/>\n<meta name=\"twitter:label1\" content=\"Becs\u00fclt olvas\u00e1si id\u0151\" \/>\n\t<meta name=\"twitter:data1\" content=\"1 perc\" \/>\n<script type=\"application\/ld+json\" class=\"yoast-schema-graph\">{\"@context\":\"https:\/\/schema.org\",\"@graph\":[{\"@type\":\"WebPage\",\"@id\":\"https:\/\/www.uhl-menu.com\/hu\/produkt\/new-line-szamlamappa\/\",\"url\":\"https:\/\/www.uhl-menu.com\/hu\/produkt\/new-line-szamlamappa\/\",\"name\":\"New Line sz\u00e1mlamappa \u00bb New Line sorozathoz alkalmas mappa - menu de Uhl\",\"isPartOf\":{\"@id\":\"https:\/\/www.uhl-menu.com\/hu\/#website\"},\"primaryImageOfPage\":{\"@id\":\"https:\/\/www.uhl-menu.com\/hu\/produkt\/new-line-szamlamappa\/#primaryimage\"},\"image\":{\"@id\":\"https:\/\/www.uhl-menu.com\/hu\/produkt\/new-line-szamlamappa\/#primaryimage\"},\"thumbnailUrl\":\"https:\/\/www.uhl-menu.com\/wp-content\/uploads\/rechnungsmappe-new-line-mappe-passend-zu-new-line-serie.png\",\"datePublished\":\"2021-11-25T14:11:13+00:00\",\"breadcrumb\":{\"@id\":\"https:\/\/www.uhl-menu.com\/hu\/produkt\/new-line-szamlamappa\/#breadcrumb\"},\"inLanguage\":\"hu\",\"potentialAction\":[{\"@type\":\"ReadAction\",\"target\":[\"https:\/\/www.uhl-menu.com\/hu\/produkt\/new-line-szamlamappa\/\"]}]},{\"@type\":\"ImageObject\",\"inLanguage\":\"hu\",\"@id\":\"https:\/\/www.uhl-menu.com\/hu\/produkt\/new-line-szamlamappa\/#primaryimage\",\"url\":\"https:\/\/www.uhl-menu.com\/wp-content\/uploads\/rechnungsmappe-new-line-mappe-passend-zu-new-line-serie.png\",\"contentUrl\":\"https:\/\/www.uhl-menu.com\/wp-content\/uploads\/rechnungsmappe-new-line-mappe-passend-zu-new-line-serie.png\",\"width\":1600,\"height\":1125,\"caption\":\"Passend zu Speisekarten der New Line Serie: Modell Rechnungsmappe New Line von Uhl Menu\"},{\"@type\":\"BreadcrumbList\",\"@id\":\"https:\/\/www.uhl-menu.com\/hu\/produkt\/new-line-szamlamappa\/#breadcrumb\",\"itemListElement\":[{\"@type\":\"ListItem\",\"position\":1,\"name\":\"Startseite\",\"item\":\"https:\/\/www.uhl-menu.com\/hu\/\"},{\"@type\":\"ListItem\",\"position\":2,\"name\":\"Bolt\",\"item\":\"https:\/\/www.uhl-menu.com\/hu\/bolt\/\"},{\"@type\":\"ListItem\",\"position\":3,\"name\":\"New Line sz\u00e1mlamappa\"}]},{\"@type\":\"WebSite\",\"@id\":\"https:\/\/www.uhl-menu.com\/hu\/#website\",\"url\":\"https:\/\/www.uhl-menu.com\/hu\/\",\"name\":\"menu de Uhl\",\"description\":\"e fabricant de menus UHL, fond\u00e9 en 1982, s&#039;est donn\u00e9 d\u00e8s ses d\u00e9buts pour mission de se sp\u00e9cialiser dans les menus et les cartes des vins.\",\"publisher\":{\"@id\":\"https:\/\/www.uhl-menu.com\/hu\/#organization\"},\"potentialAction\":[{\"@type\":\"SearchAction\",\"target\":{\"@type\":\"EntryPoint\",\"urlTemplate\":\"https:\/\/www.uhl-menu.com\/hu\/?s={search_term_string}\"},\"query-input\":{\"@type\":\"PropertyValueSpecification\",\"valueRequired\":true,\"valueName\":\"search_term_string\"}}],\"inLanguage\":\"hu\"},{\"@type\":\"Organization\",\"@id\":\"https:\/\/www.uhl-menu.com\/hu\/#organization\",\"name\":\"menu de Uhl\",\"url\":\"https:\/\/www.uhl-menu.com\/hu\/\",\"logo\":{\"@type\":\"ImageObject\",\"inLanguage\":\"hu\",\"@id\":\"https:\/\/www.uhl-menu.com\/hu\/#\/schema\/logo\/image\/\",\"url\":\"https:\/\/www.uhl-menu.com\/wp-content\/uploads\/uhl-logo.png\",\"contentUrl\":\"https:\/\/www.uhl-menu.com\/wp-content\/uploads\/uhl-logo.png\",\"width\":66,\"height\":41,\"caption\":\"menu de Uhl\"},\"image\":{\"@id\":\"https:\/\/www.uhl-menu.com\/hu\/#\/schema\/logo\/image\/\"},\"sameAs\":[\"https:\/\/www.facebook.com\/uhlspeisekarten\",\"https:\/\/www.youtube.com\/channel\/UCz6fCHDC_EvIaFfibirEF8A\/videos\"]}]}<\/script>\n<!-- \/ Yoast SEO plugin. -->","yoast_head_json":{"title":"New Line sz\u00e1mlamappa \u00bb New Line sorozathoz alkalmas mappa - menu de Uhl","robots":{"index":"index","follow":"follow","max-snippet":"max-snippet:-1","max-image-preview":"max-image-preview:large","max-video-preview":"max-video-preview:-1"},"canonical":"https:\/\/www.uhl-menu.com\/hu\/produkt\/new-line-szamlamappa\/","og_locale":"hu_HU","og_type":"article","og_title":"New Line sz\u00e1mlamappa \u00bb New Line sorozathoz alkalmas mappa - menu de Uhl","og_description":"Ez a sz\u00e1mlamappa megfelel a New Line sorozat men\u00fcinek: Kiv\u00e1l\u00f3 min\u0151s\u00e9g\u0171 anyagb\u00f3l k\u00e9sz\u00fclt, k\u00fcls\u0151 sz\u00e9l\u00e9n d\u00edszvarr\u00e1ssal, \u00e9s minden oldal bels\u0151 oldal\u00e1n egy U-alak\u00fa kerettel. A vend\u00e9gcsekkek \u00e9s\/vagy hitelk\u00e1rty\u00e1k r\u00f6gz\u00edt\u00e9s\u00e9hez a bal als\u00f3 bels\u0151 oldalon tal\u00e1lhat\u00f3 egy sarokp\u00e1nt, a jobb bels\u0151 oldalon pedig egy keskeny, f\u00fcgg\u0151leges m\u00e1gneses cs\u00edk. Az anyagot szok\u00e1s szerint a v\u00e1szon, a szintetikus, [&hellip;]","og_url":"https:\/\/www.uhl-menu.com\/hu\/produkt\/new-line-szamlamappa\/","og_site_name":"menu de Uhl","article_publisher":"https:\/\/www.facebook.com\/uhlspeisekarten","og_image":[{"width":1600,"height":1125,"url":"https:\/\/www.uhl-menu.com\/wp-content\/uploads\/rechnungsmappe-new-line-mappe-passend-zu-new-line-serie.png","type":"image\/png"}],"twitter_card":"summary_large_image","twitter_misc":{"Becs\u00fclt olvas\u00e1si id\u0151":"1 perc"},"schema":{"@context":"https:\/\/schema.org","@graph":[{"@type":"WebPage","@id":"https:\/\/www.uhl-menu.com\/hu\/produkt\/new-line-szamlamappa\/","url":"https:\/\/www.uhl-menu.com\/hu\/produkt\/new-line-szamlamappa\/","name":"New Line sz\u00e1mlamappa \u00bb New Line sorozathoz alkalmas mappa - menu de Uhl","isPartOf":{"@id":"https:\/\/www.uhl-menu.com\/hu\/#website"},"primaryImageOfPage":{"@id":"https:\/\/www.uhl-menu.com\/hu\/produkt\/new-line-szamlamappa\/#primaryimage"},"image":{"@id":"https:\/\/www.uhl-menu.com\/hu\/produkt\/new-line-szamlamappa\/#primaryimage"},"thumbnailUrl":"https:\/\/www.uhl-menu.com\/wp-content\/uploads\/rechnungsmappe-new-line-mappe-passend-zu-new-line-serie.png","datePublished":"2021-11-25T14:11:13+00:00","breadcrumb":{"@id":"https:\/\/www.uhl-menu.com\/hu\/produkt\/new-line-szamlamappa\/#breadcrumb"},"inLanguage":"hu","potentialAction":[{"@type":"ReadAction","target":["https:\/\/www.uhl-menu.com\/hu\/produkt\/new-line-szamlamappa\/"]}]},{"@type":"ImageObject","inLanguage":"hu","@id":"https:\/\/www.uhl-menu.com\/hu\/produkt\/new-line-szamlamappa\/#primaryimage","url":"https:\/\/www.uhl-menu.com\/wp-content\/uploads\/rechnungsmappe-new-line-mappe-passend-zu-new-line-serie.png","contentUrl":"https:\/\/www.uhl-menu.com\/wp-content\/uploads\/rechnungsmappe-new-line-mappe-passend-zu-new-line-serie.png","width":1600,"height":1125,"caption":"Passend zu Speisekarten der New Line Serie: Modell Rechnungsmappe New Line von Uhl Menu"},{"@type":"BreadcrumbList","@id":"https:\/\/www.uhl-menu.com\/hu\/produkt\/new-line-szamlamappa\/#breadcrumb","itemListElement":[{"@type":"ListItem","position":1,"name":"Startseite","item":"https:\/\/www.uhl-menu.com\/hu\/"},{"@type":"ListItem","position":2,"name":"Bolt","item":"https:\/\/www.uhl-menu.com\/hu\/bolt\/"},{"@type":"ListItem","position":3,"name":"New Line sz\u00e1mlamappa"}]},{"@type":"WebSite","@id":"https:\/\/www.uhl-menu.com\/hu\/#website","url":"https:\/\/www.uhl-menu.com\/hu\/","name":"menu de Uhl","description":"e fabricant de menus UHL, fond\u00e9 en 1982, s&#039;est donn\u00e9 d\u00e8s ses d\u00e9buts pour mission de se sp\u00e9cialiser dans les menus et les cartes des vins.","publisher":{"@id":"https:\/\/www.uhl-menu.com\/hu\/#organization"},"potentialAction":[{"@type":"SearchAction","target":{"@type":"EntryPoint","urlTemplate":"https:\/\/www.uhl-menu.com\/hu\/?s={search_term_string}"},"query-input":{"@type":"PropertyValueSpecification","valueRequired":true,"valueName":"search_term_string"}}],"inLanguage":"hu"},{"@type":"Organization","@id":"https:\/\/www.uhl-menu.com\/hu\/#organization","name":"menu de Uhl","url":"https:\/\/www.uhl-menu.com\/hu\/","logo":{"@type":"ImageObject","inLanguage":"hu","@id":"https:\/\/www.uhl-menu.com\/hu\/#\/schema\/logo\/image\/","url":"https:\/\/www.uhl-menu.com\/wp-content\/uploads\/uhl-logo.png","contentUrl":"https:\/\/www.uhl-menu.com\/wp-content\/uploads\/uhl-logo.png","width":66,"height":41,"caption":"menu de Uhl"},"image":{"@id":"https:\/\/www.uhl-menu.com\/hu\/#\/schema\/logo\/image\/"},"sameAs":["https:\/\/www.facebook.com\/uhlspeisekarten","https:\/\/www.youtube.com\/channel\/UCz6fCHDC_EvIaFfibirEF8A\/videos"]}]}},"_links":{"self":[{"href":"https:\/\/www.uhl-menu.com\/hu\/wp-json\/wp\/v2\/product\/69502","targetHints":{"allow":["GET"]}}],"collection":[{"href":"https:\/\/www.uhl-menu.com\/hu\/wp-json\/wp\/v2\/product"}],"about":[{"href":"https:\/\/www.uhl-menu.com\/hu\/wp-json\/wp\/v2\/types\/product"}],"wp:featuredmedia":[{"embeddable":true,"href":"https:\/\/www.uhl-menu.com\/hu\/wp-json\/wp\/v2\/media\/69504"}],"wp:attachment":[{"href":"https:\/\/www.uhl-menu.com\/hu\/wp-json\/wp\/v2\/media?parent=69502"}],"wp:term":[{"taxonomy":"product_brand","embeddable":true,"href":"https:\/\/www.uhl-menu.com\/hu\/wp-json\/wp\/v2\/product_brand?post=69502"},{"taxonomy":"product_cat","embeddable":true,"href":"https:\/\/www.uhl-menu.com\/hu\/wp-json\/wp\/v2\/product_cat?post=69502"},{"taxonomy":"product_tag","embeddable":true,"href":"https:\/\/www.uhl-menu.com\/hu\/wp-json\/wp\/v2\/product_tag?post=69502"}],"curies":[{"name":"wp","href":"https:\/\/api.w.org\/{rel}","templated":true}]}}