{"id":69503,"date":"2021-11-25T16:36:29","date_gmt":"2021-11-25T15:36:29","guid":{"rendered":"https:\/\/www.uhl-menu.com\/produkt\/fenntartott-jel\/"},"modified":"2021-11-25T16:36:29","modified_gmt":"2021-11-25T15:36:29","slug":"fenntartott-jel","status":"publish","type":"product","link":"https:\/\/www.uhl-menu.com\/hu\/produkt\/fenntartott-jel\/","title":{"rendered":"Fenntartott jel"},"content":{"rendered":"<p>Az UHL eleg\u00e1ns, fenntartott t\u00e1bl\u00e1ja az eleganci\u00e1val \u00e9s a funkcionalit\u00e1ssal is pontszerz\u0151. A robusztus kem\u00e9ny bor\u00edt\u00e1s, a gy\u0171r\u0151d\u00e9smentes \u00e9lek \u00e9s z\u00e1rt sz\u00e9lek, valamint a k\u00f6nnyen \u00e1polhat\u00f3 fel\u00fclet gondoskodik arr\u00f3l, hogy a kis bemutat\u00f3\u00e1llv\u00e1ny rendk\u00edv\u00fcl tart\u00f3s legyen. <\/p>\n<p>A h\u00e1tulj\u00e1ra er\u0151s\u00edtett, \u00f6sszecsukhat\u00f3 \u00e1llv\u00e1ny biztos\u00edtja a biztons\u00e1gos \u00e1ll\u00e1st. Egy praktikus m\u00e1gneses cs\u00edk seg\u00edts\u00e9g\u00e9vel egy lapot lehet r\u00f6gz\u00edteni, pl. azoknak a vend\u00e9geknek a nev\u00e9vel, akiknek a foglal\u00e1s t\u00f6rt\u00e9nt. <\/p>\n<p>Term\u00e9szetesen nem csak az \u00e1br\u00e1n l\u00e1that\u00f3 anyag\/sz\u00edn kombin\u00e1ci\u00f3t rendelheti meg, hanem b\u00e1rmilyen tetsz\u0151leges kombin\u00e1ci\u00f3t.<\/p>\n","protected":false},"excerpt":{"rendered":"<p>Az UHL eleg\u00e1ns, fenntartott t\u00e1bl\u00e1ja az eleganci\u00e1val \u00e9s a funkcionalit\u00e1ssal is pontszerz\u0151. A robusztus kem\u00e9ny bor\u00edt\u00e1s, a gy\u0171r\u0151d\u00e9smentes \u00e9lek \u00e9s z\u00e1rt sz\u00e9lek, valamint a k\u00f6nnyen \u00e1polhat\u00f3 fel\u00fclet gondoskodik arr\u00f3l, hogy a kis bemutat\u00f3\u00e1llv\u00e1ny rendk\u00edv\u00fcl tart\u00f3s legyen. A h\u00e1tulj\u00e1ra er\u0151s\u00edtett, \u00f6sszecsukhat\u00f3 \u00e1llv\u00e1ny biztos\u00edtja a biztons\u00e1gos \u00e1ll\u00e1st. Egy praktikus m\u00e1gneses cs\u00edk seg\u00edts\u00e9g\u00e9vel egy lapot lehet r\u00f6gz\u00edteni, pl. [&hellip;]<\/p>\n","protected":false},"featured_media":12850,"template":"","meta":{"_acf_changed":false},"product_brand":[],"product_cat":[1530,1502,1511,1531,1509,1503,1499,1529,1501,1500],"product_tag":[],"class_list":{"0":"post-69503","1":"product","2":"type-product","3":"status-publish","4":"has-post-thumbnail","6":"product_cat-1-oldalas","7":"product_cat-asztali-kijelzo","8":"product_cat-erzeketlen-a-zsirra","9":"product_cat-fenntartott-tablak","10":"product_cat-kemenyfedeles","11":"product_cat-megmarado-modellek","12":"product_cat-table-setter-hu","13":"product_cat-tartozekok","14":"product_cat-vaszon","15":"product_cat-vizlepergeto","16":"pa_format-l-11x11x30-hu","17":"pa_format-m-11x11x21-hu","18":"pa_format-s-11x11x15-hu","19":"tm-has-options","21":"first","22":"instock","23":"taxable","24":"shipping-taxable","25":"purchasable","26":"product-type-variable"},"acf":[],"yoast_head":"<!-- This site is optimized with the Yoast SEO plugin v26.0 - https:\/\/yoast.com\/wordpress\/plugins\/seo\/ -->\n<title>Fenntartott jel \u00bb Foglal\u00e1si t\u00e1bla \u00f6sszecsukhat\u00f3 \u00e1llv\u00e1nnyal - menu de Uhl<\/title>\n<meta name=\"robots\" content=\"index, follow, max-snippet:-1, max-image-preview:large, max-video-preview:-1\" \/>\n<link rel=\"canonical\" href=\"https:\/\/www.uhl-menu.com\/hu\/produkt\/fenntartott-jel\/\" \/>\n<meta property=\"og:locale\" content=\"hu_HU\" \/>\n<meta property=\"og:type\" content=\"article\" \/>\n<meta property=\"og:title\" content=\"Fenntartott jel \u00bb Foglal\u00e1si t\u00e1bla \u00f6sszecsukhat\u00f3 \u00e1llv\u00e1nnyal - menu de Uhl\" \/>\n<meta property=\"og:description\" content=\"Az UHL eleg\u00e1ns, fenntartott t\u00e1bl\u00e1ja az eleganci\u00e1val \u00e9s a funkcionalit\u00e1ssal is pontszerz\u0151. A robusztus kem\u00e9ny bor\u00edt\u00e1s, a gy\u0171r\u0151d\u00e9smentes \u00e9lek \u00e9s z\u00e1rt sz\u00e9lek, valamint a k\u00f6nnyen \u00e1polhat\u00f3 fel\u00fclet gondoskodik arr\u00f3l, hogy a kis bemutat\u00f3\u00e1llv\u00e1ny rendk\u00edv\u00fcl tart\u00f3s legyen. A h\u00e1tulj\u00e1ra er\u0151s\u00edtett, \u00f6sszecsukhat\u00f3 \u00e1llv\u00e1ny biztos\u00edtja a biztons\u00e1gos \u00e1ll\u00e1st. Egy praktikus m\u00e1gneses cs\u00edk seg\u00edts\u00e9g\u00e9vel egy lapot lehet r\u00f6gz\u00edteni, pl. [&hellip;]\" \/>\n<meta property=\"og:url\" content=\"https:\/\/www.uhl-menu.com\/hu\/produkt\/fenntartott-jel\/\" \/>\n<meta property=\"og:site_name\" content=\"menu de Uhl\" \/>\n<meta property=\"article:publisher\" content=\"https:\/\/www.facebook.com\/uhlspeisekarten\" \/>\n<meta property=\"og:image\" content=\"https:\/\/www.uhl-menu.com\/wp-content\/uploads\/reserviert-schild-schild-fuer-reservierungen-mit-klappstaender.png\" \/>\n\t<meta property=\"og:image:width\" content=\"1600\" \/>\n\t<meta property=\"og:image:height\" content=\"1125\" \/>\n\t<meta property=\"og:image:type\" content=\"image\/png\" \/>\n<meta name=\"twitter:card\" content=\"summary_large_image\" \/>\n<meta name=\"twitter:label1\" content=\"Becs\u00fclt olvas\u00e1si id\u0151\" \/>\n\t<meta name=\"twitter:data1\" content=\"1 perc\" \/>\n<script type=\"application\/ld+json\" class=\"yoast-schema-graph\">{\"@context\":\"https:\/\/schema.org\",\"@graph\":[{\"@type\":\"WebPage\",\"@id\":\"https:\/\/www.uhl-menu.com\/hu\/produkt\/fenntartott-jel\/\",\"url\":\"https:\/\/www.uhl-menu.com\/hu\/produkt\/fenntartott-jel\/\",\"name\":\"Fenntartott jel \u00bb Foglal\u00e1si t\u00e1bla \u00f6sszecsukhat\u00f3 \u00e1llv\u00e1nnyal - menu de Uhl\",\"isPartOf\":{\"@id\":\"https:\/\/www.uhl-menu.com\/hu\/#website\"},\"primaryImageOfPage\":{\"@id\":\"https:\/\/www.uhl-menu.com\/hu\/produkt\/fenntartott-jel\/#primaryimage\"},\"image\":{\"@id\":\"https:\/\/www.uhl-menu.com\/hu\/produkt\/fenntartott-jel\/#primaryimage\"},\"thumbnailUrl\":\"https:\/\/www.uhl-menu.com\/wp-content\/uploads\/reserviert-schild-schild-fuer-reservierungen-mit-klappstaender.png\",\"datePublished\":\"2021-11-25T15:36:29+00:00\",\"breadcrumb\":{\"@id\":\"https:\/\/www.uhl-menu.com\/hu\/produkt\/fenntartott-jel\/#breadcrumb\"},\"inLanguage\":\"hu\",\"potentialAction\":[{\"@type\":\"ReadAction\",\"target\":[\"https:\/\/www.uhl-menu.com\/hu\/produkt\/fenntartott-jel\/\"]}]},{\"@type\":\"ImageObject\",\"inLanguage\":\"hu\",\"@id\":\"https:\/\/www.uhl-menu.com\/hu\/produkt\/fenntartott-jel\/#primaryimage\",\"url\":\"https:\/\/www.uhl-menu.com\/wp-content\/uploads\/reserviert-schild-schild-fuer-reservierungen-mit-klappstaender.png\",\"contentUrl\":\"https:\/\/www.uhl-menu.com\/wp-content\/uploads\/reserviert-schild-schild-fuer-reservierungen-mit-klappstaender.png\",\"width\":1600,\"height\":1125,\"caption\":\"Reserviert Schild: Schild f\u00fcr Reservierungen, mit Klappst\u00e4nder - Tischst\u00e4nder von UHL Menu\"},{\"@type\":\"BreadcrumbList\",\"@id\":\"https:\/\/www.uhl-menu.com\/hu\/produkt\/fenntartott-jel\/#breadcrumb\",\"itemListElement\":[{\"@type\":\"ListItem\",\"position\":1,\"name\":\"Startseite\",\"item\":\"https:\/\/www.uhl-menu.com\/hu\/\"},{\"@type\":\"ListItem\",\"position\":2,\"name\":\"Bolt\",\"item\":\"https:\/\/www.uhl-menu.com\/hu\/bolt\/\"},{\"@type\":\"ListItem\",\"position\":3,\"name\":\"Fenntartott jel\"}]},{\"@type\":\"WebSite\",\"@id\":\"https:\/\/www.uhl-menu.com\/hu\/#website\",\"url\":\"https:\/\/www.uhl-menu.com\/hu\/\",\"name\":\"menu de Uhl\",\"description\":\"e fabricant de menus UHL, fond\u00e9 en 1982, s&#039;est donn\u00e9 d\u00e8s ses d\u00e9buts pour mission de se sp\u00e9cialiser dans les menus et les cartes des vins.\",\"publisher\":{\"@id\":\"https:\/\/www.uhl-menu.com\/hu\/#organization\"},\"potentialAction\":[{\"@type\":\"SearchAction\",\"target\":{\"@type\":\"EntryPoint\",\"urlTemplate\":\"https:\/\/www.uhl-menu.com\/hu\/?s={search_term_string}\"},\"query-input\":{\"@type\":\"PropertyValueSpecification\",\"valueRequired\":true,\"valueName\":\"search_term_string\"}}],\"inLanguage\":\"hu\"},{\"@type\":\"Organization\",\"@id\":\"https:\/\/www.uhl-menu.com\/hu\/#organization\",\"name\":\"menu de Uhl\",\"url\":\"https:\/\/www.uhl-menu.com\/hu\/\",\"logo\":{\"@type\":\"ImageObject\",\"inLanguage\":\"hu\",\"@id\":\"https:\/\/www.uhl-menu.com\/hu\/#\/schema\/logo\/image\/\",\"url\":\"https:\/\/www.uhl-menu.com\/wp-content\/uploads\/uhl-logo.png\",\"contentUrl\":\"https:\/\/www.uhl-menu.com\/wp-content\/uploads\/uhl-logo.png\",\"width\":66,\"height\":41,\"caption\":\"menu de Uhl\"},\"image\":{\"@id\":\"https:\/\/www.uhl-menu.com\/hu\/#\/schema\/logo\/image\/\"},\"sameAs\":[\"https:\/\/www.facebook.com\/uhlspeisekarten\",\"https:\/\/www.youtube.com\/channel\/UCz6fCHDC_EvIaFfibirEF8A\/videos\"]}]}<\/script>\n<!-- \/ Yoast SEO plugin. -->","yoast_head_json":{"title":"Fenntartott jel \u00bb Foglal\u00e1si t\u00e1bla \u00f6sszecsukhat\u00f3 \u00e1llv\u00e1nnyal - menu de Uhl","robots":{"index":"index","follow":"follow","max-snippet":"max-snippet:-1","max-image-preview":"max-image-preview:large","max-video-preview":"max-video-preview:-1"},"canonical":"https:\/\/www.uhl-menu.com\/hu\/produkt\/fenntartott-jel\/","og_locale":"hu_HU","og_type":"article","og_title":"Fenntartott jel \u00bb Foglal\u00e1si t\u00e1bla \u00f6sszecsukhat\u00f3 \u00e1llv\u00e1nnyal - menu de Uhl","og_description":"Az UHL eleg\u00e1ns, fenntartott t\u00e1bl\u00e1ja az eleganci\u00e1val \u00e9s a funkcionalit\u00e1ssal is pontszerz\u0151. A robusztus kem\u00e9ny bor\u00edt\u00e1s, a gy\u0171r\u0151d\u00e9smentes \u00e9lek \u00e9s z\u00e1rt sz\u00e9lek, valamint a k\u00f6nnyen \u00e1polhat\u00f3 fel\u00fclet gondoskodik arr\u00f3l, hogy a kis bemutat\u00f3\u00e1llv\u00e1ny rendk\u00edv\u00fcl tart\u00f3s legyen. A h\u00e1tulj\u00e1ra er\u0151s\u00edtett, \u00f6sszecsukhat\u00f3 \u00e1llv\u00e1ny biztos\u00edtja a biztons\u00e1gos \u00e1ll\u00e1st. Egy praktikus m\u00e1gneses cs\u00edk seg\u00edts\u00e9g\u00e9vel egy lapot lehet r\u00f6gz\u00edteni, pl. [&hellip;]","og_url":"https:\/\/www.uhl-menu.com\/hu\/produkt\/fenntartott-jel\/","og_site_name":"menu de Uhl","article_publisher":"https:\/\/www.facebook.com\/uhlspeisekarten","og_image":[{"width":1600,"height":1125,"url":"https:\/\/www.uhl-menu.com\/wp-content\/uploads\/reserviert-schild-schild-fuer-reservierungen-mit-klappstaender.png","type":"image\/png"}],"twitter_card":"summary_large_image","twitter_misc":{"Becs\u00fclt olvas\u00e1si id\u0151":"1 perc"},"schema":{"@context":"https:\/\/schema.org","@graph":[{"@type":"WebPage","@id":"https:\/\/www.uhl-menu.com\/hu\/produkt\/fenntartott-jel\/","url":"https:\/\/www.uhl-menu.com\/hu\/produkt\/fenntartott-jel\/","name":"Fenntartott jel \u00bb Foglal\u00e1si t\u00e1bla \u00f6sszecsukhat\u00f3 \u00e1llv\u00e1nnyal - menu de Uhl","isPartOf":{"@id":"https:\/\/www.uhl-menu.com\/hu\/#website"},"primaryImageOfPage":{"@id":"https:\/\/www.uhl-menu.com\/hu\/produkt\/fenntartott-jel\/#primaryimage"},"image":{"@id":"https:\/\/www.uhl-menu.com\/hu\/produkt\/fenntartott-jel\/#primaryimage"},"thumbnailUrl":"https:\/\/www.uhl-menu.com\/wp-content\/uploads\/reserviert-schild-schild-fuer-reservierungen-mit-klappstaender.png","datePublished":"2021-11-25T15:36:29+00:00","breadcrumb":{"@id":"https:\/\/www.uhl-menu.com\/hu\/produkt\/fenntartott-jel\/#breadcrumb"},"inLanguage":"hu","potentialAction":[{"@type":"ReadAction","target":["https:\/\/www.uhl-menu.com\/hu\/produkt\/fenntartott-jel\/"]}]},{"@type":"ImageObject","inLanguage":"hu","@id":"https:\/\/www.uhl-menu.com\/hu\/produkt\/fenntartott-jel\/#primaryimage","url":"https:\/\/www.uhl-menu.com\/wp-content\/uploads\/reserviert-schild-schild-fuer-reservierungen-mit-klappstaender.png","contentUrl":"https:\/\/www.uhl-menu.com\/wp-content\/uploads\/reserviert-schild-schild-fuer-reservierungen-mit-klappstaender.png","width":1600,"height":1125,"caption":"Reserviert Schild: Schild f\u00fcr Reservierungen, mit Klappst\u00e4nder - Tischst\u00e4nder von UHL Menu"},{"@type":"BreadcrumbList","@id":"https:\/\/www.uhl-menu.com\/hu\/produkt\/fenntartott-jel\/#breadcrumb","itemListElement":[{"@type":"ListItem","position":1,"name":"Startseite","item":"https:\/\/www.uhl-menu.com\/hu\/"},{"@type":"ListItem","position":2,"name":"Bolt","item":"https:\/\/www.uhl-menu.com\/hu\/bolt\/"},{"@type":"ListItem","position":3,"name":"Fenntartott jel"}]},{"@type":"WebSite","@id":"https:\/\/www.uhl-menu.com\/hu\/#website","url":"https:\/\/www.uhl-menu.com\/hu\/","name":"menu de Uhl","description":"e fabricant de menus UHL, fond\u00e9 en 1982, s&#039;est donn\u00e9 d\u00e8s ses d\u00e9buts pour mission de se sp\u00e9cialiser dans les menus et les cartes des vins.","publisher":{"@id":"https:\/\/www.uhl-menu.com\/hu\/#organization"},"potentialAction":[{"@type":"SearchAction","target":{"@type":"EntryPoint","urlTemplate":"https:\/\/www.uhl-menu.com\/hu\/?s={search_term_string}"},"query-input":{"@type":"PropertyValueSpecification","valueRequired":true,"valueName":"search_term_string"}}],"inLanguage":"hu"},{"@type":"Organization","@id":"https:\/\/www.uhl-menu.com\/hu\/#organization","name":"menu de Uhl","url":"https:\/\/www.uhl-menu.com\/hu\/","logo":{"@type":"ImageObject","inLanguage":"hu","@id":"https:\/\/www.uhl-menu.com\/hu\/#\/schema\/logo\/image\/","url":"https:\/\/www.uhl-menu.com\/wp-content\/uploads\/uhl-logo.png","contentUrl":"https:\/\/www.uhl-menu.com\/wp-content\/uploads\/uhl-logo.png","width":66,"height":41,"caption":"menu de Uhl"},"image":{"@id":"https:\/\/www.uhl-menu.com\/hu\/#\/schema\/logo\/image\/"},"sameAs":["https:\/\/www.facebook.com\/uhlspeisekarten","https:\/\/www.youtube.com\/channel\/UCz6fCHDC_EvIaFfibirEF8A\/videos"]}]}},"_links":{"self":[{"href":"https:\/\/www.uhl-menu.com\/hu\/wp-json\/wp\/v2\/product\/69503","targetHints":{"allow":["GET"]}}],"collection":[{"href":"https:\/\/www.uhl-menu.com\/hu\/wp-json\/wp\/v2\/product"}],"about":[{"href":"https:\/\/www.uhl-menu.com\/hu\/wp-json\/wp\/v2\/types\/product"}],"wp:featuredmedia":[{"embeddable":true,"href":"https:\/\/www.uhl-menu.com\/hu\/wp-json\/wp\/v2\/media\/12850"}],"wp:attachment":[{"href":"https:\/\/www.uhl-menu.com\/hu\/wp-json\/wp\/v2\/media?parent=69503"}],"wp:term":[{"taxonomy":"product_brand","embeddable":true,"href":"https:\/\/www.uhl-menu.com\/hu\/wp-json\/wp\/v2\/product_brand?post=69503"},{"taxonomy":"product_cat","embeddable":true,"href":"https:\/\/www.uhl-menu.com\/hu\/wp-json\/wp\/v2\/product_cat?post=69503"},{"taxonomy":"product_tag","embeddable":true,"href":"https:\/\/www.uhl-menu.com\/hu\/wp-json\/wp\/v2\/product_tag?post=69503"}],"curies":[{"name":"wp","href":"https:\/\/api.w.org\/{rel}","templated":true}]}}