{"id":70234,"date":"2021-11-25T16:25:16","date_gmt":"2021-11-25T15:25:16","guid":{"rendered":"https:\/\/www.uhl-menu.com\/produkt\/standard-szamlamappa\/"},"modified":"2021-11-25T16:25:16","modified_gmt":"2021-11-25T15:25:16","slug":"standard-szamlamappa","status":"publish","type":"product","link":"https:\/\/www.uhl-menu.com\/hu\/produkt\/standard-szamlamappa\/","title":{"rendered":"Standard sz\u00e1mlamappa"},"content":{"rendered":"<p>Sz\u00e1mlamapp\u00e1nk a legeleg\u00e1nsabb m\u00f3dja a sz\u00e1mla bemutat\u00e1s\u00e1nak. A felt\u0171n\u0151en magas min\u0151s\u00e9g\u0171 tapint\u00e1s \u00e9s az egyszer\u0171 design m\u00e9g egyszer utolj\u00e1ra k\u00e9pviseli \u00d6nt, \u00e9s kellemes \u00e9rz\u00e9ssel b\u00facs\u00fazik a vend\u00e9gekt\u0151l. <\/p>\n<p>Minden UHL sz\u00e1mlamapp\u00e1t tapasztalt munkat\u00e1rsaink k\u00e9sz\u00edtenek. K\u00fcl\u00f6n\u00f6sen ellen\u00e1ll\u00f3ak a k\u00fcls\u0151 hat\u00e1sokkal szemben. Mapp\u00e1ink ezt a tulajdons\u00e1got a meger\u0151s\u00edtett gerinccel ell\u00e1tott, massz\u00edv kivitel\u0171 kem\u00e9ny bor\u00edt\u00f3nak, a z\u00e1rt \u00e9leknek \u00e9s a kiz\u00e1r\u00f3lag kiv\u00e1l\u00f3 min\u0151s\u00e9g\u0171 anyagok haszn\u00e1lat\u00e1nak k\u00f6sz\u00f6nhetik. Bel\u00fcl praktikus bet\u00e9tf\u00fclekkel vannak ell\u00e1tva a hitelk\u00e1rty\u00e1k sz\u00e1m\u00e1ra \u00e9s fekete v\u00e1szonb\u00f3l k\u00e9sz\u00fclt zsebekkel. Ez\u00e1ltal strapab\u00edr\u00f3, v\u00edz- \u00e9s zs\u00edr\u00e1ll\u00f3 sz\u00e1mlamapp\u00e1kat kap.    <\/p>\n","protected":false},"excerpt":{"rendered":"<p>Sz\u00e1mlamapp\u00e1nk a legeleg\u00e1nsabb m\u00f3dja a sz\u00e1mla bemutat\u00e1s\u00e1nak. A felt\u0171n\u0151en magas min\u0151s\u00e9g\u0171 tapint\u00e1s \u00e9s az egyszer\u0171 design m\u00e9g egyszer utolj\u00e1ra k\u00e9pviseli \u00d6nt, \u00e9s kellemes \u00e9rz\u00e9ssel b\u00facs\u00fazik a vend\u00e9gekt\u0151l. Minden UHL sz\u00e1mlamapp\u00e1t tapasztalt munkat\u00e1rsaink k\u00e9sz\u00edtenek. K\u00fcl\u00f6n\u00f6sen ellen\u00e1ll\u00f3ak a k\u00fcls\u0151 hat\u00e1sokkal szemben. Mapp\u00e1ink ezt a tulajdons\u00e1got a meger\u0151s\u00edtett gerinccel ell\u00e1tott, massz\u00edv kivitel\u0171 kem\u00e9ny bor\u00edt\u00f3nak, a z\u00e1rt \u00e9leknek \u00e9s [&hellip;]<\/p>\n","protected":false},"featured_media":12503,"template":"","meta":{"_acf_changed":false},"product_brand":[],"product_cat":[1511,1509,1503,1527,1516,1500],"product_tag":[],"class_list":{"0":"post-70234","1":"product","2":"type-product","3":"status-publish","4":"has-post-thumbnail","6":"product_cat-erzeketlen-a-zsirra","7":"product_cat-kemenyfedeles","8":"product_cat-megmarado-modellek","9":"product_cat-szamlak-mappai","10":"product_cat-szintetizator-anyag","11":"product_cat-vizlepergeto","12":"pa_format-l-11x11x30-hu","13":"pa_format-m-11x11x21-hu","14":"pa_format-s-11x11x15-hu","15":"tm-has-options","17":"first","18":"instock","19":"taxable","20":"shipping-taxable","21":"purchasable","22":"product-type-variable"},"acf":[],"yoast_head":"<!-- This site is optimized with the Yoast SEO plugin v26.0 - https:\/\/yoast.com\/wordpress\/plugins\/seo\/ -->\n<title>Standard sz\u00e1mlamappa \u00bb Kedvez\u0151 mappa a sz\u00e1ml\u00e1khoz - menu de Uhl<\/title>\n<meta name=\"robots\" content=\"index, follow, max-snippet:-1, max-image-preview:large, max-video-preview:-1\" \/>\n<link rel=\"canonical\" href=\"https:\/\/www.uhl-menu.com\/hu\/produkt\/standard-szamlamappa\/\" \/>\n<meta property=\"og:locale\" content=\"hu_HU\" \/>\n<meta property=\"og:type\" content=\"article\" \/>\n<meta property=\"og:title\" content=\"Standard sz\u00e1mlamappa \u00bb Kedvez\u0151 mappa a sz\u00e1ml\u00e1khoz - menu de Uhl\" \/>\n<meta property=\"og:description\" content=\"Sz\u00e1mlamapp\u00e1nk a legeleg\u00e1nsabb m\u00f3dja a sz\u00e1mla bemutat\u00e1s\u00e1nak. A felt\u0171n\u0151en magas min\u0151s\u00e9g\u0171 tapint\u00e1s \u00e9s az egyszer\u0171 design m\u00e9g egyszer utolj\u00e1ra k\u00e9pviseli \u00d6nt, \u00e9s kellemes \u00e9rz\u00e9ssel b\u00facs\u00fazik a vend\u00e9gekt\u0151l. Minden UHL sz\u00e1mlamapp\u00e1t tapasztalt munkat\u00e1rsaink k\u00e9sz\u00edtenek. K\u00fcl\u00f6n\u00f6sen ellen\u00e1ll\u00f3ak a k\u00fcls\u0151 hat\u00e1sokkal szemben. Mapp\u00e1ink ezt a tulajdons\u00e1got a meger\u0151s\u00edtett gerinccel ell\u00e1tott, massz\u00edv kivitel\u0171 kem\u00e9ny bor\u00edt\u00f3nak, a z\u00e1rt \u00e9leknek \u00e9s [&hellip;]\" \/>\n<meta property=\"og:url\" content=\"https:\/\/www.uhl-menu.com\/hu\/produkt\/standard-szamlamappa\/\" \/>\n<meta property=\"og:site_name\" content=\"menu de Uhl\" \/>\n<meta property=\"article:publisher\" content=\"https:\/\/www.facebook.com\/uhlspeisekarten\" \/>\n<meta property=\"og:image\" content=\"https:\/\/www.uhl-menu.com\/wp-content\/uploads\/rechnungsmappe-standard-guenstige-mappe-fuer-rechnungen.png\" \/>\n\t<meta property=\"og:image:width\" content=\"1600\" \/>\n\t<meta property=\"og:image:height\" content=\"1125\" \/>\n\t<meta property=\"og:image:type\" content=\"image\/png\" \/>\n<meta name=\"twitter:card\" content=\"summary_large_image\" \/>\n<meta name=\"twitter:label1\" content=\"Becs\u00fclt olvas\u00e1si id\u0151\" \/>\n\t<meta name=\"twitter:data1\" content=\"1 perc\" \/>\n<script type=\"application\/ld+json\" class=\"yoast-schema-graph\">{\"@context\":\"https:\/\/schema.org\",\"@graph\":[{\"@type\":\"WebPage\",\"@id\":\"https:\/\/www.uhl-menu.com\/hu\/produkt\/standard-szamlamappa\/\",\"url\":\"https:\/\/www.uhl-menu.com\/hu\/produkt\/standard-szamlamappa\/\",\"name\":\"Standard sz\u00e1mlamappa \u00bb Kedvez\u0151 mappa a sz\u00e1ml\u00e1khoz - menu de Uhl\",\"isPartOf\":{\"@id\":\"https:\/\/www.uhl-menu.com\/hu\/#website\"},\"primaryImageOfPage\":{\"@id\":\"https:\/\/www.uhl-menu.com\/hu\/produkt\/standard-szamlamappa\/#primaryimage\"},\"image\":{\"@id\":\"https:\/\/www.uhl-menu.com\/hu\/produkt\/standard-szamlamappa\/#primaryimage\"},\"thumbnailUrl\":\"https:\/\/www.uhl-menu.com\/wp-content\/uploads\/rechnungsmappe-standard-guenstige-mappe-fuer-rechnungen.png\",\"datePublished\":\"2021-11-25T15:25:16+00:00\",\"breadcrumb\":{\"@id\":\"https:\/\/www.uhl-menu.com\/hu\/produkt\/standard-szamlamappa\/#breadcrumb\"},\"inLanguage\":\"hu\",\"potentialAction\":[{\"@type\":\"ReadAction\",\"target\":[\"https:\/\/www.uhl-menu.com\/hu\/produkt\/standard-szamlamappa\/\"]}]},{\"@type\":\"ImageObject\",\"inLanguage\":\"hu\",\"@id\":\"https:\/\/www.uhl-menu.com\/hu\/produkt\/standard-szamlamappa\/#primaryimage\",\"url\":\"https:\/\/www.uhl-menu.com\/wp-content\/uploads\/rechnungsmappe-standard-guenstige-mappe-fuer-rechnungen.png\",\"contentUrl\":\"https:\/\/www.uhl-menu.com\/wp-content\/uploads\/rechnungsmappe-standard-guenstige-mappe-fuer-rechnungen.png\",\"width\":1600,\"height\":1125,\"caption\":\"G\u00fcnstige Rechnungsmappen: Modell Rechnungsmappe Standard von Uhl Menu\"},{\"@type\":\"BreadcrumbList\",\"@id\":\"https:\/\/www.uhl-menu.com\/hu\/produkt\/standard-szamlamappa\/#breadcrumb\",\"itemListElement\":[{\"@type\":\"ListItem\",\"position\":1,\"name\":\"Startseite\",\"item\":\"https:\/\/www.uhl-menu.com\/hu\/\"},{\"@type\":\"ListItem\",\"position\":2,\"name\":\"Bolt\",\"item\":\"https:\/\/www.uhl-menu.com\/hu\/bolt\/\"},{\"@type\":\"ListItem\",\"position\":3,\"name\":\"Standard sz\u00e1mlamappa\"}]},{\"@type\":\"WebSite\",\"@id\":\"https:\/\/www.uhl-menu.com\/hu\/#website\",\"url\":\"https:\/\/www.uhl-menu.com\/hu\/\",\"name\":\"menu de Uhl\",\"description\":\"e fabricant de menus UHL, fond\u00e9 en 1982, s&#039;est donn\u00e9 d\u00e8s ses d\u00e9buts pour mission de se sp\u00e9cialiser dans les menus et les cartes des vins.\",\"publisher\":{\"@id\":\"https:\/\/www.uhl-menu.com\/hu\/#organization\"},\"potentialAction\":[{\"@type\":\"SearchAction\",\"target\":{\"@type\":\"EntryPoint\",\"urlTemplate\":\"https:\/\/www.uhl-menu.com\/hu\/?s={search_term_string}\"},\"query-input\":{\"@type\":\"PropertyValueSpecification\",\"valueRequired\":true,\"valueName\":\"search_term_string\"}}],\"inLanguage\":\"hu\"},{\"@type\":\"Organization\",\"@id\":\"https:\/\/www.uhl-menu.com\/hu\/#organization\",\"name\":\"menu de Uhl\",\"url\":\"https:\/\/www.uhl-menu.com\/hu\/\",\"logo\":{\"@type\":\"ImageObject\",\"inLanguage\":\"hu\",\"@id\":\"https:\/\/www.uhl-menu.com\/hu\/#\/schema\/logo\/image\/\",\"url\":\"https:\/\/www.uhl-menu.com\/wp-content\/uploads\/uhl-logo.png\",\"contentUrl\":\"https:\/\/www.uhl-menu.com\/wp-content\/uploads\/uhl-logo.png\",\"width\":66,\"height\":41,\"caption\":\"menu de Uhl\"},\"image\":{\"@id\":\"https:\/\/www.uhl-menu.com\/hu\/#\/schema\/logo\/image\/\"},\"sameAs\":[\"https:\/\/www.facebook.com\/uhlspeisekarten\",\"https:\/\/www.youtube.com\/channel\/UCz6fCHDC_EvIaFfibirEF8A\/videos\"]}]}<\/script>\n<!-- \/ Yoast SEO plugin. -->","yoast_head_json":{"title":"Standard sz\u00e1mlamappa \u00bb Kedvez\u0151 mappa a sz\u00e1ml\u00e1khoz - menu de Uhl","robots":{"index":"index","follow":"follow","max-snippet":"max-snippet:-1","max-image-preview":"max-image-preview:large","max-video-preview":"max-video-preview:-1"},"canonical":"https:\/\/www.uhl-menu.com\/hu\/produkt\/standard-szamlamappa\/","og_locale":"hu_HU","og_type":"article","og_title":"Standard sz\u00e1mlamappa \u00bb Kedvez\u0151 mappa a sz\u00e1ml\u00e1khoz - menu de Uhl","og_description":"Sz\u00e1mlamapp\u00e1nk a legeleg\u00e1nsabb m\u00f3dja a sz\u00e1mla bemutat\u00e1s\u00e1nak. A felt\u0171n\u0151en magas min\u0151s\u00e9g\u0171 tapint\u00e1s \u00e9s az egyszer\u0171 design m\u00e9g egyszer utolj\u00e1ra k\u00e9pviseli \u00d6nt, \u00e9s kellemes \u00e9rz\u00e9ssel b\u00facs\u00fazik a vend\u00e9gekt\u0151l. Minden UHL sz\u00e1mlamapp\u00e1t tapasztalt munkat\u00e1rsaink k\u00e9sz\u00edtenek. K\u00fcl\u00f6n\u00f6sen ellen\u00e1ll\u00f3ak a k\u00fcls\u0151 hat\u00e1sokkal szemben. Mapp\u00e1ink ezt a tulajdons\u00e1got a meger\u0151s\u00edtett gerinccel ell\u00e1tott, massz\u00edv kivitel\u0171 kem\u00e9ny bor\u00edt\u00f3nak, a z\u00e1rt \u00e9leknek \u00e9s [&hellip;]","og_url":"https:\/\/www.uhl-menu.com\/hu\/produkt\/standard-szamlamappa\/","og_site_name":"menu de Uhl","article_publisher":"https:\/\/www.facebook.com\/uhlspeisekarten","og_image":[{"width":1600,"height":1125,"url":"https:\/\/www.uhl-menu.com\/wp-content\/uploads\/rechnungsmappe-standard-guenstige-mappe-fuer-rechnungen.png","type":"image\/png"}],"twitter_card":"summary_large_image","twitter_misc":{"Becs\u00fclt olvas\u00e1si id\u0151":"1 perc"},"schema":{"@context":"https:\/\/schema.org","@graph":[{"@type":"WebPage","@id":"https:\/\/www.uhl-menu.com\/hu\/produkt\/standard-szamlamappa\/","url":"https:\/\/www.uhl-menu.com\/hu\/produkt\/standard-szamlamappa\/","name":"Standard sz\u00e1mlamappa \u00bb Kedvez\u0151 mappa a sz\u00e1ml\u00e1khoz - menu de Uhl","isPartOf":{"@id":"https:\/\/www.uhl-menu.com\/hu\/#website"},"primaryImageOfPage":{"@id":"https:\/\/www.uhl-menu.com\/hu\/produkt\/standard-szamlamappa\/#primaryimage"},"image":{"@id":"https:\/\/www.uhl-menu.com\/hu\/produkt\/standard-szamlamappa\/#primaryimage"},"thumbnailUrl":"https:\/\/www.uhl-menu.com\/wp-content\/uploads\/rechnungsmappe-standard-guenstige-mappe-fuer-rechnungen.png","datePublished":"2021-11-25T15:25:16+00:00","breadcrumb":{"@id":"https:\/\/www.uhl-menu.com\/hu\/produkt\/standard-szamlamappa\/#breadcrumb"},"inLanguage":"hu","potentialAction":[{"@type":"ReadAction","target":["https:\/\/www.uhl-menu.com\/hu\/produkt\/standard-szamlamappa\/"]}]},{"@type":"ImageObject","inLanguage":"hu","@id":"https:\/\/www.uhl-menu.com\/hu\/produkt\/standard-szamlamappa\/#primaryimage","url":"https:\/\/www.uhl-menu.com\/wp-content\/uploads\/rechnungsmappe-standard-guenstige-mappe-fuer-rechnungen.png","contentUrl":"https:\/\/www.uhl-menu.com\/wp-content\/uploads\/rechnungsmappe-standard-guenstige-mappe-fuer-rechnungen.png","width":1600,"height":1125,"caption":"G\u00fcnstige Rechnungsmappen: Modell Rechnungsmappe Standard von Uhl Menu"},{"@type":"BreadcrumbList","@id":"https:\/\/www.uhl-menu.com\/hu\/produkt\/standard-szamlamappa\/#breadcrumb","itemListElement":[{"@type":"ListItem","position":1,"name":"Startseite","item":"https:\/\/www.uhl-menu.com\/hu\/"},{"@type":"ListItem","position":2,"name":"Bolt","item":"https:\/\/www.uhl-menu.com\/hu\/bolt\/"},{"@type":"ListItem","position":3,"name":"Standard sz\u00e1mlamappa"}]},{"@type":"WebSite","@id":"https:\/\/www.uhl-menu.com\/hu\/#website","url":"https:\/\/www.uhl-menu.com\/hu\/","name":"menu de Uhl","description":"e fabricant de menus UHL, fond\u00e9 en 1982, s&#039;est donn\u00e9 d\u00e8s ses d\u00e9buts pour mission de se sp\u00e9cialiser dans les menus et les cartes des vins.","publisher":{"@id":"https:\/\/www.uhl-menu.com\/hu\/#organization"},"potentialAction":[{"@type":"SearchAction","target":{"@type":"EntryPoint","urlTemplate":"https:\/\/www.uhl-menu.com\/hu\/?s={search_term_string}"},"query-input":{"@type":"PropertyValueSpecification","valueRequired":true,"valueName":"search_term_string"}}],"inLanguage":"hu"},{"@type":"Organization","@id":"https:\/\/www.uhl-menu.com\/hu\/#organization","name":"menu de Uhl","url":"https:\/\/www.uhl-menu.com\/hu\/","logo":{"@type":"ImageObject","inLanguage":"hu","@id":"https:\/\/www.uhl-menu.com\/hu\/#\/schema\/logo\/image\/","url":"https:\/\/www.uhl-menu.com\/wp-content\/uploads\/uhl-logo.png","contentUrl":"https:\/\/www.uhl-menu.com\/wp-content\/uploads\/uhl-logo.png","width":66,"height":41,"caption":"menu de Uhl"},"image":{"@id":"https:\/\/www.uhl-menu.com\/hu\/#\/schema\/logo\/image\/"},"sameAs":["https:\/\/www.facebook.com\/uhlspeisekarten","https:\/\/www.youtube.com\/channel\/UCz6fCHDC_EvIaFfibirEF8A\/videos"]}]}},"_links":{"self":[{"href":"https:\/\/www.uhl-menu.com\/hu\/wp-json\/wp\/v2\/product\/70234","targetHints":{"allow":["GET"]}}],"collection":[{"href":"https:\/\/www.uhl-menu.com\/hu\/wp-json\/wp\/v2\/product"}],"about":[{"href":"https:\/\/www.uhl-menu.com\/hu\/wp-json\/wp\/v2\/types\/product"}],"wp:featuredmedia":[{"embeddable":true,"href":"https:\/\/www.uhl-menu.com\/hu\/wp-json\/wp\/v2\/media\/12503"}],"wp:attachment":[{"href":"https:\/\/www.uhl-menu.com\/hu\/wp-json\/wp\/v2\/media?parent=70234"}],"wp:term":[{"taxonomy":"product_brand","embeddable":true,"href":"https:\/\/www.uhl-menu.com\/hu\/wp-json\/wp\/v2\/product_brand?post=70234"},{"taxonomy":"product_cat","embeddable":true,"href":"https:\/\/www.uhl-menu.com\/hu\/wp-json\/wp\/v2\/product_cat?post=70234"},{"taxonomy":"product_tag","embeddable":true,"href":"https:\/\/www.uhl-menu.com\/hu\/wp-json\/wp\/v2\/product_tag?post=70234"}],"curies":[{"name":"wp","href":"https:\/\/api.w.org\/{rel}","templated":true}]}}