{"id":70249,"date":"2025-01-29T08:19:14","date_gmt":"2025-01-29T07:19:14","guid":{"rendered":"https:\/\/www.uhl-menu.com\/produkt\/3-reszes-magneses-tabernakulum-magic-elementtel\/"},"modified":"2025-10-16T16:29:38","modified_gmt":"2025-10-16T14:29:38","slug":"3-reszes-magneses-tabernakulum-magic-elementtel","status":"publish","type":"product","link":"https:\/\/www.uhl-menu.com\/hu\/produkt\/3-reszes-magneses-tabernakulum-magic-elementtel\/","title":{"rendered":"3-r\u00e9szes m\u00e1gneses tabern\u00e1kulum Magic Elementtel"},"content":{"rendered":"<p>Ezt a k\u00e1rty\u00e1t a h\u00e1romr\u00e9szes m\u00e1gnesk\u00e1rty\u00e1nk tov\u00e1bbfejleszt\u00e9sek\u00e9nt fejlesztett\u00fck ki, \u00e9s kib\u0151v\u00edtett\u00fck az oldalak sz\u00e1m\u00e1t.<\/p>\n<p>Itt is k\u00fcl\u00f6n\u00f6sen vonz\u00f3 m\u00f3don mutathatja be aj\u00e1nlat\u00e1t. A k\u00e9t keskeny sz\u00e1rnyat felhajtva a k\u00f6z\u00e9ps\u0151 r\u00e9sz A4-es pap\u00edrra alkalmas, \u00e1ll\u00f3 form\u00e1tumban, valamint mindk\u00e9t sz\u00e1rnyon egy-egy hossz\u00e1ban f\u00e9lbehajtott A4-es lapot mutat be.<\/p>\n<p>A k\u00f6z\u00e9pen l\u00e9v\u0151 bels\u0151 r\u00e9sz \u00f6sszesen 3 lapot tart, amelyeket jobb \u00e9s bal oldalon f\u00fcgg\u0151leges v\u00e1szonr\u00e9sek kereteznek, amelyek r\u00f6gz\u00edt\u00e9sk\u00e9nt \u00e9s a lapok balra lapoz\u00e1s\u00e1hoz sz\u00fcks\u00e9ges fog\u00e1si z\u00f3nak\u00e9nt is szolg\u00e1lnak. A k\u00e9t sz\u00e1rny k\u00fcls\u0151 sz\u00e9l\u00e9n egy-egy keskeny, f\u00fcgg\u0151leges m\u00e1gneskorl\u00e1t tal\u00e1lhat\u00f3. <\/p>\n<p>A m\u00e1gneses cs\u00edkok \/ behelyez\u00e9si ny\u00edl\u00e1sok k\u00fcl\u00f6n\u00f6sen megk\u00f6nny\u00edtik az egyes lapok cser\u00e9j\u00e9t. Ez\u00e1ltal a 3 r\u00e9szb\u0151l \u00e1ll\u00f3 m\u00e1gnesk\u00e1rtya-hosszabb\u00edt\u00e1sunk k\u00fcl\u00f6n\u00f6sen rugalmas \u00e9s a lapok cser\u00e9je nagyon egyszer\u0171. <\/p>\n<p>A strapab\u00edr\u00f3 kivitel\u0171 kem\u00e9nyfedeles bor\u00edt\u00f3 z\u00e1rt \u00e9lekkel rendelkezik, \u00e9s k\u00edv\u00fcl-bel\u00fcl kiv\u00e1l\u00f3 min\u0151s\u00e9g\u0171 anyaggal bor\u00edtott. A szennyez\u0151d\u00e9stasz\u00edt\u00f3 \u00e9s k\u00f6nnyen \u00e1polhat\u00f3 fel\u00fcletek, valamint a szakad\u00e1s\u00e1ll\u00f3 anyagok, amelyekkel az egyes r\u00e9szek \u00f6ssze vannak k\u00f6tve, kiv\u00e1l\u00f3 tart\u00f3ss\u00e1got biztos\u00edtanak. Term\u00e9szetesen ez a k\u00e1rtya k\u00f6z\u00e9pen A5 vagy A3-as pap\u00edrra is elk\u00e9sz\u00edthet\u0151.  <\/p>\n","protected":false},"excerpt":{"rendered":"<p>Ezt a k\u00e1rty\u00e1t a h\u00e1romr\u00e9szes m\u00e1gnesk\u00e1rty\u00e1nk tov\u00e1bbfejleszt\u00e9sek\u00e9nt fejlesztett\u00fck ki, \u00e9s kib\u0151v\u00edtett\u00fck az oldalak sz\u00e1m\u00e1t. Itt is k\u00fcl\u00f6n\u00f6sen vonz\u00f3 m\u00f3don mutathatja be aj\u00e1nlat\u00e1t. A k\u00e9t keskeny sz\u00e1rnyat felhajtva a k\u00f6z\u00e9ps\u0151 r\u00e9sz A4-es pap\u00edrra alkalmas, \u00e1ll\u00f3 form\u00e1tumban, valamint mindk\u00e9t sz\u00e1rnyon egy-egy hossz\u00e1ban f\u00e9lbehajtott A4-es lapot mutat be. A k\u00f6z\u00e9pen l\u00e9v\u0151 bels\u0151 r\u00e9sz \u00f6sszesen 3 lapot tart, amelyeket [&hellip;]<\/p>\n","protected":false},"featured_media":70256,"template":"","meta":{"_acf_changed":false},"product_brand":[],"product_cat":[1542,1514,1511,1509,1543,1512,1516,1513,1501,1500],"product_tag":[],"class_list":{"0":"post-70249","1":"product","2":"type-product","3":"status-publish","4":"has-post-thumbnail","6":"product_cat-3-oldalas","7":"product_cat-borutanzat","8":"product_cat-erzeketlen-a-zsirra","9":"product_cat-kemenyfedeles","10":"product_cat-koetelezett","11":"product_cat-menuek","12":"product_cat-szintetizator-anyag","13":"product_cat-valodi-bor","14":"product_cat-vaszon","15":"product_cat-vizlepergeto","16":"pa_format-a3-magas","17":"pa_format-a4-es-portre-eseten","18":"pa_format-din-hosszusagra","19":"pa_format-kivant-formatum","20":"tm-has-options","22":"first","23":"instock","24":"taxable","25":"shipping-taxable","26":"purchasable","27":"product-type-variable"},"acf":[],"yoast_head":"<!-- This site is optimized with the Yoast SEO plugin v26.0 - https:\/\/yoast.com\/wordpress\/plugins\/seo\/ -->\n<title>3-r\u00e9szes m\u00e1gneses tabern\u00e1kulum Magic Elementtel \u00bb Men\u00fc mappa m\u00e1gneses cs\u00edkkal - menu de Uhl<\/title>\n<meta name=\"robots\" content=\"index, follow, max-snippet:-1, max-image-preview:large, max-video-preview:-1\" \/>\n<link rel=\"canonical\" href=\"https:\/\/www.uhl-menu.com\/hu\/produkt\/3-reszes-magneses-tabernakulum-magic-elementtel\/\" \/>\n<meta property=\"og:locale\" content=\"hu_HU\" \/>\n<meta property=\"og:type\" content=\"article\" \/>\n<meta property=\"og:title\" content=\"3-r\u00e9szes m\u00e1gneses tabern\u00e1kulum Magic Elementtel \u00bb Men\u00fc mappa m\u00e1gneses cs\u00edkkal - menu de Uhl\" \/>\n<meta property=\"og:description\" content=\"Ezt a k\u00e1rty\u00e1t a h\u00e1romr\u00e9szes m\u00e1gnesk\u00e1rty\u00e1nk tov\u00e1bbfejleszt\u00e9sek\u00e9nt fejlesztett\u00fck ki, \u00e9s kib\u0151v\u00edtett\u00fck az oldalak sz\u00e1m\u00e1t. Itt is k\u00fcl\u00f6n\u00f6sen vonz\u00f3 m\u00f3don mutathatja be aj\u00e1nlat\u00e1t. A k\u00e9t keskeny sz\u00e1rnyat felhajtva a k\u00f6z\u00e9ps\u0151 r\u00e9sz A4-es pap\u00edrra alkalmas, \u00e1ll\u00f3 form\u00e1tumban, valamint mindk\u00e9t sz\u00e1rnyon egy-egy hossz\u00e1ban f\u00e9lbehajtott A4-es lapot mutat be. A k\u00f6z\u00e9pen l\u00e9v\u0151 bels\u0151 r\u00e9sz \u00f6sszesen 3 lapot tart, amelyeket [&hellip;]\" \/>\n<meta property=\"og:url\" content=\"https:\/\/www.uhl-menu.com\/hu\/produkt\/3-reszes-magneses-tabernakulum-magic-elementtel\/\" \/>\n<meta property=\"og:site_name\" content=\"menu de Uhl\" \/>\n<meta property=\"article:publisher\" content=\"https:\/\/www.facebook.com\/uhlspeisekarten\" \/>\n<meta property=\"article:modified_time\" content=\"2025-10-16T14:29:38+00:00\" \/>\n<meta property=\"og:image\" content=\"https:\/\/www.uhl-menu.com\/wp-content\/uploads\/Magnetkarte-mit-Magic-Element_Produkt_front-3-Mittel.jpg\" \/>\n\t<meta property=\"og:image:width\" content=\"1092\" \/>\n\t<meta property=\"og:image:height\" content=\"768\" \/>\n\t<meta property=\"og:image:type\" content=\"image\/jpeg\" \/>\n<meta name=\"twitter:card\" content=\"summary_large_image\" \/>\n<meta name=\"twitter:label1\" content=\"Becs\u00fclt olvas\u00e1si id\u0151\" \/>\n\t<meta name=\"twitter:data1\" content=\"1 perc\" \/>\n<script type=\"application\/ld+json\" class=\"yoast-schema-graph\">{\"@context\":\"https:\/\/schema.org\",\"@graph\":[{\"@type\":\"WebPage\",\"@id\":\"https:\/\/www.uhl-menu.com\/hu\/produkt\/3-reszes-magneses-tabernakulum-magic-elementtel\/\",\"url\":\"https:\/\/www.uhl-menu.com\/hu\/produkt\/3-reszes-magneses-tabernakulum-magic-elementtel\/\",\"name\":\"3-r\u00e9szes m\u00e1gneses tabern\u00e1kulum Magic Elementtel \u00bb Men\u00fc mappa m\u00e1gneses cs\u00edkkal - menu de Uhl\",\"isPartOf\":{\"@id\":\"https:\/\/www.uhl-menu.com\/hu\/#website\"},\"primaryImageOfPage\":{\"@id\":\"https:\/\/www.uhl-menu.com\/hu\/produkt\/3-reszes-magneses-tabernakulum-magic-elementtel\/#primaryimage\"},\"image\":{\"@id\":\"https:\/\/www.uhl-menu.com\/hu\/produkt\/3-reszes-magneses-tabernakulum-magic-elementtel\/#primaryimage\"},\"thumbnailUrl\":\"https:\/\/www.uhl-menu.com\/wp-content\/uploads\/Magnetkarte-mit-Magic-Element_Produkt_front-3-Mittel.jpg\",\"datePublished\":\"2025-01-29T07:19:14+00:00\",\"dateModified\":\"2025-10-16T14:29:38+00:00\",\"breadcrumb\":{\"@id\":\"https:\/\/www.uhl-menu.com\/hu\/produkt\/3-reszes-magneses-tabernakulum-magic-elementtel\/#breadcrumb\"},\"inLanguage\":\"hu\",\"potentialAction\":[{\"@type\":\"ReadAction\",\"target\":[\"https:\/\/www.uhl-menu.com\/hu\/produkt\/3-reszes-magneses-tabernakulum-magic-elementtel\/\"]}]},{\"@type\":\"ImageObject\",\"inLanguage\":\"hu\",\"@id\":\"https:\/\/www.uhl-menu.com\/hu\/produkt\/3-reszes-magneses-tabernakulum-magic-elementtel\/#primaryimage\",\"url\":\"https:\/\/www.uhl-menu.com\/wp-content\/uploads\/Magnetkarte-mit-Magic-Element_Produkt_front-3-Mittel.jpg\",\"contentUrl\":\"https:\/\/www.uhl-menu.com\/wp-content\/uploads\/Magnetkarte-mit-Magic-Element_Produkt_front-3-Mittel.jpg\",\"width\":1092,\"height\":768,\"caption\":\"M\u00e1gikus elemmel ell\u00e1tott m\u00e1gnesk\u00e1rtya\"},{\"@type\":\"BreadcrumbList\",\"@id\":\"https:\/\/www.uhl-menu.com\/hu\/produkt\/3-reszes-magneses-tabernakulum-magic-elementtel\/#breadcrumb\",\"itemListElement\":[{\"@type\":\"ListItem\",\"position\":1,\"name\":\"Startseite\",\"item\":\"https:\/\/www.uhl-menu.com\/hu\/\"},{\"@type\":\"ListItem\",\"position\":2,\"name\":\"Bolt\",\"item\":\"https:\/\/www.uhl-menu.com\/hu\/bolt\/\"},{\"@type\":\"ListItem\",\"position\":3,\"name\":\"3-r\u00e9szes m\u00e1gneses tabern\u00e1kulum Magic Elementtel\"}]},{\"@type\":\"WebSite\",\"@id\":\"https:\/\/www.uhl-menu.com\/hu\/#website\",\"url\":\"https:\/\/www.uhl-menu.com\/hu\/\",\"name\":\"menu de Uhl\",\"description\":\"e fabricant de menus UHL, fond\u00e9 en 1982, s&#039;est donn\u00e9 d\u00e8s ses d\u00e9buts pour mission de se sp\u00e9cialiser dans les menus et les cartes des vins.\",\"publisher\":{\"@id\":\"https:\/\/www.uhl-menu.com\/hu\/#organization\"},\"potentialAction\":[{\"@type\":\"SearchAction\",\"target\":{\"@type\":\"EntryPoint\",\"urlTemplate\":\"https:\/\/www.uhl-menu.com\/hu\/?s={search_term_string}\"},\"query-input\":{\"@type\":\"PropertyValueSpecification\",\"valueRequired\":true,\"valueName\":\"search_term_string\"}}],\"inLanguage\":\"hu\"},{\"@type\":\"Organization\",\"@id\":\"https:\/\/www.uhl-menu.com\/hu\/#organization\",\"name\":\"menu de Uhl\",\"url\":\"https:\/\/www.uhl-menu.com\/hu\/\",\"logo\":{\"@type\":\"ImageObject\",\"inLanguage\":\"hu\",\"@id\":\"https:\/\/www.uhl-menu.com\/hu\/#\/schema\/logo\/image\/\",\"url\":\"https:\/\/www.uhl-menu.com\/wp-content\/uploads\/uhl-logo.png\",\"contentUrl\":\"https:\/\/www.uhl-menu.com\/wp-content\/uploads\/uhl-logo.png\",\"width\":66,\"height\":41,\"caption\":\"menu de Uhl\"},\"image\":{\"@id\":\"https:\/\/www.uhl-menu.com\/hu\/#\/schema\/logo\/image\/\"},\"sameAs\":[\"https:\/\/www.facebook.com\/uhlspeisekarten\",\"https:\/\/www.youtube.com\/channel\/UCz6fCHDC_EvIaFfibirEF8A\/videos\"]}]}<\/script>\n<!-- \/ Yoast SEO plugin. -->","yoast_head_json":{"title":"3-r\u00e9szes m\u00e1gneses tabern\u00e1kulum Magic Elementtel \u00bb Men\u00fc mappa m\u00e1gneses cs\u00edkkal - menu de Uhl","robots":{"index":"index","follow":"follow","max-snippet":"max-snippet:-1","max-image-preview":"max-image-preview:large","max-video-preview":"max-video-preview:-1"},"canonical":"https:\/\/www.uhl-menu.com\/hu\/produkt\/3-reszes-magneses-tabernakulum-magic-elementtel\/","og_locale":"hu_HU","og_type":"article","og_title":"3-r\u00e9szes m\u00e1gneses tabern\u00e1kulum Magic Elementtel \u00bb Men\u00fc mappa m\u00e1gneses cs\u00edkkal - menu de Uhl","og_description":"Ezt a k\u00e1rty\u00e1t a h\u00e1romr\u00e9szes m\u00e1gnesk\u00e1rty\u00e1nk tov\u00e1bbfejleszt\u00e9sek\u00e9nt fejlesztett\u00fck ki, \u00e9s kib\u0151v\u00edtett\u00fck az oldalak sz\u00e1m\u00e1t. Itt is k\u00fcl\u00f6n\u00f6sen vonz\u00f3 m\u00f3don mutathatja be aj\u00e1nlat\u00e1t. A k\u00e9t keskeny sz\u00e1rnyat felhajtva a k\u00f6z\u00e9ps\u0151 r\u00e9sz A4-es pap\u00edrra alkalmas, \u00e1ll\u00f3 form\u00e1tumban, valamint mindk\u00e9t sz\u00e1rnyon egy-egy hossz\u00e1ban f\u00e9lbehajtott A4-es lapot mutat be. A k\u00f6z\u00e9pen l\u00e9v\u0151 bels\u0151 r\u00e9sz \u00f6sszesen 3 lapot tart, amelyeket [&hellip;]","og_url":"https:\/\/www.uhl-menu.com\/hu\/produkt\/3-reszes-magneses-tabernakulum-magic-elementtel\/","og_site_name":"menu de Uhl","article_publisher":"https:\/\/www.facebook.com\/uhlspeisekarten","article_modified_time":"2025-10-16T14:29:38+00:00","og_image":[{"width":1092,"height":768,"url":"https:\/\/www.uhl-menu.com\/wp-content\/uploads\/Magnetkarte-mit-Magic-Element_Produkt_front-3-Mittel.jpg","type":"image\/jpeg"}],"twitter_card":"summary_large_image","twitter_misc":{"Becs\u00fclt olvas\u00e1si id\u0151":"1 perc"},"schema":{"@context":"https:\/\/schema.org","@graph":[{"@type":"WebPage","@id":"https:\/\/www.uhl-menu.com\/hu\/produkt\/3-reszes-magneses-tabernakulum-magic-elementtel\/","url":"https:\/\/www.uhl-menu.com\/hu\/produkt\/3-reszes-magneses-tabernakulum-magic-elementtel\/","name":"3-r\u00e9szes m\u00e1gneses tabern\u00e1kulum Magic Elementtel \u00bb Men\u00fc mappa m\u00e1gneses cs\u00edkkal - menu de Uhl","isPartOf":{"@id":"https:\/\/www.uhl-menu.com\/hu\/#website"},"primaryImageOfPage":{"@id":"https:\/\/www.uhl-menu.com\/hu\/produkt\/3-reszes-magneses-tabernakulum-magic-elementtel\/#primaryimage"},"image":{"@id":"https:\/\/www.uhl-menu.com\/hu\/produkt\/3-reszes-magneses-tabernakulum-magic-elementtel\/#primaryimage"},"thumbnailUrl":"https:\/\/www.uhl-menu.com\/wp-content\/uploads\/Magnetkarte-mit-Magic-Element_Produkt_front-3-Mittel.jpg","datePublished":"2025-01-29T07:19:14+00:00","dateModified":"2025-10-16T14:29:38+00:00","breadcrumb":{"@id":"https:\/\/www.uhl-menu.com\/hu\/produkt\/3-reszes-magneses-tabernakulum-magic-elementtel\/#breadcrumb"},"inLanguage":"hu","potentialAction":[{"@type":"ReadAction","target":["https:\/\/www.uhl-menu.com\/hu\/produkt\/3-reszes-magneses-tabernakulum-magic-elementtel\/"]}]},{"@type":"ImageObject","inLanguage":"hu","@id":"https:\/\/www.uhl-menu.com\/hu\/produkt\/3-reszes-magneses-tabernakulum-magic-elementtel\/#primaryimage","url":"https:\/\/www.uhl-menu.com\/wp-content\/uploads\/Magnetkarte-mit-Magic-Element_Produkt_front-3-Mittel.jpg","contentUrl":"https:\/\/www.uhl-menu.com\/wp-content\/uploads\/Magnetkarte-mit-Magic-Element_Produkt_front-3-Mittel.jpg","width":1092,"height":768,"caption":"M\u00e1gikus elemmel ell\u00e1tott m\u00e1gnesk\u00e1rtya"},{"@type":"BreadcrumbList","@id":"https:\/\/www.uhl-menu.com\/hu\/produkt\/3-reszes-magneses-tabernakulum-magic-elementtel\/#breadcrumb","itemListElement":[{"@type":"ListItem","position":1,"name":"Startseite","item":"https:\/\/www.uhl-menu.com\/hu\/"},{"@type":"ListItem","position":2,"name":"Bolt","item":"https:\/\/www.uhl-menu.com\/hu\/bolt\/"},{"@type":"ListItem","position":3,"name":"3-r\u00e9szes m\u00e1gneses tabern\u00e1kulum Magic Elementtel"}]},{"@type":"WebSite","@id":"https:\/\/www.uhl-menu.com\/hu\/#website","url":"https:\/\/www.uhl-menu.com\/hu\/","name":"menu de Uhl","description":"e fabricant de menus UHL, fond\u00e9 en 1982, s&#039;est donn\u00e9 d\u00e8s ses d\u00e9buts pour mission de se sp\u00e9cialiser dans les menus et les cartes des vins.","publisher":{"@id":"https:\/\/www.uhl-menu.com\/hu\/#organization"},"potentialAction":[{"@type":"SearchAction","target":{"@type":"EntryPoint","urlTemplate":"https:\/\/www.uhl-menu.com\/hu\/?s={search_term_string}"},"query-input":{"@type":"PropertyValueSpecification","valueRequired":true,"valueName":"search_term_string"}}],"inLanguage":"hu"},{"@type":"Organization","@id":"https:\/\/www.uhl-menu.com\/hu\/#organization","name":"menu de Uhl","url":"https:\/\/www.uhl-menu.com\/hu\/","logo":{"@type":"ImageObject","inLanguage":"hu","@id":"https:\/\/www.uhl-menu.com\/hu\/#\/schema\/logo\/image\/","url":"https:\/\/www.uhl-menu.com\/wp-content\/uploads\/uhl-logo.png","contentUrl":"https:\/\/www.uhl-menu.com\/wp-content\/uploads\/uhl-logo.png","width":66,"height":41,"caption":"menu de Uhl"},"image":{"@id":"https:\/\/www.uhl-menu.com\/hu\/#\/schema\/logo\/image\/"},"sameAs":["https:\/\/www.facebook.com\/uhlspeisekarten","https:\/\/www.youtube.com\/channel\/UCz6fCHDC_EvIaFfibirEF8A\/videos"]}]}},"_links":{"self":[{"href":"https:\/\/www.uhl-menu.com\/hu\/wp-json\/wp\/v2\/product\/70249","targetHints":{"allow":["GET"]}}],"collection":[{"href":"https:\/\/www.uhl-menu.com\/hu\/wp-json\/wp\/v2\/product"}],"about":[{"href":"https:\/\/www.uhl-menu.com\/hu\/wp-json\/wp\/v2\/types\/product"}],"wp:featuredmedia":[{"embeddable":true,"href":"https:\/\/www.uhl-menu.com\/hu\/wp-json\/wp\/v2\/media\/70256"}],"wp:attachment":[{"href":"https:\/\/www.uhl-menu.com\/hu\/wp-json\/wp\/v2\/media?parent=70249"}],"wp:term":[{"taxonomy":"product_brand","embeddable":true,"href":"https:\/\/www.uhl-menu.com\/hu\/wp-json\/wp\/v2\/product_brand?post=70249"},{"taxonomy":"product_cat","embeddable":true,"href":"https:\/\/www.uhl-menu.com\/hu\/wp-json\/wp\/v2\/product_cat?post=70249"},{"taxonomy":"product_tag","embeddable":true,"href":"https:\/\/www.uhl-menu.com\/hu\/wp-json\/wp\/v2\/product_tag?post=70249"}],"curies":[{"name":"wp","href":"https:\/\/api.w.org\/{rel}","templated":true}]}}