{"id":70884,"date":"2021-11-19T18:26:49","date_gmt":"2021-11-19T17:26:49","guid":{"rendered":"https:\/\/www.uhl-menu.com\/produkt\/kocka\/"},"modified":"2021-11-19T18:26:49","modified_gmt":"2021-11-19T17:26:49","slug":"kocka","status":"publish","type":"product","link":"https:\/\/www.uhl-menu.com\/hu\/produkt\/kocka\/","title":{"rendered":"Kocka"},"content":{"rendered":"<p>Az \u00faj, st\u00edlusos display \u00e1llv\u00e1nyok az asztalok vagy a b\u00e1rpult f\u00e9nypontjai! Az \u00d6n k\u00edv\u00e1ns\u00e1gait\u00f3l f\u00fcgg\u0151en n\u00e9gyzet vagy t\u00e9glalap alapform\u00e1val k\u00e9sz\u00edthetj\u00fck el a stabil Cube asztali displayt, \u00e9s az oldallapok magass\u00e1ga is az \u00d6n ig\u00e9nyeihez igaz\u00edthat\u00f3. A lapok gyors cser\u00e9j\u00e9hez mindk\u00e9t oldalsz\u00e9len keskeny, f\u00fcgg\u0151leges m\u00e1gneses s\u00edn tal\u00e1lhat\u00f3, \u00edgy b\u00e1rmikor k\u00f6nnyed\u00e9n kicser\u00e9lheti k\u00edn\u00e1lat\u00e1t. A z\u00e1rt \u00e9lek \u00e9s a strapab\u00edr\u00f3 v\u00e1szonsz\u00f6vetb\u0151l k\u00e9sz\u00fclt, k\u00f6nnyen \u00e1polhat\u00f3 fel\u00fclet k\u00fcl\u00f6n\u00f6sen tart\u00f3ss\u00e1 teszi ezt az asztali vitrint a mindennapi haszn\u00e1latra.   <\/p>\n","protected":false},"excerpt":{"rendered":"<p>Az \u00faj, st\u00edlusos display \u00e1llv\u00e1nyok az asztalok vagy a b\u00e1rpult f\u00e9nypontjai! Az \u00d6n k\u00edv\u00e1ns\u00e1gait\u00f3l f\u00fcgg\u0151en n\u00e9gyzet vagy t\u00e9glalap alapform\u00e1val k\u00e9sz\u00edthetj\u00fck el a stabil Cube asztali displayt, \u00e9s az oldallapok magass\u00e1ga is az \u00d6n ig\u00e9nyeihez igaz\u00edthat\u00f3. A lapok gyors cser\u00e9j\u00e9hez mindk\u00e9t oldalsz\u00e9len keskeny, f\u00fcgg\u0151leges m\u00e1gneses s\u00edn tal\u00e1lhat\u00f3, \u00edgy b\u00e1rmikor k\u00f6nnyed\u00e9n kicser\u00e9lheti k\u00edn\u00e1lat\u00e1t. A z\u00e1rt \u00e9lek \u00e9s [&hellip;]<\/p>\n","protected":false},"featured_media":13037,"template":"","meta":{"_acf_changed":false},"product_brand":[],"product_cat":[1502,1498,1503,1499,1501,1500],"product_tag":[],"class_list":{"0":"post-70884","1":"product","2":"type-product","3":"status-publish","4":"has-post-thumbnail","6":"product_cat-asztali-kijelzo","7":"product_cat-borkinalat","8":"product_cat-megmarado-modellek","9":"product_cat-table-setter-hu","10":"product_cat-vaszon","11":"product_cat-vizlepergeto","12":"pa_format-l-11x11x30-hu","13":"pa_format-m-11x11x21-hu","14":"pa_format-s-11x11x15-hu","15":"tm-has-options","17":"first","18":"instock","19":"taxable","20":"shipping-taxable","21":"purchasable","22":"product-type-variable"},"acf":[],"yoast_head":"<!-- This site is optimized with the Yoast SEO plugin v26.0 - https:\/\/yoast.com\/wordpress\/plugins\/seo\/ -->\n<title>Kocka \u00bb Stabil asztali \u00e1llv\u00e1ny 2-4 polccal - menu de Uhl<\/title>\n<meta name=\"robots\" content=\"index, follow, max-snippet:-1, max-image-preview:large, max-video-preview:-1\" \/>\n<link rel=\"canonical\" href=\"https:\/\/www.uhl-menu.com\/hu\/produkt\/kocka\/\" \/>\n<meta property=\"og:locale\" content=\"hu_HU\" \/>\n<meta property=\"og:type\" content=\"article\" \/>\n<meta property=\"og:title\" content=\"Kocka \u00bb Stabil asztali \u00e1llv\u00e1ny 2-4 polccal - menu de Uhl\" \/>\n<meta property=\"og:description\" content=\"Az \u00faj, st\u00edlusos display \u00e1llv\u00e1nyok az asztalok vagy a b\u00e1rpult f\u00e9nypontjai! Az \u00d6n k\u00edv\u00e1ns\u00e1gait\u00f3l f\u00fcgg\u0151en n\u00e9gyzet vagy t\u00e9glalap alapform\u00e1val k\u00e9sz\u00edthetj\u00fck el a stabil Cube asztali displayt, \u00e9s az oldallapok magass\u00e1ga is az \u00d6n ig\u00e9nyeihez igaz\u00edthat\u00f3. A lapok gyors cser\u00e9j\u00e9hez mindk\u00e9t oldalsz\u00e9len keskeny, f\u00fcgg\u0151leges m\u00e1gneses s\u00edn tal\u00e1lhat\u00f3, \u00edgy b\u00e1rmikor k\u00f6nnyed\u00e9n kicser\u00e9lheti k\u00edn\u00e1lat\u00e1t. A z\u00e1rt \u00e9lek \u00e9s [&hellip;]\" \/>\n<meta property=\"og:url\" content=\"https:\/\/www.uhl-menu.com\/hu\/produkt\/kocka\/\" \/>\n<meta property=\"og:site_name\" content=\"menu de Uhl\" \/>\n<meta property=\"article:publisher\" content=\"https:\/\/www.facebook.com\/uhlspeisekarten\" \/>\n<meta property=\"og:image\" content=\"https:\/\/www.uhl-menu.com\/wp-content\/uploads\/cube-stabiler-aufsteller-mit-2-4-einschueben.png\" \/>\n\t<meta property=\"og:image:width\" content=\"1600\" \/>\n\t<meta property=\"og:image:height\" content=\"1125\" \/>\n\t<meta property=\"og:image:type\" content=\"image\/png\" \/>\n<meta name=\"twitter:card\" content=\"summary_large_image\" \/>\n<meta name=\"twitter:label1\" content=\"Becs\u00fclt olvas\u00e1si id\u0151\" \/>\n\t<meta name=\"twitter:data1\" content=\"1 perc\" \/>\n<script type=\"application\/ld+json\" class=\"yoast-schema-graph\">{\"@context\":\"https:\/\/schema.org\",\"@graph\":[{\"@type\":\"WebPage\",\"@id\":\"https:\/\/www.uhl-menu.com\/hu\/produkt\/kocka\/\",\"url\":\"https:\/\/www.uhl-menu.com\/hu\/produkt\/kocka\/\",\"name\":\"Kocka \u00bb Stabil asztali \u00e1llv\u00e1ny 2-4 polccal - menu de Uhl\",\"isPartOf\":{\"@id\":\"https:\/\/www.uhl-menu.com\/hu\/#website\"},\"primaryImageOfPage\":{\"@id\":\"https:\/\/www.uhl-menu.com\/hu\/produkt\/kocka\/#primaryimage\"},\"image\":{\"@id\":\"https:\/\/www.uhl-menu.com\/hu\/produkt\/kocka\/#primaryimage\"},\"thumbnailUrl\":\"https:\/\/www.uhl-menu.com\/wp-content\/uploads\/cube-stabiler-aufsteller-mit-2-4-einschueben.png\",\"datePublished\":\"2021-11-19T17:26:49+00:00\",\"breadcrumb\":{\"@id\":\"https:\/\/www.uhl-menu.com\/hu\/produkt\/kocka\/#breadcrumb\"},\"inLanguage\":\"hu\",\"potentialAction\":[{\"@type\":\"ReadAction\",\"target\":[\"https:\/\/www.uhl-menu.com\/hu\/produkt\/kocka\/\"]}]},{\"@type\":\"ImageObject\",\"inLanguage\":\"hu\",\"@id\":\"https:\/\/www.uhl-menu.com\/hu\/produkt\/kocka\/#primaryimage\",\"url\":\"https:\/\/www.uhl-menu.com\/wp-content\/uploads\/cube-stabiler-aufsteller-mit-2-4-einschueben.png\",\"contentUrl\":\"https:\/\/www.uhl-menu.com\/wp-content\/uploads\/cube-stabiler-aufsteller-mit-2-4-einschueben.png\",\"width\":1600,\"height\":1125,\"caption\":\"Stabiler Tischaufsteller in Kubus-Form mit zwei bis vier Einsch\u00fcben: Modell Cube von Uhl Menu\"},{\"@type\":\"BreadcrumbList\",\"@id\":\"https:\/\/www.uhl-menu.com\/hu\/produkt\/kocka\/#breadcrumb\",\"itemListElement\":[{\"@type\":\"ListItem\",\"position\":1,\"name\":\"Startseite\",\"item\":\"https:\/\/www.uhl-menu.com\/hu\/\"},{\"@type\":\"ListItem\",\"position\":2,\"name\":\"Bolt\",\"item\":\"https:\/\/www.uhl-menu.com\/hu\/bolt\/\"},{\"@type\":\"ListItem\",\"position\":3,\"name\":\"Kocka\"}]},{\"@type\":\"WebSite\",\"@id\":\"https:\/\/www.uhl-menu.com\/hu\/#website\",\"url\":\"https:\/\/www.uhl-menu.com\/hu\/\",\"name\":\"menu de Uhl\",\"description\":\"e fabricant de menus UHL, fond\u00e9 en 1982, s&#039;est donn\u00e9 d\u00e8s ses d\u00e9buts pour mission de se sp\u00e9cialiser dans les menus et les cartes des vins.\",\"publisher\":{\"@id\":\"https:\/\/www.uhl-menu.com\/hu\/#organization\"},\"potentialAction\":[{\"@type\":\"SearchAction\",\"target\":{\"@type\":\"EntryPoint\",\"urlTemplate\":\"https:\/\/www.uhl-menu.com\/hu\/?s={search_term_string}\"},\"query-input\":{\"@type\":\"PropertyValueSpecification\",\"valueRequired\":true,\"valueName\":\"search_term_string\"}}],\"inLanguage\":\"hu\"},{\"@type\":\"Organization\",\"@id\":\"https:\/\/www.uhl-menu.com\/hu\/#organization\",\"name\":\"menu de Uhl\",\"url\":\"https:\/\/www.uhl-menu.com\/hu\/\",\"logo\":{\"@type\":\"ImageObject\",\"inLanguage\":\"hu\",\"@id\":\"https:\/\/www.uhl-menu.com\/hu\/#\/schema\/logo\/image\/\",\"url\":\"https:\/\/www.uhl-menu.com\/wp-content\/uploads\/uhl-logo.png\",\"contentUrl\":\"https:\/\/www.uhl-menu.com\/wp-content\/uploads\/uhl-logo.png\",\"width\":66,\"height\":41,\"caption\":\"menu de Uhl\"},\"image\":{\"@id\":\"https:\/\/www.uhl-menu.com\/hu\/#\/schema\/logo\/image\/\"},\"sameAs\":[\"https:\/\/www.facebook.com\/uhlspeisekarten\",\"https:\/\/www.youtube.com\/channel\/UCz6fCHDC_EvIaFfibirEF8A\/videos\"]}]}<\/script>\n<!-- \/ Yoast SEO plugin. -->","yoast_head_json":{"title":"Kocka \u00bb Stabil asztali \u00e1llv\u00e1ny 2-4 polccal - menu de Uhl","robots":{"index":"index","follow":"follow","max-snippet":"max-snippet:-1","max-image-preview":"max-image-preview:large","max-video-preview":"max-video-preview:-1"},"canonical":"https:\/\/www.uhl-menu.com\/hu\/produkt\/kocka\/","og_locale":"hu_HU","og_type":"article","og_title":"Kocka \u00bb Stabil asztali \u00e1llv\u00e1ny 2-4 polccal - menu de Uhl","og_description":"Az \u00faj, st\u00edlusos display \u00e1llv\u00e1nyok az asztalok vagy a b\u00e1rpult f\u00e9nypontjai! Az \u00d6n k\u00edv\u00e1ns\u00e1gait\u00f3l f\u00fcgg\u0151en n\u00e9gyzet vagy t\u00e9glalap alapform\u00e1val k\u00e9sz\u00edthetj\u00fck el a stabil Cube asztali displayt, \u00e9s az oldallapok magass\u00e1ga is az \u00d6n ig\u00e9nyeihez igaz\u00edthat\u00f3. A lapok gyors cser\u00e9j\u00e9hez mindk\u00e9t oldalsz\u00e9len keskeny, f\u00fcgg\u0151leges m\u00e1gneses s\u00edn tal\u00e1lhat\u00f3, \u00edgy b\u00e1rmikor k\u00f6nnyed\u00e9n kicser\u00e9lheti k\u00edn\u00e1lat\u00e1t. A z\u00e1rt \u00e9lek \u00e9s [&hellip;]","og_url":"https:\/\/www.uhl-menu.com\/hu\/produkt\/kocka\/","og_site_name":"menu de Uhl","article_publisher":"https:\/\/www.facebook.com\/uhlspeisekarten","og_image":[{"width":1600,"height":1125,"url":"https:\/\/www.uhl-menu.com\/wp-content\/uploads\/cube-stabiler-aufsteller-mit-2-4-einschueben.png","type":"image\/png"}],"twitter_card":"summary_large_image","twitter_misc":{"Becs\u00fclt olvas\u00e1si id\u0151":"1 perc"},"schema":{"@context":"https:\/\/schema.org","@graph":[{"@type":"WebPage","@id":"https:\/\/www.uhl-menu.com\/hu\/produkt\/kocka\/","url":"https:\/\/www.uhl-menu.com\/hu\/produkt\/kocka\/","name":"Kocka \u00bb Stabil asztali \u00e1llv\u00e1ny 2-4 polccal - menu de Uhl","isPartOf":{"@id":"https:\/\/www.uhl-menu.com\/hu\/#website"},"primaryImageOfPage":{"@id":"https:\/\/www.uhl-menu.com\/hu\/produkt\/kocka\/#primaryimage"},"image":{"@id":"https:\/\/www.uhl-menu.com\/hu\/produkt\/kocka\/#primaryimage"},"thumbnailUrl":"https:\/\/www.uhl-menu.com\/wp-content\/uploads\/cube-stabiler-aufsteller-mit-2-4-einschueben.png","datePublished":"2021-11-19T17:26:49+00:00","breadcrumb":{"@id":"https:\/\/www.uhl-menu.com\/hu\/produkt\/kocka\/#breadcrumb"},"inLanguage":"hu","potentialAction":[{"@type":"ReadAction","target":["https:\/\/www.uhl-menu.com\/hu\/produkt\/kocka\/"]}]},{"@type":"ImageObject","inLanguage":"hu","@id":"https:\/\/www.uhl-menu.com\/hu\/produkt\/kocka\/#primaryimage","url":"https:\/\/www.uhl-menu.com\/wp-content\/uploads\/cube-stabiler-aufsteller-mit-2-4-einschueben.png","contentUrl":"https:\/\/www.uhl-menu.com\/wp-content\/uploads\/cube-stabiler-aufsteller-mit-2-4-einschueben.png","width":1600,"height":1125,"caption":"Stabiler Tischaufsteller in Kubus-Form mit zwei bis vier Einsch\u00fcben: Modell Cube von Uhl Menu"},{"@type":"BreadcrumbList","@id":"https:\/\/www.uhl-menu.com\/hu\/produkt\/kocka\/#breadcrumb","itemListElement":[{"@type":"ListItem","position":1,"name":"Startseite","item":"https:\/\/www.uhl-menu.com\/hu\/"},{"@type":"ListItem","position":2,"name":"Bolt","item":"https:\/\/www.uhl-menu.com\/hu\/bolt\/"},{"@type":"ListItem","position":3,"name":"Kocka"}]},{"@type":"WebSite","@id":"https:\/\/www.uhl-menu.com\/hu\/#website","url":"https:\/\/www.uhl-menu.com\/hu\/","name":"menu de Uhl","description":"e fabricant de menus UHL, fond\u00e9 en 1982, s&#039;est donn\u00e9 d\u00e8s ses d\u00e9buts pour mission de se sp\u00e9cialiser dans les menus et les cartes des vins.","publisher":{"@id":"https:\/\/www.uhl-menu.com\/hu\/#organization"},"potentialAction":[{"@type":"SearchAction","target":{"@type":"EntryPoint","urlTemplate":"https:\/\/www.uhl-menu.com\/hu\/?s={search_term_string}"},"query-input":{"@type":"PropertyValueSpecification","valueRequired":true,"valueName":"search_term_string"}}],"inLanguage":"hu"},{"@type":"Organization","@id":"https:\/\/www.uhl-menu.com\/hu\/#organization","name":"menu de Uhl","url":"https:\/\/www.uhl-menu.com\/hu\/","logo":{"@type":"ImageObject","inLanguage":"hu","@id":"https:\/\/www.uhl-menu.com\/hu\/#\/schema\/logo\/image\/","url":"https:\/\/www.uhl-menu.com\/wp-content\/uploads\/uhl-logo.png","contentUrl":"https:\/\/www.uhl-menu.com\/wp-content\/uploads\/uhl-logo.png","width":66,"height":41,"caption":"menu de Uhl"},"image":{"@id":"https:\/\/www.uhl-menu.com\/hu\/#\/schema\/logo\/image\/"},"sameAs":["https:\/\/www.facebook.com\/uhlspeisekarten","https:\/\/www.youtube.com\/channel\/UCz6fCHDC_EvIaFfibirEF8A\/videos"]}]}},"_links":{"self":[{"href":"https:\/\/www.uhl-menu.com\/hu\/wp-json\/wp\/v2\/product\/70884","targetHints":{"allow":["GET"]}}],"collection":[{"href":"https:\/\/www.uhl-menu.com\/hu\/wp-json\/wp\/v2\/product"}],"about":[{"href":"https:\/\/www.uhl-menu.com\/hu\/wp-json\/wp\/v2\/types\/product"}],"wp:featuredmedia":[{"embeddable":true,"href":"https:\/\/www.uhl-menu.com\/hu\/wp-json\/wp\/v2\/media\/13037"}],"wp:attachment":[{"href":"https:\/\/www.uhl-menu.com\/hu\/wp-json\/wp\/v2\/media?parent=70884"}],"wp:term":[{"taxonomy":"product_brand","embeddable":true,"href":"https:\/\/www.uhl-menu.com\/hu\/wp-json\/wp\/v2\/product_brand?post=70884"},{"taxonomy":"product_cat","embeddable":true,"href":"https:\/\/www.uhl-menu.com\/hu\/wp-json\/wp\/v2\/product_cat?post=70884"},{"taxonomy":"product_tag","embeddable":true,"href":"https:\/\/www.uhl-menu.com\/hu\/wp-json\/wp\/v2\/product_tag?post=70884"}],"curies":[{"name":"wp","href":"https:\/\/api.w.org\/{rel}","templated":true}]}}