{"id":71317,"date":"2021-11-25T11:29:24","date_gmt":"2021-11-25T10:29:24","guid":{"rendered":"https:\/\/www.uhl-menu.com\/produkt\/varazslatos\/"},"modified":"2021-11-25T11:29:24","modified_gmt":"2021-11-25T10:29:24","slug":"varazslatos","status":"publish","type":"product","link":"https:\/\/www.uhl-menu.com\/hu\/produkt\/varazslatos\/","title":{"rendered":"Var\u00e1zslatos"},"content":{"rendered":"<p>Az UHL st\u00edlusos rendszerfejleszt\u00e9se. A k\u00fcl\u00f6n\u00f6sen eszt\u00e9tikus Magic cser\u00e9lhet\u0151 rendszer kiv\u00e1l\u00f3 min\u0151s\u00e9g\u0171 anyagokkal kombin\u00e1lva. K\u00e9t hosszanti ir\u00e1nyban elhelyezett, kiv\u00e1l\u00f3 min\u0151s\u00e9g\u0171 v\u00e1szonb\u00f3l k\u00e9sz\u00fclt ny\u00edl\u00e1s, amelyek egyben a penge tart\u00f3jak\u00e9nt \u00e9s fog\u00e1si z\u00f3nak\u00e9nt is funkcion\u00e1lnak.  <\/p>\n<p>Az egyes bels\u0151 r\u00e9szeket szakad\u00e1s\u00e1ll\u00f3 v\u00e1szonzsan\u00e9rok k\u00f6tik \u00f6ssze. A k\u00e1rtya bor\u00edt\u00f3ja kiv\u00e1l\u00f3 min\u0151s\u00e9g\u0171, tart\u00f3s anyagb\u00f3l, p\u00e9ld\u00e1ul v\u00e1szonb\u00f3l, m\u0171-, m\u0171- vagy val\u00f3di b\u0151rb\u0151l k\u00e9sz\u00fcl, \u00e9s ig\u00e9ny szerint a sz\u00e9l\u00e9n d\u00edszvarr\u00e1ssal varrhat\u00f3. <\/p>\n","protected":false},"excerpt":{"rendered":"<p>Az UHL st\u00edlusos rendszerfejleszt\u00e9se. A k\u00fcl\u00f6n\u00f6sen eszt\u00e9tikus Magic cser\u00e9lhet\u0151 rendszer kiv\u00e1l\u00f3 min\u0151s\u00e9g\u0171 anyagokkal kombin\u00e1lva. K\u00e9t hosszanti ir\u00e1nyban elhelyezett, kiv\u00e1l\u00f3 min\u0151s\u00e9g\u0171 v\u00e1szonb\u00f3l k\u00e9sz\u00fclt ny\u00edl\u00e1s, amelyek egyben a penge tart\u00f3jak\u00e9nt \u00e9s fog\u00e1si z\u00f3nak\u00e9nt is funkcion\u00e1lnak. Az egyes bels\u0151 r\u00e9szeket szakad\u00e1s\u00e1ll\u00f3 v\u00e1szonzsan\u00e9rok k\u00f6tik \u00f6ssze. A k\u00e1rtya bor\u00edt\u00f3ja kiv\u00e1l\u00f3 min\u0151s\u00e9g\u0171, tart\u00f3s anyagb\u00f3l, p\u00e9ld\u00e1ul v\u00e1szonb\u00f3l, m\u0171-, m\u0171- vagy val\u00f3di b\u0151rb\u0151l [&hellip;]<\/p>\n","protected":false},"featured_media":68926,"template":"","meta":{"_acf_changed":false},"product_brand":[],"product_cat":[1498,1514,1511,1525,1509,1543,1512,1592,1516,1583,1513,1501,1500],"product_tag":[],"class_list":{"0":"post-71317","1":"product","2":"type-product","3":"status-publish","4":"has-post-thumbnail","6":"product_cat-borkinalat","7":"product_cat-borutanzat","8":"product_cat-erzeketlen-a-zsirra","9":"product_cat-karton-asztali-allvany","10":"product_cat-kemenyfedeles","11":"product_cat-koetelezett","12":"product_cat-menuek","13":"product_cat-puha-borito","14":"product_cat-szintetizator-anyag","15":"product_cat-toebboldalas","16":"product_cat-valodi-bor","17":"product_cat-vaszon","18":"product_cat-vizlepergeto","19":"pa_format-a4-es-portre-eseten","20":"pa_format-a4-es-tajkep-eseteben","21":"pa_format-a5-magassagu","22":"pa_format-a5-tajkep-eseteben","23":"pa_format-a6-os-magassag-eseten","24":"pa_format-din-hosszusagra","25":"pa_format-kivant-formatum","26":"tm-has-options","28":"first","29":"instock","30":"taxable","31":"shipping-taxable","32":"purchasable","33":"product-type-variable"},"acf":[],"yoast_head":"<!-- This site is optimized with the Yoast SEO plugin v26.0 - https:\/\/yoast.com\/wordpress\/plugins\/seo\/ -->\n<title>Var\u00e1zslatos \u00bb Men\u00fc mappa Magic change rendszerrel - menu de Uhl<\/title>\n<meta name=\"robots\" content=\"index, follow, max-snippet:-1, max-image-preview:large, max-video-preview:-1\" \/>\n<link rel=\"canonical\" href=\"https:\/\/www.uhl-menu.com\/hu\/produkt\/varazslatos\/\" \/>\n<meta property=\"og:locale\" content=\"hu_HU\" \/>\n<meta property=\"og:type\" content=\"article\" \/>\n<meta property=\"og:title\" content=\"Var\u00e1zslatos \u00bb Men\u00fc mappa Magic change rendszerrel - menu de Uhl\" \/>\n<meta property=\"og:description\" content=\"Az UHL st\u00edlusos rendszerfejleszt\u00e9se. A k\u00fcl\u00f6n\u00f6sen eszt\u00e9tikus Magic cser\u00e9lhet\u0151 rendszer kiv\u00e1l\u00f3 min\u0151s\u00e9g\u0171 anyagokkal kombin\u00e1lva. K\u00e9t hosszanti ir\u00e1nyban elhelyezett, kiv\u00e1l\u00f3 min\u0151s\u00e9g\u0171 v\u00e1szonb\u00f3l k\u00e9sz\u00fclt ny\u00edl\u00e1s, amelyek egyben a penge tart\u00f3jak\u00e9nt \u00e9s fog\u00e1si z\u00f3nak\u00e9nt is funkcion\u00e1lnak. Az egyes bels\u0151 r\u00e9szeket szakad\u00e1s\u00e1ll\u00f3 v\u00e1szonzsan\u00e9rok k\u00f6tik \u00f6ssze. A k\u00e1rtya bor\u00edt\u00f3ja kiv\u00e1l\u00f3 min\u0151s\u00e9g\u0171, tart\u00f3s anyagb\u00f3l, p\u00e9ld\u00e1ul v\u00e1szonb\u00f3l, m\u0171-, m\u0171- vagy val\u00f3di b\u0151rb\u0151l [&hellip;]\" \/>\n<meta property=\"og:url\" content=\"https:\/\/www.uhl-menu.com\/hu\/produkt\/varazslatos\/\" \/>\n<meta property=\"og:site_name\" content=\"menu de Uhl\" \/>\n<meta property=\"article:publisher\" content=\"https:\/\/www.facebook.com\/uhlspeisekarten\" \/>\n<meta property=\"og:image\" content=\"https:\/\/www.uhl-menu.com\/wp-content\/uploads\/.\/magic-speisekarten-mappen-mit-wechselsystem.png\" \/>\n\t<meta property=\"og:image:width\" content=\"1600\" \/>\n\t<meta property=\"og:image:height\" content=\"1125\" \/>\n\t<meta property=\"og:image:type\" content=\"image\/png\" \/>\n<meta name=\"twitter:card\" content=\"summary_large_image\" \/>\n<meta name=\"twitter:label1\" content=\"Becs\u00fclt olvas\u00e1si id\u0151\" \/>\n\t<meta name=\"twitter:data1\" content=\"1 perc\" \/>\n<script type=\"application\/ld+json\" class=\"yoast-schema-graph\">{\"@context\":\"https:\/\/schema.org\",\"@graph\":[{\"@type\":\"WebPage\",\"@id\":\"https:\/\/www.uhl-menu.com\/hu\/produkt\/varazslatos\/\",\"url\":\"https:\/\/www.uhl-menu.com\/hu\/produkt\/varazslatos\/\",\"name\":\"Var\u00e1zslatos \u00bb Men\u00fc mappa Magic change rendszerrel - menu de Uhl\",\"isPartOf\":{\"@id\":\"https:\/\/www.uhl-menu.com\/hu\/#website\"},\"primaryImageOfPage\":{\"@id\":\"https:\/\/www.uhl-menu.com\/hu\/produkt\/varazslatos\/#primaryimage\"},\"image\":{\"@id\":\"https:\/\/www.uhl-menu.com\/hu\/produkt\/varazslatos\/#primaryimage\"},\"thumbnailUrl\":\"https:\/\/www.uhl-menu.com\/wp-content\/uploads\/.\/magic-speisekarten-mappen-mit-wechselsystem.png\",\"datePublished\":\"2021-11-25T10:29:24+00:00\",\"breadcrumb\":{\"@id\":\"https:\/\/www.uhl-menu.com\/hu\/produkt\/varazslatos\/#breadcrumb\"},\"inLanguage\":\"hu\",\"potentialAction\":[{\"@type\":\"ReadAction\",\"target\":[\"https:\/\/www.uhl-menu.com\/hu\/produkt\/varazslatos\/\"]}]},{\"@type\":\"ImageObject\",\"inLanguage\":\"hu\",\"@id\":\"https:\/\/www.uhl-menu.com\/hu\/produkt\/varazslatos\/#primaryimage\",\"url\":\"https:\/\/www.uhl-menu.com\/wp-content\/uploads\/.\/magic-speisekarten-mappen-mit-wechselsystem.png\",\"contentUrl\":\"https:\/\/www.uhl-menu.com\/wp-content\/uploads\/.\/magic-speisekarten-mappen-mit-wechselsystem.png\",\"width\":1600,\"height\":1125,\"caption\":\"Men\u00fc mappa praktikus cser\u00e9lhet\u0151 rendszerrel\"},{\"@type\":\"BreadcrumbList\",\"@id\":\"https:\/\/www.uhl-menu.com\/hu\/produkt\/varazslatos\/#breadcrumb\",\"itemListElement\":[{\"@type\":\"ListItem\",\"position\":1,\"name\":\"Startseite\",\"item\":\"https:\/\/www.uhl-menu.com\/hu\/\"},{\"@type\":\"ListItem\",\"position\":2,\"name\":\"Bolt\",\"item\":\"https:\/\/www.uhl-menu.com\/hu\/bolt\/\"},{\"@type\":\"ListItem\",\"position\":3,\"name\":\"Var\u00e1zslatos\"}]},{\"@type\":\"WebSite\",\"@id\":\"https:\/\/www.uhl-menu.com\/hu\/#website\",\"url\":\"https:\/\/www.uhl-menu.com\/hu\/\",\"name\":\"menu de Uhl\",\"description\":\"e fabricant de menus UHL, fond\u00e9 en 1982, s&#039;est donn\u00e9 d\u00e8s ses d\u00e9buts pour mission de se sp\u00e9cialiser dans les menus et les cartes des vins.\",\"publisher\":{\"@id\":\"https:\/\/www.uhl-menu.com\/hu\/#organization\"},\"potentialAction\":[{\"@type\":\"SearchAction\",\"target\":{\"@type\":\"EntryPoint\",\"urlTemplate\":\"https:\/\/www.uhl-menu.com\/hu\/?s={search_term_string}\"},\"query-input\":{\"@type\":\"PropertyValueSpecification\",\"valueRequired\":true,\"valueName\":\"search_term_string\"}}],\"inLanguage\":\"hu\"},{\"@type\":\"Organization\",\"@id\":\"https:\/\/www.uhl-menu.com\/hu\/#organization\",\"name\":\"menu de Uhl\",\"url\":\"https:\/\/www.uhl-menu.com\/hu\/\",\"logo\":{\"@type\":\"ImageObject\",\"inLanguage\":\"hu\",\"@id\":\"https:\/\/www.uhl-menu.com\/hu\/#\/schema\/logo\/image\/\",\"url\":\"https:\/\/www.uhl-menu.com\/wp-content\/uploads\/uhl-logo.png\",\"contentUrl\":\"https:\/\/www.uhl-menu.com\/wp-content\/uploads\/uhl-logo.png\",\"width\":66,\"height\":41,\"caption\":\"menu de Uhl\"},\"image\":{\"@id\":\"https:\/\/www.uhl-menu.com\/hu\/#\/schema\/logo\/image\/\"},\"sameAs\":[\"https:\/\/www.facebook.com\/uhlspeisekarten\",\"https:\/\/www.youtube.com\/channel\/UCz6fCHDC_EvIaFfibirEF8A\/videos\"]}]}<\/script>\n<!-- \/ Yoast SEO plugin. -->","yoast_head_json":{"title":"Var\u00e1zslatos \u00bb Men\u00fc mappa Magic change rendszerrel - menu de Uhl","robots":{"index":"index","follow":"follow","max-snippet":"max-snippet:-1","max-image-preview":"max-image-preview:large","max-video-preview":"max-video-preview:-1"},"canonical":"https:\/\/www.uhl-menu.com\/hu\/produkt\/varazslatos\/","og_locale":"hu_HU","og_type":"article","og_title":"Var\u00e1zslatos \u00bb Men\u00fc mappa Magic change rendszerrel - menu de Uhl","og_description":"Az UHL st\u00edlusos rendszerfejleszt\u00e9se. A k\u00fcl\u00f6n\u00f6sen eszt\u00e9tikus Magic cser\u00e9lhet\u0151 rendszer kiv\u00e1l\u00f3 min\u0151s\u00e9g\u0171 anyagokkal kombin\u00e1lva. K\u00e9t hosszanti ir\u00e1nyban elhelyezett, kiv\u00e1l\u00f3 min\u0151s\u00e9g\u0171 v\u00e1szonb\u00f3l k\u00e9sz\u00fclt ny\u00edl\u00e1s, amelyek egyben a penge tart\u00f3jak\u00e9nt \u00e9s fog\u00e1si z\u00f3nak\u00e9nt is funkcion\u00e1lnak. Az egyes bels\u0151 r\u00e9szeket szakad\u00e1s\u00e1ll\u00f3 v\u00e1szonzsan\u00e9rok k\u00f6tik \u00f6ssze. A k\u00e1rtya bor\u00edt\u00f3ja kiv\u00e1l\u00f3 min\u0151s\u00e9g\u0171, tart\u00f3s anyagb\u00f3l, p\u00e9ld\u00e1ul v\u00e1szonb\u00f3l, m\u0171-, m\u0171- vagy val\u00f3di b\u0151rb\u0151l [&hellip;]","og_url":"https:\/\/www.uhl-menu.com\/hu\/produkt\/varazslatos\/","og_site_name":"menu de Uhl","article_publisher":"https:\/\/www.facebook.com\/uhlspeisekarten","og_image":[{"width":1600,"height":1125,"url":"https:\/\/www.uhl-menu.com\/wp-content\/uploads\/.\/magic-speisekarten-mappen-mit-wechselsystem.png","type":"image\/png"}],"twitter_card":"summary_large_image","twitter_misc":{"Becs\u00fclt olvas\u00e1si id\u0151":"1 perc"},"schema":{"@context":"https:\/\/schema.org","@graph":[{"@type":"WebPage","@id":"https:\/\/www.uhl-menu.com\/hu\/produkt\/varazslatos\/","url":"https:\/\/www.uhl-menu.com\/hu\/produkt\/varazslatos\/","name":"Var\u00e1zslatos \u00bb Men\u00fc mappa Magic change rendszerrel - menu de Uhl","isPartOf":{"@id":"https:\/\/www.uhl-menu.com\/hu\/#website"},"primaryImageOfPage":{"@id":"https:\/\/www.uhl-menu.com\/hu\/produkt\/varazslatos\/#primaryimage"},"image":{"@id":"https:\/\/www.uhl-menu.com\/hu\/produkt\/varazslatos\/#primaryimage"},"thumbnailUrl":"https:\/\/www.uhl-menu.com\/wp-content\/uploads\/.\/magic-speisekarten-mappen-mit-wechselsystem.png","datePublished":"2021-11-25T10:29:24+00:00","breadcrumb":{"@id":"https:\/\/www.uhl-menu.com\/hu\/produkt\/varazslatos\/#breadcrumb"},"inLanguage":"hu","potentialAction":[{"@type":"ReadAction","target":["https:\/\/www.uhl-menu.com\/hu\/produkt\/varazslatos\/"]}]},{"@type":"ImageObject","inLanguage":"hu","@id":"https:\/\/www.uhl-menu.com\/hu\/produkt\/varazslatos\/#primaryimage","url":"https:\/\/www.uhl-menu.com\/wp-content\/uploads\/.\/magic-speisekarten-mappen-mit-wechselsystem.png","contentUrl":"https:\/\/www.uhl-menu.com\/wp-content\/uploads\/.\/magic-speisekarten-mappen-mit-wechselsystem.png","width":1600,"height":1125,"caption":"Men\u00fc mappa praktikus cser\u00e9lhet\u0151 rendszerrel"},{"@type":"BreadcrumbList","@id":"https:\/\/www.uhl-menu.com\/hu\/produkt\/varazslatos\/#breadcrumb","itemListElement":[{"@type":"ListItem","position":1,"name":"Startseite","item":"https:\/\/www.uhl-menu.com\/hu\/"},{"@type":"ListItem","position":2,"name":"Bolt","item":"https:\/\/www.uhl-menu.com\/hu\/bolt\/"},{"@type":"ListItem","position":3,"name":"Var\u00e1zslatos"}]},{"@type":"WebSite","@id":"https:\/\/www.uhl-menu.com\/hu\/#website","url":"https:\/\/www.uhl-menu.com\/hu\/","name":"menu de Uhl","description":"e fabricant de menus UHL, fond\u00e9 en 1982, s&#039;est donn\u00e9 d\u00e8s ses d\u00e9buts pour mission de se sp\u00e9cialiser dans les menus et les cartes des vins.","publisher":{"@id":"https:\/\/www.uhl-menu.com\/hu\/#organization"},"potentialAction":[{"@type":"SearchAction","target":{"@type":"EntryPoint","urlTemplate":"https:\/\/www.uhl-menu.com\/hu\/?s={search_term_string}"},"query-input":{"@type":"PropertyValueSpecification","valueRequired":true,"valueName":"search_term_string"}}],"inLanguage":"hu"},{"@type":"Organization","@id":"https:\/\/www.uhl-menu.com\/hu\/#organization","name":"menu de Uhl","url":"https:\/\/www.uhl-menu.com\/hu\/","logo":{"@type":"ImageObject","inLanguage":"hu","@id":"https:\/\/www.uhl-menu.com\/hu\/#\/schema\/logo\/image\/","url":"https:\/\/www.uhl-menu.com\/wp-content\/uploads\/uhl-logo.png","contentUrl":"https:\/\/www.uhl-menu.com\/wp-content\/uploads\/uhl-logo.png","width":66,"height":41,"caption":"menu de Uhl"},"image":{"@id":"https:\/\/www.uhl-menu.com\/hu\/#\/schema\/logo\/image\/"},"sameAs":["https:\/\/www.facebook.com\/uhlspeisekarten","https:\/\/www.youtube.com\/channel\/UCz6fCHDC_EvIaFfibirEF8A\/videos"]}]}},"_links":{"self":[{"href":"https:\/\/www.uhl-menu.com\/hu\/wp-json\/wp\/v2\/product\/71317","targetHints":{"allow":["GET"]}}],"collection":[{"href":"https:\/\/www.uhl-menu.com\/hu\/wp-json\/wp\/v2\/product"}],"about":[{"href":"https:\/\/www.uhl-menu.com\/hu\/wp-json\/wp\/v2\/types\/product"}],"wp:featuredmedia":[{"embeddable":true,"href":"https:\/\/www.uhl-menu.com\/hu\/wp-json\/wp\/v2\/media\/68926"}],"wp:attachment":[{"href":"https:\/\/www.uhl-menu.com\/hu\/wp-json\/wp\/v2\/media?parent=71317"}],"wp:term":[{"taxonomy":"product_brand","embeddable":true,"href":"https:\/\/www.uhl-menu.com\/hu\/wp-json\/wp\/v2\/product_brand?post=71317"},{"taxonomy":"product_cat","embeddable":true,"href":"https:\/\/www.uhl-menu.com\/hu\/wp-json\/wp\/v2\/product_cat?post=71317"},{"taxonomy":"product_tag","embeddable":true,"href":"https:\/\/www.uhl-menu.com\/hu\/wp-json\/wp\/v2\/product_tag?post=71317"}],"curies":[{"name":"wp","href":"https:\/\/api.w.org\/{rel}","templated":true}]}}