{"id":71482,"date":"2021-11-25T12:35:01","date_gmt":"2021-11-25T11:35:01","guid":{"rendered":"https:\/\/www.uhl-menu.com\/produkt\/vezeto-folia\/"},"modified":"2021-11-25T12:35:01","modified_gmt":"2021-11-25T11:35:01","slug":"vezeto-folia","status":"publish","type":"product","link":"https:\/\/www.uhl-menu.com\/hu\/produkt\/vezeto-folia\/","title":{"rendered":"Vezet\u0151 f\u00f3lia"},"content":{"rendered":"<p>A Leading Foil men\u00fc vagy borlap egy bek\u00f6t\u00f6tt k\u00e1rtya, \u00e9s tetsz\u0151leges oldalsz\u00e1mmal k\u00e9sz\u00edthet\u0151. A Leading modellhez hasonl\u00f3an mind a meger\u0151s\u00edtett bor\u00edt\u00f3, mind a bels\u0151 t\u00fck\u00f6r minden sz\u00e9le z\u00e1rt, azaz nincsenek v\u00e1gott \u00e9lek, ahov\u00e1 szennyez\u0151d\u00e9s vagy nedvess\u00e9g behatolhatna. Azonban ennek a k\u00e1rty\u00e1nak a bels\u0151 t\u00fck\u00f6r\u00e9t is kiv\u00e1l\u00f3 min\u0151s\u00e9g\u0171 v\u00e1szonsz\u00f6vet\u00fcnkkel bor\u00edtjuk.  <\/p>\n<p>A k\u00e1rtya bels\u0151 r\u00e9sze szil\u00e1rdan integr\u00e1lt kem\u00e9nyf\u00f3li\u00e1s elemekb\u0151l \u00e1ll, sz\u00ednes paszpartouttal, ablakos megjelen\u00e9ssel, amelyek minden\u00fctt t\u00f6k\u00e9letesen v\u00e9dik a men\u00fcoldalakat. A kiv\u00e1l\u00f3 min\u0151s\u00e9g\u0171 elemeket keskeny, szakad\u00e1s\u00e1ll\u00f3 v\u00e1szonp\u00e1ntok k\u00f6tik \u00f6ssze, \u00e9s k\u00f6r\u00f6s-k\u00f6r\u00fcl sz\u00ednes szeg\u00e9llyel rendelkeznek, amelyeket r\u00e9z, ez\u00fcst \u00e9s kr\u00e9m sz\u00ednben k\u00edn\u00e1lunk. <\/p>\n","protected":false},"excerpt":{"rendered":"<p>A Leading Foil men\u00fc vagy borlap egy bek\u00f6t\u00f6tt k\u00e1rtya, \u00e9s tetsz\u0151leges oldalsz\u00e1mmal k\u00e9sz\u00edthet\u0151. A Leading modellhez hasonl\u00f3an mind a meger\u0151s\u00edtett bor\u00edt\u00f3, mind a bels\u0151 t\u00fck\u00f6r minden sz\u00e9le z\u00e1rt, azaz nincsenek v\u00e1gott \u00e9lek, ahov\u00e1 szennyez\u0151d\u00e9s vagy nedvess\u00e9g behatolhatna. Azonban ennek a k\u00e1rty\u00e1nak a bels\u0151 t\u00fck\u00f6r\u00e9t is kiv\u00e1l\u00f3 min\u0151s\u00e9g\u0171 v\u00e1szonsz\u00f6vet\u00fcnkkel bor\u00edtjuk. A k\u00e1rtya bels\u0151 r\u00e9sze szil\u00e1rdan integr\u00e1lt [&hellip;]<\/p>\n","protected":false},"featured_media":71498,"template":"","meta":{"_acf_changed":false},"product_brand":[],"product_cat":[1559,1498,1514,1511,1509,1543,1586,1512,1585,1516,1583,1513,1501,1500],"product_tag":[],"class_list":{"0":"post-71482","1":"product","2":"type-product","3":"status-publish","4":"has-post-thumbnail","6":"product_cat-barkartyak","7":"product_cat-borkinalat","8":"product_cat-borutanzat","9":"product_cat-erzeketlen-a-zsirra","10":"product_cat-kemenyfedeles","11":"product_cat-koetelezett","12":"product_cat-kuelteri","13":"product_cat-menuek","14":"product_cat-merev-foliak","15":"product_cat-szintetizator-anyag","16":"product_cat-toebboldalas","17":"product_cat-valodi-bor","18":"product_cat-vaszon","19":"product_cat-vizlepergeto","20":"pa_format-a4-es-portre-eseten","21":"pa_format-a5-magassagu","22":"tm-has-options","24":"first","25":"instock","26":"taxable","27":"shipping-taxable","28":"purchasable","29":"product-type-variable"},"acf":[],"yoast_head":"<!-- This site is optimized with the Yoast SEO plugin v26.0 - https:\/\/yoast.com\/wordpress\/plugins\/seo\/ -->\n<title>Vezet\u0151 f\u00f3lia \u00bb Men\u00fck\u00e1rtya r\u00f6gz\u00edtett f\u00f3li\u00e1s bels\u0151vel - menu de Uhl<\/title>\n<meta name=\"robots\" content=\"index, follow, max-snippet:-1, max-image-preview:large, max-video-preview:-1\" \/>\n<link rel=\"canonical\" href=\"https:\/\/www.uhl-menu.com\/hu\/produkt\/vezeto-folia\/\" \/>\n<meta property=\"og:locale\" content=\"hu_HU\" \/>\n<meta property=\"og:type\" content=\"article\" \/>\n<meta property=\"og:title\" content=\"Vezet\u0151 f\u00f3lia \u00bb Men\u00fck\u00e1rtya r\u00f6gz\u00edtett f\u00f3li\u00e1s bels\u0151vel - menu de Uhl\" \/>\n<meta property=\"og:description\" content=\"A Leading Foil men\u00fc vagy borlap egy bek\u00f6t\u00f6tt k\u00e1rtya, \u00e9s tetsz\u0151leges oldalsz\u00e1mmal k\u00e9sz\u00edthet\u0151. A Leading modellhez hasonl\u00f3an mind a meger\u0151s\u00edtett bor\u00edt\u00f3, mind a bels\u0151 t\u00fck\u00f6r minden sz\u00e9le z\u00e1rt, azaz nincsenek v\u00e1gott \u00e9lek, ahov\u00e1 szennyez\u0151d\u00e9s vagy nedvess\u00e9g behatolhatna. Azonban ennek a k\u00e1rty\u00e1nak a bels\u0151 t\u00fck\u00f6r\u00e9t is kiv\u00e1l\u00f3 min\u0151s\u00e9g\u0171 v\u00e1szonsz\u00f6vet\u00fcnkkel bor\u00edtjuk. A k\u00e1rtya bels\u0151 r\u00e9sze szil\u00e1rdan integr\u00e1lt [&hellip;]\" \/>\n<meta property=\"og:url\" content=\"https:\/\/www.uhl-menu.com\/hu\/produkt\/vezeto-folia\/\" \/>\n<meta property=\"og:site_name\" content=\"menu de Uhl\" \/>\n<meta property=\"article:publisher\" content=\"https:\/\/www.facebook.com\/uhlspeisekarten\" \/>\n<meta property=\"og:image\" content=\"https:\/\/www.uhl-menu.com\/wp-content\/uploads\/leading-foil-speisekarte-mit-festem-folien-innenteil.png\" \/>\n\t<meta property=\"og:image:width\" content=\"1600\" \/>\n\t<meta property=\"og:image:height\" content=\"1125\" \/>\n\t<meta property=\"og:image:type\" content=\"image\/png\" \/>\n<meta name=\"twitter:card\" content=\"summary_large_image\" \/>\n<meta name=\"twitter:label1\" content=\"Becs\u00fclt olvas\u00e1si id\u0151\" \/>\n\t<meta name=\"twitter:data1\" content=\"1 perc\" \/>\n<script type=\"application\/ld+json\" class=\"yoast-schema-graph\">{\"@context\":\"https:\/\/schema.org\",\"@graph\":[{\"@type\":\"WebPage\",\"@id\":\"https:\/\/www.uhl-menu.com\/hu\/produkt\/vezeto-folia\/\",\"url\":\"https:\/\/www.uhl-menu.com\/hu\/produkt\/vezeto-folia\/\",\"name\":\"Vezet\u0151 f\u00f3lia \u00bb Men\u00fck\u00e1rtya r\u00f6gz\u00edtett f\u00f3li\u00e1s bels\u0151vel - menu de Uhl\",\"isPartOf\":{\"@id\":\"https:\/\/www.uhl-menu.com\/hu\/#website\"},\"primaryImageOfPage\":{\"@id\":\"https:\/\/www.uhl-menu.com\/hu\/produkt\/vezeto-folia\/#primaryimage\"},\"image\":{\"@id\":\"https:\/\/www.uhl-menu.com\/hu\/produkt\/vezeto-folia\/#primaryimage\"},\"thumbnailUrl\":\"https:\/\/www.uhl-menu.com\/wp-content\/uploads\/leading-foil-speisekarte-mit-festem-folien-innenteil.png\",\"datePublished\":\"2021-11-25T11:35:01+00:00\",\"breadcrumb\":{\"@id\":\"https:\/\/www.uhl-menu.com\/hu\/produkt\/vezeto-folia\/#breadcrumb\"},\"inLanguage\":\"hu\",\"potentialAction\":[{\"@type\":\"ReadAction\",\"target\":[\"https:\/\/www.uhl-menu.com\/hu\/produkt\/vezeto-folia\/\"]}]},{\"@type\":\"ImageObject\",\"inLanguage\":\"hu\",\"@id\":\"https:\/\/www.uhl-menu.com\/hu\/produkt\/vezeto-folia\/#primaryimage\",\"url\":\"https:\/\/www.uhl-menu.com\/wp-content\/uploads\/leading-foil-speisekarte-mit-festem-folien-innenteil.png\",\"contentUrl\":\"https:\/\/www.uhl-menu.com\/wp-content\/uploads\/leading-foil-speisekarte-mit-festem-folien-innenteil.png\",\"width\":1600,\"height\":1125,\"caption\":\"Gebundene Speisekarten-Mappe mit festem Folien-Innenteil: Modell Leading Foil\"},{\"@type\":\"BreadcrumbList\",\"@id\":\"https:\/\/www.uhl-menu.com\/hu\/produkt\/vezeto-folia\/#breadcrumb\",\"itemListElement\":[{\"@type\":\"ListItem\",\"position\":1,\"name\":\"Startseite\",\"item\":\"https:\/\/www.uhl-menu.com\/hu\/\"},{\"@type\":\"ListItem\",\"position\":2,\"name\":\"Bolt\",\"item\":\"https:\/\/www.uhl-menu.com\/hu\/bolt\/\"},{\"@type\":\"ListItem\",\"position\":3,\"name\":\"Vezet\u0151 f\u00f3lia\"}]},{\"@type\":\"WebSite\",\"@id\":\"https:\/\/www.uhl-menu.com\/hu\/#website\",\"url\":\"https:\/\/www.uhl-menu.com\/hu\/\",\"name\":\"menu de Uhl\",\"description\":\"e fabricant de menus UHL, fond\u00e9 en 1982, s&#039;est donn\u00e9 d\u00e8s ses d\u00e9buts pour mission de se sp\u00e9cialiser dans les menus et les cartes des vins.\",\"publisher\":{\"@id\":\"https:\/\/www.uhl-menu.com\/hu\/#organization\"},\"potentialAction\":[{\"@type\":\"SearchAction\",\"target\":{\"@type\":\"EntryPoint\",\"urlTemplate\":\"https:\/\/www.uhl-menu.com\/hu\/?s={search_term_string}\"},\"query-input\":{\"@type\":\"PropertyValueSpecification\",\"valueRequired\":true,\"valueName\":\"search_term_string\"}}],\"inLanguage\":\"hu\"},{\"@type\":\"Organization\",\"@id\":\"https:\/\/www.uhl-menu.com\/hu\/#organization\",\"name\":\"menu de Uhl\",\"url\":\"https:\/\/www.uhl-menu.com\/hu\/\",\"logo\":{\"@type\":\"ImageObject\",\"inLanguage\":\"hu\",\"@id\":\"https:\/\/www.uhl-menu.com\/hu\/#\/schema\/logo\/image\/\",\"url\":\"https:\/\/www.uhl-menu.com\/wp-content\/uploads\/uhl-logo.png\",\"contentUrl\":\"https:\/\/www.uhl-menu.com\/wp-content\/uploads\/uhl-logo.png\",\"width\":66,\"height\":41,\"caption\":\"menu de Uhl\"},\"image\":{\"@id\":\"https:\/\/www.uhl-menu.com\/hu\/#\/schema\/logo\/image\/\"},\"sameAs\":[\"https:\/\/www.facebook.com\/uhlspeisekarten\",\"https:\/\/www.youtube.com\/channel\/UCz6fCHDC_EvIaFfibirEF8A\/videos\"]}]}<\/script>\n<!-- \/ Yoast SEO plugin. -->","yoast_head_json":{"title":"Vezet\u0151 f\u00f3lia \u00bb Men\u00fck\u00e1rtya r\u00f6gz\u00edtett f\u00f3li\u00e1s bels\u0151vel - menu de Uhl","robots":{"index":"index","follow":"follow","max-snippet":"max-snippet:-1","max-image-preview":"max-image-preview:large","max-video-preview":"max-video-preview:-1"},"canonical":"https:\/\/www.uhl-menu.com\/hu\/produkt\/vezeto-folia\/","og_locale":"hu_HU","og_type":"article","og_title":"Vezet\u0151 f\u00f3lia \u00bb Men\u00fck\u00e1rtya r\u00f6gz\u00edtett f\u00f3li\u00e1s bels\u0151vel - menu de Uhl","og_description":"A Leading Foil men\u00fc vagy borlap egy bek\u00f6t\u00f6tt k\u00e1rtya, \u00e9s tetsz\u0151leges oldalsz\u00e1mmal k\u00e9sz\u00edthet\u0151. A Leading modellhez hasonl\u00f3an mind a meger\u0151s\u00edtett bor\u00edt\u00f3, mind a bels\u0151 t\u00fck\u00f6r minden sz\u00e9le z\u00e1rt, azaz nincsenek v\u00e1gott \u00e9lek, ahov\u00e1 szennyez\u0151d\u00e9s vagy nedvess\u00e9g behatolhatna. Azonban ennek a k\u00e1rty\u00e1nak a bels\u0151 t\u00fck\u00f6r\u00e9t is kiv\u00e1l\u00f3 min\u0151s\u00e9g\u0171 v\u00e1szonsz\u00f6vet\u00fcnkkel bor\u00edtjuk. A k\u00e1rtya bels\u0151 r\u00e9sze szil\u00e1rdan integr\u00e1lt [&hellip;]","og_url":"https:\/\/www.uhl-menu.com\/hu\/produkt\/vezeto-folia\/","og_site_name":"menu de Uhl","article_publisher":"https:\/\/www.facebook.com\/uhlspeisekarten","og_image":[{"width":1600,"height":1125,"url":"https:\/\/www.uhl-menu.com\/wp-content\/uploads\/leading-foil-speisekarte-mit-festem-folien-innenteil.png","type":"image\/png"}],"twitter_card":"summary_large_image","twitter_misc":{"Becs\u00fclt olvas\u00e1si id\u0151":"1 perc"},"schema":{"@context":"https:\/\/schema.org","@graph":[{"@type":"WebPage","@id":"https:\/\/www.uhl-menu.com\/hu\/produkt\/vezeto-folia\/","url":"https:\/\/www.uhl-menu.com\/hu\/produkt\/vezeto-folia\/","name":"Vezet\u0151 f\u00f3lia \u00bb Men\u00fck\u00e1rtya r\u00f6gz\u00edtett f\u00f3li\u00e1s bels\u0151vel - menu de Uhl","isPartOf":{"@id":"https:\/\/www.uhl-menu.com\/hu\/#website"},"primaryImageOfPage":{"@id":"https:\/\/www.uhl-menu.com\/hu\/produkt\/vezeto-folia\/#primaryimage"},"image":{"@id":"https:\/\/www.uhl-menu.com\/hu\/produkt\/vezeto-folia\/#primaryimage"},"thumbnailUrl":"https:\/\/www.uhl-menu.com\/wp-content\/uploads\/leading-foil-speisekarte-mit-festem-folien-innenteil.png","datePublished":"2021-11-25T11:35:01+00:00","breadcrumb":{"@id":"https:\/\/www.uhl-menu.com\/hu\/produkt\/vezeto-folia\/#breadcrumb"},"inLanguage":"hu","potentialAction":[{"@type":"ReadAction","target":["https:\/\/www.uhl-menu.com\/hu\/produkt\/vezeto-folia\/"]}]},{"@type":"ImageObject","inLanguage":"hu","@id":"https:\/\/www.uhl-menu.com\/hu\/produkt\/vezeto-folia\/#primaryimage","url":"https:\/\/www.uhl-menu.com\/wp-content\/uploads\/leading-foil-speisekarte-mit-festem-folien-innenteil.png","contentUrl":"https:\/\/www.uhl-menu.com\/wp-content\/uploads\/leading-foil-speisekarte-mit-festem-folien-innenteil.png","width":1600,"height":1125,"caption":"Gebundene Speisekarten-Mappe mit festem Folien-Innenteil: Modell Leading Foil"},{"@type":"BreadcrumbList","@id":"https:\/\/www.uhl-menu.com\/hu\/produkt\/vezeto-folia\/#breadcrumb","itemListElement":[{"@type":"ListItem","position":1,"name":"Startseite","item":"https:\/\/www.uhl-menu.com\/hu\/"},{"@type":"ListItem","position":2,"name":"Bolt","item":"https:\/\/www.uhl-menu.com\/hu\/bolt\/"},{"@type":"ListItem","position":3,"name":"Vezet\u0151 f\u00f3lia"}]},{"@type":"WebSite","@id":"https:\/\/www.uhl-menu.com\/hu\/#website","url":"https:\/\/www.uhl-menu.com\/hu\/","name":"menu de Uhl","description":"e fabricant de menus UHL, fond\u00e9 en 1982, s&#039;est donn\u00e9 d\u00e8s ses d\u00e9buts pour mission de se sp\u00e9cialiser dans les menus et les cartes des vins.","publisher":{"@id":"https:\/\/www.uhl-menu.com\/hu\/#organization"},"potentialAction":[{"@type":"SearchAction","target":{"@type":"EntryPoint","urlTemplate":"https:\/\/www.uhl-menu.com\/hu\/?s={search_term_string}"},"query-input":{"@type":"PropertyValueSpecification","valueRequired":true,"valueName":"search_term_string"}}],"inLanguage":"hu"},{"@type":"Organization","@id":"https:\/\/www.uhl-menu.com\/hu\/#organization","name":"menu de Uhl","url":"https:\/\/www.uhl-menu.com\/hu\/","logo":{"@type":"ImageObject","inLanguage":"hu","@id":"https:\/\/www.uhl-menu.com\/hu\/#\/schema\/logo\/image\/","url":"https:\/\/www.uhl-menu.com\/wp-content\/uploads\/uhl-logo.png","contentUrl":"https:\/\/www.uhl-menu.com\/wp-content\/uploads\/uhl-logo.png","width":66,"height":41,"caption":"menu de Uhl"},"image":{"@id":"https:\/\/www.uhl-menu.com\/hu\/#\/schema\/logo\/image\/"},"sameAs":["https:\/\/www.facebook.com\/uhlspeisekarten","https:\/\/www.youtube.com\/channel\/UCz6fCHDC_EvIaFfibirEF8A\/videos"]}]}},"_links":{"self":[{"href":"https:\/\/www.uhl-menu.com\/hu\/wp-json\/wp\/v2\/product\/71482","targetHints":{"allow":["GET"]}}],"collection":[{"href":"https:\/\/www.uhl-menu.com\/hu\/wp-json\/wp\/v2\/product"}],"about":[{"href":"https:\/\/www.uhl-menu.com\/hu\/wp-json\/wp\/v2\/types\/product"}],"wp:featuredmedia":[{"embeddable":true,"href":"https:\/\/www.uhl-menu.com\/hu\/wp-json\/wp\/v2\/media\/71498"}],"wp:attachment":[{"href":"https:\/\/www.uhl-menu.com\/hu\/wp-json\/wp\/v2\/media?parent=71482"}],"wp:term":[{"taxonomy":"product_brand","embeddable":true,"href":"https:\/\/www.uhl-menu.com\/hu\/wp-json\/wp\/v2\/product_brand?post=71482"},{"taxonomy":"product_cat","embeddable":true,"href":"https:\/\/www.uhl-menu.com\/hu\/wp-json\/wp\/v2\/product_cat?post=71482"},{"taxonomy":"product_tag","embeddable":true,"href":"https:\/\/www.uhl-menu.com\/hu\/wp-json\/wp\/v2\/product_tag?post=71482"}],"curies":[{"name":"wp","href":"https:\/\/api.w.org\/{rel}","templated":true}]}}