{"id":71640,"date":"2021-11-25T13:12:59","date_gmt":"2021-11-25T12:12:59","guid":{"rendered":"https:\/\/www.uhl-menu.com\/produkt\/slot-kartya-2-oldalas\/"},"modified":"2021-11-25T13:12:59","modified_gmt":"2021-11-25T12:12:59","slug":"slot-kartya-2-oldalas","status":"publish","type":"product","link":"https:\/\/www.uhl-menu.com\/hu\/produkt\/slot-kartya-2-oldalas\/","title":{"rendered":"Slot k\u00e1rtya 2 oldalas"},"content":{"rendered":"<p>Slot k\u00e1rty\u00e1nk nemcsak eleg\u00e1ns, hanem praktikus is: A kiv\u00e1l\u00f3 min\u0151s\u00e9g\u0171 anyagb\u00f3l k\u00e9sz\u00fclt, tetszet\u0151s d\u00edszvarr\u00e1ssal ell\u00e1tott bor\u00edt\u00f3 mellett a bels\u0151 oldalak tetej\u00e9n \u00e9s alj\u00e1n tal\u00e1lhat\u00f3 v\u00edzszintes bet\u00e9tf\u00fclek biztos\u00edtj\u00e1k a bet\u00e9tek gyors cser\u00e9j\u00e9t.<\/p>\n<p>Legyen sz\u00f3 napi aj\u00e1nl\u00e1sr\u00f3l vagy szezon\u00e1lis men\u00fcr\u0151l &#8211; \u00d6n mindig rugalmas, ak\u00e1rcsak az \u00e9tkez\u00e9si aj\u00e1nlat. Slotk\u00e1rty\u00e1ink az eleg\u00e1ns designt, a k\u00f6nny\u0171 kezelhet\u0151s\u00e9get \u00e9s a nagyfok\u00fa ellen\u00e1ll\u00f3k\u00e9pess\u00e9get \u00f6tv\u00f6zik. <\/p>\n","protected":false},"excerpt":{"rendered":"<p>Slot k\u00e1rty\u00e1nk nemcsak eleg\u00e1ns, hanem praktikus is: A kiv\u00e1l\u00f3 min\u0151s\u00e9g\u0171 anyagb\u00f3l k\u00e9sz\u00fclt, tetszet\u0151s d\u00edszvarr\u00e1ssal ell\u00e1tott bor\u00edt\u00f3 mellett a bels\u0151 oldalak tetej\u00e9n \u00e9s alj\u00e1n tal\u00e1lhat\u00f3 v\u00edzszintes bet\u00e9tf\u00fclek biztos\u00edtj\u00e1k a bet\u00e9tek gyors cser\u00e9j\u00e9t. Legyen sz\u00f3 napi aj\u00e1nl\u00e1sr\u00f3l vagy szezon\u00e1lis men\u00fcr\u0151l &#8211; \u00d6n mindig rugalmas, ak\u00e1rcsak az \u00e9tkez\u00e9si aj\u00e1nlat. Slotk\u00e1rty\u00e1ink az eleg\u00e1ns designt, a k\u00f6nny\u0171 kezelhet\u0151s\u00e9get \u00e9s a [&hellip;]<\/p>\n","protected":false},"featured_media":72162,"template":"","meta":{"_acf_changed":false},"product_brand":[],"product_cat":[1530,1523,1542,1514,1511,1509,1543,1512,1516,1583,1513,1501,1500],"product_tag":[],"class_list":{"0":"post-71640","1":"product","2":"type-product","3":"status-publish","4":"has-post-thumbnail","6":"product_cat-1-oldalas","7":"product_cat-2-oldalas","8":"product_cat-3-oldalas","9":"product_cat-borutanzat","10":"product_cat-erzeketlen-a-zsirra","11":"product_cat-kemenyfedeles","12":"product_cat-koetelezett","13":"product_cat-menuek","14":"product_cat-szintetizator-anyag","15":"product_cat-toebboldalas","16":"product_cat-valodi-bor","17":"product_cat-vaszon","18":"product_cat-vizlepergeto","19":"pa_format-l-11x11x30-hu","20":"pa_format-m-11x11x21-hu","21":"pa_format-s-11x11x15-hu","22":"tm-has-options","24":"first","25":"instock","26":"taxable","27":"shipping-taxable","28":"purchasable","29":"product-type-variable"},"acf":[],"yoast_head":"<!-- This site is optimized with the Yoast SEO plugin v26.0 - https:\/\/yoast.com\/wordpress\/plugins\/seo\/ -->\n<title>Slot k\u00e1rtya 2 oldalas \u00bb Men\u00fc mappa r\u00e9srendszerrel - menu de Uhl<\/title>\n<meta name=\"robots\" content=\"index, follow, max-snippet:-1, max-image-preview:large, max-video-preview:-1\" \/>\n<link rel=\"canonical\" href=\"https:\/\/www.uhl-menu.com\/hu\/produkt\/slot-kartya-2-oldalas\/\" \/>\n<meta property=\"og:locale\" content=\"hu_HU\" \/>\n<meta property=\"og:type\" content=\"article\" \/>\n<meta property=\"og:title\" content=\"Slot k\u00e1rtya 2 oldalas \u00bb Men\u00fc mappa r\u00e9srendszerrel - menu de Uhl\" \/>\n<meta property=\"og:description\" content=\"Slot k\u00e1rty\u00e1nk nemcsak eleg\u00e1ns, hanem praktikus is: A kiv\u00e1l\u00f3 min\u0151s\u00e9g\u0171 anyagb\u00f3l k\u00e9sz\u00fclt, tetszet\u0151s d\u00edszvarr\u00e1ssal ell\u00e1tott bor\u00edt\u00f3 mellett a bels\u0151 oldalak tetej\u00e9n \u00e9s alj\u00e1n tal\u00e1lhat\u00f3 v\u00edzszintes bet\u00e9tf\u00fclek biztos\u00edtj\u00e1k a bet\u00e9tek gyors cser\u00e9j\u00e9t. Legyen sz\u00f3 napi aj\u00e1nl\u00e1sr\u00f3l vagy szezon\u00e1lis men\u00fcr\u0151l &#8211; \u00d6n mindig rugalmas, ak\u00e1rcsak az \u00e9tkez\u00e9si aj\u00e1nlat. Slotk\u00e1rty\u00e1ink az eleg\u00e1ns designt, a k\u00f6nny\u0171 kezelhet\u0151s\u00e9get \u00e9s a [&hellip;]\" \/>\n<meta property=\"og:url\" content=\"https:\/\/www.uhl-menu.com\/hu\/produkt\/slot-kartya-2-oldalas\/\" \/>\n<meta property=\"og:site_name\" content=\"menu de Uhl\" \/>\n<meta property=\"article:publisher\" content=\"https:\/\/www.facebook.com\/uhlspeisekarten\" \/>\n<meta property=\"og:image\" content=\"https:\/\/www.uhl-menu.com\/wp-content\/uploads\/slotkarte-speisekarten-mappe-mit-slot-system.png\" \/>\n\t<meta property=\"og:image:width\" content=\"1600\" \/>\n\t<meta property=\"og:image:height\" content=\"1125\" \/>\n\t<meta property=\"og:image:type\" content=\"image\/png\" \/>\n<meta name=\"twitter:card\" content=\"summary_large_image\" \/>\n<meta name=\"twitter:label1\" content=\"Becs\u00fclt olvas\u00e1si id\u0151\" \/>\n\t<meta name=\"twitter:data1\" content=\"1 perc\" \/>\n<script type=\"application\/ld+json\" class=\"yoast-schema-graph\">{\"@context\":\"https:\/\/schema.org\",\"@graph\":[{\"@type\":\"WebPage\",\"@id\":\"https:\/\/www.uhl-menu.com\/hu\/produkt\/slot-kartya-2-oldalas\/\",\"url\":\"https:\/\/www.uhl-menu.com\/hu\/produkt\/slot-kartya-2-oldalas\/\",\"name\":\"Slot k\u00e1rtya 2 oldalas \u00bb Men\u00fc mappa r\u00e9srendszerrel - menu de Uhl\",\"isPartOf\":{\"@id\":\"https:\/\/www.uhl-menu.com\/hu\/#website\"},\"primaryImageOfPage\":{\"@id\":\"https:\/\/www.uhl-menu.com\/hu\/produkt\/slot-kartya-2-oldalas\/#primaryimage\"},\"image\":{\"@id\":\"https:\/\/www.uhl-menu.com\/hu\/produkt\/slot-kartya-2-oldalas\/#primaryimage\"},\"thumbnailUrl\":\"https:\/\/www.uhl-menu.com\/wp-content\/uploads\/slotkarte-speisekarten-mappe-mit-slot-system.png\",\"datePublished\":\"2021-11-25T12:12:59+00:00\",\"breadcrumb\":{\"@id\":\"https:\/\/www.uhl-menu.com\/hu\/produkt\/slot-kartya-2-oldalas\/#breadcrumb\"},\"inLanguage\":\"hu\",\"potentialAction\":[{\"@type\":\"ReadAction\",\"target\":[\"https:\/\/www.uhl-menu.com\/hu\/produkt\/slot-kartya-2-oldalas\/\"]}]},{\"@type\":\"ImageObject\",\"inLanguage\":\"hu\",\"@id\":\"https:\/\/www.uhl-menu.com\/hu\/produkt\/slot-kartya-2-oldalas\/#primaryimage\",\"url\":\"https:\/\/www.uhl-menu.com\/wp-content\/uploads\/slotkarte-speisekarten-mappe-mit-slot-system.png\",\"contentUrl\":\"https:\/\/www.uhl-menu.com\/wp-content\/uploads\/slotkarte-speisekarten-mappe-mit-slot-system.png\",\"width\":1600,\"height\":1125,\"caption\":\"Praktische Speisekarte mit waagrechten Einschublaschen: Modell Slotkarte 2-seitig\"},{\"@type\":\"BreadcrumbList\",\"@id\":\"https:\/\/www.uhl-menu.com\/hu\/produkt\/slot-kartya-2-oldalas\/#breadcrumb\",\"itemListElement\":[{\"@type\":\"ListItem\",\"position\":1,\"name\":\"Startseite\",\"item\":\"https:\/\/www.uhl-menu.com\/hu\/\"},{\"@type\":\"ListItem\",\"position\":2,\"name\":\"Bolt\",\"item\":\"https:\/\/www.uhl-menu.com\/hu\/bolt\/\"},{\"@type\":\"ListItem\",\"position\":3,\"name\":\"Slot k\u00e1rtya 2 oldalas\"}]},{\"@type\":\"WebSite\",\"@id\":\"https:\/\/www.uhl-menu.com\/hu\/#website\",\"url\":\"https:\/\/www.uhl-menu.com\/hu\/\",\"name\":\"menu de Uhl\",\"description\":\"e fabricant de menus UHL, fond\u00e9 en 1982, s&#039;est donn\u00e9 d\u00e8s ses d\u00e9buts pour mission de se sp\u00e9cialiser dans les menus et les cartes des vins.\",\"publisher\":{\"@id\":\"https:\/\/www.uhl-menu.com\/hu\/#organization\"},\"potentialAction\":[{\"@type\":\"SearchAction\",\"target\":{\"@type\":\"EntryPoint\",\"urlTemplate\":\"https:\/\/www.uhl-menu.com\/hu\/?s={search_term_string}\"},\"query-input\":{\"@type\":\"PropertyValueSpecification\",\"valueRequired\":true,\"valueName\":\"search_term_string\"}}],\"inLanguage\":\"hu\"},{\"@type\":\"Organization\",\"@id\":\"https:\/\/www.uhl-menu.com\/hu\/#organization\",\"name\":\"menu de Uhl\",\"url\":\"https:\/\/www.uhl-menu.com\/hu\/\",\"logo\":{\"@type\":\"ImageObject\",\"inLanguage\":\"hu\",\"@id\":\"https:\/\/www.uhl-menu.com\/hu\/#\/schema\/logo\/image\/\",\"url\":\"https:\/\/www.uhl-menu.com\/wp-content\/uploads\/uhl-logo.png\",\"contentUrl\":\"https:\/\/www.uhl-menu.com\/wp-content\/uploads\/uhl-logo.png\",\"width\":66,\"height\":41,\"caption\":\"menu de Uhl\"},\"image\":{\"@id\":\"https:\/\/www.uhl-menu.com\/hu\/#\/schema\/logo\/image\/\"},\"sameAs\":[\"https:\/\/www.facebook.com\/uhlspeisekarten\",\"https:\/\/www.youtube.com\/channel\/UCz6fCHDC_EvIaFfibirEF8A\/videos\"]}]}<\/script>\n<!-- \/ Yoast SEO plugin. -->","yoast_head_json":{"title":"Slot k\u00e1rtya 2 oldalas \u00bb Men\u00fc mappa r\u00e9srendszerrel - menu de Uhl","robots":{"index":"index","follow":"follow","max-snippet":"max-snippet:-1","max-image-preview":"max-image-preview:large","max-video-preview":"max-video-preview:-1"},"canonical":"https:\/\/www.uhl-menu.com\/hu\/produkt\/slot-kartya-2-oldalas\/","og_locale":"hu_HU","og_type":"article","og_title":"Slot k\u00e1rtya 2 oldalas \u00bb Men\u00fc mappa r\u00e9srendszerrel - menu de Uhl","og_description":"Slot k\u00e1rty\u00e1nk nemcsak eleg\u00e1ns, hanem praktikus is: A kiv\u00e1l\u00f3 min\u0151s\u00e9g\u0171 anyagb\u00f3l k\u00e9sz\u00fclt, tetszet\u0151s d\u00edszvarr\u00e1ssal ell\u00e1tott bor\u00edt\u00f3 mellett a bels\u0151 oldalak tetej\u00e9n \u00e9s alj\u00e1n tal\u00e1lhat\u00f3 v\u00edzszintes bet\u00e9tf\u00fclek biztos\u00edtj\u00e1k a bet\u00e9tek gyors cser\u00e9j\u00e9t. Legyen sz\u00f3 napi aj\u00e1nl\u00e1sr\u00f3l vagy szezon\u00e1lis men\u00fcr\u0151l &#8211; \u00d6n mindig rugalmas, ak\u00e1rcsak az \u00e9tkez\u00e9si aj\u00e1nlat. Slotk\u00e1rty\u00e1ink az eleg\u00e1ns designt, a k\u00f6nny\u0171 kezelhet\u0151s\u00e9get \u00e9s a [&hellip;]","og_url":"https:\/\/www.uhl-menu.com\/hu\/produkt\/slot-kartya-2-oldalas\/","og_site_name":"menu de Uhl","article_publisher":"https:\/\/www.facebook.com\/uhlspeisekarten","og_image":[{"width":1600,"height":1125,"url":"https:\/\/www.uhl-menu.com\/wp-content\/uploads\/slotkarte-speisekarten-mappe-mit-slot-system.png","type":"image\/png"}],"twitter_card":"summary_large_image","twitter_misc":{"Becs\u00fclt olvas\u00e1si id\u0151":"1 perc"},"schema":{"@context":"https:\/\/schema.org","@graph":[{"@type":"WebPage","@id":"https:\/\/www.uhl-menu.com\/hu\/produkt\/slot-kartya-2-oldalas\/","url":"https:\/\/www.uhl-menu.com\/hu\/produkt\/slot-kartya-2-oldalas\/","name":"Slot k\u00e1rtya 2 oldalas \u00bb Men\u00fc mappa r\u00e9srendszerrel - menu de Uhl","isPartOf":{"@id":"https:\/\/www.uhl-menu.com\/hu\/#website"},"primaryImageOfPage":{"@id":"https:\/\/www.uhl-menu.com\/hu\/produkt\/slot-kartya-2-oldalas\/#primaryimage"},"image":{"@id":"https:\/\/www.uhl-menu.com\/hu\/produkt\/slot-kartya-2-oldalas\/#primaryimage"},"thumbnailUrl":"https:\/\/www.uhl-menu.com\/wp-content\/uploads\/slotkarte-speisekarten-mappe-mit-slot-system.png","datePublished":"2021-11-25T12:12:59+00:00","breadcrumb":{"@id":"https:\/\/www.uhl-menu.com\/hu\/produkt\/slot-kartya-2-oldalas\/#breadcrumb"},"inLanguage":"hu","potentialAction":[{"@type":"ReadAction","target":["https:\/\/www.uhl-menu.com\/hu\/produkt\/slot-kartya-2-oldalas\/"]}]},{"@type":"ImageObject","inLanguage":"hu","@id":"https:\/\/www.uhl-menu.com\/hu\/produkt\/slot-kartya-2-oldalas\/#primaryimage","url":"https:\/\/www.uhl-menu.com\/wp-content\/uploads\/slotkarte-speisekarten-mappe-mit-slot-system.png","contentUrl":"https:\/\/www.uhl-menu.com\/wp-content\/uploads\/slotkarte-speisekarten-mappe-mit-slot-system.png","width":1600,"height":1125,"caption":"Praktische Speisekarte mit waagrechten Einschublaschen: Modell Slotkarte 2-seitig"},{"@type":"BreadcrumbList","@id":"https:\/\/www.uhl-menu.com\/hu\/produkt\/slot-kartya-2-oldalas\/#breadcrumb","itemListElement":[{"@type":"ListItem","position":1,"name":"Startseite","item":"https:\/\/www.uhl-menu.com\/hu\/"},{"@type":"ListItem","position":2,"name":"Bolt","item":"https:\/\/www.uhl-menu.com\/hu\/bolt\/"},{"@type":"ListItem","position":3,"name":"Slot k\u00e1rtya 2 oldalas"}]},{"@type":"WebSite","@id":"https:\/\/www.uhl-menu.com\/hu\/#website","url":"https:\/\/www.uhl-menu.com\/hu\/","name":"menu de Uhl","description":"e fabricant de menus UHL, fond\u00e9 en 1982, s&#039;est donn\u00e9 d\u00e8s ses d\u00e9buts pour mission de se sp\u00e9cialiser dans les menus et les cartes des vins.","publisher":{"@id":"https:\/\/www.uhl-menu.com\/hu\/#organization"},"potentialAction":[{"@type":"SearchAction","target":{"@type":"EntryPoint","urlTemplate":"https:\/\/www.uhl-menu.com\/hu\/?s={search_term_string}"},"query-input":{"@type":"PropertyValueSpecification","valueRequired":true,"valueName":"search_term_string"}}],"inLanguage":"hu"},{"@type":"Organization","@id":"https:\/\/www.uhl-menu.com\/hu\/#organization","name":"menu de Uhl","url":"https:\/\/www.uhl-menu.com\/hu\/","logo":{"@type":"ImageObject","inLanguage":"hu","@id":"https:\/\/www.uhl-menu.com\/hu\/#\/schema\/logo\/image\/","url":"https:\/\/www.uhl-menu.com\/wp-content\/uploads\/uhl-logo.png","contentUrl":"https:\/\/www.uhl-menu.com\/wp-content\/uploads\/uhl-logo.png","width":66,"height":41,"caption":"menu de Uhl"},"image":{"@id":"https:\/\/www.uhl-menu.com\/hu\/#\/schema\/logo\/image\/"},"sameAs":["https:\/\/www.facebook.com\/uhlspeisekarten","https:\/\/www.youtube.com\/channel\/UCz6fCHDC_EvIaFfibirEF8A\/videos"]}]}},"_links":{"self":[{"href":"https:\/\/www.uhl-menu.com\/hu\/wp-json\/wp\/v2\/product\/71640","targetHints":{"allow":["GET"]}}],"collection":[{"href":"https:\/\/www.uhl-menu.com\/hu\/wp-json\/wp\/v2\/product"}],"about":[{"href":"https:\/\/www.uhl-menu.com\/hu\/wp-json\/wp\/v2\/types\/product"}],"wp:featuredmedia":[{"embeddable":true,"href":"https:\/\/www.uhl-menu.com\/hu\/wp-json\/wp\/v2\/media\/72162"}],"wp:attachment":[{"href":"https:\/\/www.uhl-menu.com\/hu\/wp-json\/wp\/v2\/media?parent=71640"}],"wp:term":[{"taxonomy":"product_brand","embeddable":true,"href":"https:\/\/www.uhl-menu.com\/hu\/wp-json\/wp\/v2\/product_brand?post=71640"},{"taxonomy":"product_cat","embeddable":true,"href":"https:\/\/www.uhl-menu.com\/hu\/wp-json\/wp\/v2\/product_cat?post=71640"},{"taxonomy":"product_tag","embeddable":true,"href":"https:\/\/www.uhl-menu.com\/hu\/wp-json\/wp\/v2\/product_tag?post=71640"}],"curies":[{"name":"wp","href":"https:\/\/api.w.org\/{rel}","templated":true}]}}