{"id":74631,"date":"2021-11-25T14:19:15","date_gmt":"2021-11-25T13:19:15","guid":{"rendered":"https:\/\/www.uhl-menu.com\/produkt\/brace-kartya\/"},"modified":"2021-11-25T14:19:15","modified_gmt":"2021-11-25T13:19:15","slug":"brace-kartya","status":"publish","type":"product","link":"https:\/\/www.uhl-menu.com\/hu\/produkt\/brace-kartya\/","title":{"rendered":"Brace k\u00e1rtya"},"content":{"rendered":"<p>A v\u00e1laszthat\u00f3an arany vagy ez\u00fcst sz\u00edn\u0171, eleg\u00e1ns kapcsok lehet\u0151v\u00e9 teszik a lapok gyors \u00e9s egyszer\u0171 cser\u00e9j\u00e9t. \u00cdgy mindig rugalmasan alkalmazkodhat &#8211; az \u00e9vszakt\u00f3l, a h\u00e9tt\u0151l vagy a napi aj\u00e1nlatt\u00f3l f\u00fcgg\u0151en &#8211; m\u00e9g az egyes oldalak m\u00e9ret\u00e9t illet\u0151en is. <\/p>\n<p>A vonz\u00f3 kapcsos k\u00e1rtya a Leading v\u00e1ltozatban k\u00e9sz\u00fcl. Mint minden UHL min\u0151s\u00e9gi k\u00e1rtya, ennek a k\u00e1rty\u00e1nak a bor\u00edt\u00f3ja is v\u00edz- \u00e9s zs\u00edr\u00e1ll\u00f3, \u00e9s sz\u00e1mos form\u00e1tumban kaphat\u00f3. <\/p>\n","protected":false},"excerpt":{"rendered":"<p>A v\u00e1laszthat\u00f3an arany vagy ez\u00fcst sz\u00edn\u0171, eleg\u00e1ns kapcsok lehet\u0151v\u00e9 teszik a lapok gyors \u00e9s egyszer\u0171 cser\u00e9j\u00e9t. \u00cdgy mindig rugalmasan alkalmazkodhat &#8211; az \u00e9vszakt\u00f3l, a h\u00e9tt\u0151l vagy a napi aj\u00e1nlatt\u00f3l f\u00fcgg\u0151en &#8211; m\u00e9g az egyes oldalak m\u00e9ret\u00e9t illet\u0151en is. A vonz\u00f3 kapcsos k\u00e1rtya a Leading v\u00e1ltozatban k\u00e9sz\u00fcl. Mint minden UHL min\u0151s\u00e9gi k\u00e1rtya, ennek a k\u00e1rty\u00e1nak a [&hellip;]<\/p>\n","protected":false},"featured_media":74639,"template":"","meta":{"_acf_changed":false},"product_brand":[],"product_cat":[1514,1515,1511,1518,1509,1512,1520,1519,1516,1513,1501,1500],"product_tag":[],"class_list":{"0":"post-74631","1":"product","2":"type-product","3":"status-publish","4":"has-post-thumbnail","6":"product_cat-borutanzat","7":"product_cat-desszert-menuek","8":"product_cat-erzeketlen-a-zsirra","9":"product_cat-karton-doboz","10":"product_cat-kemenyfedeles","11":"product_cat-menuek","12":"product_cat-rugalmas","13":"product_cat-rugalmas-oldalszam","14":"product_cat-szintetizator-anyag","15":"product_cat-valodi-bor","16":"product_cat-vaszon","17":"product_cat-vizlepergeto","18":"pa_format-l-11x11x30-hu","19":"pa_format-m-11x11x21-hu","20":"pa_format-s-11x11x15-hu","21":"tm-has-options","23":"first","24":"instock","25":"taxable","26":"shipping-taxable","27":"purchasable","28":"product-type-variable"},"acf":[],"yoast_head":"<!-- This site is optimized with the Yoast SEO plugin v26.0 - https:\/\/yoast.com\/wordpress\/plugins\/seo\/ -->\n<title>Brace k\u00e1rtya \u00bb Men\u00fc mappa kapcsokkal - menu de Uhl<\/title>\n<meta name=\"robots\" content=\"index, follow, max-snippet:-1, max-image-preview:large, max-video-preview:-1\" \/>\n<link rel=\"canonical\" href=\"https:\/\/www.uhl-menu.com\/hu\/produkt\/brace-kartya\/\" \/>\n<meta property=\"og:locale\" content=\"hu_HU\" \/>\n<meta property=\"og:type\" content=\"article\" \/>\n<meta property=\"og:title\" content=\"Brace k\u00e1rtya \u00bb Men\u00fc mappa kapcsokkal - menu de Uhl\" \/>\n<meta property=\"og:description\" content=\"A v\u00e1laszthat\u00f3an arany vagy ez\u00fcst sz\u00edn\u0171, eleg\u00e1ns kapcsok lehet\u0151v\u00e9 teszik a lapok gyors \u00e9s egyszer\u0171 cser\u00e9j\u00e9t. \u00cdgy mindig rugalmasan alkalmazkodhat &#8211; az \u00e9vszakt\u00f3l, a h\u00e9tt\u0151l vagy a napi aj\u00e1nlatt\u00f3l f\u00fcgg\u0151en &#8211; m\u00e9g az egyes oldalak m\u00e9ret\u00e9t illet\u0151en is. A vonz\u00f3 kapcsos k\u00e1rtya a Leading v\u00e1ltozatban k\u00e9sz\u00fcl. Mint minden UHL min\u0151s\u00e9gi k\u00e1rtya, ennek a k\u00e1rty\u00e1nak a [&hellip;]\" \/>\n<meta property=\"og:url\" content=\"https:\/\/www.uhl-menu.com\/hu\/produkt\/brace-kartya\/\" \/>\n<meta property=\"og:site_name\" content=\"menu de Uhl\" \/>\n<meta property=\"article:publisher\" content=\"https:\/\/www.facebook.com\/uhlspeisekarten\" \/>\n<meta property=\"og:image\" content=\"https:\/\/www.uhl-menu.com\/wp-content\/uploads\/spangenkarte-speisekarten-mappe-mit-spangen.png\" \/>\n\t<meta property=\"og:image:width\" content=\"1600\" \/>\n\t<meta property=\"og:image:height\" content=\"1125\" \/>\n\t<meta property=\"og:image:type\" content=\"image\/png\" \/>\n<meta name=\"twitter:card\" content=\"summary_large_image\" \/>\n<script type=\"application\/ld+json\" class=\"yoast-schema-graph\">{\"@context\":\"https:\/\/schema.org\",\"@graph\":[{\"@type\":\"WebPage\",\"@id\":\"https:\/\/www.uhl-menu.com\/hu\/produkt\/brace-kartya\/\",\"url\":\"https:\/\/www.uhl-menu.com\/hu\/produkt\/brace-kartya\/\",\"name\":\"Brace k\u00e1rtya \u00bb Men\u00fc mappa kapcsokkal - menu de Uhl\",\"isPartOf\":{\"@id\":\"https:\/\/www.uhl-menu.com\/hu\/#website\"},\"primaryImageOfPage\":{\"@id\":\"https:\/\/www.uhl-menu.com\/hu\/produkt\/brace-kartya\/#primaryimage\"},\"image\":{\"@id\":\"https:\/\/www.uhl-menu.com\/hu\/produkt\/brace-kartya\/#primaryimage\"},\"thumbnailUrl\":\"https:\/\/www.uhl-menu.com\/wp-content\/uploads\/spangenkarte-speisekarten-mappe-mit-spangen.png\",\"datePublished\":\"2021-11-25T13:19:15+00:00\",\"breadcrumb\":{\"@id\":\"https:\/\/www.uhl-menu.com\/hu\/produkt\/brace-kartya\/#breadcrumb\"},\"inLanguage\":\"hu\",\"potentialAction\":[{\"@type\":\"ReadAction\",\"target\":[\"https:\/\/www.uhl-menu.com\/hu\/produkt\/brace-kartya\/\"]}]},{\"@type\":\"ImageObject\",\"inLanguage\":\"hu\",\"@id\":\"https:\/\/www.uhl-menu.com\/hu\/produkt\/brace-kartya\/#primaryimage\",\"url\":\"https:\/\/www.uhl-menu.com\/wp-content\/uploads\/spangenkarte-speisekarten-mappe-mit-spangen.png\",\"contentUrl\":\"https:\/\/www.uhl-menu.com\/wp-content\/uploads\/spangenkarte-speisekarten-mappe-mit-spangen.png\",\"width\":1600,\"height\":1125,\"caption\":\"Elegante Speise- und Barkarte mit Spangen: Modell Spangenkarte\"},{\"@type\":\"BreadcrumbList\",\"@id\":\"https:\/\/www.uhl-menu.com\/hu\/produkt\/brace-kartya\/#breadcrumb\",\"itemListElement\":[{\"@type\":\"ListItem\",\"position\":1,\"name\":\"Startseite\",\"item\":\"https:\/\/www.uhl-menu.com\/hu\/\"},{\"@type\":\"ListItem\",\"position\":2,\"name\":\"Bolt\",\"item\":\"https:\/\/www.uhl-menu.com\/hu\/bolt\/\"},{\"@type\":\"ListItem\",\"position\":3,\"name\":\"Brace k\u00e1rtya\"}]},{\"@type\":\"WebSite\",\"@id\":\"https:\/\/www.uhl-menu.com\/hu\/#website\",\"url\":\"https:\/\/www.uhl-menu.com\/hu\/\",\"name\":\"menu de Uhl\",\"description\":\"e fabricant de menus UHL, fond\u00e9 en 1982, s&#039;est donn\u00e9 d\u00e8s ses d\u00e9buts pour mission de se sp\u00e9cialiser dans les menus et les cartes des vins.\",\"publisher\":{\"@id\":\"https:\/\/www.uhl-menu.com\/hu\/#organization\"},\"potentialAction\":[{\"@type\":\"SearchAction\",\"target\":{\"@type\":\"EntryPoint\",\"urlTemplate\":\"https:\/\/www.uhl-menu.com\/hu\/?s={search_term_string}\"},\"query-input\":{\"@type\":\"PropertyValueSpecification\",\"valueRequired\":true,\"valueName\":\"search_term_string\"}}],\"inLanguage\":\"hu\"},{\"@type\":\"Organization\",\"@id\":\"https:\/\/www.uhl-menu.com\/hu\/#organization\",\"name\":\"menu de Uhl\",\"url\":\"https:\/\/www.uhl-menu.com\/hu\/\",\"logo\":{\"@type\":\"ImageObject\",\"inLanguage\":\"hu\",\"@id\":\"https:\/\/www.uhl-menu.com\/hu\/#\/schema\/logo\/image\/\",\"url\":\"https:\/\/www.uhl-menu.com\/wp-content\/uploads\/uhl-logo.png\",\"contentUrl\":\"https:\/\/www.uhl-menu.com\/wp-content\/uploads\/uhl-logo.png\",\"width\":66,\"height\":41,\"caption\":\"menu de Uhl\"},\"image\":{\"@id\":\"https:\/\/www.uhl-menu.com\/hu\/#\/schema\/logo\/image\/\"},\"sameAs\":[\"https:\/\/www.facebook.com\/uhlspeisekarten\",\"https:\/\/www.youtube.com\/channel\/UCz6fCHDC_EvIaFfibirEF8A\/videos\"]}]}<\/script>\n<!-- \/ Yoast SEO plugin. -->","yoast_head_json":{"title":"Brace k\u00e1rtya \u00bb Men\u00fc mappa kapcsokkal - menu de Uhl","robots":{"index":"index","follow":"follow","max-snippet":"max-snippet:-1","max-image-preview":"max-image-preview:large","max-video-preview":"max-video-preview:-1"},"canonical":"https:\/\/www.uhl-menu.com\/hu\/produkt\/brace-kartya\/","og_locale":"hu_HU","og_type":"article","og_title":"Brace k\u00e1rtya \u00bb Men\u00fc mappa kapcsokkal - menu de Uhl","og_description":"A v\u00e1laszthat\u00f3an arany vagy ez\u00fcst sz\u00edn\u0171, eleg\u00e1ns kapcsok lehet\u0151v\u00e9 teszik a lapok gyors \u00e9s egyszer\u0171 cser\u00e9j\u00e9t. \u00cdgy mindig rugalmasan alkalmazkodhat &#8211; az \u00e9vszakt\u00f3l, a h\u00e9tt\u0151l vagy a napi aj\u00e1nlatt\u00f3l f\u00fcgg\u0151en &#8211; m\u00e9g az egyes oldalak m\u00e9ret\u00e9t illet\u0151en is. A vonz\u00f3 kapcsos k\u00e1rtya a Leading v\u00e1ltozatban k\u00e9sz\u00fcl. Mint minden UHL min\u0151s\u00e9gi k\u00e1rtya, ennek a k\u00e1rty\u00e1nak a [&hellip;]","og_url":"https:\/\/www.uhl-menu.com\/hu\/produkt\/brace-kartya\/","og_site_name":"menu de Uhl","article_publisher":"https:\/\/www.facebook.com\/uhlspeisekarten","og_image":[{"width":1600,"height":1125,"url":"https:\/\/www.uhl-menu.com\/wp-content\/uploads\/spangenkarte-speisekarten-mappe-mit-spangen.png","type":"image\/png"}],"twitter_card":"summary_large_image","schema":{"@context":"https:\/\/schema.org","@graph":[{"@type":"WebPage","@id":"https:\/\/www.uhl-menu.com\/hu\/produkt\/brace-kartya\/","url":"https:\/\/www.uhl-menu.com\/hu\/produkt\/brace-kartya\/","name":"Brace k\u00e1rtya \u00bb Men\u00fc mappa kapcsokkal - menu de Uhl","isPartOf":{"@id":"https:\/\/www.uhl-menu.com\/hu\/#website"},"primaryImageOfPage":{"@id":"https:\/\/www.uhl-menu.com\/hu\/produkt\/brace-kartya\/#primaryimage"},"image":{"@id":"https:\/\/www.uhl-menu.com\/hu\/produkt\/brace-kartya\/#primaryimage"},"thumbnailUrl":"https:\/\/www.uhl-menu.com\/wp-content\/uploads\/spangenkarte-speisekarten-mappe-mit-spangen.png","datePublished":"2021-11-25T13:19:15+00:00","breadcrumb":{"@id":"https:\/\/www.uhl-menu.com\/hu\/produkt\/brace-kartya\/#breadcrumb"},"inLanguage":"hu","potentialAction":[{"@type":"ReadAction","target":["https:\/\/www.uhl-menu.com\/hu\/produkt\/brace-kartya\/"]}]},{"@type":"ImageObject","inLanguage":"hu","@id":"https:\/\/www.uhl-menu.com\/hu\/produkt\/brace-kartya\/#primaryimage","url":"https:\/\/www.uhl-menu.com\/wp-content\/uploads\/spangenkarte-speisekarten-mappe-mit-spangen.png","contentUrl":"https:\/\/www.uhl-menu.com\/wp-content\/uploads\/spangenkarte-speisekarten-mappe-mit-spangen.png","width":1600,"height":1125,"caption":"Elegante Speise- und Barkarte mit Spangen: Modell Spangenkarte"},{"@type":"BreadcrumbList","@id":"https:\/\/www.uhl-menu.com\/hu\/produkt\/brace-kartya\/#breadcrumb","itemListElement":[{"@type":"ListItem","position":1,"name":"Startseite","item":"https:\/\/www.uhl-menu.com\/hu\/"},{"@type":"ListItem","position":2,"name":"Bolt","item":"https:\/\/www.uhl-menu.com\/hu\/bolt\/"},{"@type":"ListItem","position":3,"name":"Brace k\u00e1rtya"}]},{"@type":"WebSite","@id":"https:\/\/www.uhl-menu.com\/hu\/#website","url":"https:\/\/www.uhl-menu.com\/hu\/","name":"menu de Uhl","description":"e fabricant de menus UHL, fond\u00e9 en 1982, s&#039;est donn\u00e9 d\u00e8s ses d\u00e9buts pour mission de se sp\u00e9cialiser dans les menus et les cartes des vins.","publisher":{"@id":"https:\/\/www.uhl-menu.com\/hu\/#organization"},"potentialAction":[{"@type":"SearchAction","target":{"@type":"EntryPoint","urlTemplate":"https:\/\/www.uhl-menu.com\/hu\/?s={search_term_string}"},"query-input":{"@type":"PropertyValueSpecification","valueRequired":true,"valueName":"search_term_string"}}],"inLanguage":"hu"},{"@type":"Organization","@id":"https:\/\/www.uhl-menu.com\/hu\/#organization","name":"menu de Uhl","url":"https:\/\/www.uhl-menu.com\/hu\/","logo":{"@type":"ImageObject","inLanguage":"hu","@id":"https:\/\/www.uhl-menu.com\/hu\/#\/schema\/logo\/image\/","url":"https:\/\/www.uhl-menu.com\/wp-content\/uploads\/uhl-logo.png","contentUrl":"https:\/\/www.uhl-menu.com\/wp-content\/uploads\/uhl-logo.png","width":66,"height":41,"caption":"menu de Uhl"},"image":{"@id":"https:\/\/www.uhl-menu.com\/hu\/#\/schema\/logo\/image\/"},"sameAs":["https:\/\/www.facebook.com\/uhlspeisekarten","https:\/\/www.youtube.com\/channel\/UCz6fCHDC_EvIaFfibirEF8A\/videos"]}]}},"_links":{"self":[{"href":"https:\/\/www.uhl-menu.com\/hu\/wp-json\/wp\/v2\/product\/74631","targetHints":{"allow":["GET"]}}],"collection":[{"href":"https:\/\/www.uhl-menu.com\/hu\/wp-json\/wp\/v2\/product"}],"about":[{"href":"https:\/\/www.uhl-menu.com\/hu\/wp-json\/wp\/v2\/types\/product"}],"wp:featuredmedia":[{"embeddable":true,"href":"https:\/\/www.uhl-menu.com\/hu\/wp-json\/wp\/v2\/media\/74639"}],"wp:attachment":[{"href":"https:\/\/www.uhl-menu.com\/hu\/wp-json\/wp\/v2\/media?parent=74631"}],"wp:term":[{"taxonomy":"product_brand","embeddable":true,"href":"https:\/\/www.uhl-menu.com\/hu\/wp-json\/wp\/v2\/product_brand?post=74631"},{"taxonomy":"product_cat","embeddable":true,"href":"https:\/\/www.uhl-menu.com\/hu\/wp-json\/wp\/v2\/product_cat?post=74631"},{"taxonomy":"product_tag","embeddable":true,"href":"https:\/\/www.uhl-menu.com\/hu\/wp-json\/wp\/v2\/product_tag?post=74631"}],"curies":[{"name":"wp","href":"https:\/\/api.w.org\/{rel}","templated":true}]}}