{"id":75917,"date":"2021-11-25T13:20:33","date_gmt":"2021-11-25T12:20:33","guid":{"rendered":"https:\/\/www.uhl-menu.com\/produkt\/starline\/"},"modified":"2021-11-25T13:20:33","modified_gmt":"2021-11-25T12:20:33","slug":"starline","status":"publish","type":"product","link":"https:\/\/www.uhl-menu.com\/hu\/produkt\/starline\/","title":{"rendered":"Starline"},"content":{"rendered":"<p>A Starline men\u00fcmappa t\u00f6k\u00e9letes k\u00fclt\u00e9ri ter\u00fcletekhez, p\u00e9ld\u00e1ul s\u00f6rkertekhez, mivel a men\u00fc teljes eg\u00e9sz\u00e9ben kiv\u00e1l\u00f3 min\u0151s\u00e9g\u0171, v\u00edzleperget\u0151 anyagokb\u00f3l k\u00e9sz\u00fcl, \u00e9s a men\u00fc lapjait er\u0151s m\u0171anyag f\u00f3lia v\u00e9di. A kieg\u00e9sz\u00edt\u0151 m\u00e1gneses cs\u00edkok megk\u00f6nny\u00edtik a mindennapi vend\u00e9gl\u00e1t\u00f3ipari munk\u00e1t, \u00edgy k\u00fcl\u00f6n felh\u00edvhatja a figyelmet a napi \/ men\u00fcaj\u00e1nlatokra, \u00e9s gyorsan kicser\u00e9lheti azokat. <\/p>\n<p>A bor\u00edt\u00e9k mindk\u00e9t bels\u0151 oldal\u00e1n van egy-egy behelyez\u00e9si rekesz a f\u00f3liabet\u00e9tes elem sz\u00e1m\u00e1ra, amelyet betolnak. Ezek a bet\u00e9telemek, amelyeket az \u00d6n ig\u00e9nyei szerint alak\u00edtunk ki, term\u00e9szetesen b\u00e1rmikor \u00fajra megrendelhet\u0151k. A meger\u0151s\u00edtett gerinc, a massz\u00edv bor\u00edt\u00f3 \u00e9s a szennyez\u0151d\u00e9s- \u00e9s v\u00edztasz\u00edt\u00f3 fel\u00fcletek kiv\u00e9teles tart\u00f3ss\u00e1got biztos\u00edtanak, m\u00e9g a szabadban is.  <\/p>\n<p>A k\u00edv\u00fcl \u00e9s bel\u00fcl varrott d\u00edszvarr\u00e1sok vonz\u00f3 hangs\u00falyt adnak &#8211; a sz\u00ednt \u00d6n v\u00e1lasztja!<\/p>\n","protected":false},"excerpt":{"rendered":"<p>A Starline men\u00fcmappa t\u00f6k\u00e9letes k\u00fclt\u00e9ri ter\u00fcletekhez, p\u00e9ld\u00e1ul s\u00f6rkertekhez, mivel a men\u00fc teljes eg\u00e9sz\u00e9ben kiv\u00e1l\u00f3 min\u0151s\u00e9g\u0171, v\u00edzleperget\u0151 anyagokb\u00f3l k\u00e9sz\u00fcl, \u00e9s a men\u00fc lapjait er\u0151s m\u0171anyag f\u00f3lia v\u00e9di. A kieg\u00e9sz\u00edt\u0151 m\u00e1gneses cs\u00edkok megk\u00f6nny\u00edtik a mindennapi vend\u00e9gl\u00e1t\u00f3ipari munk\u00e1t, \u00edgy k\u00fcl\u00f6n felh\u00edvhatja a figyelmet a napi \/ men\u00fcaj\u00e1nlatokra, \u00e9s gyorsan kicser\u00e9lheti azokat. A bor\u00edt\u00e9k mindk\u00e9t bels\u0151 oldal\u00e1n van egy-egy [&hellip;]<\/p>\n","protected":false},"featured_media":75926,"template":"","meta":{"_acf_changed":false},"product_brand":[],"product_cat":[1498,1514,1511,1509,1586,1520,1516,1583,1513,1501,1500],"product_tag":[],"class_list":{"0":"post-75917","1":"product","2":"type-product","3":"status-publish","4":"has-post-thumbnail","6":"product_cat-borkinalat","7":"product_cat-borutanzat","8":"product_cat-erzeketlen-a-zsirra","9":"product_cat-kemenyfedeles","10":"product_cat-kuelteri","11":"product_cat-rugalmas","12":"product_cat-szintetizator-anyag","13":"product_cat-toebboldalas","14":"product_cat-valodi-bor","15":"product_cat-vaszon","16":"product_cat-vizlepergeto","17":"pa_format-l-11x11x30-hu","18":"pa_format-m-11x11x21-hu","19":"pa_format-s-11x11x15-hu","20":"tm-has-options","22":"first","23":"instock","24":"taxable","25":"shipping-taxable","26":"purchasable","27":"product-type-variable"},"acf":[],"yoast_head":"<!-- This site is optimized with the Yoast SEO plugin v26.0 - https:\/\/yoast.com\/wordpress\/plugins\/seo\/ -->\n<title>Starline \u00bb Men\u00fc mappa k\u00fclt\u00e9ri haszn\u00e1latra - menu de Uhl<\/title>\n<meta name=\"robots\" content=\"index, follow, max-snippet:-1, max-image-preview:large, max-video-preview:-1\" \/>\n<link rel=\"canonical\" href=\"https:\/\/www.uhl-menu.com\/hu\/produkt\/starline\/\" \/>\n<meta property=\"og:locale\" content=\"hu_HU\" \/>\n<meta property=\"og:type\" content=\"article\" \/>\n<meta property=\"og:title\" content=\"Starline \u00bb Men\u00fc mappa k\u00fclt\u00e9ri haszn\u00e1latra - menu de Uhl\" \/>\n<meta property=\"og:description\" content=\"A Starline men\u00fcmappa t\u00f6k\u00e9letes k\u00fclt\u00e9ri ter\u00fcletekhez, p\u00e9ld\u00e1ul s\u00f6rkertekhez, mivel a men\u00fc teljes eg\u00e9sz\u00e9ben kiv\u00e1l\u00f3 min\u0151s\u00e9g\u0171, v\u00edzleperget\u0151 anyagokb\u00f3l k\u00e9sz\u00fcl, \u00e9s a men\u00fc lapjait er\u0151s m\u0171anyag f\u00f3lia v\u00e9di. A kieg\u00e9sz\u00edt\u0151 m\u00e1gneses cs\u00edkok megk\u00f6nny\u00edtik a mindennapi vend\u00e9gl\u00e1t\u00f3ipari munk\u00e1t, \u00edgy k\u00fcl\u00f6n felh\u00edvhatja a figyelmet a napi \/ men\u00fcaj\u00e1nlatokra, \u00e9s gyorsan kicser\u00e9lheti azokat. A bor\u00edt\u00e9k mindk\u00e9t bels\u0151 oldal\u00e1n van egy-egy [&hellip;]\" \/>\n<meta property=\"og:url\" content=\"https:\/\/www.uhl-menu.com\/hu\/produkt\/starline\/\" \/>\n<meta property=\"og:site_name\" content=\"menu de Uhl\" \/>\n<meta property=\"article:publisher\" content=\"https:\/\/www.facebook.com\/uhlspeisekarten\" \/>\n<meta property=\"og:image\" content=\"https:\/\/www.uhl-menu.com\/wp-content\/uploads\/starline-speisekarten-mappe-fuer-den-aussenbereich-1.png\" \/>\n\t<meta property=\"og:image:width\" content=\"1600\" \/>\n\t<meta property=\"og:image:height\" content=\"1125\" \/>\n\t<meta property=\"og:image:type\" content=\"image\/png\" \/>\n<meta name=\"twitter:card\" content=\"summary_large_image\" \/>\n<meta name=\"twitter:label1\" content=\"Becs\u00fclt olvas\u00e1si id\u0151\" \/>\n\t<meta name=\"twitter:data1\" content=\"1 perc\" \/>\n<script type=\"application\/ld+json\" class=\"yoast-schema-graph\">{\"@context\":\"https:\/\/schema.org\",\"@graph\":[{\"@type\":\"WebPage\",\"@id\":\"https:\/\/www.uhl-menu.com\/hu\/produkt\/starline\/\",\"url\":\"https:\/\/www.uhl-menu.com\/hu\/produkt\/starline\/\",\"name\":\"Starline \u00bb Men\u00fc mappa k\u00fclt\u00e9ri haszn\u00e1latra - menu de Uhl\",\"isPartOf\":{\"@id\":\"https:\/\/www.uhl-menu.com\/hu\/#website\"},\"primaryImageOfPage\":{\"@id\":\"https:\/\/www.uhl-menu.com\/hu\/produkt\/starline\/#primaryimage\"},\"image\":{\"@id\":\"https:\/\/www.uhl-menu.com\/hu\/produkt\/starline\/#primaryimage\"},\"thumbnailUrl\":\"https:\/\/www.uhl-menu.com\/wp-content\/uploads\/starline-speisekarten-mappe-fuer-den-aussenbereich-1.png\",\"datePublished\":\"2021-11-25T12:20:33+00:00\",\"breadcrumb\":{\"@id\":\"https:\/\/www.uhl-menu.com\/hu\/produkt\/starline\/#breadcrumb\"},\"inLanguage\":\"hu\",\"potentialAction\":[{\"@type\":\"ReadAction\",\"target\":[\"https:\/\/www.uhl-menu.com\/hu\/produkt\/starline\/\"]}]},{\"@type\":\"ImageObject\",\"inLanguage\":\"hu\",\"@id\":\"https:\/\/www.uhl-menu.com\/hu\/produkt\/starline\/#primaryimage\",\"url\":\"https:\/\/www.uhl-menu.com\/wp-content\/uploads\/starline-speisekarten-mappe-fuer-den-aussenbereich-1.png\",\"contentUrl\":\"https:\/\/www.uhl-menu.com\/wp-content\/uploads\/starline-speisekarten-mappe-fuer-den-aussenbereich-1.png\",\"width\":1600,\"height\":1125},{\"@type\":\"BreadcrumbList\",\"@id\":\"https:\/\/www.uhl-menu.com\/hu\/produkt\/starline\/#breadcrumb\",\"itemListElement\":[{\"@type\":\"ListItem\",\"position\":1,\"name\":\"Startseite\",\"item\":\"https:\/\/www.uhl-menu.com\/hu\/\"},{\"@type\":\"ListItem\",\"position\":2,\"name\":\"Bolt\",\"item\":\"https:\/\/www.uhl-menu.com\/hu\/bolt\/\"},{\"@type\":\"ListItem\",\"position\":3,\"name\":\"Starline\"}]},{\"@type\":\"WebSite\",\"@id\":\"https:\/\/www.uhl-menu.com\/hu\/#website\",\"url\":\"https:\/\/www.uhl-menu.com\/hu\/\",\"name\":\"menu de Uhl\",\"description\":\"e fabricant de menus UHL, fond\u00e9 en 1982, s&#039;est donn\u00e9 d\u00e8s ses d\u00e9buts pour mission de se sp\u00e9cialiser dans les menus et les cartes des vins.\",\"publisher\":{\"@id\":\"https:\/\/www.uhl-menu.com\/hu\/#organization\"},\"potentialAction\":[{\"@type\":\"SearchAction\",\"target\":{\"@type\":\"EntryPoint\",\"urlTemplate\":\"https:\/\/www.uhl-menu.com\/hu\/?s={search_term_string}\"},\"query-input\":{\"@type\":\"PropertyValueSpecification\",\"valueRequired\":true,\"valueName\":\"search_term_string\"}}],\"inLanguage\":\"hu\"},{\"@type\":\"Organization\",\"@id\":\"https:\/\/www.uhl-menu.com\/hu\/#organization\",\"name\":\"menu de Uhl\",\"url\":\"https:\/\/www.uhl-menu.com\/hu\/\",\"logo\":{\"@type\":\"ImageObject\",\"inLanguage\":\"hu\",\"@id\":\"https:\/\/www.uhl-menu.com\/hu\/#\/schema\/logo\/image\/\",\"url\":\"https:\/\/www.uhl-menu.com\/wp-content\/uploads\/uhl-logo.png\",\"contentUrl\":\"https:\/\/www.uhl-menu.com\/wp-content\/uploads\/uhl-logo.png\",\"width\":66,\"height\":41,\"caption\":\"menu de Uhl\"},\"image\":{\"@id\":\"https:\/\/www.uhl-menu.com\/hu\/#\/schema\/logo\/image\/\"},\"sameAs\":[\"https:\/\/www.facebook.com\/uhlspeisekarten\",\"https:\/\/www.youtube.com\/channel\/UCz6fCHDC_EvIaFfibirEF8A\/videos\"]}]}<\/script>\n<!-- \/ Yoast SEO plugin. -->","yoast_head_json":{"title":"Starline \u00bb Men\u00fc mappa k\u00fclt\u00e9ri haszn\u00e1latra - menu de Uhl","robots":{"index":"index","follow":"follow","max-snippet":"max-snippet:-1","max-image-preview":"max-image-preview:large","max-video-preview":"max-video-preview:-1"},"canonical":"https:\/\/www.uhl-menu.com\/hu\/produkt\/starline\/","og_locale":"hu_HU","og_type":"article","og_title":"Starline \u00bb Men\u00fc mappa k\u00fclt\u00e9ri haszn\u00e1latra - menu de Uhl","og_description":"A Starline men\u00fcmappa t\u00f6k\u00e9letes k\u00fclt\u00e9ri ter\u00fcletekhez, p\u00e9ld\u00e1ul s\u00f6rkertekhez, mivel a men\u00fc teljes eg\u00e9sz\u00e9ben kiv\u00e1l\u00f3 min\u0151s\u00e9g\u0171, v\u00edzleperget\u0151 anyagokb\u00f3l k\u00e9sz\u00fcl, \u00e9s a men\u00fc lapjait er\u0151s m\u0171anyag f\u00f3lia v\u00e9di. A kieg\u00e9sz\u00edt\u0151 m\u00e1gneses cs\u00edkok megk\u00f6nny\u00edtik a mindennapi vend\u00e9gl\u00e1t\u00f3ipari munk\u00e1t, \u00edgy k\u00fcl\u00f6n felh\u00edvhatja a figyelmet a napi \/ men\u00fcaj\u00e1nlatokra, \u00e9s gyorsan kicser\u00e9lheti azokat. A bor\u00edt\u00e9k mindk\u00e9t bels\u0151 oldal\u00e1n van egy-egy [&hellip;]","og_url":"https:\/\/www.uhl-menu.com\/hu\/produkt\/starline\/","og_site_name":"menu de Uhl","article_publisher":"https:\/\/www.facebook.com\/uhlspeisekarten","og_image":[{"width":1600,"height":1125,"url":"https:\/\/www.uhl-menu.com\/wp-content\/uploads\/starline-speisekarten-mappe-fuer-den-aussenbereich-1.png","type":"image\/png"}],"twitter_card":"summary_large_image","twitter_misc":{"Becs\u00fclt olvas\u00e1si id\u0151":"1 perc"},"schema":{"@context":"https:\/\/schema.org","@graph":[{"@type":"WebPage","@id":"https:\/\/www.uhl-menu.com\/hu\/produkt\/starline\/","url":"https:\/\/www.uhl-menu.com\/hu\/produkt\/starline\/","name":"Starline \u00bb Men\u00fc mappa k\u00fclt\u00e9ri haszn\u00e1latra - menu de Uhl","isPartOf":{"@id":"https:\/\/www.uhl-menu.com\/hu\/#website"},"primaryImageOfPage":{"@id":"https:\/\/www.uhl-menu.com\/hu\/produkt\/starline\/#primaryimage"},"image":{"@id":"https:\/\/www.uhl-menu.com\/hu\/produkt\/starline\/#primaryimage"},"thumbnailUrl":"https:\/\/www.uhl-menu.com\/wp-content\/uploads\/starline-speisekarten-mappe-fuer-den-aussenbereich-1.png","datePublished":"2021-11-25T12:20:33+00:00","breadcrumb":{"@id":"https:\/\/www.uhl-menu.com\/hu\/produkt\/starline\/#breadcrumb"},"inLanguage":"hu","potentialAction":[{"@type":"ReadAction","target":["https:\/\/www.uhl-menu.com\/hu\/produkt\/starline\/"]}]},{"@type":"ImageObject","inLanguage":"hu","@id":"https:\/\/www.uhl-menu.com\/hu\/produkt\/starline\/#primaryimage","url":"https:\/\/www.uhl-menu.com\/wp-content\/uploads\/starline-speisekarten-mappe-fuer-den-aussenbereich-1.png","contentUrl":"https:\/\/www.uhl-menu.com\/wp-content\/uploads\/starline-speisekarten-mappe-fuer-den-aussenbereich-1.png","width":1600,"height":1125},{"@type":"BreadcrumbList","@id":"https:\/\/www.uhl-menu.com\/hu\/produkt\/starline\/#breadcrumb","itemListElement":[{"@type":"ListItem","position":1,"name":"Startseite","item":"https:\/\/www.uhl-menu.com\/hu\/"},{"@type":"ListItem","position":2,"name":"Bolt","item":"https:\/\/www.uhl-menu.com\/hu\/bolt\/"},{"@type":"ListItem","position":3,"name":"Starline"}]},{"@type":"WebSite","@id":"https:\/\/www.uhl-menu.com\/hu\/#website","url":"https:\/\/www.uhl-menu.com\/hu\/","name":"menu de Uhl","description":"e fabricant de menus UHL, fond\u00e9 en 1982, s&#039;est donn\u00e9 d\u00e8s ses d\u00e9buts pour mission de se sp\u00e9cialiser dans les menus et les cartes des vins.","publisher":{"@id":"https:\/\/www.uhl-menu.com\/hu\/#organization"},"potentialAction":[{"@type":"SearchAction","target":{"@type":"EntryPoint","urlTemplate":"https:\/\/www.uhl-menu.com\/hu\/?s={search_term_string}"},"query-input":{"@type":"PropertyValueSpecification","valueRequired":true,"valueName":"search_term_string"}}],"inLanguage":"hu"},{"@type":"Organization","@id":"https:\/\/www.uhl-menu.com\/hu\/#organization","name":"menu de Uhl","url":"https:\/\/www.uhl-menu.com\/hu\/","logo":{"@type":"ImageObject","inLanguage":"hu","@id":"https:\/\/www.uhl-menu.com\/hu\/#\/schema\/logo\/image\/","url":"https:\/\/www.uhl-menu.com\/wp-content\/uploads\/uhl-logo.png","contentUrl":"https:\/\/www.uhl-menu.com\/wp-content\/uploads\/uhl-logo.png","width":66,"height":41,"caption":"menu de Uhl"},"image":{"@id":"https:\/\/www.uhl-menu.com\/hu\/#\/schema\/logo\/image\/"},"sameAs":["https:\/\/www.facebook.com\/uhlspeisekarten","https:\/\/www.youtube.com\/channel\/UCz6fCHDC_EvIaFfibirEF8A\/videos"]}]}},"_links":{"self":[{"href":"https:\/\/www.uhl-menu.com\/hu\/wp-json\/wp\/v2\/product\/75917","targetHints":{"allow":["GET"]}}],"collection":[{"href":"https:\/\/www.uhl-menu.com\/hu\/wp-json\/wp\/v2\/product"}],"about":[{"href":"https:\/\/www.uhl-menu.com\/hu\/wp-json\/wp\/v2\/types\/product"}],"wp:featuredmedia":[{"embeddable":true,"href":"https:\/\/www.uhl-menu.com\/hu\/wp-json\/wp\/v2\/media\/75926"}],"wp:attachment":[{"href":"https:\/\/www.uhl-menu.com\/hu\/wp-json\/wp\/v2\/media?parent=75917"}],"wp:term":[{"taxonomy":"product_brand","embeddable":true,"href":"https:\/\/www.uhl-menu.com\/hu\/wp-json\/wp\/v2\/product_brand?post=75917"},{"taxonomy":"product_cat","embeddable":true,"href":"https:\/\/www.uhl-menu.com\/hu\/wp-json\/wp\/v2\/product_cat?post=75917"},{"taxonomy":"product_tag","embeddable":true,"href":"https:\/\/www.uhl-menu.com\/hu\/wp-json\/wp\/v2\/product_tag?post=75917"}],"curies":[{"name":"wp","href":"https:\/\/api.w.org\/{rel}","templated":true}]}}